{"id":5584,"date":"2021-03-11T16:28:00","date_gmt":"2021-03-11T15:28:00","guid":{"rendered":"https:\/\/www.promostar.it\/prodotto\/banc-de-maintenance-pour-cassettes-de-laminage-a-froid\/"},"modified":"2023-04-18T10:25:28","modified_gmt":"2023-04-18T08:25:28","slug":"banc-de-maintenance-pour-cassettes-de-laminage-a-froid","status":"publish","type":"product","link":"https:\/\/www.promostar.it\/fr\/prodotto\/banc-de-maintenance-pour-cassettes-de-laminage-a-froid\/","title":{"rendered":"Banc de maintenance pour cassettes de laminage \u00e0 froid"},"content":{"rendered":"<p>[et_pb_section fb_built=\u00a0\u00bb1&Prime; _builder_version=\u00a0\u00bb4.17.0&Prime; _module_preset=\u00a0\u00bbdefault\u00a0\u00bb global_colors_info=\u00a0\u00bb{}\u00a0\u00bb][\/et_pb_section]<\/p>\n","protected":false},"excerpt":{"rendered":"<p>Le <strong>banc de maintenance pour cassettes de laminage \u00e0 froid<\/strong> est con\u00e7u pour la maintenance et la mise en place des cassettes de laminage \u00e0 froid.<\/p>\n<p>Le <strong>banc de maintenance pour cassettes de laminage \u00e0 froid<\/strong> est utilis\u00e9 pour des interventions sur les cassettes de laminage \u00e0 froid telles que la maintenance, le montage ou le d\u00e9montage, le changement de rouleaux, la mise en place et l&rsquo;alignement des rouleaux \u00e0 l&rsquo;aide du dispositif de nivellement optique.<\/p>\n<p><strong>Le banc de maintenance pour cassettes de laminage \u00e0 froid<\/strong> est con\u00e7u et fabriqu\u00e9 par Promostar en collaboration avec ses partenaires en utilisant les derni\u00e8res technologies et les meilleures marques disponibles sur le march\u00e9.<\/p>\n","protected":false},"featured_media":3636,"template":"","meta":{"_et_pb_use_builder":"on","_et_pb_old_content":"Le <strong>banc de maintenance pour cassettes de laminage \u00e0 froid<\/strong> est con\u00e7u pour la maintenance et la mise en place des cassettes de laminage \u00e0 froid.\n\nLe <strong>banc de maintenance pour cassettes de laminage \u00e0 froid<\/strong> est utilis\u00e9 pour des interventions sur les cassettes de laminage \u00e0 froid telles que la maintenance, le montage ou le d\u00e9montage, le changement de rouleaux, la mise en place et l'alignement des rouleaux \u00e0 l'aide du dispositif de nivellement optique.\n\n<strong>Le banc de maintenance pour cassettes de laminage \u00e0 froid<\/strong> est con\u00e7u et fabriqu\u00e9 par Promostar en collaboration avec ses partenaires en utilisant les derni\u00e8res technologies et les meilleures marques disponibles sur le march\u00e9.","_et_gb_content_width":""},"product_cat":[158],"product_tag":[99,106,111,118,122,125,135],"yoast_head":"<!-- This site is optimized with the Yoast SEO plugin v20.5 - https:\/\/yoast.com\/wordpress\/plugins\/seo\/ -->\n<title>Banc de maintenance pour cassettes de laminage \u00e0 froid | Promostar<\/title>\n<meta name=\"description\" content=\"Le banc de maintenance pour cassettes de laminage \u00e0 froid est utilis\u00e9 pour des interventions sur les cassettes de laminage \u00e0 froid telles que la maintenance, le montage ou le d\u00e9montage, le changement de rouleaux, la mise en place et l&#039;alignement des rouleaux \u00e0 l&#039;aide du dispositif de nivellement optique.\" \/>\n<meta name=\"robots\" content=\"index, follow, max-snippet:-1, max-image-preview:large, max-video-preview:-1\" \/>\n<link rel=\"canonical\" href=\"https:\/\/www.promostar.it\/fr\/prodotto\/banc-de-maintenance-pour-cassettes-de-laminage-a-froid\/\" \/>\n<meta property=\"og:locale\" content=\"fr_FR\" \/>\n<meta property=\"og:type\" content=\"article\" \/>\n<meta property=\"og:title\" content=\"Banc de maintenance pour cassettes de laminage \u00e0 froid | Promostar\" \/>\n<meta property=\"og:description\" content=\"Le banc de maintenance pour cassettes de laminage \u00e0 froid est utilis\u00e9 pour des interventions sur les cassettes de laminage \u00e0 froid telles que la maintenance, le montage ou le d\u00e9montage, le changement de rouleaux, la mise en place et l&#039;alignement des rouleaux \u00e0 l&#039;aide du dispositif de nivellement optique.\" \/>\n<meta property=\"og:url\" content=\"https:\/\/www.promostar.it\/fr\/prodotto\/banc-de-maintenance-pour-cassettes-de-laminage-a-froid\/\" \/>\n<meta property=\"og:site_name\" content=\"PromoStar S.r.l.\" \/>\n<meta property=\"article:modified_time\" content=\"2023-04-18T08:25:28+00:00\" \/>\n<meta property=\"og:image\" content=\"https:\/\/www.promostar.it\/wp-content\/uploads\/2021\/03\/837_per-manuale.jpg\" \/>\n\t<meta property=\"og:image:width\" content=\"1200\" \/>\n\t<meta property=\"og:image:height\" content=\"1200\" \/>\n\t<meta property=\"og:image:type\" content=\"image\/jpeg\" \/>\n<meta name=\"twitter:card\" content=\"summary_large_image\" \/>\n<script type=\"application\/ld+json\" class=\"yoast-schema-graph\">{\"@context\":\"https:\/\/schema.org\",\"@graph\":[{\"@type\":\"WebPage\",\"@id\":\"https:\/\/www.promostar.it\/fr\/prodotto\/banc-de-maintenance-pour-cassettes-de-laminage-a-froid\/\",\"url\":\"https:\/\/www.promostar.it\/fr\/prodotto\/banc-de-maintenance-pour-cassettes-de-laminage-a-froid\/\",\"name\":\"Banc de maintenance pour cassettes de laminage \u00e0 froid | Promostar\",\"isPartOf\":{\"@id\":\"https:\/\/www.promostar.it\/fr\/#website\"},\"datePublished\":\"2021-03-11T15:28:00+00:00\",\"dateModified\":\"2023-04-18T08:25:28+00:00\",\"description\":\"Le banc de maintenance pour cassettes de laminage \u00e0 froid est utilis\u00e9 pour des interventions sur les cassettes de laminage \u00e0 froid telles que la maintenance, le montage ou le d\u00e9montage, le changement de rouleaux, la mise en place et l'alignement des rouleaux \u00e0 l'aide du dispositif de nivellement optique.\",\"breadcrumb\":{\"@id\":\"https:\/\/www.promostar.it\/fr\/prodotto\/banc-de-maintenance-pour-cassettes-de-laminage-a-froid\/#breadcrumb\"},\"inLanguage\":\"fr-FR\",\"potentialAction\":[{\"@type\":\"ReadAction\",\"target\":[\"https:\/\/www.promostar.it\/fr\/prodotto\/banc-de-maintenance-pour-cassettes-de-laminage-a-froid\/\"]}]},{\"@type\":\"BreadcrumbList\",\"@id\":\"https:\/\/www.promostar.it\/fr\/prodotto\/banc-de-maintenance-pour-cassettes-de-laminage-a-froid\/#breadcrumb\",\"itemListElement\":[{\"@type\":\"ListItem\",\"position\":1,\"name\":\"Home\",\"item\":\"https:\/\/www.promostar.it\/fr\/\"},{\"@type\":\"ListItem\",\"position\":2,\"name\":\"Produits\",\"item\":\"https:\/\/www.promostar.it\/fr\/shop\/\"},{\"@type\":\"ListItem\",\"position\":3,\"name\":\"Banc de maintenance pour cassettes de laminage \u00e0 froid\"}]},{\"@type\":\"WebSite\",\"@id\":\"https:\/\/www.promostar.it\/fr\/#website\",\"url\":\"https:\/\/www.promostar.it\/fr\/\",\"name\":\"PromoStar S.r.l.\",\"description\":\"Promostar \u00e8 l\u2019azienda leader e la prima ad introdurre il processo di stiratura\",\"publisher\":{\"@id\":\"https:\/\/www.promostar.it\/fr\/#organization\"},\"potentialAction\":[{\"@type\":\"SearchAction\",\"target\":{\"@type\":\"EntryPoint\",\"urlTemplate\":\"https:\/\/www.promostar.it\/fr\/?s={search_term_string}\"},\"query-input\":\"required name=search_term_string\"}],\"inLanguage\":\"fr-FR\"},{\"@type\":\"Organization\",\"@id\":\"https:\/\/www.promostar.it\/fr\/#organization\",\"name\":\"Promostar\",\"url\":\"https:\/\/www.promostar.it\/fr\/\",\"logo\":{\"@type\":\"ImageObject\",\"inLanguage\":\"fr-FR\",\"@id\":\"https:\/\/www.promostar.it\/fr\/#\/schema\/logo\/image\/\",\"url\":\"https:\/\/www.promostar.it\/wp-content\/uploads\/2020\/10\/promostar-logo.png\",\"contentUrl\":\"https:\/\/www.promostar.it\/wp-content\/uploads\/2020\/10\/promostar-logo.png\",\"width\":210,\"height\":69,\"caption\":\"Promostar\"},\"image\":{\"@id\":\"https:\/\/www.promostar.it\/fr\/#\/schema\/logo\/image\/\"}}]}<\/script>\n<!-- \/ Yoast SEO plugin. -->","yoast_head_json":{"title":"Banc de maintenance pour cassettes de laminage \u00e0 froid | Promostar","description":"Le banc de maintenance pour cassettes de laminage \u00e0 froid est utilis\u00e9 pour des interventions sur les cassettes de laminage \u00e0 froid telles que la maintenance, le montage ou le d\u00e9montage, le changement de rouleaux, la mise en place et l'alignement des rouleaux \u00e0 l'aide du dispositif de nivellement optique.","robots":{"index":"index","follow":"follow","max-snippet":"max-snippet:-1","max-image-preview":"max-image-preview:large","max-video-preview":"max-video-preview:-1"},"canonical":"https:\/\/www.promostar.it\/fr\/prodotto\/banc-de-maintenance-pour-cassettes-de-laminage-a-froid\/","og_locale":"fr_FR","og_type":"article","og_title":"Banc de maintenance pour cassettes de laminage \u00e0 froid | Promostar","og_description":"Le banc de maintenance pour cassettes de laminage \u00e0 froid est utilis\u00e9 pour des interventions sur les cassettes de laminage \u00e0 froid telles que la maintenance, le montage ou le d\u00e9montage, le changement de rouleaux, la mise en place et l'alignement des rouleaux \u00e0 l'aide du dispositif de nivellement optique.","og_url":"https:\/\/www.promostar.it\/fr\/prodotto\/banc-de-maintenance-pour-cassettes-de-laminage-a-froid\/","og_site_name":"PromoStar S.r.l.","article_modified_time":"2023-04-18T08:25:28+00:00","og_image":[{"width":1200,"height":1200,"url":"https:\/\/www.promostar.it\/wp-content\/uploads\/2021\/03\/837_per-manuale.jpg","type":"image\/jpeg"}],"twitter_card":"summary_large_image","schema":{"@context":"https:\/\/schema.org","@graph":[{"@type":"WebPage","@id":"https:\/\/www.promostar.it\/fr\/prodotto\/banc-de-maintenance-pour-cassettes-de-laminage-a-froid\/","url":"https:\/\/www.promostar.it\/fr\/prodotto\/banc-de-maintenance-pour-cassettes-de-laminage-a-froid\/","name":"Banc de maintenance pour cassettes de laminage \u00e0 froid | Promostar","isPartOf":{"@id":"https:\/\/www.promostar.it\/fr\/#website"},"datePublished":"2021-03-11T15:28:00+00:00","dateModified":"2023-04-18T08:25:28+00:00","description":"Le banc de maintenance pour cassettes de laminage \u00e0 froid est utilis\u00e9 pour des interventions sur les cassettes de laminage \u00e0 froid telles que la maintenance, le montage ou le d\u00e9montage, le changement de rouleaux, la mise en place et l'alignement des rouleaux \u00e0 l'aide du dispositif de nivellement optique.","breadcrumb":{"@id":"https:\/\/www.promostar.it\/fr\/prodotto\/banc-de-maintenance-pour-cassettes-de-laminage-a-froid\/#breadcrumb"},"inLanguage":"fr-FR","potentialAction":[{"@type":"ReadAction","target":["https:\/\/www.promostar.it\/fr\/prodotto\/banc-de-maintenance-pour-cassettes-de-laminage-a-froid\/"]}]},{"@type":"BreadcrumbList","@id":"https:\/\/www.promostar.it\/fr\/prodotto\/banc-de-maintenance-pour-cassettes-de-laminage-a-froid\/#breadcrumb","itemListElement":[{"@type":"ListItem","position":1,"name":"Home","item":"https:\/\/www.promostar.it\/fr\/"},{"@type":"ListItem","position":2,"name":"Produits","item":"https:\/\/www.promostar.it\/fr\/shop\/"},{"@type":"ListItem","position":3,"name":"Banc de maintenance pour cassettes de laminage \u00e0 froid"}]},{"@type":"WebSite","@id":"https:\/\/www.promostar.it\/fr\/#website","url":"https:\/\/www.promostar.it\/fr\/","name":"PromoStar S.r.l.","description":"Promostar \u00e8 l\u2019azienda leader e la prima ad introdurre il processo di stiratura","publisher":{"@id":"https:\/\/www.promostar.it\/fr\/#organization"},"potentialAction":[{"@type":"SearchAction","target":{"@type":"EntryPoint","urlTemplate":"https:\/\/www.promostar.it\/fr\/?s={search_term_string}"},"query-input":"required name=search_term_string"}],"inLanguage":"fr-FR"},{"@type":"Organization","@id":"https:\/\/www.promostar.it\/fr\/#organization","name":"Promostar","url":"https:\/\/www.promostar.it\/fr\/","logo":{"@type":"ImageObject","inLanguage":"fr-FR","@id":"https:\/\/www.promostar.it\/fr\/#\/schema\/logo\/image\/","url":"https:\/\/www.promostar.it\/wp-content\/uploads\/2020\/10\/promostar-logo.png","contentUrl":"https:\/\/www.promostar.it\/wp-content\/uploads\/2020\/10\/promostar-logo.png","width":210,"height":69,"caption":"Promostar"},"image":{"@id":"https:\/\/www.promostar.it\/fr\/#\/schema\/logo\/image\/"}}]}},"_links":{"self":[{"href":"https:\/\/www.promostar.it\/fr\/wp-json\/wp\/v3\/product\/5584"}],"collection":[{"href":"https:\/\/www.promostar.it\/fr\/wp-json\/wp\/v3\/product"}],"about":[{"href":"https:\/\/www.promostar.it\/fr\/wp-json\/wp\/v2\/types\/product"}],"wp:featuredmedia":[{"embeddable":true,"href":"https:\/\/www.promostar.it\/fr\/wp-json\/wp\/v2\/media\/3636"}],"wp:attachment":[{"href":"https:\/\/www.promostar.it\/fr\/wp-json\/wp\/v2\/media?parent=5584"}],"wp:term":[{"taxonomy":"product_cat","embeddable":true,"href":"https:\/\/www.promostar.it\/fr\/wp-json\/wp\/v2\/product_cat?post=5584"},{"taxonomy":"product_tag","embeddable":true,"href":"https:\/\/www.promostar.it\/fr\/wp-json\/wp\/v2\/product_tag?post=5584"}],"curies":[{"name":"wp","href":"https:\/\/api.w.org\/{rel}","templated":true}]}}