{"id":5583,"date":"2021-03-16T14:50:01","date_gmt":"2021-03-16T13:50:01","guid":{"rendered":"https:\/\/www.promostar.it\/prodotto\/cassettes-de-laminage-a-froid\/"},"modified":"2023-04-18T10:21:18","modified_gmt":"2023-04-18T08:21:18","slug":"cassettes-de-laminage-a-froid","status":"publish","type":"product","link":"https:\/\/www.promostar.it\/fr\/prodotto\/cassettes-de-laminage-a-froid\/","title":{"rendered":"Cassettes de laminage \u00e0 froid"},"content":{"rendered":"<p>[et_pb_section fb_built=\u00a0\u00bb1&Prime; _builder_version=\u00a0\u00bb4.17.0&Prime; _module_preset=\u00a0\u00bbdefault\u00a0\u00bb global_colors_info=\u00a0\u00bb{}\u00a0\u00bb][\/et_pb_section]<\/p>\n","protected":false},"excerpt":{"rendered":"<p>Les <strong>Cassettes de laminage \u00e0 froid<\/strong> sont utilis\u00e9es pour le processus de laminage \u00e0 froid du fil.<\/p>\n<p><strong>Cassettes de laminage \u00e0 froid<\/strong> augmentent les propri\u00e9t\u00e9s m\u00e9caniques du fil machine gr\u00e2ce au processus de laminage r\u00e9alis\u00e9 qui r\u00e9duit le diam\u00e8tre du fil lisse \u00e0 la taille souhait\u00e9e. Il s&rsquo;agit d&rsquo;un dispositif qui augmente les propri\u00e9t\u00e9s m\u00e9caniques des fils machines selon les exigences du march\u00e9 en termes de r\u00e9sistance \u00e0 la traction, de limite d&rsquo;\u00e9lasticit\u00e9 et d&rsquo;allongement final, commun\u00e9ment appel\u00e9 Agt sans apport de chaleur. Lors de la derni\u00e8re \u00e9tape du processus de laminage \u00e0 froid, il est possible, sur demande, d&rsquo;ajouter des torsades positives ou des crantages n\u00e9gatifs au fil, \u00e0 des fins d&rsquo;armature du b\u00e9ton.<\/p>\n<p>Les applications du produit final sont normalement des treillis d&rsquo;armature, des \u00e9triers, des cages et des poutres en treillis pour la construction civile et industrielle, les fondations et l&rsquo;industrie de la pr\u00e9fabrication.<\/p>\n<p>Notre cassette de laminage \u00e0 froid standard se compose d&rsquo;un cadre robuste en acier soud\u00e9 sur lequel sont mont\u00e9s deux jeux de 3 rouleaux dispos\u00e9s de mani\u00e8re \u00e0 former 3 plans \u00e0 120\u00b0.<\/p>\n","protected":false},"featured_media":4176,"template":"","meta":{"_et_pb_use_builder":"on","_et_pb_old_content":"Les <strong>Cassettes de laminage \u00e0 froid<\/strong> sont utilis\u00e9es pour le processus de laminage \u00e0 froid du fil.\n\n<strong>Cassettes de laminage \u00e0 froid<\/strong> augmentent les propri\u00e9t\u00e9s m\u00e9caniques du fil machine gr\u00e2ce au processus de laminage r\u00e9alis\u00e9 qui r\u00e9duit le diam\u00e8tre du fil lisse \u00e0 la taille souhait\u00e9e. Il s'agit d'un dispositif qui augmente les propri\u00e9t\u00e9s m\u00e9caniques des fils machines selon les exigences du march\u00e9 en termes de r\u00e9sistance \u00e0 la traction, de limite d'\u00e9lasticit\u00e9 et d'allongement final, commun\u00e9ment appel\u00e9 Agt sans apport de chaleur. Lors de la derni\u00e8re \u00e9tape du processus de laminage \u00e0 froid, il est possible, sur demande, d'ajouter des torsades positives ou des crantages n\u00e9gatifs au fil, \u00e0 des fins d'armature du b\u00e9ton.\n\nLes applications du produit final sont normalement des treillis d'armature, des \u00e9triers, des cages et des poutres en treillis pour la construction civile et industrielle, les fondations et l'industrie de la pr\u00e9fabrication.\n\nNotre cassette de laminage \u00e0 froid standard se compose d'un cadre robuste en acier soud\u00e9 sur lequel sont mont\u00e9s deux jeux de 3 rouleaux dispos\u00e9s de mani\u00e8re \u00e0 former 3 plans \u00e0 120\u00b0.\n\nLes rouleaux, qui sont mont\u00e9s sur des porte-rouleaux, sont r\u00e9glables dans les deux sens, axialement et radialement.\n\nLe r\u00e9glage axial est n\u00e9cessaire pour centrer les rouleaux tandis que le r\u00e9glage radial est n\u00e9cessaire pour contr\u00f4ler le diam\u00e8tre du fil de sortie produit.\n\nLes cassettes sont \u00e9quip\u00e9es d'un syst\u00e8me d'engrenage permettant de r\u00e9gler facilement l'ouverture\/la fermeture des rouleaux \u00e0 l'aide d'un levier (<u>r\u00e9glage motoris\u00e9<\/u> disponible en option).\n\nLa chaleur produite par le processus de laminage est \u00e9limin\u00e9e par un circuit d'eau de refroidissement circulant \u00e0 travers les axes des porte-rouleaux.\n\nUn <strong>syst\u00e8me de graissage automatique<\/strong> permet de lubrifier les roulements des porte-rouleaux.\n\nLes <strong>cassettes de laminage \u00e0 froid<\/strong> sont con\u00e7ues et fabriqu\u00e9es par Promostar en collaboration avec ses partenaires en utilisant les derni\u00e8res technologies et les meilleures marques disponibles sur le march\u00e9.\n\nNous pouvons proposer diff\u00e9rentes tailles de cassettes de laminage \u00e0 froid en fonction des dimensions du diam\u00e8tre du fil.\n\nNotre offre ne se limite pas aux cassettes de laminage \u00e0 froid, mais peut \u00eatre compl\u00e9t\u00e9e par une s\u00e9rie d'options et d'accessoires, tels que :\n<ul>\n \t<li><a href=\"https:\/\/www.promostar.it\/prodotto\/maintenance-bench-for-rolling-cassettes\/\"><u>BANC DE MAINTENANCE POUR CASSETTES DE LAMINAGE \u00c0 FROID<\/u><\/a><\/li>\n \t<li><u>BANC DE SUPPORT POUR CASSETTES DE LAMINAGE \u00c0 FROID<\/u><\/li>\n \t<li><a href=\"https:\/\/www.promostar.it\/prodotto\/unscrewing-locknut-device\/\"><u>DISPOSITIF DE D\u00c9VISSAGE DE L'\u00c9CROU DE BLOCAGE<\/u><\/a><\/li>\n \t<li><a href=\"https:\/\/www.promostar.it\/prodotto\/rolls-and-roll-holders\/\"><u>ROULEAU ET PORTE-ROULEAU<\/u><\/a><\/li>\n<\/ul>","_et_gb_content_width":""},"product_cat":[158],"product_tag":[99,106,111,118,122,125,135],"yoast_head":"<!-- This site is optimized with the Yoast SEO plugin v20.5 - https:\/\/yoast.com\/wordpress\/plugins\/seo\/ -->\n<title>Cassettes de laminage \u00e0 froid | Promostar<\/title>\n<meta name=\"description\" content=\"Les Cassettes de laminage \u00e0 froid sont utilis\u00e9es pour le processus de laminage \u00e0 froid du fil augmentent les propri\u00e9t\u00e9s m\u00e9caniques du fil machine\" \/>\n<meta name=\"robots\" content=\"index, follow, max-snippet:-1, max-image-preview:large, max-video-preview:-1\" \/>\n<link rel=\"canonical\" href=\"https:\/\/www.promostar.it\/fr\/prodotto\/cassettes-de-laminage-a-froid\/\" \/>\n<meta property=\"og:locale\" content=\"fr_FR\" \/>\n<meta property=\"og:type\" content=\"article\" \/>\n<meta property=\"og:title\" content=\"Cassettes de laminage \u00e0 froid | Promostar\" \/>\n<meta property=\"og:description\" content=\"Les Cassettes de laminage \u00e0 froid sont utilis\u00e9es pour le processus de laminage \u00e0 froid du fil augmentent les propri\u00e9t\u00e9s m\u00e9caniques du fil machine\" \/>\n<meta property=\"og:url\" content=\"https:\/\/www.promostar.it\/fr\/prodotto\/cassettes-de-laminage-a-froid\/\" \/>\n<meta property=\"og:site_name\" content=\"PromoStar S.r.l.\" \/>\n<meta property=\"article:modified_time\" content=\"2023-04-18T08:21:18+00:00\" \/>\n<meta property=\"og:image\" content=\"https:\/\/www.promostar.it\/wp-content\/uploads\/2021\/03\/Cold-rolling-cassettes-1-transparent.jpg\" \/>\n\t<meta property=\"og:image:width\" content=\"1200\" \/>\n\t<meta property=\"og:image:height\" content=\"1200\" \/>\n\t<meta property=\"og:image:type\" content=\"image\/jpeg\" \/>\n<meta name=\"twitter:card\" content=\"summary_large_image\" \/>\n<script type=\"application\/ld+json\" class=\"yoast-schema-graph\">{\"@context\":\"https:\/\/schema.org\",\"@graph\":[{\"@type\":\"WebPage\",\"@id\":\"https:\/\/www.promostar.it\/fr\/prodotto\/cassettes-de-laminage-a-froid\/\",\"url\":\"https:\/\/www.promostar.it\/fr\/prodotto\/cassettes-de-laminage-a-froid\/\",\"name\":\"Cassettes de laminage \u00e0 froid | Promostar\",\"isPartOf\":{\"@id\":\"https:\/\/www.promostar.it\/fr\/#website\"},\"datePublished\":\"2021-03-16T13:50:01+00:00\",\"dateModified\":\"2023-04-18T08:21:18+00:00\",\"description\":\"Les Cassettes de laminage \u00e0 froid sont utilis\u00e9es pour le processus de laminage \u00e0 froid du fil augmentent les propri\u00e9t\u00e9s m\u00e9caniques du fil machine\",\"breadcrumb\":{\"@id\":\"https:\/\/www.promostar.it\/fr\/prodotto\/cassettes-de-laminage-a-froid\/#breadcrumb\"},\"inLanguage\":\"fr-FR\",\"potentialAction\":[{\"@type\":\"ReadAction\",\"target\":[\"https:\/\/www.promostar.it\/fr\/prodotto\/cassettes-de-laminage-a-froid\/\"]}]},{\"@type\":\"BreadcrumbList\",\"@id\":\"https:\/\/www.promostar.it\/fr\/prodotto\/cassettes-de-laminage-a-froid\/#breadcrumb\",\"itemListElement\":[{\"@type\":\"ListItem\",\"position\":1,\"name\":\"Home\",\"item\":\"https:\/\/www.promostar.it\/fr\/home-2\/\"},{\"@type\":\"ListItem\",\"position\":2,\"name\":\"Produits\",\"item\":\"https:\/\/www.promostar.it\/fr\/shop\/\"},{\"@type\":\"ListItem\",\"position\":3,\"name\":\"Cassettes de laminage \u00e0 froid\"}]},{\"@type\":\"WebSite\",\"@id\":\"https:\/\/www.promostar.it\/fr\/#website\",\"url\":\"https:\/\/www.promostar.it\/fr\/\",\"name\":\"PromoStar S.r.l.\",\"description\":\"Promostar \u00e8 l\u2019azienda leader e la prima ad introdurre il processo di stiratura\",\"publisher\":{\"@id\":\"https:\/\/www.promostar.it\/fr\/#organization\"},\"potentialAction\":[{\"@type\":\"SearchAction\",\"target\":{\"@type\":\"EntryPoint\",\"urlTemplate\":\"https:\/\/www.promostar.it\/fr\/?s={search_term_string}\"},\"query-input\":\"required name=search_term_string\"}],\"inLanguage\":\"fr-FR\"},{\"@type\":\"Organization\",\"@id\":\"https:\/\/www.promostar.it\/fr\/#organization\",\"name\":\"Promostar\",\"url\":\"https:\/\/www.promostar.it\/fr\/\",\"logo\":{\"@type\":\"ImageObject\",\"inLanguage\":\"fr-FR\",\"@id\":\"https:\/\/www.promostar.it\/fr\/#\/schema\/logo\/image\/\",\"url\":\"https:\/\/www.promostar.it\/wp-content\/uploads\/2020\/10\/promostar-logo.png\",\"contentUrl\":\"https:\/\/www.promostar.it\/wp-content\/uploads\/2020\/10\/promostar-logo.png\",\"width\":210,\"height\":69,\"caption\":\"Promostar\"},\"image\":{\"@id\":\"https:\/\/www.promostar.it\/fr\/#\/schema\/logo\/image\/\"}}]}<\/script>\n<!-- \/ Yoast SEO plugin. -->","yoast_head_json":{"title":"Cassettes de laminage \u00e0 froid | Promostar","description":"Les Cassettes de laminage \u00e0 froid sont utilis\u00e9es pour le processus de laminage \u00e0 froid du fil augmentent les propri\u00e9t\u00e9s m\u00e9caniques du fil machine","robots":{"index":"index","follow":"follow","max-snippet":"max-snippet:-1","max-image-preview":"max-image-preview:large","max-video-preview":"max-video-preview:-1"},"canonical":"https:\/\/www.promostar.it\/fr\/prodotto\/cassettes-de-laminage-a-froid\/","og_locale":"fr_FR","og_type":"article","og_title":"Cassettes de laminage \u00e0 froid | Promostar","og_description":"Les Cassettes de laminage \u00e0 froid sont utilis\u00e9es pour le processus de laminage \u00e0 froid du fil augmentent les propri\u00e9t\u00e9s m\u00e9caniques du fil machine","og_url":"https:\/\/www.promostar.it\/fr\/prodotto\/cassettes-de-laminage-a-froid\/","og_site_name":"PromoStar S.r.l.","article_modified_time":"2023-04-18T08:21:18+00:00","og_image":[{"width":1200,"height":1200,"url":"https:\/\/www.promostar.it\/wp-content\/uploads\/2021\/03\/Cold-rolling-cassettes-1-transparent.jpg","type":"image\/jpeg"}],"twitter_card":"summary_large_image","schema":{"@context":"https:\/\/schema.org","@graph":[{"@type":"WebPage","@id":"https:\/\/www.promostar.it\/fr\/prodotto\/cassettes-de-laminage-a-froid\/","url":"https:\/\/www.promostar.it\/fr\/prodotto\/cassettes-de-laminage-a-froid\/","name":"Cassettes de laminage \u00e0 froid | Promostar","isPartOf":{"@id":"https:\/\/www.promostar.it\/fr\/#website"},"datePublished":"2021-03-16T13:50:01+00:00","dateModified":"2023-04-18T08:21:18+00:00","description":"Les Cassettes de laminage \u00e0 froid sont utilis\u00e9es pour le processus de laminage \u00e0 froid du fil augmentent les propri\u00e9t\u00e9s m\u00e9caniques du fil machine","breadcrumb":{"@id":"https:\/\/www.promostar.it\/fr\/prodotto\/cassettes-de-laminage-a-froid\/#breadcrumb"},"inLanguage":"fr-FR","potentialAction":[{"@type":"ReadAction","target":["https:\/\/www.promostar.it\/fr\/prodotto\/cassettes-de-laminage-a-froid\/"]}]},{"@type":"BreadcrumbList","@id":"https:\/\/www.promostar.it\/fr\/prodotto\/cassettes-de-laminage-a-froid\/#breadcrumb","itemListElement":[{"@type":"ListItem","position":1,"name":"Home","item":"https:\/\/www.promostar.it\/fr\/home-2\/"},{"@type":"ListItem","position":2,"name":"Produits","item":"https:\/\/www.promostar.it\/fr\/shop\/"},{"@type":"ListItem","position":3,"name":"Cassettes de laminage \u00e0 froid"}]},{"@type":"WebSite","@id":"https:\/\/www.promostar.it\/fr\/#website","url":"https:\/\/www.promostar.it\/fr\/","name":"PromoStar S.r.l.","description":"Promostar \u00e8 l\u2019azienda leader e la prima ad introdurre il processo di stiratura","publisher":{"@id":"https:\/\/www.promostar.it\/fr\/#organization"},"potentialAction":[{"@type":"SearchAction","target":{"@type":"EntryPoint","urlTemplate":"https:\/\/www.promostar.it\/fr\/?s={search_term_string}"},"query-input":"required name=search_term_string"}],"inLanguage":"fr-FR"},{"@type":"Organization","@id":"https:\/\/www.promostar.it\/fr\/#organization","name":"Promostar","url":"https:\/\/www.promostar.it\/fr\/","logo":{"@type":"ImageObject","inLanguage":"fr-FR","@id":"https:\/\/www.promostar.it\/fr\/#\/schema\/logo\/image\/","url":"https:\/\/www.promostar.it\/wp-content\/uploads\/2020\/10\/promostar-logo.png","contentUrl":"https:\/\/www.promostar.it\/wp-content\/uploads\/2020\/10\/promostar-logo.png","width":210,"height":69,"caption":"Promostar"},"image":{"@id":"https:\/\/www.promostar.it\/fr\/#\/schema\/logo\/image\/"}}]}},"_links":{"self":[{"href":"https:\/\/www.promostar.it\/fr\/wp-json\/wp\/v3\/product\/5583"}],"collection":[{"href":"https:\/\/www.promostar.it\/fr\/wp-json\/wp\/v3\/product"}],"about":[{"href":"https:\/\/www.promostar.it\/fr\/wp-json\/wp\/v2\/types\/product"}],"wp:featuredmedia":[{"embeddable":true,"href":"https:\/\/www.promostar.it\/fr\/wp-json\/wp\/v2\/media\/4176"}],"wp:attachment":[{"href":"https:\/\/www.promostar.it\/fr\/wp-json\/wp\/v2\/media?parent=5583"}],"wp:term":[{"taxonomy":"product_cat","embeddable":true,"href":"https:\/\/www.promostar.it\/fr\/wp-json\/wp\/v2\/product_cat?post=5583"},{"taxonomy":"product_tag","embeddable":true,"href":"https:\/\/www.promostar.it\/fr\/wp-json\/wp\/v2\/product_tag?post=5583"}],"curies":[{"name":"wp","href":"https:\/\/api.w.org\/{rel}","templated":true}]}}