{"id":5581,"date":"2022-04-05T09:09:54","date_gmt":"2022-04-05T07:09:54","guid":{"rendered":"https:\/\/www.promostar.it\/prodotto\/les-convoyeurs-a-chaine-et-a-rouleaux\/"},"modified":"2023-04-18T09:32:32","modified_gmt":"2023-04-18T07:32:32","slug":"les-convoyeurs-a-chaine-et-a-rouleaux","status":"publish","type":"product","link":"https:\/\/www.promostar.it\/fr\/prodotto\/les-convoyeurs-a-chaine-et-a-rouleaux\/","title":{"rendered":"Les convoyeurs \u00e0 cha\u00eene et \u00e0 rouleaux"},"content":{"rendered":"<p>[et_pb_section fb_built=\u00a0\u00bb1&Prime; _builder_version=\u00a0\u00bb4.16&Prime; custom_padding=\u00a0\u00bb0px||||false|false\u00a0\u00bb global_colors_info=\u00a0\u00bb{}\u00a0\u00bb][\/et_pb_section]<\/p>\n","protected":false},"excerpt":{"rendered":"<p><strong>Les convoyeurs \u00e0 cha\u00eene et \u00e0 rouleaux<\/strong> sont sont utilis\u00e9s sur les machines d&rsquo;\u00e9tirage, de laminage \u00e0 froid et d&rsquo;\u00e9tirage pour transporter les bobines, les tourets et les couronnes.<\/p>\n<p><strong>Les convoyeurs \u00e0 cha\u00eene et \u00e0 rouleaux<\/strong> sont con\u00e7us et adapt\u00e9s en fonction de la configuration sp\u00e9cifique des machines et de l&rsquo;entreprise du client.<\/p>\n<p>Ce convoyeur se compose d&rsquo;un (ou plusieurs) module(s) dont le mouvement est synchronis\u00e9 par une s\u00e9rie de cha\u00eenes entra\u00een\u00e9es par un motor\u00e9ducteur. Le nombre de modules d\u00e9pend des exigences des clients en termes de tampon.<\/p>\n<p>Les convoyeurs ont un cadre en acier solide et sont ferm\u00e9s par des panneaux de protection conformes aux normes de l&rsquo;UE. Pour des raisons de s\u00e9curit\u00e9, l&rsquo;acc\u00e8s est ferm\u00e9 par une barri\u00e8re lumineuse et des capteurs surveillent le mouvement des bobines, des tourets et des couronnes.<\/p>\n<p>On distingue principalement deux cat\u00e9gories de convoyeurs : les convoyeurs \u00e0 cha\u00eene et les convoyeurs \u00e0 rouleaux. L&rsquo;utilisation d&rsquo;un type par rapport \u00e0 l&rsquo;autre d\u00e9pend principalement du type de charge \u00e0 transporter.<\/p>\n<p>Ces dispositifs sont normalement utilis\u00e9s en combinaison avec des <a href=\"https:\/\/www.promostar.it\/prodotto\/vegastar-copia\/\"><u>bobineuses de fil enti\u00e8rement automatiques<\/u><\/a>, o\u00f9, en association avec le manipulateur a\u00e9rien ; ils peuvent charger les bobines vides et d\u00e9charger le produit fini (bobines ou couronnes) automatiquement.<\/p>\n","protected":false},"featured_media":4140,"template":"","meta":{"_et_pb_use_builder":"on","_et_pb_old_content":"<strong>Les convoyeurs \u00e0 cha\u00eene et \u00e0 rouleaux<\/strong> sont sont utilis\u00e9s sur les machines d'\u00e9tirage, de laminage \u00e0 froid et d'\u00e9tirage pour transporter les bobines, les tourets et les couronnes.\n\n<strong>Les convoyeurs \u00e0 cha\u00eene et \u00e0 rouleaux<\/strong> sont con\u00e7us et adapt\u00e9s en fonction de la configuration sp\u00e9cifique des machines et de l'entreprise du client.\n\nCe convoyeur se compose d'un (ou plusieurs) module(s) dont le mouvement est synchronis\u00e9 par une s\u00e9rie de cha\u00eenes entra\u00een\u00e9es par un motor\u00e9ducteur. Le nombre de modules d\u00e9pend des exigences des clients en termes de tampon.\n\nLes convoyeurs ont un cadre en acier solide et sont ferm\u00e9s par des panneaux de protection conformes aux normes de l'UE. Pour des raisons de s\u00e9curit\u00e9, l'acc\u00e8s est ferm\u00e9 par une barri\u00e8re lumineuse et des capteurs surveillent le mouvement des bobines, des tourets et des couronnes.\n\nOn distingue principalement deux cat\u00e9gories de convoyeurs : les convoyeurs \u00e0 cha\u00eene et les convoyeurs \u00e0 rouleaux. L'utilisation d'un type par rapport \u00e0 l'autre d\u00e9pend principalement du type de charge \u00e0 transporter.\n\nCes dispositifs sont normalement utilis\u00e9s en combinaison avec des <a href=\"https:\/\/www.promostar.it\/prodotto\/vegastar-copia\/\"><u>bobineuses de fil enti\u00e8rement automatiques<\/u><\/a>, o\u00f9, en association avec le manipulateur a\u00e9rien ; ils peuvent charger les bobines vides et d\u00e9charger le produit fini (bobines ou couronnes) automatiquement.\n\nCes convoyeurs peuvent \u00e9galement \u00eatre utilis\u00e9s comme convoyeurs autonomes, par exemple lorsqu'il est n\u00e9cessaire de d\u00e9placer les bobines vides ou les produits finis d'une baie \u00e0 l'autre de l'usine.","_et_gb_content_width":""},"product_cat":[158],"product_tag":[99,100,106,111,115,118,122,125,130,135,139],"yoast_head":"<!-- This site is optimized with the Yoast SEO plugin v20.5 - https:\/\/yoast.com\/wordpress\/plugins\/seo\/ -->\n<title>Les convoyeurs \u00e0 cha\u00eene et \u00e0 rouleaux | Promostar<\/title>\n<meta name=\"description\" content=\"Les convoyeurs \u00e0 cha\u00eene et \u00e0 rouleaux sont sont utilis\u00e9s sur les machines d&#039;\u00e9tirage, de laminage \u00e0 froid et d&#039;\u00e9tirage pour transporter les bobines, les tourets et les couronnes.\" \/>\n<meta name=\"robots\" content=\"index, follow, max-snippet:-1, max-image-preview:large, max-video-preview:-1\" \/>\n<link rel=\"canonical\" href=\"https:\/\/www.promostar.it\/fr\/prodotto\/les-convoyeurs-a-chaine-et-a-rouleaux\/\" \/>\n<meta property=\"og:locale\" content=\"fr_FR\" \/>\n<meta property=\"og:type\" content=\"article\" \/>\n<meta property=\"og:title\" content=\"Les convoyeurs \u00e0 cha\u00eene et \u00e0 rouleaux | Promostar\" \/>\n<meta property=\"og:description\" content=\"Les convoyeurs \u00e0 cha\u00eene et \u00e0 rouleaux sont sont utilis\u00e9s sur les machines d&#039;\u00e9tirage, de laminage \u00e0 froid et d&#039;\u00e9tirage pour transporter les bobines, les tourets et les couronnes.\" \/>\n<meta property=\"og:url\" content=\"https:\/\/www.promostar.it\/fr\/prodotto\/les-convoyeurs-a-chaine-et-a-rouleaux\/\" \/>\n<meta property=\"og:site_name\" content=\"PromoStar S.r.l.\" \/>\n<meta property=\"article:modified_time\" content=\"2023-04-18T07:32:32+00:00\" \/>\n<meta property=\"og:image\" content=\"https:\/\/www.promostar.it\/wp-content\/uploads\/2022\/04\/Chain-and-roll-conveyors-3.jpg\" \/>\n\t<meta property=\"og:image:width\" content=\"2000\" \/>\n\t<meta property=\"og:image:height\" content=\"1500\" \/>\n\t<meta property=\"og:image:type\" content=\"image\/jpeg\" \/>\n<meta name=\"twitter:card\" content=\"summary_large_image\" \/>\n<script type=\"application\/ld+json\" class=\"yoast-schema-graph\">{\"@context\":\"https:\/\/schema.org\",\"@graph\":[{\"@type\":\"WebPage\",\"@id\":\"https:\/\/www.promostar.it\/fr\/prodotto\/les-convoyeurs-a-chaine-et-a-rouleaux\/\",\"url\":\"https:\/\/www.promostar.it\/fr\/prodotto\/les-convoyeurs-a-chaine-et-a-rouleaux\/\",\"name\":\"Les convoyeurs \u00e0 cha\u00eene et \u00e0 rouleaux | Promostar\",\"isPartOf\":{\"@id\":\"https:\/\/www.promostar.it\/fr\/#website\"},\"datePublished\":\"2022-04-05T07:09:54+00:00\",\"dateModified\":\"2023-04-18T07:32:32+00:00\",\"description\":\"Les convoyeurs \u00e0 cha\u00eene et \u00e0 rouleaux sont sont utilis\u00e9s sur les machines d'\u00e9tirage, de laminage \u00e0 froid et d'\u00e9tirage pour transporter les bobines, les tourets et les couronnes.\",\"breadcrumb\":{\"@id\":\"https:\/\/www.promostar.it\/fr\/prodotto\/les-convoyeurs-a-chaine-et-a-rouleaux\/#breadcrumb\"},\"inLanguage\":\"fr-FR\",\"potentialAction\":[{\"@type\":\"ReadAction\",\"target\":[\"https:\/\/www.promostar.it\/fr\/prodotto\/les-convoyeurs-a-chaine-et-a-rouleaux\/\"]}]},{\"@type\":\"BreadcrumbList\",\"@id\":\"https:\/\/www.promostar.it\/fr\/prodotto\/les-convoyeurs-a-chaine-et-a-rouleaux\/#breadcrumb\",\"itemListElement\":[{\"@type\":\"ListItem\",\"position\":1,\"name\":\"Home\",\"item\":\"https:\/\/www.promostar.it\/fr\/home-2\/\"},{\"@type\":\"ListItem\",\"position\":2,\"name\":\"Produits\",\"item\":\"https:\/\/www.promostar.it\/fr\/shop\/\"},{\"@type\":\"ListItem\",\"position\":3,\"name\":\"Les convoyeurs \u00e0 cha\u00eene et \u00e0 rouleaux\"}]},{\"@type\":\"WebSite\",\"@id\":\"https:\/\/www.promostar.it\/fr\/#website\",\"url\":\"https:\/\/www.promostar.it\/fr\/\",\"name\":\"PromoStar S.r.l.\",\"description\":\"Promostar \u00e8 l\u2019azienda leader e la prima ad introdurre il processo di stiratura\",\"publisher\":{\"@id\":\"https:\/\/www.promostar.it\/fr\/#organization\"},\"potentialAction\":[{\"@type\":\"SearchAction\",\"target\":{\"@type\":\"EntryPoint\",\"urlTemplate\":\"https:\/\/www.promostar.it\/fr\/?s={search_term_string}\"},\"query-input\":\"required name=search_term_string\"}],\"inLanguage\":\"fr-FR\"},{\"@type\":\"Organization\",\"@id\":\"https:\/\/www.promostar.it\/fr\/#organization\",\"name\":\"Promostar\",\"url\":\"https:\/\/www.promostar.it\/fr\/\",\"logo\":{\"@type\":\"ImageObject\",\"inLanguage\":\"fr-FR\",\"@id\":\"https:\/\/www.promostar.it\/fr\/#\/schema\/logo\/image\/\",\"url\":\"https:\/\/www.promostar.it\/wp-content\/uploads\/2020\/10\/promostar-logo.png\",\"contentUrl\":\"https:\/\/www.promostar.it\/wp-content\/uploads\/2020\/10\/promostar-logo.png\",\"width\":210,\"height\":69,\"caption\":\"Promostar\"},\"image\":{\"@id\":\"https:\/\/www.promostar.it\/fr\/#\/schema\/logo\/image\/\"}}]}<\/script>\n<!-- \/ Yoast SEO plugin. -->","yoast_head_json":{"title":"Les convoyeurs \u00e0 cha\u00eene et \u00e0 rouleaux | Promostar","description":"Les convoyeurs \u00e0 cha\u00eene et \u00e0 rouleaux sont sont utilis\u00e9s sur les machines d'\u00e9tirage, de laminage \u00e0 froid et d'\u00e9tirage pour transporter les bobines, les tourets et les couronnes.","robots":{"index":"index","follow":"follow","max-snippet":"max-snippet:-1","max-image-preview":"max-image-preview:large","max-video-preview":"max-video-preview:-1"},"canonical":"https:\/\/www.promostar.it\/fr\/prodotto\/les-convoyeurs-a-chaine-et-a-rouleaux\/","og_locale":"fr_FR","og_type":"article","og_title":"Les convoyeurs \u00e0 cha\u00eene et \u00e0 rouleaux | Promostar","og_description":"Les convoyeurs \u00e0 cha\u00eene et \u00e0 rouleaux sont sont utilis\u00e9s sur les machines d'\u00e9tirage, de laminage \u00e0 froid et d'\u00e9tirage pour transporter les bobines, les tourets et les couronnes.","og_url":"https:\/\/www.promostar.it\/fr\/prodotto\/les-convoyeurs-a-chaine-et-a-rouleaux\/","og_site_name":"PromoStar S.r.l.","article_modified_time":"2023-04-18T07:32:32+00:00","og_image":[{"width":2000,"height":1500,"url":"https:\/\/www.promostar.it\/wp-content\/uploads\/2022\/04\/Chain-and-roll-conveyors-3.jpg","type":"image\/jpeg"}],"twitter_card":"summary_large_image","schema":{"@context":"https:\/\/schema.org","@graph":[{"@type":"WebPage","@id":"https:\/\/www.promostar.it\/fr\/prodotto\/les-convoyeurs-a-chaine-et-a-rouleaux\/","url":"https:\/\/www.promostar.it\/fr\/prodotto\/les-convoyeurs-a-chaine-et-a-rouleaux\/","name":"Les convoyeurs \u00e0 cha\u00eene et \u00e0 rouleaux | Promostar","isPartOf":{"@id":"https:\/\/www.promostar.it\/fr\/#website"},"datePublished":"2022-04-05T07:09:54+00:00","dateModified":"2023-04-18T07:32:32+00:00","description":"Les convoyeurs \u00e0 cha\u00eene et \u00e0 rouleaux sont sont utilis\u00e9s sur les machines d'\u00e9tirage, de laminage \u00e0 froid et d'\u00e9tirage pour transporter les bobines, les tourets et les couronnes.","breadcrumb":{"@id":"https:\/\/www.promostar.it\/fr\/prodotto\/les-convoyeurs-a-chaine-et-a-rouleaux\/#breadcrumb"},"inLanguage":"fr-FR","potentialAction":[{"@type":"ReadAction","target":["https:\/\/www.promostar.it\/fr\/prodotto\/les-convoyeurs-a-chaine-et-a-rouleaux\/"]}]},{"@type":"BreadcrumbList","@id":"https:\/\/www.promostar.it\/fr\/prodotto\/les-convoyeurs-a-chaine-et-a-rouleaux\/#breadcrumb","itemListElement":[{"@type":"ListItem","position":1,"name":"Home","item":"https:\/\/www.promostar.it\/fr\/home-2\/"},{"@type":"ListItem","position":2,"name":"Produits","item":"https:\/\/www.promostar.it\/fr\/shop\/"},{"@type":"ListItem","position":3,"name":"Les convoyeurs \u00e0 cha\u00eene et \u00e0 rouleaux"}]},{"@type":"WebSite","@id":"https:\/\/www.promostar.it\/fr\/#website","url":"https:\/\/www.promostar.it\/fr\/","name":"PromoStar S.r.l.","description":"Promostar \u00e8 l\u2019azienda leader e la prima ad introdurre il processo di stiratura","publisher":{"@id":"https:\/\/www.promostar.it\/fr\/#organization"},"potentialAction":[{"@type":"SearchAction","target":{"@type":"EntryPoint","urlTemplate":"https:\/\/www.promostar.it\/fr\/?s={search_term_string}"},"query-input":"required name=search_term_string"}],"inLanguage":"fr-FR"},{"@type":"Organization","@id":"https:\/\/www.promostar.it\/fr\/#organization","name":"Promostar","url":"https:\/\/www.promostar.it\/fr\/","logo":{"@type":"ImageObject","inLanguage":"fr-FR","@id":"https:\/\/www.promostar.it\/fr\/#\/schema\/logo\/image\/","url":"https:\/\/www.promostar.it\/wp-content\/uploads\/2020\/10\/promostar-logo.png","contentUrl":"https:\/\/www.promostar.it\/wp-content\/uploads\/2020\/10\/promostar-logo.png","width":210,"height":69,"caption":"Promostar"},"image":{"@id":"https:\/\/www.promostar.it\/fr\/#\/schema\/logo\/image\/"}}]}},"_links":{"self":[{"href":"https:\/\/www.promostar.it\/fr\/wp-json\/wp\/v3\/product\/5581"}],"collection":[{"href":"https:\/\/www.promostar.it\/fr\/wp-json\/wp\/v3\/product"}],"about":[{"href":"https:\/\/www.promostar.it\/fr\/wp-json\/wp\/v2\/types\/product"}],"wp:featuredmedia":[{"embeddable":true,"href":"https:\/\/www.promostar.it\/fr\/wp-json\/wp\/v2\/media\/4140"}],"wp:attachment":[{"href":"https:\/\/www.promostar.it\/fr\/wp-json\/wp\/v2\/media?parent=5581"}],"wp:term":[{"taxonomy":"product_cat","embeddable":true,"href":"https:\/\/www.promostar.it\/fr\/wp-json\/wp\/v2\/product_cat?post=5581"},{"taxonomy":"product_tag","embeddable":true,"href":"https:\/\/www.promostar.it\/fr\/wp-json\/wp\/v2\/product_tag?post=5581"}],"curies":[{"name":"wp","href":"https:\/\/api.w.org\/{rel}","templated":true}]}}