{"id":5579,"date":"2022-04-05T09:25:59","date_gmt":"2022-04-05T07:25:59","guid":{"rendered":"https:\/\/www.promostar.it\/prodotto\/bobines-repliables-tourets-demontables\/"},"modified":"2023-04-17T16:37:47","modified_gmt":"2023-04-17T14:37:47","slug":"bobines-repliables-tourets-demontables","status":"publish","type":"product","link":"https:\/\/www.promostar.it\/fr\/prodotto\/bobines-repliables-tourets-demontables\/","title":{"rendered":"Bobines repliables \u2013 Tourets d\u00e9montables"},"content":{"rendered":"<p>[et_pb_section fb_built=\u00a0\u00bb1&Prime; _builder_version=\u00a0\u00bb4.17.0&Prime; _module_preset=\u00a0\u00bbdefault\u00a0\u00bb global_colors_info=\u00a0\u00bb{}\u00a0\u00bb][\/et_pb_section]<\/p>\n","protected":false},"excerpt":{"rendered":"<p><strong>Les Bobines repliables \u2013 Tourets d\u00e9montables<\/strong> sont utilis\u00e9s pour r\u00e9cup\u00e9rer le fil apr\u00e8s le processus de laminage \u00e0 froid, de tr\u00e9filage ou d&rsquo;\u00e9tirage en bobines ou en tourets pour la production de couronnes compactes cercl\u00e9es.<\/p>\n<p><strong>Bobines repliables \u2013 Tourets d\u00e9montables<\/strong> peuvent \u00eatre mont\u00e9s sur diff\u00e9rents types de bobineuses (horizontales et verticales), avec des dimensions et des capacit\u00e9s de chargement diff\u00e9rentes.<\/p>\n<p>Les bobines repliables sont compos\u00e9es de deux flasques et d\u2019un noyau central r\u00e9alis\u00e9 avec une structure m\u00e9tallique solides.<\/p>\n<p>Dans le cas de tourets \u00e0 <strong><u>d\u00e9montage manuel<\/u><\/strong> pour <a href=\"https:\/\/www.promostar.it\/prodotto\/vegastar-copia\/\"><u>bobineuses horizontales<\/u><\/a>, apr\u00e8s avoir termin\u00e9 les op\u00e9rations de cerclage, la flasque sup\u00e9rieure est retir\u00e9e manuellement par l&rsquo;op\u00e9rateur \u00e0 l&rsquo;aide d&rsquo;une grue. Ensuite, \u00e0 l&rsquo;aide d&rsquo;une pince sp\u00e9ciale, il est possible de retirer la couronne produite du noyau central (qui fait partie int\u00e9grante de la flasque inf\u00e9rieure) et de proc\u00e9der au r\u00e9assemblage de la bobine en suivant le chemin inverse.<\/p>\n<p>En cas de tourets \u00e0 <strong>d\u00e9montage manuel<\/strong> pour <a href=\"https:\/\/www.promostar.it\/prodotto\/vertical-automatic-spooler-machine\/\"><u>bobineuses verticales<\/u><\/a>, apr\u00e8s avoir termin\u00e9 les op\u00e9rations de cerclage, la flasque sup\u00e9rieure (qui est int\u00e9gr\u00e9e au noyau central) est retir\u00e9e manuellement par l&rsquo;op\u00e9rateur \u00e0 l&rsquo;aide d&rsquo;un dispositif de levage appropri\u00e9 (pont roulant). La flasque entra\u00eene le tambour et, par cons\u00e9quent, la bobine produite ; l&rsquo;ensemble est d\u00e9pos\u00e9 par l&rsquo;op\u00e9rateur dans la zone de d\u00e9chargement. \u00c0 ce stade, l&rsquo;op\u00e9rateur, en reliant le dispositif de levage (pont roulant) \u00e0 des crochets sp\u00e9cifiques pr\u00e9sents sur les tourets qui activent m\u00e9caniquement d&rsquo;autres leviers, est en mesure de lib\u00e9rer le noyau central de la bobine compacte et il peut ensuite ramener la flasque sup\u00e9rieure avec son noyau au-dessus de la flasque inf\u00e9rieure pour effectuer le remontage de la bobine.<\/p>\n","protected":false},"featured_media":4146,"template":"","meta":{"_et_pb_use_builder":"on","_et_pb_old_content":"<strong>Les Bobines repliables \u2013 Tourets d\u00e9montables<\/strong> sont utilis\u00e9s pour r\u00e9cup\u00e9rer le fil apr\u00e8s le processus de laminage \u00e0 froid, de tr\u00e9filage ou d'\u00e9tirage en bobines ou en tourets pour la production de couronnes compactes cercl\u00e9es.\n\n<strong>Bobines repliables \u2013 Tourets d\u00e9montables<\/strong> peuvent \u00eatre mont\u00e9s sur diff\u00e9rents types de bobineuses (horizontales et verticales), avec des dimensions et des capacit\u00e9s de chargement diff\u00e9rentes.\n\nLes bobines repliables sont compos\u00e9es de deux flasques et d\u2019un noyau central r\u00e9alis\u00e9 avec une structure m\u00e9tallique solides.\n\nDans le cas de tourets \u00e0 <strong><u>d\u00e9montage manuel<\/u><\/strong> pour <a href=\"https:\/\/www.promostar.it\/prodotto\/vegastar-copia\/\"><u>bobineuses horizontales<\/u><\/a>, apr\u00e8s avoir termin\u00e9 les op\u00e9rations de cerclage, la flasque sup\u00e9rieure est retir\u00e9e manuellement par l'op\u00e9rateur \u00e0 l'aide d'une grue. Ensuite, \u00e0 l'aide d'une pince sp\u00e9ciale, il est possible de retirer la couronne produite du noyau central (qui fait partie int\u00e9grante de la flasque inf\u00e9rieure) et de proc\u00e9der au r\u00e9assemblage de la bobine en suivant le chemin inverse.\n\nEn cas de tourets \u00e0 <strong>d\u00e9montage manuel<\/strong> pour <a href=\"https:\/\/www.promostar.it\/prodotto\/vertical-automatic-spooler-machine\/\"><u>bobineuses verticales<\/u><\/a>, apr\u00e8s avoir termin\u00e9 les op\u00e9rations de cerclage, la flasque sup\u00e9rieure (qui est int\u00e9gr\u00e9e au noyau central) est retir\u00e9e manuellement par l'op\u00e9rateur \u00e0 l'aide d'un dispositif de levage appropri\u00e9 (pont roulant). La flasque entra\u00eene le tambour et, par cons\u00e9quent, la bobine produite ; l'ensemble est d\u00e9pos\u00e9 par l'op\u00e9rateur dans la zone de d\u00e9chargement. \u00c0 ce stade, l'op\u00e9rateur, en reliant le dispositif de levage (pont roulant) \u00e0 des crochets sp\u00e9cifiques pr\u00e9sents sur les tourets qui activent m\u00e9caniquement d'autres leviers, est en mesure de lib\u00e9rer le noyau central de la bobine compacte et il peut ensuite ramener la flasque sup\u00e9rieure avec son noyau au-dessus de la flasque inf\u00e9rieure pour effectuer le remontage de la bobine.\n\nDans le cas des tourets avec <strong>d\u00e9montage automatique<\/strong> pour les <a href=\"https:\/\/www.promostar.it\/prodotto\/vertical-automatic-spooler-machine\/\"><u>bobineuses verticales automatiques<\/u><\/a>, apr\u00e8s les op\u00e9rations de cerclage, la flasque sup\u00e9rieure (qui est int\u00e9gr\u00e9e au noyau central) est enlev\u00e9e par le manipulateur a\u00e9rien (qui est int\u00e9gr\u00e9 sur la bobineuse automatique). La flasque entra\u00eene le tambour et, par cons\u00e9quent, la bobine produite ; l'ensemble est d\u00e9pos\u00e9 par le manipulateur dans la zone de d\u00e9chargement. \u00c0 ce stade, le manipulateur, activant hydrauliquement d'autres leviers, est en mesure de lib\u00e9rer le noyau central de la couronne compacte, puis de ramener la flasque sup\u00e9rieure avec son baril au-dessus de la flasque inf\u00e9rieure pour effectuer automatiquement le r\u00e9assemblage de la bobine.\n\nLes applications du produit final sont normalement des treillis d'armature, des \u00e9triers, des cages et des poutres en treillis pour la construction civile et industrielle, les fondations et l'industrie de la pr\u00e9fabrication.","_et_gb_content_width":""},"product_cat":[158],"product_tag":[99,104,106,111,113,118,135,137],"yoast_head":"<!-- This site is optimized with the Yoast SEO plugin v20.5 - https:\/\/yoast.com\/wordpress\/plugins\/seo\/ -->\n<title>Les Bobines repliables \u2013 Tourets d\u00e9montables | Promostar<\/title>\n<meta name=\"description\" content=\"Les Bobines repliables \u2013 Tourets d\u00e9montables sont utilis\u00e9s pour r\u00e9cup\u00e9rer le fil apr\u00e8s le processus de laminage \u00e0 froid, de tr\u00e9filage ou d&#039;\u00e9tirage en bobines ou en tourets\" \/>\n<meta name=\"robots\" content=\"index, follow, max-snippet:-1, max-image-preview:large, max-video-preview:-1\" \/>\n<link rel=\"canonical\" href=\"https:\/\/www.promostar.it\/fr\/prodotto\/bobines-repliables-tourets-demontables\/\" \/>\n<meta property=\"og:locale\" content=\"fr_FR\" \/>\n<meta property=\"og:type\" content=\"article\" \/>\n<meta property=\"og:title\" content=\"Les Bobines repliables \u2013 Tourets d\u00e9montables | Promostar\" \/>\n<meta property=\"og:description\" content=\"Les Bobines repliables \u2013 Tourets d\u00e9montables sont utilis\u00e9s pour r\u00e9cup\u00e9rer le fil apr\u00e8s le processus de laminage \u00e0 froid, de tr\u00e9filage ou d&#039;\u00e9tirage en bobines ou en tourets\" \/>\n<meta property=\"og:url\" content=\"https:\/\/www.promostar.it\/fr\/prodotto\/bobines-repliables-tourets-demontables\/\" \/>\n<meta property=\"og:site_name\" content=\"PromoStar S.r.l.\" \/>\n<meta property=\"article:modified_time\" content=\"2023-04-17T14:37:47+00:00\" \/>\n<meta property=\"og:image\" content=\"https:\/\/www.promostar.it\/wp-content\/uploads\/2022\/04\/Manual-collapsible-spool-2-transparent.jpg\" \/>\n\t<meta property=\"og:image:width\" content=\"1200\" \/>\n\t<meta property=\"og:image:height\" content=\"1200\" \/>\n\t<meta property=\"og:image:type\" content=\"image\/jpeg\" \/>\n<meta name=\"twitter:card\" content=\"summary_large_image\" \/>\n<script type=\"application\/ld+json\" class=\"yoast-schema-graph\">{\"@context\":\"https:\/\/schema.org\",\"@graph\":[{\"@type\":\"WebPage\",\"@id\":\"https:\/\/www.promostar.it\/fr\/prodotto\/bobines-repliables-tourets-demontables\/\",\"url\":\"https:\/\/www.promostar.it\/fr\/prodotto\/bobines-repliables-tourets-demontables\/\",\"name\":\"Les Bobines repliables \u2013 Tourets d\u00e9montables | Promostar\",\"isPartOf\":{\"@id\":\"https:\/\/www.promostar.it\/fr\/#website\"},\"datePublished\":\"2022-04-05T07:25:59+00:00\",\"dateModified\":\"2023-04-17T14:37:47+00:00\",\"description\":\"Les Bobines repliables \u2013 Tourets d\u00e9montables sont utilis\u00e9s pour r\u00e9cup\u00e9rer le fil apr\u00e8s le processus de laminage \u00e0 froid, de tr\u00e9filage ou d'\u00e9tirage en bobines ou en tourets\",\"breadcrumb\":{\"@id\":\"https:\/\/www.promostar.it\/fr\/prodotto\/bobines-repliables-tourets-demontables\/#breadcrumb\"},\"inLanguage\":\"fr-FR\",\"potentialAction\":[{\"@type\":\"ReadAction\",\"target\":[\"https:\/\/www.promostar.it\/fr\/prodotto\/bobines-repliables-tourets-demontables\/\"]}]},{\"@type\":\"BreadcrumbList\",\"@id\":\"https:\/\/www.promostar.it\/fr\/prodotto\/bobines-repliables-tourets-demontables\/#breadcrumb\",\"itemListElement\":[{\"@type\":\"ListItem\",\"position\":1,\"name\":\"Home\",\"item\":\"https:\/\/www.promostar.it\/fr\/\"},{\"@type\":\"ListItem\",\"position\":2,\"name\":\"Produits\",\"item\":\"https:\/\/www.promostar.it\/fr\/shop\/\"},{\"@type\":\"ListItem\",\"position\":3,\"name\":\"Bobines repliables \u2013 Tourets d\u00e9montables\"}]},{\"@type\":\"WebSite\",\"@id\":\"https:\/\/www.promostar.it\/fr\/#website\",\"url\":\"https:\/\/www.promostar.it\/fr\/\",\"name\":\"PromoStar S.r.l.\",\"description\":\"Promostar \u00e8 l\u2019azienda leader e la prima ad introdurre il processo di stiratura\",\"publisher\":{\"@id\":\"https:\/\/www.promostar.it\/fr\/#organization\"},\"potentialAction\":[{\"@type\":\"SearchAction\",\"target\":{\"@type\":\"EntryPoint\",\"urlTemplate\":\"https:\/\/www.promostar.it\/fr\/?s={search_term_string}\"},\"query-input\":\"required name=search_term_string\"}],\"inLanguage\":\"fr-FR\"},{\"@type\":\"Organization\",\"@id\":\"https:\/\/www.promostar.it\/fr\/#organization\",\"name\":\"Promostar\",\"url\":\"https:\/\/www.promostar.it\/fr\/\",\"logo\":{\"@type\":\"ImageObject\",\"inLanguage\":\"fr-FR\",\"@id\":\"https:\/\/www.promostar.it\/fr\/#\/schema\/logo\/image\/\",\"url\":\"https:\/\/www.promostar.it\/wp-content\/uploads\/2020\/10\/promostar-logo.png\",\"contentUrl\":\"https:\/\/www.promostar.it\/wp-content\/uploads\/2020\/10\/promostar-logo.png\",\"width\":210,\"height\":69,\"caption\":\"Promostar\"},\"image\":{\"@id\":\"https:\/\/www.promostar.it\/fr\/#\/schema\/logo\/image\/\"}}]}<\/script>\n<!-- \/ Yoast SEO plugin. -->","yoast_head_json":{"title":"Les Bobines repliables \u2013 Tourets d\u00e9montables | Promostar","description":"Les Bobines repliables \u2013 Tourets d\u00e9montables sont utilis\u00e9s pour r\u00e9cup\u00e9rer le fil apr\u00e8s le processus de laminage \u00e0 froid, de tr\u00e9filage ou d'\u00e9tirage en bobines ou en tourets","robots":{"index":"index","follow":"follow","max-snippet":"max-snippet:-1","max-image-preview":"max-image-preview:large","max-video-preview":"max-video-preview:-1"},"canonical":"https:\/\/www.promostar.it\/fr\/prodotto\/bobines-repliables-tourets-demontables\/","og_locale":"fr_FR","og_type":"article","og_title":"Les Bobines repliables \u2013 Tourets d\u00e9montables | Promostar","og_description":"Les Bobines repliables \u2013 Tourets d\u00e9montables sont utilis\u00e9s pour r\u00e9cup\u00e9rer le fil apr\u00e8s le processus de laminage \u00e0 froid, de tr\u00e9filage ou d'\u00e9tirage en bobines ou en tourets","og_url":"https:\/\/www.promostar.it\/fr\/prodotto\/bobines-repliables-tourets-demontables\/","og_site_name":"PromoStar S.r.l.","article_modified_time":"2023-04-17T14:37:47+00:00","og_image":[{"width":1200,"height":1200,"url":"https:\/\/www.promostar.it\/wp-content\/uploads\/2022\/04\/Manual-collapsible-spool-2-transparent.jpg","type":"image\/jpeg"}],"twitter_card":"summary_large_image","schema":{"@context":"https:\/\/schema.org","@graph":[{"@type":"WebPage","@id":"https:\/\/www.promostar.it\/fr\/prodotto\/bobines-repliables-tourets-demontables\/","url":"https:\/\/www.promostar.it\/fr\/prodotto\/bobines-repliables-tourets-demontables\/","name":"Les Bobines repliables \u2013 Tourets d\u00e9montables | Promostar","isPartOf":{"@id":"https:\/\/www.promostar.it\/fr\/#website"},"datePublished":"2022-04-05T07:25:59+00:00","dateModified":"2023-04-17T14:37:47+00:00","description":"Les Bobines repliables \u2013 Tourets d\u00e9montables sont utilis\u00e9s pour r\u00e9cup\u00e9rer le fil apr\u00e8s le processus de laminage \u00e0 froid, de tr\u00e9filage ou d'\u00e9tirage en bobines ou en tourets","breadcrumb":{"@id":"https:\/\/www.promostar.it\/fr\/prodotto\/bobines-repliables-tourets-demontables\/#breadcrumb"},"inLanguage":"fr-FR","potentialAction":[{"@type":"ReadAction","target":["https:\/\/www.promostar.it\/fr\/prodotto\/bobines-repliables-tourets-demontables\/"]}]},{"@type":"BreadcrumbList","@id":"https:\/\/www.promostar.it\/fr\/prodotto\/bobines-repliables-tourets-demontables\/#breadcrumb","itemListElement":[{"@type":"ListItem","position":1,"name":"Home","item":"https:\/\/www.promostar.it\/fr\/"},{"@type":"ListItem","position":2,"name":"Produits","item":"https:\/\/www.promostar.it\/fr\/shop\/"},{"@type":"ListItem","position":3,"name":"Bobines repliables \u2013 Tourets d\u00e9montables"}]},{"@type":"WebSite","@id":"https:\/\/www.promostar.it\/fr\/#website","url":"https:\/\/www.promostar.it\/fr\/","name":"PromoStar S.r.l.","description":"Promostar \u00e8 l\u2019azienda leader e la prima ad introdurre il processo di stiratura","publisher":{"@id":"https:\/\/www.promostar.it\/fr\/#organization"},"potentialAction":[{"@type":"SearchAction","target":{"@type":"EntryPoint","urlTemplate":"https:\/\/www.promostar.it\/fr\/?s={search_term_string}"},"query-input":"required name=search_term_string"}],"inLanguage":"fr-FR"},{"@type":"Organization","@id":"https:\/\/www.promostar.it\/fr\/#organization","name":"Promostar","url":"https:\/\/www.promostar.it\/fr\/","logo":{"@type":"ImageObject","inLanguage":"fr-FR","@id":"https:\/\/www.promostar.it\/fr\/#\/schema\/logo\/image\/","url":"https:\/\/www.promostar.it\/wp-content\/uploads\/2020\/10\/promostar-logo.png","contentUrl":"https:\/\/www.promostar.it\/wp-content\/uploads\/2020\/10\/promostar-logo.png","width":210,"height":69,"caption":"Promostar"},"image":{"@id":"https:\/\/www.promostar.it\/fr\/#\/schema\/logo\/image\/"}}]}},"_links":{"self":[{"href":"https:\/\/www.promostar.it\/fr\/wp-json\/wp\/v3\/product\/5579"}],"collection":[{"href":"https:\/\/www.promostar.it\/fr\/wp-json\/wp\/v3\/product"}],"about":[{"href":"https:\/\/www.promostar.it\/fr\/wp-json\/wp\/v2\/types\/product"}],"wp:featuredmedia":[{"embeddable":true,"href":"https:\/\/www.promostar.it\/fr\/wp-json\/wp\/v2\/media\/4146"}],"wp:attachment":[{"href":"https:\/\/www.promostar.it\/fr\/wp-json\/wp\/v2\/media?parent=5579"}],"wp:term":[{"taxonomy":"product_cat","embeddable":true,"href":"https:\/\/www.promostar.it\/fr\/wp-json\/wp\/v2\/product_cat?post=5579"},{"taxonomy":"product_tag","embeddable":true,"href":"https:\/\/www.promostar.it\/fr\/wp-json\/wp\/v2\/product_tag?post=5579"}],"curies":[{"name":"wp","href":"https:\/\/api.w.org\/{rel}","templated":true}]}}