{"id":5578,"date":"2022-04-05T09:34:29","date_gmt":"2022-04-05T07:34:29","guid":{"rendered":"https:\/\/www.promostar.it\/prodotto\/decalamineuse\/"},"modified":"2023-04-17T16:30:28","modified_gmt":"2023-04-17T14:30:28","slug":"decalamineuse","status":"publish","type":"product","link":"https:\/\/www.promostar.it\/fr\/prodotto\/decalamineuse\/","title":{"rendered":"D\u00e9calamineuse"},"content":{"rendered":"<p>[et_pb_section fb_built=\u00a0\u00bb1&Prime; _builder_version=\u00a0\u00bb4.17.0&Prime; _module_preset=\u00a0\u00bbdefault\u00a0\u00bb global_colors_info=\u00a0\u00bb{}\u00a0\u00bb][\/et_pb_section]<\/p>\n","protected":false},"excerpt":{"rendered":"<p>Les <strong>d\u00e9calamineuses<\/strong> sont utilis\u00e9es sur les machines de tr\u00e9filage, de laminage \u00e0 froid et d&rsquo;\u00e9tirage pour \u00e9liminer la calamine g\u00e9n\u00e9r\u00e9e pendant le processus de laminage \u00e0 chaud et l&rsquo;oxyde de la surface du fil caus\u00e9 par une exposition prolong\u00e9e du mat\u00e9riau \u00e0 l&rsquo;air et \u00e0 l&rsquo;humidit\u00e9.<\/p>\n<p>Les <strong>d\u00e9calamineuses<\/strong> sont con\u00e7ues et adapt\u00e9es en fonction des exigences du client en termes de propret\u00e9 et d&rsquo;installation sp\u00e9cifique des machines et de l&rsquo;entreprise cliente.<\/p>\n<p>Notre gamme de d\u00e9calamineuses m\u00e9caniques comprend :<\/p>\n<ul>\n<li>D\u00e9calamineuse verticale<\/li>\n<li>D\u00e9calamineuse horizontale<\/li>\n<\/ul>\n<p>Les <strong>d\u00e9calamineuses verticale et horizontale<\/strong> nettoient la surface du fil machine en \u00e9liminant la couche d&rsquo;oxyde superficielle par le biais d&rsquo;une flexion altern\u00e9e du fil machine lors de son passage \u00e0 travers diff\u00e9rents rouleaux positionn\u00e9s sur des plans diff\u00e9rents.<\/p>\n","protected":false},"featured_media":4149,"template":"","meta":{"_et_pb_use_builder":"on","_et_pb_old_content":"Les <strong>d\u00e9calamineuses<\/strong> sont utilis\u00e9es sur les machines de tr\u00e9filage, de laminage \u00e0 froid et d'\u00e9tirage pour \u00e9liminer la calamine g\u00e9n\u00e9r\u00e9e pendant le processus de laminage \u00e0 chaud et l'oxyde de la surface du fil caus\u00e9 par une exposition prolong\u00e9e du mat\u00e9riau \u00e0 l'air et \u00e0 l'humidit\u00e9.\n\nLes <strong>d\u00e9calamineuses<\/strong> sont con\u00e7ues et adapt\u00e9es en fonction des exigences du client en termes de propret\u00e9 et d'installation sp\u00e9cifique des machines et de l'entreprise cliente.\n\nNotre gamme de d\u00e9calamineuses m\u00e9caniques comprend :\n<ul>\n \t<li>D\u00e9calamineuse verticale<\/li>\n \t<li>D\u00e9calamineuse horizontale<\/li>\n<\/ul>\nLes <strong>d\u00e9calamineuses verticale et horizontale<\/strong> nettoient la surface du fil machine en \u00e9liminant la couche d'oxyde superficielle par le biais d'une flexion altern\u00e9e du fil machine lors de son passage \u00e0 travers diff\u00e9rents rouleaux positionn\u00e9s sur des plans diff\u00e9rents.\n\nElles sont compos\u00e9es d'une base rigide et d'un support, fabriqu\u00e9s en acier, sur lesquels sont install\u00e9s plusieurs rouleaux avec insert anti-usure en carbure de tungst\u00e8ne \u00e0 longue dur\u00e9e d'utilisation. Elles sont totalement ferm\u00e9es, et la calamine peut \u00eatre recueillie \u00e0 travers un r\u00e9cipient pr\u00e9sent dans la partie inf\u00e9rieure du d\u00e9tartreur.\n\nLe mod\u00e8le vertical est utilis\u00e9 pour le fil machine jusqu'\u00e0 un diam\u00e8tre de 8 mm et la position de tous les rouleaux est fixe.\n\nLe mod\u00e8le horizontal permet l'entr\u00e9e de fil machine jusqu'\u00e0 un diam\u00e8tre de 20 mm et le degr\u00e9 de d\u00e9calaminage est obtenu gr\u00e2ce \u00e0 la capacit\u00e9 de deux (2) rouleaux r\u00e9glables \u00e0 p\u00e9n\u00e9trer dans le fil. La position des rouleaux r\u00e9glables peut \u00eatre r\u00e9gl\u00e9e directement depuis le pupitre de commande de l'op\u00e9rateur gr\u00e2ce \u00e0 l'utilisation d'un v\u00e9rin \u00e0 vis motoris\u00e9 (un capteur \u00e9lectrique permet d'enregistrer et de rappeler par recette la position des rouleaux, en les r\u00e9glant automatiquement).\n\nCes deux dispositifs sont indiqu\u00e9s pour \u00e9liminer la calamine lourde avant le laminage \u00e0 froid, le tr\u00e9filage ou l'\u00e9tirage ou pour travailler en combinaison avec les <a href=\"https:\/\/www.promostar.it\/prodotto\/cleaning-wire-systems\/\"><u>syst\u00e8mes de nettoyage de fil<\/u><\/a> suivants pour obtenir un niveau de nettoyage plus profond.","_et_gb_content_width":""},"product_cat":[158],"product_tag":[99,106,111,118,122,125,135],"yoast_head":"<!-- This site is optimized with the Yoast SEO plugin v20.5 - https:\/\/yoast.com\/wordpress\/plugins\/seo\/ -->\n<title>D\u00e9calamineuse | Promostar<\/title>\n<meta name=\"description\" content=\"Les d\u00e9calamineuses sont utilis\u00e9es sur les machines de tr\u00e9filage, de laminage \u00e0 froid et d&#039;\u00e9tirage pour \u00e9liminer la calamine g\u00e9n\u00e9r\u00e9e pendant le processus de laminage \u00e0 chaud et l&#039;oxyde\" \/>\n<meta name=\"robots\" content=\"index, follow, max-snippet:-1, max-image-preview:large, max-video-preview:-1\" \/>\n<link rel=\"canonical\" href=\"https:\/\/www.promostar.it\/fr\/prodotto\/decalamineuse\/\" \/>\n<meta property=\"og:locale\" content=\"fr_FR\" \/>\n<meta property=\"og:type\" content=\"article\" \/>\n<meta property=\"og:title\" content=\"D\u00e9calamineuse | Promostar\" \/>\n<meta property=\"og:description\" content=\"Les d\u00e9calamineuses sont utilis\u00e9es sur les machines de tr\u00e9filage, de laminage \u00e0 froid et d&#039;\u00e9tirage pour \u00e9liminer la calamine g\u00e9n\u00e9r\u00e9e pendant le processus de laminage \u00e0 chaud et l&#039;oxyde\" \/>\n<meta property=\"og:url\" content=\"https:\/\/www.promostar.it\/fr\/prodotto\/decalamineuse\/\" \/>\n<meta property=\"og:site_name\" content=\"PromoStar S.r.l.\" \/>\n<meta property=\"article:modified_time\" content=\"2023-04-17T14:30:28+00:00\" \/>\n<meta property=\"og:image\" content=\"https:\/\/www.promostar.it\/wp-content\/uploads\/2022\/04\/Descalers-5-transparent.jpg\" \/>\n\t<meta property=\"og:image:width\" content=\"1200\" \/>\n\t<meta property=\"og:image:height\" content=\"1200\" \/>\n\t<meta property=\"og:image:type\" content=\"image\/jpeg\" \/>\n<meta name=\"twitter:card\" content=\"summary_large_image\" \/>\n<script type=\"application\/ld+json\" class=\"yoast-schema-graph\">{\"@context\":\"https:\/\/schema.org\",\"@graph\":[{\"@type\":\"WebPage\",\"@id\":\"https:\/\/www.promostar.it\/fr\/prodotto\/decalamineuse\/\",\"url\":\"https:\/\/www.promostar.it\/fr\/prodotto\/decalamineuse\/\",\"name\":\"D\u00e9calamineuse | Promostar\",\"isPartOf\":{\"@id\":\"https:\/\/www.promostar.it\/fr\/#website\"},\"datePublished\":\"2022-04-05T07:34:29+00:00\",\"dateModified\":\"2023-04-17T14:30:28+00:00\",\"description\":\"Les d\u00e9calamineuses sont utilis\u00e9es sur les machines de tr\u00e9filage, de laminage \u00e0 froid et d'\u00e9tirage pour \u00e9liminer la calamine g\u00e9n\u00e9r\u00e9e pendant le processus de laminage \u00e0 chaud et l'oxyde\",\"breadcrumb\":{\"@id\":\"https:\/\/www.promostar.it\/fr\/prodotto\/decalamineuse\/#breadcrumb\"},\"inLanguage\":\"fr-FR\",\"potentialAction\":[{\"@type\":\"ReadAction\",\"target\":[\"https:\/\/www.promostar.it\/fr\/prodotto\/decalamineuse\/\"]}]},{\"@type\":\"BreadcrumbList\",\"@id\":\"https:\/\/www.promostar.it\/fr\/prodotto\/decalamineuse\/#breadcrumb\",\"itemListElement\":[{\"@type\":\"ListItem\",\"position\":1,\"name\":\"Home\",\"item\":\"https:\/\/www.promostar.it\/fr\/home-2\/\"},{\"@type\":\"ListItem\",\"position\":2,\"name\":\"Produits\",\"item\":\"https:\/\/www.promostar.it\/fr\/shop\/\"},{\"@type\":\"ListItem\",\"position\":3,\"name\":\"D\u00e9calamineuse\"}]},{\"@type\":\"WebSite\",\"@id\":\"https:\/\/www.promostar.it\/fr\/#website\",\"url\":\"https:\/\/www.promostar.it\/fr\/\",\"name\":\"PromoStar S.r.l.\",\"description\":\"Promostar \u00e8 l\u2019azienda leader e la prima ad introdurre il processo di stiratura\",\"publisher\":{\"@id\":\"https:\/\/www.promostar.it\/fr\/#organization\"},\"potentialAction\":[{\"@type\":\"SearchAction\",\"target\":{\"@type\":\"EntryPoint\",\"urlTemplate\":\"https:\/\/www.promostar.it\/fr\/?s={search_term_string}\"},\"query-input\":\"required name=search_term_string\"}],\"inLanguage\":\"fr-FR\"},{\"@type\":\"Organization\",\"@id\":\"https:\/\/www.promostar.it\/fr\/#organization\",\"name\":\"Promostar\",\"url\":\"https:\/\/www.promostar.it\/fr\/\",\"logo\":{\"@type\":\"ImageObject\",\"inLanguage\":\"fr-FR\",\"@id\":\"https:\/\/www.promostar.it\/fr\/#\/schema\/logo\/image\/\",\"url\":\"https:\/\/www.promostar.it\/wp-content\/uploads\/2020\/10\/promostar-logo.png\",\"contentUrl\":\"https:\/\/www.promostar.it\/wp-content\/uploads\/2020\/10\/promostar-logo.png\",\"width\":210,\"height\":69,\"caption\":\"Promostar\"},\"image\":{\"@id\":\"https:\/\/www.promostar.it\/fr\/#\/schema\/logo\/image\/\"}}]}<\/script>\n<!-- \/ Yoast SEO plugin. -->","yoast_head_json":{"title":"D\u00e9calamineuse | Promostar","description":"Les d\u00e9calamineuses sont utilis\u00e9es sur les machines de tr\u00e9filage, de laminage \u00e0 froid et d'\u00e9tirage pour \u00e9liminer la calamine g\u00e9n\u00e9r\u00e9e pendant le processus de laminage \u00e0 chaud et l'oxyde","robots":{"index":"index","follow":"follow","max-snippet":"max-snippet:-1","max-image-preview":"max-image-preview:large","max-video-preview":"max-video-preview:-1"},"canonical":"https:\/\/www.promostar.it\/fr\/prodotto\/decalamineuse\/","og_locale":"fr_FR","og_type":"article","og_title":"D\u00e9calamineuse | Promostar","og_description":"Les d\u00e9calamineuses sont utilis\u00e9es sur les machines de tr\u00e9filage, de laminage \u00e0 froid et d'\u00e9tirage pour \u00e9liminer la calamine g\u00e9n\u00e9r\u00e9e pendant le processus de laminage \u00e0 chaud et l'oxyde","og_url":"https:\/\/www.promostar.it\/fr\/prodotto\/decalamineuse\/","og_site_name":"PromoStar S.r.l.","article_modified_time":"2023-04-17T14:30:28+00:00","og_image":[{"width":1200,"height":1200,"url":"https:\/\/www.promostar.it\/wp-content\/uploads\/2022\/04\/Descalers-5-transparent.jpg","type":"image\/jpeg"}],"twitter_card":"summary_large_image","schema":{"@context":"https:\/\/schema.org","@graph":[{"@type":"WebPage","@id":"https:\/\/www.promostar.it\/fr\/prodotto\/decalamineuse\/","url":"https:\/\/www.promostar.it\/fr\/prodotto\/decalamineuse\/","name":"D\u00e9calamineuse | Promostar","isPartOf":{"@id":"https:\/\/www.promostar.it\/fr\/#website"},"datePublished":"2022-04-05T07:34:29+00:00","dateModified":"2023-04-17T14:30:28+00:00","description":"Les d\u00e9calamineuses sont utilis\u00e9es sur les machines de tr\u00e9filage, de laminage \u00e0 froid et d'\u00e9tirage pour \u00e9liminer la calamine g\u00e9n\u00e9r\u00e9e pendant le processus de laminage \u00e0 chaud et l'oxyde","breadcrumb":{"@id":"https:\/\/www.promostar.it\/fr\/prodotto\/decalamineuse\/#breadcrumb"},"inLanguage":"fr-FR","potentialAction":[{"@type":"ReadAction","target":["https:\/\/www.promostar.it\/fr\/prodotto\/decalamineuse\/"]}]},{"@type":"BreadcrumbList","@id":"https:\/\/www.promostar.it\/fr\/prodotto\/decalamineuse\/#breadcrumb","itemListElement":[{"@type":"ListItem","position":1,"name":"Home","item":"https:\/\/www.promostar.it\/fr\/home-2\/"},{"@type":"ListItem","position":2,"name":"Produits","item":"https:\/\/www.promostar.it\/fr\/shop\/"},{"@type":"ListItem","position":3,"name":"D\u00e9calamineuse"}]},{"@type":"WebSite","@id":"https:\/\/www.promostar.it\/fr\/#website","url":"https:\/\/www.promostar.it\/fr\/","name":"PromoStar S.r.l.","description":"Promostar \u00e8 l\u2019azienda leader e la prima ad introdurre il processo di stiratura","publisher":{"@id":"https:\/\/www.promostar.it\/fr\/#organization"},"potentialAction":[{"@type":"SearchAction","target":{"@type":"EntryPoint","urlTemplate":"https:\/\/www.promostar.it\/fr\/?s={search_term_string}"},"query-input":"required name=search_term_string"}],"inLanguage":"fr-FR"},{"@type":"Organization","@id":"https:\/\/www.promostar.it\/fr\/#organization","name":"Promostar","url":"https:\/\/www.promostar.it\/fr\/","logo":{"@type":"ImageObject","inLanguage":"fr-FR","@id":"https:\/\/www.promostar.it\/fr\/#\/schema\/logo\/image\/","url":"https:\/\/www.promostar.it\/wp-content\/uploads\/2020\/10\/promostar-logo.png","contentUrl":"https:\/\/www.promostar.it\/wp-content\/uploads\/2020\/10\/promostar-logo.png","width":210,"height":69,"caption":"Promostar"},"image":{"@id":"https:\/\/www.promostar.it\/fr\/#\/schema\/logo\/image\/"}}]}},"_links":{"self":[{"href":"https:\/\/www.promostar.it\/fr\/wp-json\/wp\/v3\/product\/5578"}],"collection":[{"href":"https:\/\/www.promostar.it\/fr\/wp-json\/wp\/v3\/product"}],"about":[{"href":"https:\/\/www.promostar.it\/fr\/wp-json\/wp\/v2\/types\/product"}],"wp:featuredmedia":[{"embeddable":true,"href":"https:\/\/www.promostar.it\/fr\/wp-json\/wp\/v2\/media\/4149"}],"wp:attachment":[{"href":"https:\/\/www.promostar.it\/fr\/wp-json\/wp\/v2\/media?parent=5578"}],"wp:term":[{"taxonomy":"product_cat","embeddable":true,"href":"https:\/\/www.promostar.it\/fr\/wp-json\/wp\/v2\/product_cat?post=5578"},{"taxonomy":"product_tag","embeddable":true,"href":"https:\/\/www.promostar.it\/fr\/wp-json\/wp\/v2\/product_tag?post=5578"}],"curies":[{"name":"wp","href":"https:\/\/api.w.org\/{rel}","templated":true}]}}