{"id":5577,"date":"2022-04-05T09:39:21","date_gmt":"2022-04-05T07:39:21","guid":{"rendered":"https:\/\/www.promostar.it\/prodotto\/les-boites-de-trefilage-a-filieres\/"},"modified":"2023-04-17T16:26:03","modified_gmt":"2023-04-17T14:26:03","slug":"les-boites-de-trefilage-a-filieres","status":"publish","type":"product","link":"https:\/\/www.promostar.it\/fr\/prodotto\/les-boites-de-trefilage-a-filieres\/","title":{"rendered":"Les Boites de tr\u00e9filage \u00e0 fili\u00e8res"},"content":{"rendered":"<p>[et_pb_section fb_built=\u00a0\u00bb1&Prime; _builder_version=\u00a0\u00bb4.17.0&Prime; _module_preset=\u00a0\u00bbdefault\u00a0\u00bb global_colors_info=\u00a0\u00bb{}\u00a0\u00bb][\/et_pb_section]<\/p>\n","protected":false},"excerpt":{"rendered":"<p><strong>Les Boites de tr\u00e9filage \u00e0 fili\u00e8res sont utilis\u00e9s pour un processus de tr\u00e9filage \u00e0 froid du fil machine sans qu\u2019aucun apport de chaleur ne soit n\u00e9cessaire.<\/strong><\/p>\n<p><strong>Les boites de tr\u00e9filage \u00e0 fili\u00e8re<\/strong> gr\u00e2ce au processus de tr\u00e9filage qui r\u00e9duit le diam\u00e8tre du fil lisse \u00e0 la taille souhait\u00e9e ; il s\u2019agit d\u2019un produit d&rsquo;une excellente rondeur avec des propri\u00e9t\u00e9s m\u00e9caniques accrues par rapport au fil machine d&rsquo;entr\u00e9e.<\/p>\n<p>Les applications du produit final sont normalement destin\u00e9es au secteur industriel ou agricole pour la production de fil lisse, de fil galvanis\u00e9, de fil brillant, de fil barbel\u00e9, de fil \u00e0 balles, toron de barri\u00e8re, de fil de cl\u00f4ture, de fil \u00e0 ressort, de clous et de fil d&rsquo;attache.<\/p>\n<p>Les bo\u00eetes de tr\u00e9filage sont constitu\u00e9es d&rsquo;un cadre robuste en acier soud\u00e9 sur lequel sont mont\u00e9s les supports qui permettent l&rsquo;utilisation de la fili\u00e8re \u00e0 pression pour le tr\u00e9filage \u00e0 froid du fil.<\/p>\n<p>Chaque bo\u00eete de tr\u00e9filage est \u00e9quip\u00e9e d&rsquo;un r\u00e9servoir de savon pour la lubrification du fil afin de r\u00e9duire le frottement g\u00e9n\u00e9r\u00e9 entre le fil et la fili\u00e8re.<\/p>\n","protected":false},"featured_media":4167,"template":"","meta":{"_et_pb_use_builder":"on","_et_pb_old_content":"<strong>Les Boites de tr\u00e9filage \u00e0 fili\u00e8res sont utilis\u00e9s pour un processus de tr\u00e9filage \u00e0 froid du fil machine sans qu\u2019aucun apport de chaleur ne soit n\u00e9cessaire.<\/strong>\n\n<strong>Les boites de tr\u00e9filage \u00e0 fili\u00e8re<\/strong> gr\u00e2ce au processus de tr\u00e9filage qui r\u00e9duit le diam\u00e8tre du fil lisse \u00e0 la taille souhait\u00e9e ; il s\u2019agit d\u2019un produit d'une excellente rondeur avec des propri\u00e9t\u00e9s m\u00e9caniques accrues par rapport au fil machine d'entr\u00e9e.\n\nLes applications du produit final sont normalement destin\u00e9es au secteur industriel ou agricole pour la production de fil lisse, de fil galvanis\u00e9, de fil brillant, de fil barbel\u00e9, de fil \u00e0 balles, toron de barri\u00e8re, de fil de cl\u00f4ture, de fil \u00e0 ressort, de clous et de fil d'attache.\n\nLes bo\u00eetes de tr\u00e9filage sont constitu\u00e9es d'un cadre robuste en acier soud\u00e9 sur lequel sont mont\u00e9s les supports qui permettent l'utilisation de la fili\u00e8re \u00e0 pression pour le tr\u00e9filage \u00e0 froid du fil.\n\nChaque bo\u00eete de tr\u00e9filage est \u00e9quip\u00e9e d'un r\u00e9servoir de savon pour la lubrification du fil afin de r\u00e9duire le frottement g\u00e9n\u00e9r\u00e9 entre le fil et la fili\u00e8re.\n\nLa chaleur produite par le processus de tr\u00e9filage est \u00e9limin\u00e9e par un circuit d'eau de refroidissement qui circule directement entre les fili\u00e8res (dans les bo\u00eetes de tr\u00e9filage rotatives, le flux d'eau s'inverse alternativement pour augmenter la turbulence et l'efficacit\u00e9 de l'\u00e9change thermique).\n\nChaque fili\u00e8re est mont\u00e9e sur un support parfaitement align\u00e9 pour permettre un remplacement facile.\n\n<strong>Les bo\u00eetes de tr\u00e9filage<\/strong> sont con\u00e7ues et fabriqu\u00e9es par Promostar en collaboration avec ses partenaires en utilisant les derni\u00e8res technologies et les meilleures marques disponibles sur le march\u00e9.\n\nNous pouvons fournir trois (3) types diff\u00e9rents de bo\u00eetes de tr\u00e9filage :\n<ul>\n \t<li>Fixe<\/li>\n \t<li>Rotatif - libre<\/li>\n \t<li>Rotatif - motoris\u00e9<\/li>\n<\/ul>\nDans les bo\u00eetes de tr\u00e9filage \u00e0 fili\u00e8re fixe, la fili\u00e8re de pression est fixe, tandis que dans le type rotatif, elle tourne pendant l'avancement du fil, r\u00e9duisant ainsi le frottement g\u00e9n\u00e9r\u00e9 entre le fil et la fili\u00e8re.\n\nDans le mod\u00e8le \"rotatif - libre\", la rotation de la fili\u00e8re est obtenue par l'avancement du fil tandis que dans le mod\u00e8le \"rotatif - motoris\u00e9\", la rotation de la fili\u00e8re est assur\u00e9e par un moteur d\u00e9di\u00e9 et est donc ind\u00e9pendante de l'avancement du fil.\n\nNotre offre ne se limite pas aux bo\u00eetes de tr\u00e9filage, mais elle peut \u00eatre compl\u00e9t\u00e9e par une s\u00e9rie d'options et d'accessoires, comme par exemple :\n<ul>\n \t<li><a href=\"https:\/\/www.promostar.it\/prodotto\/pressure-drawing-dies\/\"><u>FILI\u00c8RES \u00c0 PRESSION<\/u><\/a><\/li>\n \t<li><a href=\"https:\/\/www.promostar.it\/prodotto\/pointing-machines\/\"><u>APPOINTEUSES<\/u><\/a><\/li>\n<\/ul>","_et_gb_content_width":""},"product_cat":[158],"product_tag":[122,125],"yoast_head":"<!-- This site is optimized with the Yoast SEO plugin v20.5 - https:\/\/yoast.com\/wordpress\/plugins\/seo\/ -->\n<title>Les Boites de tr\u00e9filage \u00e0 fili\u00e8res | Promostar<\/title>\n<meta name=\"description\" content=\"Les Boites de tr\u00e9filage \u00e0 fili\u00e8res sont utilis\u00e9s pour un processus de tr\u00e9filage \u00e0 froid du fil machine sans qu\u2019aucun apport de chaleur ne soit n\u00e9cessaire.\" \/>\n<meta name=\"robots\" content=\"index, follow, max-snippet:-1, max-image-preview:large, max-video-preview:-1\" \/>\n<link rel=\"canonical\" href=\"https:\/\/www.promostar.it\/fr\/prodotto\/les-boites-de-trefilage-a-filieres\/\" \/>\n<meta property=\"og:locale\" content=\"fr_FR\" \/>\n<meta property=\"og:type\" content=\"article\" \/>\n<meta property=\"og:title\" content=\"Les Boites de tr\u00e9filage \u00e0 fili\u00e8res | Promostar\" \/>\n<meta property=\"og:description\" content=\"Les Boites de tr\u00e9filage \u00e0 fili\u00e8res sont utilis\u00e9s pour un processus de tr\u00e9filage \u00e0 froid du fil machine sans qu\u2019aucun apport de chaleur ne soit n\u00e9cessaire.\" \/>\n<meta property=\"og:url\" content=\"https:\/\/www.promostar.it\/fr\/prodotto\/les-boites-de-trefilage-a-filieres\/\" \/>\n<meta property=\"og:site_name\" content=\"PromoStar S.r.l.\" \/>\n<meta property=\"article:modified_time\" content=\"2023-04-17T14:26:03+00:00\" \/>\n<meta property=\"og:image\" content=\"https:\/\/www.promostar.it\/wp-content\/uploads\/2022\/04\/Motorized-drawing-box-2.jpg\" \/>\n\t<meta property=\"og:image:width\" content=\"1200\" \/>\n\t<meta property=\"og:image:height\" content=\"1200\" \/>\n\t<meta property=\"og:image:type\" content=\"image\/jpeg\" \/>\n<meta name=\"twitter:card\" content=\"summary_large_image\" \/>\n<script type=\"application\/ld+json\" class=\"yoast-schema-graph\">{\"@context\":\"https:\/\/schema.org\",\"@graph\":[{\"@type\":\"WebPage\",\"@id\":\"https:\/\/www.promostar.it\/fr\/prodotto\/les-boites-de-trefilage-a-filieres\/\",\"url\":\"https:\/\/www.promostar.it\/fr\/prodotto\/les-boites-de-trefilage-a-filieres\/\",\"name\":\"Les Boites de tr\u00e9filage \u00e0 fili\u00e8res | Promostar\",\"isPartOf\":{\"@id\":\"https:\/\/www.promostar.it\/fr\/#website\"},\"datePublished\":\"2022-04-05T07:39:21+00:00\",\"dateModified\":\"2023-04-17T14:26:03+00:00\",\"description\":\"Les Boites de tr\u00e9filage \u00e0 fili\u00e8res sont utilis\u00e9s pour un processus de tr\u00e9filage \u00e0 froid du fil machine sans qu\u2019aucun apport de chaleur ne soit n\u00e9cessaire.\",\"breadcrumb\":{\"@id\":\"https:\/\/www.promostar.it\/fr\/prodotto\/les-boites-de-trefilage-a-filieres\/#breadcrumb\"},\"inLanguage\":\"fr-FR\",\"potentialAction\":[{\"@type\":\"ReadAction\",\"target\":[\"https:\/\/www.promostar.it\/fr\/prodotto\/les-boites-de-trefilage-a-filieres\/\"]}]},{\"@type\":\"BreadcrumbList\",\"@id\":\"https:\/\/www.promostar.it\/fr\/prodotto\/les-boites-de-trefilage-a-filieres\/#breadcrumb\",\"itemListElement\":[{\"@type\":\"ListItem\",\"position\":1,\"name\":\"Home\",\"item\":\"https:\/\/www.promostar.it\/fr\/home-2\/\"},{\"@type\":\"ListItem\",\"position\":2,\"name\":\"Produits\",\"item\":\"https:\/\/www.promostar.it\/fr\/shop\/\"},{\"@type\":\"ListItem\",\"position\":3,\"name\":\"Les Boites de tr\u00e9filage \u00e0 fili\u00e8res\"}]},{\"@type\":\"WebSite\",\"@id\":\"https:\/\/www.promostar.it\/fr\/#website\",\"url\":\"https:\/\/www.promostar.it\/fr\/\",\"name\":\"PromoStar S.r.l.\",\"description\":\"Promostar \u00e8 l\u2019azienda leader e la prima ad introdurre il processo di stiratura\",\"publisher\":{\"@id\":\"https:\/\/www.promostar.it\/fr\/#organization\"},\"potentialAction\":[{\"@type\":\"SearchAction\",\"target\":{\"@type\":\"EntryPoint\",\"urlTemplate\":\"https:\/\/www.promostar.it\/fr\/?s={search_term_string}\"},\"query-input\":\"required name=search_term_string\"}],\"inLanguage\":\"fr-FR\"},{\"@type\":\"Organization\",\"@id\":\"https:\/\/www.promostar.it\/fr\/#organization\",\"name\":\"Promostar\",\"url\":\"https:\/\/www.promostar.it\/fr\/\",\"logo\":{\"@type\":\"ImageObject\",\"inLanguage\":\"fr-FR\",\"@id\":\"https:\/\/www.promostar.it\/fr\/#\/schema\/logo\/image\/\",\"url\":\"https:\/\/www.promostar.it\/wp-content\/uploads\/2020\/10\/promostar-logo.png\",\"contentUrl\":\"https:\/\/www.promostar.it\/wp-content\/uploads\/2020\/10\/promostar-logo.png\",\"width\":210,\"height\":69,\"caption\":\"Promostar\"},\"image\":{\"@id\":\"https:\/\/www.promostar.it\/fr\/#\/schema\/logo\/image\/\"}}]}<\/script>\n<!-- \/ Yoast SEO plugin. -->","yoast_head_json":{"title":"Les Boites de tr\u00e9filage \u00e0 fili\u00e8res | Promostar","description":"Les Boites de tr\u00e9filage \u00e0 fili\u00e8res sont utilis\u00e9s pour un processus de tr\u00e9filage \u00e0 froid du fil machine sans qu\u2019aucun apport de chaleur ne soit n\u00e9cessaire.","robots":{"index":"index","follow":"follow","max-snippet":"max-snippet:-1","max-image-preview":"max-image-preview:large","max-video-preview":"max-video-preview:-1"},"canonical":"https:\/\/www.promostar.it\/fr\/prodotto\/les-boites-de-trefilage-a-filieres\/","og_locale":"fr_FR","og_type":"article","og_title":"Les Boites de tr\u00e9filage \u00e0 fili\u00e8res | Promostar","og_description":"Les Boites de tr\u00e9filage \u00e0 fili\u00e8res sont utilis\u00e9s pour un processus de tr\u00e9filage \u00e0 froid du fil machine sans qu\u2019aucun apport de chaleur ne soit n\u00e9cessaire.","og_url":"https:\/\/www.promostar.it\/fr\/prodotto\/les-boites-de-trefilage-a-filieres\/","og_site_name":"PromoStar S.r.l.","article_modified_time":"2023-04-17T14:26:03+00:00","og_image":[{"width":1200,"height":1200,"url":"https:\/\/www.promostar.it\/wp-content\/uploads\/2022\/04\/Motorized-drawing-box-2.jpg","type":"image\/jpeg"}],"twitter_card":"summary_large_image","schema":{"@context":"https:\/\/schema.org","@graph":[{"@type":"WebPage","@id":"https:\/\/www.promostar.it\/fr\/prodotto\/les-boites-de-trefilage-a-filieres\/","url":"https:\/\/www.promostar.it\/fr\/prodotto\/les-boites-de-trefilage-a-filieres\/","name":"Les Boites de tr\u00e9filage \u00e0 fili\u00e8res | Promostar","isPartOf":{"@id":"https:\/\/www.promostar.it\/fr\/#website"},"datePublished":"2022-04-05T07:39:21+00:00","dateModified":"2023-04-17T14:26:03+00:00","description":"Les Boites de tr\u00e9filage \u00e0 fili\u00e8res sont utilis\u00e9s pour un processus de tr\u00e9filage \u00e0 froid du fil machine sans qu\u2019aucun apport de chaleur ne soit n\u00e9cessaire.","breadcrumb":{"@id":"https:\/\/www.promostar.it\/fr\/prodotto\/les-boites-de-trefilage-a-filieres\/#breadcrumb"},"inLanguage":"fr-FR","potentialAction":[{"@type":"ReadAction","target":["https:\/\/www.promostar.it\/fr\/prodotto\/les-boites-de-trefilage-a-filieres\/"]}]},{"@type":"BreadcrumbList","@id":"https:\/\/www.promostar.it\/fr\/prodotto\/les-boites-de-trefilage-a-filieres\/#breadcrumb","itemListElement":[{"@type":"ListItem","position":1,"name":"Home","item":"https:\/\/www.promostar.it\/fr\/home-2\/"},{"@type":"ListItem","position":2,"name":"Produits","item":"https:\/\/www.promostar.it\/fr\/shop\/"},{"@type":"ListItem","position":3,"name":"Les Boites de tr\u00e9filage \u00e0 fili\u00e8res"}]},{"@type":"WebSite","@id":"https:\/\/www.promostar.it\/fr\/#website","url":"https:\/\/www.promostar.it\/fr\/","name":"PromoStar S.r.l.","description":"Promostar \u00e8 l\u2019azienda leader e la prima ad introdurre il processo di stiratura","publisher":{"@id":"https:\/\/www.promostar.it\/fr\/#organization"},"potentialAction":[{"@type":"SearchAction","target":{"@type":"EntryPoint","urlTemplate":"https:\/\/www.promostar.it\/fr\/?s={search_term_string}"},"query-input":"required name=search_term_string"}],"inLanguage":"fr-FR"},{"@type":"Organization","@id":"https:\/\/www.promostar.it\/fr\/#organization","name":"Promostar","url":"https:\/\/www.promostar.it\/fr\/","logo":{"@type":"ImageObject","inLanguage":"fr-FR","@id":"https:\/\/www.promostar.it\/fr\/#\/schema\/logo\/image\/","url":"https:\/\/www.promostar.it\/wp-content\/uploads\/2020\/10\/promostar-logo.png","contentUrl":"https:\/\/www.promostar.it\/wp-content\/uploads\/2020\/10\/promostar-logo.png","width":210,"height":69,"caption":"Promostar"},"image":{"@id":"https:\/\/www.promostar.it\/fr\/#\/schema\/logo\/image\/"}}]}},"_links":{"self":[{"href":"https:\/\/www.promostar.it\/fr\/wp-json\/wp\/v3\/product\/5577"}],"collection":[{"href":"https:\/\/www.promostar.it\/fr\/wp-json\/wp\/v3\/product"}],"about":[{"href":"https:\/\/www.promostar.it\/fr\/wp-json\/wp\/v2\/types\/product"}],"wp:featuredmedia":[{"embeddable":true,"href":"https:\/\/www.promostar.it\/fr\/wp-json\/wp\/v2\/media\/4167"}],"wp:attachment":[{"href":"https:\/\/www.promostar.it\/fr\/wp-json\/wp\/v2\/media?parent=5577"}],"wp:term":[{"taxonomy":"product_cat","embeddable":true,"href":"https:\/\/www.promostar.it\/fr\/wp-json\/wp\/v2\/product_cat?post=5577"},{"taxonomy":"product_tag","embeddable":true,"href":"https:\/\/www.promostar.it\/fr\/wp-json\/wp\/v2\/product_tag?post=5577"}],"curies":[{"name":"wp","href":"https:\/\/api.w.org\/{rel}","templated":true}]}}