{"id":5576,"date":"2022-04-05T09:45:03","date_gmt":"2022-04-05T07:45:03","guid":{"rendered":"https:\/\/www.promostar.it\/prodotto\/les-tourets-bobines-fixes\/"},"modified":"2023-04-17T16:18:06","modified_gmt":"2023-04-17T14:18:06","slug":"les-tourets-bobines-fixes","status":"publish","type":"product","link":"https:\/\/www.promostar.it\/fr\/prodotto\/les-tourets-bobines-fixes\/","title":{"rendered":"Les Tourets-Bobines fixes"},"content":{"rendered":"<p>[et_pb_section fb_built=\u00a0\u00bb1&Prime; _builder_version=\u00a0\u00bb4.17.0&Prime; _module_preset=\u00a0\u00bbdefault\u00a0\u00bb global_colors_info=\u00a0\u00bb{}\u00a0\u00bb][\/et_pb_section]<\/p>\n","protected":false},"excerpt":{"rendered":"<p><strong>Les Tourets-Bobines fixes<\/strong> sont utilis\u00e9s pour r\u00e9cup\u00e9rer le fil apr\u00e8s le processus de laminage \u00e0 froid, de tr\u00e9filage ou d&rsquo;\u00e9tirage pour la production de couronnes de fil m\u00e9tallique.<\/p>\n<p><strong>Les Tourets-Bobines fixes peuvent \u00eatre mont\u00e9s sur diff\u00e9rents types de bobineuses (horizontales et verticales), avec diff\u00e9rentes dimensions et capacit\u00e9s de chargement.<\/strong><\/p>\n<p>Les bobines fixes PROMOSTAR sont fabriqu\u00e9es \u00e0 partir d&rsquo;une lourde structure en acier (tube), parfaitement \u00e9quilibr\u00e9e pour \u00e9viter les vibrations dangereuses lors de l&rsquo;enroulement \u00e0 grande vitesse sur la bobineuse.<\/p>\n<p>Ces bobines sont utilis\u00e9es pour alimenter d&rsquo;autres machines pour la transformation interne du fil, comme par exemple les lignes de maille, les redresseurs, les \u00e9triers, les cages et les poutrelles en treillis.<\/p>\n<p>Les applications du produit final sont normalement des treillis d&rsquo;armature, des \u00e9triers, des cages et des poutres en treillis pour la construction civile et industrielle, les fondations et l&rsquo;industrie de la pr\u00e9fabrication.<\/p>\n","protected":false},"featured_media":4152,"template":"","meta":{"_et_pb_use_builder":"on","_et_pb_old_content":"<strong>Les Tourets-Bobines fixes<\/strong> sont utilis\u00e9s pour r\u00e9cup\u00e9rer le fil apr\u00e8s le processus de laminage \u00e0 froid, de tr\u00e9filage ou d'\u00e9tirage pour la production de couronnes de fil m\u00e9tallique.\n\n<strong>Les Tourets-Bobines fixes peuvent \u00eatre mont\u00e9s sur diff\u00e9rents types de bobineuses (horizontales et verticales), avec diff\u00e9rentes dimensions et capacit\u00e9s de chargement.<\/strong>\n\nLes bobines fixes PROMOSTAR sont fabriqu\u00e9es \u00e0 partir d'une lourde structure en acier (tube), parfaitement \u00e9quilibr\u00e9e pour \u00e9viter les vibrations dangereuses lors de l'enroulement \u00e0 grande vitesse sur la bobineuse.\n\nCes bobines sont utilis\u00e9es pour alimenter d'autres machines pour la transformation interne du fil, comme par exemple les lignes de maille, les redresseurs, les \u00e9triers, les cages et les poutrelles en treillis.\n\nLes applications du produit final sont normalement des treillis d'armature, des \u00e9triers, des cages et des poutres en treillis pour la construction civile et industrielle, les fondations et l'industrie de la pr\u00e9fabrication.","_et_gb_content_width":""},"product_cat":[158],"product_tag":[99,104,106,111,113,118,122,125,135,137],"yoast_head":"<!-- This site is optimized with the Yoast SEO plugin v20.5 - https:\/\/yoast.com\/wordpress\/plugins\/seo\/ -->\n<title>Les Tourets-Bobines fixes | Promostar<\/title>\n<meta name=\"description\" content=\"Les Tourets-Bobines fixes sont utilis\u00e9s pour r\u00e9cup\u00e9rer le fil apr\u00e8s le processus de laminage \u00e0 froid, de tr\u00e9filage ou d&#039;\u00e9tirage pour la production de couronnes de fil m\u00e9tallique.\" \/>\n<meta name=\"robots\" content=\"index, follow, max-snippet:-1, max-image-preview:large, max-video-preview:-1\" \/>\n<link rel=\"canonical\" href=\"https:\/\/www.promostar.it\/fr\/prodotto\/les-tourets-bobines-fixes\/\" \/>\n<meta property=\"og:locale\" content=\"fr_FR\" \/>\n<meta property=\"og:type\" content=\"article\" \/>\n<meta property=\"og:title\" content=\"Les Tourets-Bobines fixes | Promostar\" \/>\n<meta property=\"og:description\" content=\"Les Tourets-Bobines fixes sont utilis\u00e9s pour r\u00e9cup\u00e9rer le fil apr\u00e8s le processus de laminage \u00e0 froid, de tr\u00e9filage ou d&#039;\u00e9tirage pour la production de couronnes de fil m\u00e9tallique.\" \/>\n<meta property=\"og:url\" content=\"https:\/\/www.promostar.it\/fr\/prodotto\/les-tourets-bobines-fixes\/\" \/>\n<meta property=\"og:site_name\" content=\"PromoStar S.r.l.\" \/>\n<meta property=\"article:modified_time\" content=\"2023-04-17T14:18:06+00:00\" \/>\n<meta property=\"og:image\" content=\"https:\/\/www.promostar.it\/wp-content\/uploads\/2022\/04\/Fixed-spool-1-transparent.jpg\" \/>\n\t<meta property=\"og:image:width\" content=\"627\" \/>\n\t<meta property=\"og:image:height\" content=\"627\" \/>\n\t<meta property=\"og:image:type\" content=\"image\/jpeg\" \/>\n<meta name=\"twitter:card\" content=\"summary_large_image\" \/>\n<script type=\"application\/ld+json\" class=\"yoast-schema-graph\">{\"@context\":\"https:\/\/schema.org\",\"@graph\":[{\"@type\":\"WebPage\",\"@id\":\"https:\/\/www.promostar.it\/fr\/prodotto\/les-tourets-bobines-fixes\/\",\"url\":\"https:\/\/www.promostar.it\/fr\/prodotto\/les-tourets-bobines-fixes\/\",\"name\":\"Les Tourets-Bobines fixes | Promostar\",\"isPartOf\":{\"@id\":\"https:\/\/www.promostar.it\/fr\/#website\"},\"datePublished\":\"2022-04-05T07:45:03+00:00\",\"dateModified\":\"2023-04-17T14:18:06+00:00\",\"description\":\"Les Tourets-Bobines fixes sont utilis\u00e9s pour r\u00e9cup\u00e9rer le fil apr\u00e8s le processus de laminage \u00e0 froid, de tr\u00e9filage ou d'\u00e9tirage pour la production de couronnes de fil m\u00e9tallique.\",\"breadcrumb\":{\"@id\":\"https:\/\/www.promostar.it\/fr\/prodotto\/les-tourets-bobines-fixes\/#breadcrumb\"},\"inLanguage\":\"fr-FR\",\"potentialAction\":[{\"@type\":\"ReadAction\",\"target\":[\"https:\/\/www.promostar.it\/fr\/prodotto\/les-tourets-bobines-fixes\/\"]}]},{\"@type\":\"BreadcrumbList\",\"@id\":\"https:\/\/www.promostar.it\/fr\/prodotto\/les-tourets-bobines-fixes\/#breadcrumb\",\"itemListElement\":[{\"@type\":\"ListItem\",\"position\":1,\"name\":\"Home\",\"item\":\"https:\/\/www.promostar.it\/fr\/\"},{\"@type\":\"ListItem\",\"position\":2,\"name\":\"Produits\",\"item\":\"https:\/\/www.promostar.it\/fr\/shop\/\"},{\"@type\":\"ListItem\",\"position\":3,\"name\":\"Les Tourets-Bobines fixes\"}]},{\"@type\":\"WebSite\",\"@id\":\"https:\/\/www.promostar.it\/fr\/#website\",\"url\":\"https:\/\/www.promostar.it\/fr\/\",\"name\":\"PromoStar S.r.l.\",\"description\":\"Promostar \u00e8 l\u2019azienda leader e la prima ad introdurre il processo di stiratura\",\"publisher\":{\"@id\":\"https:\/\/www.promostar.it\/fr\/#organization\"},\"potentialAction\":[{\"@type\":\"SearchAction\",\"target\":{\"@type\":\"EntryPoint\",\"urlTemplate\":\"https:\/\/www.promostar.it\/fr\/?s={search_term_string}\"},\"query-input\":\"required name=search_term_string\"}],\"inLanguage\":\"fr-FR\"},{\"@type\":\"Organization\",\"@id\":\"https:\/\/www.promostar.it\/fr\/#organization\",\"name\":\"Promostar\",\"url\":\"https:\/\/www.promostar.it\/fr\/\",\"logo\":{\"@type\":\"ImageObject\",\"inLanguage\":\"fr-FR\",\"@id\":\"https:\/\/www.promostar.it\/fr\/#\/schema\/logo\/image\/\",\"url\":\"https:\/\/www.promostar.it\/wp-content\/uploads\/2020\/10\/promostar-logo.png\",\"contentUrl\":\"https:\/\/www.promostar.it\/wp-content\/uploads\/2020\/10\/promostar-logo.png\",\"width\":210,\"height\":69,\"caption\":\"Promostar\"},\"image\":{\"@id\":\"https:\/\/www.promostar.it\/fr\/#\/schema\/logo\/image\/\"}}]}<\/script>\n<!-- \/ Yoast SEO plugin. -->","yoast_head_json":{"title":"Les Tourets-Bobines fixes | Promostar","description":"Les Tourets-Bobines fixes sont utilis\u00e9s pour r\u00e9cup\u00e9rer le fil apr\u00e8s le processus de laminage \u00e0 froid, de tr\u00e9filage ou d'\u00e9tirage pour la production de couronnes de fil m\u00e9tallique.","robots":{"index":"index","follow":"follow","max-snippet":"max-snippet:-1","max-image-preview":"max-image-preview:large","max-video-preview":"max-video-preview:-1"},"canonical":"https:\/\/www.promostar.it\/fr\/prodotto\/les-tourets-bobines-fixes\/","og_locale":"fr_FR","og_type":"article","og_title":"Les Tourets-Bobines fixes | Promostar","og_description":"Les Tourets-Bobines fixes sont utilis\u00e9s pour r\u00e9cup\u00e9rer le fil apr\u00e8s le processus de laminage \u00e0 froid, de tr\u00e9filage ou d'\u00e9tirage pour la production de couronnes de fil m\u00e9tallique.","og_url":"https:\/\/www.promostar.it\/fr\/prodotto\/les-tourets-bobines-fixes\/","og_site_name":"PromoStar S.r.l.","article_modified_time":"2023-04-17T14:18:06+00:00","og_image":[{"width":627,"height":627,"url":"https:\/\/www.promostar.it\/wp-content\/uploads\/2022\/04\/Fixed-spool-1-transparent.jpg","type":"image\/jpeg"}],"twitter_card":"summary_large_image","schema":{"@context":"https:\/\/schema.org","@graph":[{"@type":"WebPage","@id":"https:\/\/www.promostar.it\/fr\/prodotto\/les-tourets-bobines-fixes\/","url":"https:\/\/www.promostar.it\/fr\/prodotto\/les-tourets-bobines-fixes\/","name":"Les Tourets-Bobines fixes | Promostar","isPartOf":{"@id":"https:\/\/www.promostar.it\/fr\/#website"},"datePublished":"2022-04-05T07:45:03+00:00","dateModified":"2023-04-17T14:18:06+00:00","description":"Les Tourets-Bobines fixes sont utilis\u00e9s pour r\u00e9cup\u00e9rer le fil apr\u00e8s le processus de laminage \u00e0 froid, de tr\u00e9filage ou d'\u00e9tirage pour la production de couronnes de fil m\u00e9tallique.","breadcrumb":{"@id":"https:\/\/www.promostar.it\/fr\/prodotto\/les-tourets-bobines-fixes\/#breadcrumb"},"inLanguage":"fr-FR","potentialAction":[{"@type":"ReadAction","target":["https:\/\/www.promostar.it\/fr\/prodotto\/les-tourets-bobines-fixes\/"]}]},{"@type":"BreadcrumbList","@id":"https:\/\/www.promostar.it\/fr\/prodotto\/les-tourets-bobines-fixes\/#breadcrumb","itemListElement":[{"@type":"ListItem","position":1,"name":"Home","item":"https:\/\/www.promostar.it\/fr\/"},{"@type":"ListItem","position":2,"name":"Produits","item":"https:\/\/www.promostar.it\/fr\/shop\/"},{"@type":"ListItem","position":3,"name":"Les Tourets-Bobines fixes"}]},{"@type":"WebSite","@id":"https:\/\/www.promostar.it\/fr\/#website","url":"https:\/\/www.promostar.it\/fr\/","name":"PromoStar S.r.l.","description":"Promostar \u00e8 l\u2019azienda leader e la prima ad introdurre il processo di stiratura","publisher":{"@id":"https:\/\/www.promostar.it\/fr\/#organization"},"potentialAction":[{"@type":"SearchAction","target":{"@type":"EntryPoint","urlTemplate":"https:\/\/www.promostar.it\/fr\/?s={search_term_string}"},"query-input":"required name=search_term_string"}],"inLanguage":"fr-FR"},{"@type":"Organization","@id":"https:\/\/www.promostar.it\/fr\/#organization","name":"Promostar","url":"https:\/\/www.promostar.it\/fr\/","logo":{"@type":"ImageObject","inLanguage":"fr-FR","@id":"https:\/\/www.promostar.it\/fr\/#\/schema\/logo\/image\/","url":"https:\/\/www.promostar.it\/wp-content\/uploads\/2020\/10\/promostar-logo.png","contentUrl":"https:\/\/www.promostar.it\/wp-content\/uploads\/2020\/10\/promostar-logo.png","width":210,"height":69,"caption":"Promostar"},"image":{"@id":"https:\/\/www.promostar.it\/fr\/#\/schema\/logo\/image\/"}}]}},"_links":{"self":[{"href":"https:\/\/www.promostar.it\/fr\/wp-json\/wp\/v3\/product\/5576"}],"collection":[{"href":"https:\/\/www.promostar.it\/fr\/wp-json\/wp\/v3\/product"}],"about":[{"href":"https:\/\/www.promostar.it\/fr\/wp-json\/wp\/v2\/types\/product"}],"wp:featuredmedia":[{"embeddable":true,"href":"https:\/\/www.promostar.it\/fr\/wp-json\/wp\/v2\/media\/4152"}],"wp:attachment":[{"href":"https:\/\/www.promostar.it\/fr\/wp-json\/wp\/v2\/media?parent=5576"}],"wp:term":[{"taxonomy":"product_cat","embeddable":true,"href":"https:\/\/www.promostar.it\/fr\/wp-json\/wp\/v2\/product_cat?post=5576"},{"taxonomy":"product_tag","embeddable":true,"href":"https:\/\/www.promostar.it\/fr\/wp-json\/wp\/v2\/product_tag?post=5576"}],"curies":[{"name":"wp","href":"https:\/\/api.w.org\/{rel}","templated":true}]}}