{"id":5575,"date":"2022-04-05T09:56:44","date_gmt":"2022-04-05T07:56:44","guid":{"rendered":"https:\/\/www.promostar.it\/prodotto\/la-station-de-cerclage-manuel-pour-couronnes\/"},"modified":"2023-04-17T16:14:49","modified_gmt":"2023-04-17T14:14:49","slug":"la-station-de-cerclage-manuel-pour-couronnes","status":"publish","type":"product","link":"https:\/\/www.promostar.it\/fr\/prodotto\/la-station-de-cerclage-manuel-pour-couronnes\/","title":{"rendered":"La station de cerclage manuel pour couronnes"},"content":{"rendered":"<p>[et_pb_section fb_built=\u00a0\u00bb1&Prime; _builder_version=\u00a0\u00bb4.17.0&Prime; _module_preset=\u00a0\u00bbdefault\u00a0\u00bb global_colors_info=\u00a0\u00bb{}\u00a0\u00bb][\/et_pb_section]<\/p>\n","protected":false},"excerpt":{"rendered":"<p><strong>La station de cerclage manuel pour couronnes<\/strong> est utilis\u00e9e pour permettre \u00e0 l&rsquo;op\u00e9rateur de manipuler et d&rsquo;attacher manuellement, \u00e0 l&rsquo;aide de feuillards m\u00e9talliques, les couronnes compactes produites sur des bobines repliables.<\/p>\n<p><strong>La station de cerclage manuel pour couronnes<\/strong> est normalement install\u00e9e en tant que machine autonome pr\u00e8s de la bobineuse d&rsquo;o\u00f9 sortent les bobines. Les bobines sont manipul\u00e9es et charg\u00e9es sur la station \u00e0 l&rsquo;aide d&rsquo;une grue ou simplement enroul\u00e9es manuellement depuis la bobineuse.<\/p>\n<p>La station, construite avec une structure m\u00e9tallique robuste, comprend une plate-forme de retournement qui permet \u00e0 l&rsquo;op\u00e9rateur de faire pivoter les bobines de l&rsquo;axe horizontal \u00e0 l&rsquo;axe vertical (et inversement) et un palan \u00e0 bras de levage pour soulever la flasque sup\u00e9rieure des bobines afin de d\u00e9sassembler et de r\u00e9assembler les bobines repliables.<\/p>\n<p>Gr\u00e2ce \u00e0 cette unit\u00e9, il est possible de cercler manuellement les couronnes et\/ou de faire pivoter l&rsquo;axe des bobines de 90\u00b0 degr\u00e9s pour r\u00e9soudre les probl\u00e8mes de manutention dans les situations o\u00f9, par exemple, les bobines sont produites \u00e0 l&rsquo;horizontale alors que le d\u00e9bobinage du fil sur la machine \u00e0 grillage se fait en position verticale.<\/p>\n","protected":false},"featured_media":4155,"template":"","meta":{"_et_pb_use_builder":"on","_et_pb_old_content":"<strong>La station de cerclage manuel pour couronnes<\/strong> est utilis\u00e9e pour permettre \u00e0 l'op\u00e9rateur de manipuler et d'attacher manuellement, \u00e0 l'aide de feuillards m\u00e9talliques, les couronnes compactes produites sur des bobines repliables.\n\n<strong>La station de cerclage manuel pour couronnes<\/strong> est normalement install\u00e9e en tant que machine autonome pr\u00e8s de la bobineuse d'o\u00f9 sortent les bobines. Les bobines sont manipul\u00e9es et charg\u00e9es sur la station \u00e0 l'aide d'une grue ou simplement enroul\u00e9es manuellement depuis la bobineuse.\n\nLa station, construite avec une structure m\u00e9tallique robuste, comprend une plate-forme de retournement qui permet \u00e0 l'op\u00e9rateur de faire pivoter les bobines de l'axe horizontal \u00e0 l'axe vertical (et inversement) et un palan \u00e0 bras de levage pour soulever la flasque sup\u00e9rieure des bobines afin de d\u00e9sassembler et de r\u00e9assembler les bobines repliables.\n\nGr\u00e2ce \u00e0 cette unit\u00e9, il est possible de cercler manuellement les couronnes et\/ou de faire pivoter l'axe des bobines de 90\u00b0 degr\u00e9s pour r\u00e9soudre les probl\u00e8mes de manutention dans les situations o\u00f9, par exemple, les bobines sont produites \u00e0 l'horizontale alors que le d\u00e9bobinage du fil sur la machine \u00e0 grillage se fait en position verticale.","_et_gb_content_width":""},"product_cat":[158],"product_tag":[99,104,106,111,118,135],"yoast_head":"<!-- This site is optimized with the Yoast SEO plugin v20.5 - https:\/\/yoast.com\/wordpress\/plugins\/seo\/ -->\n<title>La station de cerclage manuel pour couronnes | Promostar<\/title>\n<meta name=\"description\" content=\"La station de cerclage manuel pour couronnes est utilis\u00e9e pour permettre \u00e0 l&#039;op\u00e9rateur de manipuler et d&#039;attacher manuellement, \u00e0 l&#039;aide de feuillards m\u00e9talliques, les couronnes compactes produites sur des bobines repliables.\" \/>\n<meta name=\"robots\" content=\"index, follow, max-snippet:-1, max-image-preview:large, max-video-preview:-1\" \/>\n<link rel=\"canonical\" href=\"https:\/\/www.promostar.it\/fr\/prodotto\/la-station-de-cerclage-manuel-pour-couronnes\/\" \/>\n<meta property=\"og:locale\" content=\"fr_FR\" \/>\n<meta property=\"og:type\" content=\"article\" \/>\n<meta property=\"og:title\" content=\"La station de cerclage manuel pour couronnes | Promostar\" \/>\n<meta property=\"og:description\" content=\"La station de cerclage manuel pour couronnes est utilis\u00e9e pour permettre \u00e0 l&#039;op\u00e9rateur de manipuler et d&#039;attacher manuellement, \u00e0 l&#039;aide de feuillards m\u00e9talliques, les couronnes compactes produites sur des bobines repliables.\" \/>\n<meta property=\"og:url\" content=\"https:\/\/www.promostar.it\/fr\/prodotto\/la-station-de-cerclage-manuel-pour-couronnes\/\" \/>\n<meta property=\"og:site_name\" content=\"PromoStar S.r.l.\" \/>\n<meta property=\"article:modified_time\" content=\"2023-04-17T14:14:49+00:00\" \/>\n<meta property=\"og:image\" content=\"https:\/\/www.promostar.it\/wp-content\/uploads\/2022\/04\/Manual-Strapping-station-2-transparent.jpg\" \/>\n\t<meta property=\"og:image:width\" content=\"1200\" \/>\n\t<meta property=\"og:image:height\" content=\"1200\" \/>\n\t<meta property=\"og:image:type\" content=\"image\/jpeg\" \/>\n<meta name=\"twitter:card\" content=\"summary_large_image\" \/>\n<script type=\"application\/ld+json\" class=\"yoast-schema-graph\">{\"@context\":\"https:\/\/schema.org\",\"@graph\":[{\"@type\":\"WebPage\",\"@id\":\"https:\/\/www.promostar.it\/fr\/prodotto\/la-station-de-cerclage-manuel-pour-couronnes\/\",\"url\":\"https:\/\/www.promostar.it\/fr\/prodotto\/la-station-de-cerclage-manuel-pour-couronnes\/\",\"name\":\"La station de cerclage manuel pour couronnes | Promostar\",\"isPartOf\":{\"@id\":\"https:\/\/www.promostar.it\/fr\/#website\"},\"datePublished\":\"2022-04-05T07:56:44+00:00\",\"dateModified\":\"2023-04-17T14:14:49+00:00\",\"description\":\"La station de cerclage manuel pour couronnes est utilis\u00e9e pour permettre \u00e0 l'op\u00e9rateur de manipuler et d'attacher manuellement, \u00e0 l'aide de feuillards m\u00e9talliques, les couronnes compactes produites sur des bobines repliables.\",\"breadcrumb\":{\"@id\":\"https:\/\/www.promostar.it\/fr\/prodotto\/la-station-de-cerclage-manuel-pour-couronnes\/#breadcrumb\"},\"inLanguage\":\"fr-FR\",\"potentialAction\":[{\"@type\":\"ReadAction\",\"target\":[\"https:\/\/www.promostar.it\/fr\/prodotto\/la-station-de-cerclage-manuel-pour-couronnes\/\"]}]},{\"@type\":\"BreadcrumbList\",\"@id\":\"https:\/\/www.promostar.it\/fr\/prodotto\/la-station-de-cerclage-manuel-pour-couronnes\/#breadcrumb\",\"itemListElement\":[{\"@type\":\"ListItem\",\"position\":1,\"name\":\"Home\",\"item\":\"https:\/\/www.promostar.it\/fr\/\"},{\"@type\":\"ListItem\",\"position\":2,\"name\":\"Produits\",\"item\":\"https:\/\/www.promostar.it\/fr\/shop\/\"},{\"@type\":\"ListItem\",\"position\":3,\"name\":\"La station de cerclage manuel pour couronnes\"}]},{\"@type\":\"WebSite\",\"@id\":\"https:\/\/www.promostar.it\/fr\/#website\",\"url\":\"https:\/\/www.promostar.it\/fr\/\",\"name\":\"PromoStar S.r.l.\",\"description\":\"Promostar \u00e8 l\u2019azienda leader e la prima ad introdurre il processo di stiratura\",\"publisher\":{\"@id\":\"https:\/\/www.promostar.it\/fr\/#organization\"},\"potentialAction\":[{\"@type\":\"SearchAction\",\"target\":{\"@type\":\"EntryPoint\",\"urlTemplate\":\"https:\/\/www.promostar.it\/fr\/?s={search_term_string}\"},\"query-input\":\"required name=search_term_string\"}],\"inLanguage\":\"fr-FR\"},{\"@type\":\"Organization\",\"@id\":\"https:\/\/www.promostar.it\/fr\/#organization\",\"name\":\"Promostar\",\"url\":\"https:\/\/www.promostar.it\/fr\/\",\"logo\":{\"@type\":\"ImageObject\",\"inLanguage\":\"fr-FR\",\"@id\":\"https:\/\/www.promostar.it\/fr\/#\/schema\/logo\/image\/\",\"url\":\"https:\/\/www.promostar.it\/wp-content\/uploads\/2020\/10\/promostar-logo.png\",\"contentUrl\":\"https:\/\/www.promostar.it\/wp-content\/uploads\/2020\/10\/promostar-logo.png\",\"width\":210,\"height\":69,\"caption\":\"Promostar\"},\"image\":{\"@id\":\"https:\/\/www.promostar.it\/fr\/#\/schema\/logo\/image\/\"}}]}<\/script>\n<!-- \/ Yoast SEO plugin. -->","yoast_head_json":{"title":"La station de cerclage manuel pour couronnes | Promostar","description":"La station de cerclage manuel pour couronnes est utilis\u00e9e pour permettre \u00e0 l'op\u00e9rateur de manipuler et d'attacher manuellement, \u00e0 l'aide de feuillards m\u00e9talliques, les couronnes compactes produites sur des bobines repliables.","robots":{"index":"index","follow":"follow","max-snippet":"max-snippet:-1","max-image-preview":"max-image-preview:large","max-video-preview":"max-video-preview:-1"},"canonical":"https:\/\/www.promostar.it\/fr\/prodotto\/la-station-de-cerclage-manuel-pour-couronnes\/","og_locale":"fr_FR","og_type":"article","og_title":"La station de cerclage manuel pour couronnes | Promostar","og_description":"La station de cerclage manuel pour couronnes est utilis\u00e9e pour permettre \u00e0 l'op\u00e9rateur de manipuler et d'attacher manuellement, \u00e0 l'aide de feuillards m\u00e9talliques, les couronnes compactes produites sur des bobines repliables.","og_url":"https:\/\/www.promostar.it\/fr\/prodotto\/la-station-de-cerclage-manuel-pour-couronnes\/","og_site_name":"PromoStar S.r.l.","article_modified_time":"2023-04-17T14:14:49+00:00","og_image":[{"width":1200,"height":1200,"url":"https:\/\/www.promostar.it\/wp-content\/uploads\/2022\/04\/Manual-Strapping-station-2-transparent.jpg","type":"image\/jpeg"}],"twitter_card":"summary_large_image","schema":{"@context":"https:\/\/schema.org","@graph":[{"@type":"WebPage","@id":"https:\/\/www.promostar.it\/fr\/prodotto\/la-station-de-cerclage-manuel-pour-couronnes\/","url":"https:\/\/www.promostar.it\/fr\/prodotto\/la-station-de-cerclage-manuel-pour-couronnes\/","name":"La station de cerclage manuel pour couronnes | Promostar","isPartOf":{"@id":"https:\/\/www.promostar.it\/fr\/#website"},"datePublished":"2022-04-05T07:56:44+00:00","dateModified":"2023-04-17T14:14:49+00:00","description":"La station de cerclage manuel pour couronnes est utilis\u00e9e pour permettre \u00e0 l'op\u00e9rateur de manipuler et d'attacher manuellement, \u00e0 l'aide de feuillards m\u00e9talliques, les couronnes compactes produites sur des bobines repliables.","breadcrumb":{"@id":"https:\/\/www.promostar.it\/fr\/prodotto\/la-station-de-cerclage-manuel-pour-couronnes\/#breadcrumb"},"inLanguage":"fr-FR","potentialAction":[{"@type":"ReadAction","target":["https:\/\/www.promostar.it\/fr\/prodotto\/la-station-de-cerclage-manuel-pour-couronnes\/"]}]},{"@type":"BreadcrumbList","@id":"https:\/\/www.promostar.it\/fr\/prodotto\/la-station-de-cerclage-manuel-pour-couronnes\/#breadcrumb","itemListElement":[{"@type":"ListItem","position":1,"name":"Home","item":"https:\/\/www.promostar.it\/fr\/"},{"@type":"ListItem","position":2,"name":"Produits","item":"https:\/\/www.promostar.it\/fr\/shop\/"},{"@type":"ListItem","position":3,"name":"La station de cerclage manuel pour couronnes"}]},{"@type":"WebSite","@id":"https:\/\/www.promostar.it\/fr\/#website","url":"https:\/\/www.promostar.it\/fr\/","name":"PromoStar S.r.l.","description":"Promostar \u00e8 l\u2019azienda leader e la prima ad introdurre il processo di stiratura","publisher":{"@id":"https:\/\/www.promostar.it\/fr\/#organization"},"potentialAction":[{"@type":"SearchAction","target":{"@type":"EntryPoint","urlTemplate":"https:\/\/www.promostar.it\/fr\/?s={search_term_string}"},"query-input":"required name=search_term_string"}],"inLanguage":"fr-FR"},{"@type":"Organization","@id":"https:\/\/www.promostar.it\/fr\/#organization","name":"Promostar","url":"https:\/\/www.promostar.it\/fr\/","logo":{"@type":"ImageObject","inLanguage":"fr-FR","@id":"https:\/\/www.promostar.it\/fr\/#\/schema\/logo\/image\/","url":"https:\/\/www.promostar.it\/wp-content\/uploads\/2020\/10\/promostar-logo.png","contentUrl":"https:\/\/www.promostar.it\/wp-content\/uploads\/2020\/10\/promostar-logo.png","width":210,"height":69,"caption":"Promostar"},"image":{"@id":"https:\/\/www.promostar.it\/fr\/#\/schema\/logo\/image\/"}}]}},"_links":{"self":[{"href":"https:\/\/www.promostar.it\/fr\/wp-json\/wp\/v3\/product\/5575"}],"collection":[{"href":"https:\/\/www.promostar.it\/fr\/wp-json\/wp\/v3\/product"}],"about":[{"href":"https:\/\/www.promostar.it\/fr\/wp-json\/wp\/v2\/types\/product"}],"wp:featuredmedia":[{"embeddable":true,"href":"https:\/\/www.promostar.it\/fr\/wp-json\/wp\/v2\/media\/4155"}],"wp:attachment":[{"href":"https:\/\/www.promostar.it\/fr\/wp-json\/wp\/v2\/media?parent=5575"}],"wp:term":[{"taxonomy":"product_cat","embeddable":true,"href":"https:\/\/www.promostar.it\/fr\/wp-json\/wp\/v2\/product_cat?post=5575"},{"taxonomy":"product_tag","embeddable":true,"href":"https:\/\/www.promostar.it\/fr\/wp-json\/wp\/v2\/product_tag?post=5575"}],"curies":[{"name":"wp","href":"https:\/\/api.w.org\/{rel}","templated":true}]}}