{"id":5574,"date":"2022-04-05T10:07:28","date_gmt":"2022-04-05T08:07:28","guid":{"rendered":"https:\/\/www.promostar.it\/prodotto\/le-dispositif-de-retournement-de-bobines\/"},"modified":"2023-04-17T16:10:51","modified_gmt":"2023-04-17T14:10:51","slug":"le-dispositif-de-retournement-de-bobines","status":"publish","type":"product","link":"https:\/\/www.promostar.it\/fr\/prodotto\/le-dispositif-de-retournement-de-bobines\/","title":{"rendered":"Le dispositif de retournement de bobines"},"content":{"rendered":"<p>[et_pb_section fb_built=\u00a0\u00bb1&Prime; _builder_version=\u00a0\u00bb4.17.0&Prime; _module_preset=\u00a0\u00bbdefault\u00a0\u00bb global_colors_info=\u00a0\u00bb{}\u00a0\u00bb][\/et_pb_section]<\/p>\n","protected":false},"excerpt":{"rendered":"<p>Le <strong>dispositif de retournement de bobines<\/strong> est utilis\u00e9 pour faire passer de l&rsquo;axe horizontal \u00e0 l&rsquo;axe vertical (et inversement) les bobines (vides ou remplies) provenant du bobineur de la ligne de laminage \u00e0 froid ou de tr\u00e9filage.<\/p>\n<p>Le <strong>dispositif de retournement de bobines<\/strong> permet g\u00e9n\u00e9ralement de r\u00e9soudre les probl\u00e8mes de manutention dans les situations o\u00f9, par exemple, les bobines sont produites \u00e0 l&rsquo;horizontale alors que le d\u00e9roulement sur la machine \u00e0 grillage est en position verticale.<\/p>\n<p><strong>Le dispositif de retournement de bobines <\/strong>est normalement install\u00e9 comme une machine autonome \u00e0 proximit\u00e9 de la bobineuse d&rsquo;o\u00f9 sortent les bobines ou, comme alternative, il peut \u00eatre int\u00e9gr\u00e9 au convoyeur automatique des rouleaux de d\u00e9chargement : c&rsquo;est en effet l&rsquo;installation typique lorsque les bobines (ou m\u00eame les couronnes), juste produites par une bobineuse verticale, doivent \u00eatre retourn\u00e9es \u00e0 180\u00b0 pour obtenir des bobines dans le sens des aiguilles d&rsquo;une montre (au lieu du sens inverse).<\/p>\n<p>Une autre application d\u00e9di\u00e9e aux bobines manuelles pliables int\u00e8gre le dispositif de retournement dans la <u>station de cerclage manuel<\/u> qui permet \u00e0 l&rsquo;op\u00e9rateur d&rsquo;effectuer facilement le cerclage manuel et de manipuler la bobine (ouverture\/fermeture).<\/p>\n","protected":false},"featured_media":4158,"template":"","meta":{"_et_pb_use_builder":"on","_et_pb_old_content":"Le <strong>dispositif de retournement de bobines<\/strong> est utilis\u00e9 pour faire passer de l'axe horizontal \u00e0 l'axe vertical (et inversement) les bobines (vides ou remplies) provenant du bobineur de la ligne de laminage \u00e0 froid ou de tr\u00e9filage.\n\nLe <strong>dispositif de retournement de bobines<\/strong> permet g\u00e9n\u00e9ralement de r\u00e9soudre les probl\u00e8mes de manutention dans les situations o\u00f9, par exemple, les bobines sont produites \u00e0 l'horizontale alors que le d\u00e9roulement sur la machine \u00e0 grillage est en position verticale.\n\n<strong>Le dispositif de retournement de bobines <\/strong>est normalement install\u00e9 comme une machine autonome \u00e0 proximit\u00e9 de la bobineuse d'o\u00f9 sortent les bobines ou, comme alternative, il peut \u00eatre int\u00e9gr\u00e9 au convoyeur automatique des rouleaux de d\u00e9chargement : c'est en effet l'installation typique lorsque les bobines (ou m\u00eame les couronnes), juste produites par une bobineuse verticale, doivent \u00eatre retourn\u00e9es \u00e0 180\u00b0 pour obtenir des bobines dans le sens des aiguilles d'une montre (au lieu du sens inverse).\n\nUne autre application d\u00e9di\u00e9e aux bobines manuelles pliables int\u00e8gre le dispositif de retournement dans la <a href=\"https:\/\/www.promostar.it\/prodotto\/manual-strapping-station-for-coils\/\"><u>station de cerclage manuel<\/u><\/a> qui permet \u00e0 l'op\u00e9rateur d'effectuer facilement le cerclage manuel et de manipuler la bobine (ouverture\/fermeture).","_et_gb_content_width":""},"product_cat":[158],"product_tag":[99,104,106,111,113,118,122,125,135,137],"yoast_head":"<!-- This site is optimized with the Yoast SEO plugin v20.5 - https:\/\/yoast.com\/wordpress\/plugins\/seo\/ -->\n<title>Dispositif de retournement de bobines | Promostar<\/title>\n<meta name=\"description\" content=\"Le dispositif de retournement de bobines est utilis\u00e9 pour faire passer de l&#039;axe horizontal \u00e0 l&#039;axe vertical les bobinesprovenant du bobineur de la ligne de laminage \u00e0 froid ou de tr\u00e9filage\" \/>\n<meta name=\"robots\" content=\"index, follow, max-snippet:-1, max-image-preview:large, max-video-preview:-1\" \/>\n<link rel=\"canonical\" href=\"https:\/\/www.promostar.it\/fr\/prodotto\/le-dispositif-de-retournement-de-bobines\/\" \/>\n<meta property=\"og:locale\" content=\"fr_FR\" \/>\n<meta property=\"og:type\" content=\"article\" \/>\n<meta property=\"og:title\" content=\"Dispositif de retournement de bobines | Promostar\" \/>\n<meta property=\"og:description\" content=\"Le dispositif de retournement de bobines est utilis\u00e9 pour faire passer de l&#039;axe horizontal \u00e0 l&#039;axe vertical les bobinesprovenant du bobineur de la ligne de laminage \u00e0 froid ou de tr\u00e9filage\" \/>\n<meta property=\"og:url\" content=\"https:\/\/www.promostar.it\/fr\/prodotto\/le-dispositif-de-retournement-de-bobines\/\" \/>\n<meta property=\"og:site_name\" content=\"PromoStar S.r.l.\" \/>\n<meta property=\"article:modified_time\" content=\"2023-04-17T14:10:51+00:00\" \/>\n<meta property=\"og:image\" content=\"https:\/\/www.promostar.it\/wp-content\/uploads\/2022\/04\/Overturning-spool-device-1-transaparent.jpg\" \/>\n\t<meta property=\"og:image:width\" content=\"1200\" \/>\n\t<meta property=\"og:image:height\" content=\"1200\" \/>\n\t<meta property=\"og:image:type\" content=\"image\/jpeg\" \/>\n<meta name=\"twitter:card\" content=\"summary_large_image\" \/>\n<script type=\"application\/ld+json\" class=\"yoast-schema-graph\">{\"@context\":\"https:\/\/schema.org\",\"@graph\":[{\"@type\":\"WebPage\",\"@id\":\"https:\/\/www.promostar.it\/fr\/prodotto\/le-dispositif-de-retournement-de-bobines\/\",\"url\":\"https:\/\/www.promostar.it\/fr\/prodotto\/le-dispositif-de-retournement-de-bobines\/\",\"name\":\"Dispositif de retournement de bobines | Promostar\",\"isPartOf\":{\"@id\":\"https:\/\/www.promostar.it\/fr\/#website\"},\"datePublished\":\"2022-04-05T08:07:28+00:00\",\"dateModified\":\"2023-04-17T14:10:51+00:00\",\"description\":\"Le dispositif de retournement de bobines est utilis\u00e9 pour faire passer de l'axe horizontal \u00e0 l'axe vertical les bobinesprovenant du bobineur de la ligne de laminage \u00e0 froid ou de tr\u00e9filage\",\"breadcrumb\":{\"@id\":\"https:\/\/www.promostar.it\/fr\/prodotto\/le-dispositif-de-retournement-de-bobines\/#breadcrumb\"},\"inLanguage\":\"fr-FR\",\"potentialAction\":[{\"@type\":\"ReadAction\",\"target\":[\"https:\/\/www.promostar.it\/fr\/prodotto\/le-dispositif-de-retournement-de-bobines\/\"]}]},{\"@type\":\"BreadcrumbList\",\"@id\":\"https:\/\/www.promostar.it\/fr\/prodotto\/le-dispositif-de-retournement-de-bobines\/#breadcrumb\",\"itemListElement\":[{\"@type\":\"ListItem\",\"position\":1,\"name\":\"Home\",\"item\":\"https:\/\/www.promostar.it\/fr\/\"},{\"@type\":\"ListItem\",\"position\":2,\"name\":\"Produits\",\"item\":\"https:\/\/www.promostar.it\/fr\/shop\/\"},{\"@type\":\"ListItem\",\"position\":3,\"name\":\"Le dispositif de retournement de bobines\"}]},{\"@type\":\"WebSite\",\"@id\":\"https:\/\/www.promostar.it\/fr\/#website\",\"url\":\"https:\/\/www.promostar.it\/fr\/\",\"name\":\"PromoStar S.r.l.\",\"description\":\"Promostar \u00e8 l\u2019azienda leader e la prima ad introdurre il processo di stiratura\",\"publisher\":{\"@id\":\"https:\/\/www.promostar.it\/fr\/#organization\"},\"potentialAction\":[{\"@type\":\"SearchAction\",\"target\":{\"@type\":\"EntryPoint\",\"urlTemplate\":\"https:\/\/www.promostar.it\/fr\/?s={search_term_string}\"},\"query-input\":\"required name=search_term_string\"}],\"inLanguage\":\"fr-FR\"},{\"@type\":\"Organization\",\"@id\":\"https:\/\/www.promostar.it\/fr\/#organization\",\"name\":\"Promostar\",\"url\":\"https:\/\/www.promostar.it\/fr\/\",\"logo\":{\"@type\":\"ImageObject\",\"inLanguage\":\"fr-FR\",\"@id\":\"https:\/\/www.promostar.it\/fr\/#\/schema\/logo\/image\/\",\"url\":\"https:\/\/www.promostar.it\/wp-content\/uploads\/2020\/10\/promostar-logo.png\",\"contentUrl\":\"https:\/\/www.promostar.it\/wp-content\/uploads\/2020\/10\/promostar-logo.png\",\"width\":210,\"height\":69,\"caption\":\"Promostar\"},\"image\":{\"@id\":\"https:\/\/www.promostar.it\/fr\/#\/schema\/logo\/image\/\"}}]}<\/script>\n<!-- \/ Yoast SEO plugin. -->","yoast_head_json":{"title":"Dispositif de retournement de bobines | Promostar","description":"Le dispositif de retournement de bobines est utilis\u00e9 pour faire passer de l'axe horizontal \u00e0 l'axe vertical les bobinesprovenant du bobineur de la ligne de laminage \u00e0 froid ou de tr\u00e9filage","robots":{"index":"index","follow":"follow","max-snippet":"max-snippet:-1","max-image-preview":"max-image-preview:large","max-video-preview":"max-video-preview:-1"},"canonical":"https:\/\/www.promostar.it\/fr\/prodotto\/le-dispositif-de-retournement-de-bobines\/","og_locale":"fr_FR","og_type":"article","og_title":"Dispositif de retournement de bobines | Promostar","og_description":"Le dispositif de retournement de bobines est utilis\u00e9 pour faire passer de l'axe horizontal \u00e0 l'axe vertical les bobinesprovenant du bobineur de la ligne de laminage \u00e0 froid ou de tr\u00e9filage","og_url":"https:\/\/www.promostar.it\/fr\/prodotto\/le-dispositif-de-retournement-de-bobines\/","og_site_name":"PromoStar S.r.l.","article_modified_time":"2023-04-17T14:10:51+00:00","og_image":[{"width":1200,"height":1200,"url":"https:\/\/www.promostar.it\/wp-content\/uploads\/2022\/04\/Overturning-spool-device-1-transaparent.jpg","type":"image\/jpeg"}],"twitter_card":"summary_large_image","schema":{"@context":"https:\/\/schema.org","@graph":[{"@type":"WebPage","@id":"https:\/\/www.promostar.it\/fr\/prodotto\/le-dispositif-de-retournement-de-bobines\/","url":"https:\/\/www.promostar.it\/fr\/prodotto\/le-dispositif-de-retournement-de-bobines\/","name":"Dispositif de retournement de bobines | Promostar","isPartOf":{"@id":"https:\/\/www.promostar.it\/fr\/#website"},"datePublished":"2022-04-05T08:07:28+00:00","dateModified":"2023-04-17T14:10:51+00:00","description":"Le dispositif de retournement de bobines est utilis\u00e9 pour faire passer de l'axe horizontal \u00e0 l'axe vertical les bobinesprovenant du bobineur de la ligne de laminage \u00e0 froid ou de tr\u00e9filage","breadcrumb":{"@id":"https:\/\/www.promostar.it\/fr\/prodotto\/le-dispositif-de-retournement-de-bobines\/#breadcrumb"},"inLanguage":"fr-FR","potentialAction":[{"@type":"ReadAction","target":["https:\/\/www.promostar.it\/fr\/prodotto\/le-dispositif-de-retournement-de-bobines\/"]}]},{"@type":"BreadcrumbList","@id":"https:\/\/www.promostar.it\/fr\/prodotto\/le-dispositif-de-retournement-de-bobines\/#breadcrumb","itemListElement":[{"@type":"ListItem","position":1,"name":"Home","item":"https:\/\/www.promostar.it\/fr\/"},{"@type":"ListItem","position":2,"name":"Produits","item":"https:\/\/www.promostar.it\/fr\/shop\/"},{"@type":"ListItem","position":3,"name":"Le dispositif de retournement de bobines"}]},{"@type":"WebSite","@id":"https:\/\/www.promostar.it\/fr\/#website","url":"https:\/\/www.promostar.it\/fr\/","name":"PromoStar S.r.l.","description":"Promostar \u00e8 l\u2019azienda leader e la prima ad introdurre il processo di stiratura","publisher":{"@id":"https:\/\/www.promostar.it\/fr\/#organization"},"potentialAction":[{"@type":"SearchAction","target":{"@type":"EntryPoint","urlTemplate":"https:\/\/www.promostar.it\/fr\/?s={search_term_string}"},"query-input":"required name=search_term_string"}],"inLanguage":"fr-FR"},{"@type":"Organization","@id":"https:\/\/www.promostar.it\/fr\/#organization","name":"Promostar","url":"https:\/\/www.promostar.it\/fr\/","logo":{"@type":"ImageObject","inLanguage":"fr-FR","@id":"https:\/\/www.promostar.it\/fr\/#\/schema\/logo\/image\/","url":"https:\/\/www.promostar.it\/wp-content\/uploads\/2020\/10\/promostar-logo.png","contentUrl":"https:\/\/www.promostar.it\/wp-content\/uploads\/2020\/10\/promostar-logo.png","width":210,"height":69,"caption":"Promostar"},"image":{"@id":"https:\/\/www.promostar.it\/fr\/#\/schema\/logo\/image\/"}}]}},"_links":{"self":[{"href":"https:\/\/www.promostar.it\/fr\/wp-json\/wp\/v3\/product\/5574"}],"collection":[{"href":"https:\/\/www.promostar.it\/fr\/wp-json\/wp\/v3\/product"}],"about":[{"href":"https:\/\/www.promostar.it\/fr\/wp-json\/wp\/v2\/types\/product"}],"wp:featuredmedia":[{"embeddable":true,"href":"https:\/\/www.promostar.it\/fr\/wp-json\/wp\/v2\/media\/4158"}],"wp:attachment":[{"href":"https:\/\/www.promostar.it\/fr\/wp-json\/wp\/v2\/media?parent=5574"}],"wp:term":[{"taxonomy":"product_cat","embeddable":true,"href":"https:\/\/www.promostar.it\/fr\/wp-json\/wp\/v2\/product_cat?post=5574"},{"taxonomy":"product_tag","embeddable":true,"href":"https:\/\/www.promostar.it\/fr\/wp-json\/wp\/v2\/product_tag?post=5574"}],"curies":[{"name":"wp","href":"https:\/\/api.w.org\/{rel}","templated":true}]}}