{"id":5573,"date":"2022-04-05T10:13:45","date_gmt":"2022-04-05T08:13:45","guid":{"rendered":"https:\/\/www.promostar.it\/prodotto\/les-appointeuses\/"},"modified":"2023-04-17T16:05:40","modified_gmt":"2023-04-17T14:05:40","slug":"les-appointeuses","status":"publish","type":"product","link":"https:\/\/www.promostar.it\/fr\/prodotto\/les-appointeuses\/","title":{"rendered":"Les Appointeuses"},"content":{"rendered":"<p>[et_pb_section fb_built=\u00a0\u00bb1&Prime; _builder_version=\u00a0\u00bb4.17.0&Prime; _module_preset=\u00a0\u00bbdefault\u00a0\u00bb global_colors_info=\u00a0\u00bb{}\u00a0\u00bb][\/et_pb_section]<\/p>\n","protected":false},"excerpt":{"rendered":"<p>Les <strong>Appointeuses<\/strong> sont des \u00e9quipements utilis\u00e9s dans les tr\u00e9fileuses pour d\u00e9signer le fil d&rsquo;acier \u00e0 faible teneur en carbone afin de faciliter son entr\u00e9e dans la cassette de la fili\u00e8re de tr\u00e9filage.<\/p>\n<p>Les <strong>Appointeuses<\/strong> sont mont\u00e9es sur un support avec 2 roues fixes et 2 roues pivotantes avec freins. Un ergot plac\u00e9 \u00e0 l&rsquo;arri\u00e8re de la machine permet de la manier lors de son d\u00e9placement.<\/p>\n","protected":false},"featured_media":6255,"template":"","meta":{"_et_pb_use_builder":"on","_et_pb_old_content":"Les <strong>Appointeuses<\/strong> sont des \u00e9quipements utilis\u00e9s dans les tr\u00e9fileuses pour d\u00e9signer le fil d'acier \u00e0 faible teneur en carbone afin de faciliter son entr\u00e9e dans la cassette de la fili\u00e8re de tr\u00e9filage.\n\nLes <strong>Appointeuses<\/strong> sont mont\u00e9es sur un support avec 2 roues fixes et 2 roues pivotantes avec freins. Un ergot plac\u00e9 \u00e0 l'arri\u00e8re de la machine permet de la manier lors de son d\u00e9placement.","_et_gb_content_width":""},"product_cat":[158],"product_tag":[122,125],"yoast_head":"<!-- This site is optimized with the Yoast SEO plugin v20.5 - https:\/\/yoast.com\/wordpress\/plugins\/seo\/ -->\n<title>Appointeuses | Promostar<\/title>\n<meta name=\"description\" content=\"Les Appointeuses sont des \u00e9quipements utilis\u00e9s dans les tr\u00e9fileuses pour d\u00e9signer le fil d&#039;acier \u00e0 faible teneur en carbone afin de faciliter son entr\u00e9e dans la cassette de la fili\u00e8re de tr\u00e9filage.\" \/>\n<meta name=\"robots\" content=\"index, follow, max-snippet:-1, max-image-preview:large, max-video-preview:-1\" \/>\n<link rel=\"canonical\" href=\"https:\/\/www.promostar.it\/fr\/prodotto\/les-appointeuses\/\" \/>\n<meta property=\"og:locale\" content=\"fr_FR\" \/>\n<meta property=\"og:type\" content=\"article\" \/>\n<meta property=\"og:title\" content=\"Appointeuses | Promostar\" \/>\n<meta property=\"og:description\" content=\"Les Appointeuses sont des \u00e9quipements utilis\u00e9s dans les tr\u00e9fileuses pour d\u00e9signer le fil d&#039;acier \u00e0 faible teneur en carbone afin de faciliter son entr\u00e9e dans la cassette de la fili\u00e8re de tr\u00e9filage.\" \/>\n<meta property=\"og:url\" content=\"https:\/\/www.promostar.it\/fr\/prodotto\/les-appointeuses\/\" \/>\n<meta property=\"og:site_name\" content=\"PromoStar S.r.l.\" \/>\n<meta property=\"article:modified_time\" content=\"2023-04-17T14:05:40+00:00\" \/>\n<meta property=\"og:image\" content=\"https:\/\/www.promostar.it\/wp-content\/uploads\/2022\/04\/Pointing-machines-2024.jpg\" \/>\n\t<meta property=\"og:image:width\" content=\"420\" \/>\n\t<meta property=\"og:image:height\" content=\"600\" \/>\n\t<meta property=\"og:image:type\" content=\"image\/jpeg\" \/>\n<meta name=\"twitter:card\" content=\"summary_large_image\" \/>\n<script type=\"application\/ld+json\" class=\"yoast-schema-graph\">{\"@context\":\"https:\/\/schema.org\",\"@graph\":[{\"@type\":\"WebPage\",\"@id\":\"https:\/\/www.promostar.it\/fr\/prodotto\/les-appointeuses\/\",\"url\":\"https:\/\/www.promostar.it\/fr\/prodotto\/les-appointeuses\/\",\"name\":\"Appointeuses | Promostar\",\"isPartOf\":{\"@id\":\"https:\/\/www.promostar.it\/fr\/#website\"},\"datePublished\":\"2022-04-05T08:13:45+00:00\",\"dateModified\":\"2023-04-17T14:05:40+00:00\",\"description\":\"Les Appointeuses sont des \u00e9quipements utilis\u00e9s dans les tr\u00e9fileuses pour d\u00e9signer le fil d'acier \u00e0 faible teneur en carbone afin de faciliter son entr\u00e9e dans la cassette de la fili\u00e8re de tr\u00e9filage.\",\"breadcrumb\":{\"@id\":\"https:\/\/www.promostar.it\/fr\/prodotto\/les-appointeuses\/#breadcrumb\"},\"inLanguage\":\"fr-FR\",\"potentialAction\":[{\"@type\":\"ReadAction\",\"target\":[\"https:\/\/www.promostar.it\/fr\/prodotto\/les-appointeuses\/\"]}]},{\"@type\":\"BreadcrumbList\",\"@id\":\"https:\/\/www.promostar.it\/fr\/prodotto\/les-appointeuses\/#breadcrumb\",\"itemListElement\":[{\"@type\":\"ListItem\",\"position\":1,\"name\":\"Home\",\"item\":\"https:\/\/www.promostar.it\/fr\/\"},{\"@type\":\"ListItem\",\"position\":2,\"name\":\"Produits\",\"item\":\"https:\/\/www.promostar.it\/fr\/shop\/\"},{\"@type\":\"ListItem\",\"position\":3,\"name\":\"Les Appointeuses\"}]},{\"@type\":\"WebSite\",\"@id\":\"https:\/\/www.promostar.it\/fr\/#website\",\"url\":\"https:\/\/www.promostar.it\/fr\/\",\"name\":\"PromoStar S.r.l.\",\"description\":\"Promostar \u00e8 l\u2019azienda leader e la prima ad introdurre il processo di stiratura\",\"publisher\":{\"@id\":\"https:\/\/www.promostar.it\/fr\/#organization\"},\"potentialAction\":[{\"@type\":\"SearchAction\",\"target\":{\"@type\":\"EntryPoint\",\"urlTemplate\":\"https:\/\/www.promostar.it\/fr\/?s={search_term_string}\"},\"query-input\":\"required name=search_term_string\"}],\"inLanguage\":\"fr-FR\"},{\"@type\":\"Organization\",\"@id\":\"https:\/\/www.promostar.it\/fr\/#organization\",\"name\":\"Promostar\",\"url\":\"https:\/\/www.promostar.it\/fr\/\",\"logo\":{\"@type\":\"ImageObject\",\"inLanguage\":\"fr-FR\",\"@id\":\"https:\/\/www.promostar.it\/fr\/#\/schema\/logo\/image\/\",\"url\":\"https:\/\/www.promostar.it\/wp-content\/uploads\/2020\/10\/promostar-logo.png\",\"contentUrl\":\"https:\/\/www.promostar.it\/wp-content\/uploads\/2020\/10\/promostar-logo.png\",\"width\":210,\"height\":69,\"caption\":\"Promostar\"},\"image\":{\"@id\":\"https:\/\/www.promostar.it\/fr\/#\/schema\/logo\/image\/\"}}]}<\/script>\n<!-- \/ Yoast SEO plugin. -->","yoast_head_json":{"title":"Appointeuses | Promostar","description":"Les Appointeuses sont des \u00e9quipements utilis\u00e9s dans les tr\u00e9fileuses pour d\u00e9signer le fil d'acier \u00e0 faible teneur en carbone afin de faciliter son entr\u00e9e dans la cassette de la fili\u00e8re de tr\u00e9filage.","robots":{"index":"index","follow":"follow","max-snippet":"max-snippet:-1","max-image-preview":"max-image-preview:large","max-video-preview":"max-video-preview:-1"},"canonical":"https:\/\/www.promostar.it\/fr\/prodotto\/les-appointeuses\/","og_locale":"fr_FR","og_type":"article","og_title":"Appointeuses | Promostar","og_description":"Les Appointeuses sont des \u00e9quipements utilis\u00e9s dans les tr\u00e9fileuses pour d\u00e9signer le fil d'acier \u00e0 faible teneur en carbone afin de faciliter son entr\u00e9e dans la cassette de la fili\u00e8re de tr\u00e9filage.","og_url":"https:\/\/www.promostar.it\/fr\/prodotto\/les-appointeuses\/","og_site_name":"PromoStar S.r.l.","article_modified_time":"2023-04-17T14:05:40+00:00","og_image":[{"width":420,"height":600,"url":"https:\/\/www.promostar.it\/wp-content\/uploads\/2022\/04\/Pointing-machines-2024.jpg","type":"image\/jpeg"}],"twitter_card":"summary_large_image","schema":{"@context":"https:\/\/schema.org","@graph":[{"@type":"WebPage","@id":"https:\/\/www.promostar.it\/fr\/prodotto\/les-appointeuses\/","url":"https:\/\/www.promostar.it\/fr\/prodotto\/les-appointeuses\/","name":"Appointeuses | Promostar","isPartOf":{"@id":"https:\/\/www.promostar.it\/fr\/#website"},"datePublished":"2022-04-05T08:13:45+00:00","dateModified":"2023-04-17T14:05:40+00:00","description":"Les Appointeuses sont des \u00e9quipements utilis\u00e9s dans les tr\u00e9fileuses pour d\u00e9signer le fil d'acier \u00e0 faible teneur en carbone afin de faciliter son entr\u00e9e dans la cassette de la fili\u00e8re de tr\u00e9filage.","breadcrumb":{"@id":"https:\/\/www.promostar.it\/fr\/prodotto\/les-appointeuses\/#breadcrumb"},"inLanguage":"fr-FR","potentialAction":[{"@type":"ReadAction","target":["https:\/\/www.promostar.it\/fr\/prodotto\/les-appointeuses\/"]}]},{"@type":"BreadcrumbList","@id":"https:\/\/www.promostar.it\/fr\/prodotto\/les-appointeuses\/#breadcrumb","itemListElement":[{"@type":"ListItem","position":1,"name":"Home","item":"https:\/\/www.promostar.it\/fr\/"},{"@type":"ListItem","position":2,"name":"Produits","item":"https:\/\/www.promostar.it\/fr\/shop\/"},{"@type":"ListItem","position":3,"name":"Les Appointeuses"}]},{"@type":"WebSite","@id":"https:\/\/www.promostar.it\/fr\/#website","url":"https:\/\/www.promostar.it\/fr\/","name":"PromoStar S.r.l.","description":"Promostar \u00e8 l\u2019azienda leader e la prima ad introdurre il processo di stiratura","publisher":{"@id":"https:\/\/www.promostar.it\/fr\/#organization"},"potentialAction":[{"@type":"SearchAction","target":{"@type":"EntryPoint","urlTemplate":"https:\/\/www.promostar.it\/fr\/?s={search_term_string}"},"query-input":"required name=search_term_string"}],"inLanguage":"fr-FR"},{"@type":"Organization","@id":"https:\/\/www.promostar.it\/fr\/#organization","name":"Promostar","url":"https:\/\/www.promostar.it\/fr\/","logo":{"@type":"ImageObject","inLanguage":"fr-FR","@id":"https:\/\/www.promostar.it\/fr\/#\/schema\/logo\/image\/","url":"https:\/\/www.promostar.it\/wp-content\/uploads\/2020\/10\/promostar-logo.png","contentUrl":"https:\/\/www.promostar.it\/wp-content\/uploads\/2020\/10\/promostar-logo.png","width":210,"height":69,"caption":"Promostar"},"image":{"@id":"https:\/\/www.promostar.it\/fr\/#\/schema\/logo\/image\/"}}]}},"_links":{"self":[{"href":"https:\/\/www.promostar.it\/fr\/wp-json\/wp\/v3\/product\/5573"}],"collection":[{"href":"https:\/\/www.promostar.it\/fr\/wp-json\/wp\/v3\/product"}],"about":[{"href":"https:\/\/www.promostar.it\/fr\/wp-json\/wp\/v2\/types\/product"}],"wp:featuredmedia":[{"embeddable":true,"href":"https:\/\/www.promostar.it\/fr\/wp-json\/wp\/v2\/media\/6255"}],"wp:attachment":[{"href":"https:\/\/www.promostar.it\/fr\/wp-json\/wp\/v2\/media?parent=5573"}],"wp:term":[{"taxonomy":"product_cat","embeddable":true,"href":"https:\/\/www.promostar.it\/fr\/wp-json\/wp\/v2\/product_cat?post=5573"},{"taxonomy":"product_tag","embeddable":true,"href":"https:\/\/www.promostar.it\/fr\/wp-json\/wp\/v2\/product_tag?post=5573"}],"curies":[{"name":"wp","href":"https:\/\/api.w.org\/{rel}","templated":true}]}}