{"id":5571,"date":"2022-04-05T10:24:46","date_gmt":"2022-04-05T08:24:46","guid":{"rendered":"https:\/\/www.promostar.it\/prodotto\/filieres-de-trefilage-sous-pression\/"},"modified":"2023-04-17T15:35:48","modified_gmt":"2023-04-17T13:35:48","slug":"filieres-de-trefilage-sous-pression","status":"publish","type":"product","link":"https:\/\/www.promostar.it\/fr\/prodotto\/filieres-de-trefilage-sous-pression\/","title":{"rendered":"Fili\u00e8res de tr\u00e9filage sous pression"},"content":{"rendered":"<p>[et_pb_section fb_built=\u00a0\u00bb1&Prime; _builder_version=\u00a0\u00bb4.17.0&Prime; _module_preset=\u00a0\u00bbdefault\u00a0\u00bb global_colors_info=\u00a0\u00bb{}\u00a0\u00bb][\/et_pb_section]<\/p>\n","protected":false},"excerpt":{"rendered":"<p>Les <strong>fili\u00e8res de tr\u00e9filage sous pression<\/strong> sont utilis\u00e9es pour le processus de tr\u00e9filage \u00e0 froid du fil dans les bo\u00eetes de tr\u00e9filage.<\/p>\n<p>Les <strong>fili\u00e8res de tr\u00e9filage sous pression<\/strong> sont fabriqu\u00e9es en deux pi\u00e8ces, un support en acier \u00e0 haute r\u00e9sistance sur lequel est mont\u00e9 un insert en carbure de tungst\u00e8ne.<\/p>\n<p>En principe, nous pouvons fournir deux (2) mod\u00e8les diff\u00e9rents de fili\u00e8res : le type cylindrique standard ou le type cylindrique standard avec la douille de pression qui augmente la quantit\u00e9 de poudre de savon sur la surface du fil en am\u00e9liorant la lubrification et en permettant des vitesses de production \u00e9lev\u00e9es.<\/p>\n<p>Les <strong>fili\u00e8res de tr\u00e9filage sous pression<\/strong> sont propos\u00e9es en collaboration avec nos partenaires en utilisant les derni\u00e8res technologies disponibles sur le march\u00e9.<\/p>\n","protected":false},"featured_media":4170,"template":"","meta":{"_et_pb_use_builder":"on","_et_pb_old_content":"Les <strong>fili\u00e8res de tr\u00e9filage sous pression<\/strong> sont utilis\u00e9es pour le processus de tr\u00e9filage \u00e0 froid du fil dans les bo\u00eetes de tr\u00e9filage.\n\nLes <strong>fili\u00e8res de tr\u00e9filage sous pression<\/strong> sont fabriqu\u00e9es en deux pi\u00e8ces, un support en acier \u00e0 haute r\u00e9sistance sur lequel est mont\u00e9 un insert en carbure de tungst\u00e8ne.\n\nEn principe, nous pouvons fournir deux (2) mod\u00e8les diff\u00e9rents de fili\u00e8res : le type cylindrique standard ou le type cylindrique standard avec la douille de pression qui augmente la quantit\u00e9 de poudre de savon sur la surface du fil en am\u00e9liorant la lubrification et en permettant des vitesses de production \u00e9lev\u00e9es.\n\nLes <strong>fili\u00e8res de tr\u00e9filage sous pression<\/strong> sont propos\u00e9es en collaboration avec nos partenaires en utilisant les derni\u00e8res technologies disponibles sur le march\u00e9.","_et_gb_content_width":""},"product_cat":[158],"product_tag":[122,125],"yoast_head":"<!-- This site is optimized with the Yoast SEO plugin v20.5 - https:\/\/yoast.com\/wordpress\/plugins\/seo\/ -->\n<title>Fili\u00e8res de tr\u00e9filage sous pression | Promostar<\/title>\n<meta name=\"description\" content=\"Les fili\u00e8res de tr\u00e9filage sous pression sont utilis\u00e9es pour le processus de tr\u00e9filage \u00e0 froid du fil dans les bo\u00eetes de tr\u00e9filage. Les fili\u00e8res de tr\u00e9filage sous pression sont fabriqu\u00e9es en deux pi\u00e8ces\" \/>\n<meta name=\"robots\" content=\"index, follow, max-snippet:-1, max-image-preview:large, max-video-preview:-1\" \/>\n<link rel=\"canonical\" href=\"https:\/\/www.promostar.it\/fr\/prodotto\/filieres-de-trefilage-sous-pression\/\" \/>\n<meta property=\"og:locale\" content=\"fr_FR\" \/>\n<meta property=\"og:type\" content=\"article\" \/>\n<meta property=\"og:title\" content=\"Fili\u00e8res de tr\u00e9filage sous pression | Promostar\" \/>\n<meta property=\"og:description\" content=\"Les fili\u00e8res de tr\u00e9filage sous pression sont utilis\u00e9es pour le processus de tr\u00e9filage \u00e0 froid du fil dans les bo\u00eetes de tr\u00e9filage. Les fili\u00e8res de tr\u00e9filage sous pression sont fabriqu\u00e9es en deux pi\u00e8ces\" \/>\n<meta property=\"og:url\" content=\"https:\/\/www.promostar.it\/fr\/prodotto\/filieres-de-trefilage-sous-pression\/\" \/>\n<meta property=\"og:site_name\" content=\"PromoStar S.r.l.\" \/>\n<meta property=\"article:modified_time\" content=\"2023-04-17T13:35:48+00:00\" \/>\n<meta property=\"og:image\" content=\"https:\/\/www.promostar.it\/wp-content\/uploads\/2022\/04\/Presssure-drawing-dies-1-transparent.jpg\" \/>\n\t<meta property=\"og:image:width\" content=\"1200\" \/>\n\t<meta property=\"og:image:height\" content=\"1200\" \/>\n\t<meta property=\"og:image:type\" content=\"image\/jpeg\" \/>\n<meta name=\"twitter:card\" content=\"summary_large_image\" \/>\n<script type=\"application\/ld+json\" class=\"yoast-schema-graph\">{\"@context\":\"https:\/\/schema.org\",\"@graph\":[{\"@type\":\"WebPage\",\"@id\":\"https:\/\/www.promostar.it\/fr\/prodotto\/filieres-de-trefilage-sous-pression\/\",\"url\":\"https:\/\/www.promostar.it\/fr\/prodotto\/filieres-de-trefilage-sous-pression\/\",\"name\":\"Fili\u00e8res de tr\u00e9filage sous pression | Promostar\",\"isPartOf\":{\"@id\":\"https:\/\/www.promostar.it\/fr\/#website\"},\"datePublished\":\"2022-04-05T08:24:46+00:00\",\"dateModified\":\"2023-04-17T13:35:48+00:00\",\"description\":\"Les fili\u00e8res de tr\u00e9filage sous pression sont utilis\u00e9es pour le processus de tr\u00e9filage \u00e0 froid du fil dans les bo\u00eetes de tr\u00e9filage. Les fili\u00e8res de tr\u00e9filage sous pression sont fabriqu\u00e9es en deux pi\u00e8ces\",\"breadcrumb\":{\"@id\":\"https:\/\/www.promostar.it\/fr\/prodotto\/filieres-de-trefilage-sous-pression\/#breadcrumb\"},\"inLanguage\":\"fr-FR\",\"potentialAction\":[{\"@type\":\"ReadAction\",\"target\":[\"https:\/\/www.promostar.it\/fr\/prodotto\/filieres-de-trefilage-sous-pression\/\"]}]},{\"@type\":\"BreadcrumbList\",\"@id\":\"https:\/\/www.promostar.it\/fr\/prodotto\/filieres-de-trefilage-sous-pression\/#breadcrumb\",\"itemListElement\":[{\"@type\":\"ListItem\",\"position\":1,\"name\":\"Home\",\"item\":\"https:\/\/www.promostar.it\/fr\/\"},{\"@type\":\"ListItem\",\"position\":2,\"name\":\"Produits\",\"item\":\"https:\/\/www.promostar.it\/fr\/shop\/\"},{\"@type\":\"ListItem\",\"position\":3,\"name\":\"Fili\u00e8res de tr\u00e9filage sous pression\"}]},{\"@type\":\"WebSite\",\"@id\":\"https:\/\/www.promostar.it\/fr\/#website\",\"url\":\"https:\/\/www.promostar.it\/fr\/\",\"name\":\"PromoStar S.r.l.\",\"description\":\"Promostar \u00e8 l\u2019azienda leader e la prima ad introdurre il processo di stiratura\",\"publisher\":{\"@id\":\"https:\/\/www.promostar.it\/fr\/#organization\"},\"potentialAction\":[{\"@type\":\"SearchAction\",\"target\":{\"@type\":\"EntryPoint\",\"urlTemplate\":\"https:\/\/www.promostar.it\/fr\/?s={search_term_string}\"},\"query-input\":\"required name=search_term_string\"}],\"inLanguage\":\"fr-FR\"},{\"@type\":\"Organization\",\"@id\":\"https:\/\/www.promostar.it\/fr\/#organization\",\"name\":\"Promostar\",\"url\":\"https:\/\/www.promostar.it\/fr\/\",\"logo\":{\"@type\":\"ImageObject\",\"inLanguage\":\"fr-FR\",\"@id\":\"https:\/\/www.promostar.it\/fr\/#\/schema\/logo\/image\/\",\"url\":\"https:\/\/www.promostar.it\/wp-content\/uploads\/2020\/10\/promostar-logo.png\",\"contentUrl\":\"https:\/\/www.promostar.it\/wp-content\/uploads\/2020\/10\/promostar-logo.png\",\"width\":210,\"height\":69,\"caption\":\"Promostar\"},\"image\":{\"@id\":\"https:\/\/www.promostar.it\/fr\/#\/schema\/logo\/image\/\"}}]}<\/script>\n<!-- \/ Yoast SEO plugin. -->","yoast_head_json":{"title":"Fili\u00e8res de tr\u00e9filage sous pression | Promostar","description":"Les fili\u00e8res de tr\u00e9filage sous pression sont utilis\u00e9es pour le processus de tr\u00e9filage \u00e0 froid du fil dans les bo\u00eetes de tr\u00e9filage. Les fili\u00e8res de tr\u00e9filage sous pression sont fabriqu\u00e9es en deux pi\u00e8ces","robots":{"index":"index","follow":"follow","max-snippet":"max-snippet:-1","max-image-preview":"max-image-preview:large","max-video-preview":"max-video-preview:-1"},"canonical":"https:\/\/www.promostar.it\/fr\/prodotto\/filieres-de-trefilage-sous-pression\/","og_locale":"fr_FR","og_type":"article","og_title":"Fili\u00e8res de tr\u00e9filage sous pression | Promostar","og_description":"Les fili\u00e8res de tr\u00e9filage sous pression sont utilis\u00e9es pour le processus de tr\u00e9filage \u00e0 froid du fil dans les bo\u00eetes de tr\u00e9filage. Les fili\u00e8res de tr\u00e9filage sous pression sont fabriqu\u00e9es en deux pi\u00e8ces","og_url":"https:\/\/www.promostar.it\/fr\/prodotto\/filieres-de-trefilage-sous-pression\/","og_site_name":"PromoStar S.r.l.","article_modified_time":"2023-04-17T13:35:48+00:00","og_image":[{"width":1200,"height":1200,"url":"https:\/\/www.promostar.it\/wp-content\/uploads\/2022\/04\/Presssure-drawing-dies-1-transparent.jpg","type":"image\/jpeg"}],"twitter_card":"summary_large_image","schema":{"@context":"https:\/\/schema.org","@graph":[{"@type":"WebPage","@id":"https:\/\/www.promostar.it\/fr\/prodotto\/filieres-de-trefilage-sous-pression\/","url":"https:\/\/www.promostar.it\/fr\/prodotto\/filieres-de-trefilage-sous-pression\/","name":"Fili\u00e8res de tr\u00e9filage sous pression | Promostar","isPartOf":{"@id":"https:\/\/www.promostar.it\/fr\/#website"},"datePublished":"2022-04-05T08:24:46+00:00","dateModified":"2023-04-17T13:35:48+00:00","description":"Les fili\u00e8res de tr\u00e9filage sous pression sont utilis\u00e9es pour le processus de tr\u00e9filage \u00e0 froid du fil dans les bo\u00eetes de tr\u00e9filage. Les fili\u00e8res de tr\u00e9filage sous pression sont fabriqu\u00e9es en deux pi\u00e8ces","breadcrumb":{"@id":"https:\/\/www.promostar.it\/fr\/prodotto\/filieres-de-trefilage-sous-pression\/#breadcrumb"},"inLanguage":"fr-FR","potentialAction":[{"@type":"ReadAction","target":["https:\/\/www.promostar.it\/fr\/prodotto\/filieres-de-trefilage-sous-pression\/"]}]},{"@type":"BreadcrumbList","@id":"https:\/\/www.promostar.it\/fr\/prodotto\/filieres-de-trefilage-sous-pression\/#breadcrumb","itemListElement":[{"@type":"ListItem","position":1,"name":"Home","item":"https:\/\/www.promostar.it\/fr\/"},{"@type":"ListItem","position":2,"name":"Produits","item":"https:\/\/www.promostar.it\/fr\/shop\/"},{"@type":"ListItem","position":3,"name":"Fili\u00e8res de tr\u00e9filage sous pression"}]},{"@type":"WebSite","@id":"https:\/\/www.promostar.it\/fr\/#website","url":"https:\/\/www.promostar.it\/fr\/","name":"PromoStar S.r.l.","description":"Promostar \u00e8 l\u2019azienda leader e la prima ad introdurre il processo di stiratura","publisher":{"@id":"https:\/\/www.promostar.it\/fr\/#organization"},"potentialAction":[{"@type":"SearchAction","target":{"@type":"EntryPoint","urlTemplate":"https:\/\/www.promostar.it\/fr\/?s={search_term_string}"},"query-input":"required name=search_term_string"}],"inLanguage":"fr-FR"},{"@type":"Organization","@id":"https:\/\/www.promostar.it\/fr\/#organization","name":"Promostar","url":"https:\/\/www.promostar.it\/fr\/","logo":{"@type":"ImageObject","inLanguage":"fr-FR","@id":"https:\/\/www.promostar.it\/fr\/#\/schema\/logo\/image\/","url":"https:\/\/www.promostar.it\/wp-content\/uploads\/2020\/10\/promostar-logo.png","contentUrl":"https:\/\/www.promostar.it\/wp-content\/uploads\/2020\/10\/promostar-logo.png","width":210,"height":69,"caption":"Promostar"},"image":{"@id":"https:\/\/www.promostar.it\/fr\/#\/schema\/logo\/image\/"}}]}},"_links":{"self":[{"href":"https:\/\/www.promostar.it\/fr\/wp-json\/wp\/v3\/product\/5571"}],"collection":[{"href":"https:\/\/www.promostar.it\/fr\/wp-json\/wp\/v3\/product"}],"about":[{"href":"https:\/\/www.promostar.it\/fr\/wp-json\/wp\/v2\/types\/product"}],"wp:featuredmedia":[{"embeddable":true,"href":"https:\/\/www.promostar.it\/fr\/wp-json\/wp\/v2\/media\/4170"}],"wp:attachment":[{"href":"https:\/\/www.promostar.it\/fr\/wp-json\/wp\/v2\/media?parent=5571"}],"wp:term":[{"taxonomy":"product_cat","embeddable":true,"href":"https:\/\/www.promostar.it\/fr\/wp-json\/wp\/v2\/product_cat?post=5571"},{"taxonomy":"product_tag","embeddable":true,"href":"https:\/\/www.promostar.it\/fr\/wp-json\/wp\/v2\/product_tag?post=5571"}],"curies":[{"name":"wp","href":"https:\/\/api.w.org\/{rel}","templated":true}]}}