{"id":5569,"date":"2022-04-05T10:47:10","date_gmt":"2022-04-05T08:47:10","guid":{"rendered":"https:\/\/www.promostar.it\/prodotto\/systemes-de-collecte-de-la-calamine-et-des-poussieres\/"},"modified":"2023-04-17T15:23:38","modified_gmt":"2023-04-17T13:23:38","slug":"systemes-de-collecte-de-la-calamine-et-des-poussieres","status":"publish","type":"product","link":"https:\/\/www.promostar.it\/fr\/prodotto\/systemes-de-collecte-de-la-calamine-et-des-poussieres\/","title":{"rendered":"Syst\u00e8mes de collecte de la calamine et des poussi\u00e8res"},"content":{"rendered":"<p>[et_pb_section fb_built=\u00a0\u00bb1&Prime; _builder_version=\u00a0\u00bb4.17.0&Prime; _module_preset=\u00a0\u00bbdefault\u00a0\u00bb global_colors_info=\u00a0\u00bb{}\u00a0\u00bb][\/et_pb_section]<\/p>\n","protected":false},"excerpt":{"rendered":"<p>Les <strong>syst\u00e8mes de collecte de la calamine et des poussi\u00e8res<\/strong> sont utilis\u00e9s sur les machines d&rsquo;\u00e9tirage, de laminage \u00e0 froid et d&rsquo;\u00e9tirage pour collecter la calamine lourde qui s&rsquo;accumule normalement pendant le fonctionnement et la transporter\/d\u00e9charger \u00e0 l&rsquo;\u00e9tranger dans une poubelle ou un conteneur sp\u00e9cial.<\/p>\n<p>Les <strong>syst\u00e8mes de r\u00e9cup\u00e9ration de la calamine et des poussi\u00e8res<\/strong> sont con\u00e7us et adapt\u00e9s en fonction de la configuration sp\u00e9cifique des machines et de l&rsquo;entreprise cliente.<\/p>\n<p>On distingue principalement deux cat\u00e9gories diff\u00e9rentes : l&rsquo;une pour les poussi\u00e8res lourdes et l&rsquo;autre pour les poussi\u00e8res l\u00e9g\u00e8res.<\/p>\n<p>Les convoyeurs m\u00e9caniques \u00e0 cha\u00eene appartiennent au premier type et sont install\u00e9s sous le corps de la machine principale et sous la zone de r\u00e9cup\u00e9ration. Ces dispositifs peuvent collecter la calamine et les poussi\u00e8res lourdes qui tombent par gravit\u00e9 loin du fil pendant la production. Une ou plusieurs lignes (install\u00e9es c\u00f4te \u00e0 c\u00f4te) peuvent \u00eatre desservies par un syst\u00e8me int\u00e9gr\u00e9 partageant un seul point de d\u00e9charge.<\/p>\n","protected":false},"featured_media":4182,"template":"","meta":{"_et_pb_use_builder":"on","_et_pb_old_content":"Les <strong>syst\u00e8mes de collecte de la calamine et des poussi\u00e8res<\/strong> sont utilis\u00e9s sur les machines d'\u00e9tirage, de laminage \u00e0 froid et d'\u00e9tirage pour collecter la calamine lourde qui s'accumule normalement pendant le fonctionnement et la transporter\/d\u00e9charger \u00e0 l'\u00e9tranger dans une poubelle ou un conteneur sp\u00e9cial.\n\nLes <strong>syst\u00e8mes de r\u00e9cup\u00e9ration de la calamine et des poussi\u00e8res<\/strong> sont con\u00e7us et adapt\u00e9s en fonction de la configuration sp\u00e9cifique des machines et de l'entreprise cliente.\n\nOn distingue principalement deux cat\u00e9gories diff\u00e9rentes : l'une pour les poussi\u00e8res lourdes et l'autre pour les poussi\u00e8res l\u00e9g\u00e8res.\n\nLes convoyeurs m\u00e9caniques \u00e0 cha\u00eene appartiennent au premier type et sont install\u00e9s sous le corps de la machine principale et sous la zone de r\u00e9cup\u00e9ration. Ces dispositifs peuvent collecter la calamine et les poussi\u00e8res lourdes qui tombent par gravit\u00e9 loin du fil pendant la production. Une ou plusieurs lignes (install\u00e9es c\u00f4te \u00e0 c\u00f4te) peuvent \u00eatre desservies par un syst\u00e8me int\u00e9gr\u00e9 partageant un seul point de d\u00e9charge.\n\nLa deuxi\u00e8me cat\u00e9gorie comprend le dispositif d'\u00e9limination des poussi\u00e8res l\u00e9g\u00e8res : \u00e9tant donn\u00e9 que le corps des machines Promostar est compl\u00e8tement ferm\u00e9 par des protections, il est possible d'installer un syst\u00e8me d'aspiration et de filtrage des poussi\u00e8res en mesure de capturer les poussi\u00e8res l\u00e9g\u00e8res g\u00e9n\u00e9r\u00e9es pendant la production du fil. Nous pouvons fournir des dispositifs d\u00e9di\u00e9s qui ont la fonction non seulement de maintenir propre l'int\u00e9rieur de la machine mais aussi d'optimiser la consommation de lubrifiant lorsqu'ils sont utilis\u00e9s en combinaison avec notre unit\u00e9 d'ajout de savon.","_et_gb_content_width":""},"product_cat":[158],"product_tag":[99,100,106,111,115,118,122,125,130,135,139],"yoast_head":"<!-- This site is optimized with the Yoast SEO plugin v20.5 - https:\/\/yoast.com\/wordpress\/plugins\/seo\/ -->\n<title>Syst\u00e8mes de collecte de la calamine et des poussi\u00e8res | Promostar<\/title>\n<meta name=\"description\" content=\"Les syst\u00e8mes de collecte de la calamine et des poussi\u00e8res sont utilis\u00e9s sur les machines d&#039;\u00e9tirage, de laminage \u00e0 froid et d&#039;\u00e9tirage pour collecter la calamine lourde qui s&#039;accumule normalement\" \/>\n<meta name=\"robots\" content=\"index, follow, max-snippet:-1, max-image-preview:large, max-video-preview:-1\" \/>\n<link rel=\"canonical\" href=\"https:\/\/www.promostar.it\/fr\/prodotto\/systemes-de-collecte-de-la-calamine-et-des-poussieres\/\" \/>\n<meta property=\"og:locale\" content=\"fr_FR\" \/>\n<meta property=\"og:type\" content=\"article\" \/>\n<meta property=\"og:title\" content=\"Syst\u00e8mes de collecte de la calamine et des poussi\u00e8res | Promostar\" \/>\n<meta property=\"og:description\" content=\"Les syst\u00e8mes de collecte de la calamine et des poussi\u00e8res sont utilis\u00e9s sur les machines d&#039;\u00e9tirage, de laminage \u00e0 froid et d&#039;\u00e9tirage pour collecter la calamine lourde qui s&#039;accumule normalement\" \/>\n<meta property=\"og:url\" content=\"https:\/\/www.promostar.it\/fr\/prodotto\/systemes-de-collecte-de-la-calamine-et-des-poussieres\/\" \/>\n<meta property=\"og:site_name\" content=\"PromoStar S.r.l.\" \/>\n<meta property=\"article:modified_time\" content=\"2023-04-17T13:23:38+00:00\" \/>\n<meta property=\"og:image\" content=\"https:\/\/www.promostar.it\/wp-content\/uploads\/2022\/04\/Scale-and-dust-evacuation-systems-1-1-scaled.jpg\" \/>\n\t<meta property=\"og:image:width\" content=\"2471\" \/>\n\t<meta property=\"og:image:height\" content=\"2560\" \/>\n\t<meta property=\"og:image:type\" content=\"image\/jpeg\" \/>\n<meta name=\"twitter:card\" content=\"summary_large_image\" \/>\n<script type=\"application\/ld+json\" class=\"yoast-schema-graph\">{\"@context\":\"https:\/\/schema.org\",\"@graph\":[{\"@type\":\"WebPage\",\"@id\":\"https:\/\/www.promostar.it\/fr\/prodotto\/systemes-de-collecte-de-la-calamine-et-des-poussieres\/\",\"url\":\"https:\/\/www.promostar.it\/fr\/prodotto\/systemes-de-collecte-de-la-calamine-et-des-poussieres\/\",\"name\":\"Syst\u00e8mes de collecte de la calamine et des poussi\u00e8res | Promostar\",\"isPartOf\":{\"@id\":\"https:\/\/www.promostar.it\/fr\/#website\"},\"datePublished\":\"2022-04-05T08:47:10+00:00\",\"dateModified\":\"2023-04-17T13:23:38+00:00\",\"description\":\"Les syst\u00e8mes de collecte de la calamine et des poussi\u00e8res sont utilis\u00e9s sur les machines d'\u00e9tirage, de laminage \u00e0 froid et d'\u00e9tirage pour collecter la calamine lourde qui s'accumule normalement\",\"breadcrumb\":{\"@id\":\"https:\/\/www.promostar.it\/fr\/prodotto\/systemes-de-collecte-de-la-calamine-et-des-poussieres\/#breadcrumb\"},\"inLanguage\":\"fr-FR\",\"potentialAction\":[{\"@type\":\"ReadAction\",\"target\":[\"https:\/\/www.promostar.it\/fr\/prodotto\/systemes-de-collecte-de-la-calamine-et-des-poussieres\/\"]}]},{\"@type\":\"BreadcrumbList\",\"@id\":\"https:\/\/www.promostar.it\/fr\/prodotto\/systemes-de-collecte-de-la-calamine-et-des-poussieres\/#breadcrumb\",\"itemListElement\":[{\"@type\":\"ListItem\",\"position\":1,\"name\":\"Home\",\"item\":\"https:\/\/www.promostar.it\/fr\/home-2\/\"},{\"@type\":\"ListItem\",\"position\":2,\"name\":\"Produits\",\"item\":\"https:\/\/www.promostar.it\/fr\/shop\/\"},{\"@type\":\"ListItem\",\"position\":3,\"name\":\"Syst\u00e8mes de collecte de la calamine et des poussi\u00e8res\"}]},{\"@type\":\"WebSite\",\"@id\":\"https:\/\/www.promostar.it\/fr\/#website\",\"url\":\"https:\/\/www.promostar.it\/fr\/\",\"name\":\"PromoStar S.r.l.\",\"description\":\"Promostar \u00e8 l\u2019azienda leader e la prima ad introdurre il processo di stiratura\",\"publisher\":{\"@id\":\"https:\/\/www.promostar.it\/fr\/#organization\"},\"potentialAction\":[{\"@type\":\"SearchAction\",\"target\":{\"@type\":\"EntryPoint\",\"urlTemplate\":\"https:\/\/www.promostar.it\/fr\/?s={search_term_string}\"},\"query-input\":\"required name=search_term_string\"}],\"inLanguage\":\"fr-FR\"},{\"@type\":\"Organization\",\"@id\":\"https:\/\/www.promostar.it\/fr\/#organization\",\"name\":\"Promostar\",\"url\":\"https:\/\/www.promostar.it\/fr\/\",\"logo\":{\"@type\":\"ImageObject\",\"inLanguage\":\"fr-FR\",\"@id\":\"https:\/\/www.promostar.it\/fr\/#\/schema\/logo\/image\/\",\"url\":\"https:\/\/www.promostar.it\/wp-content\/uploads\/2020\/10\/promostar-logo.png\",\"contentUrl\":\"https:\/\/www.promostar.it\/wp-content\/uploads\/2020\/10\/promostar-logo.png\",\"width\":210,\"height\":69,\"caption\":\"Promostar\"},\"image\":{\"@id\":\"https:\/\/www.promostar.it\/fr\/#\/schema\/logo\/image\/\"}}]}<\/script>\n<!-- \/ Yoast SEO plugin. -->","yoast_head_json":{"title":"Syst\u00e8mes de collecte de la calamine et des poussi\u00e8res | Promostar","description":"Les syst\u00e8mes de collecte de la calamine et des poussi\u00e8res sont utilis\u00e9s sur les machines d'\u00e9tirage, de laminage \u00e0 froid et d'\u00e9tirage pour collecter la calamine lourde qui s'accumule normalement","robots":{"index":"index","follow":"follow","max-snippet":"max-snippet:-1","max-image-preview":"max-image-preview:large","max-video-preview":"max-video-preview:-1"},"canonical":"https:\/\/www.promostar.it\/fr\/prodotto\/systemes-de-collecte-de-la-calamine-et-des-poussieres\/","og_locale":"fr_FR","og_type":"article","og_title":"Syst\u00e8mes de collecte de la calamine et des poussi\u00e8res | Promostar","og_description":"Les syst\u00e8mes de collecte de la calamine et des poussi\u00e8res sont utilis\u00e9s sur les machines d'\u00e9tirage, de laminage \u00e0 froid et d'\u00e9tirage pour collecter la calamine lourde qui s'accumule normalement","og_url":"https:\/\/www.promostar.it\/fr\/prodotto\/systemes-de-collecte-de-la-calamine-et-des-poussieres\/","og_site_name":"PromoStar S.r.l.","article_modified_time":"2023-04-17T13:23:38+00:00","og_image":[{"width":2471,"height":2560,"url":"https:\/\/www.promostar.it\/wp-content\/uploads\/2022\/04\/Scale-and-dust-evacuation-systems-1-1-scaled.jpg","type":"image\/jpeg"}],"twitter_card":"summary_large_image","schema":{"@context":"https:\/\/schema.org","@graph":[{"@type":"WebPage","@id":"https:\/\/www.promostar.it\/fr\/prodotto\/systemes-de-collecte-de-la-calamine-et-des-poussieres\/","url":"https:\/\/www.promostar.it\/fr\/prodotto\/systemes-de-collecte-de-la-calamine-et-des-poussieres\/","name":"Syst\u00e8mes de collecte de la calamine et des poussi\u00e8res | Promostar","isPartOf":{"@id":"https:\/\/www.promostar.it\/fr\/#website"},"datePublished":"2022-04-05T08:47:10+00:00","dateModified":"2023-04-17T13:23:38+00:00","description":"Les syst\u00e8mes de collecte de la calamine et des poussi\u00e8res sont utilis\u00e9s sur les machines d'\u00e9tirage, de laminage \u00e0 froid et d'\u00e9tirage pour collecter la calamine lourde qui s'accumule normalement","breadcrumb":{"@id":"https:\/\/www.promostar.it\/fr\/prodotto\/systemes-de-collecte-de-la-calamine-et-des-poussieres\/#breadcrumb"},"inLanguage":"fr-FR","potentialAction":[{"@type":"ReadAction","target":["https:\/\/www.promostar.it\/fr\/prodotto\/systemes-de-collecte-de-la-calamine-et-des-poussieres\/"]}]},{"@type":"BreadcrumbList","@id":"https:\/\/www.promostar.it\/fr\/prodotto\/systemes-de-collecte-de-la-calamine-et-des-poussieres\/#breadcrumb","itemListElement":[{"@type":"ListItem","position":1,"name":"Home","item":"https:\/\/www.promostar.it\/fr\/home-2\/"},{"@type":"ListItem","position":2,"name":"Produits","item":"https:\/\/www.promostar.it\/fr\/shop\/"},{"@type":"ListItem","position":3,"name":"Syst\u00e8mes de collecte de la calamine et des poussi\u00e8res"}]},{"@type":"WebSite","@id":"https:\/\/www.promostar.it\/fr\/#website","url":"https:\/\/www.promostar.it\/fr\/","name":"PromoStar S.r.l.","description":"Promostar \u00e8 l\u2019azienda leader e la prima ad introdurre il processo di stiratura","publisher":{"@id":"https:\/\/www.promostar.it\/fr\/#organization"},"potentialAction":[{"@type":"SearchAction","target":{"@type":"EntryPoint","urlTemplate":"https:\/\/www.promostar.it\/fr\/?s={search_term_string}"},"query-input":"required name=search_term_string"}],"inLanguage":"fr-FR"},{"@type":"Organization","@id":"https:\/\/www.promostar.it\/fr\/#organization","name":"Promostar","url":"https:\/\/www.promostar.it\/fr\/","logo":{"@type":"ImageObject","inLanguage":"fr-FR","@id":"https:\/\/www.promostar.it\/fr\/#\/schema\/logo\/image\/","url":"https:\/\/www.promostar.it\/wp-content\/uploads\/2020\/10\/promostar-logo.png","contentUrl":"https:\/\/www.promostar.it\/wp-content\/uploads\/2020\/10\/promostar-logo.png","width":210,"height":69,"caption":"Promostar"},"image":{"@id":"https:\/\/www.promostar.it\/fr\/#\/schema\/logo\/image\/"}}]}},"_links":{"self":[{"href":"https:\/\/www.promostar.it\/fr\/wp-json\/wp\/v3\/product\/5569"}],"collection":[{"href":"https:\/\/www.promostar.it\/fr\/wp-json\/wp\/v3\/product"}],"about":[{"href":"https:\/\/www.promostar.it\/fr\/wp-json\/wp\/v2\/types\/product"}],"wp:featuredmedia":[{"embeddable":true,"href":"https:\/\/www.promostar.it\/fr\/wp-json\/wp\/v2\/media\/4182"}],"wp:attachment":[{"href":"https:\/\/www.promostar.it\/fr\/wp-json\/wp\/v2\/media?parent=5569"}],"wp:term":[{"taxonomy":"product_cat","embeddable":true,"href":"https:\/\/www.promostar.it\/fr\/wp-json\/wp\/v2\/product_cat?post=5569"},{"taxonomy":"product_tag","embeddable":true,"href":"https:\/\/www.promostar.it\/fr\/wp-json\/wp\/v2\/product_tag?post=5569"}],"curies":[{"name":"wp","href":"https:\/\/api.w.org\/{rel}","templated":true}]}}