{"id":5568,"date":"2022-04-05T10:52:24","date_gmt":"2022-04-05T08:52:24","guid":{"rendered":"https:\/\/www.promostar.it\/prodotto\/les-tourets-a-croisillons-porte-fils\/"},"modified":"2023-04-17T15:12:06","modified_gmt":"2023-04-17T13:12:06","slug":"les-tourets-a-croisillons-porte-fils","status":"publish","type":"product","link":"https:\/\/www.promostar.it\/fr\/prodotto\/les-tourets-a-croisillons-porte-fils\/","title":{"rendered":"Les tourets \u00e0 croisillons (porte-fils)"},"content":{"rendered":"<p>[et_pb_section fb_built=\u00a0\u00bb1&Prime; _builder_version=\u00a0\u00bb4.17.0&Prime; _module_preset=\u00a0\u00bbdefault\u00a0\u00bb global_colors_info=\u00a0\u00bb{}\u00a0\u00bb][\/et_pb_section]<\/p>\n","protected":false},"excerpt":{"rendered":"<p>Les <strong>tourets \u00e0 croisillons (porte-fil)<\/strong> sont utilis\u00e9s pour collecter le fil apr\u00e8s le processus de tr\u00e9filage sur la tr\u00e9fileuse multipasse pour la production de couonns de fil de fil m\u00e9tallique.<\/p>\n<p>Les <strong>tourets \u00e0 croisillons (porte-fils)<\/strong> peuvent \u00eatre mont\u00e9s sur diff\u00e9rents types d\u2019enrouleurs statiques avec point inactif &#8211; deadblock , ayant des dimensions et des capacit\u00e9s de chargement diff\u00e9rentes.<\/p>\n<p>Ces tourets sont utilis\u00e9s pour alimenter d&rsquo;autres machines pour les processus de transformation interne du fil, comme par exemple les lignes de treillis, les redresseurs, les machines \u00e0 cha\u00eenes, \u00e0 ressorts et \u00e0 clous.<\/p>\n<p>Les applications du produit final sont normalement le fil recuit, le grillage de cl\u00f4ture, le fil \u00e0 ressort, les clous, le fil galvanis\u00e9, pour le march\u00e9 industriel et agricole.<\/p>\n","protected":false},"featured_media":4185,"template":"","meta":{"_et_pb_use_builder":"on","_et_pb_old_content":"Les <strong>tourets \u00e0 croisillons (porte-fil)<\/strong> sont utilis\u00e9s pour collecter le fil apr\u00e8s le processus de tr\u00e9filage sur la tr\u00e9fileuse multipasse pour la production de couonns de fil de fil m\u00e9tallique.\n\nLes <strong>tourets \u00e0 croisillons (porte-fils)<\/strong> peuvent \u00eatre mont\u00e9s sur diff\u00e9rents types d\u2019enrouleurs statiques avec point inactif - deadblock , ayant des dimensions et des capacit\u00e9s de chargement diff\u00e9rentes.\n\nCes tourets sont utilis\u00e9s pour alimenter d'autres machines pour les processus de transformation interne du fil, comme par exemple les lignes de treillis, les redresseurs, les machines \u00e0 cha\u00eenes, \u00e0 ressorts et \u00e0 clous.\n\nLes applications du produit final sont normalement le fil recuit, le grillage de cl\u00f4ture, le fil \u00e0 ressort, les clous, le fil galvanis\u00e9, pour le march\u00e9 industriel et agricole.","_et_gb_content_width":""},"product_cat":[158],"product_tag":[122,125],"yoast_head":"<!-- This site is optimized with the Yoast SEO plugin v20.5 - https:\/\/yoast.com\/wordpress\/plugins\/seo\/ -->\n<title>Tourets \u00e0 croisillons (porte-fil) | Promostar<\/title>\n<meta name=\"description\" content=\"Les tourets \u00e0 croisillons (porte-fil) sont utilis\u00e9s pour collecter le fil apr\u00e8s le processus de tr\u00e9filage sur la tr\u00e9fileuse multipasse pour la production de couonns de fil de fil m\u00e9tallique.\" \/>\n<meta name=\"robots\" content=\"index, follow, max-snippet:-1, max-image-preview:large, max-video-preview:-1\" \/>\n<link rel=\"canonical\" href=\"https:\/\/www.promostar.it\/fr\/prodotto\/les-tourets-a-croisillons-porte-fils\/\" \/>\n<meta property=\"og:locale\" content=\"fr_FR\" \/>\n<meta property=\"og:type\" content=\"article\" \/>\n<meta property=\"og:title\" content=\"Tourets \u00e0 croisillons (porte-fil) | Promostar\" \/>\n<meta property=\"og:description\" content=\"Les tourets \u00e0 croisillons (porte-fil) sont utilis\u00e9s pour collecter le fil apr\u00e8s le processus de tr\u00e9filage sur la tr\u00e9fileuse multipasse pour la production de couonns de fil de fil m\u00e9tallique.\" \/>\n<meta property=\"og:url\" content=\"https:\/\/www.promostar.it\/fr\/prodotto\/les-tourets-a-croisillons-porte-fils\/\" \/>\n<meta property=\"og:site_name\" content=\"PromoStar S.r.l.\" \/>\n<meta property=\"article:modified_time\" content=\"2023-04-17T13:12:06+00:00\" \/>\n<meta property=\"og:image\" content=\"https:\/\/www.promostar.it\/wp-content\/uploads\/2022\/04\/Spider-reels-1-transaparent.jpg\" \/>\n\t<meta property=\"og:image:width\" content=\"1200\" \/>\n\t<meta property=\"og:image:height\" content=\"1200\" \/>\n\t<meta property=\"og:image:type\" content=\"image\/jpeg\" \/>\n<meta name=\"twitter:card\" content=\"summary_large_image\" \/>\n<script type=\"application\/ld+json\" class=\"yoast-schema-graph\">{\"@context\":\"https:\/\/schema.org\",\"@graph\":[{\"@type\":\"WebPage\",\"@id\":\"https:\/\/www.promostar.it\/fr\/prodotto\/les-tourets-a-croisillons-porte-fils\/\",\"url\":\"https:\/\/www.promostar.it\/fr\/prodotto\/les-tourets-a-croisillons-porte-fils\/\",\"name\":\"Tourets \u00e0 croisillons (porte-fil) | Promostar\",\"isPartOf\":{\"@id\":\"https:\/\/www.promostar.it\/fr\/#website\"},\"datePublished\":\"2022-04-05T08:52:24+00:00\",\"dateModified\":\"2023-04-17T13:12:06+00:00\",\"description\":\"Les tourets \u00e0 croisillons (porte-fil) sont utilis\u00e9s pour collecter le fil apr\u00e8s le processus de tr\u00e9filage sur la tr\u00e9fileuse multipasse pour la production de couonns de fil de fil m\u00e9tallique.\",\"breadcrumb\":{\"@id\":\"https:\/\/www.promostar.it\/fr\/prodotto\/les-tourets-a-croisillons-porte-fils\/#breadcrumb\"},\"inLanguage\":\"fr-FR\",\"potentialAction\":[{\"@type\":\"ReadAction\",\"target\":[\"https:\/\/www.promostar.it\/fr\/prodotto\/les-tourets-a-croisillons-porte-fils\/\"]}]},{\"@type\":\"BreadcrumbList\",\"@id\":\"https:\/\/www.promostar.it\/fr\/prodotto\/les-tourets-a-croisillons-porte-fils\/#breadcrumb\",\"itemListElement\":[{\"@type\":\"ListItem\",\"position\":1,\"name\":\"Home\",\"item\":\"https:\/\/www.promostar.it\/fr\/\"},{\"@type\":\"ListItem\",\"position\":2,\"name\":\"Produits\",\"item\":\"https:\/\/www.promostar.it\/fr\/shop\/\"},{\"@type\":\"ListItem\",\"position\":3,\"name\":\"Les tourets \u00e0 croisillons (porte-fils)\"}]},{\"@type\":\"WebSite\",\"@id\":\"https:\/\/www.promostar.it\/fr\/#website\",\"url\":\"https:\/\/www.promostar.it\/fr\/\",\"name\":\"PromoStar S.r.l.\",\"description\":\"Promostar \u00e8 l\u2019azienda leader e la prima ad introdurre il processo di stiratura\",\"publisher\":{\"@id\":\"https:\/\/www.promostar.it\/fr\/#organization\"},\"potentialAction\":[{\"@type\":\"SearchAction\",\"target\":{\"@type\":\"EntryPoint\",\"urlTemplate\":\"https:\/\/www.promostar.it\/fr\/?s={search_term_string}\"},\"query-input\":\"required name=search_term_string\"}],\"inLanguage\":\"fr-FR\"},{\"@type\":\"Organization\",\"@id\":\"https:\/\/www.promostar.it\/fr\/#organization\",\"name\":\"Promostar\",\"url\":\"https:\/\/www.promostar.it\/fr\/\",\"logo\":{\"@type\":\"ImageObject\",\"inLanguage\":\"fr-FR\",\"@id\":\"https:\/\/www.promostar.it\/fr\/#\/schema\/logo\/image\/\",\"url\":\"https:\/\/www.promostar.it\/wp-content\/uploads\/2020\/10\/promostar-logo.png\",\"contentUrl\":\"https:\/\/www.promostar.it\/wp-content\/uploads\/2020\/10\/promostar-logo.png\",\"width\":210,\"height\":69,\"caption\":\"Promostar\"},\"image\":{\"@id\":\"https:\/\/www.promostar.it\/fr\/#\/schema\/logo\/image\/\"}}]}<\/script>\n<!-- \/ Yoast SEO plugin. -->","yoast_head_json":{"title":"Tourets \u00e0 croisillons (porte-fil) | Promostar","description":"Les tourets \u00e0 croisillons (porte-fil) sont utilis\u00e9s pour collecter le fil apr\u00e8s le processus de tr\u00e9filage sur la tr\u00e9fileuse multipasse pour la production de couonns de fil de fil m\u00e9tallique.","robots":{"index":"index","follow":"follow","max-snippet":"max-snippet:-1","max-image-preview":"max-image-preview:large","max-video-preview":"max-video-preview:-1"},"canonical":"https:\/\/www.promostar.it\/fr\/prodotto\/les-tourets-a-croisillons-porte-fils\/","og_locale":"fr_FR","og_type":"article","og_title":"Tourets \u00e0 croisillons (porte-fil) | Promostar","og_description":"Les tourets \u00e0 croisillons (porte-fil) sont utilis\u00e9s pour collecter le fil apr\u00e8s le processus de tr\u00e9filage sur la tr\u00e9fileuse multipasse pour la production de couonns de fil de fil m\u00e9tallique.","og_url":"https:\/\/www.promostar.it\/fr\/prodotto\/les-tourets-a-croisillons-porte-fils\/","og_site_name":"PromoStar S.r.l.","article_modified_time":"2023-04-17T13:12:06+00:00","og_image":[{"width":1200,"height":1200,"url":"https:\/\/www.promostar.it\/wp-content\/uploads\/2022\/04\/Spider-reels-1-transaparent.jpg","type":"image\/jpeg"}],"twitter_card":"summary_large_image","schema":{"@context":"https:\/\/schema.org","@graph":[{"@type":"WebPage","@id":"https:\/\/www.promostar.it\/fr\/prodotto\/les-tourets-a-croisillons-porte-fils\/","url":"https:\/\/www.promostar.it\/fr\/prodotto\/les-tourets-a-croisillons-porte-fils\/","name":"Tourets \u00e0 croisillons (porte-fil) | Promostar","isPartOf":{"@id":"https:\/\/www.promostar.it\/fr\/#website"},"datePublished":"2022-04-05T08:52:24+00:00","dateModified":"2023-04-17T13:12:06+00:00","description":"Les tourets \u00e0 croisillons (porte-fil) sont utilis\u00e9s pour collecter le fil apr\u00e8s le processus de tr\u00e9filage sur la tr\u00e9fileuse multipasse pour la production de couonns de fil de fil m\u00e9tallique.","breadcrumb":{"@id":"https:\/\/www.promostar.it\/fr\/prodotto\/les-tourets-a-croisillons-porte-fils\/#breadcrumb"},"inLanguage":"fr-FR","potentialAction":[{"@type":"ReadAction","target":["https:\/\/www.promostar.it\/fr\/prodotto\/les-tourets-a-croisillons-porte-fils\/"]}]},{"@type":"BreadcrumbList","@id":"https:\/\/www.promostar.it\/fr\/prodotto\/les-tourets-a-croisillons-porte-fils\/#breadcrumb","itemListElement":[{"@type":"ListItem","position":1,"name":"Home","item":"https:\/\/www.promostar.it\/fr\/"},{"@type":"ListItem","position":2,"name":"Produits","item":"https:\/\/www.promostar.it\/fr\/shop\/"},{"@type":"ListItem","position":3,"name":"Les tourets \u00e0 croisillons (porte-fils)"}]},{"@type":"WebSite","@id":"https:\/\/www.promostar.it\/fr\/#website","url":"https:\/\/www.promostar.it\/fr\/","name":"PromoStar S.r.l.","description":"Promostar \u00e8 l\u2019azienda leader e la prima ad introdurre il processo di stiratura","publisher":{"@id":"https:\/\/www.promostar.it\/fr\/#organization"},"potentialAction":[{"@type":"SearchAction","target":{"@type":"EntryPoint","urlTemplate":"https:\/\/www.promostar.it\/fr\/?s={search_term_string}"},"query-input":"required name=search_term_string"}],"inLanguage":"fr-FR"},{"@type":"Organization","@id":"https:\/\/www.promostar.it\/fr\/#organization","name":"Promostar","url":"https:\/\/www.promostar.it\/fr\/","logo":{"@type":"ImageObject","inLanguage":"fr-FR","@id":"https:\/\/www.promostar.it\/fr\/#\/schema\/logo\/image\/","url":"https:\/\/www.promostar.it\/wp-content\/uploads\/2020\/10\/promostar-logo.png","contentUrl":"https:\/\/www.promostar.it\/wp-content\/uploads\/2020\/10\/promostar-logo.png","width":210,"height":69,"caption":"Promostar"},"image":{"@id":"https:\/\/www.promostar.it\/fr\/#\/schema\/logo\/image\/"}}]}},"_links":{"self":[{"href":"https:\/\/www.promostar.it\/fr\/wp-json\/wp\/v3\/product\/5568"}],"collection":[{"href":"https:\/\/www.promostar.it\/fr\/wp-json\/wp\/v3\/product"}],"about":[{"href":"https:\/\/www.promostar.it\/fr\/wp-json\/wp\/v2\/types\/product"}],"wp:featuredmedia":[{"embeddable":true,"href":"https:\/\/www.promostar.it\/fr\/wp-json\/wp\/v2\/media\/4185"}],"wp:attachment":[{"href":"https:\/\/www.promostar.it\/fr\/wp-json\/wp\/v2\/media?parent=5568"}],"wp:term":[{"taxonomy":"product_cat","embeddable":true,"href":"https:\/\/www.promostar.it\/fr\/wp-json\/wp\/v2\/product_cat?post=5568"},{"taxonomy":"product_tag","embeddable":true,"href":"https:\/\/www.promostar.it\/fr\/wp-json\/wp\/v2\/product_tag?post=5568"}],"curies":[{"name":"wp","href":"https:\/\/api.w.org\/{rel}","templated":true}]}}