{"id":5567,"date":"2022-04-05T10:58:37","date_gmt":"2022-04-05T08:58:37","guid":{"rendered":"https:\/\/www.promostar.it\/prodotto\/kit-detirage\/"},"modified":"2023-04-17T15:06:02","modified_gmt":"2023-04-17T13:06:02","slug":"kit-detirage","status":"publish","type":"product","link":"https:\/\/www.promostar.it\/fr\/prodotto\/kit-detirage\/","title":{"rendered":"Kit d\u2019\u00e9tirage"},"content":{"rendered":"<p>[et_pb_section fb_built=\u00a0\u00bb1&Prime; _builder_version=\u00a0\u00bb4.17.0&Prime; _module_preset=\u00a0\u00bbdefault\u00a0\u00bb global_colors_info=\u00a0\u00bb{}\u00a0\u00bb][\/et_pb_section]<\/p>\n","protected":false},"excerpt":{"rendered":"<p>Le <strong>Kit d\u2019\u00e9tirage<\/strong> n\u2019est pas utilis\u00e9 pour le processus d\u2019\u00e9tirage du fil.<\/p>\n<p>Le <strong>kit d\u2019\u00e9tirage<\/strong> augmente les propri\u00e9t\u00e9s m\u00e9caniques du mat\u00e9riau d&rsquo;entr\u00e9e (qui est constitu\u00e9 de barres d&rsquo;armature en couronnes) qui doit avoir la composition chimique requise sans ajouter d&rsquo;\u00e9l\u00e9ments micro-alli\u00e9s co\u00fbteux (vanadium et mangan\u00e8se) et sans effectuer un processus de \u00ab trempe \u00e0 l&rsquo;eau \u00bb (commun\u00e9ment appel\u00e9 Termex ou Tempcore).<\/p>\n<p>Le processus d&rsquo;\u00e9tirage est r\u00e9alis\u00e9 par <strong>deux panneaux d&rsquo;\u00e9tirage orient\u00e9s \u00e0 90\u00b0 l&rsquo;un par rapport \u00e0 l&rsquo;autre <\/strong>qui, gr\u00e2ce \u00e0 un cintrage alternatif r\u00e9alis\u00e9 par une s\u00e9rie de <strong>rouleaux (en carbure de tungst\u00e8ne)<\/strong> sur le mat\u00e9riau d&rsquo;entr\u00e9e, appliquent le degr\u00e9 d&rsquo;\u00e9tirement souhait\u00e9 (qui peut varier de 1 \u00e0 7 %) qui augmente l&rsquo;allongement du fil, tandis que le motif des torsades a d\u00e9j\u00e0 \u00e9t\u00e9 appliqu\u00e9 \u00e0 la surface du mat\u00e9riau dans la phase de laminage \u00e0 chaud de sa production). Le mat\u00e9riau \u00e9tir\u00e9 obtenu est essentiellement un mat\u00e9riau lamin\u00e9 \u00e0 chaud pr\u00e9sentant des propri\u00e9t\u00e9s m\u00e9caniques accrues (r\u00e9sistance \u00e0 la traction, limite d&rsquo;\u00e9lasticit\u00e9 et allongement final) et, tout comme les autres fils d&rsquo;armature, il pr\u00e9sente une ductilit\u00e9 \u00e9lev\u00e9e et une capacit\u00e9 \u00e0 absorber des charges impr\u00e9vues. Un autre avantage de ce proc\u00e9d\u00e9 est que les dimensions du fil ne changent pas de mani\u00e8re significative (le diam\u00e8tre reste pratiquement le m\u00eame) au cours du processus.<\/p>\n","protected":false},"featured_media":4188,"template":"","meta":{"_et_pb_use_builder":"on","_et_pb_old_content":"Le <strong>Kit d\u2019\u00e9tirage<\/strong> n\u2019est pas utilis\u00e9 pour le processus d\u2019\u00e9tirage du fil.\n\nLe <strong>kit d\u2019\u00e9tirage<\/strong> augmente les propri\u00e9t\u00e9s m\u00e9caniques du mat\u00e9riau d'entr\u00e9e (qui est constitu\u00e9 de barres d'armature en couronnes) qui doit avoir la composition chimique requise sans ajouter d'\u00e9l\u00e9ments micro-alli\u00e9s co\u00fbteux (vanadium et mangan\u00e8se) et sans effectuer un processus de \u00ab trempe \u00e0 l'eau \u00bb (commun\u00e9ment appel\u00e9 Termex ou Tempcore).\n\nLe processus d'\u00e9tirage est r\u00e9alis\u00e9 par <strong>deux panneaux d'\u00e9tirage orient\u00e9s \u00e0 90\u00b0 l'un par rapport \u00e0 l'autre <\/strong>qui, gr\u00e2ce \u00e0 un cintrage alternatif r\u00e9alis\u00e9 par une s\u00e9rie de <strong>rouleaux (en carbure de tungst\u00e8ne)<\/strong> sur le mat\u00e9riau d'entr\u00e9e, appliquent le degr\u00e9 d'\u00e9tirement souhait\u00e9 (qui peut varier de 1 \u00e0 7 %) qui augmente l'allongement du fil, tandis que le motif des torsades a d\u00e9j\u00e0 \u00e9t\u00e9 appliqu\u00e9 \u00e0 la surface du mat\u00e9riau dans la phase de laminage \u00e0 chaud de sa production). Le mat\u00e9riau \u00e9tir\u00e9 obtenu est essentiellement un mat\u00e9riau lamin\u00e9 \u00e0 chaud pr\u00e9sentant des propri\u00e9t\u00e9s m\u00e9caniques accrues (r\u00e9sistance \u00e0 la traction, limite d'\u00e9lasticit\u00e9 et allongement final) et, tout comme les autres fils d'armature, il pr\u00e9sente une ductilit\u00e9 \u00e9lev\u00e9e et une capacit\u00e9 \u00e0 absorber des charges impr\u00e9vues. Un autre avantage de ce proc\u00e9d\u00e9 est que les dimensions du fil ne changent pas de mani\u00e8re significative (le diam\u00e8tre reste pratiquement le m\u00eame) au cours du processus.\n\nLe proc\u00e9d\u00e9 d'\u00e9tirage permet de produire des couronnes compactes de m\u00eame qualit\u00e9, avec les m\u00eames propri\u00e9t\u00e9s m\u00e9caniques et les m\u00eames caract\u00e9ristiques esth\u00e9tiques qu'une bobineuse dans un laminoir \u00e0 chaud, mais en r\u00e9duisant consid\u00e9rablement les co\u00fbts d'investissement et en produisant un mat\u00e9riau moins cher dans l'installation de laminage \u00e0 chaud\n\nLes applications du produit final sont normalement des treillis d'armature, des \u00e9triers, des cages et des poutres en treillis pour la construction civile et industrielle, les fondations et l'industrie de la pr\u00e9fabrication.\n\nLes panneaux extensibles mentionn\u00e9s ci-dessus sont fix\u00e9s \u00e0 une structure m\u00e9tallique enti\u00e8rement ferm\u00e9e par une protection ext\u00e9rieure. L'acc\u00e8s se fait au moyen d'une porte frontale ouvrable. Cette caract\u00e9ristique permet de <strong>r\u00e9duire consid\u00e9rablement le bruit et la dispersion<\/strong> des poussi\u00e8res dans l'environnement et d'<strong>augmenter le niveau de s\u00e9curit\u00e9<\/strong>, am\u00e9liorant ainsi les conditions de travail des op\u00e9rateurs.\n\nSur chaque panneau d'\u00e9tirage sont mont\u00e9s une s\u00e9rie de rouleaux fous, dont la position est <strong>r\u00e9glable par un \u00e9lectromoteur<\/strong>, et qui peuvent \u00eatre enregistr\u00e9s en cr\u00e9ant une recette que les op\u00e9rateurs pourront rappeler \u00e0 l'avenir pour utiliser le m\u00eame r\u00e9glage.\n\nTous les rouleaux sont fabriqu\u00e9s en carbure de tungst\u00e8ne et mont\u00e9s sur des supports de roulements de roues folles qui r\u00e9sistent \u00e0 une vitesse \u00e9lev\u00e9e et \u00e0 des conditions de travail difficiles.\n\nUne unit\u00e9 centralis\u00e9e de lubrification \u00e0 la graisse atteint tous les supports de rouleaux et facilite le <strong>graissage automatique<\/strong> de ces derniers. <strong>Un circuit d'eau de refroidissement<\/strong> circulant \u00e0 travers les axes des rouleaux \u00e9limine la chaleur produite par le processus d'\u00e9tirement.\n\nUn pupitre local facilement accessible par l'op\u00e9rateur permet d'intervenir pendant la phase d'insertion et de r\u00e9glage du fil.\n\nUn rev\u00eatement ext\u00e9rieur ad\u00e9quat et des ouvertures suffisantes pour l'insertion du fil isolent toutes les parties dangereuses en mouvement.\n\nLe <strong>kit d'\u00e9tirage<\/strong> comprend \u00e9galement <strong>deux (2) cabestans d\u00e9di\u00e9s au processus d'\u00e9tirage<\/strong> qui ont une rainure en forme de V rev\u00eatue de m\u00e9tal dur pour assurer une force de traction ad\u00e9quate n\u00e9cessaire au processus d'\u00e9tirement.\n\nUn bras avec un <strong>rouleau de pression<\/strong> et une <strong>poulie de d\u00e9rivation<\/strong> sont ajout\u00e9s \u00e0 la structure et compl\u00e8tent la fourniture.\n\nLe <strong>kit d'\u00e9tirage<\/strong> est con\u00e7u et fabriqu\u00e9 par Promostar en collaboration avec ses partenaires en utilisant les derni\u00e8res technologies et les meilleures marques disponibles sur le march\u00e9.","_et_gb_content_width":""},"product_cat":[158],"product_tag":[99,106,111,118,135],"yoast_head":"<!-- This site is optimized with the Yoast SEO plugin v20.5 - https:\/\/yoast.com\/wordpress\/plugins\/seo\/ -->\n<title>Kit d\u2019\u00e9tirage | Promostar<\/title>\n<meta name=\"description\" content=\"Le Kit d\u2019\u00e9tirage n\u2019est pas utilis\u00e9 pour le processus d\u2019\u00e9tirage du fil. Le kit d\u2019\u00e9tirage augmente les propri\u00e9t\u00e9s m\u00e9caniques du mat\u00e9riau d&#039;entr\u00e9e\" \/>\n<meta name=\"robots\" content=\"index, follow, max-snippet:-1, max-image-preview:large, max-video-preview:-1\" \/>\n<link rel=\"canonical\" href=\"https:\/\/www.promostar.it\/fr\/prodotto\/kit-detirage\/\" \/>\n<meta property=\"og:locale\" content=\"fr_FR\" \/>\n<meta property=\"og:type\" content=\"article\" \/>\n<meta property=\"og:title\" content=\"Kit d\u2019\u00e9tirage | Promostar\" \/>\n<meta property=\"og:description\" content=\"Le Kit d\u2019\u00e9tirage n\u2019est pas utilis\u00e9 pour le processus d\u2019\u00e9tirage du fil. Le kit d\u2019\u00e9tirage augmente les propri\u00e9t\u00e9s m\u00e9caniques du mat\u00e9riau d&#039;entr\u00e9e\" \/>\n<meta property=\"og:url\" content=\"https:\/\/www.promostar.it\/fr\/prodotto\/kit-detirage\/\" \/>\n<meta property=\"og:site_name\" content=\"PromoStar S.r.l.\" \/>\n<meta property=\"article:modified_time\" content=\"2023-04-17T13:06:02+00:00\" \/>\n<meta property=\"og:image\" content=\"https:\/\/www.promostar.it\/wp-content\/uploads\/2022\/04\/Stretching-Kit-1-transparent.jpg\" \/>\n\t<meta property=\"og:image:width\" content=\"1200\" \/>\n\t<meta property=\"og:image:height\" content=\"1200\" \/>\n\t<meta property=\"og:image:type\" content=\"image\/jpeg\" \/>\n<meta name=\"twitter:card\" content=\"summary_large_image\" \/>\n<script type=\"application\/ld+json\" class=\"yoast-schema-graph\">{\"@context\":\"https:\/\/schema.org\",\"@graph\":[{\"@type\":\"WebPage\",\"@id\":\"https:\/\/www.promostar.it\/fr\/prodotto\/kit-detirage\/\",\"url\":\"https:\/\/www.promostar.it\/fr\/prodotto\/kit-detirage\/\",\"name\":\"Kit d\u2019\u00e9tirage | Promostar\",\"isPartOf\":{\"@id\":\"https:\/\/www.promostar.it\/fr\/#website\"},\"datePublished\":\"2022-04-05T08:58:37+00:00\",\"dateModified\":\"2023-04-17T13:06:02+00:00\",\"description\":\"Le Kit d\u2019\u00e9tirage n\u2019est pas utilis\u00e9 pour le processus d\u2019\u00e9tirage du fil. Le kit d\u2019\u00e9tirage augmente les propri\u00e9t\u00e9s m\u00e9caniques du mat\u00e9riau d'entr\u00e9e\",\"breadcrumb\":{\"@id\":\"https:\/\/www.promostar.it\/fr\/prodotto\/kit-detirage\/#breadcrumb\"},\"inLanguage\":\"fr-FR\",\"potentialAction\":[{\"@type\":\"ReadAction\",\"target\":[\"https:\/\/www.promostar.it\/fr\/prodotto\/kit-detirage\/\"]}]},{\"@type\":\"BreadcrumbList\",\"@id\":\"https:\/\/www.promostar.it\/fr\/prodotto\/kit-detirage\/#breadcrumb\",\"itemListElement\":[{\"@type\":\"ListItem\",\"position\":1,\"name\":\"Home\",\"item\":\"https:\/\/www.promostar.it\/fr\/\"},{\"@type\":\"ListItem\",\"position\":2,\"name\":\"Produits\",\"item\":\"https:\/\/www.promostar.it\/fr\/shop\/\"},{\"@type\":\"ListItem\",\"position\":3,\"name\":\"Kit d\u2019\u00e9tirage\"}]},{\"@type\":\"WebSite\",\"@id\":\"https:\/\/www.promostar.it\/fr\/#website\",\"url\":\"https:\/\/www.promostar.it\/fr\/\",\"name\":\"PromoStar S.r.l.\",\"description\":\"Promostar \u00e8 l\u2019azienda leader e la prima ad introdurre il processo di stiratura\",\"publisher\":{\"@id\":\"https:\/\/www.promostar.it\/fr\/#organization\"},\"potentialAction\":[{\"@type\":\"SearchAction\",\"target\":{\"@type\":\"EntryPoint\",\"urlTemplate\":\"https:\/\/www.promostar.it\/fr\/?s={search_term_string}\"},\"query-input\":\"required name=search_term_string\"}],\"inLanguage\":\"fr-FR\"},{\"@type\":\"Organization\",\"@id\":\"https:\/\/www.promostar.it\/fr\/#organization\",\"name\":\"Promostar\",\"url\":\"https:\/\/www.promostar.it\/fr\/\",\"logo\":{\"@type\":\"ImageObject\",\"inLanguage\":\"fr-FR\",\"@id\":\"https:\/\/www.promostar.it\/fr\/#\/schema\/logo\/image\/\",\"url\":\"https:\/\/www.promostar.it\/wp-content\/uploads\/2020\/10\/promostar-logo.png\",\"contentUrl\":\"https:\/\/www.promostar.it\/wp-content\/uploads\/2020\/10\/promostar-logo.png\",\"width\":210,\"height\":69,\"caption\":\"Promostar\"},\"image\":{\"@id\":\"https:\/\/www.promostar.it\/fr\/#\/schema\/logo\/image\/\"}}]}<\/script>\n<!-- \/ Yoast SEO plugin. -->","yoast_head_json":{"title":"Kit d\u2019\u00e9tirage | Promostar","description":"Le Kit d\u2019\u00e9tirage n\u2019est pas utilis\u00e9 pour le processus d\u2019\u00e9tirage du fil. Le kit d\u2019\u00e9tirage augmente les propri\u00e9t\u00e9s m\u00e9caniques du mat\u00e9riau d'entr\u00e9e","robots":{"index":"index","follow":"follow","max-snippet":"max-snippet:-1","max-image-preview":"max-image-preview:large","max-video-preview":"max-video-preview:-1"},"canonical":"https:\/\/www.promostar.it\/fr\/prodotto\/kit-detirage\/","og_locale":"fr_FR","og_type":"article","og_title":"Kit d\u2019\u00e9tirage | Promostar","og_description":"Le Kit d\u2019\u00e9tirage n\u2019est pas utilis\u00e9 pour le processus d\u2019\u00e9tirage du fil. Le kit d\u2019\u00e9tirage augmente les propri\u00e9t\u00e9s m\u00e9caniques du mat\u00e9riau d'entr\u00e9e","og_url":"https:\/\/www.promostar.it\/fr\/prodotto\/kit-detirage\/","og_site_name":"PromoStar S.r.l.","article_modified_time":"2023-04-17T13:06:02+00:00","og_image":[{"width":1200,"height":1200,"url":"https:\/\/www.promostar.it\/wp-content\/uploads\/2022\/04\/Stretching-Kit-1-transparent.jpg","type":"image\/jpeg"}],"twitter_card":"summary_large_image","schema":{"@context":"https:\/\/schema.org","@graph":[{"@type":"WebPage","@id":"https:\/\/www.promostar.it\/fr\/prodotto\/kit-detirage\/","url":"https:\/\/www.promostar.it\/fr\/prodotto\/kit-detirage\/","name":"Kit d\u2019\u00e9tirage | Promostar","isPartOf":{"@id":"https:\/\/www.promostar.it\/fr\/#website"},"datePublished":"2022-04-05T08:58:37+00:00","dateModified":"2023-04-17T13:06:02+00:00","description":"Le Kit d\u2019\u00e9tirage n\u2019est pas utilis\u00e9 pour le processus d\u2019\u00e9tirage du fil. Le kit d\u2019\u00e9tirage augmente les propri\u00e9t\u00e9s m\u00e9caniques du mat\u00e9riau d'entr\u00e9e","breadcrumb":{"@id":"https:\/\/www.promostar.it\/fr\/prodotto\/kit-detirage\/#breadcrumb"},"inLanguage":"fr-FR","potentialAction":[{"@type":"ReadAction","target":["https:\/\/www.promostar.it\/fr\/prodotto\/kit-detirage\/"]}]},{"@type":"BreadcrumbList","@id":"https:\/\/www.promostar.it\/fr\/prodotto\/kit-detirage\/#breadcrumb","itemListElement":[{"@type":"ListItem","position":1,"name":"Home","item":"https:\/\/www.promostar.it\/fr\/"},{"@type":"ListItem","position":2,"name":"Produits","item":"https:\/\/www.promostar.it\/fr\/shop\/"},{"@type":"ListItem","position":3,"name":"Kit d\u2019\u00e9tirage"}]},{"@type":"WebSite","@id":"https:\/\/www.promostar.it\/fr\/#website","url":"https:\/\/www.promostar.it\/fr\/","name":"PromoStar S.r.l.","description":"Promostar \u00e8 l\u2019azienda leader e la prima ad introdurre il processo di stiratura","publisher":{"@id":"https:\/\/www.promostar.it\/fr\/#organization"},"potentialAction":[{"@type":"SearchAction","target":{"@type":"EntryPoint","urlTemplate":"https:\/\/www.promostar.it\/fr\/?s={search_term_string}"},"query-input":"required name=search_term_string"}],"inLanguage":"fr-FR"},{"@type":"Organization","@id":"https:\/\/www.promostar.it\/fr\/#organization","name":"Promostar","url":"https:\/\/www.promostar.it\/fr\/","logo":{"@type":"ImageObject","inLanguage":"fr-FR","@id":"https:\/\/www.promostar.it\/fr\/#\/schema\/logo\/image\/","url":"https:\/\/www.promostar.it\/wp-content\/uploads\/2020\/10\/promostar-logo.png","contentUrl":"https:\/\/www.promostar.it\/wp-content\/uploads\/2020\/10\/promostar-logo.png","width":210,"height":69,"caption":"Promostar"},"image":{"@id":"https:\/\/www.promostar.it\/fr\/#\/schema\/logo\/image\/"}}]}},"_links":{"self":[{"href":"https:\/\/www.promostar.it\/fr\/wp-json\/wp\/v3\/product\/5567"}],"collection":[{"href":"https:\/\/www.promostar.it\/fr\/wp-json\/wp\/v3\/product"}],"about":[{"href":"https:\/\/www.promostar.it\/fr\/wp-json\/wp\/v2\/types\/product"}],"wp:featuredmedia":[{"embeddable":true,"href":"https:\/\/www.promostar.it\/fr\/wp-json\/wp\/v2\/media\/4188"}],"wp:attachment":[{"href":"https:\/\/www.promostar.it\/fr\/wp-json\/wp\/v2\/media?parent=5567"}],"wp:term":[{"taxonomy":"product_cat","embeddable":true,"href":"https:\/\/www.promostar.it\/fr\/wp-json\/wp\/v2\/product_cat?post=5567"},{"taxonomy":"product_tag","embeddable":true,"href":"https:\/\/www.promostar.it\/fr\/wp-json\/wp\/v2\/product_tag?post=5567"}],"curies":[{"name":"wp","href":"https:\/\/api.w.org\/{rel}","templated":true}]}}