{"id":5566,"date":"2022-04-05T11:04:33","date_gmt":"2022-04-05T09:04:33","guid":{"rendered":"https:\/\/www.promostar.it\/prodotto\/machines-a-lubrifier-le-fil\/"},"modified":"2023-04-17T14:53:37","modified_gmt":"2023-04-17T12:53:37","slug":"machines-a-lubrifier-le-fil","status":"publish","type":"product","link":"https:\/\/www.promostar.it\/fr\/prodotto\/machines-a-lubrifier-le-fil\/","title":{"rendered":"Machines \u00e0 lubrifier le fil"},"content":{"rendered":"<p>[et_pb_section fb_built=\u00a0\u00bb1&Prime; theme_builder_area=\u00a0\u00bbpost_content\u00a0\u00bb _builder_version=\u00a0\u00bb4.17.0&Prime; _module_preset=\u00a0\u00bbdefault\u00a0\u00bb][\/et_pb_section]<\/p>\n","protected":false},"excerpt":{"rendered":"<p>Les <strong>machines \u00e0 lubrifier le fil<\/strong> sont sont utilis\u00e9es pour lubrifier le fil machine d&rsquo;entr\u00e9e avec de la poudre de st\u00e9arate de calcium et de sodium avant le processus de laminage \u00e0 froid ou de tr\u00e9filage du fil.<\/p>\n<p>Les <strong>machines \u00e0 lubrifier le fil<\/strong> assurent la lubrification du fil machine en mettant en contact direct la poudre de savon avec la surface du fil.<\/p>\n<p>Elles sont compos\u00e9es d&rsquo;une base rigide et d&rsquo;un support, fabriqu\u00e9s en acier, sur lesquels sont install\u00e9es deux (2) vis sans fin motoris\u00e9es, l&rsquo;une horizontale et l&rsquo;autre verticale, dont la fonction est de d\u00e9placer en continu la poudre de lubrifiant au niveau du fil machine. Un acc\u00e8s pratique par le haut permet de charger rapidement la poudre de lubrifiant, tandis qu&rsquo;un acc\u00e8s par le bas permet de d\u00e9charger la poudre de savon \u00e9puis\u00e9e.<\/p>\n","protected":false},"featured_media":4191,"template":"","meta":{"_et_pb_use_builder":"on","_et_pb_old_content":"Les <strong>machines \u00e0 lubrifier le fil<\/strong> sont sont utilis\u00e9es pour lubrifier le fil machine d'entr\u00e9e avec de la poudre de st\u00e9arate de calcium et de sodium avant le processus de laminage \u00e0 froid ou de tr\u00e9filage du fil.\n\nLes <strong>machines \u00e0 lubrifier le fil<\/strong> assurent la lubrification du fil machine en mettant en contact direct la poudre de savon avec la surface du fil.\n\nElles sont compos\u00e9es d'une base rigide et d'un support, fabriqu\u00e9s en acier, sur lesquels sont install\u00e9es deux (2) vis sans fin motoris\u00e9es, l'une horizontale et l'autre verticale, dont la fonction est de d\u00e9placer en continu la poudre de lubrifiant au niveau du fil machine. Un acc\u00e8s pratique par le haut permet de charger rapidement la poudre de lubrifiant, tandis qu'un acc\u00e8s par le bas permet de d\u00e9charger la poudre de savon \u00e9puis\u00e9e.\n\nLe dispositif est totalement ferm\u00e9 et peut \u00eatre \u00e9quip\u00e9 d'un syst\u00e8me de filtrage et de recyclage qui met tout le savon en d\u00e9pression, limitant ainsi la dispersion de la poudre de savon \u00e0 l'int\u00e9rieur du corps de la machine, r\u00e9duisant ainsi sa consommation. En cons\u00e9quence, l'exc\u00e8s de poudre de savon sur la surface du fil est absorb\u00e9, et le syst\u00e8me de nettoyage du filtre le fait retomber dans la caisse \u00e0 savon.","_et_gb_content_width":""},"product_cat":[158],"product_tag":[99,106,111,118,122,125,135],"yoast_head":"<!-- This site is optimized with the Yoast SEO plugin v20.5 - https:\/\/yoast.com\/wordpress\/plugins\/seo\/ -->\n<title>Machines \u00e0 lubrifier le fil | Promostar<\/title>\n<meta name=\"description\" content=\"Les machines \u00e0 lubrifier le fil sont sont utilis\u00e9es pour lubrifier le fil machine d&#039;entr\u00e9e avec de la poudre de st\u00e9arate de calcium et de sodium avant le processus de laminage \u00e0 froid ou de tr\u00e9filage du fil.\" \/>\n<meta name=\"robots\" content=\"index, follow, max-snippet:-1, max-image-preview:large, max-video-preview:-1\" \/>\n<link rel=\"canonical\" href=\"https:\/\/www.promostar.it\/fr\/prodotto\/machines-a-lubrifier-le-fil\/\" \/>\n<meta property=\"og:locale\" content=\"fr_FR\" \/>\n<meta property=\"og:type\" content=\"article\" \/>\n<meta property=\"og:title\" content=\"Machines \u00e0 lubrifier le fil | Promostar\" \/>\n<meta property=\"og:description\" content=\"Les machines \u00e0 lubrifier le fil sont sont utilis\u00e9es pour lubrifier le fil machine d&#039;entr\u00e9e avec de la poudre de st\u00e9arate de calcium et de sodium avant le processus de laminage \u00e0 froid ou de tr\u00e9filage du fil.\" \/>\n<meta property=\"og:url\" content=\"https:\/\/www.promostar.it\/fr\/prodotto\/machines-a-lubrifier-le-fil\/\" \/>\n<meta property=\"og:site_name\" content=\"PromoStar S.r.l.\" \/>\n<meta property=\"article:modified_time\" content=\"2023-04-17T12:53:37+00:00\" \/>\n<meta property=\"og:image\" content=\"https:\/\/www.promostar.it\/wp-content\/uploads\/2022\/04\/Wire-lubricant-machine-2-transparent.jpg\" \/>\n\t<meta property=\"og:image:width\" content=\"1200\" \/>\n\t<meta property=\"og:image:height\" content=\"1200\" \/>\n\t<meta property=\"og:image:type\" content=\"image\/jpeg\" \/>\n<meta name=\"twitter:card\" content=\"summary_large_image\" \/>\n<script type=\"application\/ld+json\" class=\"yoast-schema-graph\">{\"@context\":\"https:\/\/schema.org\",\"@graph\":[{\"@type\":\"WebPage\",\"@id\":\"https:\/\/www.promostar.it\/fr\/prodotto\/machines-a-lubrifier-le-fil\/\",\"url\":\"https:\/\/www.promostar.it\/fr\/prodotto\/machines-a-lubrifier-le-fil\/\",\"name\":\"Machines \u00e0 lubrifier le fil | Promostar\",\"isPartOf\":{\"@id\":\"https:\/\/www.promostar.it\/fr\/#website\"},\"datePublished\":\"2022-04-05T09:04:33+00:00\",\"dateModified\":\"2023-04-17T12:53:37+00:00\",\"description\":\"Les machines \u00e0 lubrifier le fil sont sont utilis\u00e9es pour lubrifier le fil machine d'entr\u00e9e avec de la poudre de st\u00e9arate de calcium et de sodium avant le processus de laminage \u00e0 froid ou de tr\u00e9filage du fil.\",\"breadcrumb\":{\"@id\":\"https:\/\/www.promostar.it\/fr\/prodotto\/machines-a-lubrifier-le-fil\/#breadcrumb\"},\"inLanguage\":\"fr-FR\",\"potentialAction\":[{\"@type\":\"ReadAction\",\"target\":[\"https:\/\/www.promostar.it\/fr\/prodotto\/machines-a-lubrifier-le-fil\/\"]}]},{\"@type\":\"BreadcrumbList\",\"@id\":\"https:\/\/www.promostar.it\/fr\/prodotto\/machines-a-lubrifier-le-fil\/#breadcrumb\",\"itemListElement\":[{\"@type\":\"ListItem\",\"position\":1,\"name\":\"Home\",\"item\":\"https:\/\/www.promostar.it\/fr\/home-2\/\"},{\"@type\":\"ListItem\",\"position\":2,\"name\":\"Produits\",\"item\":\"https:\/\/www.promostar.it\/fr\/shop\/\"},{\"@type\":\"ListItem\",\"position\":3,\"name\":\"Machines \u00e0 lubrifier le fil\"}]},{\"@type\":\"WebSite\",\"@id\":\"https:\/\/www.promostar.it\/fr\/#website\",\"url\":\"https:\/\/www.promostar.it\/fr\/\",\"name\":\"PromoStar S.r.l.\",\"description\":\"Promostar \u00e8 l\u2019azienda leader e la prima ad introdurre il processo di stiratura\",\"publisher\":{\"@id\":\"https:\/\/www.promostar.it\/fr\/#organization\"},\"potentialAction\":[{\"@type\":\"SearchAction\",\"target\":{\"@type\":\"EntryPoint\",\"urlTemplate\":\"https:\/\/www.promostar.it\/fr\/?s={search_term_string}\"},\"query-input\":\"required name=search_term_string\"}],\"inLanguage\":\"fr-FR\"},{\"@type\":\"Organization\",\"@id\":\"https:\/\/www.promostar.it\/fr\/#organization\",\"name\":\"Promostar\",\"url\":\"https:\/\/www.promostar.it\/fr\/\",\"logo\":{\"@type\":\"ImageObject\",\"inLanguage\":\"fr-FR\",\"@id\":\"https:\/\/www.promostar.it\/fr\/#\/schema\/logo\/image\/\",\"url\":\"https:\/\/www.promostar.it\/wp-content\/uploads\/2020\/10\/promostar-logo.png\",\"contentUrl\":\"https:\/\/www.promostar.it\/wp-content\/uploads\/2020\/10\/promostar-logo.png\",\"width\":210,\"height\":69,\"caption\":\"Promostar\"},\"image\":{\"@id\":\"https:\/\/www.promostar.it\/fr\/#\/schema\/logo\/image\/\"}}]}<\/script>\n<!-- \/ Yoast SEO plugin. -->","yoast_head_json":{"title":"Machines \u00e0 lubrifier le fil | Promostar","description":"Les machines \u00e0 lubrifier le fil sont sont utilis\u00e9es pour lubrifier le fil machine d'entr\u00e9e avec de la poudre de st\u00e9arate de calcium et de sodium avant le processus de laminage \u00e0 froid ou de tr\u00e9filage du fil.","robots":{"index":"index","follow":"follow","max-snippet":"max-snippet:-1","max-image-preview":"max-image-preview:large","max-video-preview":"max-video-preview:-1"},"canonical":"https:\/\/www.promostar.it\/fr\/prodotto\/machines-a-lubrifier-le-fil\/","og_locale":"fr_FR","og_type":"article","og_title":"Machines \u00e0 lubrifier le fil | Promostar","og_description":"Les machines \u00e0 lubrifier le fil sont sont utilis\u00e9es pour lubrifier le fil machine d'entr\u00e9e avec de la poudre de st\u00e9arate de calcium et de sodium avant le processus de laminage \u00e0 froid ou de tr\u00e9filage du fil.","og_url":"https:\/\/www.promostar.it\/fr\/prodotto\/machines-a-lubrifier-le-fil\/","og_site_name":"PromoStar S.r.l.","article_modified_time":"2023-04-17T12:53:37+00:00","og_image":[{"width":1200,"height":1200,"url":"https:\/\/www.promostar.it\/wp-content\/uploads\/2022\/04\/Wire-lubricant-machine-2-transparent.jpg","type":"image\/jpeg"}],"twitter_card":"summary_large_image","schema":{"@context":"https:\/\/schema.org","@graph":[{"@type":"WebPage","@id":"https:\/\/www.promostar.it\/fr\/prodotto\/machines-a-lubrifier-le-fil\/","url":"https:\/\/www.promostar.it\/fr\/prodotto\/machines-a-lubrifier-le-fil\/","name":"Machines \u00e0 lubrifier le fil | Promostar","isPartOf":{"@id":"https:\/\/www.promostar.it\/fr\/#website"},"datePublished":"2022-04-05T09:04:33+00:00","dateModified":"2023-04-17T12:53:37+00:00","description":"Les machines \u00e0 lubrifier le fil sont sont utilis\u00e9es pour lubrifier le fil machine d'entr\u00e9e avec de la poudre de st\u00e9arate de calcium et de sodium avant le processus de laminage \u00e0 froid ou de tr\u00e9filage du fil.","breadcrumb":{"@id":"https:\/\/www.promostar.it\/fr\/prodotto\/machines-a-lubrifier-le-fil\/#breadcrumb"},"inLanguage":"fr-FR","potentialAction":[{"@type":"ReadAction","target":["https:\/\/www.promostar.it\/fr\/prodotto\/machines-a-lubrifier-le-fil\/"]}]},{"@type":"BreadcrumbList","@id":"https:\/\/www.promostar.it\/fr\/prodotto\/machines-a-lubrifier-le-fil\/#breadcrumb","itemListElement":[{"@type":"ListItem","position":1,"name":"Home","item":"https:\/\/www.promostar.it\/fr\/home-2\/"},{"@type":"ListItem","position":2,"name":"Produits","item":"https:\/\/www.promostar.it\/fr\/shop\/"},{"@type":"ListItem","position":3,"name":"Machines \u00e0 lubrifier le fil"}]},{"@type":"WebSite","@id":"https:\/\/www.promostar.it\/fr\/#website","url":"https:\/\/www.promostar.it\/fr\/","name":"PromoStar S.r.l.","description":"Promostar \u00e8 l\u2019azienda leader e la prima ad introdurre il processo di stiratura","publisher":{"@id":"https:\/\/www.promostar.it\/fr\/#organization"},"potentialAction":[{"@type":"SearchAction","target":{"@type":"EntryPoint","urlTemplate":"https:\/\/www.promostar.it\/fr\/?s={search_term_string}"},"query-input":"required name=search_term_string"}],"inLanguage":"fr-FR"},{"@type":"Organization","@id":"https:\/\/www.promostar.it\/fr\/#organization","name":"Promostar","url":"https:\/\/www.promostar.it\/fr\/","logo":{"@type":"ImageObject","inLanguage":"fr-FR","@id":"https:\/\/www.promostar.it\/fr\/#\/schema\/logo\/image\/","url":"https:\/\/www.promostar.it\/wp-content\/uploads\/2020\/10\/promostar-logo.png","contentUrl":"https:\/\/www.promostar.it\/wp-content\/uploads\/2020\/10\/promostar-logo.png","width":210,"height":69,"caption":"Promostar"},"image":{"@id":"https:\/\/www.promostar.it\/fr\/#\/schema\/logo\/image\/"}}]}},"_links":{"self":[{"href":"https:\/\/www.promostar.it\/fr\/wp-json\/wp\/v3\/product\/5566"}],"collection":[{"href":"https:\/\/www.promostar.it\/fr\/wp-json\/wp\/v3\/product"}],"about":[{"href":"https:\/\/www.promostar.it\/fr\/wp-json\/wp\/v2\/types\/product"}],"wp:featuredmedia":[{"embeddable":true,"href":"https:\/\/www.promostar.it\/fr\/wp-json\/wp\/v2\/media\/4191"}],"wp:attachment":[{"href":"https:\/\/www.promostar.it\/fr\/wp-json\/wp\/v2\/media?parent=5566"}],"wp:term":[{"taxonomy":"product_cat","embeddable":true,"href":"https:\/\/www.promostar.it\/fr\/wp-json\/wp\/v2\/product_cat?post=5566"},{"taxonomy":"product_tag","embeddable":true,"href":"https:\/\/www.promostar.it\/fr\/wp-json\/wp\/v2\/product_tag?post=5566"}],"curies":[{"name":"wp","href":"https:\/\/api.w.org\/{rel}","templated":true}]}}