{"id":5564,"date":"2022-04-15T09:34:32","date_gmt":"2022-04-15T07:34:32","guid":{"rendered":"https:\/\/www.promostar.it\/prodotto\/rouleaux-et-porte-rouleaux\/"},"modified":"2023-04-17T14:20:50","modified_gmt":"2023-04-17T12:20:50","slug":"rouleaux-et-porte-rouleaux","status":"publish","type":"product","link":"https:\/\/www.promostar.it\/fr\/prodotto\/rouleaux-et-porte-rouleaux\/","title":{"rendered":"Rouleaux et Porte-rouleaux"},"content":{"rendered":"<p>[et_pb_section fb_built=\u00a0\u00bb1&Prime; _builder_version=\u00a0\u00bb4.17.0&Prime; _module_preset=\u00a0\u00bbdefault\u00a0\u00bb global_colors_info=\u00a0\u00bb{}\u00a0\u00bb][\/et_pb_section]<\/p>\n","protected":false},"excerpt":{"rendered":"<p><strong>Les Rouleaux et Porte-rouleaux<\/strong> sont utilis\u00e9s pour le processus de laminage \u00e0 froid dans les cassettes de laminage \u00e0 froid.<\/p>\n<p><strong>Les Rouleaux et Porte-rouleaux<\/strong> sont fabriqu\u00e9s int\u00e9gralement en carbure de tungst\u00e8ne.<\/p>\n<p>Nous disposons de diff\u00e9rentes formes de cylindres qui varient en fonction de chaque \u00e9tape du processus (cylindres ovales, ronds, de dimensionnement, de formage et de profilage) et de la forme finale du fil (lisse, torsad\u00e9s ou crant\u00e9s). D&rsquo;autres aspects tels que le diam\u00e8tre du fil d&rsquo;entr\u00e9e et de sortie et les normes \u00e0 respecter (EN, DIN, ASTM, etc.) sont pris en consid\u00e9ration pour d\u00e9finir les dimensions et les formes g\u00e9om\u00e9triques correctes des dimensions des torsades, de l&rsquo;orientation, du pas et du facteur \u00ab fr \u00bb.<\/p>\n","protected":false},"featured_media":4179,"template":"","meta":{"_et_pb_use_builder":"on","_et_pb_old_content":"<strong>Les Rouleaux et Porte-rouleaux<\/strong> sont utilis\u00e9s pour le processus de laminage \u00e0 froid dans les cassettes de laminage \u00e0 froid.\n\n<strong>Les Rouleaux et Porte-rouleaux<\/strong> sont fabriqu\u00e9s int\u00e9gralement en carbure de tungst\u00e8ne.\n\nNous disposons de diff\u00e9rentes formes de cylindres qui varient en fonction de chaque \u00e9tape du processus (cylindres ovales, ronds, de dimensionnement, de formage et de profilage) et de la forme finale du fil (lisse, torsad\u00e9s ou crant\u00e9s). D'autres aspects tels que le diam\u00e8tre du fil d'entr\u00e9e et de sortie et les normes \u00e0 respecter (EN, DIN, ASTM, etc.) sont pris en consid\u00e9ration pour d\u00e9finir les dimensions et les formes g\u00e9om\u00e9triques correctes des dimensions des torsades, de l'orientation, du pas et du facteur \u00ab fr \u00bb.\n\nIl est \u00e9galement possible de personnaliser le fil produit en ajoutant le nom ou le logo de l'entreprise sur la surface des rouleaux de profilage.\n\n<strong>Les Rouleaux et les porte-rouleaux<\/strong> sont propos\u00e9s en collaboration avec nos partenaires qui utilisent les derni\u00e8res technologies et les meilleures marques disponibles sur le march\u00e9.","_et_gb_content_width":""},"product_cat":[158],"product_tag":[99,106,111,118,122,125,135],"yoast_head":"<!-- This site is optimized with the Yoast SEO plugin v20.5 - https:\/\/yoast.com\/wordpress\/plugins\/seo\/ -->\n<title>Rouleaux et Porte-rouleaux pour processus de laminage \u00e0 froid | Promostar<\/title>\n<meta name=\"description\" content=\"Les Rouleaux et Porte-rouleaux sont utilis\u00e9s pour le processus de laminage \u00e0 froid dans les cassettes de laminage \u00e0 froid.\" \/>\n<meta name=\"robots\" content=\"index, follow, max-snippet:-1, max-image-preview:large, max-video-preview:-1\" \/>\n<link rel=\"canonical\" href=\"https:\/\/www.promostar.it\/fr\/prodotto\/rouleaux-et-porte-rouleaux\/\" \/>\n<meta property=\"og:locale\" content=\"fr_FR\" \/>\n<meta property=\"og:type\" content=\"article\" \/>\n<meta property=\"og:title\" content=\"Rouleaux et Porte-rouleaux pour processus de laminage \u00e0 froid | Promostar\" \/>\n<meta property=\"og:description\" content=\"Les Rouleaux et Porte-rouleaux sont utilis\u00e9s pour le processus de laminage \u00e0 froid dans les cassettes de laminage \u00e0 froid.\" \/>\n<meta property=\"og:url\" content=\"https:\/\/www.promostar.it\/fr\/prodotto\/rouleaux-et-porte-rouleaux\/\" \/>\n<meta property=\"og:site_name\" content=\"PromoStar S.r.l.\" \/>\n<meta property=\"article:modified_time\" content=\"2023-04-17T12:20:50+00:00\" \/>\n<meta property=\"og:image\" content=\"https:\/\/www.promostar.it\/wp-content\/uploads\/2022\/04\/portarulli-std_1-transparent.jpg\" \/>\n\t<meta property=\"og:image:width\" content=\"1200\" \/>\n\t<meta property=\"og:image:height\" content=\"1200\" \/>\n\t<meta property=\"og:image:type\" content=\"image\/jpeg\" \/>\n<meta name=\"twitter:card\" content=\"summary_large_image\" \/>\n<script type=\"application\/ld+json\" class=\"yoast-schema-graph\">{\"@context\":\"https:\/\/schema.org\",\"@graph\":[{\"@type\":\"WebPage\",\"@id\":\"https:\/\/www.promostar.it\/fr\/prodotto\/rouleaux-et-porte-rouleaux\/\",\"url\":\"https:\/\/www.promostar.it\/fr\/prodotto\/rouleaux-et-porte-rouleaux\/\",\"name\":\"Rouleaux et Porte-rouleaux pour processus de laminage \u00e0 froid | Promostar\",\"isPartOf\":{\"@id\":\"https:\/\/www.promostar.it\/fr\/#website\"},\"datePublished\":\"2022-04-15T07:34:32+00:00\",\"dateModified\":\"2023-04-17T12:20:50+00:00\",\"description\":\"Les Rouleaux et Porte-rouleaux sont utilis\u00e9s pour le processus de laminage \u00e0 froid dans les cassettes de laminage \u00e0 froid.\",\"breadcrumb\":{\"@id\":\"https:\/\/www.promostar.it\/fr\/prodotto\/rouleaux-et-porte-rouleaux\/#breadcrumb\"},\"inLanguage\":\"fr-FR\",\"potentialAction\":[{\"@type\":\"ReadAction\",\"target\":[\"https:\/\/www.promostar.it\/fr\/prodotto\/rouleaux-et-porte-rouleaux\/\"]}]},{\"@type\":\"BreadcrumbList\",\"@id\":\"https:\/\/www.promostar.it\/fr\/prodotto\/rouleaux-et-porte-rouleaux\/#breadcrumb\",\"itemListElement\":[{\"@type\":\"ListItem\",\"position\":1,\"name\":\"Home\",\"item\":\"https:\/\/www.promostar.it\/fr\/home-2\/\"},{\"@type\":\"ListItem\",\"position\":2,\"name\":\"Produits\",\"item\":\"https:\/\/www.promostar.it\/fr\/shop\/\"},{\"@type\":\"ListItem\",\"position\":3,\"name\":\"Rouleaux et Porte-rouleaux\"}]},{\"@type\":\"WebSite\",\"@id\":\"https:\/\/www.promostar.it\/fr\/#website\",\"url\":\"https:\/\/www.promostar.it\/fr\/\",\"name\":\"PromoStar S.r.l.\",\"description\":\"Promostar \u00e8 l\u2019azienda leader e la prima ad introdurre il processo di stiratura\",\"publisher\":{\"@id\":\"https:\/\/www.promostar.it\/fr\/#organization\"},\"potentialAction\":[{\"@type\":\"SearchAction\",\"target\":{\"@type\":\"EntryPoint\",\"urlTemplate\":\"https:\/\/www.promostar.it\/fr\/?s={search_term_string}\"},\"query-input\":\"required name=search_term_string\"}],\"inLanguage\":\"fr-FR\"},{\"@type\":\"Organization\",\"@id\":\"https:\/\/www.promostar.it\/fr\/#organization\",\"name\":\"Promostar\",\"url\":\"https:\/\/www.promostar.it\/fr\/\",\"logo\":{\"@type\":\"ImageObject\",\"inLanguage\":\"fr-FR\",\"@id\":\"https:\/\/www.promostar.it\/fr\/#\/schema\/logo\/image\/\",\"url\":\"https:\/\/www.promostar.it\/wp-content\/uploads\/2020\/10\/promostar-logo.png\",\"contentUrl\":\"https:\/\/www.promostar.it\/wp-content\/uploads\/2020\/10\/promostar-logo.png\",\"width\":210,\"height\":69,\"caption\":\"Promostar\"},\"image\":{\"@id\":\"https:\/\/www.promostar.it\/fr\/#\/schema\/logo\/image\/\"}}]}<\/script>\n<!-- \/ Yoast SEO plugin. -->","yoast_head_json":{"title":"Rouleaux et Porte-rouleaux pour processus de laminage \u00e0 froid | Promostar","description":"Les Rouleaux et Porte-rouleaux sont utilis\u00e9s pour le processus de laminage \u00e0 froid dans les cassettes de laminage \u00e0 froid.","robots":{"index":"index","follow":"follow","max-snippet":"max-snippet:-1","max-image-preview":"max-image-preview:large","max-video-preview":"max-video-preview:-1"},"canonical":"https:\/\/www.promostar.it\/fr\/prodotto\/rouleaux-et-porte-rouleaux\/","og_locale":"fr_FR","og_type":"article","og_title":"Rouleaux et Porte-rouleaux pour processus de laminage \u00e0 froid | Promostar","og_description":"Les Rouleaux et Porte-rouleaux sont utilis\u00e9s pour le processus de laminage \u00e0 froid dans les cassettes de laminage \u00e0 froid.","og_url":"https:\/\/www.promostar.it\/fr\/prodotto\/rouleaux-et-porte-rouleaux\/","og_site_name":"PromoStar S.r.l.","article_modified_time":"2023-04-17T12:20:50+00:00","og_image":[{"width":1200,"height":1200,"url":"https:\/\/www.promostar.it\/wp-content\/uploads\/2022\/04\/portarulli-std_1-transparent.jpg","type":"image\/jpeg"}],"twitter_card":"summary_large_image","schema":{"@context":"https:\/\/schema.org","@graph":[{"@type":"WebPage","@id":"https:\/\/www.promostar.it\/fr\/prodotto\/rouleaux-et-porte-rouleaux\/","url":"https:\/\/www.promostar.it\/fr\/prodotto\/rouleaux-et-porte-rouleaux\/","name":"Rouleaux et Porte-rouleaux pour processus de laminage \u00e0 froid | Promostar","isPartOf":{"@id":"https:\/\/www.promostar.it\/fr\/#website"},"datePublished":"2022-04-15T07:34:32+00:00","dateModified":"2023-04-17T12:20:50+00:00","description":"Les Rouleaux et Porte-rouleaux sont utilis\u00e9s pour le processus de laminage \u00e0 froid dans les cassettes de laminage \u00e0 froid.","breadcrumb":{"@id":"https:\/\/www.promostar.it\/fr\/prodotto\/rouleaux-et-porte-rouleaux\/#breadcrumb"},"inLanguage":"fr-FR","potentialAction":[{"@type":"ReadAction","target":["https:\/\/www.promostar.it\/fr\/prodotto\/rouleaux-et-porte-rouleaux\/"]}]},{"@type":"BreadcrumbList","@id":"https:\/\/www.promostar.it\/fr\/prodotto\/rouleaux-et-porte-rouleaux\/#breadcrumb","itemListElement":[{"@type":"ListItem","position":1,"name":"Home","item":"https:\/\/www.promostar.it\/fr\/home-2\/"},{"@type":"ListItem","position":2,"name":"Produits","item":"https:\/\/www.promostar.it\/fr\/shop\/"},{"@type":"ListItem","position":3,"name":"Rouleaux et Porte-rouleaux"}]},{"@type":"WebSite","@id":"https:\/\/www.promostar.it\/fr\/#website","url":"https:\/\/www.promostar.it\/fr\/","name":"PromoStar S.r.l.","description":"Promostar \u00e8 l\u2019azienda leader e la prima ad introdurre il processo di stiratura","publisher":{"@id":"https:\/\/www.promostar.it\/fr\/#organization"},"potentialAction":[{"@type":"SearchAction","target":{"@type":"EntryPoint","urlTemplate":"https:\/\/www.promostar.it\/fr\/?s={search_term_string}"},"query-input":"required name=search_term_string"}],"inLanguage":"fr-FR"},{"@type":"Organization","@id":"https:\/\/www.promostar.it\/fr\/#organization","name":"Promostar","url":"https:\/\/www.promostar.it\/fr\/","logo":{"@type":"ImageObject","inLanguage":"fr-FR","@id":"https:\/\/www.promostar.it\/fr\/#\/schema\/logo\/image\/","url":"https:\/\/www.promostar.it\/wp-content\/uploads\/2020\/10\/promostar-logo.png","contentUrl":"https:\/\/www.promostar.it\/wp-content\/uploads\/2020\/10\/promostar-logo.png","width":210,"height":69,"caption":"Promostar"},"image":{"@id":"https:\/\/www.promostar.it\/fr\/#\/schema\/logo\/image\/"}}]}},"_links":{"self":[{"href":"https:\/\/www.promostar.it\/fr\/wp-json\/wp\/v3\/product\/5564"}],"collection":[{"href":"https:\/\/www.promostar.it\/fr\/wp-json\/wp\/v3\/product"}],"about":[{"href":"https:\/\/www.promostar.it\/fr\/wp-json\/wp\/v2\/types\/product"}],"wp:featuredmedia":[{"embeddable":true,"href":"https:\/\/www.promostar.it\/fr\/wp-json\/wp\/v2\/media\/4179"}],"wp:attachment":[{"href":"https:\/\/www.promostar.it\/fr\/wp-json\/wp\/v2\/media?parent=5564"}],"wp:term":[{"taxonomy":"product_cat","embeddable":true,"href":"https:\/\/www.promostar.it\/fr\/wp-json\/wp\/v2\/product_cat?post=5564"},{"taxonomy":"product_tag","embeddable":true,"href":"https:\/\/www.promostar.it\/fr\/wp-json\/wp\/v2\/product_tag?post=5564"}],"curies":[{"name":"wp","href":"https:\/\/api.w.org\/{rel}","templated":true}]}}