{"id":5563,"date":"2022-04-15T09:50:52","date_gmt":"2022-04-15T07:50:52","guid":{"rendered":"https:\/\/www.promostar.it\/prodotto\/systeme-automatique-de-cerclage-detiquetage-et-de-pesage-pour-couronnes\/"},"modified":"2023-04-17T12:56:04","modified_gmt":"2023-04-17T10:56:04","slug":"systeme-automatique-de-cerclage-detiquetage-et-de-pesage-pour-couronnes","status":"publish","type":"product","link":"https:\/\/www.promostar.it\/fr\/prodotto\/systeme-automatique-de-cerclage-detiquetage-et-de-pesage-pour-couronnes\/","title":{"rendered":"Syst\u00e8me automatique de cerclage, d\u2018\u00e9tiquetage et de pesage pour couronnes"},"content":{"rendered":"<p>[et_pb_section fb_built=\u00a0\u00bb1&Prime; _builder_version=\u00a0\u00bb4.17.0&Prime; _module_preset=\u00a0\u00bbdefault\u00a0\u00bb global_colors_info=\u00a0\u00bb{}\u00a0\u00bb][\/et_pb_section]<\/p>\n","protected":false},"excerpt":{"rendered":"<p><strong>Le syst\u00e8me automatique de cerclage, d\u2018\u00e9tiquetage et de pesage pour couronnes<\/strong> est utilis\u00e9 pour obtenir des couronnes cercl\u00e9es automatiquement sur la bobineuse automatique, au moyen d&rsquo;une t\u00eate de cerclage pneumatique, de cellules de pesage, de charges et d&rsquo;un dispositif d&rsquo;impression.<\/p>\n<p>Le <strong>syst\u00e8me automatique de cerclage, d\u2019\u00e9tiquetage et de pesage pour couronnes<\/strong> intervient apr\u00e8s la phase de bobinage, directement sur la plate-forme rotative de la bobineuse (ou, en alternative, sur une station d\u00e9di\u00e9e \u00e0 proximit\u00e9) : une fois que la bobine pliable a \u00e9t\u00e9 soulev\u00e9e et correctement orient\u00e9e par le stock de queue, la cercleuse approche et ins\u00e8re le feuillard m\u00e9tallique tous les 90 degr\u00e9s, rattrape le jeu \u00e9ventuel du feuillard et sertit les feuillards entre eux.<\/p>\n<p>Le nombre de feuillards pr\u00e9sents dans chaque position est enti\u00e8rement programmable (<strong>double cerclage possible<\/strong>)<br \/>\nLa cercleuse est une machine enti\u00e8rement automatique qui comprend un distributeur de feuillards de grande capacit\u00e9 afin de minimiser la fr\u00e9quence de chargement du mat\u00e9riel de cerclage et d&rsquo;am\u00e9liorer les performances de l&rsquo;ensemble de la ligne de laminage \u00e0 froid ou d&rsquo;\u00e9tirage.<\/p>\n","protected":false},"featured_media":4137,"template":"","meta":{"_et_pb_use_builder":"on","_et_pb_old_content":"<strong>Le syst\u00e8me automatique de cerclage, d\u2018\u00e9tiquetage et de pesage pour couronnes<\/strong> est utilis\u00e9 pour obtenir des couronnes cercl\u00e9es automatiquement sur la bobineuse automatique, au moyen d'une t\u00eate de cerclage pneumatique, de cellules de pesage, de charges et d'un dispositif d'impression.\n\n<strong>Le syst\u00e8me automatique de cerclage, d\u2019\u00e9tiquetage et de pesage pour couronnes<\/strong> intervient apr\u00e8s la phase de bobinage, directement sur la plate-forme rotative de la bobineuse (ou, en alternative, sur une station d\u00e9di\u00e9e \u00e0 proximit\u00e9) : une fois que la bobine pliable a \u00e9t\u00e9 soulev\u00e9e et correctement orient\u00e9e par le stock de queue, la cercleuse approche et ins\u00e8re le feuillard m\u00e9tallique tous les 90 degr\u00e9s, rattrape le jeu \u00e9ventuel du feuillard et sertit les feuillards entre eux.\n\nLe nombre de feuillards pr\u00e9sents dans chaque position est enti\u00e8rement programmable (<strong>double cerclage possible<\/strong>)\nLa cercleuse est une machine enti\u00e8rement automatique qui comprend un distributeur de feuillards de grande capacit\u00e9 afin de minimiser la fr\u00e9quence de chargement du mat\u00e9riel de cerclage et d'am\u00e9liorer les performances de l'ensemble de la ligne de laminage \u00e0 froid ou d'\u00e9tirage.\n\n<strong>L\u2019insertion automatique d\u2019\u00e9tiquettes<\/strong> dans une mati\u00e8re plastique sp\u00e9ciale se fait en positionnant ces \u00e9tiquettes dans la cercleuse, tandis que le dispositif d'\u00e9tiquetage est \u00e9quip\u00e9 d'une unit\u00e9 d'impression qui imprime l'\u00e9tiquette avec les donn\u00e9es sp\u00e9cifiques \u00e0 chaque couronne. L'\u00e9tiquette est fix\u00e9e int\u00e9gralement \u00e0 la couronne par l'interm\u00e9diaire du feuillard qui est nou\u00e9 \u00e0 travers les fentes appropri\u00e9es. Si n\u00e9cessaire, il est possible d'imprimer et d'ins\u00e9rer plusieurs copies de la m\u00eame \u00e9tiquette pour chaque couronne, jusqu'\u00e0 un maximum de 4 copies.\n\nL'unit\u00e9 d'impression de l'\u00e9tiquette est enti\u00e8rement programmable afin d'imprimer toutes les informations n\u00e9cessaires (logo, num\u00e9ro de coul\u00e9e, qualit\u00e9 de l'acier, diam\u00e8tre du fil, poids de la couronne, date, num\u00e9ro de s\u00e9rie, code \u00e0 barres, etc.).\n\nLe <strong>pesage des bobines<\/strong> est effectu\u00e9 sur la contre-pointe rotative de la bobineuse o\u00f9 des cellules de charge d\u00e9tectent automatiquement le poids r\u00e9el et g\u00e9n\u00e8rent un signal envoy\u00e9 \u00e0 l'imprimante et \u00e0 l'automate programmable pour le stockage ult\u00e9rieur du poids dans les fichiers de donn\u00e9es de production.\n\n<strong>This system is already foreseen for certifying by a certification authority<\/strong>.","_et_gb_content_width":""},"product_cat":[158],"product_tag":[99,106,111,118,135,137],"yoast_head":"<!-- This site is optimized with the Yoast SEO plugin v20.5 - https:\/\/yoast.com\/wordpress\/plugins\/seo\/ -->\n<title>Le syst\u00e8me automatique de cerclage, d\u2018\u00e9tiquetage et de pesage pour couronnes | Promostar<\/title>\n<meta name=\"description\" content=\"Le syst\u00e8me automatique de cerclage, d\u2018\u00e9tiquetage et de pesage pour couronnes est utilis\u00e9 pour obtenir des couronnes cercl\u00e9es automatiquement sur la bobineuse automatique\" \/>\n<meta name=\"robots\" content=\"index, follow, max-snippet:-1, max-image-preview:large, max-video-preview:-1\" \/>\n<link rel=\"canonical\" href=\"https:\/\/www.promostar.it\/fr\/prodotto\/systeme-automatique-de-cerclage-detiquetage-et-de-pesage-pour-couronnes\/\" \/>\n<meta property=\"og:locale\" content=\"fr_FR\" \/>\n<meta property=\"og:type\" content=\"article\" \/>\n<meta property=\"og:title\" content=\"Le syst\u00e8me automatique de cerclage, d\u2018\u00e9tiquetage et de pesage pour couronnes | Promostar\" \/>\n<meta property=\"og:description\" content=\"Le syst\u00e8me automatique de cerclage, d\u2018\u00e9tiquetage et de pesage pour couronnes est utilis\u00e9 pour obtenir des couronnes cercl\u00e9es automatiquement sur la bobineuse automatique\" \/>\n<meta property=\"og:url\" content=\"https:\/\/www.promostar.it\/fr\/prodotto\/systeme-automatique-de-cerclage-detiquetage-et-de-pesage-pour-couronnes\/\" \/>\n<meta property=\"og:site_name\" content=\"PromoStar S.r.l.\" \/>\n<meta property=\"article:modified_time\" content=\"2023-04-17T10:56:04+00:00\" \/>\n<meta property=\"og:image\" content=\"https:\/\/www.promostar.it\/wp-content\/uploads\/2022\/04\/Automatic-Strapping-1-transparent.jpg\" \/>\n\t<meta property=\"og:image:width\" content=\"1200\" \/>\n\t<meta property=\"og:image:height\" content=\"1200\" \/>\n\t<meta property=\"og:image:type\" content=\"image\/jpeg\" \/>\n<meta name=\"twitter:card\" content=\"summary_large_image\" \/>\n<script type=\"application\/ld+json\" class=\"yoast-schema-graph\">{\"@context\":\"https:\/\/schema.org\",\"@graph\":[{\"@type\":\"WebPage\",\"@id\":\"https:\/\/www.promostar.it\/fr\/prodotto\/systeme-automatique-de-cerclage-detiquetage-et-de-pesage-pour-couronnes\/\",\"url\":\"https:\/\/www.promostar.it\/fr\/prodotto\/systeme-automatique-de-cerclage-detiquetage-et-de-pesage-pour-couronnes\/\",\"name\":\"Le syst\u00e8me automatique de cerclage, d\u2018\u00e9tiquetage et de pesage pour couronnes | Promostar\",\"isPartOf\":{\"@id\":\"https:\/\/www.promostar.it\/fr\/#website\"},\"datePublished\":\"2022-04-15T07:50:52+00:00\",\"dateModified\":\"2023-04-17T10:56:04+00:00\",\"description\":\"Le syst\u00e8me automatique de cerclage, d\u2018\u00e9tiquetage et de pesage pour couronnes est utilis\u00e9 pour obtenir des couronnes cercl\u00e9es automatiquement sur la bobineuse automatique\",\"breadcrumb\":{\"@id\":\"https:\/\/www.promostar.it\/fr\/prodotto\/systeme-automatique-de-cerclage-detiquetage-et-de-pesage-pour-couronnes\/#breadcrumb\"},\"inLanguage\":\"fr-FR\",\"potentialAction\":[{\"@type\":\"ReadAction\",\"target\":[\"https:\/\/www.promostar.it\/fr\/prodotto\/systeme-automatique-de-cerclage-detiquetage-et-de-pesage-pour-couronnes\/\"]}]},{\"@type\":\"BreadcrumbList\",\"@id\":\"https:\/\/www.promostar.it\/fr\/prodotto\/systeme-automatique-de-cerclage-detiquetage-et-de-pesage-pour-couronnes\/#breadcrumb\",\"itemListElement\":[{\"@type\":\"ListItem\",\"position\":1,\"name\":\"Home\",\"item\":\"https:\/\/www.promostar.it\/fr\/home-2\/\"},{\"@type\":\"ListItem\",\"position\":2,\"name\":\"Produits\",\"item\":\"https:\/\/www.promostar.it\/fr\/shop\/\"},{\"@type\":\"ListItem\",\"position\":3,\"name\":\"Syst\u00e8me automatique de cerclage, d\u2018\u00e9tiquetage et de pesage pour couronnes\"}]},{\"@type\":\"WebSite\",\"@id\":\"https:\/\/www.promostar.it\/fr\/#website\",\"url\":\"https:\/\/www.promostar.it\/fr\/\",\"name\":\"PromoStar S.r.l.\",\"description\":\"Promostar \u00e8 l\u2019azienda leader e la prima ad introdurre il processo di stiratura\",\"publisher\":{\"@id\":\"https:\/\/www.promostar.it\/fr\/#organization\"},\"potentialAction\":[{\"@type\":\"SearchAction\",\"target\":{\"@type\":\"EntryPoint\",\"urlTemplate\":\"https:\/\/www.promostar.it\/fr\/?s={search_term_string}\"},\"query-input\":\"required name=search_term_string\"}],\"inLanguage\":\"fr-FR\"},{\"@type\":\"Organization\",\"@id\":\"https:\/\/www.promostar.it\/fr\/#organization\",\"name\":\"Promostar\",\"url\":\"https:\/\/www.promostar.it\/fr\/\",\"logo\":{\"@type\":\"ImageObject\",\"inLanguage\":\"fr-FR\",\"@id\":\"https:\/\/www.promostar.it\/fr\/#\/schema\/logo\/image\/\",\"url\":\"https:\/\/www.promostar.it\/wp-content\/uploads\/2020\/10\/promostar-logo.png\",\"contentUrl\":\"https:\/\/www.promostar.it\/wp-content\/uploads\/2020\/10\/promostar-logo.png\",\"width\":210,\"height\":69,\"caption\":\"Promostar\"},\"image\":{\"@id\":\"https:\/\/www.promostar.it\/fr\/#\/schema\/logo\/image\/\"}}]}<\/script>\n<!-- \/ Yoast SEO plugin. -->","yoast_head_json":{"title":"Le syst\u00e8me automatique de cerclage, d\u2018\u00e9tiquetage et de pesage pour couronnes | Promostar","description":"Le syst\u00e8me automatique de cerclage, d\u2018\u00e9tiquetage et de pesage pour couronnes est utilis\u00e9 pour obtenir des couronnes cercl\u00e9es automatiquement sur la bobineuse automatique","robots":{"index":"index","follow":"follow","max-snippet":"max-snippet:-1","max-image-preview":"max-image-preview:large","max-video-preview":"max-video-preview:-1"},"canonical":"https:\/\/www.promostar.it\/fr\/prodotto\/systeme-automatique-de-cerclage-detiquetage-et-de-pesage-pour-couronnes\/","og_locale":"fr_FR","og_type":"article","og_title":"Le syst\u00e8me automatique de cerclage, d\u2018\u00e9tiquetage et de pesage pour couronnes | Promostar","og_description":"Le syst\u00e8me automatique de cerclage, d\u2018\u00e9tiquetage et de pesage pour couronnes est utilis\u00e9 pour obtenir des couronnes cercl\u00e9es automatiquement sur la bobineuse automatique","og_url":"https:\/\/www.promostar.it\/fr\/prodotto\/systeme-automatique-de-cerclage-detiquetage-et-de-pesage-pour-couronnes\/","og_site_name":"PromoStar S.r.l.","article_modified_time":"2023-04-17T10:56:04+00:00","og_image":[{"width":1200,"height":1200,"url":"https:\/\/www.promostar.it\/wp-content\/uploads\/2022\/04\/Automatic-Strapping-1-transparent.jpg","type":"image\/jpeg"}],"twitter_card":"summary_large_image","schema":{"@context":"https:\/\/schema.org","@graph":[{"@type":"WebPage","@id":"https:\/\/www.promostar.it\/fr\/prodotto\/systeme-automatique-de-cerclage-detiquetage-et-de-pesage-pour-couronnes\/","url":"https:\/\/www.promostar.it\/fr\/prodotto\/systeme-automatique-de-cerclage-detiquetage-et-de-pesage-pour-couronnes\/","name":"Le syst\u00e8me automatique de cerclage, d\u2018\u00e9tiquetage et de pesage pour couronnes | Promostar","isPartOf":{"@id":"https:\/\/www.promostar.it\/fr\/#website"},"datePublished":"2022-04-15T07:50:52+00:00","dateModified":"2023-04-17T10:56:04+00:00","description":"Le syst\u00e8me automatique de cerclage, d\u2018\u00e9tiquetage et de pesage pour couronnes est utilis\u00e9 pour obtenir des couronnes cercl\u00e9es automatiquement sur la bobineuse automatique","breadcrumb":{"@id":"https:\/\/www.promostar.it\/fr\/prodotto\/systeme-automatique-de-cerclage-detiquetage-et-de-pesage-pour-couronnes\/#breadcrumb"},"inLanguage":"fr-FR","potentialAction":[{"@type":"ReadAction","target":["https:\/\/www.promostar.it\/fr\/prodotto\/systeme-automatique-de-cerclage-detiquetage-et-de-pesage-pour-couronnes\/"]}]},{"@type":"BreadcrumbList","@id":"https:\/\/www.promostar.it\/fr\/prodotto\/systeme-automatique-de-cerclage-detiquetage-et-de-pesage-pour-couronnes\/#breadcrumb","itemListElement":[{"@type":"ListItem","position":1,"name":"Home","item":"https:\/\/www.promostar.it\/fr\/home-2\/"},{"@type":"ListItem","position":2,"name":"Produits","item":"https:\/\/www.promostar.it\/fr\/shop\/"},{"@type":"ListItem","position":3,"name":"Syst\u00e8me automatique de cerclage, d\u2018\u00e9tiquetage et de pesage pour couronnes"}]},{"@type":"WebSite","@id":"https:\/\/www.promostar.it\/fr\/#website","url":"https:\/\/www.promostar.it\/fr\/","name":"PromoStar S.r.l.","description":"Promostar \u00e8 l\u2019azienda leader e la prima ad introdurre il processo di stiratura","publisher":{"@id":"https:\/\/www.promostar.it\/fr\/#organization"},"potentialAction":[{"@type":"SearchAction","target":{"@type":"EntryPoint","urlTemplate":"https:\/\/www.promostar.it\/fr\/?s={search_term_string}"},"query-input":"required name=search_term_string"}],"inLanguage":"fr-FR"},{"@type":"Organization","@id":"https:\/\/www.promostar.it\/fr\/#organization","name":"Promostar","url":"https:\/\/www.promostar.it\/fr\/","logo":{"@type":"ImageObject","inLanguage":"fr-FR","@id":"https:\/\/www.promostar.it\/fr\/#\/schema\/logo\/image\/","url":"https:\/\/www.promostar.it\/wp-content\/uploads\/2020\/10\/promostar-logo.png","contentUrl":"https:\/\/www.promostar.it\/wp-content\/uploads\/2020\/10\/promostar-logo.png","width":210,"height":69,"caption":"Promostar"},"image":{"@id":"https:\/\/www.promostar.it\/fr\/#\/schema\/logo\/image\/"}}]}},"_links":{"self":[{"href":"https:\/\/www.promostar.it\/fr\/wp-json\/wp\/v3\/product\/5563"}],"collection":[{"href":"https:\/\/www.promostar.it\/fr\/wp-json\/wp\/v3\/product"}],"about":[{"href":"https:\/\/www.promostar.it\/fr\/wp-json\/wp\/v2\/types\/product"}],"wp:featuredmedia":[{"embeddable":true,"href":"https:\/\/www.promostar.it\/fr\/wp-json\/wp\/v2\/media\/4137"}],"wp:attachment":[{"href":"https:\/\/www.promostar.it\/fr\/wp-json\/wp\/v2\/media?parent=5563"}],"wp:term":[{"taxonomy":"product_cat","embeddable":true,"href":"https:\/\/www.promostar.it\/fr\/wp-json\/wp\/v2\/product_cat?post=5563"},{"taxonomy":"product_tag","embeddable":true,"href":"https:\/\/www.promostar.it\/fr\/wp-json\/wp\/v2\/product_tag?post=5563"}],"curies":[{"name":"wp","href":"https:\/\/api.w.org\/{rel}","templated":true}]}}