{"id":5561,"date":"2022-05-13T15:56:12","date_gmt":"2022-05-13T13:56:12","guid":{"rendered":"https:\/\/www.promostar.it\/prodotto\/renovation-et-la-remise-a-neuf-electrique-et-mecanique\/"},"modified":"2023-04-17T12:41:32","modified_gmt":"2023-04-17T10:41:32","slug":"renovation-et-la-remise-a-neuf-electrique-et-mecanique","status":"publish","type":"product","link":"https:\/\/www.promostar.it\/fr\/prodotto\/renovation-et-la-remise-a-neuf-electrique-et-mecanique\/","title":{"rendered":"r\u00e9novation et la remise \u00e0 neuf \u00e9lectrique et m\u00e9canique"},"content":{"rendered":"<p>[et_pb_section fb_built=\u00a0\u00bb1&Prime; _builder_version=\u00a0\u00bb4.17.0&Prime; _module_preset=\u00a0\u00bbdefault\u00a0\u00bb global_colors_info=\u00a0\u00bb{}\u00a0\u00bb][\/et_pb_section]<\/p>\n","protected":false},"excerpt":{"rendered":"<p><strong>La r\u00e9novation et la remise \u00e0 neuf \u00e9lectrique et m\u00e9canique<\/strong> sont un service fourni par Promostar pour renouveler les machines existantes au lieu d&rsquo;en acheter de nouvelles.<\/p>\n<p><strong>La r\u00e9novation et la remise \u00e0 neuf \u00e9lectrique et m\u00e9canique<\/strong> offrent plusieurs niveaux d&rsquo;intervention \u00e9lectrique et\/ou m\u00e9canique selon le mod\u00e8le de la machine, qui d\u00e9pendent de l&rsquo;ann\u00e9e de fabrication, de l&rsquo;\u00e9tat de la maintenance et des besoins du client. L&rsquo;ensemble du syst\u00e8me peut \u00eatre actualis\u00e9, dans le cas o\u00f9 cela est possible, en utilisant les composants \u00e9lectroniques de derni\u00e8re g\u00e9n\u00e9ration (PLC, unit\u00e9s centrales, drives, etc.) et en d\u00e9veloppant de nouveaux logiciels de production d\u00e9di\u00e9s.<\/p>\n","protected":false},"featured_media":5283,"template":"","meta":{"_et_pb_use_builder":"on","_et_pb_old_content":"<strong>La r\u00e9novation et la remise \u00e0 neuf \u00e9lectrique et m\u00e9canique<\/strong> sont un service fourni par Promostar pour renouveler les machines existantes au lieu d'en acheter de nouvelles.\n\n<strong>La r\u00e9novation et la remise \u00e0 neuf \u00e9lectrique et m\u00e9canique<\/strong> offrent plusieurs niveaux d'intervention \u00e9lectrique et\/ou m\u00e9canique selon le mod\u00e8le de la machine, qui d\u00e9pendent de l'ann\u00e9e de fabrication, de l'\u00e9tat de la maintenance et des besoins du client. L'ensemble du syst\u00e8me peut \u00eatre actualis\u00e9, dans le cas o\u00f9 cela est possible, en utilisant les composants \u00e9lectroniques de derni\u00e8re g\u00e9n\u00e9ration (PLC, unit\u00e9s centrales, drives, etc.) et en d\u00e9veloppant de nouveaux logiciels de production d\u00e9di\u00e9s.\n\nGr\u00e2ce \u00e0 l'exp\u00e9rience de Pittini Impianti, dont nous avons officiellement acquis tout le savoir-faire, nous sommes la seule entreprise autoris\u00e9e \u00e0 effectuer ce type d'intervention sur les machines Pittini Impianti ou Wire Technology existantes, ainsi que, bien \u00e9videmment, sur les machines Promostar.\n\nEn raison de la sp\u00e9cificit\u00e9 de ce service, nous vous invitons \u00e0 nous contacter pour toute information compl\u00e9mentaire.","_et_gb_content_width":""},"product_cat":[158],"product_tag":[127],"yoast_head":"<!-- This site is optimized with the Yoast SEO plugin v20.5 - https:\/\/yoast.com\/wordpress\/plugins\/seo\/ -->\n<title>R\u00e9novation et la remise \u00e0 neuf \u00e9lectrique et m\u00e9canique | Promostar<\/title>\n<meta name=\"description\" content=\"La r\u00e9novation et la remise \u00e0 neuf \u00e9lectrique et m\u00e9canique sont un service fourni par Promostar pour renouveler les machines existantes au lieu d&#039;en acheter de nouvelles.\" \/>\n<meta name=\"robots\" content=\"index, follow, max-snippet:-1, max-image-preview:large, max-video-preview:-1\" \/>\n<link rel=\"canonical\" href=\"https:\/\/www.promostar.it\/fr\/prodotto\/renovation-et-la-remise-a-neuf-electrique-et-mecanique\/\" \/>\n<meta property=\"og:locale\" content=\"fr_FR\" \/>\n<meta property=\"og:type\" content=\"article\" \/>\n<meta property=\"og:title\" content=\"R\u00e9novation et la remise \u00e0 neuf \u00e9lectrique et m\u00e9canique | Promostar\" \/>\n<meta property=\"og:description\" content=\"La r\u00e9novation et la remise \u00e0 neuf \u00e9lectrique et m\u00e9canique sont un service fourni par Promostar pour renouveler les machines existantes au lieu d&#039;en acheter de nouvelles.\" \/>\n<meta property=\"og:url\" content=\"https:\/\/www.promostar.it\/fr\/prodotto\/renovation-et-la-remise-a-neuf-electrique-et-mecanique\/\" \/>\n<meta property=\"og:site_name\" content=\"PromoStar S.r.l.\" \/>\n<meta property=\"article:modified_time\" content=\"2023-04-17T10:41:32+00:00\" \/>\n<meta property=\"og:image\" content=\"https:\/\/www.promostar.it\/wp-content\/uploads\/2022\/05\/Copertina_Electrical-Mechanical-revamping-3.jpg\" \/>\n\t<meta property=\"og:image:width\" content=\"1067\" \/>\n\t<meta property=\"og:image:height\" content=\"1067\" \/>\n\t<meta property=\"og:image:type\" content=\"image\/jpeg\" \/>\n<meta name=\"twitter:card\" content=\"summary_large_image\" \/>\n<script type=\"application\/ld+json\" class=\"yoast-schema-graph\">{\"@context\":\"https:\/\/schema.org\",\"@graph\":[{\"@type\":\"WebPage\",\"@id\":\"https:\/\/www.promostar.it\/fr\/prodotto\/renovation-et-la-remise-a-neuf-electrique-et-mecanique\/\",\"url\":\"https:\/\/www.promostar.it\/fr\/prodotto\/renovation-et-la-remise-a-neuf-electrique-et-mecanique\/\",\"name\":\"R\u00e9novation et la remise \u00e0 neuf \u00e9lectrique et m\u00e9canique | Promostar\",\"isPartOf\":{\"@id\":\"https:\/\/www.promostar.it\/fr\/#website\"},\"datePublished\":\"2022-05-13T13:56:12+00:00\",\"dateModified\":\"2023-04-17T10:41:32+00:00\",\"description\":\"La r\u00e9novation et la remise \u00e0 neuf \u00e9lectrique et m\u00e9canique sont un service fourni par Promostar pour renouveler les machines existantes au lieu d'en acheter de nouvelles.\",\"breadcrumb\":{\"@id\":\"https:\/\/www.promostar.it\/fr\/prodotto\/renovation-et-la-remise-a-neuf-electrique-et-mecanique\/#breadcrumb\"},\"inLanguage\":\"fr-FR\",\"potentialAction\":[{\"@type\":\"ReadAction\",\"target\":[\"https:\/\/www.promostar.it\/fr\/prodotto\/renovation-et-la-remise-a-neuf-electrique-et-mecanique\/\"]}]},{\"@type\":\"BreadcrumbList\",\"@id\":\"https:\/\/www.promostar.it\/fr\/prodotto\/renovation-et-la-remise-a-neuf-electrique-et-mecanique\/#breadcrumb\",\"itemListElement\":[{\"@type\":\"ListItem\",\"position\":1,\"name\":\"Home\",\"item\":\"https:\/\/www.promostar.it\/fr\/\"},{\"@type\":\"ListItem\",\"position\":2,\"name\":\"Produits\",\"item\":\"https:\/\/www.promostar.it\/fr\/shop\/\"},{\"@type\":\"ListItem\",\"position\":3,\"name\":\"r\u00e9novation et la remise \u00e0 neuf \u00e9lectrique et m\u00e9canique\"}]},{\"@type\":\"WebSite\",\"@id\":\"https:\/\/www.promostar.it\/fr\/#website\",\"url\":\"https:\/\/www.promostar.it\/fr\/\",\"name\":\"PromoStar S.r.l.\",\"description\":\"Promostar \u00e8 l\u2019azienda leader e la prima ad introdurre il processo di stiratura\",\"publisher\":{\"@id\":\"https:\/\/www.promostar.it\/fr\/#organization\"},\"potentialAction\":[{\"@type\":\"SearchAction\",\"target\":{\"@type\":\"EntryPoint\",\"urlTemplate\":\"https:\/\/www.promostar.it\/fr\/?s={search_term_string}\"},\"query-input\":\"required name=search_term_string\"}],\"inLanguage\":\"fr-FR\"},{\"@type\":\"Organization\",\"@id\":\"https:\/\/www.promostar.it\/fr\/#organization\",\"name\":\"Promostar\",\"url\":\"https:\/\/www.promostar.it\/fr\/\",\"logo\":{\"@type\":\"ImageObject\",\"inLanguage\":\"fr-FR\",\"@id\":\"https:\/\/www.promostar.it\/fr\/#\/schema\/logo\/image\/\",\"url\":\"https:\/\/www.promostar.it\/wp-content\/uploads\/2020\/10\/promostar-logo.png\",\"contentUrl\":\"https:\/\/www.promostar.it\/wp-content\/uploads\/2020\/10\/promostar-logo.png\",\"width\":210,\"height\":69,\"caption\":\"Promostar\"},\"image\":{\"@id\":\"https:\/\/www.promostar.it\/fr\/#\/schema\/logo\/image\/\"}}]}<\/script>\n<!-- \/ Yoast SEO plugin. -->","yoast_head_json":{"title":"R\u00e9novation et la remise \u00e0 neuf \u00e9lectrique et m\u00e9canique | Promostar","description":"La r\u00e9novation et la remise \u00e0 neuf \u00e9lectrique et m\u00e9canique sont un service fourni par Promostar pour renouveler les machines existantes au lieu d'en acheter de nouvelles.","robots":{"index":"index","follow":"follow","max-snippet":"max-snippet:-1","max-image-preview":"max-image-preview:large","max-video-preview":"max-video-preview:-1"},"canonical":"https:\/\/www.promostar.it\/fr\/prodotto\/renovation-et-la-remise-a-neuf-electrique-et-mecanique\/","og_locale":"fr_FR","og_type":"article","og_title":"R\u00e9novation et la remise \u00e0 neuf \u00e9lectrique et m\u00e9canique | Promostar","og_description":"La r\u00e9novation et la remise \u00e0 neuf \u00e9lectrique et m\u00e9canique sont un service fourni par Promostar pour renouveler les machines existantes au lieu d'en acheter de nouvelles.","og_url":"https:\/\/www.promostar.it\/fr\/prodotto\/renovation-et-la-remise-a-neuf-electrique-et-mecanique\/","og_site_name":"PromoStar S.r.l.","article_modified_time":"2023-04-17T10:41:32+00:00","og_image":[{"width":1067,"height":1067,"url":"https:\/\/www.promostar.it\/wp-content\/uploads\/2022\/05\/Copertina_Electrical-Mechanical-revamping-3.jpg","type":"image\/jpeg"}],"twitter_card":"summary_large_image","schema":{"@context":"https:\/\/schema.org","@graph":[{"@type":"WebPage","@id":"https:\/\/www.promostar.it\/fr\/prodotto\/renovation-et-la-remise-a-neuf-electrique-et-mecanique\/","url":"https:\/\/www.promostar.it\/fr\/prodotto\/renovation-et-la-remise-a-neuf-electrique-et-mecanique\/","name":"R\u00e9novation et la remise \u00e0 neuf \u00e9lectrique et m\u00e9canique | Promostar","isPartOf":{"@id":"https:\/\/www.promostar.it\/fr\/#website"},"datePublished":"2022-05-13T13:56:12+00:00","dateModified":"2023-04-17T10:41:32+00:00","description":"La r\u00e9novation et la remise \u00e0 neuf \u00e9lectrique et m\u00e9canique sont un service fourni par Promostar pour renouveler les machines existantes au lieu d'en acheter de nouvelles.","breadcrumb":{"@id":"https:\/\/www.promostar.it\/fr\/prodotto\/renovation-et-la-remise-a-neuf-electrique-et-mecanique\/#breadcrumb"},"inLanguage":"fr-FR","potentialAction":[{"@type":"ReadAction","target":["https:\/\/www.promostar.it\/fr\/prodotto\/renovation-et-la-remise-a-neuf-electrique-et-mecanique\/"]}]},{"@type":"BreadcrumbList","@id":"https:\/\/www.promostar.it\/fr\/prodotto\/renovation-et-la-remise-a-neuf-electrique-et-mecanique\/#breadcrumb","itemListElement":[{"@type":"ListItem","position":1,"name":"Home","item":"https:\/\/www.promostar.it\/fr\/"},{"@type":"ListItem","position":2,"name":"Produits","item":"https:\/\/www.promostar.it\/fr\/shop\/"},{"@type":"ListItem","position":3,"name":"r\u00e9novation et la remise \u00e0 neuf \u00e9lectrique et m\u00e9canique"}]},{"@type":"WebSite","@id":"https:\/\/www.promostar.it\/fr\/#website","url":"https:\/\/www.promostar.it\/fr\/","name":"PromoStar S.r.l.","description":"Promostar \u00e8 l\u2019azienda leader e la prima ad introdurre il processo di stiratura","publisher":{"@id":"https:\/\/www.promostar.it\/fr\/#organization"},"potentialAction":[{"@type":"SearchAction","target":{"@type":"EntryPoint","urlTemplate":"https:\/\/www.promostar.it\/fr\/?s={search_term_string}"},"query-input":"required name=search_term_string"}],"inLanguage":"fr-FR"},{"@type":"Organization","@id":"https:\/\/www.promostar.it\/fr\/#organization","name":"Promostar","url":"https:\/\/www.promostar.it\/fr\/","logo":{"@type":"ImageObject","inLanguage":"fr-FR","@id":"https:\/\/www.promostar.it\/fr\/#\/schema\/logo\/image\/","url":"https:\/\/www.promostar.it\/wp-content\/uploads\/2020\/10\/promostar-logo.png","contentUrl":"https:\/\/www.promostar.it\/wp-content\/uploads\/2020\/10\/promostar-logo.png","width":210,"height":69,"caption":"Promostar"},"image":{"@id":"https:\/\/www.promostar.it\/fr\/#\/schema\/logo\/image\/"}}]}},"_links":{"self":[{"href":"https:\/\/www.promostar.it\/fr\/wp-json\/wp\/v3\/product\/5561"}],"collection":[{"href":"https:\/\/www.promostar.it\/fr\/wp-json\/wp\/v3\/product"}],"about":[{"href":"https:\/\/www.promostar.it\/fr\/wp-json\/wp\/v2\/types\/product"}],"wp:featuredmedia":[{"embeddable":true,"href":"https:\/\/www.promostar.it\/fr\/wp-json\/wp\/v2\/media\/5283"}],"wp:attachment":[{"href":"https:\/\/www.promostar.it\/fr\/wp-json\/wp\/v2\/media?parent=5561"}],"wp:term":[{"taxonomy":"product_cat","embeddable":true,"href":"https:\/\/www.promostar.it\/fr\/wp-json\/wp\/v2\/product_cat?post=5561"},{"taxonomy":"product_tag","embeddable":true,"href":"https:\/\/www.promostar.it\/fr\/wp-json\/wp\/v2\/product_tag?post=5561"}],"curies":[{"name":"wp","href":"https:\/\/api.w.org\/{rel}","templated":true}]}}