{"id":5560,"date":"2021-11-03T14:58:19","date_gmt":"2021-11-03T13:58:19","guid":{"rendered":"https:\/\/www.promostar.it\/prodotto\/ligne-de-laminage-a-froid-et-de-redressage-doradostar\/"},"modified":"2024-11-18T16:07:55","modified_gmt":"2024-11-18T15:07:55","slug":"ligne-de-laminage-a-froid-et-de-redressage-doradostar","status":"publish","type":"product","link":"https:\/\/www.promostar.it\/fr\/prodotto\/ligne-de-laminage-a-froid-et-de-redressage-doradostar\/","title":{"rendered":"Ligne de laminage \u00e0 froid et de redressage Doradostar"},"content":{"rendered":"<p>[et_pb_section fb_built=\u00a0\u00bb1&Prime; _builder_version=\u00a0\u00bb4.17.0&Prime; _module_preset=\u00a0\u00bbdefault\u00a0\u00bb global_colors_info=\u00a0\u00bb{}\u00a0\u00bb][\/et_pb_section]<\/p>\n","protected":false},"excerpt":{"rendered":"<p>La <strong>ligne de laminage \u00e0 froid et de redressage Doradostar<\/strong> est notre ligne d&rsquo;entr\u00e9e de gamme <strong>pour la production de barres d&rsquo;acier \u00e0 tr\u00e9filer lamin\u00e9es \u00e0 froid, torsad\u00e9es ou crant\u00e9es<\/strong>, destin\u00e9es \u00e0 \u00eatre utilis\u00e9es dans des produits tels que des treillis soud\u00e9s de renforcement, des \u00e9triers, des cages et des poutres en treillis pour la construction civile et industrielle, les fondations et l&rsquo;industrie de la pr\u00e9fabrication.<\/p>\n<p><strong>Ligne de laminage \u00e0 froid et de redressage Doradostar<\/strong> <strong>combine le processus de laminage \u00e0 froid du fil machine avec le redressage<\/strong> et la coupe des barres m\u00e9talliques \u00e0 tr\u00e9filer renforc\u00e9es lamin\u00e9es \u00e0 froid \u00e0 la longueur souhait\u00e9e.<\/p>\n<p>La forme et les d\u00e9tails techniques de la ligne permettent de produire des barres d&rsquo;acier lamin\u00e9es \u00e0 froid de haute qualit\u00e9 avec une excellente rectitude et des propri\u00e9t\u00e9s g\u00e9om\u00e9triques du profil torsad\u00e9. Le produit final <strong>peut alimenter n&rsquo;importe quel type de machine de soudage de treillis d&rsquo;armature ou d&rsquo;\u00e9quipement de coupe et de cintrage<\/strong>.<\/p>\n<p>Par rapport aux machines de redressage traditionnelles, ce syst\u00e8me combin\u00e9 de production de barres pr\u00e9sente l&rsquo;avantage d&rsquo;atteindre une vitesse de <strong>production \u00e9lev\u00e9e tout en r\u00e9duisant consid\u00e9rablement les op\u00e9rations de manutention<\/strong> des mati\u00e8res premi\u00e8res (le fil machine est transform\u00e9 en paquets de barres \u00e0 tr\u00e9filer pour b\u00e9ton torsad\u00e9es ou crant\u00e9es sur une seule ligne, ce qui permet d&rsquo;optimiser la logistique interne).<\/p>\n","protected":false},"featured_media":3762,"template":"","meta":{"_et_pb_use_builder":"on","_et_pb_old_content":"La <strong>ligne de laminage \u00e0 froid et de redressage Doradostar<\/strong> est notre ligne d'entr\u00e9e de gamme <strong>pour la production de barres d'acier \u00e0 tr\u00e9filer lamin\u00e9es \u00e0 froid, torsad\u00e9es ou crant\u00e9es<\/strong>, destin\u00e9es \u00e0 \u00eatre utilis\u00e9es dans des produits tels que des treillis soud\u00e9s de renforcement, des \u00e9triers, des cages et des poutres en treillis pour la construction civile et industrielle, les fondations et l'industrie de la pr\u00e9fabrication.\r\n\r\n<strong>Ligne de laminage \u00e0 froid et de redressage Doradostar<\/strong> <strong>combine le processus de laminage \u00e0 froid du fil machine avec le redressage<\/strong> et la coupe des barres m\u00e9talliques \u00e0 tr\u00e9filer renforc\u00e9es lamin\u00e9es \u00e0 froid \u00e0 la longueur souhait\u00e9e.\r\n\r\nLa forme et les d\u00e9tails techniques de la ligne permettent de produire des barres d'acier lamin\u00e9es \u00e0 froid de haute qualit\u00e9 avec une excellente rectitude et des propri\u00e9t\u00e9s g\u00e9om\u00e9triques du profil torsad\u00e9. Le produit final <strong>peut alimenter n'importe quel type de machine de soudage de treillis d'armature ou d'\u00e9quipement de coupe et de cintrage<\/strong>.\r\n\r\nPar rapport aux machines de redressage traditionnelles, ce syst\u00e8me combin\u00e9 de production de barres pr\u00e9sente l'avantage d'atteindre une vitesse de <strong>production \u00e9lev\u00e9e tout en r\u00e9duisant consid\u00e9rablement les op\u00e9rations de manutention<\/strong> des mati\u00e8res premi\u00e8res (le fil machine est transform\u00e9 en paquets de barres \u00e0 tr\u00e9filer pour b\u00e9ton torsad\u00e9es ou crant\u00e9es sur une seule ligne, ce qui permet d'optimiser la logistique interne).\r\n\r\nLe c\u0153ur de la machine est le corps de la ligne Doradostar. Il contient trois cylindres de laminage \u00e0 froid motoris\u00e9s (\u00e0 la place du bull block et des cabestans de tr\u00e9filage) capables de produire des barres d'acier lamin\u00e9es \u00e0 froid d'un diam\u00e8tre allant de \u00d85 \u00e0 \u00d810 mm et d'une longueur allant jusqu'\u00e0 12 m\u00e8tres.\r\n\r\nLe fil machine, tir\u00e9 par les trois cylindres motoris\u00e9s de laminage \u00e0 froid pilot\u00e9s par le PLC de derni\u00e8re g\u00e9n\u00e9ration, est directement lamin\u00e9 \u00e0 froid par les cylindres motoris\u00e9s avec le support des cassettes de laminage \u00e0 froid (\u00e9quip\u00e9es de cylindres fous pour l'op\u00e9ration de pr\u00e9formage) qui r\u00e9duisent le diam\u00e8tre \u00e0 la taille d\u00e9sir\u00e9e en am\u00e9liorant les propri\u00e9t\u00e9s m\u00e9caniques et en ajoutant la torsade positive ou le crantage n\u00e9gatif au fil.\r\n\r\nEnsuite, un syst\u00e8me compos\u00e9 de panneaux de redressage \u00e0 grande vitesse, enti\u00e8rement r\u00e9glables, redressent le fil qui, tir\u00e9 par un syst\u00e8me de traction motoris\u00e9 (qui cr\u00e9e une contre traction en aval du cabestan), permet d'acheminer les barres vers la <strong>cisaille volante continue<\/strong> pour la coupe des barres \u00e0 la longueur voulue.\r\n\r\nEnfin, les barres sont collect\u00e9es dans le collecteur de fil qui permet la cr\u00e9ation de sous-faisceaux partiels et la cr\u00e9ation de faisceaux de barres parfaitement et automatiquement align\u00e9s par la machine.\r\n\r\nAu d\u00e9but de la machine, un syst\u00e8me de d\u00e9bobinage (avec une tour de <a href=\"https:\/\/www.promostar.it\/prodotto\/wire-pay-off-systems\/\"><u>d\u00e9bobinage verticale<\/u><\/a> \u00e0 <u>deux doigts<\/u> inclin\u00e9s ou avec une poutre de <u>d\u00e9bobinage horizontale<\/u>, en fonction de la taille des fils) est utilis\u00e9 pour alimenter la machine avec le fil lisse produit dans le processus de laminage \u00e0 chaud.\r\n\r\nD'autres dispositifs, tels que la machine \u00e0 <a href=\"https:\/\/www.promostar.it\/prodotto\/descalers\/\">d\u00e9calaminer m\u00e9canique<\/a> ou la <a href=\"https:\/\/www.promostar.it\/prodotto\/wire-lubricant-machines\/\">machine \u00e0 lubrifier le tr\u00e9filage<\/a>, sont \u00e9galement inclus.","_et_gb_content_width":""},"product_cat":[144,143],"product_tag":[],"yoast_head":"<!-- This site is optimized with the Yoast SEO plugin v20.5 - https:\/\/yoast.com\/wordpress\/plugins\/seo\/ -->\n<title>Ligne de laminage \u00e0 froid et de redressage Doradostar | Promostar<\/title>\n<meta name=\"description\" content=\"La ligne de laminage \u00e0 froid et de redressage Doradostar est notre ligne d&#039;entr\u00e9e de gamme pour la production de barres d&#039;acier \u00e0 tr\u00e9filer lamin\u00e9es \u00e0 froid, torsad\u00e9es ou crant\u00e9es\" \/>\n<meta name=\"robots\" content=\"index, follow, max-snippet:-1, max-image-preview:large, max-video-preview:-1\" \/>\n<link rel=\"canonical\" href=\"https:\/\/www.promostar.it\/fr\/prodotto\/ligne-de-laminage-a-froid-et-de-redressage-doradostar\/\" \/>\n<meta property=\"og:locale\" content=\"fr_FR\" \/>\n<meta property=\"og:type\" content=\"article\" \/>\n<meta property=\"og:title\" content=\"Ligne de laminage \u00e0 froid et de redressage Doradostar | Promostar\" \/>\n<meta property=\"og:description\" content=\"La ligne de laminage \u00e0 froid et de redressage Doradostar est notre ligne d&#039;entr\u00e9e de gamme pour la production de barres d&#039;acier \u00e0 tr\u00e9filer lamin\u00e9es \u00e0 froid, torsad\u00e9es ou crant\u00e9es\" \/>\n<meta property=\"og:url\" content=\"https:\/\/www.promostar.it\/fr\/prodotto\/ligne-de-laminage-a-froid-et-de-redressage-doradostar\/\" \/>\n<meta property=\"og:site_name\" content=\"PromoStar S.r.l.\" \/>\n<meta property=\"article:modified_time\" content=\"2024-11-18T15:07:55+00:00\" \/>\n<meta property=\"og:image\" content=\"https:\/\/www.promostar.it\/wp-content\/uploads\/2021\/11\/DoradoStar.jpg\" \/>\n\t<meta property=\"og:image:width\" content=\"800\" \/>\n\t<meta property=\"og:image:height\" content=\"800\" \/>\n\t<meta property=\"og:image:type\" content=\"image\/jpeg\" \/>\n<meta name=\"twitter:card\" content=\"summary_large_image\" \/>\n<meta name=\"twitter:label1\" content=\"Dur\u00e9e de lecture estim\u00e9e\" \/>\n\t<meta name=\"twitter:data1\" content=\"1 minute\" \/>\n<script type=\"application\/ld+json\" class=\"yoast-schema-graph\">{\"@context\":\"https:\/\/schema.org\",\"@graph\":[{\"@type\":\"WebPage\",\"@id\":\"https:\/\/www.promostar.it\/fr\/prodotto\/ligne-de-laminage-a-froid-et-de-redressage-doradostar\/\",\"url\":\"https:\/\/www.promostar.it\/fr\/prodotto\/ligne-de-laminage-a-froid-et-de-redressage-doradostar\/\",\"name\":\"Ligne de laminage \u00e0 froid et de redressage Doradostar | Promostar\",\"isPartOf\":{\"@id\":\"https:\/\/www.promostar.it\/fr\/#website\"},\"datePublished\":\"2021-11-03T13:58:19+00:00\",\"dateModified\":\"2024-11-18T15:07:55+00:00\",\"description\":\"La ligne de laminage \u00e0 froid et de redressage Doradostar est notre ligne d'entr\u00e9e de gamme pour la production de barres d'acier \u00e0 tr\u00e9filer lamin\u00e9es \u00e0 froid, torsad\u00e9es ou crant\u00e9es\",\"breadcrumb\":{\"@id\":\"https:\/\/www.promostar.it\/fr\/prodotto\/ligne-de-laminage-a-froid-et-de-redressage-doradostar\/#breadcrumb\"},\"inLanguage\":\"fr-FR\",\"potentialAction\":[{\"@type\":\"ReadAction\",\"target\":[\"https:\/\/www.promostar.it\/fr\/prodotto\/ligne-de-laminage-a-froid-et-de-redressage-doradostar\/\"]}]},{\"@type\":\"BreadcrumbList\",\"@id\":\"https:\/\/www.promostar.it\/fr\/prodotto\/ligne-de-laminage-a-froid-et-de-redressage-doradostar\/#breadcrumb\",\"itemListElement\":[{\"@type\":\"ListItem\",\"position\":1,\"name\":\"Home\",\"item\":\"https:\/\/www.promostar.it\/fr\/\"},{\"@type\":\"ListItem\",\"position\":2,\"name\":\"Produits\",\"item\":\"https:\/\/www.promostar.it\/fr\/shop\/\"},{\"@type\":\"ListItem\",\"position\":3,\"name\":\"Ligne de laminage \u00e0 froid et de redressage Doradostar\"}]},{\"@type\":\"WebSite\",\"@id\":\"https:\/\/www.promostar.it\/fr\/#website\",\"url\":\"https:\/\/www.promostar.it\/fr\/\",\"name\":\"PromoStar S.r.l.\",\"description\":\"Promostar \u00e8 l\u2019azienda leader e la prima ad introdurre il processo di stiratura\",\"publisher\":{\"@id\":\"https:\/\/www.promostar.it\/fr\/#organization\"},\"potentialAction\":[{\"@type\":\"SearchAction\",\"target\":{\"@type\":\"EntryPoint\",\"urlTemplate\":\"https:\/\/www.promostar.it\/fr\/?s={search_term_string}\"},\"query-input\":\"required name=search_term_string\"}],\"inLanguage\":\"fr-FR\"},{\"@type\":\"Organization\",\"@id\":\"https:\/\/www.promostar.it\/fr\/#organization\",\"name\":\"Promostar\",\"url\":\"https:\/\/www.promostar.it\/fr\/\",\"logo\":{\"@type\":\"ImageObject\",\"inLanguage\":\"fr-FR\",\"@id\":\"https:\/\/www.promostar.it\/fr\/#\/schema\/logo\/image\/\",\"url\":\"https:\/\/www.promostar.it\/wp-content\/uploads\/2020\/10\/promostar-logo.png\",\"contentUrl\":\"https:\/\/www.promostar.it\/wp-content\/uploads\/2020\/10\/promostar-logo.png\",\"width\":210,\"height\":69,\"caption\":\"Promostar\"},\"image\":{\"@id\":\"https:\/\/www.promostar.it\/fr\/#\/schema\/logo\/image\/\"}}]}<\/script>\n<!-- \/ Yoast SEO plugin. -->","yoast_head_json":{"title":"Ligne de laminage \u00e0 froid et de redressage Doradostar | Promostar","description":"La ligne de laminage \u00e0 froid et de redressage Doradostar est notre ligne d'entr\u00e9e de gamme pour la production de barres d'acier \u00e0 tr\u00e9filer lamin\u00e9es \u00e0 froid, torsad\u00e9es ou crant\u00e9es","robots":{"index":"index","follow":"follow","max-snippet":"max-snippet:-1","max-image-preview":"max-image-preview:large","max-video-preview":"max-video-preview:-1"},"canonical":"https:\/\/www.promostar.it\/fr\/prodotto\/ligne-de-laminage-a-froid-et-de-redressage-doradostar\/","og_locale":"fr_FR","og_type":"article","og_title":"Ligne de laminage \u00e0 froid et de redressage Doradostar | Promostar","og_description":"La ligne de laminage \u00e0 froid et de redressage Doradostar est notre ligne d'entr\u00e9e de gamme pour la production de barres d'acier \u00e0 tr\u00e9filer lamin\u00e9es \u00e0 froid, torsad\u00e9es ou crant\u00e9es","og_url":"https:\/\/www.promostar.it\/fr\/prodotto\/ligne-de-laminage-a-froid-et-de-redressage-doradostar\/","og_site_name":"PromoStar S.r.l.","article_modified_time":"2024-11-18T15:07:55+00:00","og_image":[{"width":800,"height":800,"url":"https:\/\/www.promostar.it\/wp-content\/uploads\/2021\/11\/DoradoStar.jpg","type":"image\/jpeg"}],"twitter_card":"summary_large_image","twitter_misc":{"Dur\u00e9e de lecture estim\u00e9e":"1 minute"},"schema":{"@context":"https:\/\/schema.org","@graph":[{"@type":"WebPage","@id":"https:\/\/www.promostar.it\/fr\/prodotto\/ligne-de-laminage-a-froid-et-de-redressage-doradostar\/","url":"https:\/\/www.promostar.it\/fr\/prodotto\/ligne-de-laminage-a-froid-et-de-redressage-doradostar\/","name":"Ligne de laminage \u00e0 froid et de redressage Doradostar | Promostar","isPartOf":{"@id":"https:\/\/www.promostar.it\/fr\/#website"},"datePublished":"2021-11-03T13:58:19+00:00","dateModified":"2024-11-18T15:07:55+00:00","description":"La ligne de laminage \u00e0 froid et de redressage Doradostar est notre ligne d'entr\u00e9e de gamme pour la production de barres d'acier \u00e0 tr\u00e9filer lamin\u00e9es \u00e0 froid, torsad\u00e9es ou crant\u00e9es","breadcrumb":{"@id":"https:\/\/www.promostar.it\/fr\/prodotto\/ligne-de-laminage-a-froid-et-de-redressage-doradostar\/#breadcrumb"},"inLanguage":"fr-FR","potentialAction":[{"@type":"ReadAction","target":["https:\/\/www.promostar.it\/fr\/prodotto\/ligne-de-laminage-a-froid-et-de-redressage-doradostar\/"]}]},{"@type":"BreadcrumbList","@id":"https:\/\/www.promostar.it\/fr\/prodotto\/ligne-de-laminage-a-froid-et-de-redressage-doradostar\/#breadcrumb","itemListElement":[{"@type":"ListItem","position":1,"name":"Home","item":"https:\/\/www.promostar.it\/fr\/"},{"@type":"ListItem","position":2,"name":"Produits","item":"https:\/\/www.promostar.it\/fr\/shop\/"},{"@type":"ListItem","position":3,"name":"Ligne de laminage \u00e0 froid et de redressage Doradostar"}]},{"@type":"WebSite","@id":"https:\/\/www.promostar.it\/fr\/#website","url":"https:\/\/www.promostar.it\/fr\/","name":"PromoStar S.r.l.","description":"Promostar \u00e8 l\u2019azienda leader e la prima ad introdurre il processo di stiratura","publisher":{"@id":"https:\/\/www.promostar.it\/fr\/#organization"},"potentialAction":[{"@type":"SearchAction","target":{"@type":"EntryPoint","urlTemplate":"https:\/\/www.promostar.it\/fr\/?s={search_term_string}"},"query-input":"required name=search_term_string"}],"inLanguage":"fr-FR"},{"@type":"Organization","@id":"https:\/\/www.promostar.it\/fr\/#organization","name":"Promostar","url":"https:\/\/www.promostar.it\/fr\/","logo":{"@type":"ImageObject","inLanguage":"fr-FR","@id":"https:\/\/www.promostar.it\/fr\/#\/schema\/logo\/image\/","url":"https:\/\/www.promostar.it\/wp-content\/uploads\/2020\/10\/promostar-logo.png","contentUrl":"https:\/\/www.promostar.it\/wp-content\/uploads\/2020\/10\/promostar-logo.png","width":210,"height":69,"caption":"Promostar"},"image":{"@id":"https:\/\/www.promostar.it\/fr\/#\/schema\/logo\/image\/"}}]}},"_links":{"self":[{"href":"https:\/\/www.promostar.it\/fr\/wp-json\/wp\/v3\/product\/5560"}],"collection":[{"href":"https:\/\/www.promostar.it\/fr\/wp-json\/wp\/v3\/product"}],"about":[{"href":"https:\/\/www.promostar.it\/fr\/wp-json\/wp\/v2\/types\/product"}],"wp:featuredmedia":[{"embeddable":true,"href":"https:\/\/www.promostar.it\/fr\/wp-json\/wp\/v2\/media\/3762"}],"wp:attachment":[{"href":"https:\/\/www.promostar.it\/fr\/wp-json\/wp\/v2\/media?parent=5560"}],"wp:term":[{"taxonomy":"product_cat","embeddable":true,"href":"https:\/\/www.promostar.it\/fr\/wp-json\/wp\/v2\/product_cat?post=5560"},{"taxonomy":"product_tag","embeddable":true,"href":"https:\/\/www.promostar.it\/fr\/wp-json\/wp\/v2\/product_tag?post=5560"}],"curies":[{"name":"wp","href":"https:\/\/api.w.org\/{rel}","templated":true}]}}