{"id":5559,"date":"2021-03-03T11:41:56","date_gmt":"2021-03-03T10:41:56","guid":{"rendered":"https:\/\/www.promostar.it\/prodotto\/ligne-de-laminage-a-froid-et-de-redressage-geministar\/"},"modified":"2023-04-17T11:35:26","modified_gmt":"2023-04-17T09:35:26","slug":"ligne-de-laminage-a-froid-et-de-redressage-geministar","status":"publish","type":"product","link":"https:\/\/www.promostar.it\/fr\/prodotto\/ligne-de-laminage-a-froid-et-de-redressage-geministar\/","title":{"rendered":"Ligne de laminage \u00e0 froid et de redressage Geministar"},"content":{"rendered":"<p>[et_pb_section fb_built=\u00a0\u00bb1&Prime; _builder_version=\u00a0\u00bb4.17.0&Prime; _module_preset=\u00a0\u00bbdefault\u00a0\u00bb global_colors_info=\u00a0\u00bb{}\u00a0\u00bb][\/et_pb_section]<\/p>\n","protected":false},"excerpt":{"rendered":"<p>La <strong>ligne de laminage \u00e0 froid et de redressage Geministar<\/strong> repr\u00e9sente la ligne parfaite <strong>pour la production de barres d&rsquo;acier \u00e0 tr\u00e9filer lamin\u00e9es \u00e0 froid, torsad\u00e9es et crant\u00e9es<\/strong>, destin\u00e9es \u00e0 \u00eatre utilis\u00e9es dans des produits tels que des treillis soud\u00e9s de renforcement, des \u00e9triers, des cages et des poutres en treillis pour la construction civile et industrielle, les fondations et l&rsquo;industrie de la pr\u00e9fabrication.<\/p>\n<p><strong>Ligne de laminage \u00e0 froid et de redressage Geministar combine le processus de laminage \u00e0 froid du fil machine avec le redressage<\/strong> et la coupe des barres de fil de fer arm\u00e9 lamin\u00e9es \u00e0 froid \u00e0 la longueur souhait\u00e9e.<\/p>\n<p>La forme et les d\u00e9tails techniques de la ligne permettent de produire des barres d&rsquo;acier lamin\u00e9es \u00e0 froid de haute qualit\u00e9 avec une excellente rectitude et des propri\u00e9t\u00e9s g\u00e9om\u00e9triques du profil torsad\u00e9. Le produit final <strong>peut alimenter n&rsquo;importe quel type de machine de soudage de treillis d&rsquo;armature ou d&rsquo;\u00e9quipement de coupe et de cintrage<\/strong>.<\/p>\n<p>Par rapport aux machines de redressage traditionnelles, ce syst\u00e8me combin\u00e9 de production de barres pr\u00e9sente l&rsquo;avantage d&rsquo;atteindre une vitesse de <strong>production \u00e9lev\u00e9e tout en r\u00e9duisant consid\u00e9rablement les op\u00e9rations de manutention<\/strong> des mati\u00e8res premi\u00e8res (le fil machine est transform\u00e9 en paquets de barres \u00e0 tr\u00e9filer pour b\u00e9ton torsad\u00e9es ou crant\u00e9es sur une seule ligne, ce qui permet d&rsquo;optimiser la logistique interne).<\/p>\n","protected":false},"featured_media":3765,"template":"","meta":{"_et_pb_use_builder":"on","_et_pb_old_content":"La <strong>ligne de laminage \u00e0 froid et de redressage Geministar<\/strong> repr\u00e9sente la ligne parfaite <strong>pour la production de barres d'acier \u00e0 tr\u00e9filer lamin\u00e9es \u00e0 froid, torsad\u00e9es et crant\u00e9es<\/strong>, destin\u00e9es \u00e0 \u00eatre utilis\u00e9es dans des produits tels que des treillis soud\u00e9s de renforcement, des \u00e9triers, des cages et des poutres en treillis pour la construction civile et industrielle, les fondations et l'industrie de la pr\u00e9fabrication.\n\n<strong>Ligne de laminage \u00e0 froid et de redressage Geministar combine le processus de laminage \u00e0 froid du fil machine avec le redressage<\/strong> et la coupe des barres de fil de fer arm\u00e9 lamin\u00e9es \u00e0 froid \u00e0 la longueur souhait\u00e9e.\n\nLa forme et les d\u00e9tails techniques de la ligne permettent de produire des barres d'acier lamin\u00e9es \u00e0 froid de haute qualit\u00e9 avec une excellente rectitude et des propri\u00e9t\u00e9s g\u00e9om\u00e9triques du profil torsad\u00e9. Le produit final <strong>peut alimenter n'importe quel type de machine de soudage de treillis d'armature ou d'\u00e9quipement de coupe et de cintrage<\/strong>.\n\nPar rapport aux machines de redressage traditionnelles, ce syst\u00e8me combin\u00e9 de production de barres pr\u00e9sente l'avantage d'atteindre une vitesse de <strong>production \u00e9lev\u00e9e tout en r\u00e9duisant consid\u00e9rablement les op\u00e9rations de manutention<\/strong> des mati\u00e8res premi\u00e8res (le fil machine est transform\u00e9 en paquets de barres \u00e0 tr\u00e9filer pour b\u00e9ton torsad\u00e9es ou crant\u00e9es sur une seule ligne, ce qui permet d'optimiser la logistique interne).\n\nLe c\u0153ur de la machine est le corps de la ligne Geministar. Le c\u0153ur de la machine est le corps de la ligne Geministar. On y trouve le bullblock \u00e0 axe horizontal \u00e9quip\u00e9 de cabestans de tr\u00e9filage en mesure de produire des barres d'acier lamin\u00e9es \u00e0 froid d'un diam\u00e8tre allant de \u00d84 \u00e0 \u00d818mm et d'une longueur allant jusqu'\u00e0 12 m\u00e8tres.\n\nLe fil machine, tir\u00e9 par le <span style=\"text-decoration: underline\"><a href=\"https:\/\/www.promostar.it\/prodotto\/pulling-bull-blocks\/\">bullblock <\/a><\/span>\u00e0 hautes performances et pilot\u00e9 par le PLC de derni\u00e8re g\u00e9n\u00e9ration, est lamin\u00e9 \u00e0 froid par les cassettes de laminage (avec la possibilit\u00e9 d'installer jusqu'\u00e0 trois <a href=\"https:\/\/www.promostar.it\/prodotto\/rolling-cassettes\/\"><span style=\"text-decoration: underline\">cassettes de laminage<\/span><\/a>) qui r\u00e9duisent le diam\u00e8tre \u00e0 la dimension d\u00e9sir\u00e9e en am\u00e9liorant les propri\u00e9t\u00e9s m\u00e9caniques et en ajoutant le torsadage ou le crantage n\u00e9gatif au fil.\n\nLa machine peut \u00e9galement \u00eatre \u00e9quip\u00e9e de <strong><span style=\"text-decoration: underline\">panneaux d'\u00e9tirage<\/span><\/strong> (\u00e0 la place des cassettes de laminage) pour produire du fil \u00e9tir\u00e9 \u00e0 partir de barres d'armature en couronne.\n\nEnsuite, un syst\u00e8me compos\u00e9 de panneaux de redressage \u00e0 grande vitesse, enti\u00e8rement r\u00e9glables, redressent le fil qui, tir\u00e9 par un syst\u00e8me de traction motoris\u00e9 (qui cr\u00e9e une contre traction en aval du cabestan), permet d'acheminer les barres vers la <span style=\"text-decoration: underline\"><strong>cisaille volante continue<\/strong><\/span> pour la coupe des barres \u00e0 la longueur voulue.\n\nEnfin, les barres sont collect\u00e9es dans le collecteur de fil qui permet la cr\u00e9ation de sous-faisceaux partiels et la cr\u00e9ation de faisceaux de barres parfaitement et automatiquement align\u00e9s par la machine. Dans la version de haut niveau, toutes les machines peuvent \u00eatre \u00e9quip\u00e9es d'un dispositif de liage pour la cr\u00e9ation automatique du faisceau partiel et du faisceau principal.\n\nTous les syst\u00e8mes \u00e9lectriques, hydrauliques et de lubrification sont install\u00e9s \u00e0 l'int\u00e9rieur de la machine afin de simplifier l'entretien de la ligne.\n\nAu d\u00e9but de la machine, un syst\u00e8me de d\u00e9bobinage (avec une tour de <span style=\"text-decoration: underline\"><a href=\"https:\/\/www.promostar.it\/prodotto\/wire-pay-off-systems\/\">d\u00e9bobinage verticale<\/a><\/span> \u00e0 <span style=\"text-decoration: underline\"><strong>deux doigts inclin\u00e9s<\/strong><\/span> ou avec une poutre de <span style=\"text-decoration: underline\"><a href=\"https:\/\/www.promostar.it\/prodotto\/wire-pay-off-systems\/\">d\u00e9bobinage horizontale<\/a><\/span>, en fonction de la taille des fils) est utilis\u00e9 pour alimenter la machine avec le fil lisse produit dans le processus de laminage \u00e0 chaud.\n\nD'autres dispositifs, tels que la machine \u00e0 <a href=\"https:\/\/www.promostar.it\/prodotto\/descalers\/\"><span style=\"text-decoration: underline\">d\u00e9calaminer m\u00e9canique<\/span><\/a> ou la <a href=\"https:\/\/www.promostar.it\/prodotto\/wire-lubricant-machines\/\"><span style=\"text-decoration: underline\">machine \u00e0 lubrifier le tr\u00e9filage<\/span><\/a>, sont \u00e9galement inclus.\n\nEn outre, la grande flexibilit\u00e9 de la Geministar permet de combiner la ligne avec un <span style=\"text-decoration: underline\"><a href=\"https:\/\/www.promostar.it\/prodotto\/vegastar-copia\/\">bobineur de fil<\/a><\/span> pour produire des bobines <span style=\"text-decoration: underline\"><a href=\"https:\/\/www.promostar.it\/prodotto\/electrical-mechanical-revamping-and-refurbishment\/\">fixes<\/a><\/span> ou <span style=\"text-decoration: underline\"><a href=\"https:\/\/www.promostar.it\/prodotto\/collapsible-spools-take-a-part-reels\/\">repliables<\/a><\/span> (qui peuvent \u00eatre ajout\u00e9es ult\u00e9rieurement, ce qui r\u00e9duit le co\u00fbt initial de l'investissement). Cela signifie qu'avec la m\u00eame machine, il est possible de passer de la production de barres \u00e0 celle de d\u00e9vidoirs fixes ou repliables.\n\nAu plus haut niveau d'automatisation de nos installations, la ligne mentionn\u00e9e ci-dessus peut \u00eatre \u00e9quip\u00e9e de <a href=\"https:\/\/www.promostar.it\/prodotto\/vertical-automatic-spooler-machine\/\"><span style=\"text-decoration: underline\">bobineuses verticales automatiques<\/span><\/a> qui effectuent toutes les op\u00e9rations telles que : l'enfilage du fil, la coupe, le changement de bobines, le pr\u00e9l\u00e8vement d'\u00e9chantillons, le cerclage, l'\u00e9tiquetage et le pesage des bobines sans aucune intervention de l'op\u00e9rateur.","_et_gb_content_width":""},"product_cat":[144,143],"product_tag":[],"yoast_head":"<!-- This site is optimized with the Yoast SEO plugin v20.5 - https:\/\/yoast.com\/wordpress\/plugins\/seo\/ -->\n<title>Ligne de laminage \u00e0 froid et de redressage Geministar | Promostar<\/title>\n<meta name=\"description\" content=\"La ligne de laminage \u00e0 froid et de redressage Geministar repr\u00e9sente la ligne parfaite pour la production de barres d&#039;acier \u00e0 tr\u00e9filer lamin\u00e9es \u00e0 froid, torsad\u00e9es et crant\u00e9es, destin\u00e9es \u00e0 \u00eatre utilis\u00e9es dans des produits tels que des treillis soud\u00e9s de renforcement, des \u00e9triers, des cages et des poutres en treillis pour la construction civile et industrielle, les fondations et l&#039;industrie de la pr\u00e9fabrication.\" \/>\n<meta name=\"robots\" content=\"index, follow, max-snippet:-1, max-image-preview:large, max-video-preview:-1\" \/>\n<link rel=\"canonical\" href=\"https:\/\/www.promostar.it\/fr\/prodotto\/ligne-de-laminage-a-froid-et-de-redressage-geministar\/\" \/>\n<meta property=\"og:locale\" content=\"fr_FR\" \/>\n<meta property=\"og:type\" content=\"article\" \/>\n<meta property=\"og:title\" content=\"Ligne de laminage \u00e0 froid et de redressage Geministar | Promostar\" \/>\n<meta property=\"og:description\" content=\"La ligne de laminage \u00e0 froid et de redressage Geministar repr\u00e9sente la ligne parfaite pour la production de barres d&#039;acier \u00e0 tr\u00e9filer lamin\u00e9es \u00e0 froid, torsad\u00e9es et crant\u00e9es, destin\u00e9es \u00e0 \u00eatre utilis\u00e9es dans des produits tels que des treillis soud\u00e9s de renforcement, des \u00e9triers, des cages et des poutres en treillis pour la construction civile et industrielle, les fondations et l&#039;industrie de la pr\u00e9fabrication.\" \/>\n<meta property=\"og:url\" content=\"https:\/\/www.promostar.it\/fr\/prodotto\/ligne-de-laminage-a-froid-et-de-redressage-geministar\/\" \/>\n<meta property=\"og:site_name\" content=\"PromoStar S.r.l.\" \/>\n<meta property=\"article:modified_time\" content=\"2023-04-17T09:35:26+00:00\" \/>\n<meta property=\"og:image\" content=\"https:\/\/www.promostar.it\/wp-content\/uploads\/2021\/03\/geministar.jpg\" \/>\n\t<meta property=\"og:image:width\" content=\"800\" \/>\n\t<meta property=\"og:image:height\" content=\"800\" \/>\n\t<meta property=\"og:image:type\" content=\"image\/jpeg\" \/>\n<meta name=\"twitter:card\" content=\"summary_large_image\" \/>\n<script type=\"application\/ld+json\" class=\"yoast-schema-graph\">{\"@context\":\"https:\/\/schema.org\",\"@graph\":[{\"@type\":\"WebPage\",\"@id\":\"https:\/\/www.promostar.it\/fr\/prodotto\/ligne-de-laminage-a-froid-et-de-redressage-geministar\/\",\"url\":\"https:\/\/www.promostar.it\/fr\/prodotto\/ligne-de-laminage-a-froid-et-de-redressage-geministar\/\",\"name\":\"Ligne de laminage \u00e0 froid et de redressage Geministar | Promostar\",\"isPartOf\":{\"@id\":\"https:\/\/www.promostar.it\/fr\/#website\"},\"datePublished\":\"2021-03-03T10:41:56+00:00\",\"dateModified\":\"2023-04-17T09:35:26+00:00\",\"description\":\"La ligne de laminage \u00e0 froid et de redressage Geministar repr\u00e9sente la ligne parfaite pour la production de barres d'acier \u00e0 tr\u00e9filer lamin\u00e9es \u00e0 froid, torsad\u00e9es et crant\u00e9es, destin\u00e9es \u00e0 \u00eatre utilis\u00e9es dans des produits tels que des treillis soud\u00e9s de renforcement, des \u00e9triers, des cages et des poutres en treillis pour la construction civile et industrielle, les fondations et l'industrie de la pr\u00e9fabrication.\",\"breadcrumb\":{\"@id\":\"https:\/\/www.promostar.it\/fr\/prodotto\/ligne-de-laminage-a-froid-et-de-redressage-geministar\/#breadcrumb\"},\"inLanguage\":\"fr-FR\",\"potentialAction\":[{\"@type\":\"ReadAction\",\"target\":[\"https:\/\/www.promostar.it\/fr\/prodotto\/ligne-de-laminage-a-froid-et-de-redressage-geministar\/\"]}]},{\"@type\":\"BreadcrumbList\",\"@id\":\"https:\/\/www.promostar.it\/fr\/prodotto\/ligne-de-laminage-a-froid-et-de-redressage-geministar\/#breadcrumb\",\"itemListElement\":[{\"@type\":\"ListItem\",\"position\":1,\"name\":\"Home\",\"item\":\"https:\/\/www.promostar.it\/fr\/home-2\/\"},{\"@type\":\"ListItem\",\"position\":2,\"name\":\"Produits\",\"item\":\"https:\/\/www.promostar.it\/fr\/shop\/\"},{\"@type\":\"ListItem\",\"position\":3,\"name\":\"Ligne de laminage \u00e0 froid et de redressage Geministar\"}]},{\"@type\":\"WebSite\",\"@id\":\"https:\/\/www.promostar.it\/fr\/#website\",\"url\":\"https:\/\/www.promostar.it\/fr\/\",\"name\":\"PromoStar S.r.l.\",\"description\":\"Promostar \u00e8 l\u2019azienda leader e la prima ad introdurre il processo di stiratura\",\"publisher\":{\"@id\":\"https:\/\/www.promostar.it\/fr\/#organization\"},\"potentialAction\":[{\"@type\":\"SearchAction\",\"target\":{\"@type\":\"EntryPoint\",\"urlTemplate\":\"https:\/\/www.promostar.it\/fr\/?s={search_term_string}\"},\"query-input\":\"required name=search_term_string\"}],\"inLanguage\":\"fr-FR\"},{\"@type\":\"Organization\",\"@id\":\"https:\/\/www.promostar.it\/fr\/#organization\",\"name\":\"Promostar\",\"url\":\"https:\/\/www.promostar.it\/fr\/\",\"logo\":{\"@type\":\"ImageObject\",\"inLanguage\":\"fr-FR\",\"@id\":\"https:\/\/www.promostar.it\/fr\/#\/schema\/logo\/image\/\",\"url\":\"https:\/\/www.promostar.it\/wp-content\/uploads\/2020\/10\/promostar-logo.png\",\"contentUrl\":\"https:\/\/www.promostar.it\/wp-content\/uploads\/2020\/10\/promostar-logo.png\",\"width\":210,\"height\":69,\"caption\":\"Promostar\"},\"image\":{\"@id\":\"https:\/\/www.promostar.it\/fr\/#\/schema\/logo\/image\/\"}}]}<\/script>\n<!-- \/ Yoast SEO plugin. -->","yoast_head_json":{"title":"Ligne de laminage \u00e0 froid et de redressage Geministar | Promostar","description":"La ligne de laminage \u00e0 froid et de redressage Geministar repr\u00e9sente la ligne parfaite pour la production de barres d'acier \u00e0 tr\u00e9filer lamin\u00e9es \u00e0 froid, torsad\u00e9es et crant\u00e9es, destin\u00e9es \u00e0 \u00eatre utilis\u00e9es dans des produits tels que des treillis soud\u00e9s de renforcement, des \u00e9triers, des cages et des poutres en treillis pour la construction civile et industrielle, les fondations et l'industrie de la pr\u00e9fabrication.","robots":{"index":"index","follow":"follow","max-snippet":"max-snippet:-1","max-image-preview":"max-image-preview:large","max-video-preview":"max-video-preview:-1"},"canonical":"https:\/\/www.promostar.it\/fr\/prodotto\/ligne-de-laminage-a-froid-et-de-redressage-geministar\/","og_locale":"fr_FR","og_type":"article","og_title":"Ligne de laminage \u00e0 froid et de redressage Geministar | Promostar","og_description":"La ligne de laminage \u00e0 froid et de redressage Geministar repr\u00e9sente la ligne parfaite pour la production de barres d'acier \u00e0 tr\u00e9filer lamin\u00e9es \u00e0 froid, torsad\u00e9es et crant\u00e9es, destin\u00e9es \u00e0 \u00eatre utilis\u00e9es dans des produits tels que des treillis soud\u00e9s de renforcement, des \u00e9triers, des cages et des poutres en treillis pour la construction civile et industrielle, les fondations et l'industrie de la pr\u00e9fabrication.","og_url":"https:\/\/www.promostar.it\/fr\/prodotto\/ligne-de-laminage-a-froid-et-de-redressage-geministar\/","og_site_name":"PromoStar S.r.l.","article_modified_time":"2023-04-17T09:35:26+00:00","og_image":[{"width":800,"height":800,"url":"https:\/\/www.promostar.it\/wp-content\/uploads\/2021\/03\/geministar.jpg","type":"image\/jpeg"}],"twitter_card":"summary_large_image","schema":{"@context":"https:\/\/schema.org","@graph":[{"@type":"WebPage","@id":"https:\/\/www.promostar.it\/fr\/prodotto\/ligne-de-laminage-a-froid-et-de-redressage-geministar\/","url":"https:\/\/www.promostar.it\/fr\/prodotto\/ligne-de-laminage-a-froid-et-de-redressage-geministar\/","name":"Ligne de laminage \u00e0 froid et de redressage Geministar | Promostar","isPartOf":{"@id":"https:\/\/www.promostar.it\/fr\/#website"},"datePublished":"2021-03-03T10:41:56+00:00","dateModified":"2023-04-17T09:35:26+00:00","description":"La ligne de laminage \u00e0 froid et de redressage Geministar repr\u00e9sente la ligne parfaite pour la production de barres d'acier \u00e0 tr\u00e9filer lamin\u00e9es \u00e0 froid, torsad\u00e9es et crant\u00e9es, destin\u00e9es \u00e0 \u00eatre utilis\u00e9es dans des produits tels que des treillis soud\u00e9s de renforcement, des \u00e9triers, des cages et des poutres en treillis pour la construction civile et industrielle, les fondations et l'industrie de la pr\u00e9fabrication.","breadcrumb":{"@id":"https:\/\/www.promostar.it\/fr\/prodotto\/ligne-de-laminage-a-froid-et-de-redressage-geministar\/#breadcrumb"},"inLanguage":"fr-FR","potentialAction":[{"@type":"ReadAction","target":["https:\/\/www.promostar.it\/fr\/prodotto\/ligne-de-laminage-a-froid-et-de-redressage-geministar\/"]}]},{"@type":"BreadcrumbList","@id":"https:\/\/www.promostar.it\/fr\/prodotto\/ligne-de-laminage-a-froid-et-de-redressage-geministar\/#breadcrumb","itemListElement":[{"@type":"ListItem","position":1,"name":"Home","item":"https:\/\/www.promostar.it\/fr\/home-2\/"},{"@type":"ListItem","position":2,"name":"Produits","item":"https:\/\/www.promostar.it\/fr\/shop\/"},{"@type":"ListItem","position":3,"name":"Ligne de laminage \u00e0 froid et de redressage Geministar"}]},{"@type":"WebSite","@id":"https:\/\/www.promostar.it\/fr\/#website","url":"https:\/\/www.promostar.it\/fr\/","name":"PromoStar S.r.l.","description":"Promostar \u00e8 l\u2019azienda leader e la prima ad introdurre il processo di stiratura","publisher":{"@id":"https:\/\/www.promostar.it\/fr\/#organization"},"potentialAction":[{"@type":"SearchAction","target":{"@type":"EntryPoint","urlTemplate":"https:\/\/www.promostar.it\/fr\/?s={search_term_string}"},"query-input":"required name=search_term_string"}],"inLanguage":"fr-FR"},{"@type":"Organization","@id":"https:\/\/www.promostar.it\/fr\/#organization","name":"Promostar","url":"https:\/\/www.promostar.it\/fr\/","logo":{"@type":"ImageObject","inLanguage":"fr-FR","@id":"https:\/\/www.promostar.it\/fr\/#\/schema\/logo\/image\/","url":"https:\/\/www.promostar.it\/wp-content\/uploads\/2020\/10\/promostar-logo.png","contentUrl":"https:\/\/www.promostar.it\/wp-content\/uploads\/2020\/10\/promostar-logo.png","width":210,"height":69,"caption":"Promostar"},"image":{"@id":"https:\/\/www.promostar.it\/fr\/#\/schema\/logo\/image\/"}}]}},"_links":{"self":[{"href":"https:\/\/www.promostar.it\/fr\/wp-json\/wp\/v3\/product\/5559"}],"collection":[{"href":"https:\/\/www.promostar.it\/fr\/wp-json\/wp\/v3\/product"}],"about":[{"href":"https:\/\/www.promostar.it\/fr\/wp-json\/wp\/v2\/types\/product"}],"wp:featuredmedia":[{"embeddable":true,"href":"https:\/\/www.promostar.it\/fr\/wp-json\/wp\/v2\/media\/3765"}],"wp:attachment":[{"href":"https:\/\/www.promostar.it\/fr\/wp-json\/wp\/v2\/media?parent=5559"}],"wp:term":[{"taxonomy":"product_cat","embeddable":true,"href":"https:\/\/www.promostar.it\/fr\/wp-json\/wp\/v2\/product_cat?post=5559"},{"taxonomy":"product_tag","embeddable":true,"href":"https:\/\/www.promostar.it\/fr\/wp-json\/wp\/v2\/product_tag?post=5559"}],"curies":[{"name":"wp","href":"https:\/\/api.w.org\/{rel}","templated":true}]}}