{"id":5557,"date":"2021-11-03T15:22:07","date_gmt":"2021-11-03T14:22:07","guid":{"rendered":"https:\/\/www.promostar.it\/prodotto\/ligne-de-laminage-a-froid-vegastar\/"},"modified":"2024-11-18T16:28:35","modified_gmt":"2024-11-18T15:28:35","slug":"ligne-de-laminage-a-froid-vegastar","status":"publish","type":"product","link":"https:\/\/www.promostar.it\/fr\/prodotto\/ligne-de-laminage-a-froid-vegastar\/","title":{"rendered":"Ligne de laminage \u00e0 froid Vegastar"},"content":{"rendered":"<p>[et_pb_section fb_built=\u00a0\u00bb1&Prime; _builder_version=\u00a0\u00bb4.17.0&Prime; _module_preset=\u00a0\u00bbdefault\u00a0\u00bb global_colors_info=\u00a0\u00bb{}\u00a0\u00bb][\/et_pb_section]<\/p>\n","protected":false},"excerpt":{"rendered":"<p>La <strong>ligne de laminage \u00e0 froid Vegastar<\/strong> repr\u00e9sente la ligne <strong>parfaite pour la production de bobines de fil d&rsquo;acier lamin\u00e9 \u00e0 froid, torsad\u00e9 et crant\u00e9<\/strong>, destin\u00e9es \u00e0 \u00eatre utilis\u00e9es dans des produits tels que des treillis soud\u00e9s de renforcement, des \u00e9triers, des cages et des poutres en treillis pour la construction civile et industrielle, les fondations et l&rsquo;industrie de la pr\u00e9fabrication.<\/p>\n<p>La <strong>ligne de laminage \u00e0 froid Vegastar<\/strong> <strong>combine le processus de laminage \u00e0 froid du fil machine avec la mise en bobine<\/strong> du fil renforc\u00e9 lamin\u00e9 \u00e0 froid jusqu&rsquo;au poids de bobine souhait\u00e9.<\/p>\n<p>La forme et les d\u00e9tails techniques de la ligne permettent de produire des bobines de laminage \u00e0 froid de grande qualit\u00e9 avec d&rsquo;excellentes propri\u00e9t\u00e9s m\u00e9caniques et g\u00e9om\u00e9triques du profil torsad\u00e9. Le produit final <strong>peut alimenter n&rsquo;importe quel type de machine de soudage de treillis d&rsquo;armature ou d&rsquo;\u00e9quipement de coupe et de cintrage<\/strong>.<\/p>\n","protected":false},"featured_media":3756,"template":"","meta":{"_et_pb_use_builder":"on","_et_pb_old_content":"La <strong>ligne de laminage \u00e0 froid Vegastar<\/strong> repr\u00e9sente la ligne parfaite <strong>pour la production de bobines de fil d'acier lamin\u00e9 \u00e0 froid, torsad\u00e9 et crant\u00e9<\/strong>, destin\u00e9es \u00e0 \u00eatre utilis\u00e9es dans des produits tels que des treillis soud\u00e9s de renforcement, des \u00e9triers, des cages et des poutres en treillis pour la construction civile et industrielle, les fondations et l'industrie de la pr\u00e9fabrication.\r\n\r\nLa <strong>ligne de laminage \u00e0 froid Vegastar<\/strong> <strong>combine le processus de laminage \u00e0 froid du fil machine avec la mise en bobine<\/strong> du fil renforc\u00e9 lamin\u00e9 \u00e0 froid jusqu'au poids de bobine souhait\u00e9.\r\n\r\nLa forme et les d\u00e9tails techniques de la ligne permettent de produire des bobines de laminage \u00e0 froid de grande qualit\u00e9 avec d'excellentes propri\u00e9t\u00e9s m\u00e9caniques et g\u00e9om\u00e9triques du profil torsad\u00e9. Le produit final <strong>peut alimenter n'importe quel type de machine de soudage de treillis d'armature ou d'\u00e9quipement de coupe et de cintrage<\/strong>.\r\n\r\nLa machine Vegastar est notre solution de haut niveau pour la production de bobines de fil d'acier lamin\u00e9 \u00e0 froid.\r\n\r\nLa particularit\u00e9 de cette machine est d'avoir une <strong>configuration ergonomique<\/strong> o\u00f9 tous les composants principaux tels que le dispositif de <a href=\"https:\/\/www.promostar.it\/prodotto\/descalers\/\"><u>d\u00e9calaminage m\u00e9canique<\/u><\/a>, <u>l'unit\u00e9 d'ajout de savon<\/u>, les <a href=\"https:\/\/www.promostar.it\/prodotto\/rolling-cassettes\/\"><u>cassettes de roulement<\/u><\/a> (ou <u>panneaux d'\u00e9tirement<\/u>), les cabestans de traction et le dispositif de soulagement du stress sont tous install\u00e9s \u00e0 l'int\u00e9rieur d'un corps compact. Cette caract\u00e9ristique permet de <strong>r\u00e9duire consid\u00e9rablement le bruit et la dispersion<\/strong> des poussi\u00e8res dans l'environnement et d'<strong>augmenter le niveau de s\u00e9curit\u00e9<\/strong>, am\u00e9liorant ainsi les conditions de travail des op\u00e9rateurs. Un autre avantage pour les op\u00e9rateurs est la rapidit\u00e9 du r\u00e9glage m\u00e9canique en cas de changement de production ou de proc\u00e9dures de maintenance, car toutes les unit\u00e9s principales sont plac\u00e9es dans le m\u00eame corps de machine. Les <a href=\"https:\/\/www.promostar.it\/prodotto\/rolling-cassettes\/\"><u>cassettes de laminage<\/u><\/a> et les <u>panneaux d'\u00e9tirage<\/u> sont fix\u00e9s avec des raccords rapides et un syst\u00e8me de centrage facile qui permet \u00e0 l'op\u00e9rateur de changer rapidement le diam\u00e8tre du fil. Tous les syst\u00e8mes \u00e9lectriques, hydrauliques et de lubrification sont install\u00e9s \u00e0 l'int\u00e9rieur de la machine afin de simplifier l'entretien de la ligne.\r\n\r\nLe <a href=\"https:\/\/www.promostar.it\/prodotto\/pulling-bull-blocks\/\"><u>bullblock<\/u><\/a> \u00e0 axe horizontal est \u00e9quip\u00e9 de cabestans de tr\u00e9filage (possibilit\u00e9 d'installer jusqu'\u00e0 4 cabestans) et capable de produire des bobines de fil d'acier lamin\u00e9 \u00e0 froid d'un diam\u00e8tre allant de \u00d84 \u00e0 \u00d820mm et d'une capacit\u00e9 de poids allant jusqu'\u00e0 8 tonnes.\r\n\r\nLe fil machine, tir\u00e9 par le <a href=\"https:\/\/www.promostar.it\/prodotto\/pulling-bull-blocks\/\"><u>bullblock<\/u> <\/a>de haute performance et contr\u00f4l\u00e9 par un PLC de derni\u00e8re technologie, est lamin\u00e9 \u00e0 froid par des <a href=\"https:\/\/www.promostar.it\/prodotto\/rolling-cassettes\/\"><u>cassettes de laminage<\/u><\/a> (avec la possibilit\u00e9 d'installer jusqu'\u00e0 trois <a href=\"https:\/\/www.promostar.it\/prodotto\/rolling-cassettes\/\"><u>cassettes de laminage<\/u><\/a>) qui r\u00e9duisent le diam\u00e8tre \u00e0 la dimension d\u00e9sir\u00e9e en am\u00e9liorant les propri\u00e9t\u00e9s m\u00e9caniques et en ajoutant le torsadage ou le crantage n\u00e9gatif au fil.\r\n\r\nLa machine peut \u00e9galement \u00eatre \u00e9quip\u00e9e de <u>panneaux d'\u00e9tirage<\/u> (\u00e0 la place des <a href=\"https:\/\/www.promostar.it\/prodotto\/rolling-cassettes\/\"><u>cassettes de laminage<\/u><\/a>) pour produire du fil \u00e9tir\u00e9 \u00e0 partir de barres d'armature en bobine.\r\n\r\nTous les syst\u00e8mes \u00e9lectriques, hydrauliques et de lubrification sont install\u00e9s \u00e0 l'int\u00e9rieur de la machine afin de simplifier l'entretien de la ligne.\r\n\r\nAu d\u00e9but de la machine, un syst\u00e8me de d\u00e9bobinage (avec une <a href=\"https:\/\/www.promostar.it\/prodotto\/wire-pay-off-systems\/\"><u>tour de d\u00e9bobinage verticale<\/u><\/a> \u00e0 <u>deux doigts inclin\u00e9s<\/u> ou avec une <a href=\"https:\/\/www.promostar.it\/prodotto\/wire-pay-off-systems\/\"><u>poutre de d\u00e9bobinage horizontale<\/u><\/a>, en fonction de la taille des fils) est utilis\u00e9 pour alimenter la machine avec le fil lisse produit dans le processus de laminage \u00e0 chaud.\r\n\r\nD'autres dispositifs, tels que la machine \u00e0 <a href=\"https:\/\/www.promostar.it\/prodotto\/descalers\/\"><u>d\u00e9calaminer m\u00e9canique<\/u><\/a> ou la <a href=\"https:\/\/www.promostar.it\/prodotto\/wire-lubricant-machines\/\"><u>machine \u00e0 lubrifier le tr\u00e9filage<\/u><\/a>, sont \u00e9galement inclus.\r\n\r\n\u00c0 la sortie, une <a href=\"https:\/\/www.promostar.it\/prodotto\/vegastar-copia\/\"><u>bobineuse<\/u><\/a> \u00e0 axes horizontaux ou verticaux r\u00e9alise l'enroulement du fil sur les bobines.\r\n\r\nAu plus haut niveau d'automatisation de nos installations, la machine mentionn\u00e9e ci-dessus peut \u00eatre \u00e9quip\u00e9e de <strong><a href=\"https:\/\/www.promostar.it\/prodotto\/vegastar-copia\/\"><u>bobineuses<\/u><\/a> verticales automatiques<\/strong> qui effectuent toutes les op\u00e9rations telles que : l'enfilage du fil, la coupe, le changement de bobines, le pr\u00e9l\u00e8vement d'\u00e9chantillons, le cerclage, l'\u00e9tiquetage et le pesage des bobines sans aucune intervention de l'op\u00e9rateur.\r\n\r\nLa forme et les d\u00e9tails techniques de nos lignes permettent de produire <strong>des bobines de laminage \u00e0 froid de haute qualit\u00e9, conditionn\u00e9es en bobines <a href=\"https:\/\/www.promostar.it\/prodotto\/electrical-mechanical-revamping-and-refurbishment\/\"><u>fixes<\/u><\/a> ou <a href=\"https:\/\/www.promostar.it\/prodotto\/collapsible-spools-take-a-part-reels\/\"><u>d\u00e9montables<\/u><\/a><\/strong> avec un poids pouvant \u00eatre r\u00e9gl\u00e9 jusqu\u2019\u00e0 8 tonnes. G\u00e9n\u00e9ralement, les bobines produites sont utilis\u00e9es pour la fabrication de treillis d'armature, d'\u00e9triers, de cages et de poutrelles en treillis pour la construction civile et industrielle, les fondations et l'industrie de la pr\u00e9fabrication.","_et_gb_content_width":""},"product_cat":[145,143],"product_tag":[],"yoast_head":"<!-- This site is optimized with the Yoast SEO plugin v20.5 - https:\/\/yoast.com\/wordpress\/plugins\/seo\/ -->\n<title>Ligne de laminage \u00e0 froid Vegastar | Promostar<\/title>\n<meta name=\"description\" content=\"La ligne de laminage \u00e0 froid Vegastar repr\u00e9sente la ligne parfaite pour la production de bobines de fil d&#039;acier lamin\u00e9 \u00e0 froid, torsad\u00e9 et crant\u00e9\" \/>\n<meta name=\"robots\" content=\"index, follow, max-snippet:-1, max-image-preview:large, max-video-preview:-1\" \/>\n<link rel=\"canonical\" href=\"https:\/\/www.promostar.it\/fr\/prodotto\/ligne-de-laminage-a-froid-vegastar\/\" \/>\n<meta property=\"og:locale\" content=\"fr_FR\" \/>\n<meta property=\"og:type\" content=\"article\" \/>\n<meta property=\"og:title\" content=\"Ligne de laminage \u00e0 froid Vegastar | Promostar\" \/>\n<meta property=\"og:description\" content=\"La ligne de laminage \u00e0 froid Vegastar repr\u00e9sente la ligne parfaite pour la production de bobines de fil d&#039;acier lamin\u00e9 \u00e0 froid, torsad\u00e9 et crant\u00e9\" \/>\n<meta property=\"og:url\" content=\"https:\/\/www.promostar.it\/fr\/prodotto\/ligne-de-laminage-a-froid-vegastar\/\" \/>\n<meta property=\"og:site_name\" content=\"PromoStar S.r.l.\" \/>\n<meta property=\"article:modified_time\" content=\"2024-11-18T15:28:35+00:00\" \/>\n<meta property=\"og:image\" content=\"https:\/\/www.promostar.it\/wp-content\/uploads\/2021\/11\/vegastar.jpg\" \/>\n\t<meta property=\"og:image:width\" content=\"800\" \/>\n\t<meta property=\"og:image:height\" content=\"800\" \/>\n\t<meta property=\"og:image:type\" content=\"image\/jpeg\" \/>\n<meta name=\"twitter:card\" content=\"summary_large_image\" \/>\n<meta name=\"twitter:label1\" content=\"Dur\u00e9e de lecture estim\u00e9e\" \/>\n\t<meta name=\"twitter:data1\" content=\"1 minute\" \/>\n<script type=\"application\/ld+json\" class=\"yoast-schema-graph\">{\"@context\":\"https:\/\/schema.org\",\"@graph\":[{\"@type\":\"WebPage\",\"@id\":\"https:\/\/www.promostar.it\/fr\/prodotto\/ligne-de-laminage-a-froid-vegastar\/\",\"url\":\"https:\/\/www.promostar.it\/fr\/prodotto\/ligne-de-laminage-a-froid-vegastar\/\",\"name\":\"Ligne de laminage \u00e0 froid Vegastar | Promostar\",\"isPartOf\":{\"@id\":\"https:\/\/www.promostar.it\/fr\/#website\"},\"datePublished\":\"2021-11-03T14:22:07+00:00\",\"dateModified\":\"2024-11-18T15:28:35+00:00\",\"description\":\"La ligne de laminage \u00e0 froid Vegastar repr\u00e9sente la ligne parfaite pour la production de bobines de fil d'acier lamin\u00e9 \u00e0 froid, torsad\u00e9 et crant\u00e9\",\"breadcrumb\":{\"@id\":\"https:\/\/www.promostar.it\/fr\/prodotto\/ligne-de-laminage-a-froid-vegastar\/#breadcrumb\"},\"inLanguage\":\"fr-FR\",\"potentialAction\":[{\"@type\":\"ReadAction\",\"target\":[\"https:\/\/www.promostar.it\/fr\/prodotto\/ligne-de-laminage-a-froid-vegastar\/\"]}]},{\"@type\":\"BreadcrumbList\",\"@id\":\"https:\/\/www.promostar.it\/fr\/prodotto\/ligne-de-laminage-a-froid-vegastar\/#breadcrumb\",\"itemListElement\":[{\"@type\":\"ListItem\",\"position\":1,\"name\":\"Home\",\"item\":\"https:\/\/www.promostar.it\/fr\/\"},{\"@type\":\"ListItem\",\"position\":2,\"name\":\"Produits\",\"item\":\"https:\/\/www.promostar.it\/fr\/shop\/\"},{\"@type\":\"ListItem\",\"position\":3,\"name\":\"Ligne de laminage \u00e0 froid Vegastar\"}]},{\"@type\":\"WebSite\",\"@id\":\"https:\/\/www.promostar.it\/fr\/#website\",\"url\":\"https:\/\/www.promostar.it\/fr\/\",\"name\":\"PromoStar S.r.l.\",\"description\":\"Promostar \u00e8 l\u2019azienda leader e la prima ad introdurre il processo di stiratura\",\"publisher\":{\"@id\":\"https:\/\/www.promostar.it\/fr\/#organization\"},\"potentialAction\":[{\"@type\":\"SearchAction\",\"target\":{\"@type\":\"EntryPoint\",\"urlTemplate\":\"https:\/\/www.promostar.it\/fr\/?s={search_term_string}\"},\"query-input\":\"required name=search_term_string\"}],\"inLanguage\":\"fr-FR\"},{\"@type\":\"Organization\",\"@id\":\"https:\/\/www.promostar.it\/fr\/#organization\",\"name\":\"Promostar\",\"url\":\"https:\/\/www.promostar.it\/fr\/\",\"logo\":{\"@type\":\"ImageObject\",\"inLanguage\":\"fr-FR\",\"@id\":\"https:\/\/www.promostar.it\/fr\/#\/schema\/logo\/image\/\",\"url\":\"https:\/\/www.promostar.it\/wp-content\/uploads\/2020\/10\/promostar-logo.png\",\"contentUrl\":\"https:\/\/www.promostar.it\/wp-content\/uploads\/2020\/10\/promostar-logo.png\",\"width\":210,\"height\":69,\"caption\":\"Promostar\"},\"image\":{\"@id\":\"https:\/\/www.promostar.it\/fr\/#\/schema\/logo\/image\/\"}}]}<\/script>\n<!-- \/ Yoast SEO plugin. -->","yoast_head_json":{"title":"Ligne de laminage \u00e0 froid Vegastar | Promostar","description":"La ligne de laminage \u00e0 froid Vegastar repr\u00e9sente la ligne parfaite pour la production de bobines de fil d'acier lamin\u00e9 \u00e0 froid, torsad\u00e9 et crant\u00e9","robots":{"index":"index","follow":"follow","max-snippet":"max-snippet:-1","max-image-preview":"max-image-preview:large","max-video-preview":"max-video-preview:-1"},"canonical":"https:\/\/www.promostar.it\/fr\/prodotto\/ligne-de-laminage-a-froid-vegastar\/","og_locale":"fr_FR","og_type":"article","og_title":"Ligne de laminage \u00e0 froid Vegastar | Promostar","og_description":"La ligne de laminage \u00e0 froid Vegastar repr\u00e9sente la ligne parfaite pour la production de bobines de fil d'acier lamin\u00e9 \u00e0 froid, torsad\u00e9 et crant\u00e9","og_url":"https:\/\/www.promostar.it\/fr\/prodotto\/ligne-de-laminage-a-froid-vegastar\/","og_site_name":"PromoStar S.r.l.","article_modified_time":"2024-11-18T15:28:35+00:00","og_image":[{"width":800,"height":800,"url":"https:\/\/www.promostar.it\/wp-content\/uploads\/2021\/11\/vegastar.jpg","type":"image\/jpeg"}],"twitter_card":"summary_large_image","twitter_misc":{"Dur\u00e9e de lecture estim\u00e9e":"1 minute"},"schema":{"@context":"https:\/\/schema.org","@graph":[{"@type":"WebPage","@id":"https:\/\/www.promostar.it\/fr\/prodotto\/ligne-de-laminage-a-froid-vegastar\/","url":"https:\/\/www.promostar.it\/fr\/prodotto\/ligne-de-laminage-a-froid-vegastar\/","name":"Ligne de laminage \u00e0 froid Vegastar | Promostar","isPartOf":{"@id":"https:\/\/www.promostar.it\/fr\/#website"},"datePublished":"2021-11-03T14:22:07+00:00","dateModified":"2024-11-18T15:28:35+00:00","description":"La ligne de laminage \u00e0 froid Vegastar repr\u00e9sente la ligne parfaite pour la production de bobines de fil d'acier lamin\u00e9 \u00e0 froid, torsad\u00e9 et crant\u00e9","breadcrumb":{"@id":"https:\/\/www.promostar.it\/fr\/prodotto\/ligne-de-laminage-a-froid-vegastar\/#breadcrumb"},"inLanguage":"fr-FR","potentialAction":[{"@type":"ReadAction","target":["https:\/\/www.promostar.it\/fr\/prodotto\/ligne-de-laminage-a-froid-vegastar\/"]}]},{"@type":"BreadcrumbList","@id":"https:\/\/www.promostar.it\/fr\/prodotto\/ligne-de-laminage-a-froid-vegastar\/#breadcrumb","itemListElement":[{"@type":"ListItem","position":1,"name":"Home","item":"https:\/\/www.promostar.it\/fr\/"},{"@type":"ListItem","position":2,"name":"Produits","item":"https:\/\/www.promostar.it\/fr\/shop\/"},{"@type":"ListItem","position":3,"name":"Ligne de laminage \u00e0 froid Vegastar"}]},{"@type":"WebSite","@id":"https:\/\/www.promostar.it\/fr\/#website","url":"https:\/\/www.promostar.it\/fr\/","name":"PromoStar S.r.l.","description":"Promostar \u00e8 l\u2019azienda leader e la prima ad introdurre il processo di stiratura","publisher":{"@id":"https:\/\/www.promostar.it\/fr\/#organization"},"potentialAction":[{"@type":"SearchAction","target":{"@type":"EntryPoint","urlTemplate":"https:\/\/www.promostar.it\/fr\/?s={search_term_string}"},"query-input":"required name=search_term_string"}],"inLanguage":"fr-FR"},{"@type":"Organization","@id":"https:\/\/www.promostar.it\/fr\/#organization","name":"Promostar","url":"https:\/\/www.promostar.it\/fr\/","logo":{"@type":"ImageObject","inLanguage":"fr-FR","@id":"https:\/\/www.promostar.it\/fr\/#\/schema\/logo\/image\/","url":"https:\/\/www.promostar.it\/wp-content\/uploads\/2020\/10\/promostar-logo.png","contentUrl":"https:\/\/www.promostar.it\/wp-content\/uploads\/2020\/10\/promostar-logo.png","width":210,"height":69,"caption":"Promostar"},"image":{"@id":"https:\/\/www.promostar.it\/fr\/#\/schema\/logo\/image\/"}}]}},"_links":{"self":[{"href":"https:\/\/www.promostar.it\/fr\/wp-json\/wp\/v3\/product\/5557"}],"collection":[{"href":"https:\/\/www.promostar.it\/fr\/wp-json\/wp\/v3\/product"}],"about":[{"href":"https:\/\/www.promostar.it\/fr\/wp-json\/wp\/v2\/types\/product"}],"wp:featuredmedia":[{"embeddable":true,"href":"https:\/\/www.promostar.it\/fr\/wp-json\/wp\/v2\/media\/3756"}],"wp:attachment":[{"href":"https:\/\/www.promostar.it\/fr\/wp-json\/wp\/v2\/media?parent=5557"}],"wp:term":[{"taxonomy":"product_cat","embeddable":true,"href":"https:\/\/www.promostar.it\/fr\/wp-json\/wp\/v2\/product_cat?post=5557"},{"taxonomy":"product_tag","embeddable":true,"href":"https:\/\/www.promostar.it\/fr\/wp-json\/wp\/v2\/product_tag?post=5557"}],"curies":[{"name":"wp","href":"https:\/\/api.w.org\/{rel}","templated":true}]}}