{"id":5556,"date":"2021-11-03T15:34:24","date_gmt":"2021-11-03T14:34:24","guid":{"rendered":"https:\/\/www.promostar.it\/prodotto\/ligne-detirage-a-froid-et-de-rembobinage-argostar\/"},"modified":"2024-11-18T16:19:18","modified_gmt":"2024-11-18T15:19:18","slug":"ligne-detirage-a-froid-et-de-rembobinage-argostar","status":"publish","type":"product","link":"https:\/\/www.promostar.it\/fr\/prodotto\/ligne-detirage-a-froid-et-de-rembobinage-argostar\/","title":{"rendered":"Ligne d\u2019\u00e9tirage \u00e0 froid et de rembobinage Argostar"},"content":{"rendered":"<p>[et_pb_section fb_built=\u00a0\u00bb1&Prime; _builder_version=\u00a0\u00bb4.17.0&Prime; _module_preset=\u00a0\u00bbdefault\u00a0\u00bb global_colors_info=\u00a0\u00bb{}\u00a0\u00bb][\/et_pb_section]<\/p>\n","protected":false},"excerpt":{"rendered":"<p>La <strong>ligne d&rsquo;\u00e9tirage \u00e0 froid et de rembobinage Argostar<\/strong> est la ligne id\u00e9ale pour <strong>produire des bobines de fil d&rsquo;acier \u00e9tir\u00e9 torsad\u00e9<\/strong>, \u00e0 utiliser dans des produits comme les treillis soud\u00e9s de renforcement, les \u00e9triers, les cages et les poutrelles en treillis pour la construction civile et industrielle, les fondations et l&rsquo;industrie de la pr\u00e9fabrication.<\/p>\n<p><strong>La ligne d&rsquo;\u00e9tirage \u00e0 froid et de rembobinage Argostar combine le processus d&rsquo;\u00e9tirage des barres d&rsquo;armature en bobine<\/strong> avec la mise en bobine du fil arm\u00e9 \u00e9tir\u00e9 au poids de bobine souhait\u00e9. Elle est \u00e9galement utilis\u00e9e pour le <strong>rembobinage<\/strong> dans les cas o\u00f9 il n&rsquo;est pas n\u00e9cessaire d&rsquo;augmenter les propri\u00e9t\u00e9s m\u00e9caniques du mat\u00e9riau, mais seulement d&rsquo;obtenir des <strong>bobines tr\u00e8s compactes<\/strong>.<\/p>\n<p>La forme et les d\u00e9tails techniques de la ligne permettent de produire des bobines \u00e9tir\u00e9es \u00e0 froid de haute qualit\u00e9 avec d&rsquo;excellentes propri\u00e9t\u00e9s m\u00e9caniques. Le produit final <strong>peut alimenter n&rsquo;importe quel type de machine de soudage de treillis d&rsquo;armature ou d&rsquo;\u00e9quipement de coupe et de cintrage<\/strong>.<\/p>\n<p>Le c\u0153ur de la machine est constitu\u00e9 du double <u>bullblock<\/u> et du corps Argostar.<\/p>\n","protected":false},"featured_media":3753,"template":"","meta":{"_et_pb_use_builder":"on","_et_pb_old_content":"La <strong>ligne d'\u00e9tirage \u00e0 froid et de rembobinage Argostar<\/strong> est la ligne id\u00e9ale pour <strong>produire des bobines de fil d'acier \u00e9tir\u00e9 torsad\u00e9<\/strong>, \u00e0 utiliser dans des produits comme les treillis soud\u00e9s de renforcement, les \u00e9triers, les cages et les poutrelles en treillis pour la construction civile et industrielle, les fondations et l'industrie de la pr\u00e9fabrication.\n\n<strong>La ligne d'\u00e9tirage \u00e0 froid et de rembobinage Argostar combine le processus d'\u00e9tirage des barres d'armature en bobine<\/strong> avec la mise en bobine du fil arm\u00e9 \u00e9tir\u00e9 au poids de bobine souhait\u00e9. Elle est \u00e9galement utilis\u00e9e pour le <strong>rembobinage<\/strong> dans les cas o\u00f9 il n'est pas n\u00e9cessaire d'augmenter les propri\u00e9t\u00e9s m\u00e9caniques du mat\u00e9riau, mais seulement d'obtenir des <strong>bobines tr\u00e8s compactes<\/strong>.\n\nLa forme et les d\u00e9tails techniques de la ligne permettent de produire des bobines \u00e9tir\u00e9es \u00e0 froid de haute qualit\u00e9 avec d'excellentes propri\u00e9t\u00e9s m\u00e9caniques. Le produit final <strong>peut alimenter n'importe quel type de machine de soudage de treillis d'armature ou d'\u00e9quipement de coupe et de cintrage<\/strong>.\n\nLe c\u0153ur de la machine est constitu\u00e9 du double <a href=\"https:\/\/www.promostar.it\/prodotto\/pulling-bull-blocks\/\"><u>bullblock<\/u><\/a> et du corps Argostar.\n\nLe double <a href=\"https:\/\/www.promostar.it\/prodotto\/pulling-bull-blocks\/\"><u>bullblock<\/u><\/a> est compos\u00e9 de deux <a href=\"https:\/\/www.promostar.it\/prodotto\/pulling-bull-blocks\/\"><u>bullblocks<\/u><\/a> \u00e0 axe vertical qui, gr\u00e2ce \u00e0 leur position, forcent le fil \u00e0 suivre une trajectoire en \"S\", avec l'avantage d'utiliser le syst\u00e8me pour tirer le fil \u00e0 travers les panneaux d'\u00e9tirage et de donner un degr\u00e9 d'\u00e9tirement suppl\u00e9mentaire au mat\u00e9riau. Les cabestans de tr\u00e9filage sont de type V (avec la possibilit\u00e9 d'installer \u00e9galement des cabestans lisses pour la production de laminage \u00e0 froid) et permettent de produire des bobines de fil d'acier \u00e9tir\u00e9es \u00e0 froid d'un diam\u00e8tre allant de \u00d86 \u00e0 \u00d820 mm et d'une capacit\u00e9 de poids allant jusqu'\u00e0 8 tonnes.\n\nLe fil machine, tir\u00e9 par le <a href=\"https:\/\/www.promostar.it\/prodotto\/pulling-bull-blocks\/\"><u>bullblock<\/u><\/a> \u00e0 hautes performances et pilot\u00e9 par le PLC de derni\u00e8re g\u00e9n\u00e9ration, est \u00e9tir\u00e9 \u00e0 froid par les deux <u>panneaux d'\u00e9tirage<\/u> plac\u00e9s \u00e0 l'int\u00e9rieur de l'Argostar, qui sont orient\u00e9s \u00e0 90 degr\u00e9s l'un par rapport \u00e0 l'autre (pour garantir un allongement uniforme sur toute la surface du fil) et qui (en fonction du degr\u00e9 d'\u00e9tirage programm\u00e9 sur le panneau de contr\u00f4le) am\u00e9liorent les propri\u00e9t\u00e9s m\u00e9caniques finales du fil.\n\nLa machine peut \u00e9galement \u00eatre \u00e9quip\u00e9e d'une <a href=\"https:\/\/www.promostar.it\/prodotto\/rolling-cassettes\/\"><u>cassette de laminage<\/u><\/a> (\u00e0 la place des <u>panneaux d'\u00e9tirage<\/u>) pour produire du fil de laminage \u00e0 froid \u00e0 partir d'un mat\u00e9riau brut.\n\nTous les syst\u00e8mes \u00e9lectriques, hydrauliques et de lubrification sont install\u00e9s \u00e0 l'int\u00e9rieur de la machine afin de simplifier l'entretien de la ligne.\n\nAu d\u00e9but de la machine, un syst\u00e8me de d\u00e9bobinage (avec une <a href=\"https:\/\/www.promostar.it\/prodotto\/wire-pay-off-systems\/\"><u>tour de d\u00e9bobinage verticale<\/u><\/a> \u00e0 <u>deux doigts inclin\u00e9s<\/u> ou avec une <a href=\"https:\/\/www.promostar.it\/prodotto\/wire-pay-off-systems\/\"><u>poutre de d\u00e9bobinage horizontale<\/u><\/a>, en fonction de la taille des fils) est utilis\u00e9 pour alimenter la machine avec le fil lisse produit dans le processus de laminage \u00e0 chaud.\n\nD'autres dispositifs, tels que la machine \u00e0 <a href=\"https:\/\/www.promostar.it\/prodotto\/descalers\/\"><u>d\u00e9calaminer m\u00e9canique<\/u><\/a> ou la <a href=\"http:\/\/wire%20lubricant\"><u>machine \u00e0 lubrifier le tr\u00e9filage<\/u><\/a>, peuvent \u00eatre aussi inclus.\n\n\u00c0 la sortie, une <a href=\"https:\/\/www.promostar.it\/prodotto\/horizontal-spooler-machines\/\"><u>bobineuse<\/u><\/a> \u00e0 axes horizontaux ou verticaux r\u00e9alise l'enroulement du fil sur les bobines.\n\nAu plus haut niveau d'automatisation de nos installations, la machine mentionn\u00e9e ci-dessus peut \u00eatre \u00e9quip\u00e9e de <a href=\"https:\/\/www.promostar.it\/prodotto\/vertical-automatic-spooler-machine\/\"><u>bobineuses<\/u> <span style=\"text-decoration: underline\">verticales automatiques<\/span><\/a> qui effectuent toutes les op\u00e9rations telles que : l'enfilage du fil, la coupe, le changement de bobines, le pr\u00e9l\u00e8vement d'\u00e9chantillons, le cerclage, l'\u00e9tiquetage et le pesage des bobines sans aucune intervention de l'op\u00e9rateur.\n\nLa forme et les d\u00e9tails techniques de nos lignes permettent de produire des <strong>bobines de laminage \u00e0 froid de haute qualit\u00e9, conditionn\u00e9es en bobines <u><a href=\"https:\/\/www.promostar.it\/prodotto\/electrical-mechanical-revamping-and-refurbishment\/\">fixes<\/a><\/u> ou <a href=\"https:\/\/www.promostar.it\/prodotto\/collapsible-spools-take-a-part-reels\/\"><u>d\u00e9montables<\/u><\/a><\/strong> avec un poids pouvant \u00eatre r\u00e9gl\u00e9 jusqu\u2019\u00e0 8 tonnes. G\u00e9n\u00e9ralement, les bobines produites sont utilis\u00e9es pour la fabrication de treillis d'armature, d'\u00e9triers, de cages et de poutrelles en treillis pour la construction civile et industrielle, les fondations et l'industrie de la pr\u00e9fabrication.","_et_gb_content_width":""},"product_cat":[147,148],"product_tag":[],"yoast_head":"<!-- This site is optimized with the Yoast SEO plugin v20.5 - https:\/\/yoast.com\/wordpress\/plugins\/seo\/ -->\n<title>Ligne d\u2019\u00e9tirage \u00e0 froid et de rembobinage Argostar | Promostar<\/title>\n<meta name=\"description\" content=\"La ligne d&#039;\u00e9tirage \u00e0 froid et de rembobinage Argostar est la ligne id\u00e9ale pour produire des bobines de fil d&#039;acier \u00e9tir\u00e9 torsad\u00e9, \u00e0 utiliser dans des produits comme les treillis soud\u00e9s de renforcement, les \u00e9triers, les cages et les poutrelles en treillis pour la construction civile et industrielle, les fondations et l&#039;industrie de la pr\u00e9fabrication.\" \/>\n<meta name=\"robots\" content=\"index, follow, max-snippet:-1, max-image-preview:large, max-video-preview:-1\" \/>\n<link rel=\"canonical\" href=\"https:\/\/www.promostar.it\/fr\/prodotto\/ligne-detirage-a-froid-et-de-rembobinage-argostar\/\" \/>\n<meta property=\"og:locale\" content=\"fr_FR\" \/>\n<meta property=\"og:type\" content=\"article\" \/>\n<meta property=\"og:title\" content=\"Ligne d\u2019\u00e9tirage \u00e0 froid et de rembobinage Argostar | Promostar\" \/>\n<meta property=\"og:description\" content=\"La ligne d&#039;\u00e9tirage \u00e0 froid et de rembobinage Argostar est la ligne id\u00e9ale pour produire des bobines de fil d&#039;acier \u00e9tir\u00e9 torsad\u00e9, \u00e0 utiliser dans des produits comme les treillis soud\u00e9s de renforcement, les \u00e9triers, les cages et les poutrelles en treillis pour la construction civile et industrielle, les fondations et l&#039;industrie de la pr\u00e9fabrication.\" \/>\n<meta property=\"og:url\" content=\"https:\/\/www.promostar.it\/fr\/prodotto\/ligne-detirage-a-froid-et-de-rembobinage-argostar\/\" \/>\n<meta property=\"og:site_name\" content=\"PromoStar S.r.l.\" \/>\n<meta property=\"article:modified_time\" content=\"2024-11-18T15:19:18+00:00\" \/>\n<meta property=\"og:image\" content=\"https:\/\/www.promostar.it\/wp-content\/uploads\/2021\/11\/argostar.jpg\" \/>\n\t<meta property=\"og:image:width\" content=\"800\" \/>\n\t<meta property=\"og:image:height\" content=\"800\" \/>\n\t<meta property=\"og:image:type\" content=\"image\/jpeg\" \/>\n<meta name=\"twitter:card\" content=\"summary_large_image\" \/>\n<script type=\"application\/ld+json\" class=\"yoast-schema-graph\">{\"@context\":\"https:\/\/schema.org\",\"@graph\":[{\"@type\":\"WebPage\",\"@id\":\"https:\/\/www.promostar.it\/fr\/prodotto\/ligne-detirage-a-froid-et-de-rembobinage-argostar\/\",\"url\":\"https:\/\/www.promostar.it\/fr\/prodotto\/ligne-detirage-a-froid-et-de-rembobinage-argostar\/\",\"name\":\"Ligne d\u2019\u00e9tirage \u00e0 froid et de rembobinage Argostar | Promostar\",\"isPartOf\":{\"@id\":\"https:\/\/www.promostar.it\/fr\/#website\"},\"datePublished\":\"2021-11-03T14:34:24+00:00\",\"dateModified\":\"2024-11-18T15:19:18+00:00\",\"description\":\"La ligne d'\u00e9tirage \u00e0 froid et de rembobinage Argostar est la ligne id\u00e9ale pour produire des bobines de fil d'acier \u00e9tir\u00e9 torsad\u00e9, \u00e0 utiliser dans des produits comme les treillis soud\u00e9s de renforcement, les \u00e9triers, les cages et les poutrelles en treillis pour la construction civile et industrielle, les fondations et l'industrie de la pr\u00e9fabrication.\",\"breadcrumb\":{\"@id\":\"https:\/\/www.promostar.it\/fr\/prodotto\/ligne-detirage-a-froid-et-de-rembobinage-argostar\/#breadcrumb\"},\"inLanguage\":\"fr-FR\",\"potentialAction\":[{\"@type\":\"ReadAction\",\"target\":[\"https:\/\/www.promostar.it\/fr\/prodotto\/ligne-detirage-a-froid-et-de-rembobinage-argostar\/\"]}]},{\"@type\":\"BreadcrumbList\",\"@id\":\"https:\/\/www.promostar.it\/fr\/prodotto\/ligne-detirage-a-froid-et-de-rembobinage-argostar\/#breadcrumb\",\"itemListElement\":[{\"@type\":\"ListItem\",\"position\":1,\"name\":\"Home\",\"item\":\"https:\/\/www.promostar.it\/fr\/home-2\/\"},{\"@type\":\"ListItem\",\"position\":2,\"name\":\"Produits\",\"item\":\"https:\/\/www.promostar.it\/fr\/shop\/\"},{\"@type\":\"ListItem\",\"position\":3,\"name\":\"Ligne d\u2019\u00e9tirage \u00e0 froid et de rembobinage Argostar\"}]},{\"@type\":\"WebSite\",\"@id\":\"https:\/\/www.promostar.it\/fr\/#website\",\"url\":\"https:\/\/www.promostar.it\/fr\/\",\"name\":\"PromoStar S.r.l.\",\"description\":\"Promostar \u00e8 l\u2019azienda leader e la prima ad introdurre il processo di stiratura\",\"publisher\":{\"@id\":\"https:\/\/www.promostar.it\/fr\/#organization\"},\"potentialAction\":[{\"@type\":\"SearchAction\",\"target\":{\"@type\":\"EntryPoint\",\"urlTemplate\":\"https:\/\/www.promostar.it\/fr\/?s={search_term_string}\"},\"query-input\":\"required name=search_term_string\"}],\"inLanguage\":\"fr-FR\"},{\"@type\":\"Organization\",\"@id\":\"https:\/\/www.promostar.it\/fr\/#organization\",\"name\":\"Promostar\",\"url\":\"https:\/\/www.promostar.it\/fr\/\",\"logo\":{\"@type\":\"ImageObject\",\"inLanguage\":\"fr-FR\",\"@id\":\"https:\/\/www.promostar.it\/fr\/#\/schema\/logo\/image\/\",\"url\":\"https:\/\/www.promostar.it\/wp-content\/uploads\/2020\/10\/promostar-logo.png\",\"contentUrl\":\"https:\/\/www.promostar.it\/wp-content\/uploads\/2020\/10\/promostar-logo.png\",\"width\":210,\"height\":69,\"caption\":\"Promostar\"},\"image\":{\"@id\":\"https:\/\/www.promostar.it\/fr\/#\/schema\/logo\/image\/\"}}]}<\/script>\n<!-- \/ Yoast SEO plugin. -->","yoast_head_json":{"title":"Ligne d\u2019\u00e9tirage \u00e0 froid et de rembobinage Argostar | Promostar","description":"La ligne d'\u00e9tirage \u00e0 froid et de rembobinage Argostar est la ligne id\u00e9ale pour produire des bobines de fil d'acier \u00e9tir\u00e9 torsad\u00e9, \u00e0 utiliser dans des produits comme les treillis soud\u00e9s de renforcement, les \u00e9triers, les cages et les poutrelles en treillis pour la construction civile et industrielle, les fondations et l'industrie de la pr\u00e9fabrication.","robots":{"index":"index","follow":"follow","max-snippet":"max-snippet:-1","max-image-preview":"max-image-preview:large","max-video-preview":"max-video-preview:-1"},"canonical":"https:\/\/www.promostar.it\/fr\/prodotto\/ligne-detirage-a-froid-et-de-rembobinage-argostar\/","og_locale":"fr_FR","og_type":"article","og_title":"Ligne d\u2019\u00e9tirage \u00e0 froid et de rembobinage Argostar | Promostar","og_description":"La ligne d'\u00e9tirage \u00e0 froid et de rembobinage Argostar est la ligne id\u00e9ale pour produire des bobines de fil d'acier \u00e9tir\u00e9 torsad\u00e9, \u00e0 utiliser dans des produits comme les treillis soud\u00e9s de renforcement, les \u00e9triers, les cages et les poutrelles en treillis pour la construction civile et industrielle, les fondations et l'industrie de la pr\u00e9fabrication.","og_url":"https:\/\/www.promostar.it\/fr\/prodotto\/ligne-detirage-a-froid-et-de-rembobinage-argostar\/","og_site_name":"PromoStar S.r.l.","article_modified_time":"2024-11-18T15:19:18+00:00","og_image":[{"width":800,"height":800,"url":"https:\/\/www.promostar.it\/wp-content\/uploads\/2021\/11\/argostar.jpg","type":"image\/jpeg"}],"twitter_card":"summary_large_image","schema":{"@context":"https:\/\/schema.org","@graph":[{"@type":"WebPage","@id":"https:\/\/www.promostar.it\/fr\/prodotto\/ligne-detirage-a-froid-et-de-rembobinage-argostar\/","url":"https:\/\/www.promostar.it\/fr\/prodotto\/ligne-detirage-a-froid-et-de-rembobinage-argostar\/","name":"Ligne d\u2019\u00e9tirage \u00e0 froid et de rembobinage Argostar | Promostar","isPartOf":{"@id":"https:\/\/www.promostar.it\/fr\/#website"},"datePublished":"2021-11-03T14:34:24+00:00","dateModified":"2024-11-18T15:19:18+00:00","description":"La ligne d'\u00e9tirage \u00e0 froid et de rembobinage Argostar est la ligne id\u00e9ale pour produire des bobines de fil d'acier \u00e9tir\u00e9 torsad\u00e9, \u00e0 utiliser dans des produits comme les treillis soud\u00e9s de renforcement, les \u00e9triers, les cages et les poutrelles en treillis pour la construction civile et industrielle, les fondations et l'industrie de la pr\u00e9fabrication.","breadcrumb":{"@id":"https:\/\/www.promostar.it\/fr\/prodotto\/ligne-detirage-a-froid-et-de-rembobinage-argostar\/#breadcrumb"},"inLanguage":"fr-FR","potentialAction":[{"@type":"ReadAction","target":["https:\/\/www.promostar.it\/fr\/prodotto\/ligne-detirage-a-froid-et-de-rembobinage-argostar\/"]}]},{"@type":"BreadcrumbList","@id":"https:\/\/www.promostar.it\/fr\/prodotto\/ligne-detirage-a-froid-et-de-rembobinage-argostar\/#breadcrumb","itemListElement":[{"@type":"ListItem","position":1,"name":"Home","item":"https:\/\/www.promostar.it\/fr\/home-2\/"},{"@type":"ListItem","position":2,"name":"Produits","item":"https:\/\/www.promostar.it\/fr\/shop\/"},{"@type":"ListItem","position":3,"name":"Ligne d\u2019\u00e9tirage \u00e0 froid et de rembobinage Argostar"}]},{"@type":"WebSite","@id":"https:\/\/www.promostar.it\/fr\/#website","url":"https:\/\/www.promostar.it\/fr\/","name":"PromoStar S.r.l.","description":"Promostar \u00e8 l\u2019azienda leader e la prima ad introdurre il processo di stiratura","publisher":{"@id":"https:\/\/www.promostar.it\/fr\/#organization"},"potentialAction":[{"@type":"SearchAction","target":{"@type":"EntryPoint","urlTemplate":"https:\/\/www.promostar.it\/fr\/?s={search_term_string}"},"query-input":"required name=search_term_string"}],"inLanguage":"fr-FR"},{"@type":"Organization","@id":"https:\/\/www.promostar.it\/fr\/#organization","name":"Promostar","url":"https:\/\/www.promostar.it\/fr\/","logo":{"@type":"ImageObject","inLanguage":"fr-FR","@id":"https:\/\/www.promostar.it\/fr\/#\/schema\/logo\/image\/","url":"https:\/\/www.promostar.it\/wp-content\/uploads\/2020\/10\/promostar-logo.png","contentUrl":"https:\/\/www.promostar.it\/wp-content\/uploads\/2020\/10\/promostar-logo.png","width":210,"height":69,"caption":"Promostar"},"image":{"@id":"https:\/\/www.promostar.it\/fr\/#\/schema\/logo\/image\/"}}]}},"_links":{"self":[{"href":"https:\/\/www.promostar.it\/fr\/wp-json\/wp\/v3\/product\/5556"}],"collection":[{"href":"https:\/\/www.promostar.it\/fr\/wp-json\/wp\/v3\/product"}],"about":[{"href":"https:\/\/www.promostar.it\/fr\/wp-json\/wp\/v2\/types\/product"}],"wp:featuredmedia":[{"embeddable":true,"href":"https:\/\/www.promostar.it\/fr\/wp-json\/wp\/v2\/media\/3753"}],"wp:attachment":[{"href":"https:\/\/www.promostar.it\/fr\/wp-json\/wp\/v2\/media?parent=5556"}],"wp:term":[{"taxonomy":"product_cat","embeddable":true,"href":"https:\/\/www.promostar.it\/fr\/wp-json\/wp\/v2\/product_cat?post=5556"},{"taxonomy":"product_tag","embeddable":true,"href":"https:\/\/www.promostar.it\/fr\/wp-json\/wp\/v2\/product_tag?post=5556"}],"curies":[{"name":"wp","href":"https:\/\/api.w.org\/{rel}","templated":true}]}}