{"id":5555,"date":"2021-11-03T15:46:59","date_gmt":"2021-11-03T14:46:59","guid":{"rendered":"https:\/\/www.promostar.it\/prodotto\/ligne-de-trefilage-a-froid-maiastar-do\/"},"modified":"2023-04-14T16:16:27","modified_gmt":"2023-04-14T14:16:27","slug":"ligne-de-trefilage-a-froid-maiastar-do","status":"publish","type":"product","link":"https:\/\/www.promostar.it\/fr\/prodotto\/ligne-de-trefilage-a-froid-maiastar-do\/","title":{"rendered":"Ligne de tr\u00e9filage \u00e0 froid Maiastar DO"},"content":{"rendered":"<p>[et_pb_section fb_built=\u00a0\u00bb1&Prime; _builder_version=\u00a0\u00bb4.17.0&Prime; _module_preset=\u00a0\u00bbdefault\u00a0\u00bb global_colors_info=\u00a0\u00bb{}\u00a0\u00bb][\/et_pb_section]<\/p>\n","protected":false},"excerpt":{"rendered":"<p>La <strong>ligne de tr\u00e9filage \u00e0 froid Maiastar DO<\/strong> est la ligne id\u00e9ale pour <strong>produire des rouleaux ou des bobines de tr\u00e9filage lisse<\/strong>, \u00e0 utiliser dans des produits tels que le fil recuit, le grillage de cl\u00f4ture, le fil \u00e0 ressort, les clous, le fil galvanis\u00e9, pour le march\u00e9 industriel et agricole<\/p>\n<p><strong>La ligne de tr\u00e9filage \u00e0 froid Maiastar DO combine le processus de tr\u00e9filage du fil machine avec le bobinage du fil<\/strong> de tr\u00e9filage \u00e0 froid jusqu&rsquo;au poids de la bobine souhait\u00e9.<\/p>\n<p>La forme et les d\u00e9tails techniques de la ligne permettent de produire des bobines de tr\u00e9filage \u00e0 froid de haute qualit\u00e9 avec d&rsquo;excellentes propri\u00e9t\u00e9s m\u00e9caniques et g\u00e9om\u00e9triques. Le produit final <strong>peut alimenter n&rsquo;importe quel type de machine<\/strong>.<\/p>\n<p>La machine Maiastar DO est notre solution de haut niveau pour la production de bobines de fil d&rsquo;acier tr\u00e9fil\u00e9 \u00e0 froid.<\/p>\n","protected":false},"featured_media":3750,"template":"","meta":{"_et_pb_use_builder":"on","_et_pb_old_content":"La <strong>ligne de tr\u00e9filage \u00e0 froid Maiastar DO<\/strong> est la ligne id\u00e9ale pour <strong>produire des rouleaux ou des bobines de tr\u00e9filage lisse<\/strong>, \u00e0 utiliser dans des produits tels que le fil recuit, le grillage de cl\u00f4ture, le fil \u00e0 ressort, les clous, le fil galvanis\u00e9, pour le march\u00e9 industriel et agricole\n\n<strong>La ligne de tr\u00e9filage \u00e0 froid Maiastar DO combine le processus de tr\u00e9filage du fil machine avec le bobinage du fil<\/strong> de tr\u00e9filage \u00e0 froid jusqu'au poids de la bobine souhait\u00e9.\n\nLa forme et les d\u00e9tails techniques de la ligne permettent de produire des bobines de tr\u00e9filage \u00e0 froid de haute qualit\u00e9 avec d'excellentes propri\u00e9t\u00e9s m\u00e9caniques et g\u00e9om\u00e9triques. Le produit final <strong>peut alimenter n'importe quel type de machine<\/strong>.\n\nLa machine Maiastar DO est notre solution de haut niveau pour la production de bobines de fil d'acier tr\u00e9fil\u00e9 \u00e0 froid.\n\nLe c\u0153ur de la machine est le Maiastar qui consiste en une s\u00e9rie de cabestans modulaires inclin\u00e9s interconnect\u00e9s avec des axes horizontaux, dont le mouvement est r\u00e9gul\u00e9 et synchronis\u00e9 par un bras de tension \u00e0 centrage automatique. Le nombre de blocs de cabestan d\u00e9pend du diam\u00e8tre final du fil \u00e0 produire, allant de 3 \u00e0 15 <a href=\"https:\/\/www.promostar.it\/prodotto\/pulling-bull-blocks\/\"><u>bullblocks<\/u><\/a> de traction. Cette machine, \u00e9galement connue sur le march\u00e9 sous le nom de machine multipasse, peut produire du fil lisse jusqu'\u00e0 une taille minimale de \u00d81mm et une capacit\u00e9 de poids des rouleaux ou des bobines allant jusqu'\u00e0 3 tonnes.\n\nLe fil machine, tir\u00e9 par le <a href=\"https:\/\/www.promostar.it\/prodotto\/pulling-bull-blocks\/\"><u>bullblock<\/u><\/a> de haute performance et contr\u00f4l\u00e9 par un PLC de derni\u00e8re technologie, est lamin\u00e9 \u00e0 froid par des <a href=\"https:\/\/www.promostar.it\/prodotto\/die-drawing-boxes\/\"><u>bo\u00eetes de tr\u00e9filage<\/u><\/a> ou par des <a href=\"https:\/\/www.promostar.it\/prodotto\/rolling-cassettes\/\"><u>cassettes de laminage<\/u><\/a> ou par une combinaison des deux (un dispositif pour chaque bloc de cabestan) qui r\u00e9duisent le diam\u00e8tre \u00e0 la taille d\u00e9sir\u00e9e en am\u00e9liorant les propri\u00e9t\u00e9s m\u00e9caniques et la rondeur du fil.\n\nUn syst\u00e8me efficace de <strong>refroidissement<\/strong> par <strong>eau sous pression<\/strong> refroidit le cabestan en interne.\n\nChaque surface du cabestan est \u00e9galement <strong>refroidie individuellement par un ventilateur<\/strong>, mont\u00e9 \u00e0 l'int\u00e9rieur de chaque bloc, qui, en conjonction avec un convoyeur annulaire, produit un effet suppl\u00e9mentaire de refroidissement par air sur le fil enroul\u00e9 sur le cabestan.\n\nLa ligne multipasse compl\u00e8te est con\u00e7ue sur le plan m\u00e9canique et \u00e9lectrique pour <strong>permettre la production de fils de sortie sans utiliser tous les bullblocks<\/strong> pr\u00e9sents sur la ligne.\n\nTous les syst\u00e8mes \u00e9lectriques, hydrauliques et de lubrification sont install\u00e9s \u00e0 l'int\u00e9rieur de la machine afin de simplifier l'entretien de la ligne.\n\nLe corps de la machine est prot\u00e9g\u00e9 par des protecteurs mobiles totalement ferm\u00e9s qui int\u00e8grent des contacts pour des interrupteurs de fin de course qui verrouillent \u00e9lectriquement la ligne et l'arr\u00eatent automatiquement si les structures de protection sont ouvertes pendant le fonctionnement normal (automatique). Les protections ont \u00e9t\u00e9 con\u00e7ues pour permettre un acc\u00e8s facile pour les phases de maintenance et une visibilit\u00e9 compl\u00e8te lorsque la ligne est en fonctionnement.\n\nAu d\u00e9but de la machine, un <a href=\"https:\/\/www.promostar.it\/prodotto\/wire-pay-off-systems\/\"><u>syst\u00e8me de d\u00e9vidage<\/u><\/a> avec une tour de d\u00e9vidage verticale \u00e0 deux <u>doigts basculants<\/u> est utilis\u00e9 pour alimenter la machine avec le fil lisse produit dans le processus de laminage \u00e0 chaud.\n\nD'autres dispositifs, comme une <a href=\"https:\/\/www.promostar.it\/prodotto\/descalers\/\"><u>d\u00e9calamineuse m\u00e9canique<\/u><\/a>, sont inclus.\n\n\u00c0 la sortie, une machine \u00e0 <a href=\"https:\/\/www.promostar.it\/prodotto\/horizontal-spooler-machine-copia\/\"><u>enroulement statique<\/u><\/a> ou une <a href=\"https:\/\/www.promostar.it\/prodotto\/vegastar-copia\/\"><u>machine \u00e0 bobiner le fil<\/u><\/a> avec des axes horizontaux ou verticaux r\u00e9alise l'enroulement du fil sur les bobines.\n\nAu plus haut niveau d'automatisation de nos installations, la machine mentionn\u00e9e ci-dessus peut \u00eatre \u00e9quip\u00e9e de <a href=\"https:\/\/www.promostar.it\/prodotto\/vertical-automatic-spooler-machine\/\"><span style=\"text-decoration: underline\">bobineuses verticales automatiques<\/span><\/a> qui effectuent toutes les op\u00e9rations telles que : l'enfilage du fil, la coupe, le changement de bobines, le pr\u00e9l\u00e8vement d'\u00e9chantillons, le cerclage, l'\u00e9tiquetage et le pesage des bobines sans aucune intervention de l'op\u00e9rateur.\n\nLa forme et les d\u00e9tails techniques de nos lignes permettent de produire des bobines de laminage \u00e0 froid de <strong>haute qualit\u00e9, conditionn\u00e9es en bobines <a href=\"https:\/\/www.promostar.it\/prodotto\/electrical-mechanical-revamping-and-refurbishment\/\"><u>fixes<\/u><\/a> ou <a href=\"https:\/\/www.promostar.it\/prodotto\/collapsible-spools-take-a-part-reels\/\"><u>d\u00e9montables<\/u><\/a><\/strong> avec un poids pouvant \u00eatre r\u00e9gl\u00e9 jusqu\u2019\u00e0 8 tonnes. G\u00e9n\u00e9ralement, les bobines produites sont utilis\u00e9es pour la production de fil recuit, de grillage de cl\u00f4ture, de fil \u00e0 ressort, de clous, de fil galvanis\u00e9, pour le march\u00e9 industriel et agricole.","_et_gb_content_width":""},"product_cat":[142,149],"product_tag":[],"yoast_head":"<!-- This site is optimized with the Yoast SEO plugin v20.5 - https:\/\/yoast.com\/wordpress\/plugins\/seo\/ -->\n<title>Ligne de tr\u00e9filage \u00e0 froid Maiastar DO | Promostar<\/title>\n<meta name=\"description\" content=\"La ligne de tr\u00e9filage \u00e0 froid Maiastar DO est la ligne id\u00e9ale pour produire des rouleaux ou des bobines de tr\u00e9filage lisse, \u00e0 utiliser dans des produits tels que le fil recuit, le grillage de cl\u00f4ture, le fil \u00e0 ressort, les clous, le fil galvanis\u00e9, pour le march\u00e9 industriel et agricole\" \/>\n<meta name=\"robots\" content=\"index, follow, max-snippet:-1, max-image-preview:large, max-video-preview:-1\" \/>\n<link rel=\"canonical\" href=\"https:\/\/www.promostar.it\/fr\/prodotto\/ligne-de-trefilage-a-froid-maiastar-do\/\" \/>\n<meta property=\"og:locale\" content=\"fr_FR\" \/>\n<meta property=\"og:type\" content=\"article\" \/>\n<meta property=\"og:title\" content=\"Ligne de tr\u00e9filage \u00e0 froid Maiastar DO | Promostar\" \/>\n<meta property=\"og:description\" content=\"La ligne de tr\u00e9filage \u00e0 froid Maiastar DO est la ligne id\u00e9ale pour produire des rouleaux ou des bobines de tr\u00e9filage lisse, \u00e0 utiliser dans des produits tels que le fil recuit, le grillage de cl\u00f4ture, le fil \u00e0 ressort, les clous, le fil galvanis\u00e9, pour le march\u00e9 industriel et agricole\" \/>\n<meta property=\"og:url\" content=\"https:\/\/www.promostar.it\/fr\/prodotto\/ligne-de-trefilage-a-froid-maiastar-do\/\" \/>\n<meta property=\"og:site_name\" content=\"PromoStar S.r.l.\" \/>\n<meta property=\"article:modified_time\" content=\"2023-04-14T14:16:27+00:00\" \/>\n<meta property=\"og:image\" content=\"https:\/\/www.promostar.it\/wp-content\/uploads\/2021\/11\/maiastar.jpg\" \/>\n\t<meta property=\"og:image:width\" content=\"800\" \/>\n\t<meta property=\"og:image:height\" content=\"800\" \/>\n\t<meta property=\"og:image:type\" content=\"image\/jpeg\" \/>\n<meta name=\"twitter:card\" content=\"summary_large_image\" \/>\n<script type=\"application\/ld+json\" class=\"yoast-schema-graph\">{\"@context\":\"https:\/\/schema.org\",\"@graph\":[{\"@type\":\"WebPage\",\"@id\":\"https:\/\/www.promostar.it\/fr\/prodotto\/ligne-de-trefilage-a-froid-maiastar-do\/\",\"url\":\"https:\/\/www.promostar.it\/fr\/prodotto\/ligne-de-trefilage-a-froid-maiastar-do\/\",\"name\":\"Ligne de tr\u00e9filage \u00e0 froid Maiastar DO | Promostar\",\"isPartOf\":{\"@id\":\"https:\/\/www.promostar.it\/fr\/#website\"},\"datePublished\":\"2021-11-03T14:46:59+00:00\",\"dateModified\":\"2023-04-14T14:16:27+00:00\",\"description\":\"La ligne de tr\u00e9filage \u00e0 froid Maiastar DO est la ligne id\u00e9ale pour produire des rouleaux ou des bobines de tr\u00e9filage lisse, \u00e0 utiliser dans des produits tels que le fil recuit, le grillage de cl\u00f4ture, le fil \u00e0 ressort, les clous, le fil galvanis\u00e9, pour le march\u00e9 industriel et agricole\",\"breadcrumb\":{\"@id\":\"https:\/\/www.promostar.it\/fr\/prodotto\/ligne-de-trefilage-a-froid-maiastar-do\/#breadcrumb\"},\"inLanguage\":\"fr-FR\",\"potentialAction\":[{\"@type\":\"ReadAction\",\"target\":[\"https:\/\/www.promostar.it\/fr\/prodotto\/ligne-de-trefilage-a-froid-maiastar-do\/\"]}]},{\"@type\":\"BreadcrumbList\",\"@id\":\"https:\/\/www.promostar.it\/fr\/prodotto\/ligne-de-trefilage-a-froid-maiastar-do\/#breadcrumb\",\"itemListElement\":[{\"@type\":\"ListItem\",\"position\":1,\"name\":\"Home\",\"item\":\"https:\/\/www.promostar.it\/fr\/\"},{\"@type\":\"ListItem\",\"position\":2,\"name\":\"Produits\",\"item\":\"https:\/\/www.promostar.it\/fr\/shop\/\"},{\"@type\":\"ListItem\",\"position\":3,\"name\":\"Ligne de tr\u00e9filage \u00e0 froid Maiastar DO\"}]},{\"@type\":\"WebSite\",\"@id\":\"https:\/\/www.promostar.it\/fr\/#website\",\"url\":\"https:\/\/www.promostar.it\/fr\/\",\"name\":\"PromoStar S.r.l.\",\"description\":\"Promostar \u00e8 l\u2019azienda leader e la prima ad introdurre il processo di stiratura\",\"publisher\":{\"@id\":\"https:\/\/www.promostar.it\/fr\/#organization\"},\"potentialAction\":[{\"@type\":\"SearchAction\",\"target\":{\"@type\":\"EntryPoint\",\"urlTemplate\":\"https:\/\/www.promostar.it\/fr\/?s={search_term_string}\"},\"query-input\":\"required name=search_term_string\"}],\"inLanguage\":\"fr-FR\"},{\"@type\":\"Organization\",\"@id\":\"https:\/\/www.promostar.it\/fr\/#organization\",\"name\":\"Promostar\",\"url\":\"https:\/\/www.promostar.it\/fr\/\",\"logo\":{\"@type\":\"ImageObject\",\"inLanguage\":\"fr-FR\",\"@id\":\"https:\/\/www.promostar.it\/fr\/#\/schema\/logo\/image\/\",\"url\":\"https:\/\/www.promostar.it\/wp-content\/uploads\/2020\/10\/promostar-logo.png\",\"contentUrl\":\"https:\/\/www.promostar.it\/wp-content\/uploads\/2020\/10\/promostar-logo.png\",\"width\":210,\"height\":69,\"caption\":\"Promostar\"},\"image\":{\"@id\":\"https:\/\/www.promostar.it\/fr\/#\/schema\/logo\/image\/\"}}]}<\/script>\n<!-- \/ Yoast SEO plugin. -->","yoast_head_json":{"title":"Ligne de tr\u00e9filage \u00e0 froid Maiastar DO | Promostar","description":"La ligne de tr\u00e9filage \u00e0 froid Maiastar DO est la ligne id\u00e9ale pour produire des rouleaux ou des bobines de tr\u00e9filage lisse, \u00e0 utiliser dans des produits tels que le fil recuit, le grillage de cl\u00f4ture, le fil \u00e0 ressort, les clous, le fil galvanis\u00e9, pour le march\u00e9 industriel et agricole","robots":{"index":"index","follow":"follow","max-snippet":"max-snippet:-1","max-image-preview":"max-image-preview:large","max-video-preview":"max-video-preview:-1"},"canonical":"https:\/\/www.promostar.it\/fr\/prodotto\/ligne-de-trefilage-a-froid-maiastar-do\/","og_locale":"fr_FR","og_type":"article","og_title":"Ligne de tr\u00e9filage \u00e0 froid Maiastar DO | Promostar","og_description":"La ligne de tr\u00e9filage \u00e0 froid Maiastar DO est la ligne id\u00e9ale pour produire des rouleaux ou des bobines de tr\u00e9filage lisse, \u00e0 utiliser dans des produits tels que le fil recuit, le grillage de cl\u00f4ture, le fil \u00e0 ressort, les clous, le fil galvanis\u00e9, pour le march\u00e9 industriel et agricole","og_url":"https:\/\/www.promostar.it\/fr\/prodotto\/ligne-de-trefilage-a-froid-maiastar-do\/","og_site_name":"PromoStar S.r.l.","article_modified_time":"2023-04-14T14:16:27+00:00","og_image":[{"width":800,"height":800,"url":"https:\/\/www.promostar.it\/wp-content\/uploads\/2021\/11\/maiastar.jpg","type":"image\/jpeg"}],"twitter_card":"summary_large_image","schema":{"@context":"https:\/\/schema.org","@graph":[{"@type":"WebPage","@id":"https:\/\/www.promostar.it\/fr\/prodotto\/ligne-de-trefilage-a-froid-maiastar-do\/","url":"https:\/\/www.promostar.it\/fr\/prodotto\/ligne-de-trefilage-a-froid-maiastar-do\/","name":"Ligne de tr\u00e9filage \u00e0 froid Maiastar DO | Promostar","isPartOf":{"@id":"https:\/\/www.promostar.it\/fr\/#website"},"datePublished":"2021-11-03T14:46:59+00:00","dateModified":"2023-04-14T14:16:27+00:00","description":"La ligne de tr\u00e9filage \u00e0 froid Maiastar DO est la ligne id\u00e9ale pour produire des rouleaux ou des bobines de tr\u00e9filage lisse, \u00e0 utiliser dans des produits tels que le fil recuit, le grillage de cl\u00f4ture, le fil \u00e0 ressort, les clous, le fil galvanis\u00e9, pour le march\u00e9 industriel et agricole","breadcrumb":{"@id":"https:\/\/www.promostar.it\/fr\/prodotto\/ligne-de-trefilage-a-froid-maiastar-do\/#breadcrumb"},"inLanguage":"fr-FR","potentialAction":[{"@type":"ReadAction","target":["https:\/\/www.promostar.it\/fr\/prodotto\/ligne-de-trefilage-a-froid-maiastar-do\/"]}]},{"@type":"BreadcrumbList","@id":"https:\/\/www.promostar.it\/fr\/prodotto\/ligne-de-trefilage-a-froid-maiastar-do\/#breadcrumb","itemListElement":[{"@type":"ListItem","position":1,"name":"Home","item":"https:\/\/www.promostar.it\/fr\/"},{"@type":"ListItem","position":2,"name":"Produits","item":"https:\/\/www.promostar.it\/fr\/shop\/"},{"@type":"ListItem","position":3,"name":"Ligne de tr\u00e9filage \u00e0 froid Maiastar DO"}]},{"@type":"WebSite","@id":"https:\/\/www.promostar.it\/fr\/#website","url":"https:\/\/www.promostar.it\/fr\/","name":"PromoStar S.r.l.","description":"Promostar \u00e8 l\u2019azienda leader e la prima ad introdurre il processo di stiratura","publisher":{"@id":"https:\/\/www.promostar.it\/fr\/#organization"},"potentialAction":[{"@type":"SearchAction","target":{"@type":"EntryPoint","urlTemplate":"https:\/\/www.promostar.it\/fr\/?s={search_term_string}"},"query-input":"required name=search_term_string"}],"inLanguage":"fr-FR"},{"@type":"Organization","@id":"https:\/\/www.promostar.it\/fr\/#organization","name":"Promostar","url":"https:\/\/www.promostar.it\/fr\/","logo":{"@type":"ImageObject","inLanguage":"fr-FR","@id":"https:\/\/www.promostar.it\/fr\/#\/schema\/logo\/image\/","url":"https:\/\/www.promostar.it\/wp-content\/uploads\/2020\/10\/promostar-logo.png","contentUrl":"https:\/\/www.promostar.it\/wp-content\/uploads\/2020\/10\/promostar-logo.png","width":210,"height":69,"caption":"Promostar"},"image":{"@id":"https:\/\/www.promostar.it\/fr\/#\/schema\/logo\/image\/"}}]}},"_links":{"self":[{"href":"https:\/\/www.promostar.it\/fr\/wp-json\/wp\/v3\/product\/5555"}],"collection":[{"href":"https:\/\/www.promostar.it\/fr\/wp-json\/wp\/v3\/product"}],"about":[{"href":"https:\/\/www.promostar.it\/fr\/wp-json\/wp\/v2\/types\/product"}],"wp:featuredmedia":[{"embeddable":true,"href":"https:\/\/www.promostar.it\/fr\/wp-json\/wp\/v2\/media\/3750"}],"wp:attachment":[{"href":"https:\/\/www.promostar.it\/fr\/wp-json\/wp\/v2\/media?parent=5555"}],"wp:term":[{"taxonomy":"product_cat","embeddable":true,"href":"https:\/\/www.promostar.it\/fr\/wp-json\/wp\/v2\/product_cat?post=5555"},{"taxonomy":"product_tag","embeddable":true,"href":"https:\/\/www.promostar.it\/fr\/wp-json\/wp\/v2\/product_tag?post=5555"}],"curies":[{"name":"wp","href":"https:\/\/api.w.org\/{rel}","templated":true}]}}