{"id":5403,"date":"2021-11-03T16:04:25","date_gmt":"2021-11-03T15:04:25","guid":{"rendered":"https:\/\/www.promostar.it\/prodotto\/block-mesh\/"},"modified":"2024-11-18T16:17:03","modified_gmt":"2024-11-18T15:17:03","slug":"block-mesh","status":"publish","type":"product","link":"https:\/\/www.promostar.it\/fr\/prodotto\/block-mesh\/","title":{"rendered":"Block mesh"},"content":{"rendered":"<p>[et_pb_section fb_built=\u00a0\u00bb1&Prime; _builder_version=\u00a0\u00bb4.17.0&Prime; _module_preset=\u00a0\u00bbdefault\u00a0\u00bb global_colors_info=\u00a0\u00bb{}\u00a0\u00bb][\/et_pb_section]<\/p>\n","protected":false},"excerpt":{"rendered":"<p><strong>La machine pour fil m\u00e9tallique soud\u00e9 blockmesh <\/strong>est notre solution <strong>pour produire des entretoises droites ou des entretoises cintr\u00e9es (profil en forme de \u00ab\u00a0Z\u00a0\u00bb) <\/strong>\u00e0 utiliser dans des produits tels que les dalles de briques comme armature ou comme entretoises pour les applications de treillis m\u00e9tallique soud\u00e9 sur les sols en b\u00e9ton pour la construction et les fondations civiles et industrielles.<\/p>\n<p>La <strong>machine pour fil soud\u00e9 blockmesh<\/strong> combine le processus d&rsquo;\u00e9lectrosoudure (\u00e0 travers des t\u00eates de soudage) avec la coupe \u00e0 la longueur et le fa\u00e7onnage des entretoises obtenues (dans le cas des entretoises en Z) avec une unit\u00e9 de cintrage sp\u00e9ciale pour obtenir la forme finale souhait\u00e9e.<\/p>\n<p>La forme et les d\u00e9tails techniques de la ligne permettent de produire des entretoises de haute qualit\u00e9 selon la forme g\u00e9om\u00e9trique et les dimensions demand\u00e9es par les clients. Le produit final ne n\u00e9cessite pas de traitement suppl\u00e9mentaire et est pr\u00eat \u00e0 \u00eatre utilis\u00e9 sur place.<\/p>\n<p>Par rapport aux m\u00e9thodes de fabrication manuelles, les avantages de ce type de soudeuse automatique sont la productivit\u00e9, une plus grande flexibilit\u00e9 et rapidit\u00e9 dans les changements de diam\u00e8tre, la qualit\u00e9 et la r\u00e9p\u00e9tabilit\u00e9 du produit, le nombre limit\u00e9 d&rsquo;op\u00e9rateurs (en g\u00e9n\u00e9ral, un seul op\u00e9rateur contr\u00f4le l&rsquo;ensemble du syst\u00e8me) et les co\u00fbts de production et d&rsquo;entretien.<\/p>\n","protected":false},"featured_media":4605,"template":"","meta":{"_et_pb_use_builder":"on","_et_pb_old_content":"<strong>La machine pour fil m\u00e9tallique soud\u00e9 blockmesh <\/strong>est notre solution <strong>pour produire des entretoises droites ou des entretoises cintr\u00e9es (profil en forme de \"Z\") <\/strong>\u00e0 utiliser dans des produits tels que les dalles de briques comme armature ou comme entretoises pour les applications de treillis m\u00e9tallique soud\u00e9 sur les sols en b\u00e9ton pour la construction et les fondations civiles et industrielles.\r\n\r\nLa <strong>machine pour fil soud\u00e9 blockmesh<\/strong> combine le processus d'\u00e9lectrosoudure (\u00e0 travers des t\u00eates de soudage) avec la coupe \u00e0 la longueur et le fa\u00e7onnage des entretoises obtenues (dans le cas des entretoises en Z) avec une unit\u00e9 de cintrage sp\u00e9ciale pour obtenir la forme finale souhait\u00e9e.\r\n\r\nLa forme et les d\u00e9tails techniques de la ligne permettent de produire des entretoises de haute qualit\u00e9 selon la forme g\u00e9om\u00e9trique et les dimensions demand\u00e9es par les clients. Le produit final ne n\u00e9cessite pas de traitement suppl\u00e9mentaire et est pr\u00eat \u00e0 \u00eatre utilis\u00e9 sur place.\r\n\r\nPar rapport aux m\u00e9thodes de fabrication manuelles, les avantages de ce type de soudeuse automatique sont la productivit\u00e9, une plus grande flexibilit\u00e9 et rapidit\u00e9 dans les changements de diam\u00e8tre, la qualit\u00e9 et la r\u00e9p\u00e9tabilit\u00e9 du produit, le nombre limit\u00e9 d'op\u00e9rateurs (en g\u00e9n\u00e9ral, un seul op\u00e9rateur contr\u00f4le l'ensemble du syst\u00e8me) et les co\u00fbts de production et d'entretien.\r\n\r\nLa machine Block Mesh est compos\u00e9e de plusieurs \u00e9l\u00e9ments.\r\n\r\nLa premi\u00e8re partie de la machine est le <strong>syst\u00e8me d'alimentation<\/strong>. Gr\u00e2ce aux unit\u00e9s de d\u00e9roulement et aux tambours de traction motoris\u00e9s, le mat\u00e9riau d'entr\u00e9e (fil compact lisse ou nervur\u00e9) est d\u00e9roul\u00e9 et tir\u00e9 vers l'unit\u00e9 de soudage de mani\u00e8re constante et \u00e0 la bonne vitesse.\r\n\r\nD'autres groupes, comme les unit\u00e9s d'insertion, le groupe d'avancement et le groupe de redressage, pr\u00e9parent et am\u00e8nent le fil longitudinal et transversal \u00e0 l'int\u00e9rieur de l'unit\u00e9 de soudage.\r\n\r\nGr\u00e2ce \u00e0 un <strong>proc\u00e9d\u00e9 d'\u00e9lectrosoudage<\/strong> par r\u00e9sistance, les fils longitudinaux sont soud\u00e9s avec les fils transversaux. Il convient de <strong>noter que les fils transversaux sont sur le m\u00eame plan que les fils longitudinaux<\/strong> afin d'obtenir un produit d'\u00e9paisseur minimale (l'axe du fil transversal est positionn\u00e9 au m\u00eame niveau que l'axe du fil longitudinal).\r\n\r\nLorsque la dimension des entretoises est atteinte, une <strong>unit\u00e9 de coupe<\/strong> les d\u00e9coupe \u00e0 la longueur d\u00e9sir\u00e9e.\r\n\r\nEnsuite, l'entretoise droite obtenue est d\u00e9plac\u00e9e vers l'unit\u00e9 de d\u00e9chargement et de positionnement qui d\u00e9pose le produit sur le syst\u00e8me d'\u00e9vacuation qui les transporte dans la zone o\u00f9 l'op\u00e9rateur peut prendre le paquet manuellement et l'amener dans une zone s\u00e9par\u00e9e o\u00f9 il peut effectuer le ficelage et le stockage du paquet produit.\r\n\r\nDans le cas des entretoises en Z, avant le d\u00e9chargement du produit sur le syst\u00e8me d'\u00e9vacuation, les entretoises sont cintr\u00e9es par une <strong>unit\u00e9 automatique de cintrage transversal<\/strong>.\r\n\r\nNous proposons diff\u00e9rents niveaux de personnalisation : de la solution de base o\u00f9 la machine ne peut produire que des entretoises droites jusqu'au niveau sup\u00e9rieur o\u00f9 la machine peut produire des entretoises droites et cintr\u00e9es, deux pi\u00e8ces (identiques) en m\u00eame temps.\r\n\r\nEn outre, pour automatiser compl\u00e8tement la machine, il est possible d'ajouter le syst\u00e8me d'<strong>emballage automatique<\/strong>, qui permet, sans besoin d'op\u00e9rateurs, d'attacher les entretoises ensemble et de d\u00e9poser le paquet d'entretoises sur une palette pour la formation du paquet principal pr\u00eat \u00e0 \u00eatre exp\u00e9di\u00e9.\r\n\r\nCe type de machine fait partie de notre division de machines sp\u00e9ciales et peut \u00e9videmment \u00eatre personnalis\u00e9 \u00e0 la demande de nos clients en fonction des diff\u00e9rentes formes et dimensions des produits finaux (la conception commence \u00e0 partir du produit final \u00e0 produire).\r\n\r\nEn raison des produits finaux sp\u00e9ciaux \u00e0 r\u00e9aliser, toutes les informations techniques rapport\u00e9es doivent \u00eatre consid\u00e9r\u00e9es comme indicatives et nous sugg\u00e9rons de nous contacter pour de plus amples d\u00e9tails.","_et_gb_content_width":""},"product_cat":[155,157],"product_tag":[],"yoast_head":"<!-- This site is optimized with the Yoast SEO plugin v20.5 - https:\/\/yoast.com\/wordpress\/plugins\/seo\/ -->\n<title>Machine pour fil m\u00e9tallique soud\u00e9 Blockmesh | Promostar<\/title>\n<meta name=\"description\" content=\"La machine pour fil m\u00e9tallique soud\u00e9 blockmesh est notre solution pour produire des entretoises droites ou des entretoises cintr\u00e9es (profil en forme de &quot;Z&quot;) \u00e0 utiliser dans des produits\" \/>\n<meta name=\"robots\" content=\"index, follow, max-snippet:-1, max-image-preview:large, max-video-preview:-1\" \/>\n<link rel=\"canonical\" href=\"https:\/\/www.promostar.it\/fr\/prodotto\/block-mesh\/\" \/>\n<meta property=\"og:locale\" content=\"fr_FR\" \/>\n<meta property=\"og:type\" content=\"article\" \/>\n<meta property=\"og:title\" content=\"Machine pour fil m\u00e9tallique soud\u00e9 Blockmesh | Promostar\" \/>\n<meta property=\"og:description\" content=\"La machine pour fil m\u00e9tallique soud\u00e9 blockmesh est notre solution pour produire des entretoises droites ou des entretoises cintr\u00e9es (profil en forme de &quot;Z&quot;) \u00e0 utiliser dans des produits\" \/>\n<meta property=\"og:url\" content=\"https:\/\/www.promostar.it\/fr\/prodotto\/block-mesh\/\" \/>\n<meta property=\"og:site_name\" content=\"PromoStar S.r.l.\" \/>\n<meta property=\"article:modified_time\" content=\"2024-11-18T15:17:03+00:00\" \/>\n<meta property=\"og:image\" content=\"https:\/\/www.promostar.it\/wp-content\/uploads\/2021\/11\/Evidenza_Block-Mesh-6.jpg\" \/>\n\t<meta property=\"og:image:width\" content=\"1200\" \/>\n\t<meta property=\"og:image:height\" content=\"1200\" \/>\n\t<meta property=\"og:image:type\" content=\"image\/jpeg\" \/>\n<meta name=\"twitter:card\" content=\"summary_large_image\" \/>\n<meta name=\"twitter:label1\" content=\"Dur\u00e9e de lecture estim\u00e9e\" \/>\n\t<meta name=\"twitter:data1\" content=\"1 minute\" \/>\n<script type=\"application\/ld+json\" class=\"yoast-schema-graph\">{\"@context\":\"https:\/\/schema.org\",\"@graph\":[{\"@type\":\"WebPage\",\"@id\":\"https:\/\/www.promostar.it\/fr\/prodotto\/block-mesh\/\",\"url\":\"https:\/\/www.promostar.it\/fr\/prodotto\/block-mesh\/\",\"name\":\"Machine pour fil m\u00e9tallique soud\u00e9 Blockmesh | Promostar\",\"isPartOf\":{\"@id\":\"https:\/\/www.promostar.it\/fr\/#website\"},\"datePublished\":\"2021-11-03T15:04:25+00:00\",\"dateModified\":\"2024-11-18T15:17:03+00:00\",\"description\":\"La machine pour fil m\u00e9tallique soud\u00e9 blockmesh est notre solution pour produire des entretoises droites ou des entretoises cintr\u00e9es (profil en forme de \\\"Z\\\") \u00e0 utiliser dans des produits\",\"breadcrumb\":{\"@id\":\"https:\/\/www.promostar.it\/fr\/prodotto\/block-mesh\/#breadcrumb\"},\"inLanguage\":\"fr-FR\",\"potentialAction\":[{\"@type\":\"ReadAction\",\"target\":[\"https:\/\/www.promostar.it\/fr\/prodotto\/block-mesh\/\"]}]},{\"@type\":\"BreadcrumbList\",\"@id\":\"https:\/\/www.promostar.it\/fr\/prodotto\/block-mesh\/#breadcrumb\",\"itemListElement\":[{\"@type\":\"ListItem\",\"position\":1,\"name\":\"Home\",\"item\":\"https:\/\/www.promostar.it\/fr\/\"},{\"@type\":\"ListItem\",\"position\":2,\"name\":\"Produits\",\"item\":\"https:\/\/www.promostar.it\/fr\/shop\/\"},{\"@type\":\"ListItem\",\"position\":3,\"name\":\"Block mesh\"}]},{\"@type\":\"WebSite\",\"@id\":\"https:\/\/www.promostar.it\/fr\/#website\",\"url\":\"https:\/\/www.promostar.it\/fr\/\",\"name\":\"PromoStar S.r.l.\",\"description\":\"Promostar \u00e8 l\u2019azienda leader e la prima ad introdurre il processo di stiratura\",\"publisher\":{\"@id\":\"https:\/\/www.promostar.it\/fr\/#organization\"},\"potentialAction\":[{\"@type\":\"SearchAction\",\"target\":{\"@type\":\"EntryPoint\",\"urlTemplate\":\"https:\/\/www.promostar.it\/fr\/?s={search_term_string}\"},\"query-input\":\"required name=search_term_string\"}],\"inLanguage\":\"fr-FR\"},{\"@type\":\"Organization\",\"@id\":\"https:\/\/www.promostar.it\/fr\/#organization\",\"name\":\"Promostar\",\"url\":\"https:\/\/www.promostar.it\/fr\/\",\"logo\":{\"@type\":\"ImageObject\",\"inLanguage\":\"fr-FR\",\"@id\":\"https:\/\/www.promostar.it\/fr\/#\/schema\/logo\/image\/\",\"url\":\"https:\/\/www.promostar.it\/wp-content\/uploads\/2020\/10\/promostar-logo.png\",\"contentUrl\":\"https:\/\/www.promostar.it\/wp-content\/uploads\/2020\/10\/promostar-logo.png\",\"width\":210,\"height\":69,\"caption\":\"Promostar\"},\"image\":{\"@id\":\"https:\/\/www.promostar.it\/fr\/#\/schema\/logo\/image\/\"}}]}<\/script>\n<!-- \/ Yoast SEO plugin. -->","yoast_head_json":{"title":"Machine pour fil m\u00e9tallique soud\u00e9 Blockmesh | Promostar","description":"La machine pour fil m\u00e9tallique soud\u00e9 blockmesh est notre solution pour produire des entretoises droites ou des entretoises cintr\u00e9es (profil en forme de \"Z\") \u00e0 utiliser dans des produits","robots":{"index":"index","follow":"follow","max-snippet":"max-snippet:-1","max-image-preview":"max-image-preview:large","max-video-preview":"max-video-preview:-1"},"canonical":"https:\/\/www.promostar.it\/fr\/prodotto\/block-mesh\/","og_locale":"fr_FR","og_type":"article","og_title":"Machine pour fil m\u00e9tallique soud\u00e9 Blockmesh | Promostar","og_description":"La machine pour fil m\u00e9tallique soud\u00e9 blockmesh est notre solution pour produire des entretoises droites ou des entretoises cintr\u00e9es (profil en forme de \"Z\") \u00e0 utiliser dans des produits","og_url":"https:\/\/www.promostar.it\/fr\/prodotto\/block-mesh\/","og_site_name":"PromoStar S.r.l.","article_modified_time":"2024-11-18T15:17:03+00:00","og_image":[{"width":1200,"height":1200,"url":"https:\/\/www.promostar.it\/wp-content\/uploads\/2021\/11\/Evidenza_Block-Mesh-6.jpg","type":"image\/jpeg"}],"twitter_card":"summary_large_image","twitter_misc":{"Dur\u00e9e de lecture estim\u00e9e":"1 minute"},"schema":{"@context":"https:\/\/schema.org","@graph":[{"@type":"WebPage","@id":"https:\/\/www.promostar.it\/fr\/prodotto\/block-mesh\/","url":"https:\/\/www.promostar.it\/fr\/prodotto\/block-mesh\/","name":"Machine pour fil m\u00e9tallique soud\u00e9 Blockmesh | Promostar","isPartOf":{"@id":"https:\/\/www.promostar.it\/fr\/#website"},"datePublished":"2021-11-03T15:04:25+00:00","dateModified":"2024-11-18T15:17:03+00:00","description":"La machine pour fil m\u00e9tallique soud\u00e9 blockmesh est notre solution pour produire des entretoises droites ou des entretoises cintr\u00e9es (profil en forme de \"Z\") \u00e0 utiliser dans des produits","breadcrumb":{"@id":"https:\/\/www.promostar.it\/fr\/prodotto\/block-mesh\/#breadcrumb"},"inLanguage":"fr-FR","potentialAction":[{"@type":"ReadAction","target":["https:\/\/www.promostar.it\/fr\/prodotto\/block-mesh\/"]}]},{"@type":"BreadcrumbList","@id":"https:\/\/www.promostar.it\/fr\/prodotto\/block-mesh\/#breadcrumb","itemListElement":[{"@type":"ListItem","position":1,"name":"Home","item":"https:\/\/www.promostar.it\/fr\/"},{"@type":"ListItem","position":2,"name":"Produits","item":"https:\/\/www.promostar.it\/fr\/shop\/"},{"@type":"ListItem","position":3,"name":"Block mesh"}]},{"@type":"WebSite","@id":"https:\/\/www.promostar.it\/fr\/#website","url":"https:\/\/www.promostar.it\/fr\/","name":"PromoStar S.r.l.","description":"Promostar \u00e8 l\u2019azienda leader e la prima ad introdurre il processo di stiratura","publisher":{"@id":"https:\/\/www.promostar.it\/fr\/#organization"},"potentialAction":[{"@type":"SearchAction","target":{"@type":"EntryPoint","urlTemplate":"https:\/\/www.promostar.it\/fr\/?s={search_term_string}"},"query-input":"required name=search_term_string"}],"inLanguage":"fr-FR"},{"@type":"Organization","@id":"https:\/\/www.promostar.it\/fr\/#organization","name":"Promostar","url":"https:\/\/www.promostar.it\/fr\/","logo":{"@type":"ImageObject","inLanguage":"fr-FR","@id":"https:\/\/www.promostar.it\/fr\/#\/schema\/logo\/image\/","url":"https:\/\/www.promostar.it\/wp-content\/uploads\/2020\/10\/promostar-logo.png","contentUrl":"https:\/\/www.promostar.it\/wp-content\/uploads\/2020\/10\/promostar-logo.png","width":210,"height":69,"caption":"Promostar"},"image":{"@id":"https:\/\/www.promostar.it\/fr\/#\/schema\/logo\/image\/"}}]}},"_links":{"self":[{"href":"https:\/\/www.promostar.it\/fr\/wp-json\/wp\/v3\/product\/5403"}],"collection":[{"href":"https:\/\/www.promostar.it\/fr\/wp-json\/wp\/v3\/product"}],"about":[{"href":"https:\/\/www.promostar.it\/fr\/wp-json\/wp\/v2\/types\/product"}],"wp:featuredmedia":[{"embeddable":true,"href":"https:\/\/www.promostar.it\/fr\/wp-json\/wp\/v2\/media\/4605"}],"wp:attachment":[{"href":"https:\/\/www.promostar.it\/fr\/wp-json\/wp\/v2\/media?parent=5403"}],"wp:term":[{"taxonomy":"product_cat","embeddable":true,"href":"https:\/\/www.promostar.it\/fr\/wp-json\/wp\/v2\/product_cat?post=5403"},{"taxonomy":"product_tag","embeddable":true,"href":"https:\/\/www.promostar.it\/fr\/wp-json\/wp\/v2\/product_tag?post=5403"}],"curies":[{"name":"wp","href":"https:\/\/api.w.org\/{rel}","templated":true}]}}