{"id":5402,"date":"2021-11-03T16:14:54","date_gmt":"2021-11-03T15:14:54","guid":{"rendered":"https:\/\/www.promostar.it\/prodotto\/just-in-time-ltg\/"},"modified":"2023-04-17T11:44:46","modified_gmt":"2023-04-17T09:44:46","slug":"just-in-time-ltg","status":"publish","type":"product","link":"https:\/\/www.promostar.it\/fr\/prodotto\/just-in-time-ltg\/","title":{"rendered":"Just in time ltg"},"content":{"rendered":"<p>[et_pb_section fb_built=\u00a0\u00bb1&Prime; _builder_version=\u00a0\u00bb4.17.0&Prime; _module_preset=\u00a0\u00bbdefault\u00a0\u00bb global_colors_info=\u00a0\u00bb{}\u00a0\u00bb][\/et_pb_section]<\/p>\n","protected":false},"excerpt":{"rendered":"<p>La <strong>machine pour fil soud\u00e9 Just in Time LTG<\/strong> est notre solution pour produire des poutrelles en treillis \u00e9lectrosoud\u00e9es utilis\u00e9es dans les produits d&rsquo;armature pour la construction civile et industrielle, les fondations et l&rsquo;industrie de la pr\u00e9fabrication.<\/p>\n<p>La <strong>machine pour fil soud\u00e9 Just in Time LTG<\/strong> combine le processus de soudure \u00e9lectrique (par l&rsquo;interm\u00e9diaire de t\u00eates de soudage) avec la coupe \u00e0 la longueur et les poutres en treillis.<\/p>\n<p>Dans le domaine des installations pour la production de poutrelles en treillis, Promostar a d\u00e9velopp\u00e9 le mod\u00e8le brevet\u00e9 (Brevet Europ\u00e9en EP 07 150 103.5) JitLGP (Just in time Lattice Girder Plant) qui est con\u00e7u, en particulier, pour \u00eatre incorpor\u00e9 dans des syst\u00e8mes de carrousel pour la production de dalles pr\u00e9fabriqu\u00e9es.<\/p>\n<p>Sp\u00e9cialement con\u00e7ue pour r\u00e9pondre aux exigences des usines de pr\u00e9fabrication enti\u00e8rement automatiques, la ligne JitLGP, dans la version HF ( Haute Flexibilit\u00e9), est en mesure de produire en continu des poutres simples dont les caract\u00e9ristiques g\u00e9om\u00e9triques peuvent changer automatiquement d&rsquo;une poutre \u00e0 l&rsquo;autre (en 10 secondes au maximum).<\/p>\n","protected":false},"featured_media":4611,"template":"","meta":{"_et_pb_use_builder":"on","_et_pb_old_content":"La <strong>machine pour fil soud\u00e9 Just in Time LTG<\/strong> est notre solution pour produire des poutrelles en treillis \u00e9lectrosoud\u00e9es utilis\u00e9es dans les produits d'armature pour la construction civile et industrielle, les fondations et l'industrie de la pr\u00e9fabrication.\n\nLa <strong>machine pour fil soud\u00e9 Just in Time LTG<\/strong> combine le processus de soudure \u00e9lectrique (par l'interm\u00e9diaire de t\u00eates de soudage) avec la coupe \u00e0 la longueur et les poutres en treillis.\n\nDans le domaine des installations pour la production de poutrelles en treillis, Promostar a d\u00e9velopp\u00e9 le mod\u00e8le brevet\u00e9 (Brevet Europ\u00e9en EP 07 150 103.5) JitLGP (Just in time Lattice Girder Plant) qui est con\u00e7u, en particulier, pour \u00eatre incorpor\u00e9 dans des syst\u00e8mes de carrousel pour la production de dalles pr\u00e9fabriqu\u00e9es.\n\nSp\u00e9cialement con\u00e7ue pour r\u00e9pondre aux exigences des usines de pr\u00e9fabrication enti\u00e8rement automatiques, la ligne JitLGP, dans la version HF ( Haute Flexibilit\u00e9), est en mesure de produire en continu des poutres simples dont les caract\u00e9ristiques g\u00e9om\u00e9triques peuvent changer automatiquement d'une poutre \u00e0 l'autre (en 10 secondes au maximum).\n\nLa forme et les d\u00e9tails techniques de la ligne permettent de produire un produit de haute qualit\u00e9 selon la forme g\u00e9om\u00e9trique et les dimensions demand\u00e9es par les clients. Le produit final ne n\u00e9cessite pas de traitement suppl\u00e9mentaire et est pr\u00eat \u00e0 \u00eatre utilis\u00e9 dans les applications dans le secteur du b\u00e9ton.\n\nPar rapport aux m\u00e9thodes de fabrication manuelles, les avantages de ce type de soudeuse automatique sont la productivit\u00e9, une plus grande flexibilit\u00e9 et rapidit\u00e9 dans les changements de diam\u00e8tre, la qualit\u00e9 et la r\u00e9p\u00e9tabilit\u00e9 du produit, le nombre limit\u00e9 d'op\u00e9rateurs (en g\u00e9n\u00e9ral, un seul op\u00e9rateur contr\u00f4le l'ensemble du syst\u00e8me) et les co\u00fbts de production et d'entretien.\n\nLa machine Just in time LTG (Installation \u00e0 poutrelles en treillis juste \u00e0 temps) est compos\u00e9e de deux parties principales.\n\nLa premi\u00e8re partie de la machine est le <strong>syst\u00e8me d'alimentation<\/strong>. La machine automatique de redressage et de coupe est con\u00e7ue pour produire des barres redress\u00e9es coup\u00e9es \u00e0 la longueur \u00e0 partir de fils en bobines pour alimenter le corps principal de la machine \u00e0 souder Just in time LTG. Le syst\u00e8me est \u00e9quip\u00e9 pour traiter des couronnes ou des bobines de fil lisse et\/ou torsad\u00e9, tr\u00e9fil\u00e9 ou lamin\u00e9 \u00e0 froid, ainsi que du fil lamin\u00e9 \u00e0 chaud. La caract\u00e9ristique principale de cette machine est qu'elle poss\u00e8de plusieurs lignes de redressage ind\u00e9pendantes, une pour chaque cat\u00e9gorie de diam\u00e8tre de fil que le client souhaite traiter. Il existe \u00e9galement un syst\u00e8me de changement de diam\u00e8tre enti\u00e8rement automatique pour chaque ligne (qui ne prend que quelques secondes). Le syst\u00e8me est compos\u00e9 de plusieurs unit\u00e9s de d\u00e9roulement dont le nombre d\u00e9pend du nombre de lignes de redressage n\u00e9cessaires, suivies d'un syst\u00e8me de redressage et de coupe du fil.\n\nLa deuxi\u00e8me partie est la <strong>machine JitLTG<\/strong>. Aliment\u00e9e par la premi\u00e8re partie de la ligne, elle se compose de deux groupes principaux : le groupe de formage et le groupe de soudage. Le <strong>groupe de formage<\/strong> permet de fa\u00e7onner l'\u00e9trier avec la variation juste \u00e0 temps de la hauteur, sur le sol de la poutre en treillis souhait\u00e9e. Le <strong>groupe de soudage<\/strong>, gr\u00e2ce \u00e0 un proc\u00e9d\u00e9 d'<strong>\u00e9lectrosoudage par r\u00e9sistance<\/strong>, permet de souder les \u00e9triers aux barres longitudinales, en assurant un positionnement pr\u00e9cis gr\u00e2ce \u00e0 un syst\u00e8me de guidage sophistiqu\u00e9. Le contr\u00f4le de la position de la barre longitudinale sup\u00e9rieure permet d'obtenir un produit fini conforme aux param\u00e8tres g\u00e9om\u00e9triques \u00e9tablis. a particularit\u00e9 du syst\u00e8me de soudage Promostar r\u00e9side dans l'orientation juste \u00e0 temps des bases de soudage qui sont toujours parall\u00e8les \u00e0 la couche sur laquelle repose l'\u00e9trier ; cette couche change d'inclinaison en fonction de la variation de la hauteur de la poutrelle en treillis. Un <strong>chariot d'avancement<\/strong> permet de faire avancer la poutrelle en treillis pas \u00e0 pas, tandis qu'une <strong>cisaille<\/strong> permet de couper les poutres en treillis finies.\n\nEn cas de <strong>production continue<\/strong> de poutres en treillis avec des dimensions constantes (diam\u00e8tre des fils longitudinaux, hauteur des poutrelles et diam\u00e8tre du fil de l'\u00e9trier), il est possible d'op\u00e9rer de mani\u00e8re traditionnelle (non seulement en temps mais en continu), en introduisant des barres de la plus grande longueur possible dans la machine et en effectuant la coupe \u00e0 la sortie de la machine, au lieu des pinces de formage pr\u00e9sentes dans le groupe de formage.\n\nCe type de machine fait partie de notre division de machines sp\u00e9ciales et peut \u00e9videmment \u00eatre personnalis\u00e9 \u00e0 la demande de nos clients en fonction des diff\u00e9rentes formes et dimensions des produits finaux (la conception commence \u00e0 partir du produit final \u00e0 produire).\n\nEn raison des produits finaux sp\u00e9ciaux \u00e0 r\u00e9aliser, toutes les informations techniques rapport\u00e9es doivent \u00eatre consid\u00e9r\u00e9es comme indicatives et nous sugg\u00e9rons de nous contacter pour de plus amples d\u00e9tails.","_et_gb_content_width":""},"product_cat":[155,157],"product_tag":[],"yoast_head":"<!-- This site is optimized with the Yoast SEO plugin v20.5 - https:\/\/yoast.com\/wordpress\/plugins\/seo\/ -->\n<title>Machine pour fil m\u00e9tallique soud\u00e9 Just in Time LTG | Promostar<\/title>\n<meta name=\"description\" content=\"La machine pour fil soud\u00e9 Just in Time LTG est notre solution pour produire des poutrelles en treillis \u00e9lectrosoud\u00e9es utilis\u00e9es dans les produits d&#039;armature\" \/>\n<meta name=\"robots\" content=\"index, follow, max-snippet:-1, max-image-preview:large, max-video-preview:-1\" \/>\n<link rel=\"canonical\" href=\"https:\/\/www.promostar.it\/fr\/prodotto\/just-in-time-ltg\/\" \/>\n<meta property=\"og:locale\" content=\"fr_FR\" \/>\n<meta property=\"og:type\" content=\"article\" \/>\n<meta property=\"og:title\" content=\"Machine pour fil m\u00e9tallique soud\u00e9 Just in Time LTG | Promostar\" \/>\n<meta property=\"og:description\" content=\"La machine pour fil soud\u00e9 Just in Time LTG est notre solution pour produire des poutrelles en treillis \u00e9lectrosoud\u00e9es utilis\u00e9es dans les produits d&#039;armature\" \/>\n<meta property=\"og:url\" content=\"https:\/\/www.promostar.it\/fr\/prodotto\/just-in-time-ltg\/\" \/>\n<meta property=\"og:site_name\" content=\"PromoStar S.r.l.\" \/>\n<meta property=\"article:modified_time\" content=\"2023-04-17T09:44:46+00:00\" \/>\n<meta property=\"og:image\" content=\"https:\/\/www.promostar.it\/wp-content\/uploads\/2021\/11\/copertina_Block-Mesh-6.jpg\" \/>\n\t<meta property=\"og:image:width\" content=\"1200\" \/>\n\t<meta property=\"og:image:height\" content=\"1200\" \/>\n\t<meta property=\"og:image:type\" content=\"image\/jpeg\" \/>\n<meta name=\"twitter:card\" content=\"summary_large_image\" \/>\n<script type=\"application\/ld+json\" class=\"yoast-schema-graph\">{\"@context\":\"https:\/\/schema.org\",\"@graph\":[{\"@type\":\"WebPage\",\"@id\":\"https:\/\/www.promostar.it\/fr\/prodotto\/just-in-time-ltg\/\",\"url\":\"https:\/\/www.promostar.it\/fr\/prodotto\/just-in-time-ltg\/\",\"name\":\"Machine pour fil m\u00e9tallique soud\u00e9 Just in Time LTG | Promostar\",\"isPartOf\":{\"@id\":\"https:\/\/www.promostar.it\/fr\/#website\"},\"datePublished\":\"2021-11-03T15:14:54+00:00\",\"dateModified\":\"2023-04-17T09:44:46+00:00\",\"description\":\"La machine pour fil soud\u00e9 Just in Time LTG est notre solution pour produire des poutrelles en treillis \u00e9lectrosoud\u00e9es utilis\u00e9es dans les produits d'armature\",\"breadcrumb\":{\"@id\":\"https:\/\/www.promostar.it\/fr\/prodotto\/just-in-time-ltg\/#breadcrumb\"},\"inLanguage\":\"fr-FR\",\"potentialAction\":[{\"@type\":\"ReadAction\",\"target\":[\"https:\/\/www.promostar.it\/fr\/prodotto\/just-in-time-ltg\/\"]}]},{\"@type\":\"BreadcrumbList\",\"@id\":\"https:\/\/www.promostar.it\/fr\/prodotto\/just-in-time-ltg\/#breadcrumb\",\"itemListElement\":[{\"@type\":\"ListItem\",\"position\":1,\"name\":\"Home\",\"item\":\"https:\/\/www.promostar.it\/fr\/home-2\/\"},{\"@type\":\"ListItem\",\"position\":2,\"name\":\"Produits\",\"item\":\"https:\/\/www.promostar.it\/fr\/shop\/\"},{\"@type\":\"ListItem\",\"position\":3,\"name\":\"Just in time ltg\"}]},{\"@type\":\"WebSite\",\"@id\":\"https:\/\/www.promostar.it\/fr\/#website\",\"url\":\"https:\/\/www.promostar.it\/fr\/\",\"name\":\"PromoStar S.r.l.\",\"description\":\"Promostar \u00e8 l\u2019azienda leader e la prima ad introdurre il processo di stiratura\",\"publisher\":{\"@id\":\"https:\/\/www.promostar.it\/fr\/#organization\"},\"potentialAction\":[{\"@type\":\"SearchAction\",\"target\":{\"@type\":\"EntryPoint\",\"urlTemplate\":\"https:\/\/www.promostar.it\/fr\/?s={search_term_string}\"},\"query-input\":\"required name=search_term_string\"}],\"inLanguage\":\"fr-FR\"},{\"@type\":\"Organization\",\"@id\":\"https:\/\/www.promostar.it\/fr\/#organization\",\"name\":\"Promostar\",\"url\":\"https:\/\/www.promostar.it\/fr\/\",\"logo\":{\"@type\":\"ImageObject\",\"inLanguage\":\"fr-FR\",\"@id\":\"https:\/\/www.promostar.it\/fr\/#\/schema\/logo\/image\/\",\"url\":\"https:\/\/www.promostar.it\/wp-content\/uploads\/2020\/10\/promostar-logo.png\",\"contentUrl\":\"https:\/\/www.promostar.it\/wp-content\/uploads\/2020\/10\/promostar-logo.png\",\"width\":210,\"height\":69,\"caption\":\"Promostar\"},\"image\":{\"@id\":\"https:\/\/www.promostar.it\/fr\/#\/schema\/logo\/image\/\"}}]}<\/script>\n<!-- \/ Yoast SEO plugin. -->","yoast_head_json":{"title":"Machine pour fil m\u00e9tallique soud\u00e9 Just in Time LTG | Promostar","description":"La machine pour fil soud\u00e9 Just in Time LTG est notre solution pour produire des poutrelles en treillis \u00e9lectrosoud\u00e9es utilis\u00e9es dans les produits d'armature","robots":{"index":"index","follow":"follow","max-snippet":"max-snippet:-1","max-image-preview":"max-image-preview:large","max-video-preview":"max-video-preview:-1"},"canonical":"https:\/\/www.promostar.it\/fr\/prodotto\/just-in-time-ltg\/","og_locale":"fr_FR","og_type":"article","og_title":"Machine pour fil m\u00e9tallique soud\u00e9 Just in Time LTG | Promostar","og_description":"La machine pour fil soud\u00e9 Just in Time LTG est notre solution pour produire des poutrelles en treillis \u00e9lectrosoud\u00e9es utilis\u00e9es dans les produits d'armature","og_url":"https:\/\/www.promostar.it\/fr\/prodotto\/just-in-time-ltg\/","og_site_name":"PromoStar S.r.l.","article_modified_time":"2023-04-17T09:44:46+00:00","og_image":[{"width":1200,"height":1200,"url":"https:\/\/www.promostar.it\/wp-content\/uploads\/2021\/11\/copertina_Block-Mesh-6.jpg","type":"image\/jpeg"}],"twitter_card":"summary_large_image","schema":{"@context":"https:\/\/schema.org","@graph":[{"@type":"WebPage","@id":"https:\/\/www.promostar.it\/fr\/prodotto\/just-in-time-ltg\/","url":"https:\/\/www.promostar.it\/fr\/prodotto\/just-in-time-ltg\/","name":"Machine pour fil m\u00e9tallique soud\u00e9 Just in Time LTG | Promostar","isPartOf":{"@id":"https:\/\/www.promostar.it\/fr\/#website"},"datePublished":"2021-11-03T15:14:54+00:00","dateModified":"2023-04-17T09:44:46+00:00","description":"La machine pour fil soud\u00e9 Just in Time LTG est notre solution pour produire des poutrelles en treillis \u00e9lectrosoud\u00e9es utilis\u00e9es dans les produits d'armature","breadcrumb":{"@id":"https:\/\/www.promostar.it\/fr\/prodotto\/just-in-time-ltg\/#breadcrumb"},"inLanguage":"fr-FR","potentialAction":[{"@type":"ReadAction","target":["https:\/\/www.promostar.it\/fr\/prodotto\/just-in-time-ltg\/"]}]},{"@type":"BreadcrumbList","@id":"https:\/\/www.promostar.it\/fr\/prodotto\/just-in-time-ltg\/#breadcrumb","itemListElement":[{"@type":"ListItem","position":1,"name":"Home","item":"https:\/\/www.promostar.it\/fr\/home-2\/"},{"@type":"ListItem","position":2,"name":"Produits","item":"https:\/\/www.promostar.it\/fr\/shop\/"},{"@type":"ListItem","position":3,"name":"Just in time ltg"}]},{"@type":"WebSite","@id":"https:\/\/www.promostar.it\/fr\/#website","url":"https:\/\/www.promostar.it\/fr\/","name":"PromoStar S.r.l.","description":"Promostar \u00e8 l\u2019azienda leader e la prima ad introdurre il processo di stiratura","publisher":{"@id":"https:\/\/www.promostar.it\/fr\/#organization"},"potentialAction":[{"@type":"SearchAction","target":{"@type":"EntryPoint","urlTemplate":"https:\/\/www.promostar.it\/fr\/?s={search_term_string}"},"query-input":"required name=search_term_string"}],"inLanguage":"fr-FR"},{"@type":"Organization","@id":"https:\/\/www.promostar.it\/fr\/#organization","name":"Promostar","url":"https:\/\/www.promostar.it\/fr\/","logo":{"@type":"ImageObject","inLanguage":"fr-FR","@id":"https:\/\/www.promostar.it\/fr\/#\/schema\/logo\/image\/","url":"https:\/\/www.promostar.it\/wp-content\/uploads\/2020\/10\/promostar-logo.png","contentUrl":"https:\/\/www.promostar.it\/wp-content\/uploads\/2020\/10\/promostar-logo.png","width":210,"height":69,"caption":"Promostar"},"image":{"@id":"https:\/\/www.promostar.it\/fr\/#\/schema\/logo\/image\/"}}]}},"_links":{"self":[{"href":"https:\/\/www.promostar.it\/fr\/wp-json\/wp\/v3\/product\/5402"}],"collection":[{"href":"https:\/\/www.promostar.it\/fr\/wp-json\/wp\/v3\/product"}],"about":[{"href":"https:\/\/www.promostar.it\/fr\/wp-json\/wp\/v2\/types\/product"}],"wp:featuredmedia":[{"embeddable":true,"href":"https:\/\/www.promostar.it\/fr\/wp-json\/wp\/v2\/media\/4611"}],"wp:attachment":[{"href":"https:\/\/www.promostar.it\/fr\/wp-json\/wp\/v2\/media?parent=5402"}],"wp:term":[{"taxonomy":"product_cat","embeddable":true,"href":"https:\/\/www.promostar.it\/fr\/wp-json\/wp\/v2\/product_cat?post=5402"},{"taxonomy":"product_tag","embeddable":true,"href":"https:\/\/www.promostar.it\/fr\/wp-json\/wp\/v2\/product_tag?post=5402"}],"curies":[{"name":"wp","href":"https:\/\/api.w.org\/{rel}","templated":true}]}}