{"id":5401,"date":"2021-11-03T16:22:16","date_gmt":"2021-11-03T15:22:16","guid":{"rendered":"https:\/\/www.promostar.it\/prodotto\/machine-a-souder-le-fil-metallique-tunnel-mesh\/"},"modified":"2023-04-17T11:44:33","modified_gmt":"2023-04-17T09:44:33","slug":"machine-a-souder-le-fil-metallique-tunnel-mesh","status":"publish","type":"product","link":"https:\/\/www.promostar.it\/fr\/prodotto\/machine-a-souder-le-fil-metallique-tunnel-mesh\/","title":{"rendered":"Tunnel Mesh (Treillis pour tunnel)"},"content":{"rendered":"<p>[et_pb_section fb_built=\u00a0\u00bb1&Prime; _builder_version=\u00a0\u00bb4.17.0&Prime; _module_preset=\u00a0\u00bbdefault\u00a0\u00bb global_colors_info=\u00a0\u00bb{}\u00a0\u00bb][\/et_pb_section]<\/p>\n","protected":false},"excerpt":{"rendered":"<p>La <strong>machine \u00e0 souder les treillis pour tunnels<\/strong> est notre solution pour produire des \u00e9l\u00e9ments \u00e9lectrosoud\u00e9s rectilignes et curvilignes destin\u00e9s \u00e0 la r\u00e9alisation d&rsquo;armatures courbes pour les \u00e9l\u00e9ments en b\u00e9ton des tunnels (poutrelles en treillis pour tunnels).<\/p>\n<p>La <strong>machine \u00e0 souder les treillis m\u00e9talliques<\/strong> pour tunnels combine le processus de soudure \u00e9lectrique (par l&rsquo;interm\u00e9diaire de t\u00eates de soudage) avec la coupe \u00e0 la longueur et le fa\u00e7onnage des \u00e9l\u00e9ments de tunnel.<\/p>\n<p>La forme et les d\u00e9tails techniques de la ligne permettent de produire un produit de haute qualit\u00e9 selon la forme g\u00e9om\u00e9trique et les dimensions demand\u00e9es par les clients. Le produit final ne n\u00e9cessite pas de traitement suppl\u00e9mentaire et est pr\u00eat \u00e0 \u00eatre utilis\u00e9 dans les applications dans le secteur du b\u00e9ton pour les \u00e9l\u00e9ments de tunnel.<\/p>\n<p>Par rapport aux m\u00e9thodes de fabrication manuelles, les avantages de ce type de soudeuse automatique sont la productivit\u00e9, une plus grande flexibilit\u00e9 et rapidit\u00e9 dans les changements de diam\u00e8tre, la qualit\u00e9 et la r\u00e9p\u00e9tabilit\u00e9 du produit, le nombre limit\u00e9 d&rsquo;op\u00e9rateurs (en g\u00e9n\u00e9ral, un seul op\u00e9rateur contr\u00f4le l&rsquo;ensemble du syst\u00e8me) et les co\u00fbts de production et d&rsquo;entretien.<\/p>\n","protected":false},"featured_media":4653,"template":"","meta":{"_et_pb_use_builder":"on","_et_pb_old_content":"La <strong>machine \u00e0 souder les treillis pour tunnels<\/strong> est notre solution pour produire des \u00e9l\u00e9ments \u00e9lectrosoud\u00e9s rectilignes et curvilignes destin\u00e9s \u00e0 la r\u00e9alisation d'armatures courbes pour les \u00e9l\u00e9ments en b\u00e9ton des tunnels (poutrelles en treillis pour tunnels).\n\nLa <strong>machine \u00e0 souder les treillis m\u00e9talliques<\/strong> pour tunnels combine le processus de soudure \u00e9lectrique (par l'interm\u00e9diaire de t\u00eates de soudage) avec la coupe \u00e0 la longueur et le fa\u00e7onnage des \u00e9l\u00e9ments de tunnel.\n\nLa forme et les d\u00e9tails techniques de la ligne permettent de produire un produit de haute qualit\u00e9 selon la forme g\u00e9om\u00e9trique et les dimensions demand\u00e9es par les clients. Le produit final ne n\u00e9cessite pas de traitement suppl\u00e9mentaire et est pr\u00eat \u00e0 \u00eatre utilis\u00e9 dans les applications dans le secteur du b\u00e9ton pour les \u00e9l\u00e9ments de tunnel.\n\nPar rapport aux m\u00e9thodes de fabrication manuelles, les avantages de ce type de soudeuse automatique sont la productivit\u00e9, une plus grande flexibilit\u00e9 et rapidit\u00e9 dans les changements de diam\u00e8tre, la qualit\u00e9 et la r\u00e9p\u00e9tabilit\u00e9 du produit, le nombre limit\u00e9 d'op\u00e9rateurs (en g\u00e9n\u00e9ral, un seul op\u00e9rateur contr\u00f4le l'ensemble du syst\u00e8me) et les co\u00fbts de production et d'entretien.\n\nLa machine pour treillis pour tunnels est compos\u00e9e de plusieurs \u00e9l\u00e9ments.\n\nLa premi\u00e8re partie de la machine est le <strong>syst\u00e8me d'alimentation<\/strong>. La premi\u00e8re partie de la machine est le syst\u00e8me d'alimentation. Gr\u00e2ce aux unit\u00e9s de d\u00e9roulement et aux rouleaux de traction motoris\u00e9s, le mat\u00e9riau d'entr\u00e9e (fil compact lisse ou torsad\u00e9) est d\u00e9roul\u00e9 et tir\u00e9 vers l'unit\u00e9 de soudage de mani\u00e8re constante et \u00e0 la bonne vitesse.\n\nD'autres groupes, comme les unit\u00e9s d'insertion, le groupe d'avancement et le groupe de redressage, pr\u00e9parent et am\u00e8nent le fil longitudinal et transversal \u00e0 l'int\u00e9rieur de l'unit\u00e9 de soudage.\n\nGr\u00e2ce \u00e0 un <strong>proc\u00e9d\u00e9 d'\u00e9lectrosoudage<\/strong> par r\u00e9sistance, les fils longitudinaux sont soud\u00e9s avec les fils transversaux.\n\nSi n\u00e9cessaire, il est \u00e9galement possible de plier les extr\u00e9mit\u00e9s des fils crois\u00e9s, gr\u00e2ce \u00e0 l'action d'un <strong>dispositif de pliage<\/strong><strong>.<\/strong>\n\nLorsque la dimension du treillis pou tunnel est atteinte, une <strong>unit\u00e9 de cisaillement<\/strong> le coupe \u00e0 la longueur souhait\u00e9e.\n\nUne s\u00e9rie de bancs m\u00e9talliques mobiles \u00e0 la sortie, orient\u00e9s manuellement en fonction du rayon de courbure de l'\u00e9l\u00e9ment produit, soutiennent la maille pendant la phase de sortie et permettent \u00e0 l'op\u00e9rateur de prendre le produit final une fois qu'il est achev\u00e9.\n\n\u00a0\n\nNous disposons de diff\u00e9rents niveaux de personnalisation : de la solution de base o\u00f9 la machine peut produire des \u00e9l\u00e9ments de tunnel standard avec deux fils longitudinaux jusqu'\u00e0 la solution de haut niveau o\u00f9 la machine peut produire des \u00e9l\u00e9ments de tunnel avec quatre fils longitudinaux et avec la possibilit\u00e9 de plier les extr\u00e9mit\u00e9s des fils transversaux. En outre, la machine peut \u00eatre \u00e9quip\u00e9e d'un <strong>manipulateur automatique (robot)<\/strong> pour l'\u00e9vacuation et l'empilage des \u00e9l\u00e9ments soud\u00e9s.\n\nCe type de machine fait partie de notre division de machines sp\u00e9ciales et peut \u00e9videmment \u00eatre personnalis\u00e9 \u00e0 la demande de nos clients en fonction des diff\u00e9rentes formes et dimensions des produits finaux (la conception commence \u00e0 partir du produit final \u00e0 produire).\n\nEn raison des produits finaux sp\u00e9ciaux \u00e0 r\u00e9aliser, toutes les informations techniques rapport\u00e9es doivent \u00eatre consid\u00e9r\u00e9es comme indicatives et nous sugg\u00e9rons de nous contacter pour de plus amples d\u00e9tails.","_et_gb_content_width":""},"product_cat":[155,157],"product_tag":[],"yoast_head":"<!-- This site is optimized with the Yoast SEO plugin v20.5 - https:\/\/yoast.com\/wordpress\/plugins\/seo\/ -->\n<title>Machine \u00e0 souder le fil m\u00e9tallique Tunnel mesh | Promostar<\/title>\n<meta name=\"description\" content=\"La machine \u00e0 souder les treillis pour tunnels est notre solution pour produire des \u00e9l\u00e9ments \u00e9lectrosoud\u00e9s rectilignes et curvilignes destin\u00e9s \u00e0 la r\u00e9alisation d&#039;armatures courbes\" \/>\n<meta name=\"robots\" content=\"index, follow, max-snippet:-1, max-image-preview:large, max-video-preview:-1\" \/>\n<link rel=\"canonical\" href=\"https:\/\/www.promostar.it\/fr\/prodotto\/machine-a-souder-le-fil-metallique-tunnel-mesh\/\" \/>\n<meta property=\"og:locale\" content=\"fr_FR\" \/>\n<meta property=\"og:type\" content=\"article\" \/>\n<meta property=\"og:title\" content=\"Machine \u00e0 souder le fil m\u00e9tallique Tunnel mesh | Promostar\" \/>\n<meta property=\"og:description\" content=\"La machine \u00e0 souder les treillis pour tunnels est notre solution pour produire des \u00e9l\u00e9ments \u00e9lectrosoud\u00e9s rectilignes et curvilignes destin\u00e9s \u00e0 la r\u00e9alisation d&#039;armatures courbes\" \/>\n<meta property=\"og:url\" content=\"https:\/\/www.promostar.it\/fr\/prodotto\/machine-a-souder-le-fil-metallique-tunnel-mesh\/\" \/>\n<meta property=\"og:site_name\" content=\"PromoStar S.r.l.\" \/>\n<meta property=\"article:modified_time\" content=\"2023-04-17T09:44:33+00:00\" \/>\n<meta property=\"og:image\" content=\"https:\/\/www.promostar.it\/wp-content\/uploads\/2021\/11\/Copertina_Tunnel-Mesh-1.jpg\" \/>\n\t<meta property=\"og:image:width\" content=\"1200\" \/>\n\t<meta property=\"og:image:height\" content=\"1200\" \/>\n\t<meta property=\"og:image:type\" content=\"image\/jpeg\" \/>\n<meta name=\"twitter:card\" content=\"summary_large_image\" \/>\n<script type=\"application\/ld+json\" class=\"yoast-schema-graph\">{\"@context\":\"https:\/\/schema.org\",\"@graph\":[{\"@type\":\"WebPage\",\"@id\":\"https:\/\/www.promostar.it\/fr\/prodotto\/machine-a-souder-le-fil-metallique-tunnel-mesh\/\",\"url\":\"https:\/\/www.promostar.it\/fr\/prodotto\/machine-a-souder-le-fil-metallique-tunnel-mesh\/\",\"name\":\"Machine \u00e0 souder le fil m\u00e9tallique Tunnel mesh | Promostar\",\"isPartOf\":{\"@id\":\"https:\/\/www.promostar.it\/fr\/#website\"},\"datePublished\":\"2021-11-03T15:22:16+00:00\",\"dateModified\":\"2023-04-17T09:44:33+00:00\",\"description\":\"La machine \u00e0 souder les treillis pour tunnels est notre solution pour produire des \u00e9l\u00e9ments \u00e9lectrosoud\u00e9s rectilignes et curvilignes destin\u00e9s \u00e0 la r\u00e9alisation d'armatures courbes\",\"breadcrumb\":{\"@id\":\"https:\/\/www.promostar.it\/fr\/prodotto\/machine-a-souder-le-fil-metallique-tunnel-mesh\/#breadcrumb\"},\"inLanguage\":\"fr-FR\",\"potentialAction\":[{\"@type\":\"ReadAction\",\"target\":[\"https:\/\/www.promostar.it\/fr\/prodotto\/machine-a-souder-le-fil-metallique-tunnel-mesh\/\"]}]},{\"@type\":\"BreadcrumbList\",\"@id\":\"https:\/\/www.promostar.it\/fr\/prodotto\/machine-a-souder-le-fil-metallique-tunnel-mesh\/#breadcrumb\",\"itemListElement\":[{\"@type\":\"ListItem\",\"position\":1,\"name\":\"Home\",\"item\":\"https:\/\/www.promostar.it\/fr\/home-2\/\"},{\"@type\":\"ListItem\",\"position\":2,\"name\":\"Produits\",\"item\":\"https:\/\/www.promostar.it\/fr\/shop\/\"},{\"@type\":\"ListItem\",\"position\":3,\"name\":\"Tunnel Mesh (Treillis pour tunnel)\"}]},{\"@type\":\"WebSite\",\"@id\":\"https:\/\/www.promostar.it\/fr\/#website\",\"url\":\"https:\/\/www.promostar.it\/fr\/\",\"name\":\"PromoStar S.r.l.\",\"description\":\"Promostar \u00e8 l\u2019azienda leader e la prima ad introdurre il processo di stiratura\",\"publisher\":{\"@id\":\"https:\/\/www.promostar.it\/fr\/#organization\"},\"potentialAction\":[{\"@type\":\"SearchAction\",\"target\":{\"@type\":\"EntryPoint\",\"urlTemplate\":\"https:\/\/www.promostar.it\/fr\/?s={search_term_string}\"},\"query-input\":\"required name=search_term_string\"}],\"inLanguage\":\"fr-FR\"},{\"@type\":\"Organization\",\"@id\":\"https:\/\/www.promostar.it\/fr\/#organization\",\"name\":\"Promostar\",\"url\":\"https:\/\/www.promostar.it\/fr\/\",\"logo\":{\"@type\":\"ImageObject\",\"inLanguage\":\"fr-FR\",\"@id\":\"https:\/\/www.promostar.it\/fr\/#\/schema\/logo\/image\/\",\"url\":\"https:\/\/www.promostar.it\/wp-content\/uploads\/2020\/10\/promostar-logo.png\",\"contentUrl\":\"https:\/\/www.promostar.it\/wp-content\/uploads\/2020\/10\/promostar-logo.png\",\"width\":210,\"height\":69,\"caption\":\"Promostar\"},\"image\":{\"@id\":\"https:\/\/www.promostar.it\/fr\/#\/schema\/logo\/image\/\"}}]}<\/script>\n<!-- \/ Yoast SEO plugin. -->","yoast_head_json":{"title":"Machine \u00e0 souder le fil m\u00e9tallique Tunnel mesh | Promostar","description":"La machine \u00e0 souder les treillis pour tunnels est notre solution pour produire des \u00e9l\u00e9ments \u00e9lectrosoud\u00e9s rectilignes et curvilignes destin\u00e9s \u00e0 la r\u00e9alisation d'armatures courbes","robots":{"index":"index","follow":"follow","max-snippet":"max-snippet:-1","max-image-preview":"max-image-preview:large","max-video-preview":"max-video-preview:-1"},"canonical":"https:\/\/www.promostar.it\/fr\/prodotto\/machine-a-souder-le-fil-metallique-tunnel-mesh\/","og_locale":"fr_FR","og_type":"article","og_title":"Machine \u00e0 souder le fil m\u00e9tallique Tunnel mesh | Promostar","og_description":"La machine \u00e0 souder les treillis pour tunnels est notre solution pour produire des \u00e9l\u00e9ments \u00e9lectrosoud\u00e9s rectilignes et curvilignes destin\u00e9s \u00e0 la r\u00e9alisation d'armatures courbes","og_url":"https:\/\/www.promostar.it\/fr\/prodotto\/machine-a-souder-le-fil-metallique-tunnel-mesh\/","og_site_name":"PromoStar S.r.l.","article_modified_time":"2023-04-17T09:44:33+00:00","og_image":[{"width":1200,"height":1200,"url":"https:\/\/www.promostar.it\/wp-content\/uploads\/2021\/11\/Copertina_Tunnel-Mesh-1.jpg","type":"image\/jpeg"}],"twitter_card":"summary_large_image","schema":{"@context":"https:\/\/schema.org","@graph":[{"@type":"WebPage","@id":"https:\/\/www.promostar.it\/fr\/prodotto\/machine-a-souder-le-fil-metallique-tunnel-mesh\/","url":"https:\/\/www.promostar.it\/fr\/prodotto\/machine-a-souder-le-fil-metallique-tunnel-mesh\/","name":"Machine \u00e0 souder le fil m\u00e9tallique Tunnel mesh | Promostar","isPartOf":{"@id":"https:\/\/www.promostar.it\/fr\/#website"},"datePublished":"2021-11-03T15:22:16+00:00","dateModified":"2023-04-17T09:44:33+00:00","description":"La machine \u00e0 souder les treillis pour tunnels est notre solution pour produire des \u00e9l\u00e9ments \u00e9lectrosoud\u00e9s rectilignes et curvilignes destin\u00e9s \u00e0 la r\u00e9alisation d'armatures courbes","breadcrumb":{"@id":"https:\/\/www.promostar.it\/fr\/prodotto\/machine-a-souder-le-fil-metallique-tunnel-mesh\/#breadcrumb"},"inLanguage":"fr-FR","potentialAction":[{"@type":"ReadAction","target":["https:\/\/www.promostar.it\/fr\/prodotto\/machine-a-souder-le-fil-metallique-tunnel-mesh\/"]}]},{"@type":"BreadcrumbList","@id":"https:\/\/www.promostar.it\/fr\/prodotto\/machine-a-souder-le-fil-metallique-tunnel-mesh\/#breadcrumb","itemListElement":[{"@type":"ListItem","position":1,"name":"Home","item":"https:\/\/www.promostar.it\/fr\/home-2\/"},{"@type":"ListItem","position":2,"name":"Produits","item":"https:\/\/www.promostar.it\/fr\/shop\/"},{"@type":"ListItem","position":3,"name":"Tunnel Mesh (Treillis pour tunnel)"}]},{"@type":"WebSite","@id":"https:\/\/www.promostar.it\/fr\/#website","url":"https:\/\/www.promostar.it\/fr\/","name":"PromoStar S.r.l.","description":"Promostar \u00e8 l\u2019azienda leader e la prima ad introdurre il processo di stiratura","publisher":{"@id":"https:\/\/www.promostar.it\/fr\/#organization"},"potentialAction":[{"@type":"SearchAction","target":{"@type":"EntryPoint","urlTemplate":"https:\/\/www.promostar.it\/fr\/?s={search_term_string}"},"query-input":"required name=search_term_string"}],"inLanguage":"fr-FR"},{"@type":"Organization","@id":"https:\/\/www.promostar.it\/fr\/#organization","name":"Promostar","url":"https:\/\/www.promostar.it\/fr\/","logo":{"@type":"ImageObject","inLanguage":"fr-FR","@id":"https:\/\/www.promostar.it\/fr\/#\/schema\/logo\/image\/","url":"https:\/\/www.promostar.it\/wp-content\/uploads\/2020\/10\/promostar-logo.png","contentUrl":"https:\/\/www.promostar.it\/wp-content\/uploads\/2020\/10\/promostar-logo.png","width":210,"height":69,"caption":"Promostar"},"image":{"@id":"https:\/\/www.promostar.it\/fr\/#\/schema\/logo\/image\/"}}]}},"_links":{"self":[{"href":"https:\/\/www.promostar.it\/fr\/wp-json\/wp\/v3\/product\/5401"}],"collection":[{"href":"https:\/\/www.promostar.it\/fr\/wp-json\/wp\/v3\/product"}],"about":[{"href":"https:\/\/www.promostar.it\/fr\/wp-json\/wp\/v2\/types\/product"}],"wp:featuredmedia":[{"embeddable":true,"href":"https:\/\/www.promostar.it\/fr\/wp-json\/wp\/v2\/media\/4653"}],"wp:attachment":[{"href":"https:\/\/www.promostar.it\/fr\/wp-json\/wp\/v2\/media?parent=5401"}],"wp:term":[{"taxonomy":"product_cat","embeddable":true,"href":"https:\/\/www.promostar.it\/fr\/wp-json\/wp\/v2\/product_cat?post=5401"},{"taxonomy":"product_tag","embeddable":true,"href":"https:\/\/www.promostar.it\/fr\/wp-json\/wp\/v2\/product_tag?post=5401"}],"curies":[{"name":"wp","href":"https:\/\/api.w.org\/{rel}","templated":true}]}}