{"id":5400,"date":"2022-04-05T15:05:00","date_gmt":"2022-04-05T13:05:00","guid":{"rendered":"https:\/\/www.promostar.it\/prodotto\/bobineuses-horizontales\/"},"modified":"2023-04-17T11:47:03","modified_gmt":"2023-04-17T09:47:03","slug":"bobineuses-horizontales","status":"publish","type":"product","link":"https:\/\/www.promostar.it\/fr\/prodotto\/bobineuses-horizontales\/","title":{"rendered":"Bobineuses horizontales"},"content":{"rendered":"<p>[et_pb_section fb_built=\u00a0\u00bb1&Prime; _builder_version=\u00a0\u00bb4.17.0&Prime; _module_preset=\u00a0\u00bbdefault\u00a0\u00bb global_colors_info=\u00a0\u00bb{}\u00a0\u00bb][\/et_pb_section]<\/p>\n","protected":false},"excerpt":{"rendered":"<p>Les <strong>bobineuses horizontales<\/strong> sont utilis\u00e9es pour produire des <strong>couronnes compactes de fil d&rsquo;acier lisse, torsad\u00e9s ou crant\u00e9s<\/strong>, destin\u00e9es \u00e0 \u00eatre utilis\u00e9es dans des produits tels que les treillis d&rsquo;armature, les \u00e9triers, les cages et les poutrelles en treillis pour la construction civile et industrielle, les fondations et l&rsquo;industrie de la pr\u00e9fabrication.<\/p>\n<p>La <strong>bobineuse horizontale<\/strong> est notre solution de base pour les machines de laminage \u00e0 froid et d&rsquo;\u00e9tirage qui peuvent travailler avec des <a href=\"https:\/\/www.promostar.it\/prodotto\/electrical-mechanical-revamping-and-refurbishment\/\"><strong><u>bobines fixes<\/u><\/strong><\/a> ou <a href=\"https:\/\/www.promostar.it\/prodotto\/collapsible-spools-take-a-part-reels\/\"><strong><u>repliables<\/u><\/strong><\/a> de diff\u00e9rentes dimensions et capacit\u00e9s de poids.<\/p>\n<p>Dans cette bobineuse, l&rsquo;axe de la bobine est orient\u00e9 horizontalement et toutes les op\u00e9rations (\u00e0 l&rsquo;exception de l&rsquo;enroulement) sont effectu\u00e9es manuellement par l&rsquo;op\u00e9rateur (chargement et d\u00e9chargement de la bobine, coupe du fil et enfilage du fil).<\/p>\n<p>Le produit final <strong>peut alimenter n&rsquo;importe quel type de machine de soudage de treillis d&rsquo;armature ou d&rsquo;\u00e9quipement de coupe et de cintrage<\/strong>.<\/p>\n<p>La machine est <strong>ergonomique et compacte<\/strong>, tous les composants principaux \u00e9tant int\u00e9gr\u00e9s dans le corps compact. Cette caract\u00e9ristique permet de <strong>r\u00e9duire consid\u00e9rablement le bruit et la dispersion<\/strong> des poussi\u00e8res dans l&rsquo;environnement et d&rsquo;<strong>augmenter le niveau de s\u00e9curit\u00e9<\/strong>, am\u00e9liorant ainsi les conditions de travail des op\u00e9rateurs.<\/p>\n","protected":false},"featured_media":4749,"template":"","meta":{"_et_pb_use_builder":"on","_et_pb_old_content":"Les <strong>bobineuses horizontales<\/strong> sont utilis\u00e9es pour produire des <strong>couronnes compactes de fil d'acier lisse, torsad\u00e9s ou crant\u00e9s<\/strong>, destin\u00e9es \u00e0 \u00eatre utilis\u00e9es dans des produits tels que les treillis d'armature, les \u00e9triers, les cages et les poutrelles en treillis pour la construction civile et industrielle, les fondations et l'industrie de la pr\u00e9fabrication.\n\nLa <strong>bobineuse horizontale<\/strong> est notre solution de base pour les machines de laminage \u00e0 froid et d'\u00e9tirage qui peuvent travailler avec des <a href=\"https:\/\/www.promostar.it\/prodotto\/electrical-mechanical-revamping-and-refurbishment\/\"><strong><u>bobines fixes<\/u><\/strong><\/a> ou <a href=\"https:\/\/www.promostar.it\/prodotto\/collapsible-spools-take-a-part-reels\/\"><strong><u>repliables<\/u><\/strong><\/a> de diff\u00e9rentes dimensions et capacit\u00e9s de poids.\n\nDans cette bobineuse, l'axe de la bobine est orient\u00e9 horizontalement et toutes les op\u00e9rations (\u00e0 l'exception de l'enroulement) sont effectu\u00e9es manuellement par l'op\u00e9rateur (chargement et d\u00e9chargement de la bobine, coupe du fil et enfilage du fil).\n\nLe produit final <strong>peut alimenter n'importe quel type de machine de soudage de treillis d'armature ou d'\u00e9quipement de coupe et de cintrage<\/strong>.\n\nLa machine est <strong>ergonomique et compacte<\/strong>, tous les composants principaux \u00e9tant int\u00e9gr\u00e9s dans le corps compact. Cette caract\u00e9ristique permet de <strong>r\u00e9duire consid\u00e9rablement le bruit et la dispersion<\/strong> des poussi\u00e8res dans l'environnement et d'<strong>augmenter le niveau de s\u00e9curit\u00e9<\/strong>, am\u00e9liorant ainsi les conditions de travail des op\u00e9rateurs.\n\nUn autre avantage pour les op\u00e9rateurs est la rapidit\u00e9 des proc\u00e9dures de changement de bobine ou de maintenance, car tous les principaux composants, tels que les syst\u00e8mes \u00e9lectriques, hydrauliques et autres, sont commod\u00e9ment dispos\u00e9s \u00e0 l'int\u00e9rieur du m\u00eame corps afin de simplifier toute op\u00e9ration sur la machine.\n\nLa bobineuse est constitu\u00e9e d'une structure en acier robuste con\u00e7ue et fabriqu\u00e9e pour supporter les charges dynamiques importantes d\u00e9velopp\u00e9es pendant l'enroulement des bobines. Un \u00e9paulement supporte l'axe central fixe et les \u00e9l\u00e9ments de transmission de puissance. Les \u00e9l\u00e9ments de transmission comprennent une poulie avec les courroies correspondantes pour le raccordement au moteur \u00e0 courant alternatif et un <strong>double frein \u00e0 disque hydraulique<\/strong> pour les arr\u00eats normaux et d'urgence.\n\nL'axe central mobile, actionn\u00e9 par un v\u00e9rin hydraulique, est positionn\u00e9 sur l'\u00e9paulement oppos\u00e9 et, avec l'axe central fixe, maintient la bobine en position.\n\nLe dispositif de guidage du fil est actionn\u00e9 par un moteur \u00e9lectrique et permet de r\u00e9gler l'espacement de la spirale du fil.\n\nL'axe central mobile est actionn\u00e9 hydrauliquement tandis qu'une plate-forme mobile facilite tous les mouvements de la bobine \u00e0 l'int\u00e9rieur de la bobineuse.\n\nLa forme et les d\u00e9tails techniques de nos lignes permettent de produire des <strong>bobines, conditionn\u00e9es en bobines <a href=\"https:\/\/www.promostar.it\/prodotto\/electrical-mechanical-revamping-and-refurbishment\/\"><u>fixes<\/u><\/a> ou <a href=\"https:\/\/www.promostar.it\/prodotto\/collapsible-spools-take-a-part-reels\/\"><u>d\u00e9montables<\/u><\/a><\/strong> avec un poids pouvant \u00eatre r\u00e9gl\u00e9 jusqu\u2019\u00e0 3 tonnes. G\u00e9n\u00e9ralement, les bobines produites sont utilis\u00e9es pour la fabrication de treillis d'armature, d'\u00e9triers, de cages et de poutrelles en treillis pour la construction civile et industrielle, les fondations et l'industrie de la pr\u00e9fabrication.\n\nNotre bobineuse de fil fait normalement partie de nos lignes de laminage \u00e0 froid, d'\u00e9tirage et de tr\u00e9filage, mais elle peut \u00e9galement \u00eatre int\u00e9gr\u00e9e \u00e0 n'importe quelle ligne existante.","_et_gb_content_width":""},"product_cat":[159],"product_tag":[],"yoast_head":"<!-- This site is optimized with the Yoast SEO plugin v20.5 - https:\/\/yoast.com\/wordpress\/plugins\/seo\/ -->\n<title>Bobineuse horizontale | Promostar<\/title>\n<meta name=\"description\" content=\"Les bobineuses horizontales sont utilis\u00e9es pour produire des couronnes compactes de fil d&#039;acier lisse, torsad\u00e9s ou crant\u00e9s, destin\u00e9es \u00e0 \u00eatre utilis\u00e9es dans des produits\" \/>\n<meta name=\"robots\" content=\"index, follow, max-snippet:-1, max-image-preview:large, max-video-preview:-1\" \/>\n<link rel=\"canonical\" href=\"https:\/\/www.promostar.it\/fr\/prodotto\/bobineuses-horizontales\/\" \/>\n<meta property=\"og:locale\" content=\"fr_FR\" \/>\n<meta property=\"og:type\" content=\"article\" \/>\n<meta property=\"og:title\" content=\"Bobineuse horizontale | Promostar\" \/>\n<meta property=\"og:description\" content=\"Les bobineuses horizontales sont utilis\u00e9es pour produire des couronnes compactes de fil d&#039;acier lisse, torsad\u00e9s ou crant\u00e9s, destin\u00e9es \u00e0 \u00eatre utilis\u00e9es dans des produits\" \/>\n<meta property=\"og:url\" content=\"https:\/\/www.promostar.it\/fr\/prodotto\/bobineuses-horizontales\/\" \/>\n<meta property=\"og:site_name\" content=\"PromoStar S.r.l.\" \/>\n<meta property=\"article:modified_time\" content=\"2023-04-17T09:47:03+00:00\" \/>\n<meta property=\"og:image\" content=\"https:\/\/www.promostar.it\/wp-content\/uploads\/2022\/04\/Copertine_Horizontal-Spooler-1.jpg\" \/>\n\t<meta property=\"og:image:width\" content=\"465\" \/>\n\t<meta property=\"og:image:height\" content=\"465\" \/>\n\t<meta property=\"og:image:type\" content=\"image\/jpeg\" \/>\n<meta name=\"twitter:card\" content=\"summary_large_image\" \/>\n<script type=\"application\/ld+json\" class=\"yoast-schema-graph\">{\"@context\":\"https:\/\/schema.org\",\"@graph\":[{\"@type\":\"WebPage\",\"@id\":\"https:\/\/www.promostar.it\/fr\/prodotto\/bobineuses-horizontales\/\",\"url\":\"https:\/\/www.promostar.it\/fr\/prodotto\/bobineuses-horizontales\/\",\"name\":\"Bobineuse horizontale | Promostar\",\"isPartOf\":{\"@id\":\"https:\/\/www.promostar.it\/fr\/#website\"},\"datePublished\":\"2022-04-05T13:05:00+00:00\",\"dateModified\":\"2023-04-17T09:47:03+00:00\",\"description\":\"Les bobineuses horizontales sont utilis\u00e9es pour produire des couronnes compactes de fil d'acier lisse, torsad\u00e9s ou crant\u00e9s, destin\u00e9es \u00e0 \u00eatre utilis\u00e9es dans des produits\",\"breadcrumb\":{\"@id\":\"https:\/\/www.promostar.it\/fr\/prodotto\/bobineuses-horizontales\/#breadcrumb\"},\"inLanguage\":\"fr-FR\",\"potentialAction\":[{\"@type\":\"ReadAction\",\"target\":[\"https:\/\/www.promostar.it\/fr\/prodotto\/bobineuses-horizontales\/\"]}]},{\"@type\":\"BreadcrumbList\",\"@id\":\"https:\/\/www.promostar.it\/fr\/prodotto\/bobineuses-horizontales\/#breadcrumb\",\"itemListElement\":[{\"@type\":\"ListItem\",\"position\":1,\"name\":\"Home\",\"item\":\"https:\/\/www.promostar.it\/fr\/home-2\/\"},{\"@type\":\"ListItem\",\"position\":2,\"name\":\"Produits\",\"item\":\"https:\/\/www.promostar.it\/fr\/shop\/\"},{\"@type\":\"ListItem\",\"position\":3,\"name\":\"Bobineuses horizontales\"}]},{\"@type\":\"WebSite\",\"@id\":\"https:\/\/www.promostar.it\/fr\/#website\",\"url\":\"https:\/\/www.promostar.it\/fr\/\",\"name\":\"PromoStar S.r.l.\",\"description\":\"Promostar \u00e8 l\u2019azienda leader e la prima ad introdurre il processo di stiratura\",\"publisher\":{\"@id\":\"https:\/\/www.promostar.it\/fr\/#organization\"},\"potentialAction\":[{\"@type\":\"SearchAction\",\"target\":{\"@type\":\"EntryPoint\",\"urlTemplate\":\"https:\/\/www.promostar.it\/fr\/?s={search_term_string}\"},\"query-input\":\"required name=search_term_string\"}],\"inLanguage\":\"fr-FR\"},{\"@type\":\"Organization\",\"@id\":\"https:\/\/www.promostar.it\/fr\/#organization\",\"name\":\"Promostar\",\"url\":\"https:\/\/www.promostar.it\/fr\/\",\"logo\":{\"@type\":\"ImageObject\",\"inLanguage\":\"fr-FR\",\"@id\":\"https:\/\/www.promostar.it\/fr\/#\/schema\/logo\/image\/\",\"url\":\"https:\/\/www.promostar.it\/wp-content\/uploads\/2020\/10\/promostar-logo.png\",\"contentUrl\":\"https:\/\/www.promostar.it\/wp-content\/uploads\/2020\/10\/promostar-logo.png\",\"width\":210,\"height\":69,\"caption\":\"Promostar\"},\"image\":{\"@id\":\"https:\/\/www.promostar.it\/fr\/#\/schema\/logo\/image\/\"}}]}<\/script>\n<!-- \/ Yoast SEO plugin. -->","yoast_head_json":{"title":"Bobineuse horizontale | Promostar","description":"Les bobineuses horizontales sont utilis\u00e9es pour produire des couronnes compactes de fil d'acier lisse, torsad\u00e9s ou crant\u00e9s, destin\u00e9es \u00e0 \u00eatre utilis\u00e9es dans des produits","robots":{"index":"index","follow":"follow","max-snippet":"max-snippet:-1","max-image-preview":"max-image-preview:large","max-video-preview":"max-video-preview:-1"},"canonical":"https:\/\/www.promostar.it\/fr\/prodotto\/bobineuses-horizontales\/","og_locale":"fr_FR","og_type":"article","og_title":"Bobineuse horizontale | Promostar","og_description":"Les bobineuses horizontales sont utilis\u00e9es pour produire des couronnes compactes de fil d'acier lisse, torsad\u00e9s ou crant\u00e9s, destin\u00e9es \u00e0 \u00eatre utilis\u00e9es dans des produits","og_url":"https:\/\/www.promostar.it\/fr\/prodotto\/bobineuses-horizontales\/","og_site_name":"PromoStar S.r.l.","article_modified_time":"2023-04-17T09:47:03+00:00","og_image":[{"width":465,"height":465,"url":"https:\/\/www.promostar.it\/wp-content\/uploads\/2022\/04\/Copertine_Horizontal-Spooler-1.jpg","type":"image\/jpeg"}],"twitter_card":"summary_large_image","schema":{"@context":"https:\/\/schema.org","@graph":[{"@type":"WebPage","@id":"https:\/\/www.promostar.it\/fr\/prodotto\/bobineuses-horizontales\/","url":"https:\/\/www.promostar.it\/fr\/prodotto\/bobineuses-horizontales\/","name":"Bobineuse horizontale | Promostar","isPartOf":{"@id":"https:\/\/www.promostar.it\/fr\/#website"},"datePublished":"2022-04-05T13:05:00+00:00","dateModified":"2023-04-17T09:47:03+00:00","description":"Les bobineuses horizontales sont utilis\u00e9es pour produire des couronnes compactes de fil d'acier lisse, torsad\u00e9s ou crant\u00e9s, destin\u00e9es \u00e0 \u00eatre utilis\u00e9es dans des produits","breadcrumb":{"@id":"https:\/\/www.promostar.it\/fr\/prodotto\/bobineuses-horizontales\/#breadcrumb"},"inLanguage":"fr-FR","potentialAction":[{"@type":"ReadAction","target":["https:\/\/www.promostar.it\/fr\/prodotto\/bobineuses-horizontales\/"]}]},{"@type":"BreadcrumbList","@id":"https:\/\/www.promostar.it\/fr\/prodotto\/bobineuses-horizontales\/#breadcrumb","itemListElement":[{"@type":"ListItem","position":1,"name":"Home","item":"https:\/\/www.promostar.it\/fr\/home-2\/"},{"@type":"ListItem","position":2,"name":"Produits","item":"https:\/\/www.promostar.it\/fr\/shop\/"},{"@type":"ListItem","position":3,"name":"Bobineuses horizontales"}]},{"@type":"WebSite","@id":"https:\/\/www.promostar.it\/fr\/#website","url":"https:\/\/www.promostar.it\/fr\/","name":"PromoStar S.r.l.","description":"Promostar \u00e8 l\u2019azienda leader e la prima ad introdurre il processo di stiratura","publisher":{"@id":"https:\/\/www.promostar.it\/fr\/#organization"},"potentialAction":[{"@type":"SearchAction","target":{"@type":"EntryPoint","urlTemplate":"https:\/\/www.promostar.it\/fr\/?s={search_term_string}"},"query-input":"required name=search_term_string"}],"inLanguage":"fr-FR"},{"@type":"Organization","@id":"https:\/\/www.promostar.it\/fr\/#organization","name":"Promostar","url":"https:\/\/www.promostar.it\/fr\/","logo":{"@type":"ImageObject","inLanguage":"fr-FR","@id":"https:\/\/www.promostar.it\/fr\/#\/schema\/logo\/image\/","url":"https:\/\/www.promostar.it\/wp-content\/uploads\/2020\/10\/promostar-logo.png","contentUrl":"https:\/\/www.promostar.it\/wp-content\/uploads\/2020\/10\/promostar-logo.png","width":210,"height":69,"caption":"Promostar"},"image":{"@id":"https:\/\/www.promostar.it\/fr\/#\/schema\/logo\/image\/"}}]}},"_links":{"self":[{"href":"https:\/\/www.promostar.it\/fr\/wp-json\/wp\/v3\/product\/5400"}],"collection":[{"href":"https:\/\/www.promostar.it\/fr\/wp-json\/wp\/v3\/product"}],"about":[{"href":"https:\/\/www.promostar.it\/fr\/wp-json\/wp\/v2\/types\/product"}],"wp:featuredmedia":[{"embeddable":true,"href":"https:\/\/www.promostar.it\/fr\/wp-json\/wp\/v2\/media\/4749"}],"wp:attachment":[{"href":"https:\/\/www.promostar.it\/fr\/wp-json\/wp\/v2\/media?parent=5400"}],"wp:term":[{"taxonomy":"product_cat","embeddable":true,"href":"https:\/\/www.promostar.it\/fr\/wp-json\/wp\/v2\/product_cat?post=5400"},{"taxonomy":"product_tag","embeddable":true,"href":"https:\/\/www.promostar.it\/fr\/wp-json\/wp\/v2\/product_tag?post=5400"}],"curies":[{"name":"wp","href":"https:\/\/api.w.org\/{rel}","templated":true}]}}