{"id":5399,"date":"2022-04-05T15:14:37","date_gmt":"2022-04-05T13:14:37","guid":{"rendered":"https:\/\/www.promostar.it\/prodotto\/machines-a-enrouleur-statique-avec-point-inactif-dead-block\/"},"modified":"2023-04-17T11:46:49","modified_gmt":"2023-04-17T09:46:49","slug":"machines-a-enrouleur-statique-avec-point-inactif-dead-block","status":"publish","type":"product","link":"https:\/\/www.promostar.it\/fr\/prodotto\/machines-a-enrouleur-statique-avec-point-inactif-dead-block\/","title":{"rendered":"Machines \u00e0 enrouleur statique avec point inactif (dead block)"},"content":{"rendered":"<p>[et_pb_section fb_built=\u00a0\u00bb1&Prime; _builder_version=\u00a0\u00bb4.17.0&Prime; _module_preset=\u00a0\u00bbdefault\u00a0\u00bb global_colors_info=\u00a0\u00bb{}\u00a0\u00bb][\/et_pb_section]<\/p>\n","protected":false},"excerpt":{"rendered":"<p>Les <strong>machines \u00e0 enrouleur statique avec point inactif<\/strong> utilis\u00e9es pour produire des <strong>rouleaux de fil d&rsquo;acier<\/strong> destin\u00e9s \u00e0 \u00eatre utilis\u00e9s dans le secteur industriel ou agricole pour la production de fil lisse, de fil galvanis\u00e9, de fil brillant, de fil barbel\u00e9, de fil de balle, file de bari\u00e8re, de fils de cl\u00f4ture, de fil \u00e0 ressort, de clous et de fil d&rsquo;attache.<\/p>\n<p>Les <strong>machines \u00e0 enrouleur statique avec point inactif<\/strong>, fabriqu\u00e9es par Promostar sont des unit\u00e9s uniques capables d&rsquo;enrouler le fil d&rsquo;acier apr\u00e8s le processus de tr\u00e9filage ou de laminage \u00e0 froid sur des <a href=\"https:\/\/www.promostar.it\/prodotto\/spider-reels-wire-carrier\/\"><u>tourets \u00e0 croisillons<\/u><\/a> fixes ou rotatives de diff\u00e9rentes capacit\u00e9s de poids.<\/p>\n<p>L\u2019<strong>enrouleur statique avec point inactif<\/strong> est notre machine d\u00e9di\u00e9e aux lignes de tr\u00e9filage \u00e0 froid.<\/p>\n<p>Il est compos\u00e9 d&rsquo;une structure robuste en acier soud\u00e9 avec une t\u00eate de <strong>formage horizontale con\u00e7ue<\/strong> pour recueillir le fil tr\u00e9fil\u00e9 sur des <strong>tiges verticales (<\/strong><a href=\"https:\/\/www.promostar.it\/prodotto\/spider-reels-wire-carrier\/\"><strong><u>tourets \u00e0 croisillons<\/u><\/strong><\/a><strong>).<\/strong> La structure, totalement ferm\u00e9e pour des raisons de bruit et de s\u00e9curit\u00e9, est con\u00e7ue pour contenir toutes les transmissions m\u00e9caniques ainsi que le moteur principal.<\/p>\n<p>La <strong>t\u00eate de formage<\/strong> est compos\u00e9e d&rsquo;un <strong>double cabestan<\/strong> mont\u00e9 sur des roulements positionn\u00e9s sur un arbre creux.<\/p>\n","protected":false},"featured_media":4806,"template":"","meta":{"_et_pb_use_builder":"on","_et_pb_old_content":"Les <strong>machines \u00e0 enrouleur statique avec point inactif<\/strong> utilis\u00e9es pour produire des <strong>rouleaux de fil d'acier<\/strong> destin\u00e9s \u00e0 \u00eatre utilis\u00e9s dans le secteur industriel ou agricole pour la production de fil lisse, de fil galvanis\u00e9, de fil brillant, de fil barbel\u00e9, de fil de balle, file de bari\u00e8re, de fils de cl\u00f4ture, de fil \u00e0 ressort, de clous et de fil d'attache.\n\nLes <strong>machines \u00e0 enrouleur statique avec point inactif<\/strong>, fabriqu\u00e9es par Promostar sont des unit\u00e9s uniques capables d'enrouler le fil d'acier apr\u00e8s le processus de tr\u00e9filage ou de laminage \u00e0 froid sur des <a href=\"https:\/\/www.promostar.it\/prodotto\/spider-reels-wire-carrier\/\"><u>tourets \u00e0 croisillons<\/u><\/a> fixes ou rotatives de diff\u00e9rentes capacit\u00e9s de poids.\n\nL\u2019<strong>enrouleur statique avec point inactif<\/strong> est notre machine d\u00e9di\u00e9e aux lignes de tr\u00e9filage \u00e0 froid.\n\nIl est compos\u00e9 d'une structure robuste en acier soud\u00e9 avec une t\u00eate de <strong>formage horizontale con\u00e7ue<\/strong> pour recueillir le fil tr\u00e9fil\u00e9 sur des <strong>tiges verticales (<\/strong><a href=\"https:\/\/www.promostar.it\/prodotto\/spider-reels-wire-carrier\/\"><strong><u>tourets \u00e0 croisillons<\/u><\/strong><\/a><strong>).<\/strong> La structure, totalement ferm\u00e9e pour des raisons de bruit et de s\u00e9curit\u00e9, est con\u00e7ue pour contenir toutes les transmissions m\u00e9caniques ainsi que le moteur principal.\n\nLa <strong>t\u00eate de formage<\/strong> est compos\u00e9e d'un <strong>double cabestan<\/strong> mont\u00e9 sur des roulements positionn\u00e9s sur un arbre creux.\n\n\u00a0\n\nL'enroulement du fil sur la t\u00eate de formage est obtenu par un <strong>bras rotatif<\/strong> qui est fix\u00e9 sur l'arbre creux de la t\u00eate de formage \u00e0 travers lequel passe le fil. Sur ce dispositif rotatif, qui tourne autour de la circonf\u00e9rence, est mont\u00e9e un <strong>redresseur du fil<\/strong> qui comporte des rouleaux sur deux plans orthogonaux (vertical et horizontal) et trois rouleaux de d\u00e9viation du fil.\n\nLa vitesse du bras est continuellement modifi\u00e9e pour fonctionner en fonction de la vitesse du fil \u00e0 la sortie de la ligne multipasse.\n\nLa transmission du moteur principal (CA) au bras rotatif est assur\u00e9e par des courroies trap\u00e9zo\u00efdales et des poulies \u00e9quilibr\u00e9es. Sur l'arbre de la t\u00eate de formage se trouve \u00e9galement un frein \u00e0 disque \u00e9lectropneumatique. Le freinage, aussi bien en cas d'urgence que dans des conditions normales de d\u00e9c\u00e9l\u00e9ration, est obtenu par un freinage contr\u00f4l\u00e9 de type r\u00e9g\u00e9n\u00e9ratif.\n\nEn outre, toutes les pi\u00e8ces en contact avec le fil ont une surface de travail tremp\u00e9e, tandis que la t\u00eate de formage, sur laquelle est collect\u00e9 le fil, est refroidie \u00e0 l'eau par un syst\u00e8me de refroidissement.\n\nUn guide-fil tubulaire allong\u00e9, boulonn\u00e9 \u00e0 la t\u00eate de formage, permet le d\u00e9placement du fil vers la tige. Un dispositif de levage, command\u00e9 par un cylindre pneumatique, permet de soulever ce guide afin de faciliter le changement de la tige r\u00e9ceptrice de fil (tourets \u00e0 croisillons) lorsque celle-ci est pleine. Ce guide sert \u00e9galement de zone d'accumulation du fil lorsque la tige pleine (touret \u00e0 croisillons) est retir\u00e9e et qu'une tige vide est plac\u00e9e dans la position de l'unit\u00e9 de collecte du fil.\n\nUn pupitre de commande est install\u00e9 sur le point inactif (dead block), avec toutes les commandes et les voyants n\u00e9cessaires au bon fonctionnement de la bobineuse, comme sur les lignes multipasse.\n\nLa machine peut \u00eatre configur\u00e9e avec diff\u00e9rents dispositifs \u00e0 la demande des clients, comme une passe de r\u00e9duction suppl\u00e9mentaire (\u00e9galement appel\u00e9e \u00e9crouissage), une plate-forme \u00e0 croisillons rotative ou une plate-forme \u00e0 croisillons multipositions.\n\nNos machines \u00e0 enrouleur statique avec point inactif (deadblock) font partie de nos lignes de tr\u00e9filage mais peuvent \u00e9galement \u00eatre int\u00e9gr\u00e9es dans n'importe quel type de ligne existante.","_et_gb_content_width":""},"product_cat":[159],"product_tag":[],"yoast_head":"<!-- This site is optimized with the Yoast SEO plugin v20.5 - https:\/\/yoast.com\/wordpress\/plugins\/seo\/ -->\n<title>Machines \u00e0 enrouleur statique avec point inactif | Promostar<\/title>\n<meta name=\"description\" content=\"Les machines \u00e0 enrouleur statique avec point inactif utilis\u00e9es pour produire des rouleaux de fil d&#039;acier destin\u00e9s \u00e0 \u00eatre utilis\u00e9s dans le secteur industriel ou agricole\" \/>\n<meta name=\"robots\" content=\"index, follow, max-snippet:-1, max-image-preview:large, max-video-preview:-1\" \/>\n<link rel=\"canonical\" href=\"https:\/\/www.promostar.it\/fr\/prodotto\/machines-a-enrouleur-statique-avec-point-inactif-dead-block\/\" \/>\n<meta property=\"og:locale\" content=\"fr_FR\" \/>\n<meta property=\"og:type\" content=\"article\" \/>\n<meta property=\"og:title\" content=\"Machines \u00e0 enrouleur statique avec point inactif | Promostar\" \/>\n<meta property=\"og:description\" content=\"Les machines \u00e0 enrouleur statique avec point inactif utilis\u00e9es pour produire des rouleaux de fil d&#039;acier destin\u00e9s \u00e0 \u00eatre utilis\u00e9s dans le secteur industriel ou agricole\" \/>\n<meta property=\"og:url\" content=\"https:\/\/www.promostar.it\/fr\/prodotto\/machines-a-enrouleur-statique-avec-point-inactif-dead-block\/\" \/>\n<meta property=\"og:site_name\" content=\"PromoStar S.r.l.\" \/>\n<meta property=\"article:modified_time\" content=\"2023-04-17T09:46:49+00:00\" \/>\n<meta property=\"og:image\" content=\"https:\/\/www.promostar.it\/wp-content\/uploads\/2022\/04\/Copertina-Static-Coiler-1.jpg\" \/>\n\t<meta property=\"og:image:width\" content=\"465\" \/>\n\t<meta property=\"og:image:height\" content=\"465\" \/>\n\t<meta property=\"og:image:type\" content=\"image\/jpeg\" \/>\n<meta name=\"twitter:card\" content=\"summary_large_image\" \/>\n<script type=\"application\/ld+json\" class=\"yoast-schema-graph\">{\"@context\":\"https:\/\/schema.org\",\"@graph\":[{\"@type\":\"WebPage\",\"@id\":\"https:\/\/www.promostar.it\/fr\/prodotto\/machines-a-enrouleur-statique-avec-point-inactif-dead-block\/\",\"url\":\"https:\/\/www.promostar.it\/fr\/prodotto\/machines-a-enrouleur-statique-avec-point-inactif-dead-block\/\",\"name\":\"Machines \u00e0 enrouleur statique avec point inactif | Promostar\",\"isPartOf\":{\"@id\":\"https:\/\/www.promostar.it\/fr\/#website\"},\"datePublished\":\"2022-04-05T13:14:37+00:00\",\"dateModified\":\"2023-04-17T09:46:49+00:00\",\"description\":\"Les machines \u00e0 enrouleur statique avec point inactif utilis\u00e9es pour produire des rouleaux de fil d'acier destin\u00e9s \u00e0 \u00eatre utilis\u00e9s dans le secteur industriel ou agricole\",\"breadcrumb\":{\"@id\":\"https:\/\/www.promostar.it\/fr\/prodotto\/machines-a-enrouleur-statique-avec-point-inactif-dead-block\/#breadcrumb\"},\"inLanguage\":\"fr-FR\",\"potentialAction\":[{\"@type\":\"ReadAction\",\"target\":[\"https:\/\/www.promostar.it\/fr\/prodotto\/machines-a-enrouleur-statique-avec-point-inactif-dead-block\/\"]}]},{\"@type\":\"BreadcrumbList\",\"@id\":\"https:\/\/www.promostar.it\/fr\/prodotto\/machines-a-enrouleur-statique-avec-point-inactif-dead-block\/#breadcrumb\",\"itemListElement\":[{\"@type\":\"ListItem\",\"position\":1,\"name\":\"Home\",\"item\":\"https:\/\/www.promostar.it\/fr\/home-2\/\"},{\"@type\":\"ListItem\",\"position\":2,\"name\":\"Produits\",\"item\":\"https:\/\/www.promostar.it\/fr\/shop\/\"},{\"@type\":\"ListItem\",\"position\":3,\"name\":\"Machines \u00e0 enrouleur statique avec point inactif (dead block)\"}]},{\"@type\":\"WebSite\",\"@id\":\"https:\/\/www.promostar.it\/fr\/#website\",\"url\":\"https:\/\/www.promostar.it\/fr\/\",\"name\":\"PromoStar S.r.l.\",\"description\":\"Promostar \u00e8 l\u2019azienda leader e la prima ad introdurre il processo di stiratura\",\"publisher\":{\"@id\":\"https:\/\/www.promostar.it\/fr\/#organization\"},\"potentialAction\":[{\"@type\":\"SearchAction\",\"target\":{\"@type\":\"EntryPoint\",\"urlTemplate\":\"https:\/\/www.promostar.it\/fr\/?s={search_term_string}\"},\"query-input\":\"required name=search_term_string\"}],\"inLanguage\":\"fr-FR\"},{\"@type\":\"Organization\",\"@id\":\"https:\/\/www.promostar.it\/fr\/#organization\",\"name\":\"Promostar\",\"url\":\"https:\/\/www.promostar.it\/fr\/\",\"logo\":{\"@type\":\"ImageObject\",\"inLanguage\":\"fr-FR\",\"@id\":\"https:\/\/www.promostar.it\/fr\/#\/schema\/logo\/image\/\",\"url\":\"https:\/\/www.promostar.it\/wp-content\/uploads\/2020\/10\/promostar-logo.png\",\"contentUrl\":\"https:\/\/www.promostar.it\/wp-content\/uploads\/2020\/10\/promostar-logo.png\",\"width\":210,\"height\":69,\"caption\":\"Promostar\"},\"image\":{\"@id\":\"https:\/\/www.promostar.it\/fr\/#\/schema\/logo\/image\/\"}}]}<\/script>\n<!-- \/ Yoast SEO plugin. -->","yoast_head_json":{"title":"Machines \u00e0 enrouleur statique avec point inactif | Promostar","description":"Les machines \u00e0 enrouleur statique avec point inactif utilis\u00e9es pour produire des rouleaux de fil d'acier destin\u00e9s \u00e0 \u00eatre utilis\u00e9s dans le secteur industriel ou agricole","robots":{"index":"index","follow":"follow","max-snippet":"max-snippet:-1","max-image-preview":"max-image-preview:large","max-video-preview":"max-video-preview:-1"},"canonical":"https:\/\/www.promostar.it\/fr\/prodotto\/machines-a-enrouleur-statique-avec-point-inactif-dead-block\/","og_locale":"fr_FR","og_type":"article","og_title":"Machines \u00e0 enrouleur statique avec point inactif | Promostar","og_description":"Les machines \u00e0 enrouleur statique avec point inactif utilis\u00e9es pour produire des rouleaux de fil d'acier destin\u00e9s \u00e0 \u00eatre utilis\u00e9s dans le secteur industriel ou agricole","og_url":"https:\/\/www.promostar.it\/fr\/prodotto\/machines-a-enrouleur-statique-avec-point-inactif-dead-block\/","og_site_name":"PromoStar S.r.l.","article_modified_time":"2023-04-17T09:46:49+00:00","og_image":[{"width":465,"height":465,"url":"https:\/\/www.promostar.it\/wp-content\/uploads\/2022\/04\/Copertina-Static-Coiler-1.jpg","type":"image\/jpeg"}],"twitter_card":"summary_large_image","schema":{"@context":"https:\/\/schema.org","@graph":[{"@type":"WebPage","@id":"https:\/\/www.promostar.it\/fr\/prodotto\/machines-a-enrouleur-statique-avec-point-inactif-dead-block\/","url":"https:\/\/www.promostar.it\/fr\/prodotto\/machines-a-enrouleur-statique-avec-point-inactif-dead-block\/","name":"Machines \u00e0 enrouleur statique avec point inactif | Promostar","isPartOf":{"@id":"https:\/\/www.promostar.it\/fr\/#website"},"datePublished":"2022-04-05T13:14:37+00:00","dateModified":"2023-04-17T09:46:49+00:00","description":"Les machines \u00e0 enrouleur statique avec point inactif utilis\u00e9es pour produire des rouleaux de fil d'acier destin\u00e9s \u00e0 \u00eatre utilis\u00e9s dans le secteur industriel ou agricole","breadcrumb":{"@id":"https:\/\/www.promostar.it\/fr\/prodotto\/machines-a-enrouleur-statique-avec-point-inactif-dead-block\/#breadcrumb"},"inLanguage":"fr-FR","potentialAction":[{"@type":"ReadAction","target":["https:\/\/www.promostar.it\/fr\/prodotto\/machines-a-enrouleur-statique-avec-point-inactif-dead-block\/"]}]},{"@type":"BreadcrumbList","@id":"https:\/\/www.promostar.it\/fr\/prodotto\/machines-a-enrouleur-statique-avec-point-inactif-dead-block\/#breadcrumb","itemListElement":[{"@type":"ListItem","position":1,"name":"Home","item":"https:\/\/www.promostar.it\/fr\/home-2\/"},{"@type":"ListItem","position":2,"name":"Produits","item":"https:\/\/www.promostar.it\/fr\/shop\/"},{"@type":"ListItem","position":3,"name":"Machines \u00e0 enrouleur statique avec point inactif (dead block)"}]},{"@type":"WebSite","@id":"https:\/\/www.promostar.it\/fr\/#website","url":"https:\/\/www.promostar.it\/fr\/","name":"PromoStar S.r.l.","description":"Promostar \u00e8 l\u2019azienda leader e la prima ad introdurre il processo di stiratura","publisher":{"@id":"https:\/\/www.promostar.it\/fr\/#organization"},"potentialAction":[{"@type":"SearchAction","target":{"@type":"EntryPoint","urlTemplate":"https:\/\/www.promostar.it\/fr\/?s={search_term_string}"},"query-input":"required name=search_term_string"}],"inLanguage":"fr-FR"},{"@type":"Organization","@id":"https:\/\/www.promostar.it\/fr\/#organization","name":"Promostar","url":"https:\/\/www.promostar.it\/fr\/","logo":{"@type":"ImageObject","inLanguage":"fr-FR","@id":"https:\/\/www.promostar.it\/fr\/#\/schema\/logo\/image\/","url":"https:\/\/www.promostar.it\/wp-content\/uploads\/2020\/10\/promostar-logo.png","contentUrl":"https:\/\/www.promostar.it\/wp-content\/uploads\/2020\/10\/promostar-logo.png","width":210,"height":69,"caption":"Promostar"},"image":{"@id":"https:\/\/www.promostar.it\/fr\/#\/schema\/logo\/image\/"}}]}},"_links":{"self":[{"href":"https:\/\/www.promostar.it\/fr\/wp-json\/wp\/v3\/product\/5399"}],"collection":[{"href":"https:\/\/www.promostar.it\/fr\/wp-json\/wp\/v3\/product"}],"about":[{"href":"https:\/\/www.promostar.it\/fr\/wp-json\/wp\/v2\/types\/product"}],"wp:featuredmedia":[{"embeddable":true,"href":"https:\/\/www.promostar.it\/fr\/wp-json\/wp\/v2\/media\/4806"}],"wp:attachment":[{"href":"https:\/\/www.promostar.it\/fr\/wp-json\/wp\/v2\/media?parent=5399"}],"wp:term":[{"taxonomy":"product_cat","embeddable":true,"href":"https:\/\/www.promostar.it\/fr\/wp-json\/wp\/v2\/product_cat?post=5399"},{"taxonomy":"product_tag","embeddable":true,"href":"https:\/\/www.promostar.it\/fr\/wp-json\/wp\/v2\/product_tag?post=5399"}],"curies":[{"name":"wp","href":"https:\/\/api.w.org\/{rel}","templated":true}]}}