{"id":5398,"date":"2022-04-05T15:33:06","date_gmt":"2022-04-05T13:33:06","guid":{"rendered":"https:\/\/www.promostar.it\/prodotto\/bobineuse-verticale-automatique\/"},"modified":"2025-03-27T14:27:59","modified_gmt":"2025-03-27T13:27:59","slug":"bobineuse-verticale-automatique","status":"publish","type":"product","link":"https:\/\/www.promostar.it\/fr\/prodotto\/bobineuse-verticale-automatique\/","title":{"rendered":"Bobineuse verticale automatique"},"content":{"rendered":"<p>[et_pb_section fb_built=\u00a0\u00bb1&Prime; _builder_version=\u00a0\u00bb4.17.0&Prime; _module_preset=\u00a0\u00bbdefault\u00a0\u00bb global_colors_info=\u00a0\u00bb{}\u00a0\u00bb][\/et_pb_section]<\/p>\n","protected":false},"excerpt":{"rendered":"<p>La <strong>bobineuse verticale automatique<\/strong> est utilis\u00e9e pour produire des <strong>couronnes compactes de fil d&rsquo;acier lisse, torsad\u00e9s ou crant\u00e9s<\/strong>, destin\u00e9e \u00e0 \u00eatre utilis\u00e9es dans des produits tels que les treillis d&rsquo;armature, les \u00e9triers, les cages et les poutrelles en treillis pour la construction civile et industrielle, les fondations et l&rsquo;industrie de la pr\u00e9fabrication.<\/p>\n<p>La <strong>bobineuse verticale automatique<\/strong> est notre solution de haut niveau pour les machines de laminage \u00e0 froid et d&rsquo;\u00e9tirage qui peuvent travailler avec des bobines <a href=\"https:\/\/www.promostar.it\/prodotto\/electrical-mechanical-revamping-and-refurbishment\/\"><u>fixes<\/u><\/a> ou <a href=\"https:\/\/www.promostar.it\/prodotto\/collapsible-spools-take-a-part-reels\/\"><u>repliables<\/u><\/a> de diff\u00e9rentes dimensions et capacit\u00e9s de poids.<\/p>\n<p>Dans cette bobineuse, l&rsquo;axe de la bobine est orient\u00e9 verticalement et <strong>toutes les op\u00e9rations sont effectu\u00e9es de mani\u00e8re enti\u00e8rement automatique<\/strong> par la machine sans l&rsquo;intervention de l&rsquo;op\u00e9rateur (chargement et d\u00e9chargement de la bobine, enroulement, coupe du fil, pr\u00e9l\u00e8vement d&rsquo;\u00e9chantillons de fil et insertion du fil).<\/p>\n<p>Le produit final <strong>peut alimenter n&rsquo;importe quel type de machine de soudage de treillis d&rsquo;armature ou d&rsquo;\u00e9quipement de coupe et de cintrage<\/strong>.<\/p>\n<p>La machine est <strong>ergonomique et compacte<\/strong>, tous les composants principaux \u00e9tant int\u00e9gr\u00e9s dans le corps compact. Cette caract\u00e9ristique, associ\u00e9e \u00e0 l&rsquo;utilisation d&rsquo;une transmission par courroies trap\u00e9zo\u00efdales, permet de <strong>r\u00e9duire consid\u00e9rablement le bruit et la dispersion des poussi\u00e8res<\/strong> dans l&rsquo;environnement et <strong>d&rsquo;augmenter le niveau de s\u00e9curit\u00e9<\/strong> en garantissant une ergonomie maximale pour l&rsquo;op\u00e9rateur.<\/p>\n","protected":false},"featured_media":4743,"template":"","meta":{"_et_pb_use_builder":"on","_et_pb_old_content":"La <strong>bobineuse verticale automatique<\/strong> est utilis\u00e9e pour produire des <strong>couronnes compactes de fil d'acier lisse, torsad\u00e9s ou crant\u00e9s<\/strong>, destin\u00e9e \u00e0 \u00eatre utilis\u00e9es dans des produits tels que les treillis d'armature, les \u00e9triers, les cages et les poutrelles en treillis pour la construction civile et industrielle, les fondations et l'industrie de la pr\u00e9fabrication.\r\n\r\nLa <strong>bobineuse verticale automatique<\/strong> est notre solution de haut niveau pour les machines de laminage \u00e0 froid et d'\u00e9tirage qui peuvent travailler avec des bobines <a href=\"https:\/\/www.promostar.it\/prodotto\/electrical-mechanical-revamping-and-refurbishment\/\"><u>fixes<\/u><\/a> ou <a href=\"https:\/\/www.promostar.it\/prodotto\/collapsible-spools-take-a-part-reels\/\"><u>repliables<\/u><\/a> de diff\u00e9rentes dimensions et capacit\u00e9s de poids.\r\n\r\nDans cette bobineuse, l'axe de la bobine est orient\u00e9 verticalement et <strong>toutes les op\u00e9rations sont effectu\u00e9es de mani\u00e8re enti\u00e8rement automatique<\/strong> par la machine sans l'intervention de l'op\u00e9rateur (chargement et d\u00e9chargement de la bobine, enroulement, coupe du fil, pr\u00e9l\u00e8vement d'\u00e9chantillons de fil et insertion du fil).\r\n\r\nLe produit final <strong>peut alimenter n'importe quel type de machine de soudage de treillis d'armature ou d'\u00e9quipement de coupe et de cintrage<\/strong>.\r\n\r\nLa machine est <strong>ergonomique et compacte<\/strong>, tous les composants principaux \u00e9tant int\u00e9gr\u00e9s dans le corps compact. Cette caract\u00e9ristique, associ\u00e9e \u00e0 l'utilisation d'une transmission par courroies trap\u00e9zo\u00efdales, permet de <strong>r\u00e9duire consid\u00e9rablement le bruit et la dispersion des poussi\u00e8res<\/strong> dans l'environnement et <strong>d'augmenter le niveau de s\u00e9curit\u00e9<\/strong> en garantissant une ergonomie maximale pour l'op\u00e9rateur.\r\n\r\nUn autre avantage pour les op\u00e9rateurs r\u00e9side dans les proc\u00e9dures d'entretien, car tous les principaux composants, tels que les syst\u00e8mes \u00e9lectriques, hydrauliques et autres, sont dispos\u00e9s \u00e0 l'int\u00e9rieur du m\u00eame corps, avec l'espace n\u00e9cessaire pour simplifier toute op\u00e9ration sur la machine.\r\n\r\nLa forme et les d\u00e9tails techniques de nos lignes permettent de produire des <strong>couronnes de haute qualit\u00e9 conditionn\u00e9es<\/strong> en bobines <a href=\"https:\/\/www.promostar.it\/prodotto\/electrical-mechanical-revamping-and-refurbishment\/\"><u>fixes<\/u><\/a> <strong>ou<\/strong> <a href=\"https:\/\/www.promostar.it\/prodotto\/collapsible-spools-take-a-part-reels\/\"><u>d\u00e9montables<\/u><\/a> avec un poids r\u00e9glable <strong>jusqu'\u00e0<\/strong> <strong>8 tonnes<\/strong>. G\u00e9n\u00e9ralement, les bobines produites sont utilis\u00e9es pour la fabrication de treillis d'armature, d'\u00e9triers, de cages et de poutrelles en treillis pour la construction civile et industrielle, les fondations et l'industrie de la pr\u00e9fabrication.\r\n\r\nPromostar a d\u00e9velopp\u00e9 <strong>trois mod\u00e8les diff\u00e9rents<\/strong> : le SIRIO FCS pour les bobines fixes, le SIRIO ICS pour les bobines repliables et le SIRIO HF qui peut fonctionner avec des bobines fixes et repliables.\r\n\r\nLes <a href=\"https:\/\/www.promostar.it\/prodotto\/collapsible-spools-take-a-part-reels\/\"><u>bobines repliables<\/u><\/a> doivent \u00eatre consid\u00e9r\u00e9es comme partie int\u00e9grante de la bobineuse, car elles permettent de produire des couronnes cercl\u00e9es de mani\u00e8re automatique.\r\n\r\nTous les mod\u00e8les ci-dessus peuvent fonctionner avec des bobines de poids diff\u00e9rents, en fonction des besoins du client. Dans les installations enti\u00e8rement automatiques, ce type de bobineuse est coupl\u00e9 \u00e0 notre <strong>manipulateur a\u00e9rien<\/strong> qui, en collaboration avec la bobineuse, effectue le chargement de la bobine vide et le d\u00e9chargement des bobines pleines, ainsi que le d\u00e9montage dans le cas de bobines repliables.\r\n\r\nD'autres dispositifs tels que des <a href=\"https:\/\/www.promostar.it\/prodotto\/chain-and-roll-conveyors\/\"><u>convoyeurs \u00e0 rouleaux ou \u00e0 cha\u00eenes<\/u><\/a>, des <span style=\"text-decoration: underline\"><a href=\"https:\/\/www.promostar.it\/prodotto\/automatic-strapping-labelling-and-weighing-system-for-coils\/\">unit\u00e9s de cerclage automatique<\/a><\/span> ou des <a href=\"https:\/\/www.promostar.it\/prodotto\/automatic-strapping-labelling-and-weighing-system-for-coils\/\"><u>syst\u00e8mes d'\u00e9tiquetage et de pesage<\/u><\/a> peuvent \u00eatre int\u00e9gr\u00e9s dans nos lignes pour rendre le syst\u00e8me compl\u00e8tement automatique.\r\n\r\nEn plus de l'avantage de ne pas avoir besoin d'op\u00e9rateurs, il y a une augmentation consid\u00e9rable de la productivit\u00e9. La productivit\u00e9 est optimis\u00e9e en cas d'utilisation de diam\u00e8tres moyens \u00e0 \u00e9lev\u00e9s ou de vitesse \u00e9lev\u00e9e, cas dans lesquels la fr\u00e9quence de changement de bobine augmente : le temps d'arr\u00eat d\u00fb au changement de bobine n'est <strong>plus que de 90-120 secondes<\/strong>.\r\n\r\nLa bobineuse automatique permet d'obtenir une forme parfaite des couronnes compactes finales, et dans le cas d'un mat\u00e9riau \u00e9tir\u00e9, l'enroulement de la spirale couche par couche est de <strong>qualit\u00e9 garantie<\/strong>.\r\n\r\nNotre bobineuse de fil fait normalement partie de nos lignes de laminage \u00e0 froid, d'\u00e9tirage et de tr\u00e9filage, mais <u>elle peut \u00e9galement \u00eatre int\u00e9gr\u00e9e \u00e0 n'importe quelle ligne existante<\/u>.","_et_gb_content_width":""},"product_cat":[159],"product_tag":[],"yoast_head":"<!-- This site is optimized with the Yoast SEO plugin v20.5 - https:\/\/yoast.com\/wordpress\/plugins\/seo\/ -->\n<title>Bobineuse verticale automatique | Promostar<\/title>\n<meta name=\"description\" content=\"La bobineuse verticale automatique est utilis\u00e9e pour produire des couronnes compactes de fil d&#039;acier lisse, torsad\u00e9s ou crant\u00e9s\" \/>\n<meta name=\"robots\" content=\"index, follow, max-snippet:-1, max-image-preview:large, max-video-preview:-1\" \/>\n<link rel=\"canonical\" href=\"https:\/\/www.promostar.it\/fr\/prodotto\/bobineuse-verticale-automatique\/\" \/>\n<meta property=\"og:locale\" content=\"fr_FR\" \/>\n<meta property=\"og:type\" content=\"article\" \/>\n<meta property=\"og:title\" content=\"Bobineuse verticale automatique | Promostar\" \/>\n<meta property=\"og:description\" content=\"La bobineuse verticale automatique est utilis\u00e9e pour produire des couronnes compactes de fil d&#039;acier lisse, torsad\u00e9s ou crant\u00e9s\" \/>\n<meta property=\"og:url\" content=\"https:\/\/www.promostar.it\/fr\/prodotto\/bobineuse-verticale-automatique\/\" \/>\n<meta property=\"og:site_name\" content=\"PromoStar S.r.l.\" \/>\n<meta property=\"article:modified_time\" content=\"2025-03-27T13:27:59+00:00\" \/>\n<meta property=\"og:image\" content=\"https:\/\/www.promostar.it\/wp-content\/uploads\/2022\/04\/Copertina_Vertical-Automatic-Spooler-1.jpg\" \/>\n\t<meta property=\"og:image:width\" content=\"1200\" \/>\n\t<meta property=\"og:image:height\" content=\"1200\" \/>\n\t<meta property=\"og:image:type\" content=\"image\/jpeg\" \/>\n<meta name=\"twitter:card\" content=\"summary_large_image\" \/>\n<meta name=\"twitter:label1\" content=\"Dur\u00e9e de lecture estim\u00e9e\" \/>\n\t<meta name=\"twitter:data1\" content=\"1 minute\" \/>\n<script type=\"application\/ld+json\" class=\"yoast-schema-graph\">{\"@context\":\"https:\/\/schema.org\",\"@graph\":[{\"@type\":\"WebPage\",\"@id\":\"https:\/\/www.promostar.it\/fr\/prodotto\/bobineuse-verticale-automatique\/\",\"url\":\"https:\/\/www.promostar.it\/fr\/prodotto\/bobineuse-verticale-automatique\/\",\"name\":\"Bobineuse verticale automatique | Promostar\",\"isPartOf\":{\"@id\":\"https:\/\/www.promostar.it\/fr\/#website\"},\"datePublished\":\"2022-04-05T13:33:06+00:00\",\"dateModified\":\"2025-03-27T13:27:59+00:00\",\"description\":\"La bobineuse verticale automatique est utilis\u00e9e pour produire des couronnes compactes de fil d'acier lisse, torsad\u00e9s ou crant\u00e9s\",\"breadcrumb\":{\"@id\":\"https:\/\/www.promostar.it\/fr\/prodotto\/bobineuse-verticale-automatique\/#breadcrumb\"},\"inLanguage\":\"fr-FR\",\"potentialAction\":[{\"@type\":\"ReadAction\",\"target\":[\"https:\/\/www.promostar.it\/fr\/prodotto\/bobineuse-verticale-automatique\/\"]}]},{\"@type\":\"BreadcrumbList\",\"@id\":\"https:\/\/www.promostar.it\/fr\/prodotto\/bobineuse-verticale-automatique\/#breadcrumb\",\"itemListElement\":[{\"@type\":\"ListItem\",\"position\":1,\"name\":\"Home\",\"item\":\"https:\/\/www.promostar.it\/fr\/home-2\/\"},{\"@type\":\"ListItem\",\"position\":2,\"name\":\"Produits\",\"item\":\"https:\/\/www.promostar.it\/fr\/shop\/\"},{\"@type\":\"ListItem\",\"position\":3,\"name\":\"Bobineuse verticale automatique\"}]},{\"@type\":\"WebSite\",\"@id\":\"https:\/\/www.promostar.it\/fr\/#website\",\"url\":\"https:\/\/www.promostar.it\/fr\/\",\"name\":\"PromoStar S.r.l.\",\"description\":\"Promostar \u00e8 l\u2019azienda leader e la prima ad introdurre il processo di stiratura\",\"publisher\":{\"@id\":\"https:\/\/www.promostar.it\/fr\/#organization\"},\"potentialAction\":[{\"@type\":\"SearchAction\",\"target\":{\"@type\":\"EntryPoint\",\"urlTemplate\":\"https:\/\/www.promostar.it\/fr\/?s={search_term_string}\"},\"query-input\":\"required name=search_term_string\"}],\"inLanguage\":\"fr-FR\"},{\"@type\":\"Organization\",\"@id\":\"https:\/\/www.promostar.it\/fr\/#organization\",\"name\":\"Promostar\",\"url\":\"https:\/\/www.promostar.it\/fr\/\",\"logo\":{\"@type\":\"ImageObject\",\"inLanguage\":\"fr-FR\",\"@id\":\"https:\/\/www.promostar.it\/fr\/#\/schema\/logo\/image\/\",\"url\":\"https:\/\/www.promostar.it\/wp-content\/uploads\/2020\/10\/promostar-logo.png\",\"contentUrl\":\"https:\/\/www.promostar.it\/wp-content\/uploads\/2020\/10\/promostar-logo.png\",\"width\":210,\"height\":69,\"caption\":\"Promostar\"},\"image\":{\"@id\":\"https:\/\/www.promostar.it\/fr\/#\/schema\/logo\/image\/\"}}]}<\/script>\n<!-- \/ Yoast SEO plugin. -->","yoast_head_json":{"title":"Bobineuse verticale automatique | Promostar","description":"La bobineuse verticale automatique est utilis\u00e9e pour produire des couronnes compactes de fil d'acier lisse, torsad\u00e9s ou crant\u00e9s","robots":{"index":"index","follow":"follow","max-snippet":"max-snippet:-1","max-image-preview":"max-image-preview:large","max-video-preview":"max-video-preview:-1"},"canonical":"https:\/\/www.promostar.it\/fr\/prodotto\/bobineuse-verticale-automatique\/","og_locale":"fr_FR","og_type":"article","og_title":"Bobineuse verticale automatique | Promostar","og_description":"La bobineuse verticale automatique est utilis\u00e9e pour produire des couronnes compactes de fil d'acier lisse, torsad\u00e9s ou crant\u00e9s","og_url":"https:\/\/www.promostar.it\/fr\/prodotto\/bobineuse-verticale-automatique\/","og_site_name":"PromoStar S.r.l.","article_modified_time":"2025-03-27T13:27:59+00:00","og_image":[{"width":1200,"height":1200,"url":"https:\/\/www.promostar.it\/wp-content\/uploads\/2022\/04\/Copertina_Vertical-Automatic-Spooler-1.jpg","type":"image\/jpeg"}],"twitter_card":"summary_large_image","twitter_misc":{"Dur\u00e9e de lecture estim\u00e9e":"1 minute"},"schema":{"@context":"https:\/\/schema.org","@graph":[{"@type":"WebPage","@id":"https:\/\/www.promostar.it\/fr\/prodotto\/bobineuse-verticale-automatique\/","url":"https:\/\/www.promostar.it\/fr\/prodotto\/bobineuse-verticale-automatique\/","name":"Bobineuse verticale automatique | Promostar","isPartOf":{"@id":"https:\/\/www.promostar.it\/fr\/#website"},"datePublished":"2022-04-05T13:33:06+00:00","dateModified":"2025-03-27T13:27:59+00:00","description":"La bobineuse verticale automatique est utilis\u00e9e pour produire des couronnes compactes de fil d'acier lisse, torsad\u00e9s ou crant\u00e9s","breadcrumb":{"@id":"https:\/\/www.promostar.it\/fr\/prodotto\/bobineuse-verticale-automatique\/#breadcrumb"},"inLanguage":"fr-FR","potentialAction":[{"@type":"ReadAction","target":["https:\/\/www.promostar.it\/fr\/prodotto\/bobineuse-verticale-automatique\/"]}]},{"@type":"BreadcrumbList","@id":"https:\/\/www.promostar.it\/fr\/prodotto\/bobineuse-verticale-automatique\/#breadcrumb","itemListElement":[{"@type":"ListItem","position":1,"name":"Home","item":"https:\/\/www.promostar.it\/fr\/home-2\/"},{"@type":"ListItem","position":2,"name":"Produits","item":"https:\/\/www.promostar.it\/fr\/shop\/"},{"@type":"ListItem","position":3,"name":"Bobineuse verticale automatique"}]},{"@type":"WebSite","@id":"https:\/\/www.promostar.it\/fr\/#website","url":"https:\/\/www.promostar.it\/fr\/","name":"PromoStar S.r.l.","description":"Promostar \u00e8 l\u2019azienda leader e la prima ad introdurre il processo di stiratura","publisher":{"@id":"https:\/\/www.promostar.it\/fr\/#organization"},"potentialAction":[{"@type":"SearchAction","target":{"@type":"EntryPoint","urlTemplate":"https:\/\/www.promostar.it\/fr\/?s={search_term_string}"},"query-input":"required name=search_term_string"}],"inLanguage":"fr-FR"},{"@type":"Organization","@id":"https:\/\/www.promostar.it\/fr\/#organization","name":"Promostar","url":"https:\/\/www.promostar.it\/fr\/","logo":{"@type":"ImageObject","inLanguage":"fr-FR","@id":"https:\/\/www.promostar.it\/fr\/#\/schema\/logo\/image\/","url":"https:\/\/www.promostar.it\/wp-content\/uploads\/2020\/10\/promostar-logo.png","contentUrl":"https:\/\/www.promostar.it\/wp-content\/uploads\/2020\/10\/promostar-logo.png","width":210,"height":69,"caption":"Promostar"},"image":{"@id":"https:\/\/www.promostar.it\/fr\/#\/schema\/logo\/image\/"}}]}},"_links":{"self":[{"href":"https:\/\/www.promostar.it\/fr\/wp-json\/wp\/v3\/product\/5398"}],"collection":[{"href":"https:\/\/www.promostar.it\/fr\/wp-json\/wp\/v3\/product"}],"about":[{"href":"https:\/\/www.promostar.it\/fr\/wp-json\/wp\/v2\/types\/product"}],"wp:featuredmedia":[{"embeddable":true,"href":"https:\/\/www.promostar.it\/fr\/wp-json\/wp\/v2\/media\/4743"}],"wp:attachment":[{"href":"https:\/\/www.promostar.it\/fr\/wp-json\/wp\/v2\/media?parent=5398"}],"wp:term":[{"taxonomy":"product_cat","embeddable":true,"href":"https:\/\/www.promostar.it\/fr\/wp-json\/wp\/v2\/product_cat?post=5398"},{"taxonomy":"product_tag","embeddable":true,"href":"https:\/\/www.promostar.it\/fr\/wp-json\/wp\/v2\/product_tag?post=5398"}],"curies":[{"name":"wp","href":"https:\/\/api.w.org\/{rel}","templated":true}]}}