{"id":5397,"date":"2022-04-05T15:41:29","date_gmt":"2022-04-05T13:41:29","guid":{"rendered":"https:\/\/www.promostar.it\/prodotto\/machine-a-cintrer-le-fil-en-zig-zag\/"},"modified":"2024-11-18T16:21:05","modified_gmt":"2024-11-18T15:21:05","slug":"machine-a-cintrer-le-fil-en-zig-zag","status":"publish","type":"product","link":"https:\/\/www.promostar.it\/fr\/prodotto\/machine-a-cintrer-le-fil-en-zig-zag\/","title":{"rendered":"Machine \u00e0 cintrer le fil en zig zag"},"content":{"rendered":"<p>[et_pb_section fb_built=\u00a0\u00bb1&Prime; _builder_version=\u00a0\u00bb4.17.0&Prime; _module_preset=\u00a0\u00bbdefault\u00a0\u00bb global_colors_info=\u00a0\u00bb{}\u00a0\u00bb][\/et_pb_section]<\/p>\n","protected":false},"excerpt":{"rendered":"<p>La <strong>cintreuse de fil en Zig Zag<\/strong> est notre solution <strong>pour produire des pi\u00e8ces cintr\u00e9es de forme (profil de forme \u00ab Zig Zag \u00bb)<\/strong> \u00e0 utiliser comme \u00e9l\u00e9ments de jonction de poutrelles en <strong>treillis r\u00e9ticulaire<\/strong> (\u00e9galement connue sous le nom de poutrelle PREM ou REP).<\/p>\n<p>La <strong>machine \u00e0 cintrer le fil en Zig Zag<\/strong> combine le processus de cintrage et de fa\u00e7onnage avec la coupe \u00e0 la longueur (t\u00eate et queue) des \u00e9l\u00e9ments obtenus. Le produit final peut \u00eatre obtenu \u00e0 partir de bobines ou de barres de fil lisse ou torsad\u00e9.<\/p>\n<p>La forme et les d\u00e9tails techniques de la ligne permettent de produire des \u00e9l\u00e9ments de jonction en zig-zag de haute qualit\u00e9 selon la forme g\u00e9om\u00e9trique et les dimensions demand\u00e9es par les clients. Les produits finaux peuvent prendre diff\u00e9rentes formes en termes de pas et de hauteur de cintrage en zig-zag. En outre, la large gamme de diam\u00e8tres possibles et la longueur programmable du fil d&rsquo;entr\u00e9e utilis\u00e9 permettent de personnaliser l&rsquo;\u00e9l\u00e9ment final en fonction de vos besoins. Le produit final ne n\u00e9cessite pas de traitement suppl\u00e9mentaire et est pr\u00eat \u00e0 \u00eatre utilis\u00e9 sur place.<\/p>\n<p>Par rapport aux m\u00e9thodes de fabrication manuelles, les avantages de ce type de soudeuse automatique sont la productivit\u00e9, une plus grande flexibilit\u00e9 et rapidit\u00e9 dans les changements de diam\u00e8tre, la qualit\u00e9 et la r\u00e9p\u00e9tabilit\u00e9 du produit, le nombre limit\u00e9 d&rsquo;op\u00e9rateurs (en g\u00e9n\u00e9ral, un seul op\u00e9rateur contr\u00f4le l&rsquo;ensemble du syst\u00e8me) et les co\u00fbts de production et d&rsquo;entretien.<\/p>\n<p>La cintreuse de fil en zig-zag est compos\u00e9e de plusieurs \u00e9l\u00e9ments.<\/p>\n","protected":false},"featured_media":4686,"template":"","meta":{"_et_pb_use_builder":"on","_et_pb_old_content":"La <strong>cintreuse de fil en Zig Zag<\/strong> est notre solution <strong>pour produire des pi\u00e8ces cintr\u00e9es de forme (profil de forme \u00ab Zig Zag \u00bb)<\/strong> \u00e0 utiliser comme \u00e9l\u00e9ments de jonction de poutrelles en <strong>treillis r\u00e9ticulaire<\/strong> (\u00e9galement connue sous le nom de poutrelle PREM ou REP).\r\n\r\nLa <strong>machine \u00e0 cintrer le fil en Zig Zag<\/strong> combine le processus de cintrage et de fa\u00e7onnage avec la coupe \u00e0 la longueur (t\u00eate et queue) des \u00e9l\u00e9ments obtenus. Le produit final peut \u00eatre obtenu \u00e0 partir de bobines ou de barres de fil lisse ou torsad\u00e9.\r\n\r\nLa forme et les d\u00e9tails techniques de la ligne permettent de produire des \u00e9l\u00e9ments de jonction en zig-zag de haute qualit\u00e9 selon la forme g\u00e9om\u00e9trique et les dimensions demand\u00e9es par les clients. Les produits finaux peuvent prendre diff\u00e9rentes formes en termes de pas et de hauteur de cintrage en zig-zag. En outre, la large gamme de diam\u00e8tres possibles et la longueur programmable du fil d'entr\u00e9e utilis\u00e9 permettent de personnaliser l'\u00e9l\u00e9ment final en fonction de vos besoins. Le produit final ne n\u00e9cessite pas de traitement suppl\u00e9mentaire et est pr\u00eat \u00e0 \u00eatre utilis\u00e9 sur place.\r\n\r\nPar rapport aux m\u00e9thodes de fabrication manuelles, les avantages de ce type de soudeuse automatique sont la productivit\u00e9, une plus grande flexibilit\u00e9 et rapidit\u00e9 dans les changements de diam\u00e8tre, la qualit\u00e9 et la r\u00e9p\u00e9tabilit\u00e9 du produit, le nombre limit\u00e9 d'op\u00e9rateurs (en g\u00e9n\u00e9ral, un seul op\u00e9rateur contr\u00f4le l'ensemble du syst\u00e8me) et les co\u00fbts de production et d'entretien.\r\n\r\nLa cintreuse de fil en zig-zag est compos\u00e9e de plusieurs \u00e9l\u00e9ments.\r\n\r\nLa premi\u00e8re partie de la machine est le <strong>syst\u00e8me d'alimentation<\/strong>. Gr\u00e2ce \u00e0 des convoyeurs \u00e0 rouleaux (\u00e0 vide ou motoris\u00e9s sur demande), le mat\u00e9riel d'entr\u00e9e (barres lisses ou nervur\u00e9es) se d\u00e9place vers l'unit\u00e9 motoris\u00e9e de rouleaux-pinceurs. D'autres types de syst\u00e8mes d'alimentation sont disponibles sur demande, comme le syst\u00e8me d'alimentation automatique avec stockage des barres ou le syst\u00e8me d'alimentation par d\u00e9roulement lorsque la mati\u00e8re premi\u00e8re est conditionn\u00e9e en couronnes \u00e0 l'endroit o\u00f9 se trouvent les barres.\r\n\r\nLa partie centrale de la machine, le c\u0153ur de la ligne, est l'unit\u00e9 de fa\u00e7onnage. Elle se compose de trois chariots motoris\u00e9s qui am\u00e8nent les mandrins de formage. La course des chariots est enti\u00e8rement programmable en fonction du pas et de la hauteur des \u00e9l\u00e9ments en zig zag \u00e0 obtenir. En sortie, une unit\u00e9 de coupe permet de couper la t\u00eate et la queue du produit final.\r\n\r\nLa derni\u00e8re partie de la machine est le banc de collecte qui permet de recevoir les \u00e9l\u00e9ments en zig zag et de les d\u00e9charger dans l'unit\u00e9 de stockage (manuelle ou automatique avec stockage multipositions sur demande).\r\n\r\nCe type de machine fait partie de notre division de machines sp\u00e9ciales et peut \u00e9videmment \u00eatre personnalis\u00e9 \u00e0 la demande de nos clients en fonction des diff\u00e9rentes formes et dimensions des produits finaux (la conception commence \u00e0 partir du produit final \u00e0 produire).\r\n\r\nDans le cadre d'une personnalisation plus pouss\u00e9e, les lignes peuvent \u00eatre \u00e9quip\u00e9es d'un syst\u00e8me de chargement automatique compos\u00e9 d'un magasin multipositions pour les barres et d'un bras automatique qui charge la barre de la position s\u00e9lectionn\u00e9e du magasin directement vers la machine. \u00c0 la sortie, il est possible d'int\u00e9grer le syst\u00e8me de d\u00e9chargement des pi\u00e8ces avec un magasin automatique multipositions qui re\u00e7oit les produits en les divisant par type.\r\n\r\nEn raison des produits finaux sp\u00e9ciaux \u00e0 r\u00e9aliser, toutes les informations techniques rapport\u00e9es doivent \u00eatre consid\u00e9r\u00e9es comme indicatives et nous sugg\u00e9rons de nous contacter pour de plus amples d\u00e9tails.","_et_gb_content_width":""},"product_cat":[156,154],"product_tag":[],"yoast_head":"<!-- This site is optimized with the Yoast SEO plugin v20.5 - https:\/\/yoast.com\/wordpress\/plugins\/seo\/ -->\n<title>Cintreuse de fils en zig-zag | Promostar<\/title>\n<meta name=\"description\" content=\"La cintreuse de fil en Zig Zag est notre solution pour produire des pi\u00e8ces cintr\u00e9es de forme \u00e0 utiliser comme \u00e9l\u00e9ments de jonction de poutrelles en treillis r\u00e9ticulaire\" \/>\n<meta name=\"robots\" content=\"index, follow, max-snippet:-1, max-image-preview:large, max-video-preview:-1\" \/>\n<link rel=\"canonical\" href=\"https:\/\/www.promostar.it\/fr\/prodotto\/machine-a-cintrer-le-fil-en-zig-zag\/\" \/>\n<meta property=\"og:locale\" content=\"fr_FR\" \/>\n<meta property=\"og:type\" content=\"article\" \/>\n<meta property=\"og:title\" content=\"Cintreuse de fils en zig-zag | Promostar\" \/>\n<meta property=\"og:description\" content=\"La cintreuse de fil en Zig Zag est notre solution pour produire des pi\u00e8ces cintr\u00e9es de forme \u00e0 utiliser comme \u00e9l\u00e9ments de jonction de poutrelles en treillis r\u00e9ticulaire\" \/>\n<meta property=\"og:url\" content=\"https:\/\/www.promostar.it\/fr\/prodotto\/machine-a-cintrer-le-fil-en-zig-zag\/\" \/>\n<meta property=\"og:site_name\" content=\"PromoStar S.r.l.\" \/>\n<meta property=\"article:modified_time\" content=\"2024-11-18T15:21:05+00:00\" \/>\n<meta property=\"og:image\" content=\"https:\/\/www.promostar.it\/wp-content\/uploads\/2022\/04\/copertina_Zig-Zag-Machine-1.jpg\" \/>\n\t<meta property=\"og:image:width\" content=\"1200\" \/>\n\t<meta property=\"og:image:height\" content=\"1200\" \/>\n\t<meta property=\"og:image:type\" content=\"image\/jpeg\" \/>\n<meta name=\"twitter:card\" content=\"summary_large_image\" \/>\n<meta name=\"twitter:label1\" content=\"Dur\u00e9e de lecture estim\u00e9e\" \/>\n\t<meta name=\"twitter:data1\" content=\"1 minute\" \/>\n<script type=\"application\/ld+json\" class=\"yoast-schema-graph\">{\"@context\":\"https:\/\/schema.org\",\"@graph\":[{\"@type\":\"WebPage\",\"@id\":\"https:\/\/www.promostar.it\/fr\/prodotto\/machine-a-cintrer-le-fil-en-zig-zag\/\",\"url\":\"https:\/\/www.promostar.it\/fr\/prodotto\/machine-a-cintrer-le-fil-en-zig-zag\/\",\"name\":\"Cintreuse de fils en zig-zag | Promostar\",\"isPartOf\":{\"@id\":\"https:\/\/www.promostar.it\/fr\/#website\"},\"datePublished\":\"2022-04-05T13:41:29+00:00\",\"dateModified\":\"2024-11-18T15:21:05+00:00\",\"description\":\"La cintreuse de fil en Zig Zag est notre solution pour produire des pi\u00e8ces cintr\u00e9es de forme \u00e0 utiliser comme \u00e9l\u00e9ments de jonction de poutrelles en treillis r\u00e9ticulaire\",\"breadcrumb\":{\"@id\":\"https:\/\/www.promostar.it\/fr\/prodotto\/machine-a-cintrer-le-fil-en-zig-zag\/#breadcrumb\"},\"inLanguage\":\"fr-FR\",\"potentialAction\":[{\"@type\":\"ReadAction\",\"target\":[\"https:\/\/www.promostar.it\/fr\/prodotto\/machine-a-cintrer-le-fil-en-zig-zag\/\"]}]},{\"@type\":\"BreadcrumbList\",\"@id\":\"https:\/\/www.promostar.it\/fr\/prodotto\/machine-a-cintrer-le-fil-en-zig-zag\/#breadcrumb\",\"itemListElement\":[{\"@type\":\"ListItem\",\"position\":1,\"name\":\"Home\",\"item\":\"https:\/\/www.promostar.it\/fr\/home-2\/\"},{\"@type\":\"ListItem\",\"position\":2,\"name\":\"Produits\",\"item\":\"https:\/\/www.promostar.it\/fr\/shop\/\"},{\"@type\":\"ListItem\",\"position\":3,\"name\":\"Machine \u00e0 cintrer le fil en zig zag\"}]},{\"@type\":\"WebSite\",\"@id\":\"https:\/\/www.promostar.it\/fr\/#website\",\"url\":\"https:\/\/www.promostar.it\/fr\/\",\"name\":\"PromoStar S.r.l.\",\"description\":\"Promostar \u00e8 l\u2019azienda leader e la prima ad introdurre il processo di stiratura\",\"publisher\":{\"@id\":\"https:\/\/www.promostar.it\/fr\/#organization\"},\"potentialAction\":[{\"@type\":\"SearchAction\",\"target\":{\"@type\":\"EntryPoint\",\"urlTemplate\":\"https:\/\/www.promostar.it\/fr\/?s={search_term_string}\"},\"query-input\":\"required name=search_term_string\"}],\"inLanguage\":\"fr-FR\"},{\"@type\":\"Organization\",\"@id\":\"https:\/\/www.promostar.it\/fr\/#organization\",\"name\":\"Promostar\",\"url\":\"https:\/\/www.promostar.it\/fr\/\",\"logo\":{\"@type\":\"ImageObject\",\"inLanguage\":\"fr-FR\",\"@id\":\"https:\/\/www.promostar.it\/fr\/#\/schema\/logo\/image\/\",\"url\":\"https:\/\/www.promostar.it\/wp-content\/uploads\/2020\/10\/promostar-logo.png\",\"contentUrl\":\"https:\/\/www.promostar.it\/wp-content\/uploads\/2020\/10\/promostar-logo.png\",\"width\":210,\"height\":69,\"caption\":\"Promostar\"},\"image\":{\"@id\":\"https:\/\/www.promostar.it\/fr\/#\/schema\/logo\/image\/\"}}]}<\/script>\n<!-- \/ Yoast SEO plugin. -->","yoast_head_json":{"title":"Cintreuse de fils en zig-zag | Promostar","description":"La cintreuse de fil en Zig Zag est notre solution pour produire des pi\u00e8ces cintr\u00e9es de forme \u00e0 utiliser comme \u00e9l\u00e9ments de jonction de poutrelles en treillis r\u00e9ticulaire","robots":{"index":"index","follow":"follow","max-snippet":"max-snippet:-1","max-image-preview":"max-image-preview:large","max-video-preview":"max-video-preview:-1"},"canonical":"https:\/\/www.promostar.it\/fr\/prodotto\/machine-a-cintrer-le-fil-en-zig-zag\/","og_locale":"fr_FR","og_type":"article","og_title":"Cintreuse de fils en zig-zag | Promostar","og_description":"La cintreuse de fil en Zig Zag est notre solution pour produire des pi\u00e8ces cintr\u00e9es de forme \u00e0 utiliser comme \u00e9l\u00e9ments de jonction de poutrelles en treillis r\u00e9ticulaire","og_url":"https:\/\/www.promostar.it\/fr\/prodotto\/machine-a-cintrer-le-fil-en-zig-zag\/","og_site_name":"PromoStar S.r.l.","article_modified_time":"2024-11-18T15:21:05+00:00","og_image":[{"width":1200,"height":1200,"url":"https:\/\/www.promostar.it\/wp-content\/uploads\/2022\/04\/copertina_Zig-Zag-Machine-1.jpg","type":"image\/jpeg"}],"twitter_card":"summary_large_image","twitter_misc":{"Dur\u00e9e de lecture estim\u00e9e":"1 minute"},"schema":{"@context":"https:\/\/schema.org","@graph":[{"@type":"WebPage","@id":"https:\/\/www.promostar.it\/fr\/prodotto\/machine-a-cintrer-le-fil-en-zig-zag\/","url":"https:\/\/www.promostar.it\/fr\/prodotto\/machine-a-cintrer-le-fil-en-zig-zag\/","name":"Cintreuse de fils en zig-zag | Promostar","isPartOf":{"@id":"https:\/\/www.promostar.it\/fr\/#website"},"datePublished":"2022-04-05T13:41:29+00:00","dateModified":"2024-11-18T15:21:05+00:00","description":"La cintreuse de fil en Zig Zag est notre solution pour produire des pi\u00e8ces cintr\u00e9es de forme \u00e0 utiliser comme \u00e9l\u00e9ments de jonction de poutrelles en treillis r\u00e9ticulaire","breadcrumb":{"@id":"https:\/\/www.promostar.it\/fr\/prodotto\/machine-a-cintrer-le-fil-en-zig-zag\/#breadcrumb"},"inLanguage":"fr-FR","potentialAction":[{"@type":"ReadAction","target":["https:\/\/www.promostar.it\/fr\/prodotto\/machine-a-cintrer-le-fil-en-zig-zag\/"]}]},{"@type":"BreadcrumbList","@id":"https:\/\/www.promostar.it\/fr\/prodotto\/machine-a-cintrer-le-fil-en-zig-zag\/#breadcrumb","itemListElement":[{"@type":"ListItem","position":1,"name":"Home","item":"https:\/\/www.promostar.it\/fr\/home-2\/"},{"@type":"ListItem","position":2,"name":"Produits","item":"https:\/\/www.promostar.it\/fr\/shop\/"},{"@type":"ListItem","position":3,"name":"Machine \u00e0 cintrer le fil en zig zag"}]},{"@type":"WebSite","@id":"https:\/\/www.promostar.it\/fr\/#website","url":"https:\/\/www.promostar.it\/fr\/","name":"PromoStar S.r.l.","description":"Promostar \u00e8 l\u2019azienda leader e la prima ad introdurre il processo di stiratura","publisher":{"@id":"https:\/\/www.promostar.it\/fr\/#organization"},"potentialAction":[{"@type":"SearchAction","target":{"@type":"EntryPoint","urlTemplate":"https:\/\/www.promostar.it\/fr\/?s={search_term_string}"},"query-input":"required name=search_term_string"}],"inLanguage":"fr-FR"},{"@type":"Organization","@id":"https:\/\/www.promostar.it\/fr\/#organization","name":"Promostar","url":"https:\/\/www.promostar.it\/fr\/","logo":{"@type":"ImageObject","inLanguage":"fr-FR","@id":"https:\/\/www.promostar.it\/fr\/#\/schema\/logo\/image\/","url":"https:\/\/www.promostar.it\/wp-content\/uploads\/2020\/10\/promostar-logo.png","contentUrl":"https:\/\/www.promostar.it\/wp-content\/uploads\/2020\/10\/promostar-logo.png","width":210,"height":69,"caption":"Promostar"},"image":{"@id":"https:\/\/www.promostar.it\/fr\/#\/schema\/logo\/image\/"}}]}},"_links":{"self":[{"href":"https:\/\/www.promostar.it\/fr\/wp-json\/wp\/v3\/product\/5397"}],"collection":[{"href":"https:\/\/www.promostar.it\/fr\/wp-json\/wp\/v3\/product"}],"about":[{"href":"https:\/\/www.promostar.it\/fr\/wp-json\/wp\/v2\/types\/product"}],"wp:featuredmedia":[{"embeddable":true,"href":"https:\/\/www.promostar.it\/fr\/wp-json\/wp\/v2\/media\/4686"}],"wp:attachment":[{"href":"https:\/\/www.promostar.it\/fr\/wp-json\/wp\/v2\/media?parent=5397"}],"wp:term":[{"taxonomy":"product_cat","embeddable":true,"href":"https:\/\/www.promostar.it\/fr\/wp-json\/wp\/v2\/product_cat?post=5397"},{"taxonomy":"product_tag","embeddable":true,"href":"https:\/\/www.promostar.it\/fr\/wp-json\/wp\/v2\/product_tag?post=5397"}],"curies":[{"name":"wp","href":"https:\/\/api.w.org\/{rel}","templated":true}]}}