{"id":5379,"date":"2022-05-12T12:28:45","date_gmt":"2022-05-12T10:28:45","guid":{"rendered":"https:\/\/www.promostar.it\/prodotto\/redresseur-de-fil-pour-essai-de-coupe\/"},"modified":"2023-04-17T11:45:48","modified_gmt":"2023-04-17T09:45:48","slug":"redresseur-de-fil-pour-essai-de-coupe","status":"publish","type":"product","link":"https:\/\/www.promostar.it\/fr\/prodotto\/redresseur-de-fil-pour-essai-de-coupe\/","title":{"rendered":"Redresseur de fil pour essai de coupe"},"content":{"rendered":"<p>[et_pb_section fb_built=\u00a0\u00bb1&Prime; _builder_version=\u00a0\u00bb4.17.0&Prime; _module_preset=\u00a0\u00bbdefault\u00a0\u00bb global_colors_info=\u00a0\u00bb{}\u00a0\u00bb][\/et_pb_section]<\/p>\n","protected":false},"excerpt":{"rendered":"<p><strong>Les redresseurs de fil pour essais de coupe<\/strong> sont utilis\u00e9es pour produire des <strong>\u00e9chantillons de fils d&rsquo;acier<\/strong> \u00e0 utiliser en <strong>laboratoire<\/strong> (par exemple pour produire des <strong>\u00e9chantillons pour l&rsquo;essai de traction<\/strong>).<\/p>\n<p><strong>Les redresseurs de fil pour essai de coupe<\/strong>, fabriqu\u00e9s par Promostar sont des unit\u00e9s uniques capables de redresser des \u00e9chantillons de fil d&rsquo;acier apr\u00e8s le processus de laminage \u00e0 chaud, de laminage \u00e0 froid ou d&rsquo;\u00e9tirage.<\/p>\n<p>Dans les <strong>redresseurs de fil pour essai de coupe<\/strong>, l&rsquo;\u00e9chantillon du fil \u00e0 redresser est pr\u00e9lev\u00e9 en coupant une partie du fil lamin\u00e9 \u00e0 chaud pendant la phase de bobinage pour reproduire le processus de redressage effectu\u00e9 dans les centres de transformation de l&rsquo;acier.<\/p>\n<p>La machine est compos\u00e9e de 4 galets inf\u00e9rieurs motoris\u00e9s et de 3 galets sup\u00e9rieurs libres, r\u00e9glables en hauteur (en fonction du diam\u00e8tre du fil \u00e0 redresser), dont la fonction est de d\u00e9former le mat\u00e9riau au-del\u00e0 de sa plage d&rsquo;\u00e9lasticit\u00e9, obtenant ainsi le redressage.<\/p>\n","protected":false},"featured_media":5019,"template":"","meta":{"_et_pb_use_builder":"on","_et_pb_old_content":"<strong>Les redresseurs de fil pour essais de coupe<\/strong> sont utilis\u00e9es pour produire des <strong>\u00e9chantillons de fils d'acier<\/strong> \u00e0 utiliser en <strong>laboratoire<\/strong> (par exemple pour produire des <strong>\u00e9chantillons pour l'essai de traction<\/strong>).\n\n<strong>Les redresseurs de fil pour essai de coupe<\/strong>, fabriqu\u00e9s par Promostar sont des unit\u00e9s uniques capables de redresser des \u00e9chantillons de fil d'acier apr\u00e8s le processus de laminage \u00e0 chaud, de laminage \u00e0 froid ou d'\u00e9tirage.\n\nDans les <strong>redresseurs de fil pour essai de coupe<\/strong>, l'\u00e9chantillon du fil \u00e0 redresser est pr\u00e9lev\u00e9 en coupant une partie du fil lamin\u00e9 \u00e0 chaud pendant la phase de bobinage pour reproduire le processus de redressage effectu\u00e9 dans les centres de transformation de l'acier.\n\nLa machine est compos\u00e9e de 4 galets inf\u00e9rieurs motoris\u00e9s et de 3 galets sup\u00e9rieurs libres, r\u00e9glables en hauteur (en fonction du diam\u00e8tre du fil \u00e0 redresser), dont la fonction est de d\u00e9former le mat\u00e9riau au-del\u00e0 de sa plage d'\u00e9lasticit\u00e9, obtenant ainsi le redressage.\n\nLes trois rouleaux fous sup\u00e9rieurs, mont\u00e9s sur un ch\u00e2ssis mobile guid\u00e9 lat\u00e9ralement par des guides, en plus d'\u00eatre r\u00e9glables individuellement dans le sens vertical, sont mis en position de travail par un v\u00e9rin hydraulique qui oppose la composante de pouss\u00e9e verticale due \u00e0 l'action de d\u00e9formation du mat\u00e9riau pendant l'avancement.\n\nGr\u00e2ce \u00e0 un processus alternatif de redressage effectu\u00e9 avec ces rouleaux motoris\u00e9s et libres, la machine produit des barres droites pr\u00eates \u00e0 \u00eatre utilis\u00e9es pour les machines de laboratoire.\n\nLe mouvement horizontal du mat\u00e9riau s'effectue par l'activation des rouleaux inf\u00e9rieurs au moyen d'un motor\u00e9ducteur fix\u00e9 \u00e0 la base.\n\nNormalement, les pi\u00e8ces produites sont utilis\u00e9es pour alimenter les \u00e9quipements d'essai de traction pour v\u00e9rifier les propri\u00e9t\u00e9s m\u00e9caniques du fil machine torsad\u00e9 produit dans le processus de laminage \u00e0 chaud, mais elles peuvent alimenter n'importe quel type de machine qui n\u00e9cessite l'utilisation de barres droites de fil mat\u00e9riel.","_et_gb_content_width":""},"product_cat":[160],"product_tag":[],"yoast_head":"<!-- This site is optimized with the Yoast SEO plugin v20.5 - https:\/\/yoast.com\/wordpress\/plugins\/seo\/ -->\n<title>Redresseur de fil pour essai de coupe | Promostar<\/title>\n<meta name=\"description\" content=\"Les redresseurs de fil pour essais de coupe sont utilis\u00e9es pour produire des \u00e9chantillons de fils d&#039;acier \u00e0 utiliser en laboratoire\" \/>\n<meta name=\"robots\" content=\"index, follow, max-snippet:-1, max-image-preview:large, max-video-preview:-1\" \/>\n<link rel=\"canonical\" href=\"https:\/\/www.promostar.it\/fr\/prodotto\/redresseur-de-fil-pour-essai-de-coupe\/\" \/>\n<meta property=\"og:locale\" content=\"fr_FR\" \/>\n<meta property=\"og:type\" content=\"article\" \/>\n<meta property=\"og:title\" content=\"60\" \/>\n<meta property=\"og:description\" content=\"false\" \/>\n<meta property=\"og:url\" content=\"https:\/\/www.promostar.it\/fr\/prodotto\/redresseur-de-fil-pour-essai-de-coupe\/\" \/>\n<meta property=\"og:site_name\" content=\"PromoStar S.r.l.\" \/>\n<meta property=\"article:modified_time\" content=\"2023-04-17T09:45:48+00:00\" \/>\n<meta property=\"og:image\" content=\"https:\/\/www.promostar.it\/wp-content\/uploads\/2022\/05\/Copertina_Wire-Sample-Machine-1.jpg\" \/>\n\t<meta property=\"og:image:width\" content=\"1200\" \/>\n\t<meta property=\"og:image:height\" content=\"1200\" \/>\n\t<meta property=\"og:image:type\" content=\"image\/jpeg\" \/>\n<meta name=\"twitter:card\" content=\"summary_large_image\" \/>\n<meta name=\"twitter:label1\" content=\"Dur\u00e9e de lecture estim\u00e9e\" \/>\n\t<meta name=\"twitter:data1\" content=\"1 minute\" \/>\n<script type=\"application\/ld+json\" class=\"yoast-schema-graph\">{\"@context\":\"https:\/\/schema.org\",\"@graph\":[{\"@type\":\"WebPage\",\"@id\":\"https:\/\/www.promostar.it\/fr\/prodotto\/redresseur-de-fil-pour-essai-de-coupe\/\",\"url\":\"https:\/\/www.promostar.it\/fr\/prodotto\/redresseur-de-fil-pour-essai-de-coupe\/\",\"name\":\"Redresseur de fil pour essai de coupe | Promostar\",\"isPartOf\":{\"@id\":\"https:\/\/www.promostar.it\/fr\/#website\"},\"datePublished\":\"2022-05-12T10:28:45+00:00\",\"dateModified\":\"2023-04-17T09:45:48+00:00\",\"description\":\"Les redresseurs de fil pour essais de coupe sont utilis\u00e9es pour produire des \u00e9chantillons de fils d'acier \u00e0 utiliser en laboratoire\",\"breadcrumb\":{\"@id\":\"https:\/\/www.promostar.it\/fr\/prodotto\/redresseur-de-fil-pour-essai-de-coupe\/#breadcrumb\"},\"inLanguage\":\"fr-FR\",\"potentialAction\":[{\"@type\":\"ReadAction\",\"target\":[\"https:\/\/www.promostar.it\/fr\/prodotto\/redresseur-de-fil-pour-essai-de-coupe\/\"]}]},{\"@type\":\"BreadcrumbList\",\"@id\":\"https:\/\/www.promostar.it\/fr\/prodotto\/redresseur-de-fil-pour-essai-de-coupe\/#breadcrumb\",\"itemListElement\":[{\"@type\":\"ListItem\",\"position\":1,\"name\":\"Home\",\"item\":\"https:\/\/www.promostar.it\/fr\/home-2\/\"},{\"@type\":\"ListItem\",\"position\":2,\"name\":\"Produits\",\"item\":\"https:\/\/www.promostar.it\/fr\/shop\/\"},{\"@type\":\"ListItem\",\"position\":3,\"name\":\"Redresseur de fil pour essai de coupe\"}]},{\"@type\":\"WebSite\",\"@id\":\"https:\/\/www.promostar.it\/fr\/#website\",\"url\":\"https:\/\/www.promostar.it\/fr\/\",\"name\":\"PromoStar S.r.l.\",\"description\":\"Promostar \u00e8 l\u2019azienda leader e la prima ad introdurre il processo di stiratura\",\"publisher\":{\"@id\":\"https:\/\/www.promostar.it\/fr\/#organization\"},\"potentialAction\":[{\"@type\":\"SearchAction\",\"target\":{\"@type\":\"EntryPoint\",\"urlTemplate\":\"https:\/\/www.promostar.it\/fr\/?s={search_term_string}\"},\"query-input\":\"required name=search_term_string\"}],\"inLanguage\":\"fr-FR\"},{\"@type\":\"Organization\",\"@id\":\"https:\/\/www.promostar.it\/fr\/#organization\",\"name\":\"Promostar\",\"url\":\"https:\/\/www.promostar.it\/fr\/\",\"logo\":{\"@type\":\"ImageObject\",\"inLanguage\":\"fr-FR\",\"@id\":\"https:\/\/www.promostar.it\/fr\/#\/schema\/logo\/image\/\",\"url\":\"https:\/\/www.promostar.it\/wp-content\/uploads\/2020\/10\/promostar-logo.png\",\"contentUrl\":\"https:\/\/www.promostar.it\/wp-content\/uploads\/2020\/10\/promostar-logo.png\",\"width\":210,\"height\":69,\"caption\":\"Promostar\"},\"image\":{\"@id\":\"https:\/\/www.promostar.it\/fr\/#\/schema\/logo\/image\/\"}}]}<\/script>\n<!-- \/ Yoast SEO plugin. -->","yoast_head_json":{"title":"Redresseur de fil pour essai de coupe | Promostar","description":"Les redresseurs de fil pour essais de coupe sont utilis\u00e9es pour produire des \u00e9chantillons de fils d'acier \u00e0 utiliser en laboratoire","robots":{"index":"index","follow":"follow","max-snippet":"max-snippet:-1","max-image-preview":"max-image-preview:large","max-video-preview":"max-video-preview:-1"},"canonical":"https:\/\/www.promostar.it\/fr\/prodotto\/redresseur-de-fil-pour-essai-de-coupe\/","og_locale":"fr_FR","og_type":"article","og_title":"60","og_description":"false","og_url":"https:\/\/www.promostar.it\/fr\/prodotto\/redresseur-de-fil-pour-essai-de-coupe\/","og_site_name":"PromoStar S.r.l.","article_modified_time":"2023-04-17T09:45:48+00:00","og_image":[{"width":1200,"height":1200,"url":"https:\/\/www.promostar.it\/wp-content\/uploads\/2022\/05\/Copertina_Wire-Sample-Machine-1.jpg","type":"image\/jpeg"}],"twitter_card":"summary_large_image","twitter_misc":{"Dur\u00e9e de lecture estim\u00e9e":"1 minute"},"schema":{"@context":"https:\/\/schema.org","@graph":[{"@type":"WebPage","@id":"https:\/\/www.promostar.it\/fr\/prodotto\/redresseur-de-fil-pour-essai-de-coupe\/","url":"https:\/\/www.promostar.it\/fr\/prodotto\/redresseur-de-fil-pour-essai-de-coupe\/","name":"Redresseur de fil pour essai de coupe | Promostar","isPartOf":{"@id":"https:\/\/www.promostar.it\/fr\/#website"},"datePublished":"2022-05-12T10:28:45+00:00","dateModified":"2023-04-17T09:45:48+00:00","description":"Les redresseurs de fil pour essais de coupe sont utilis\u00e9es pour produire des \u00e9chantillons de fils d'acier \u00e0 utiliser en laboratoire","breadcrumb":{"@id":"https:\/\/www.promostar.it\/fr\/prodotto\/redresseur-de-fil-pour-essai-de-coupe\/#breadcrumb"},"inLanguage":"fr-FR","potentialAction":[{"@type":"ReadAction","target":["https:\/\/www.promostar.it\/fr\/prodotto\/redresseur-de-fil-pour-essai-de-coupe\/"]}]},{"@type":"BreadcrumbList","@id":"https:\/\/www.promostar.it\/fr\/prodotto\/redresseur-de-fil-pour-essai-de-coupe\/#breadcrumb","itemListElement":[{"@type":"ListItem","position":1,"name":"Home","item":"https:\/\/www.promostar.it\/fr\/home-2\/"},{"@type":"ListItem","position":2,"name":"Produits","item":"https:\/\/www.promostar.it\/fr\/shop\/"},{"@type":"ListItem","position":3,"name":"Redresseur de fil pour essai de coupe"}]},{"@type":"WebSite","@id":"https:\/\/www.promostar.it\/fr\/#website","url":"https:\/\/www.promostar.it\/fr\/","name":"PromoStar S.r.l.","description":"Promostar \u00e8 l\u2019azienda leader e la prima ad introdurre il processo di stiratura","publisher":{"@id":"https:\/\/www.promostar.it\/fr\/#organization"},"potentialAction":[{"@type":"SearchAction","target":{"@type":"EntryPoint","urlTemplate":"https:\/\/www.promostar.it\/fr\/?s={search_term_string}"},"query-input":"required name=search_term_string"}],"inLanguage":"fr-FR"},{"@type":"Organization","@id":"https:\/\/www.promostar.it\/fr\/#organization","name":"Promostar","url":"https:\/\/www.promostar.it\/fr\/","logo":{"@type":"ImageObject","inLanguage":"fr-FR","@id":"https:\/\/www.promostar.it\/fr\/#\/schema\/logo\/image\/","url":"https:\/\/www.promostar.it\/wp-content\/uploads\/2020\/10\/promostar-logo.png","contentUrl":"https:\/\/www.promostar.it\/wp-content\/uploads\/2020\/10\/promostar-logo.png","width":210,"height":69,"caption":"Promostar"},"image":{"@id":"https:\/\/www.promostar.it\/fr\/#\/schema\/logo\/image\/"}}]}},"_links":{"self":[{"href":"https:\/\/www.promostar.it\/fr\/wp-json\/wp\/v3\/product\/5379"}],"collection":[{"href":"https:\/\/www.promostar.it\/fr\/wp-json\/wp\/v3\/product"}],"about":[{"href":"https:\/\/www.promostar.it\/fr\/wp-json\/wp\/v2\/types\/product"}],"wp:featuredmedia":[{"embeddable":true,"href":"https:\/\/www.promostar.it\/fr\/wp-json\/wp\/v2\/media\/5019"}],"wp:attachment":[{"href":"https:\/\/www.promostar.it\/fr\/wp-json\/wp\/v2\/media?parent=5379"}],"wp:term":[{"taxonomy":"product_cat","embeddable":true,"href":"https:\/\/www.promostar.it\/fr\/wp-json\/wp\/v2\/product_cat?post=5379"},{"taxonomy":"product_tag","embeddable":true,"href":"https:\/\/www.promostar.it\/fr\/wp-json\/wp\/v2\/product_tag?post=5379"}],"curies":[{"name":"wp","href":"https:\/\/api.w.org\/{rel}","templated":true}]}}