{"id":5746,"date":"2021-11-03T15:34:24","date_gmt":"2021-11-03T14:34:24","guid":{"rendered":"https:\/\/www.promostar.it\/prodotto\/linea-de-estirado-en-frio-y-rebobinado-argostar\/"},"modified":"2024-11-18T16:19:18","modified_gmt":"2024-11-18T15:19:18","slug":"linea-de-estirado-en-frio-y-rebobinado-argostar","status":"publish","type":"product","link":"https:\/\/www.promostar.it\/es\/prodotto\/linea-de-estirado-en-frio-y-rebobinado-argostar\/","title":{"rendered":"L\u00ednea de estirado en fr\u00edo y rebobinado Argostar"},"content":{"rendered":"<p>[et_pb_section fb_built=\u00bb1&#8243; _builder_version=\u00bb4.17.0&#8243; _module_preset=\u00bbdefault\u00bb global_colors_info=\u00bb{}\u00bb][\/et_pb_section]<\/p>\n","protected":false},"excerpt":{"rendered":"<p><strong>La l\u00ednea de estirado y rebobinado en fr\u00edo Argostaris<\/strong> es la l\u00ednea perfecta para <strong>producir bobinas acanaladas de alambre de acero estirado<\/strong>, para ser utilizadas en productos como mallas soldadas de refuerzo, estribos, jaulas y vigas de celos\u00eda para la construcci\u00f3n civil e industrial, fundaciones y la industria de prefabricados.<\/p>\n<p><strong>La l\u00ednea de estirado en fr\u00edo y rebobinado Argostar combina el proceso de estirado de la barra de refuerzo en bobina con el bobinado<\/strong> del alambre reforzado estirado hasta alcanzar el peso de bobina deseado. Tambi\u00e9n se utiliza para fines de <strong>rebobinado<\/strong> en aquellos casos en los que no es necesario aumentar las propiedades mec\u00e1nicas del material, sino s\u00f3lo obtener <strong>bobinas muy compactas<\/strong>.<\/p>\n<p>La forma y los detalles de ingenier\u00eda de la l\u00ednea permiten producir bobinas estiradas en fr\u00edo de alta calidad con excelentes propiedades mec\u00e1nicas. El producto final <strong>puede alimentar cualquier tipo de m\u00e1quina de malla de refuerzo soldada o equipo de corte y doblado<\/strong>.<\/p>\n<p>El n\u00facleo de la m\u00e1quina es el doble <u>bloque de tracci\u00f3n<\/u> y el cuerpo Argostar.<\/p>\n","protected":false},"featured_media":3755,"template":"","meta":{"_et_pb_use_builder":"on","_et_pb_old_content":"<strong>La l\u00ednea de estirado y rebobinado en fr\u00edo Argostaris<\/strong> es la l\u00ednea perfecta para <strong>producir bobinas acanaladas de alambre de acero estirado<\/strong>, para ser utilizadas en productos como mallas soldadas de refuerzo, estribos, jaulas y vigas de celos\u00eda para la construcci\u00f3n civil e industrial, fundaciones y la industria de prefabricados.\n\n<strong>La l\u00ednea de estirado en fr\u00edo y rebobinado Argostar combina el proceso de estirado de la barra de refuerzo en bobina con el bobinado<\/strong> del alambre reforzado estirado hasta alcanzar el peso de bobina deseado. Tambi\u00e9n se utiliza para fines de <strong>rebobinado<\/strong> en aquellos casos en los que no es necesario aumentar las propiedades mec\u00e1nicas del material, sino s\u00f3lo obtener <strong>bobinas muy compactas<\/strong>.\n\nLa forma y los detalles de ingenier\u00eda de la l\u00ednea permiten producir bobinas estiradas en fr\u00edo de alta calidad con excelentes propiedades mec\u00e1nicas. El producto final <strong>puede alimentar cualquier tipo de m\u00e1quina de malla de refuerzo soldada o equipo de corte y doblado<\/strong>.\n\nEl n\u00facleo de la m\u00e1quina es el doble <a href=\"https:\/\/www.promostar.it\/prodotto\/pulling-bull-blocks\/\"><u>bloque de tracci\u00f3n<\/u><\/a> y el cuerpo Argostar.\n\nEl doble <a href=\"https:\/\/www.promostar.it\/prodotto\/pulling-bull-blocks\/\"><u>bloque de tracci\u00f3n<\/u><\/a> est\u00e1 compuesto por dos <a href=\"https:\/\/www.promostar.it\/prodotto\/pulling-bull-blocks\/\"><u>bloques de tracci\u00f3n<\/u><\/a> de ejes verticales que gracias a su posici\u00f3n, obligan al alambre a realizar un recorrido en \"S\", con la ventaja de dar un grado adicional de estiramiento al material. Los cabrestantes de trefilado de alambre son de tipo V (con la posibilidad de instalar tambi\u00e9n cabrestantes lisos para la producci\u00f3n de laminaci\u00f3n en fr\u00edo) y permiten producir bobinas de alambre de acero estirado en fr\u00edo con una gama de di\u00e1metros de \u00d86 a \u00d820mm y una capacidad de peso de hasta 8 toneladas.\n\nEl alambr\u00f3n, tirado por el <a href=\"https:\/\/www.promostar.it\/prodotto\/pulling-bull-blocks\/\"><u>bloque de tracci\u00f3n<\/u><\/a> de alto rendimiento y accionado por el PLC de \u00faltima generaci\u00f3n, es estirado en fr\u00edo por los dos <u>paneles de estirado<\/u> colocados en el interior del cuerpo Argostar, que est\u00e1n orientados 90 grados uno respecto al otro (para garantizar un alargamiento uniforme en toda la superficie del alambre) y que (en funci\u00f3n del grado de estirado configurado en el panel de control) mejoran las propiedades mec\u00e1nicas finales del alambre.\n\nLa m\u00e1quina tambi\u00e9n puede equiparse con <a href=\"https:\/\/www.promostar.it\/prodotto\/rolling-cassettes\/\"><u>casetes de laminaci\u00f3n<\/u><\/a> (en lugar de los <u>paneles de estirado<\/u>) para producir alambre laminado en fr\u00edo a partir de material de alambre simple.\n\nTodos los sistemas el\u00e9ctricos, hidr\u00e1ulicos y de lubricaci\u00f3n est\u00e1n dispuestos c\u00f3modamente en el interior de la m\u00e1quina para simplificar el mantenimiento de la l\u00ednea.\n\nAl principio de la m\u00e1quina se utiliza un sistema de desenrollado (con una <a href=\"https:\/\/www.promostar.it\/prodotto\/wire-pay-off-systems\/\"><u>torre de desenrollado vertical<\/u><\/a> con dos <u>dedos basculantes<\/u> o con una <a href=\"https:\/\/www.promostar.it\/prodotto\/wire-pay-off-systems\/\"><u>viga de desenrollado horizontal<\/u><\/a>, seg\u00fan los tama\u00f1os de alambre) para alimentar la m\u00e1quina con el alambre liso producido en el proceso de laminaci\u00f3n en caliente.\n\nSe incluyen otros dispositivos, como el <a href=\"https:\/\/www.promostar.it\/prodotto\/descalers\/\"><u>desincrustador mec\u00e1nico<\/u><\/a> o la <a href=\"http:\/\/wire%20lubricant\"><u>m\u00e1quina de lubricante para trefilado de alambre<\/u><\/a>.\n\nA la salida, una <a href=\"https:\/\/www.promostar.it\/prodotto\/horizontal-spooler-machines\/\"><u>m\u00e1quina bobinadora de alambre<\/u><\/a> con ejes horizontales o verticales realiza el bobinado del alambre en las bobinas.\n\nEn el nivel m\u00e1s alto de automatizaci\u00f3n de nuestras plantas, dicha m\u00e1quina puede equiparse con <a href=\"https:\/\/www.promostar.it\/prodotto\/vertical-automatic-spooler-machine\/\"><u>bobinadores de alambre<\/u> <span style=\"text-decoration: underline\">verticales autom\u00e1ticos<\/span><\/a> que realizan todas las operaciones como inserci\u00f3n del alambre, corte, cambio de carretes, toma de muestras, flejado, etiquetado y pesaje de las bobinas sin intervenci\u00f3n del operador.\n\nLa forma y los detalles de ingenier\u00eda de nuestras l\u00edneas permiten producir <strong>bobinas de laminaci\u00f3n en fr\u00edo de alta calidad embaladas en bobinas <a href=\"https:\/\/www.promostar.it\/prodotto\/electrical-mechanical-revamping-and-refurbishment\/\"><u>fijas<\/u><\/a> o <u><a href=\"https:\/\/www.promostar.it\/prodotto\/collapsible-spools-take-a-part-reels\/\">desmontables<\/a><\/u><\/strong> con un peso ajustable de hasta 8 toneladas. Normalmente, las bobinas producidas se utilizan para mallas de refuerzo, estribos, jaulas y vigas de celos\u00eda para la construcci\u00f3n civil e industrial, cimentaciones e industria de prefabricados.","_et_gb_content_width":""},"product_cat":[167,168],"product_tag":[],"yoast_head":"<!-- This site is optimized with the Yoast SEO plugin v20.5 - https:\/\/yoast.com\/wordpress\/plugins\/seo\/ -->\n<title>L\u00ednea de estirado en fr\u00edo y rebobinado Argostar | Promostar<\/title>\n<meta name=\"description\" content=\"La l\u00ednea de estirado y rebobinado en fr\u00edo Argostaris es la l\u00ednea perfecta para producir bobinas acanaladas de alambre de acero estirado, para ser utilizadas en productos como mallas soldadas de refuerzo, estribos, jaulas y vigas de celos\u00eda para la construcci\u00f3n civil e industrial, fundaciones y la industria de prefabricados.\" \/>\n<meta name=\"robots\" content=\"index, follow, max-snippet:-1, max-image-preview:large, max-video-preview:-1\" \/>\n<link rel=\"canonical\" href=\"https:\/\/www.promostar.it\/es\/prodotto\/linea-de-estirado-en-frio-y-rebobinado-argostar\/\" \/>\n<meta property=\"og:locale\" content=\"es_ES\" \/>\n<meta property=\"og:type\" content=\"article\" \/>\n<meta property=\"og:title\" content=\"L\u00ednea de estirado en fr\u00edo y rebobinado Argostar | Promostar\" \/>\n<meta property=\"og:description\" content=\"La l\u00ednea de estirado y rebobinado en fr\u00edo Argostaris es la l\u00ednea perfecta para producir bobinas acanaladas de alambre de acero estirado, para ser utilizadas en productos como mallas soldadas de refuerzo, estribos, jaulas y vigas de celos\u00eda para la construcci\u00f3n civil e industrial, fundaciones y la industria de prefabricados.\" \/>\n<meta property=\"og:url\" content=\"https:\/\/www.promostar.it\/es\/prodotto\/linea-de-estirado-en-frio-y-rebobinado-argostar\/\" \/>\n<meta property=\"og:site_name\" content=\"PromoStar S.r.l.\" \/>\n<meta property=\"article:modified_time\" content=\"2024-11-18T15:19:18+00:00\" \/>\n<meta property=\"og:image\" content=\"https:\/\/www.promostar.it\/wp-content\/uploads\/2021\/11\/argostar.jpg\" \/>\n\t<meta property=\"og:image:width\" content=\"800\" \/>\n\t<meta property=\"og:image:height\" content=\"800\" \/>\n\t<meta property=\"og:image:type\" content=\"image\/jpeg\" \/>\n<meta name=\"twitter:card\" content=\"summary_large_image\" \/>\n<script type=\"application\/ld+json\" class=\"yoast-schema-graph\">{\"@context\":\"https:\/\/schema.org\",\"@graph\":[{\"@type\":\"WebPage\",\"@id\":\"https:\/\/www.promostar.it\/es\/prodotto\/linea-de-estirado-en-frio-y-rebobinado-argostar\/\",\"url\":\"https:\/\/www.promostar.it\/es\/prodotto\/linea-de-estirado-en-frio-y-rebobinado-argostar\/\",\"name\":\"L\u00ednea de estirado en fr\u00edo y rebobinado Argostar | Promostar\",\"isPartOf\":{\"@id\":\"https:\/\/www.promostar.it\/es\/#website\"},\"datePublished\":\"2021-11-03T14:34:24+00:00\",\"dateModified\":\"2024-11-18T15:19:18+00:00\",\"description\":\"La l\u00ednea de estirado y rebobinado en fr\u00edo Argostaris es la l\u00ednea perfecta para producir bobinas acanaladas de alambre de acero estirado, para ser utilizadas en productos como mallas soldadas de refuerzo, estribos, jaulas y vigas de celos\u00eda para la construcci\u00f3n civil e industrial, fundaciones y la industria de prefabricados.\",\"breadcrumb\":{\"@id\":\"https:\/\/www.promostar.it\/es\/prodotto\/linea-de-estirado-en-frio-y-rebobinado-argostar\/#breadcrumb\"},\"inLanguage\":\"es\",\"potentialAction\":[{\"@type\":\"ReadAction\",\"target\":[\"https:\/\/www.promostar.it\/es\/prodotto\/linea-de-estirado-en-frio-y-rebobinado-argostar\/\"]}]},{\"@type\":\"BreadcrumbList\",\"@id\":\"https:\/\/www.promostar.it\/es\/prodotto\/linea-de-estirado-en-frio-y-rebobinado-argostar\/#breadcrumb\",\"itemListElement\":[{\"@type\":\"ListItem\",\"position\":1,\"name\":\"Home\",\"item\":\"https:\/\/www.promostar.it\/es\/home-2\/\"},{\"@type\":\"ListItem\",\"position\":2,\"name\":\"Productos\",\"item\":\"https:\/\/www.promostar.it\/es\/shop\/\"},{\"@type\":\"ListItem\",\"position\":3,\"name\":\"L\u00ednea de estirado en fr\u00edo y rebobinado Argostar\"}]},{\"@type\":\"WebSite\",\"@id\":\"https:\/\/www.promostar.it\/es\/#website\",\"url\":\"https:\/\/www.promostar.it\/es\/\",\"name\":\"PromoStar S.r.l.\",\"description\":\"Promostar \u00e8 l\u2019azienda leader e la prima ad introdurre il processo di stiratura\",\"publisher\":{\"@id\":\"https:\/\/www.promostar.it\/es\/#organization\"},\"potentialAction\":[{\"@type\":\"SearchAction\",\"target\":{\"@type\":\"EntryPoint\",\"urlTemplate\":\"https:\/\/www.promostar.it\/es\/?s={search_term_string}\"},\"query-input\":\"required name=search_term_string\"}],\"inLanguage\":\"es\"},{\"@type\":\"Organization\",\"@id\":\"https:\/\/www.promostar.it\/es\/#organization\",\"name\":\"Promostar\",\"url\":\"https:\/\/www.promostar.it\/es\/\",\"logo\":{\"@type\":\"ImageObject\",\"inLanguage\":\"es\",\"@id\":\"https:\/\/www.promostar.it\/es\/#\/schema\/logo\/image\/\",\"url\":\"https:\/\/www.promostar.it\/wp-content\/uploads\/2020\/10\/promostar-logo.png\",\"contentUrl\":\"https:\/\/www.promostar.it\/wp-content\/uploads\/2020\/10\/promostar-logo.png\",\"width\":210,\"height\":69,\"caption\":\"Promostar\"},\"image\":{\"@id\":\"https:\/\/www.promostar.it\/es\/#\/schema\/logo\/image\/\"}}]}<\/script>\n<!-- \/ Yoast SEO plugin. -->","yoast_head_json":{"title":"L\u00ednea de estirado en fr\u00edo y rebobinado Argostar | Promostar","description":"La l\u00ednea de estirado y rebobinado en fr\u00edo Argostaris es la l\u00ednea perfecta para producir bobinas acanaladas de alambre de acero estirado, para ser utilizadas en productos como mallas soldadas de refuerzo, estribos, jaulas y vigas de celos\u00eda para la construcci\u00f3n civil e industrial, fundaciones y la industria de prefabricados.","robots":{"index":"index","follow":"follow","max-snippet":"max-snippet:-1","max-image-preview":"max-image-preview:large","max-video-preview":"max-video-preview:-1"},"canonical":"https:\/\/www.promostar.it\/es\/prodotto\/linea-de-estirado-en-frio-y-rebobinado-argostar\/","og_locale":"es_ES","og_type":"article","og_title":"L\u00ednea de estirado en fr\u00edo y rebobinado Argostar | Promostar","og_description":"La l\u00ednea de estirado y rebobinado en fr\u00edo Argostaris es la l\u00ednea perfecta para producir bobinas acanaladas de alambre de acero estirado, para ser utilizadas en productos como mallas soldadas de refuerzo, estribos, jaulas y vigas de celos\u00eda para la construcci\u00f3n civil e industrial, fundaciones y la industria de prefabricados.","og_url":"https:\/\/www.promostar.it\/es\/prodotto\/linea-de-estirado-en-frio-y-rebobinado-argostar\/","og_site_name":"PromoStar S.r.l.","article_modified_time":"2024-11-18T15:19:18+00:00","og_image":[{"width":800,"height":800,"url":"https:\/\/www.promostar.it\/wp-content\/uploads\/2021\/11\/argostar.jpg","type":"image\/jpeg"}],"twitter_card":"summary_large_image","schema":{"@context":"https:\/\/schema.org","@graph":[{"@type":"WebPage","@id":"https:\/\/www.promostar.it\/es\/prodotto\/linea-de-estirado-en-frio-y-rebobinado-argostar\/","url":"https:\/\/www.promostar.it\/es\/prodotto\/linea-de-estirado-en-frio-y-rebobinado-argostar\/","name":"L\u00ednea de estirado en fr\u00edo y rebobinado Argostar | Promostar","isPartOf":{"@id":"https:\/\/www.promostar.it\/es\/#website"},"datePublished":"2021-11-03T14:34:24+00:00","dateModified":"2024-11-18T15:19:18+00:00","description":"La l\u00ednea de estirado y rebobinado en fr\u00edo Argostaris es la l\u00ednea perfecta para producir bobinas acanaladas de alambre de acero estirado, para ser utilizadas en productos como mallas soldadas de refuerzo, estribos, jaulas y vigas de celos\u00eda para la construcci\u00f3n civil e industrial, fundaciones y la industria de prefabricados.","breadcrumb":{"@id":"https:\/\/www.promostar.it\/es\/prodotto\/linea-de-estirado-en-frio-y-rebobinado-argostar\/#breadcrumb"},"inLanguage":"es","potentialAction":[{"@type":"ReadAction","target":["https:\/\/www.promostar.it\/es\/prodotto\/linea-de-estirado-en-frio-y-rebobinado-argostar\/"]}]},{"@type":"BreadcrumbList","@id":"https:\/\/www.promostar.it\/es\/prodotto\/linea-de-estirado-en-frio-y-rebobinado-argostar\/#breadcrumb","itemListElement":[{"@type":"ListItem","position":1,"name":"Home","item":"https:\/\/www.promostar.it\/es\/home-2\/"},{"@type":"ListItem","position":2,"name":"Productos","item":"https:\/\/www.promostar.it\/es\/shop\/"},{"@type":"ListItem","position":3,"name":"L\u00ednea de estirado en fr\u00edo y rebobinado Argostar"}]},{"@type":"WebSite","@id":"https:\/\/www.promostar.it\/es\/#website","url":"https:\/\/www.promostar.it\/es\/","name":"PromoStar S.r.l.","description":"Promostar \u00e8 l\u2019azienda leader e la prima ad introdurre il processo di stiratura","publisher":{"@id":"https:\/\/www.promostar.it\/es\/#organization"},"potentialAction":[{"@type":"SearchAction","target":{"@type":"EntryPoint","urlTemplate":"https:\/\/www.promostar.it\/es\/?s={search_term_string}"},"query-input":"required name=search_term_string"}],"inLanguage":"es"},{"@type":"Organization","@id":"https:\/\/www.promostar.it\/es\/#organization","name":"Promostar","url":"https:\/\/www.promostar.it\/es\/","logo":{"@type":"ImageObject","inLanguage":"es","@id":"https:\/\/www.promostar.it\/es\/#\/schema\/logo\/image\/","url":"https:\/\/www.promostar.it\/wp-content\/uploads\/2020\/10\/promostar-logo.png","contentUrl":"https:\/\/www.promostar.it\/wp-content\/uploads\/2020\/10\/promostar-logo.png","width":210,"height":69,"caption":"Promostar"},"image":{"@id":"https:\/\/www.promostar.it\/es\/#\/schema\/logo\/image\/"}}]}},"_links":{"self":[{"href":"https:\/\/www.promostar.it\/es\/wp-json\/wp\/v3\/product\/5746"}],"collection":[{"href":"https:\/\/www.promostar.it\/es\/wp-json\/wp\/v3\/product"}],"about":[{"href":"https:\/\/www.promostar.it\/es\/wp-json\/wp\/v2\/types\/product"}],"wp:featuredmedia":[{"embeddable":true,"href":"https:\/\/www.promostar.it\/es\/wp-json\/wp\/v2\/media\/3755"}],"wp:attachment":[{"href":"https:\/\/www.promostar.it\/es\/wp-json\/wp\/v2\/media?parent=5746"}],"wp:term":[{"taxonomy":"product_cat","embeddable":true,"href":"https:\/\/www.promostar.it\/es\/wp-json\/wp\/v2\/product_cat?post=5746"},{"taxonomy":"product_tag","embeddable":true,"href":"https:\/\/www.promostar.it\/es\/wp-json\/wp\/v2\/product_tag?post=5746"}],"curies":[{"name":"wp","href":"https:\/\/api.w.org\/{rel}","templated":true}]}}