{"id":5745,"date":"2022-04-22T12:07:11","date_gmt":"2022-04-22T10:07:11","guid":{"rendered":"https:\/\/www.promostar.it\/prodotto\/linea-de-estirado-y-enderezamiento-en-frio-geministar\/"},"modified":"2024-11-18T16:13:12","modified_gmt":"2024-11-18T15:13:12","slug":"linea-de-estirado-y-enderezamiento-en-frio-geministar","status":"publish","type":"product","link":"https:\/\/www.promostar.it\/es\/prodotto\/linea-de-estirado-y-enderezamiento-en-frio-geministar\/","title":{"rendered":"L\u00ednea de Estirado y Enderezamiento en Fr\u00edo Geministar"},"content":{"rendered":"<p>[et_pb_section fb_built=\u00bb1&#8243; _builder_version=\u00bb4.17.0&#8243; _module_preset=\u00bbdefault\u00bb global_colors_info=\u00bb{}\u00bb][\/et_pb_section]<\/p>\n","protected":false},"excerpt":{"rendered":"<p><strong>La l\u00ednea de Estirado y Enderezado en Fr\u00edo Geministar<\/strong> es la l\u00ednea perfecta <strong>para producir barras de alambre de acero estirado en fr\u00edo, acanaladas o dentadas<\/strong>, para ser utilizadas en productos como mallas soldadas de refuerzo, estribos, jaulas y vigas de celos\u00eda para la construcci\u00f3n civil e industrial, fundaciones y la industria de prefabricados.<\/p>\n<p><strong>La l\u00ednea de estirado y enderezado en fr\u00edo Geministar combina el proceso de estirado en fr\u00edo del alambr\u00f3n con el enderezado y corte<\/strong> de las barras de alambre reforzado estiradas en fr\u00edo a la longitud deseada.<\/p>\n<p>La forma y los detalles de ingenier\u00eda de la l\u00ednea permiten producir barras de acero estirado en fr\u00edo de alta calidad con una excelente rectitud. El producto final <strong>puede alimentar cualquier tipo de m\u00e1quina de malla de refuerzo soldada o equipo de corte y doblado<\/strong>.<\/p>\n<p>En comparaci\u00f3n con las m\u00e1quinas enderezadoras tradicionales, este sistema combinado de producci\u00f3n de barras tiene la ventaja de alcanzar una <strong>elevada velocidad de producci\u00f3n con una notable reducci\u00f3n de las operaciones<\/strong> de las materias primas (la barra de refuerzo en la bobina es procesada en paquetes de barras de alambre para hormig\u00f3n nervado en una sola l\u00ednea, con una evidente optimizaci\u00f3n de la log\u00edstica interna).<\/p>\n","protected":false},"featured_media":3767,"template":"","meta":{"_et_pb_use_builder":"on","_et_pb_old_content":"<strong>La l\u00ednea de Estirado y Enderezado en Fr\u00edo Geministar<\/strong> es la l\u00ednea perfecta <strong>para producir barras de alambre de acero estirado en fr\u00edo, acanaladas o dentadas<\/strong>, para ser utilizadas en productos como mallas soldadas de refuerzo, estribos, jaulas y vigas de celos\u00eda para la construcci\u00f3n civil e industrial, fundaciones y la industria de prefabricados.\r\n\r\n<strong>La l\u00ednea de estirado y enderezado en fr\u00edo Geministar combina el proceso de estirado en fr\u00edo del alambr\u00f3n con el enderezado y corte<\/strong> de las barras de alambre reforzado estiradas en fr\u00edo a la longitud deseada.\r\n\r\nLa forma y los detalles de ingenier\u00eda de la l\u00ednea permiten producir barras de acero estirado en fr\u00edo de alta calidad con una excelente rectitud. El producto final <strong>puede alimentar cualquier tipo de m\u00e1quina de malla de refuerzo soldada o equipo de corte y doblado<\/strong>.\r\n\r\nEn comparaci\u00f3n con las m\u00e1quinas enderezadoras tradicionales, este sistema combinado de producci\u00f3n de barras tiene la ventaja de alcanzar una <strong>elevada velocidad de producci\u00f3n con una notable reducci\u00f3n de las operaciones<\/strong> de las materias primas (la barra de refuerzo en la bobina es procesada en paquetes de barras de alambre para hormig\u00f3n nervado en una sola l\u00ednea, con una evidente optimizaci\u00f3n de la log\u00edstica interna).\r\n\r\nEl n\u00facleo de la m\u00e1quina es el cuerpo Geministar. El n\u00facleo de la m\u00e1quina es el cuerpo Geministar. En su interior se encuentra el bloque de tracci\u00f3n con eje horizontal equipado con los cabrestantes de trefilado capaces de producir barras de acero estiradas en fr\u00edo con una gama de di\u00e1metros de \u00d86 a \u00d818mm y una longitud de hasta 12 metros.\r\n\r\nEl alambr\u00f3n, tirado por el <strong>bloque de tracci\u00f3n<\/strong> de alto rendimiento y controlado por el PLC de \u00faltima generaci\u00f3n, es estirado en fr\u00edo por los dos <strong>paneles de estiramiento<\/strong> que est\u00e1n orientados 90 grados uno respecto al otro (para garantizar un alargamiento uniforme en toda la superficie del alambre) y que (dependiendo del grado de estiramiento configurado en el panel de control) mejoran las propiedades mec\u00e1nicas finales del alambre.\r\n\r\nLa m\u00e1quina tambi\u00e9n puede equiparse con <strong>casetes de laminaci\u00f3n<\/strong> (con la posibilidad de instalar hasta tres <strong>casetes de laminaci\u00f3n<\/strong> en el lugar de los <strong>paneles de estirado<\/strong>) para producir alambre laminaci\u00f3n en fr\u00edo a partir de material de alambre simple.\r\n\r\nA continuaci\u00f3n, un sistema compuesto por paneles de enderezado de alta velocidad totalmente ajustables endereza el alambre que, arrastrado por un sistema de tracci\u00f3n motorizado (que crea una contra tracci\u00f3n descendente del cabrestante), permite transportar las barras hacia la <strong>cizalla volante continua<\/strong> para el corte de las barras a la longitud establecida.\r\n\r\nPor \u00faltimo, las barras se recogen en el colector de alambre que permite la creaci\u00f3n de sub-atado parcial y la creaci\u00f3n de atado de barras perfecta y autom\u00e1ticamente alineadas por la m\u00e1quina. En la versi\u00f3n de alto nivel, toda la m\u00e1quina puede equiparse con dispositivo de atado para la creaci\u00f3n autom\u00e1tica del sub-atado parcial y del atado principal.\r\n\r\nTodos los sistemas el\u00e9ctricos, hidr\u00e1ulicos y de lubricaci\u00f3n est\u00e1n dispuestos c\u00f3modamente en el interior de la m\u00e1quina para simplificar el mantenimiento de la l\u00ednea.\r\n\r\nAl principio de la m\u00e1quina se utiliza un sistema de desenrollado (con una <strong>torre de desenrollado vertical<\/strong> con dos <strong>dedos basculantes<\/strong> o con una viga de <strong>desenrollado horizontal<\/strong>, seg\u00fan los tama\u00f1os de alambre) para alimentar la m\u00e1quina con el alambre liso producido en el proceso de laminaci\u00f3n en caliente.\r\n\r\nSe incluyen otros dispositivos, como el <strong>desincrustador mec\u00e1nico<\/strong> o la <strong>m\u00e1quina de lubricante para trefilado de alambre<\/strong>.\r\n\r\nAdem\u00e1s, la <strong>gran flexibilidad<\/strong> de la l\u00ednea Geministar, permite combinarla tambi\u00e9n con un carrete de alambre para producir carretes fijos o plegables (que pueden a\u00f1adirse tambi\u00e9n en una fase posterior, reduciendo el coste inicial de la inversi\u00f3n). Esto significa que <strong>con la misma m\u00e1quina se puede cambiar la producci\u00f3n de barras a rollos fijos o plegables<\/strong>.\r\n\r\nEn el nivel m\u00e1s alto de automatizaci\u00f3n de nuestras plantas, dicha l\u00ednea puede equiparse con <strong>carretes de alambre verticales autom\u00e1ticos<\/strong> que realizan todas las operaciones como inserci\u00f3n del alambre, corte, cambio de carretes, toma de muestras, flejado, etiquetado y pesaje de las bobinas sin intervenci\u00f3n del operador.","_et_gb_content_width":""},"product_cat":[166,168],"product_tag":[],"yoast_head":"<!-- This site is optimized with the Yoast SEO plugin v20.5 - https:\/\/yoast.com\/wordpress\/plugins\/seo\/ -->\n<title>L\u00ednea de Estirado y Enderezamiento en Fr\u00edo Geministar | Promostar<\/title>\n<meta name=\"description\" content=\"La l\u00ednea de Estirado y Enderezado en Fr\u00edo Geministar es la l\u00ednea perfecta para producir barras de alambre de acero estirado en fr\u00edo\" \/>\n<meta name=\"robots\" content=\"index, follow, max-snippet:-1, max-image-preview:large, max-video-preview:-1\" \/>\n<link rel=\"canonical\" href=\"https:\/\/www.promostar.it\/es\/prodotto\/linea-de-estirado-y-enderezamiento-en-frio-geministar\/\" \/>\n<meta property=\"og:locale\" content=\"es_ES\" \/>\n<meta property=\"og:type\" content=\"article\" \/>\n<meta property=\"og:title\" content=\"L\u00ednea de Estirado y Enderezamiento en Fr\u00edo Geministar | Promostar\" \/>\n<meta property=\"og:description\" content=\"La l\u00ednea de Estirado y Enderezado en Fr\u00edo Geministar es la l\u00ednea perfecta para producir barras de alambre de acero estirado en fr\u00edo\" \/>\n<meta property=\"og:url\" content=\"https:\/\/www.promostar.it\/es\/prodotto\/linea-de-estirado-y-enderezamiento-en-frio-geministar\/\" \/>\n<meta property=\"og:site_name\" content=\"PromoStar S.r.l.\" \/>\n<meta property=\"article:modified_time\" content=\"2024-11-18T15:13:12+00:00\" \/>\n<meta property=\"og:image\" content=\"https:\/\/www.promostar.it\/wp-content\/uploads\/2021\/03\/geministar.jpg\" \/>\n\t<meta property=\"og:image:width\" content=\"800\" \/>\n\t<meta property=\"og:image:height\" content=\"800\" \/>\n\t<meta property=\"og:image:type\" content=\"image\/jpeg\" \/>\n<meta name=\"twitter:card\" content=\"summary_large_image\" \/>\n<meta name=\"twitter:label1\" content=\"Tiempo de lectura\" \/>\n\t<meta name=\"twitter:data1\" content=\"1 minuto\" \/>\n<script type=\"application\/ld+json\" class=\"yoast-schema-graph\">{\"@context\":\"https:\/\/schema.org\",\"@graph\":[{\"@type\":\"WebPage\",\"@id\":\"https:\/\/www.promostar.it\/es\/prodotto\/linea-de-estirado-y-enderezamiento-en-frio-geministar\/\",\"url\":\"https:\/\/www.promostar.it\/es\/prodotto\/linea-de-estirado-y-enderezamiento-en-frio-geministar\/\",\"name\":\"L\u00ednea de Estirado y Enderezamiento en Fr\u00edo Geministar | Promostar\",\"isPartOf\":{\"@id\":\"https:\/\/www.promostar.it\/es\/#website\"},\"datePublished\":\"2022-04-22T10:07:11+00:00\",\"dateModified\":\"2024-11-18T15:13:12+00:00\",\"description\":\"La l\u00ednea de Estirado y Enderezado en Fr\u00edo Geministar es la l\u00ednea perfecta para producir barras de alambre de acero estirado en fr\u00edo\",\"breadcrumb\":{\"@id\":\"https:\/\/www.promostar.it\/es\/prodotto\/linea-de-estirado-y-enderezamiento-en-frio-geministar\/#breadcrumb\"},\"inLanguage\":\"es\",\"potentialAction\":[{\"@type\":\"ReadAction\",\"target\":[\"https:\/\/www.promostar.it\/es\/prodotto\/linea-de-estirado-y-enderezamiento-en-frio-geministar\/\"]}]},{\"@type\":\"BreadcrumbList\",\"@id\":\"https:\/\/www.promostar.it\/es\/prodotto\/linea-de-estirado-y-enderezamiento-en-frio-geministar\/#breadcrumb\",\"itemListElement\":[{\"@type\":\"ListItem\",\"position\":1,\"name\":\"Home\",\"item\":\"https:\/\/www.promostar.it\/es\/home-2\/\"},{\"@type\":\"ListItem\",\"position\":2,\"name\":\"Productos\",\"item\":\"https:\/\/www.promostar.it\/es\/shop\/\"},{\"@type\":\"ListItem\",\"position\":3,\"name\":\"L\u00ednea de Estirado y Enderezamiento en Fr\u00edo Geministar\"}]},{\"@type\":\"WebSite\",\"@id\":\"https:\/\/www.promostar.it\/es\/#website\",\"url\":\"https:\/\/www.promostar.it\/es\/\",\"name\":\"PromoStar S.r.l.\",\"description\":\"Promostar \u00e8 l\u2019azienda leader e la prima ad introdurre il processo di stiratura\",\"publisher\":{\"@id\":\"https:\/\/www.promostar.it\/es\/#organization\"},\"potentialAction\":[{\"@type\":\"SearchAction\",\"target\":{\"@type\":\"EntryPoint\",\"urlTemplate\":\"https:\/\/www.promostar.it\/es\/?s={search_term_string}\"},\"query-input\":\"required name=search_term_string\"}],\"inLanguage\":\"es\"},{\"@type\":\"Organization\",\"@id\":\"https:\/\/www.promostar.it\/es\/#organization\",\"name\":\"Promostar\",\"url\":\"https:\/\/www.promostar.it\/es\/\",\"logo\":{\"@type\":\"ImageObject\",\"inLanguage\":\"es\",\"@id\":\"https:\/\/www.promostar.it\/es\/#\/schema\/logo\/image\/\",\"url\":\"https:\/\/www.promostar.it\/wp-content\/uploads\/2020\/10\/promostar-logo.png\",\"contentUrl\":\"https:\/\/www.promostar.it\/wp-content\/uploads\/2020\/10\/promostar-logo.png\",\"width\":210,\"height\":69,\"caption\":\"Promostar\"},\"image\":{\"@id\":\"https:\/\/www.promostar.it\/es\/#\/schema\/logo\/image\/\"}}]}<\/script>\n<!-- \/ Yoast SEO plugin. -->","yoast_head_json":{"title":"L\u00ednea de Estirado y Enderezamiento en Fr\u00edo Geministar | Promostar","description":"La l\u00ednea de Estirado y Enderezado en Fr\u00edo Geministar es la l\u00ednea perfecta para producir barras de alambre de acero estirado en fr\u00edo","robots":{"index":"index","follow":"follow","max-snippet":"max-snippet:-1","max-image-preview":"max-image-preview:large","max-video-preview":"max-video-preview:-1"},"canonical":"https:\/\/www.promostar.it\/es\/prodotto\/linea-de-estirado-y-enderezamiento-en-frio-geministar\/","og_locale":"es_ES","og_type":"article","og_title":"L\u00ednea de Estirado y Enderezamiento en Fr\u00edo Geministar | Promostar","og_description":"La l\u00ednea de Estirado y Enderezado en Fr\u00edo Geministar es la l\u00ednea perfecta para producir barras de alambre de acero estirado en fr\u00edo","og_url":"https:\/\/www.promostar.it\/es\/prodotto\/linea-de-estirado-y-enderezamiento-en-frio-geministar\/","og_site_name":"PromoStar S.r.l.","article_modified_time":"2024-11-18T15:13:12+00:00","og_image":[{"width":800,"height":800,"url":"https:\/\/www.promostar.it\/wp-content\/uploads\/2021\/03\/geministar.jpg","type":"image\/jpeg"}],"twitter_card":"summary_large_image","twitter_misc":{"Tiempo de lectura":"1 minuto"},"schema":{"@context":"https:\/\/schema.org","@graph":[{"@type":"WebPage","@id":"https:\/\/www.promostar.it\/es\/prodotto\/linea-de-estirado-y-enderezamiento-en-frio-geministar\/","url":"https:\/\/www.promostar.it\/es\/prodotto\/linea-de-estirado-y-enderezamiento-en-frio-geministar\/","name":"L\u00ednea de Estirado y Enderezamiento en Fr\u00edo Geministar | Promostar","isPartOf":{"@id":"https:\/\/www.promostar.it\/es\/#website"},"datePublished":"2022-04-22T10:07:11+00:00","dateModified":"2024-11-18T15:13:12+00:00","description":"La l\u00ednea de Estirado y Enderezado en Fr\u00edo Geministar es la l\u00ednea perfecta para producir barras de alambre de acero estirado en fr\u00edo","breadcrumb":{"@id":"https:\/\/www.promostar.it\/es\/prodotto\/linea-de-estirado-y-enderezamiento-en-frio-geministar\/#breadcrumb"},"inLanguage":"es","potentialAction":[{"@type":"ReadAction","target":["https:\/\/www.promostar.it\/es\/prodotto\/linea-de-estirado-y-enderezamiento-en-frio-geministar\/"]}]},{"@type":"BreadcrumbList","@id":"https:\/\/www.promostar.it\/es\/prodotto\/linea-de-estirado-y-enderezamiento-en-frio-geministar\/#breadcrumb","itemListElement":[{"@type":"ListItem","position":1,"name":"Home","item":"https:\/\/www.promostar.it\/es\/home-2\/"},{"@type":"ListItem","position":2,"name":"Productos","item":"https:\/\/www.promostar.it\/es\/shop\/"},{"@type":"ListItem","position":3,"name":"L\u00ednea de Estirado y Enderezamiento en Fr\u00edo Geministar"}]},{"@type":"WebSite","@id":"https:\/\/www.promostar.it\/es\/#website","url":"https:\/\/www.promostar.it\/es\/","name":"PromoStar S.r.l.","description":"Promostar \u00e8 l\u2019azienda leader e la prima ad introdurre il processo di stiratura","publisher":{"@id":"https:\/\/www.promostar.it\/es\/#organization"},"potentialAction":[{"@type":"SearchAction","target":{"@type":"EntryPoint","urlTemplate":"https:\/\/www.promostar.it\/es\/?s={search_term_string}"},"query-input":"required name=search_term_string"}],"inLanguage":"es"},{"@type":"Organization","@id":"https:\/\/www.promostar.it\/es\/#organization","name":"Promostar","url":"https:\/\/www.promostar.it\/es\/","logo":{"@type":"ImageObject","inLanguage":"es","@id":"https:\/\/www.promostar.it\/es\/#\/schema\/logo\/image\/","url":"https:\/\/www.promostar.it\/wp-content\/uploads\/2020\/10\/promostar-logo.png","contentUrl":"https:\/\/www.promostar.it\/wp-content\/uploads\/2020\/10\/promostar-logo.png","width":210,"height":69,"caption":"Promostar"},"image":{"@id":"https:\/\/www.promostar.it\/es\/#\/schema\/logo\/image\/"}}]}},"_links":{"self":[{"href":"https:\/\/www.promostar.it\/es\/wp-json\/wp\/v3\/product\/5745"}],"collection":[{"href":"https:\/\/www.promostar.it\/es\/wp-json\/wp\/v3\/product"}],"about":[{"href":"https:\/\/www.promostar.it\/es\/wp-json\/wp\/v2\/types\/product"}],"wp:featuredmedia":[{"embeddable":true,"href":"https:\/\/www.promostar.it\/es\/wp-json\/wp\/v2\/media\/3767"}],"wp:attachment":[{"href":"https:\/\/www.promostar.it\/es\/wp-json\/wp\/v2\/media?parent=5745"}],"wp:term":[{"taxonomy":"product_cat","embeddable":true,"href":"https:\/\/www.promostar.it\/es\/wp-json\/wp\/v2\/product_cat?post=5745"},{"taxonomy":"product_tag","embeddable":true,"href":"https:\/\/www.promostar.it\/es\/wp-json\/wp\/v2\/product_tag?post=5745"}],"curies":[{"name":"wp","href":"https:\/\/api.w.org\/{rel}","templated":true}]}}