{"id":5739,"date":"2021-11-03T14:58:19","date_gmt":"2021-11-03T13:58:19","guid":{"rendered":"https:\/\/www.promostar.it\/prodotto\/linea-de-enderezamiento-y-laminacion-en-frio-doradostar\/"},"modified":"2024-11-18T16:08:30","modified_gmt":"2024-11-18T15:08:30","slug":"linea-de-enderezamiento-y-laminacion-en-frio-doradostar","status":"publish","type":"product","link":"https:\/\/www.promostar.it\/es\/prodotto\/linea-de-enderezamiento-y-laminacion-en-frio-doradostar\/","title":{"rendered":"L\u00ednea de Enderezamiento y Laminaci\u00f3n en Fr\u00edo Doradostar"},"content":{"rendered":"<p>[et_pb_section fb_built=\u00bb1&#8243; _builder_version=\u00bb4.17.0&#8243; _module_preset=\u00bbdefault\u00bb global_colors_info=\u00bb{}\u00bb][\/et_pb_section]<\/p>\n","protected":false},"excerpt":{"rendered":"<p><strong>La L\u00ednea de Laminaci\u00f3n en Fr\u00edo y Enderezado Doradostar<\/strong> es nuestra l\u00ednea de entrada <strong>para producir barras de alambre de acero laminado en fr\u00edo, acanaladas o dentadas<\/strong>, para su uso en productos como mallas soldadas de refuerzo, estribos, jaulas y vigas de celos\u00eda para la construcci\u00f3n civil e industrial, cimentaciones y la industria de prefabricados.<\/p>\n<p><strong>La L\u00ednea de Laminaci\u00f3n en Fr\u00edo y Enderezado Doradostar<\/strong> c<strong>ombina el proceso de laminaci\u00f3n en fr\u00edo del alambr\u00f3n con el enderezado y corte<\/strong> de las barras de alambre reforzado laminadas en fr\u00edo a la longitud deseada.<\/p>\n<p>La forma y los detalles de ingenier\u00eda de la l\u00ednea permiten producir barras de acero lamido en fr\u00edo de alta calidad con una excelente rectitud y propiedades geom\u00e9tricas del perfil acanalado. El producto final <strong>puede alimentar cualquier tipo de m\u00e1quina de malla de refuerzo soldada o equipo de corte y doblado<\/strong>.<\/p>\n<p>En comparaci\u00f3n con las m\u00e1quinas enderezadoras tradicionales, este sistema combinado de producci\u00f3n de barras tiene la ventaja de alcanzar una <strong>elevada velocidad de producci\u00f3n con una notable reducci\u00f3n de las operaciones<\/strong> de manipulaci\u00f3n de las materias primas (el alambr\u00f3n se transforma en paquetes de barras de alambre para hormig\u00f3n nervado o dentado en una sola l\u00ednea, con una evidente optimizaci\u00f3n de la log\u00edstica interna).<\/p>\n","protected":false},"featured_media":3764,"template":"","meta":{"_et_pb_use_builder":"on","_et_pb_old_content":"<strong>La L\u00ednea de Laminaci\u00f3n en Fr\u00edo y Enderezado Doradostar<\/strong> es nuestra l\u00ednea de entrada <strong>para producir barras de alambre de acero laminado en fr\u00edo, acanaladas o dentadas<\/strong>, para su uso en productos como mallas soldadas de refuerzo, estribos, jaulas y vigas de celos\u00eda para la construcci\u00f3n civil e industrial, cimentaciones y la industria de prefabricados.\r\n\r\n<strong>La L\u00ednea de Laminaci\u00f3n en Fr\u00edo y Enderezado Doradostar<\/strong> c<strong>ombina el proceso de laminaci\u00f3n en fr\u00edo del alambr\u00f3n con el enderezado y corte<\/strong> de las barras de alambre reforzado laminadas en fr\u00edo a la longitud deseada.\r\n\r\nLa forma y los detalles de ingenier\u00eda de la l\u00ednea permiten producir barras de acero lamido en fr\u00edo de alta calidad con una excelente rectitud y propiedades geom\u00e9tricas del perfil acanalado. El producto final <strong>puede alimentar cualquier tipo de m\u00e1quina de malla de refuerzo soldada o equipo de corte y doblado<\/strong>.\r\n\r\nEn comparaci\u00f3n con las m\u00e1quinas enderezadoras tradicionales, este sistema combinado de producci\u00f3n de barras tiene la ventaja de alcanzar una <strong>elevada velocidad de producci\u00f3n con una notable reducci\u00f3n de las operaciones<\/strong> de manipulaci\u00f3n de las materias primas (el alambr\u00f3n se transforma en paquetes de barras de alambre para hormig\u00f3n nervado o dentado en una sola l\u00ednea, con una evidente optimizaci\u00f3n de la log\u00edstica interna).\r\n\r\ncleo de la m\u00e1quina es el cuerpo Doradostar. En su interior se encuentran los tres rodillos motorizados de laminaci\u00f3n en fr\u00edo (en el lugar de los cabrestantes del bloque de torsi\u00f3n y del trefilado de alambre) capaces de producir barras de acero laminadas en fr\u00edo con una gama de di\u00e1metros de \u00d85 a \u00d810mm y una longitud de hasta 12 metros.\r\n\r\nEl alambr\u00f3n, tirado por los tres rodillos motorizados de laminaci\u00f3n en fr\u00edo y accionado por el PLC de \u00faltima generaci\u00f3n, es directamente laminado en fr\u00edo por los rodillos motorizados con el soporte de los casetes de laminaci\u00f3n en fr\u00edo (equipado con rodillos libres para la operaci\u00f3n de pre-formado) que reducen el di\u00e1metro al tama\u00f1o deseado mejorando las propiedades mec\u00e1nicas y a\u00f1adiendo la nervadura positiva o la indentaci\u00f3n negativa al alambre.\r\n\r\nA continuaci\u00f3n, un sistema compuesto por paneles de enderezado de alta velocidad totalmente ajustables endereza el alambre que, arrastrado por un sistema de tracci\u00f3n motorizado (que crea una contra tracci\u00f3n descendente del cabrestante), permite transportar las barras hacia la <strong>cizalla volante continua<\/strong> para el corte de las barras a la longitud establecida.\r\n\r\nPor \u00faltimo, las barras se recogen en el colector de alambre que permite la creaci\u00f3n de sub-atado parcial y la creaci\u00f3n de atado de barras perfecta y autom\u00e1ticamente alineadas por la m\u00e1quina.\r\n\r\nAl principio de la m\u00e1quina se utiliza un sistema de desenrollado (con una <a href=\"https:\/\/www.promostar.it\/prodotto\/wire-pay-off-systems\/\"><u>torre de desenrollado vertical<\/u><\/a> con dos <u>dedos basculantes<\/u> o con una <u>viga de desenrollado horizontal<\/u>, seg\u00fan los tama\u00f1os de alambre) para alimentar la m\u00e1quina con el alambre liso producido en el proceso de laminaci\u00f3n en caliente.\r\n\r\nSe incluyen otros dispositivos, como el <a href=\"https:\/\/www.promostar.it\/prodotto\/descalers\/\">desincrustador mec\u00e1nico<\/a> o la <a href=\"https:\/\/www.promostar.it\/prodotto\/wire-lubricant-machines\/\">m\u00e1quina de lubricante para trefilado de alambre<\/a>.","_et_gb_content_width":""},"product_cat":[164,169],"product_tag":[],"yoast_head":"<!-- This site is optimized with the Yoast SEO plugin v20.5 - https:\/\/yoast.com\/wordpress\/plugins\/seo\/ -->\n<title>L\u00ednea de Enderezamiento y Laminaci\u00f3n en Fr\u00edo Doradostar | Promostar<\/title>\n<meta name=\"description\" content=\"La L\u00ednea de Laminaci\u00f3n en Fr\u00edo y Enderezado Doradostar es nuestra l\u00ednea de entrada para producir barras de alambre de acero laminado en fr\u00edo, acanaladas o dentadas\" \/>\n<meta name=\"robots\" content=\"index, follow, max-snippet:-1, max-image-preview:large, max-video-preview:-1\" \/>\n<link rel=\"canonical\" href=\"https:\/\/www.promostar.it\/es\/prodotto\/linea-de-enderezamiento-y-laminacion-en-frio-doradostar\/\" \/>\n<meta property=\"og:locale\" content=\"es_ES\" \/>\n<meta property=\"og:type\" content=\"article\" \/>\n<meta property=\"og:title\" content=\"L\u00ednea de Enderezamiento y Laminaci\u00f3n en Fr\u00edo Doradostar | Promostar\" \/>\n<meta property=\"og:description\" content=\"La L\u00ednea de Laminaci\u00f3n en Fr\u00edo y Enderezado Doradostar es nuestra l\u00ednea de entrada para producir barras de alambre de acero laminado en fr\u00edo, acanaladas o dentadas\" \/>\n<meta property=\"og:url\" content=\"https:\/\/www.promostar.it\/es\/prodotto\/linea-de-enderezamiento-y-laminacion-en-frio-doradostar\/\" \/>\n<meta property=\"og:site_name\" content=\"PromoStar S.r.l.\" \/>\n<meta property=\"article:modified_time\" content=\"2024-11-18T15:08:30+00:00\" \/>\n<meta property=\"og:image\" content=\"https:\/\/www.promostar.it\/wp-content\/uploads\/2021\/11\/DoradoStar.jpg\" \/>\n\t<meta property=\"og:image:width\" content=\"800\" \/>\n\t<meta property=\"og:image:height\" content=\"800\" \/>\n\t<meta property=\"og:image:type\" content=\"image\/jpeg\" \/>\n<meta name=\"twitter:card\" content=\"summary_large_image\" \/>\n<meta name=\"twitter:label1\" content=\"Tiempo de lectura\" \/>\n\t<meta name=\"twitter:data1\" content=\"1 minuto\" \/>\n<script type=\"application\/ld+json\" class=\"yoast-schema-graph\">{\"@context\":\"https:\/\/schema.org\",\"@graph\":[{\"@type\":\"WebPage\",\"@id\":\"https:\/\/www.promostar.it\/es\/prodotto\/linea-de-enderezamiento-y-laminacion-en-frio-doradostar\/\",\"url\":\"https:\/\/www.promostar.it\/es\/prodotto\/linea-de-enderezamiento-y-laminacion-en-frio-doradostar\/\",\"name\":\"L\u00ednea de Enderezamiento y Laminaci\u00f3n en Fr\u00edo Doradostar | Promostar\",\"isPartOf\":{\"@id\":\"https:\/\/www.promostar.it\/es\/#website\"},\"datePublished\":\"2021-11-03T13:58:19+00:00\",\"dateModified\":\"2024-11-18T15:08:30+00:00\",\"description\":\"La L\u00ednea de Laminaci\u00f3n en Fr\u00edo y Enderezado Doradostar es nuestra l\u00ednea de entrada para producir barras de alambre de acero laminado en fr\u00edo, acanaladas o dentadas\",\"breadcrumb\":{\"@id\":\"https:\/\/www.promostar.it\/es\/prodotto\/linea-de-enderezamiento-y-laminacion-en-frio-doradostar\/#breadcrumb\"},\"inLanguage\":\"es\",\"potentialAction\":[{\"@type\":\"ReadAction\",\"target\":[\"https:\/\/www.promostar.it\/es\/prodotto\/linea-de-enderezamiento-y-laminacion-en-frio-doradostar\/\"]}]},{\"@type\":\"BreadcrumbList\",\"@id\":\"https:\/\/www.promostar.it\/es\/prodotto\/linea-de-enderezamiento-y-laminacion-en-frio-doradostar\/#breadcrumb\",\"itemListElement\":[{\"@type\":\"ListItem\",\"position\":1,\"name\":\"Home\",\"item\":\"https:\/\/www.promostar.it\/es\/home-2\/\"},{\"@type\":\"ListItem\",\"position\":2,\"name\":\"Productos\",\"item\":\"https:\/\/www.promostar.it\/es\/shop\/\"},{\"@type\":\"ListItem\",\"position\":3,\"name\":\"L\u00ednea de Enderezamiento y Laminaci\u00f3n en Fr\u00edo Doradostar\"}]},{\"@type\":\"WebSite\",\"@id\":\"https:\/\/www.promostar.it\/es\/#website\",\"url\":\"https:\/\/www.promostar.it\/es\/\",\"name\":\"PromoStar S.r.l.\",\"description\":\"Promostar \u00e8 l\u2019azienda leader e la prima ad introdurre il processo di stiratura\",\"publisher\":{\"@id\":\"https:\/\/www.promostar.it\/es\/#organization\"},\"potentialAction\":[{\"@type\":\"SearchAction\",\"target\":{\"@type\":\"EntryPoint\",\"urlTemplate\":\"https:\/\/www.promostar.it\/es\/?s={search_term_string}\"},\"query-input\":\"required name=search_term_string\"}],\"inLanguage\":\"es\"},{\"@type\":\"Organization\",\"@id\":\"https:\/\/www.promostar.it\/es\/#organization\",\"name\":\"Promostar\",\"url\":\"https:\/\/www.promostar.it\/es\/\",\"logo\":{\"@type\":\"ImageObject\",\"inLanguage\":\"es\",\"@id\":\"https:\/\/www.promostar.it\/es\/#\/schema\/logo\/image\/\",\"url\":\"https:\/\/www.promostar.it\/wp-content\/uploads\/2020\/10\/promostar-logo.png\",\"contentUrl\":\"https:\/\/www.promostar.it\/wp-content\/uploads\/2020\/10\/promostar-logo.png\",\"width\":210,\"height\":69,\"caption\":\"Promostar\"},\"image\":{\"@id\":\"https:\/\/www.promostar.it\/es\/#\/schema\/logo\/image\/\"}}]}<\/script>\n<!-- \/ Yoast SEO plugin. -->","yoast_head_json":{"title":"L\u00ednea de Enderezamiento y Laminaci\u00f3n en Fr\u00edo Doradostar | Promostar","description":"La L\u00ednea de Laminaci\u00f3n en Fr\u00edo y Enderezado Doradostar es nuestra l\u00ednea de entrada para producir barras de alambre de acero laminado en fr\u00edo, acanaladas o dentadas","robots":{"index":"index","follow":"follow","max-snippet":"max-snippet:-1","max-image-preview":"max-image-preview:large","max-video-preview":"max-video-preview:-1"},"canonical":"https:\/\/www.promostar.it\/es\/prodotto\/linea-de-enderezamiento-y-laminacion-en-frio-doradostar\/","og_locale":"es_ES","og_type":"article","og_title":"L\u00ednea de Enderezamiento y Laminaci\u00f3n en Fr\u00edo Doradostar | Promostar","og_description":"La L\u00ednea de Laminaci\u00f3n en Fr\u00edo y Enderezado Doradostar es nuestra l\u00ednea de entrada para producir barras de alambre de acero laminado en fr\u00edo, acanaladas o dentadas","og_url":"https:\/\/www.promostar.it\/es\/prodotto\/linea-de-enderezamiento-y-laminacion-en-frio-doradostar\/","og_site_name":"PromoStar S.r.l.","article_modified_time":"2024-11-18T15:08:30+00:00","og_image":[{"width":800,"height":800,"url":"https:\/\/www.promostar.it\/wp-content\/uploads\/2021\/11\/DoradoStar.jpg","type":"image\/jpeg"}],"twitter_card":"summary_large_image","twitter_misc":{"Tiempo de lectura":"1 minuto"},"schema":{"@context":"https:\/\/schema.org","@graph":[{"@type":"WebPage","@id":"https:\/\/www.promostar.it\/es\/prodotto\/linea-de-enderezamiento-y-laminacion-en-frio-doradostar\/","url":"https:\/\/www.promostar.it\/es\/prodotto\/linea-de-enderezamiento-y-laminacion-en-frio-doradostar\/","name":"L\u00ednea de Enderezamiento y Laminaci\u00f3n en Fr\u00edo Doradostar | Promostar","isPartOf":{"@id":"https:\/\/www.promostar.it\/es\/#website"},"datePublished":"2021-11-03T13:58:19+00:00","dateModified":"2024-11-18T15:08:30+00:00","description":"La L\u00ednea de Laminaci\u00f3n en Fr\u00edo y Enderezado Doradostar es nuestra l\u00ednea de entrada para producir barras de alambre de acero laminado en fr\u00edo, acanaladas o dentadas","breadcrumb":{"@id":"https:\/\/www.promostar.it\/es\/prodotto\/linea-de-enderezamiento-y-laminacion-en-frio-doradostar\/#breadcrumb"},"inLanguage":"es","potentialAction":[{"@type":"ReadAction","target":["https:\/\/www.promostar.it\/es\/prodotto\/linea-de-enderezamiento-y-laminacion-en-frio-doradostar\/"]}]},{"@type":"BreadcrumbList","@id":"https:\/\/www.promostar.it\/es\/prodotto\/linea-de-enderezamiento-y-laminacion-en-frio-doradostar\/#breadcrumb","itemListElement":[{"@type":"ListItem","position":1,"name":"Home","item":"https:\/\/www.promostar.it\/es\/home-2\/"},{"@type":"ListItem","position":2,"name":"Productos","item":"https:\/\/www.promostar.it\/es\/shop\/"},{"@type":"ListItem","position":3,"name":"L\u00ednea de Enderezamiento y Laminaci\u00f3n en Fr\u00edo Doradostar"}]},{"@type":"WebSite","@id":"https:\/\/www.promostar.it\/es\/#website","url":"https:\/\/www.promostar.it\/es\/","name":"PromoStar S.r.l.","description":"Promostar \u00e8 l\u2019azienda leader e la prima ad introdurre il processo di stiratura","publisher":{"@id":"https:\/\/www.promostar.it\/es\/#organization"},"potentialAction":[{"@type":"SearchAction","target":{"@type":"EntryPoint","urlTemplate":"https:\/\/www.promostar.it\/es\/?s={search_term_string}"},"query-input":"required name=search_term_string"}],"inLanguage":"es"},{"@type":"Organization","@id":"https:\/\/www.promostar.it\/es\/#organization","name":"Promostar","url":"https:\/\/www.promostar.it\/es\/","logo":{"@type":"ImageObject","inLanguage":"es","@id":"https:\/\/www.promostar.it\/es\/#\/schema\/logo\/image\/","url":"https:\/\/www.promostar.it\/wp-content\/uploads\/2020\/10\/promostar-logo.png","contentUrl":"https:\/\/www.promostar.it\/wp-content\/uploads\/2020\/10\/promostar-logo.png","width":210,"height":69,"caption":"Promostar"},"image":{"@id":"https:\/\/www.promostar.it\/es\/#\/schema\/logo\/image\/"}}]}},"_links":{"self":[{"href":"https:\/\/www.promostar.it\/es\/wp-json\/wp\/v3\/product\/5739"}],"collection":[{"href":"https:\/\/www.promostar.it\/es\/wp-json\/wp\/v3\/product"}],"about":[{"href":"https:\/\/www.promostar.it\/es\/wp-json\/wp\/v2\/types\/product"}],"wp:featuredmedia":[{"embeddable":true,"href":"https:\/\/www.promostar.it\/es\/wp-json\/wp\/v2\/media\/3764"}],"wp:attachment":[{"href":"https:\/\/www.promostar.it\/es\/wp-json\/wp\/v2\/media?parent=5739"}],"wp:term":[{"taxonomy":"product_cat","embeddable":true,"href":"https:\/\/www.promostar.it\/es\/wp-json\/wp\/v2\/product_cat?post=5739"},{"taxonomy":"product_tag","embeddable":true,"href":"https:\/\/www.promostar.it\/es\/wp-json\/wp\/v2\/product_tag?post=5739"}],"curies":[{"name":"wp","href":"https:\/\/api.w.org\/{rel}","templated":true}]}}