{"id":5738,"date":"2021-11-03T15:05:14","date_gmt":"2021-11-03T14:05:14","guid":{"rendered":"https:\/\/www.promostar.it\/prodotto\/linea-de-laminacion-en-frio-librastar\/"},"modified":"2023-05-02T09:14:18","modified_gmt":"2023-05-02T07:14:18","slug":"linea-de-laminacion-en-frio-librastar","status":"publish","type":"product","link":"https:\/\/www.promostar.it\/es\/prodotto\/linea-de-laminacion-en-frio-librastar\/","title":{"rendered":"L\u00ednea de laminaci\u00f3n en fr\u00edo Librastar"},"content":{"rendered":"<p>[et_pb_section fb_built=\u00bb1&#8243; _builder_version=\u00bb4.17.0&#8243; _module_preset=\u00bbdefault\u00bb global_colors_info=\u00bb{}\u00bb][\/et_pb_section]<\/p>\n","protected":false},"excerpt":{"rendered":"<p><strong>La l\u00ednea de laminaci\u00f3n en fr\u00edo Librastar<\/strong> es la l\u00ednea perfecta <strong>para producir bobinas de alambre de acero laminado en fr\u00edo, lisas, acanaladas o dentadas<\/strong>, para su uso en productos como mallas soldadas de refuerzo, estribos, jaulas y vigas de celos\u00eda para la construcci\u00f3n civil e industrial, cimentaciones e industria de prefabricados.<\/p>\n<p><strong>La l\u00ednea de laminaci\u00f3n en fr\u00edo Librastar<\/strong> <strong>combina el proceso de laminaci\u00f3n en fr\u00edo del alambr\u00f3n con el bobinado del alambre<\/strong> reforzado laminado en fr\u00edo hasta alcanzar el peso de bobina deseado.<\/p>\n<p>La forma y los detalles de ingenier\u00eda de la l\u00ednea permiten producir bobinas laminadas en fr\u00edo de alta calidad con excelentes propiedades mec\u00e1nicas y geom\u00e9tricas del perfil acanalado. El producto final <strong>puede alimentar cualquier tipo de m\u00e1quina de malla de refuerzo soldada o equipo de corte y doblado<\/strong>.<\/p>\n","protected":false},"featured_media":3761,"template":"","meta":{"_et_pb_use_builder":"on","_et_pb_old_content":"<strong>La l\u00ednea de laminaci\u00f3n en fr\u00edo Librastar<\/strong> es la l\u00ednea perfecta <strong>para producir bobinas de alambre de acero laminado en fr\u00edo, lisas, acanaladas o dentadas<\/strong>, para su uso en productos como mallas soldadas de refuerzo, estribos, jaulas y vigas de celos\u00eda para la construcci\u00f3n civil e industrial, cimentaciones e industria de prefabricados.\n\n<strong>La l\u00ednea de laminaci\u00f3n en fr\u00edo Librastar<\/strong> <strong>combina el proceso de laminaci\u00f3n en fr\u00edo del alambr\u00f3n con el bobinado del alambre<\/strong> reforzado laminado en fr\u00edo hasta alcanzar el peso de bobina deseado.\n\nLa forma y los detalles de ingenier\u00eda de la l\u00ednea permiten producir bobinas laminadas en fr\u00edo de alta calidad con excelentes propiedades mec\u00e1nicas y geom\u00e9tricas del perfil acanalado. El producto final <strong>puede alimentar cualquier tipo de m\u00e1quina de malla de refuerzo soldada o equipo de corte y doblado<\/strong>.\n\nLa m\u00e1quina Librastar es nuestra soluci\u00f3n est\u00e1ndar para la producci\u00f3n de bobinas de alambre de acero trefilado en fr\u00edo.\n\nEl n\u00facleo de la m\u00e1quina es el cuerpo Librastar. En su interior se encuentra el <a href=\"https:\/\/www.promostar.it\/prodotto\/pulling-bull-blocks\/\"><u>bloque de tracci\u00f3n<\/u><\/a> con eje horizontal, equipado con cabrestantes de trefilado de alambre (posibilidad de instalar hasta 4 cabrestantes) y es capaz de producir bobinas de alambre de acero laminado en fr\u00edo con un rango de di\u00e1metros de \u00d84 a \u00d820 mm y una capacidad de peso de hasta 8 toneladas.\n\nEl alambr\u00f3n, arrastrado por el <a href=\"https:\/\/www.promostar.it\/prodotto\/pulling-bull-blocks\/\"><u>bloque de tracci\u00f3n<\/u><\/a> de alto rendimiento y accionado por el PLC de \u00faltima generaci\u00f3n, es es laminado en fr\u00edo por <a href=\"https:\/\/www.promostar.it\/prodotto\/rolling-cassettes\/\"><u>los casetes de laminaci\u00f3n<\/u><\/a> (con la posibilidad de instalar hasta tres <a href=\"https:\/\/www.promostar.it\/prodotto\/rolling-cassettes\/\"><u>los casetes de laminaci\u00f3n<\/u><\/a>) que reducen el di\u00e1metro al tama\u00f1o deseado mejorando las propiedades mec\u00e1nicas y a\u00f1adiendo la nervadura positiva o la indentaci\u00f3n negativa al alambre.\n\nLa m\u00e1quina tambi\u00e9n puede equiparse con <u>paneles de estirado<\/u> (en el lugar de los <a href=\"https:\/\/www.promostar.it\/prodotto\/rolling-cassettes\/\"><u>casetes de laminaci\u00f3n<\/u><\/a>) para producir alambre estirado a partir de barras de refuerzo en material de bobina.\n\nTodos los sistemas el\u00e9ctricos, hidr\u00e1ulicos y de lubricaci\u00f3n est\u00e1n dispuestos c\u00f3modamente en el interior de la m\u00e1quina para simplificar el mantenimiento de la l\u00ednea.\n\nAl principio de la m\u00e1quina se utiliza un sistema de desenrollado (con una <a href=\"https:\/\/www.promostar.it\/prodotto\/wire-pay-off-systems\/\"><u>torre de desenrollado vertical<\/u><\/a> con dos <u>dedos basculantes<\/u> o con una <a href=\"https:\/\/www.promostar.it\/prodotto\/wire-pay-off-systems\/\"><u>viga de desenrollado horizontal<\/u><\/a>, seg\u00fan los tama\u00f1os de alambre) para alimentar la m\u00e1quina con el alambre liso producido en el proceso de laminaci\u00f3n en caliente.\n\nSe incluyen otros dispositivos, como el <a href=\"https:\/\/www.promostar.it\/prodotto\/descalers\/\"><u>desincrustador mec\u00e1nico<\/u><\/a> o la <a href=\"https:\/\/www.promostar.it\/prodotto\/wire-lubricant-machines\/\"><u>m\u00e1quina de lubricante para trefilado de alambre<\/u><\/a>.\n\nA la salida, una <a href=\"https:\/\/www.promostar.it\/prodotto\/vegastar-copia\/\"><u>m\u00e1quina bobinadora de alambre<\/u><\/a> con ejes horizontales o verticales realiza el bobinado del alambre en las bobinas.\n\nEn el nivel m\u00e1s alto de automatizaci\u00f3n de nuestras plantas, dicha m\u00e1quina puede equiparse con <strong><a href=\"https:\/\/www.promostar.it\/prodotto\/vegastar-copia\/\"><u>bobinadores de alambre<\/u><\/a> verticales autom\u00e1ticos<\/strong> que realizan todas las operaciones como inserci\u00f3n del alambre, corte, cambio de carretes, toma de muestras, flejado, etiquetado y pesaje de las bobinas sin intervenci\u00f3n del operador.\n\nLa forma y los detalles de ingenier\u00eda de nuestras l\u00edneas permiten producir <strong>bobinas de laminaci\u00f3n en fr\u00edo de alta calidad embaladas en bobinas <a href=\"https:\/\/www.promostar.it\/prodotto\/electrical-mechanical-revamping-and-refurbishment\/\"><u>fijas<\/u><\/a> o <u><a href=\"https:\/\/www.promostar.it\/prodotto\/collapsible-spools-take-a-part-reels\/\">desmontables<\/a><\/u><\/strong> con un peso ajustable de hasta 8 toneladas. Normalmente, las bobinas producidas se utilizan para mallas de refuerzo, estribos, jaulas y vigas de celos\u00eda para la construcci\u00f3n civil e industrial, cimentaciones e industria de prefabricados.","_et_gb_content_width":""},"product_cat":[165,169],"product_tag":[],"yoast_head":"<!-- This site is optimized with the Yoast SEO plugin v20.5 - https:\/\/yoast.com\/wordpress\/plugins\/seo\/ -->\n<title>L\u00ednea de laminaci\u00f3n en fr\u00edo Librastar | Promostar<\/title>\n<meta name=\"description\" content=\"La l\u00ednea de laminaci\u00f3n en fr\u00edo Librastar es la l\u00ednea perfecta para producir bobinas de alambre de acero laminado en fr\u00edo, lisas, acanaladas o dentadas\" \/>\n<meta name=\"robots\" content=\"index, follow, max-snippet:-1, max-image-preview:large, max-video-preview:-1\" \/>\n<link rel=\"canonical\" href=\"https:\/\/www.promostar.it\/es\/prodotto\/linea-de-laminacion-en-frio-librastar\/\" \/>\n<meta property=\"og:locale\" content=\"es_ES\" \/>\n<meta property=\"og:type\" content=\"article\" \/>\n<meta property=\"og:title\" content=\"L\u00ednea de laminaci\u00f3n en fr\u00edo Librastar | Promostar\" \/>\n<meta property=\"og:description\" content=\"La l\u00ednea de laminaci\u00f3n en fr\u00edo Librastar es la l\u00ednea perfecta para producir bobinas de alambre de acero laminado en fr\u00edo, lisas, acanaladas o dentadas\" \/>\n<meta property=\"og:url\" content=\"https:\/\/www.promostar.it\/es\/prodotto\/linea-de-laminacion-en-frio-librastar\/\" \/>\n<meta property=\"og:site_name\" content=\"PromoStar S.r.l.\" \/>\n<meta property=\"article:modified_time\" content=\"2023-05-02T07:14:18+00:00\" \/>\n<meta property=\"og:image\" content=\"https:\/\/www.promostar.it\/wp-content\/uploads\/2021\/11\/librastart.jpg\" \/>\n\t<meta property=\"og:image:width\" content=\"800\" \/>\n\t<meta property=\"og:image:height\" content=\"800\" \/>\n\t<meta property=\"og:image:type\" content=\"image\/jpeg\" \/>\n<meta name=\"twitter:card\" content=\"summary_large_image\" \/>\n<script type=\"application\/ld+json\" class=\"yoast-schema-graph\">{\"@context\":\"https:\/\/schema.org\",\"@graph\":[{\"@type\":\"WebPage\",\"@id\":\"https:\/\/www.promostar.it\/es\/prodotto\/linea-de-laminacion-en-frio-librastar\/\",\"url\":\"https:\/\/www.promostar.it\/es\/prodotto\/linea-de-laminacion-en-frio-librastar\/\",\"name\":\"L\u00ednea de laminaci\u00f3n en fr\u00edo Librastar | Promostar\",\"isPartOf\":{\"@id\":\"https:\/\/www.promostar.it\/es\/#website\"},\"datePublished\":\"2021-11-03T14:05:14+00:00\",\"dateModified\":\"2023-05-02T07:14:18+00:00\",\"description\":\"La l\u00ednea de laminaci\u00f3n en fr\u00edo Librastar es la l\u00ednea perfecta para producir bobinas de alambre de acero laminado en fr\u00edo, lisas, acanaladas o dentadas\",\"breadcrumb\":{\"@id\":\"https:\/\/www.promostar.it\/es\/prodotto\/linea-de-laminacion-en-frio-librastar\/#breadcrumb\"},\"inLanguage\":\"es\",\"potentialAction\":[{\"@type\":\"ReadAction\",\"target\":[\"https:\/\/www.promostar.it\/es\/prodotto\/linea-de-laminacion-en-frio-librastar\/\"]}]},{\"@type\":\"BreadcrumbList\",\"@id\":\"https:\/\/www.promostar.it\/es\/prodotto\/linea-de-laminacion-en-frio-librastar\/#breadcrumb\",\"itemListElement\":[{\"@type\":\"ListItem\",\"position\":1,\"name\":\"Home\",\"item\":\"https:\/\/www.promostar.it\/es\/home-2\/\"},{\"@type\":\"ListItem\",\"position\":2,\"name\":\"Productos\",\"item\":\"https:\/\/www.promostar.it\/es\/shop\/\"},{\"@type\":\"ListItem\",\"position\":3,\"name\":\"L\u00ednea de laminaci\u00f3n en fr\u00edo Librastar\"}]},{\"@type\":\"WebSite\",\"@id\":\"https:\/\/www.promostar.it\/es\/#website\",\"url\":\"https:\/\/www.promostar.it\/es\/\",\"name\":\"PromoStar S.r.l.\",\"description\":\"Promostar \u00e8 l\u2019azienda leader e la prima ad introdurre il processo di stiratura\",\"publisher\":{\"@id\":\"https:\/\/www.promostar.it\/es\/#organization\"},\"potentialAction\":[{\"@type\":\"SearchAction\",\"target\":{\"@type\":\"EntryPoint\",\"urlTemplate\":\"https:\/\/www.promostar.it\/es\/?s={search_term_string}\"},\"query-input\":\"required name=search_term_string\"}],\"inLanguage\":\"es\"},{\"@type\":\"Organization\",\"@id\":\"https:\/\/www.promostar.it\/es\/#organization\",\"name\":\"Promostar\",\"url\":\"https:\/\/www.promostar.it\/es\/\",\"logo\":{\"@type\":\"ImageObject\",\"inLanguage\":\"es\",\"@id\":\"https:\/\/www.promostar.it\/es\/#\/schema\/logo\/image\/\",\"url\":\"https:\/\/www.promostar.it\/wp-content\/uploads\/2020\/10\/promostar-logo.png\",\"contentUrl\":\"https:\/\/www.promostar.it\/wp-content\/uploads\/2020\/10\/promostar-logo.png\",\"width\":210,\"height\":69,\"caption\":\"Promostar\"},\"image\":{\"@id\":\"https:\/\/www.promostar.it\/es\/#\/schema\/logo\/image\/\"}}]}<\/script>\n<!-- \/ Yoast SEO plugin. -->","yoast_head_json":{"title":"L\u00ednea de laminaci\u00f3n en fr\u00edo Librastar | Promostar","description":"La l\u00ednea de laminaci\u00f3n en fr\u00edo Librastar es la l\u00ednea perfecta para producir bobinas de alambre de acero laminado en fr\u00edo, lisas, acanaladas o dentadas","robots":{"index":"index","follow":"follow","max-snippet":"max-snippet:-1","max-image-preview":"max-image-preview:large","max-video-preview":"max-video-preview:-1"},"canonical":"https:\/\/www.promostar.it\/es\/prodotto\/linea-de-laminacion-en-frio-librastar\/","og_locale":"es_ES","og_type":"article","og_title":"L\u00ednea de laminaci\u00f3n en fr\u00edo Librastar | Promostar","og_description":"La l\u00ednea de laminaci\u00f3n en fr\u00edo Librastar es la l\u00ednea perfecta para producir bobinas de alambre de acero laminado en fr\u00edo, lisas, acanaladas o dentadas","og_url":"https:\/\/www.promostar.it\/es\/prodotto\/linea-de-laminacion-en-frio-librastar\/","og_site_name":"PromoStar S.r.l.","article_modified_time":"2023-05-02T07:14:18+00:00","og_image":[{"width":800,"height":800,"url":"https:\/\/www.promostar.it\/wp-content\/uploads\/2021\/11\/librastart.jpg","type":"image\/jpeg"}],"twitter_card":"summary_large_image","schema":{"@context":"https:\/\/schema.org","@graph":[{"@type":"WebPage","@id":"https:\/\/www.promostar.it\/es\/prodotto\/linea-de-laminacion-en-frio-librastar\/","url":"https:\/\/www.promostar.it\/es\/prodotto\/linea-de-laminacion-en-frio-librastar\/","name":"L\u00ednea de laminaci\u00f3n en fr\u00edo Librastar | Promostar","isPartOf":{"@id":"https:\/\/www.promostar.it\/es\/#website"},"datePublished":"2021-11-03T14:05:14+00:00","dateModified":"2023-05-02T07:14:18+00:00","description":"La l\u00ednea de laminaci\u00f3n en fr\u00edo Librastar es la l\u00ednea perfecta para producir bobinas de alambre de acero laminado en fr\u00edo, lisas, acanaladas o dentadas","breadcrumb":{"@id":"https:\/\/www.promostar.it\/es\/prodotto\/linea-de-laminacion-en-frio-librastar\/#breadcrumb"},"inLanguage":"es","potentialAction":[{"@type":"ReadAction","target":["https:\/\/www.promostar.it\/es\/prodotto\/linea-de-laminacion-en-frio-librastar\/"]}]},{"@type":"BreadcrumbList","@id":"https:\/\/www.promostar.it\/es\/prodotto\/linea-de-laminacion-en-frio-librastar\/#breadcrumb","itemListElement":[{"@type":"ListItem","position":1,"name":"Home","item":"https:\/\/www.promostar.it\/es\/home-2\/"},{"@type":"ListItem","position":2,"name":"Productos","item":"https:\/\/www.promostar.it\/es\/shop\/"},{"@type":"ListItem","position":3,"name":"L\u00ednea de laminaci\u00f3n en fr\u00edo Librastar"}]},{"@type":"WebSite","@id":"https:\/\/www.promostar.it\/es\/#website","url":"https:\/\/www.promostar.it\/es\/","name":"PromoStar S.r.l.","description":"Promostar \u00e8 l\u2019azienda leader e la prima ad introdurre il processo di stiratura","publisher":{"@id":"https:\/\/www.promostar.it\/es\/#organization"},"potentialAction":[{"@type":"SearchAction","target":{"@type":"EntryPoint","urlTemplate":"https:\/\/www.promostar.it\/es\/?s={search_term_string}"},"query-input":"required name=search_term_string"}],"inLanguage":"es"},{"@type":"Organization","@id":"https:\/\/www.promostar.it\/es\/#organization","name":"Promostar","url":"https:\/\/www.promostar.it\/es\/","logo":{"@type":"ImageObject","inLanguage":"es","@id":"https:\/\/www.promostar.it\/es\/#\/schema\/logo\/image\/","url":"https:\/\/www.promostar.it\/wp-content\/uploads\/2020\/10\/promostar-logo.png","contentUrl":"https:\/\/www.promostar.it\/wp-content\/uploads\/2020\/10\/promostar-logo.png","width":210,"height":69,"caption":"Promostar"},"image":{"@id":"https:\/\/www.promostar.it\/es\/#\/schema\/logo\/image\/"}}]}},"_links":{"self":[{"href":"https:\/\/www.promostar.it\/es\/wp-json\/wp\/v3\/product\/5738"}],"collection":[{"href":"https:\/\/www.promostar.it\/es\/wp-json\/wp\/v3\/product"}],"about":[{"href":"https:\/\/www.promostar.it\/es\/wp-json\/wp\/v2\/types\/product"}],"wp:featuredmedia":[{"embeddable":true,"href":"https:\/\/www.promostar.it\/es\/wp-json\/wp\/v2\/media\/3761"}],"wp:attachment":[{"href":"https:\/\/www.promostar.it\/es\/wp-json\/wp\/v2\/media?parent=5738"}],"wp:term":[{"taxonomy":"product_cat","embeddable":true,"href":"https:\/\/www.promostar.it\/es\/wp-json\/wp\/v2\/product_cat?post=5738"},{"taxonomy":"product_tag","embeddable":true,"href":"https:\/\/www.promostar.it\/es\/wp-json\/wp\/v2\/product_tag?post=5738"}],"curies":[{"name":"wp","href":"https:\/\/api.w.org\/{rel}","templated":true}]}}