{"id":5737,"date":"2021-11-03T15:22:07","date_gmt":"2021-11-03T14:22:07","guid":{"rendered":"https:\/\/www.promostar.it\/prodotto\/linea-de-laminacion-en-frio-vegastar\/"},"modified":"2024-11-18T16:28:43","modified_gmt":"2024-11-18T15:28:43","slug":"linea-de-laminacion-en-frio-vegastar","status":"publish","type":"product","link":"https:\/\/www.promostar.it\/es\/prodotto\/linea-de-laminacion-en-frio-vegastar\/","title":{"rendered":"L\u00ednea de laminaci\u00f3n en fr\u00edo Vegastar"},"content":{"rendered":"<p>[et_pb_section fb_built=\u00bb1&#8243; _builder_version=\u00bb4.17.0&#8243; _module_preset=\u00bbdefault\u00bb global_colors_info=\u00bb{}\u00bb][\/et_pb_section]<\/p>\n","protected":false},"excerpt":{"rendered":"<p><strong>La l\u00ednea de laminaci\u00f3n en fr\u00edo Vegastar<\/strong> es la l\u00ednea perfecta para <strong>producir bobinas de alambre de acero laminado en fr\u00edo, lisas, acanaladas o dentadas<\/strong>, para su uso en productos como mallas soldadas de refuerzo, estribos, jaulas y vigas de celos\u00eda para la construcci\u00f3n civil e industrial, cimentaciones e industria de prefabricados.<\/p>\n<p><strong>La l\u00ednea de laminaci\u00f3n en fr\u00edo Vegastar<\/strong> <strong>combina el proceso de laminaci\u00f3n en fr\u00edo del alambr\u00f3n con el bobinado<\/strong> del alambre reforzado laminado en fr\u00edo hasta alcanzar el peso de bobina deseado.<\/p>\n<p>La forma y los detalles de ingenier\u00eda de la l\u00ednea permiten producir bobinas laminadas en fr\u00edo de alta calidad con excelentes propiedades mec\u00e1nicas y geom\u00e9tricas del perfil acanalado. El producto final <strong>puede alimentar cualquier tipo de m\u00e1quina de malla de refuerzo soldada o equipo de corte y doblado<\/strong>.<\/p>\n","protected":false},"featured_media":3758,"template":"","meta":{"_et_pb_use_builder":"on","_et_pb_old_content":"<strong>La l\u00ednea de laminaci\u00f3n en fr\u00edo Vegastar<\/strong> es la l\u00ednea perfecta para <strong>producir bobinas de alambre de acero laminado en fr\u00edo, lisas, acanaladas o dentadas<\/strong>, para su uso en productos como mallas soldadas de refuerzo, estribos, jaulas y vigas de celos\u00eda para la construcci\u00f3n civil e industrial, cimentaciones e industria de prefabricados.\r\n\r\n<strong>La l\u00ednea de laminaci\u00f3n en fr\u00edo Vegastar<\/strong> <strong>combina el proceso de laminaci\u00f3n en fr\u00edo del alambr\u00f3n con el bobinado<\/strong> del alambre reforzado laminado en fr\u00edo hasta alcanzar el peso de bobina deseado.\r\n\r\nLa forma y los detalles de ingenier\u00eda de la l\u00ednea permiten producir bobinas laminadas en fr\u00edo de alta calidad con excelentes propiedades mec\u00e1nicas y geom\u00e9tricas del perfil acanalado. El producto final <strong>puede alimentar cualquier tipo de m\u00e1quina de malla de refuerzo soldada o equipo de corte y doblado<\/strong>.\r\n\r\nLa m\u00e1quina Vegastar es una soluci\u00f3n de alto nivel para la producci\u00f3n de bobinas de alambre de acero laminado en fr\u00edo.\r\n\r\nLa particularidad de esta m\u00e1quina es que tiene un <strong>dise\u00f1o ergon\u00f3mico<\/strong> en el que todos los componentes principales, como el <a href=\"https:\/\/www.promostar.it\/prodotto\/descalers\/\"><u>desincrustador mec\u00e1nico<\/u><\/a>, <u>la unidad de adici\u00f3n de jab\u00f3n<\/u>, los <a href=\"https:\/\/www.promostar.it\/prodotto\/rolling-cassettes\/\"><u>casetes de laminaci\u00f3n<\/u><\/a> (o <u>paneles de estirado<\/u>), los cabrestantes de tracci\u00f3n y el dispositivo de alivio de tensi\u00f3n, est\u00e1n instalados dentro de un cuerpo compacto. Esta caracter\u00edstica permite <strong>reducir notablemente el ruido y la dispersi\u00f3n de polvo<\/strong> en el ambiente y <strong>aumentar el nivel de seguridad<\/strong> mejorando las condiciones de trabajo de los operadores. Otra ventaja para los operadores es la rapidez del ajuste mec\u00e1nico para el cambio de producci\u00f3n o los procedimientos de mantenimiento, ya que todas las unidades principales est\u00e1n colocadas en el mismo cuerpo de la m\u00e1quina. <a href=\"https:\/\/www.promostar.it\/prodotto\/rolling-cassettes\/\"><u>Los casetes de laminaci\u00f3n<\/u><\/a> y los <u>paneles de estirado<\/u> se fijan con una conexi\u00f3n r\u00e1pida y un sistema de centrado f\u00e1cil que permite al operador cambiar r\u00e1pidamente el di\u00e1metro del alambre. Todos los sistemas el\u00e9ctricos, hidr\u00e1ulicos y de lubricaci\u00f3n est\u00e1n dispuestos c\u00f3modamente en el interior de la m\u00e1quina para simplificar el mantenimiento de la l\u00ednea.\r\n\r\nEl <a href=\"https:\/\/www.promostar.it\/prodotto\/pulling-bull-blocks\/\"><u>bloque de tracci\u00f3n<\/u><\/a> con eje horizontal est\u00e1 equipado con cabrestantes de trefilado (posibilidad de instalar hasta 4 cabrestantes) y es capaz de producir bobinas de alambre de acero laminado en fr\u00edo con un rango de di\u00e1metros de \u00d84 a \u00d820 mm y una capacidad de peso de hasta 8 toneladas.\r\n\r\nEl alambr\u00f3n, arrastrado por el <a href=\"https:\/\/www.promostar.it\/prodotto\/pulling-bull-blocks\/\"><u>bloque de tracci\u00f3n<\/u> <\/a>de alto rendimiento y accionado por el PLC de \u00faltima generaci\u00f3n, es es laminado en fr\u00edo por <a href=\"https:\/\/www.promostar.it\/prodotto\/rolling-cassettes\/\"><u>los casetes de laminaci\u00f3n<\/u><\/a> (con la posibilidad de instalar hasta tres <a href=\"https:\/\/www.promostar.it\/prodotto\/rolling-cassettes\/\"><u>casetes de laminaci\u00f3n<\/u><\/a>) que reducen el di\u00e1metro al tama\u00f1o deseado mejorando las propiedades mec\u00e1nicas y a\u00f1adiendo la nervadura positiva o la indentaci\u00f3n negativa al alambre.\r\n\r\nLa m\u00e1quina tambi\u00e9n puede equiparse con <u>paneles de estirado<\/u> (en el lugar de los <a href=\"https:\/\/www.promostar.it\/prodotto\/rolling-cassettes\/\"><u>casetes de laminaci\u00f3n<\/u><\/a>) para producir alambre estirado a partir de barras de refuerzo en material de bobina.\r\n\r\nTodos los sistemas el\u00e9ctricos, hidr\u00e1ulicos y de lubricaci\u00f3n est\u00e1n dispuestos c\u00f3modamente en el interior de la m\u00e1quina para simplificar el mantenimiento de la l\u00ednea.\r\n\r\nAl principio de la m\u00e1quina se utiliza un sistema de desenrollado (con una <a href=\"https:\/\/www.promostar.it\/prodotto\/wire-pay-off-systems\/\"><u>torre de desenrollado vertical<\/u><\/a> con dos <u>dedos basculantes<\/u> o con una <a href=\"https:\/\/www.promostar.it\/prodotto\/wire-pay-off-systems\/\"><u>viga de desenrollado horizontal<\/u><\/a>, seg\u00fan los tama\u00f1os de alambre) para alimentar la m\u00e1quina con el alambre liso producido en el proceso de laminaci\u00f3n en caliente.\r\n\r\nSe incluyen otros dispositivos, como el <a href=\"https:\/\/www.promostar.it\/prodotto\/descalers\/\"><u>desincrustador mec\u00e1nico<\/u><\/a> o la <a href=\"https:\/\/www.promostar.it\/prodotto\/wire-lubricant-machines\/\"><u>m\u00e1quina de lubricante para trefilado de alambre<\/u><\/a>.\r\n\r\nA la salida, una <a href=\"https:\/\/www.promostar.it\/prodotto\/vegastar-copia\/\"><u>m\u00e1quina bobinadora de alambre<\/u><\/a> con ejes horizontales o verticales realiza el bobinado del alambre en las bobinas.\r\n\r\nEn el nivel m\u00e1s alto de automatizaci\u00f3n de nuestras plantas, dicha m\u00e1quina puede equiparse con <strong><a href=\"https:\/\/www.promostar.it\/prodotto\/vegastar-copia\/\"><u>bobinadores de alambre<\/u><\/a> verticales autom\u00e1ticos<\/strong> que realizan todas las operaciones como inserci\u00f3n del alambre, corte, cambio de carretes, toma de muestras, flejado, etiquetado y pesaje de las bobinas sin intervenci\u00f3n del operador.\r\n\r\nLa forma y los detalles de ingenier\u00eda de nuestras l\u00edneas permiten producir <strong>bobinas de laminaci\u00f3n en fr\u00edo de alta calidad embaladas en bobinas <a href=\"https:\/\/www.promostar.it\/prodotto\/electrical-mechanical-revamping-and-refurbishment\/\"><u>fijas<\/u><\/a> o <a href=\"https:\/\/www.promostar.it\/prodotto\/collapsible-spools-take-a-part-reels\/\"><u>desmontables<\/u><\/a><\/strong> con un peso ajustable de hasta 8 toneladas. Normalmente, las bobinas producidas se utilizan para mallas de refuerzo, estribos, jaulas y vigas de celos\u00eda para la construcci\u00f3n civil e industrial, cimentaciones e industria de prefabricados.","_et_gb_content_width":""},"product_cat":[165,169],"product_tag":[],"yoast_head":"<!-- This site is optimized with the Yoast SEO plugin v20.5 - https:\/\/yoast.com\/wordpress\/plugins\/seo\/ -->\n<title>L\u00ednea de laminaci\u00f3n en fr\u00edo Vegastar | Promostar<\/title>\n<meta name=\"description\" content=\"La l\u00ednea de laminaci\u00f3n en fr\u00edo Vegastar es la l\u00ednea perfecta para producir bobinas de alambre de acero laminado en fr\u00edo, lisas, acanaladas o dentadas\" \/>\n<meta name=\"robots\" content=\"index, follow, max-snippet:-1, max-image-preview:large, max-video-preview:-1\" \/>\n<link rel=\"canonical\" href=\"https:\/\/www.promostar.it\/es\/prodotto\/linea-de-laminacion-en-frio-vegastar\/\" \/>\n<meta property=\"og:locale\" content=\"es_ES\" \/>\n<meta property=\"og:type\" content=\"article\" \/>\n<meta property=\"og:title\" content=\"L\u00ednea de laminaci\u00f3n en fr\u00edo Vegastar | Promostar\" \/>\n<meta property=\"og:description\" content=\"La l\u00ednea de laminaci\u00f3n en fr\u00edo Vegastar es la l\u00ednea perfecta para producir bobinas de alambre de acero laminado en fr\u00edo, lisas, acanaladas o dentadas\" \/>\n<meta property=\"og:url\" content=\"https:\/\/www.promostar.it\/es\/prodotto\/linea-de-laminacion-en-frio-vegastar\/\" \/>\n<meta property=\"og:site_name\" content=\"PromoStar S.r.l.\" \/>\n<meta property=\"article:modified_time\" content=\"2024-11-18T15:28:43+00:00\" \/>\n<meta property=\"og:image\" content=\"https:\/\/www.promostar.it\/wp-content\/uploads\/2021\/11\/vegastar.jpg\" \/>\n\t<meta property=\"og:image:width\" content=\"800\" \/>\n\t<meta property=\"og:image:height\" content=\"800\" \/>\n\t<meta property=\"og:image:type\" content=\"image\/jpeg\" \/>\n<meta name=\"twitter:card\" content=\"summary_large_image\" \/>\n<meta name=\"twitter:label1\" content=\"Tiempo de lectura\" \/>\n\t<meta name=\"twitter:data1\" content=\"1 minuto\" \/>\n<script type=\"application\/ld+json\" class=\"yoast-schema-graph\">{\"@context\":\"https:\/\/schema.org\",\"@graph\":[{\"@type\":\"WebPage\",\"@id\":\"https:\/\/www.promostar.it\/es\/prodotto\/linea-de-laminacion-en-frio-vegastar\/\",\"url\":\"https:\/\/www.promostar.it\/es\/prodotto\/linea-de-laminacion-en-frio-vegastar\/\",\"name\":\"L\u00ednea de laminaci\u00f3n en fr\u00edo Vegastar | Promostar\",\"isPartOf\":{\"@id\":\"https:\/\/www.promostar.it\/es\/#website\"},\"datePublished\":\"2021-11-03T14:22:07+00:00\",\"dateModified\":\"2024-11-18T15:28:43+00:00\",\"description\":\"La l\u00ednea de laminaci\u00f3n en fr\u00edo Vegastar es la l\u00ednea perfecta para producir bobinas de alambre de acero laminado en fr\u00edo, lisas, acanaladas o dentadas\",\"breadcrumb\":{\"@id\":\"https:\/\/www.promostar.it\/es\/prodotto\/linea-de-laminacion-en-frio-vegastar\/#breadcrumb\"},\"inLanguage\":\"es\",\"potentialAction\":[{\"@type\":\"ReadAction\",\"target\":[\"https:\/\/www.promostar.it\/es\/prodotto\/linea-de-laminacion-en-frio-vegastar\/\"]}]},{\"@type\":\"BreadcrumbList\",\"@id\":\"https:\/\/www.promostar.it\/es\/prodotto\/linea-de-laminacion-en-frio-vegastar\/#breadcrumb\",\"itemListElement\":[{\"@type\":\"ListItem\",\"position\":1,\"name\":\"Home\",\"item\":\"https:\/\/www.promostar.it\/es\/home-2\/\"},{\"@type\":\"ListItem\",\"position\":2,\"name\":\"Productos\",\"item\":\"https:\/\/www.promostar.it\/es\/shop\/\"},{\"@type\":\"ListItem\",\"position\":3,\"name\":\"L\u00ednea de laminaci\u00f3n en fr\u00edo Vegastar\"}]},{\"@type\":\"WebSite\",\"@id\":\"https:\/\/www.promostar.it\/es\/#website\",\"url\":\"https:\/\/www.promostar.it\/es\/\",\"name\":\"PromoStar S.r.l.\",\"description\":\"Promostar \u00e8 l\u2019azienda leader e la prima ad introdurre il processo di stiratura\",\"publisher\":{\"@id\":\"https:\/\/www.promostar.it\/es\/#organization\"},\"potentialAction\":[{\"@type\":\"SearchAction\",\"target\":{\"@type\":\"EntryPoint\",\"urlTemplate\":\"https:\/\/www.promostar.it\/es\/?s={search_term_string}\"},\"query-input\":\"required name=search_term_string\"}],\"inLanguage\":\"es\"},{\"@type\":\"Organization\",\"@id\":\"https:\/\/www.promostar.it\/es\/#organization\",\"name\":\"Promostar\",\"url\":\"https:\/\/www.promostar.it\/es\/\",\"logo\":{\"@type\":\"ImageObject\",\"inLanguage\":\"es\",\"@id\":\"https:\/\/www.promostar.it\/es\/#\/schema\/logo\/image\/\",\"url\":\"https:\/\/www.promostar.it\/wp-content\/uploads\/2020\/10\/promostar-logo.png\",\"contentUrl\":\"https:\/\/www.promostar.it\/wp-content\/uploads\/2020\/10\/promostar-logo.png\",\"width\":210,\"height\":69,\"caption\":\"Promostar\"},\"image\":{\"@id\":\"https:\/\/www.promostar.it\/es\/#\/schema\/logo\/image\/\"}}]}<\/script>\n<!-- \/ Yoast SEO plugin. -->","yoast_head_json":{"title":"L\u00ednea de laminaci\u00f3n en fr\u00edo Vegastar | Promostar","description":"La l\u00ednea de laminaci\u00f3n en fr\u00edo Vegastar es la l\u00ednea perfecta para producir bobinas de alambre de acero laminado en fr\u00edo, lisas, acanaladas o dentadas","robots":{"index":"index","follow":"follow","max-snippet":"max-snippet:-1","max-image-preview":"max-image-preview:large","max-video-preview":"max-video-preview:-1"},"canonical":"https:\/\/www.promostar.it\/es\/prodotto\/linea-de-laminacion-en-frio-vegastar\/","og_locale":"es_ES","og_type":"article","og_title":"L\u00ednea de laminaci\u00f3n en fr\u00edo Vegastar | Promostar","og_description":"La l\u00ednea de laminaci\u00f3n en fr\u00edo Vegastar es la l\u00ednea perfecta para producir bobinas de alambre de acero laminado en fr\u00edo, lisas, acanaladas o dentadas","og_url":"https:\/\/www.promostar.it\/es\/prodotto\/linea-de-laminacion-en-frio-vegastar\/","og_site_name":"PromoStar S.r.l.","article_modified_time":"2024-11-18T15:28:43+00:00","og_image":[{"width":800,"height":800,"url":"https:\/\/www.promostar.it\/wp-content\/uploads\/2021\/11\/vegastar.jpg","type":"image\/jpeg"}],"twitter_card":"summary_large_image","twitter_misc":{"Tiempo de lectura":"1 minuto"},"schema":{"@context":"https:\/\/schema.org","@graph":[{"@type":"WebPage","@id":"https:\/\/www.promostar.it\/es\/prodotto\/linea-de-laminacion-en-frio-vegastar\/","url":"https:\/\/www.promostar.it\/es\/prodotto\/linea-de-laminacion-en-frio-vegastar\/","name":"L\u00ednea de laminaci\u00f3n en fr\u00edo Vegastar | Promostar","isPartOf":{"@id":"https:\/\/www.promostar.it\/es\/#website"},"datePublished":"2021-11-03T14:22:07+00:00","dateModified":"2024-11-18T15:28:43+00:00","description":"La l\u00ednea de laminaci\u00f3n en fr\u00edo Vegastar es la l\u00ednea perfecta para producir bobinas de alambre de acero laminado en fr\u00edo, lisas, acanaladas o dentadas","breadcrumb":{"@id":"https:\/\/www.promostar.it\/es\/prodotto\/linea-de-laminacion-en-frio-vegastar\/#breadcrumb"},"inLanguage":"es","potentialAction":[{"@type":"ReadAction","target":["https:\/\/www.promostar.it\/es\/prodotto\/linea-de-laminacion-en-frio-vegastar\/"]}]},{"@type":"BreadcrumbList","@id":"https:\/\/www.promostar.it\/es\/prodotto\/linea-de-laminacion-en-frio-vegastar\/#breadcrumb","itemListElement":[{"@type":"ListItem","position":1,"name":"Home","item":"https:\/\/www.promostar.it\/es\/home-2\/"},{"@type":"ListItem","position":2,"name":"Productos","item":"https:\/\/www.promostar.it\/es\/shop\/"},{"@type":"ListItem","position":3,"name":"L\u00ednea de laminaci\u00f3n en fr\u00edo Vegastar"}]},{"@type":"WebSite","@id":"https:\/\/www.promostar.it\/es\/#website","url":"https:\/\/www.promostar.it\/es\/","name":"PromoStar S.r.l.","description":"Promostar \u00e8 l\u2019azienda leader e la prima ad introdurre il processo di stiratura","publisher":{"@id":"https:\/\/www.promostar.it\/es\/#organization"},"potentialAction":[{"@type":"SearchAction","target":{"@type":"EntryPoint","urlTemplate":"https:\/\/www.promostar.it\/es\/?s={search_term_string}"},"query-input":"required name=search_term_string"}],"inLanguage":"es"},{"@type":"Organization","@id":"https:\/\/www.promostar.it\/es\/#organization","name":"Promostar","url":"https:\/\/www.promostar.it\/es\/","logo":{"@type":"ImageObject","inLanguage":"es","@id":"https:\/\/www.promostar.it\/es\/#\/schema\/logo\/image\/","url":"https:\/\/www.promostar.it\/wp-content\/uploads\/2020\/10\/promostar-logo.png","contentUrl":"https:\/\/www.promostar.it\/wp-content\/uploads\/2020\/10\/promostar-logo.png","width":210,"height":69,"caption":"Promostar"},"image":{"@id":"https:\/\/www.promostar.it\/es\/#\/schema\/logo\/image\/"}}]}},"_links":{"self":[{"href":"https:\/\/www.promostar.it\/es\/wp-json\/wp\/v3\/product\/5737"}],"collection":[{"href":"https:\/\/www.promostar.it\/es\/wp-json\/wp\/v3\/product"}],"about":[{"href":"https:\/\/www.promostar.it\/es\/wp-json\/wp\/v2\/types\/product"}],"wp:featuredmedia":[{"embeddable":true,"href":"https:\/\/www.promostar.it\/es\/wp-json\/wp\/v2\/media\/3758"}],"wp:attachment":[{"href":"https:\/\/www.promostar.it\/es\/wp-json\/wp\/v2\/media?parent=5737"}],"wp:term":[{"taxonomy":"product_cat","embeddable":true,"href":"https:\/\/www.promostar.it\/es\/wp-json\/wp\/v2\/product_cat?post=5737"},{"taxonomy":"product_tag","embeddable":true,"href":"https:\/\/www.promostar.it\/es\/wp-json\/wp\/v2\/product_tag?post=5737"}],"curies":[{"name":"wp","href":"https:\/\/api.w.org\/{rel}","templated":true}]}}