{"id":5735,"date":"2021-11-03T15:53:17","date_gmt":"2021-11-03T14:53:17","guid":{"rendered":"https:\/\/www.promostar.it\/prodotto\/linea-de-trefilado-de-alambre-en-frio-maiastar-dv\/"},"modified":"2024-11-18T16:23:14","modified_gmt":"2024-11-18T15:23:14","slug":"linea-de-trefilado-de-alambre-en-frio-maiastar-dv","status":"publish","type":"product","link":"https:\/\/www.promostar.it\/es\/prodotto\/linea-de-trefilado-de-alambre-en-frio-maiastar-dv\/","title":{"rendered":"L\u00ednea de trefilado de alambre en fr\u00edo Maiastar DV"},"content":{"rendered":"<p>[et_pb_section fb_built=\u00bb1&#8243; _builder_version=\u00bb4.17.0&#8243; _module_preset=\u00bbdefault\u00bb global_colors_info=\u00bb{}\u00bb][\/et_pb_section]<\/p>\n","protected":false},"excerpt":{"rendered":"<p><strong>La l\u00ednea de trefilado de alambre en fr\u00edo Maiastar DV<\/strong> es la l\u00ednea perfecta <strong>para producir rollos o bobinas de trefilado de alambre liso<\/strong>, para su uso en productos como alambre recocido, malla para cercas, alambre para muelles, clavos, alambre galvanizado, para el mercado industrial y agr\u00edcola.<\/p>\n<p><strong>La l\u00ednea de trefilado de alambre en fr\u00edo Maiastar DV combina el proceso de trefilado del alambr\u00f3n con el enrollado<\/strong> del alambre trefilado en fr\u00edo hasta conseguir el peso de bobina deseado.<\/p>\n<p>La forma y los detalles de ingenier\u00eda de la l\u00ednea permiten producir bobinas de trefilado en fr\u00edo de alta calidad con excelentes propiedades mec\u00e1nicas y geom\u00e9tricas. El producto final <strong>puede alimentar cualquier tipo de m\u00e1quina<\/strong>.<\/p>\n<p>La m\u00e1quina Maiastar DV es nuestra soluci\u00f3n est\u00e1ndar para la producci\u00f3n de bobinas de alambre de acero trefilado en fr\u00edo.<\/p>\n","protected":false},"featured_media":3749,"template":"","meta":{"_et_pb_use_builder":"on","_et_pb_old_content":"<strong>La l\u00ednea de trefilado de alambre en fr\u00edo Maiastar DV<\/strong> es la l\u00ednea perfecta <strong>para producir rollos o bobinas de trefilado de alambre liso<\/strong>, para su uso en productos como alambre recocido, malla para cercas, alambre para muelles, clavos, alambre galvanizado, para el mercado industrial y agr\u00edcola.\r\n\r\n<strong>La l\u00ednea de trefilado de alambre en fr\u00edo Maiastar DV combina el proceso de trefilado del alambr\u00f3n con el enrollado<\/strong> del alambre trefilado en fr\u00edo hasta conseguir el peso de bobina deseado.\r\n\r\nLa forma y los detalles de ingenier\u00eda de la l\u00ednea permiten producir bobinas de trefilado en fr\u00edo de alta calidad con excelentes propiedades mec\u00e1nicas y geom\u00e9tricas. El producto final <strong>puede alimentar cualquier tipo de m\u00e1quina<\/strong>.\r\n\r\nLa m\u00e1quina Maiastar DV es nuestra soluci\u00f3n est\u00e1ndar para la producci\u00f3n de bobinas de alambre de acero trefilado en fr\u00edo.\r\n\r\nEl n\u00facleo de la m\u00e1quina es el cuerpo Maiastar, que consiste en una serie de cabrestantes inclinados modulares interconectados con ejes verticales, cuyo movimiento se regula y sincroniza mediante un brazo bailar\u00edn auto-centrante. El n\u00famero de bloques de cabrestante depende del di\u00e1metro final del alambre a producir, desde 3 hasta 15 <a href=\"https:\/\/www.promostar.it\/prodotto\/pulling-bull-blocks\/\"><u>bloques de tracci\u00f3n<\/u><\/a>. Esta m\u00e1quina, tambi\u00e9n conocida en el mercado como m\u00e1quina multi-paso, puede producir alambre liso de hasta \u00d81 mm de tama\u00f1o m\u00ednimo y una capacidad de peso de los rollos o bobinas de hasta 3 toneladas.\r\n\r\nEl alambr\u00f3n, arrastrado por el <a href=\"https:\/\/www.promostar.it\/prodotto\/pulling-bull-blocks\/\"><u>bloque de tracci\u00f3n<\/u><\/a> de alto rendimiento y accionado por el PLC de \u00faltima generaci\u00f3n, es es laminado en fr\u00edo por <a href=\"https:\/\/www.promostar.it\/prodotto\/die-drawing-boxes\/\"><u>las cajas de troquelado<\/u><\/a> o por <a href=\"https:\/\/www.promostar.it\/prodotto\/rolling-cassettes\/\"><u>los casetes de laminaci\u00f3n<\/u><\/a> o por una combinaci\u00f3n de ambos (un dispositivo para cada bloque de cabrestante) que reducen el di\u00e1metro al tama\u00f1o deseado mejorando las propiedades mec\u00e1nicas y la redondez del alambre.\r\n\r\nUn eficaz <strong>sistema de refrigeraci\u00f3n por agua<\/strong> a presi\u00f3n atmosf\u00e9rica refrigera internamente el cabrestante.\r\n\r\nCada superficie del cabrestante tambi\u00e9n se refrigera individualmente por <strong>aire mediante un ventilador<\/strong>, montado en el interior de cada bloque, que junto con un transportador anular produce un efecto adicional de refrigeraci\u00f3n por aire del alambre enrollado en el cabrestante.\r\n\r\nLa l\u00ednea multi-paso completa est\u00e1 dise\u00f1ada mec\u00e1nica y el\u00e9ctricamente para <strong>permitir la producci\u00f3n de alambres de salida sin utilizar todos los bloques de tracci\u00f3n<\/strong> presentes en la l\u00ednea.\r\n\r\nTodos los sistemas el\u00e9ctricos, hidr\u00e1ulicos y de lubricaci\u00f3n est\u00e1n dispuestos c\u00f3modamente en el interior de la m\u00e1quina para simplificar el mantenimiento de la l\u00ednea.\r\n\r\nEl cuerpo de la m\u00e1quina est\u00e1 protegido por resguardos m\u00f3viles totalmente cerrados que incorporan contactos para interruptores l\u00edmite que interbloquean el\u00e9ctricamente la l\u00ednea y la detienen autom\u00e1ticamente si se abren las estructuras de protecci\u00f3n durante el funcionamiento normal (autom\u00e1tico). Los resguardos han sido dise\u00f1ados para permitir un acceso f\u00e1cil para las fases de mantenimiento y una visibilidad completa mientras la l\u00ednea est\u00e1 en funcionamiento.\r\n\r\nAl principio de la m\u00e1quina se utiliza un sistema de desenrollado con una <a href=\"https:\/\/www.promostar.it\/prodotto\/wire-pay-off-systems\/\"><u>torre de desenrollado vertical<\/u><\/a> con dos <u>dedos basculantes<\/u> para alimentar la m\u00e1quina con el alambre liso producido en el proceso de molienda en caliente.\r\n\r\nSe incluyen otros dispositivos, como un <a href=\"https:\/\/www.promostar.it\/prodotto\/descalers\/\"><u>desincrustador mec\u00e1nico<\/u><\/a>.\r\n\r\nA la salida, una <a href=\"https:\/\/www.promostar.it\/prodotto\/horizontal-spooler-machine-copia\/\"><u>m\u00e1quina de bobinado est\u00e1tico de bloque muerto<\/u><\/a> o una <a href=\"https:\/\/www.promostar.it\/prodotto\/vegastar-copia\/\"><u>m\u00e1quina de bobinado de alambre<\/u><\/a> con ejes horizontales o verticales realiza el bobinado del alambre en las bobinas.\r\n\r\nEn el nivel m\u00e1s alto de automatizaci\u00f3n de nuestras plantas, dicha l\u00ednea puede equiparse con <a href=\"https:\/\/www.promostar.it\/prodotto\/vertical-automatic-spooler-machine\/\"><strong><u>carretes de alambre<\/u> verticales autom\u00e1ticos<\/strong><\/a> que realizan todas las operaciones como inserci\u00f3n del alambre, corte, cambio de carretes, toma de muestras, flejado, etiquetado y pesaje de las bobinas sin intervenci\u00f3n del operador.\r\n\r\nLa forma y los detalles de ingenier\u00eda de nuestras l\u00edneas permiten producir <strong>bobinas de laminaci\u00f3n en fr\u00edo de alta calidad embaladas en bobinas <a href=\"https:\/\/www.promostar.it\/prodotto\/electrical-mechanical-revamping-and-refurbishment\/\"><u>fijas<\/u><\/a> o <a href=\"https:\/\/www.promostar.it\/prodotto\/collapsible-spools-take-a-part-reels\/\"><u>desmontables<\/u><\/a><\/strong> con un peso ajustable de hasta 8 toneladas. Normalmente, las bobinas producidas se destinan a la fabricaci\u00f3n de alambre recocido, malla para cercas, alambre para muelles, clavos, alambre galvanizado, para el mercado industrial y agr\u00edcola.","_et_gb_content_width":""},"product_cat":[163,170],"product_tag":[],"yoast_head":"<!-- This site is optimized with the Yoast SEO plugin v20.5 - https:\/\/yoast.com\/wordpress\/plugins\/seo\/ -->\n<title>L\u00ednea de trefilado de alambre en fr\u00edo Maiastar DV | Promostar<\/title>\n<meta name=\"description\" content=\"La l\u00ednea de trefilado de alambre en fr\u00edo Maiastar DV es la l\u00ednea perfecta para producir rollos o bobinas de trefilado de alambre liso, para su uso en productos como alambre recocido, malla para cercas, alambre para muelles, clavos, alambre galvanizado, para el mercado industrial y agr\u00edcola.\" \/>\n<meta name=\"robots\" content=\"index, follow, max-snippet:-1, max-image-preview:large, max-video-preview:-1\" \/>\n<link rel=\"canonical\" href=\"https:\/\/www.promostar.it\/es\/prodotto\/linea-de-trefilado-de-alambre-en-frio-maiastar-dv\/\" \/>\n<meta property=\"og:locale\" content=\"es_ES\" \/>\n<meta property=\"og:type\" content=\"article\" \/>\n<meta property=\"og:title\" content=\"L\u00ednea de trefilado de alambre en fr\u00edo Maiastar DV | Promostar\" \/>\n<meta property=\"og:description\" content=\"La l\u00ednea de trefilado de alambre en fr\u00edo Maiastar DV es la l\u00ednea perfecta para producir rollos o bobinas de trefilado de alambre liso, para su uso en productos como alambre recocido, malla para cercas, alambre para muelles, clavos, alambre galvanizado, para el mercado industrial y agr\u00edcola.\" \/>\n<meta property=\"og:url\" content=\"https:\/\/www.promostar.it\/es\/prodotto\/linea-de-trefilado-de-alambre-en-frio-maiastar-dv\/\" \/>\n<meta property=\"og:site_name\" content=\"PromoStar S.r.l.\" \/>\n<meta property=\"article:modified_time\" content=\"2024-11-18T15:23:14+00:00\" \/>\n<meta property=\"og:image\" content=\"https:\/\/www.promostar.it\/wp-content\/uploads\/2021\/11\/maiastar_V.jpg\" \/>\n\t<meta property=\"og:image:width\" content=\"800\" \/>\n\t<meta property=\"og:image:height\" content=\"800\" \/>\n\t<meta property=\"og:image:type\" content=\"image\/jpeg\" \/>\n<meta name=\"twitter:card\" content=\"summary_large_image\" \/>\n<meta name=\"twitter:label1\" content=\"Tiempo de lectura\" \/>\n\t<meta name=\"twitter:data1\" content=\"1 minuto\" \/>\n<script type=\"application\/ld+json\" class=\"yoast-schema-graph\">{\"@context\":\"https:\/\/schema.org\",\"@graph\":[{\"@type\":\"WebPage\",\"@id\":\"https:\/\/www.promostar.it\/es\/prodotto\/linea-de-trefilado-de-alambre-en-frio-maiastar-dv\/\",\"url\":\"https:\/\/www.promostar.it\/es\/prodotto\/linea-de-trefilado-de-alambre-en-frio-maiastar-dv\/\",\"name\":\"L\u00ednea de trefilado de alambre en fr\u00edo Maiastar DV | Promostar\",\"isPartOf\":{\"@id\":\"https:\/\/www.promostar.it\/es\/#website\"},\"datePublished\":\"2021-11-03T14:53:17+00:00\",\"dateModified\":\"2024-11-18T15:23:14+00:00\",\"description\":\"La l\u00ednea de trefilado de alambre en fr\u00edo Maiastar DV es la l\u00ednea perfecta para producir rollos o bobinas de trefilado de alambre liso, para su uso en productos como alambre recocido, malla para cercas, alambre para muelles, clavos, alambre galvanizado, para el mercado industrial y agr\u00edcola.\",\"breadcrumb\":{\"@id\":\"https:\/\/www.promostar.it\/es\/prodotto\/linea-de-trefilado-de-alambre-en-frio-maiastar-dv\/#breadcrumb\"},\"inLanguage\":\"es\",\"potentialAction\":[{\"@type\":\"ReadAction\",\"target\":[\"https:\/\/www.promostar.it\/es\/prodotto\/linea-de-trefilado-de-alambre-en-frio-maiastar-dv\/\"]}]},{\"@type\":\"BreadcrumbList\",\"@id\":\"https:\/\/www.promostar.it\/es\/prodotto\/linea-de-trefilado-de-alambre-en-frio-maiastar-dv\/#breadcrumb\",\"itemListElement\":[{\"@type\":\"ListItem\",\"position\":1,\"name\":\"Home\",\"item\":\"https:\/\/www.promostar.it\/es\/home-2\/\"},{\"@type\":\"ListItem\",\"position\":2,\"name\":\"Productos\",\"item\":\"https:\/\/www.promostar.it\/es\/shop\/\"},{\"@type\":\"ListItem\",\"position\":3,\"name\":\"L\u00ednea de trefilado de alambre en fr\u00edo Maiastar DV\"}]},{\"@type\":\"WebSite\",\"@id\":\"https:\/\/www.promostar.it\/es\/#website\",\"url\":\"https:\/\/www.promostar.it\/es\/\",\"name\":\"PromoStar S.r.l.\",\"description\":\"Promostar \u00e8 l\u2019azienda leader e la prima ad introdurre il processo di stiratura\",\"publisher\":{\"@id\":\"https:\/\/www.promostar.it\/es\/#organization\"},\"potentialAction\":[{\"@type\":\"SearchAction\",\"target\":{\"@type\":\"EntryPoint\",\"urlTemplate\":\"https:\/\/www.promostar.it\/es\/?s={search_term_string}\"},\"query-input\":\"required name=search_term_string\"}],\"inLanguage\":\"es\"},{\"@type\":\"Organization\",\"@id\":\"https:\/\/www.promostar.it\/es\/#organization\",\"name\":\"Promostar\",\"url\":\"https:\/\/www.promostar.it\/es\/\",\"logo\":{\"@type\":\"ImageObject\",\"inLanguage\":\"es\",\"@id\":\"https:\/\/www.promostar.it\/es\/#\/schema\/logo\/image\/\",\"url\":\"https:\/\/www.promostar.it\/wp-content\/uploads\/2020\/10\/promostar-logo.png\",\"contentUrl\":\"https:\/\/www.promostar.it\/wp-content\/uploads\/2020\/10\/promostar-logo.png\",\"width\":210,\"height\":69,\"caption\":\"Promostar\"},\"image\":{\"@id\":\"https:\/\/www.promostar.it\/es\/#\/schema\/logo\/image\/\"}}]}<\/script>\n<!-- \/ Yoast SEO plugin. -->","yoast_head_json":{"title":"L\u00ednea de trefilado de alambre en fr\u00edo Maiastar DV | Promostar","description":"La l\u00ednea de trefilado de alambre en fr\u00edo Maiastar DV es la l\u00ednea perfecta para producir rollos o bobinas de trefilado de alambre liso, para su uso en productos como alambre recocido, malla para cercas, alambre para muelles, clavos, alambre galvanizado, para el mercado industrial y agr\u00edcola.","robots":{"index":"index","follow":"follow","max-snippet":"max-snippet:-1","max-image-preview":"max-image-preview:large","max-video-preview":"max-video-preview:-1"},"canonical":"https:\/\/www.promostar.it\/es\/prodotto\/linea-de-trefilado-de-alambre-en-frio-maiastar-dv\/","og_locale":"es_ES","og_type":"article","og_title":"L\u00ednea de trefilado de alambre en fr\u00edo Maiastar DV | Promostar","og_description":"La l\u00ednea de trefilado de alambre en fr\u00edo Maiastar DV es la l\u00ednea perfecta para producir rollos o bobinas de trefilado de alambre liso, para su uso en productos como alambre recocido, malla para cercas, alambre para muelles, clavos, alambre galvanizado, para el mercado industrial y agr\u00edcola.","og_url":"https:\/\/www.promostar.it\/es\/prodotto\/linea-de-trefilado-de-alambre-en-frio-maiastar-dv\/","og_site_name":"PromoStar S.r.l.","article_modified_time":"2024-11-18T15:23:14+00:00","og_image":[{"width":800,"height":800,"url":"https:\/\/www.promostar.it\/wp-content\/uploads\/2021\/11\/maiastar_V.jpg","type":"image\/jpeg"}],"twitter_card":"summary_large_image","twitter_misc":{"Tiempo de lectura":"1 minuto"},"schema":{"@context":"https:\/\/schema.org","@graph":[{"@type":"WebPage","@id":"https:\/\/www.promostar.it\/es\/prodotto\/linea-de-trefilado-de-alambre-en-frio-maiastar-dv\/","url":"https:\/\/www.promostar.it\/es\/prodotto\/linea-de-trefilado-de-alambre-en-frio-maiastar-dv\/","name":"L\u00ednea de trefilado de alambre en fr\u00edo Maiastar DV | Promostar","isPartOf":{"@id":"https:\/\/www.promostar.it\/es\/#website"},"datePublished":"2021-11-03T14:53:17+00:00","dateModified":"2024-11-18T15:23:14+00:00","description":"La l\u00ednea de trefilado de alambre en fr\u00edo Maiastar DV es la l\u00ednea perfecta para producir rollos o bobinas de trefilado de alambre liso, para su uso en productos como alambre recocido, malla para cercas, alambre para muelles, clavos, alambre galvanizado, para el mercado industrial y agr\u00edcola.","breadcrumb":{"@id":"https:\/\/www.promostar.it\/es\/prodotto\/linea-de-trefilado-de-alambre-en-frio-maiastar-dv\/#breadcrumb"},"inLanguage":"es","potentialAction":[{"@type":"ReadAction","target":["https:\/\/www.promostar.it\/es\/prodotto\/linea-de-trefilado-de-alambre-en-frio-maiastar-dv\/"]}]},{"@type":"BreadcrumbList","@id":"https:\/\/www.promostar.it\/es\/prodotto\/linea-de-trefilado-de-alambre-en-frio-maiastar-dv\/#breadcrumb","itemListElement":[{"@type":"ListItem","position":1,"name":"Home","item":"https:\/\/www.promostar.it\/es\/home-2\/"},{"@type":"ListItem","position":2,"name":"Productos","item":"https:\/\/www.promostar.it\/es\/shop\/"},{"@type":"ListItem","position":3,"name":"L\u00ednea de trefilado de alambre en fr\u00edo Maiastar DV"}]},{"@type":"WebSite","@id":"https:\/\/www.promostar.it\/es\/#website","url":"https:\/\/www.promostar.it\/es\/","name":"PromoStar S.r.l.","description":"Promostar \u00e8 l\u2019azienda leader e la prima ad introdurre il processo di stiratura","publisher":{"@id":"https:\/\/www.promostar.it\/es\/#organization"},"potentialAction":[{"@type":"SearchAction","target":{"@type":"EntryPoint","urlTemplate":"https:\/\/www.promostar.it\/es\/?s={search_term_string}"},"query-input":"required name=search_term_string"}],"inLanguage":"es"},{"@type":"Organization","@id":"https:\/\/www.promostar.it\/es\/#organization","name":"Promostar","url":"https:\/\/www.promostar.it\/es\/","logo":{"@type":"ImageObject","inLanguage":"es","@id":"https:\/\/www.promostar.it\/es\/#\/schema\/logo\/image\/","url":"https:\/\/www.promostar.it\/wp-content\/uploads\/2020\/10\/promostar-logo.png","contentUrl":"https:\/\/www.promostar.it\/wp-content\/uploads\/2020\/10\/promostar-logo.png","width":210,"height":69,"caption":"Promostar"},"image":{"@id":"https:\/\/www.promostar.it\/es\/#\/schema\/logo\/image\/"}}]}},"_links":{"self":[{"href":"https:\/\/www.promostar.it\/es\/wp-json\/wp\/v3\/product\/5735"}],"collection":[{"href":"https:\/\/www.promostar.it\/es\/wp-json\/wp\/v3\/product"}],"about":[{"href":"https:\/\/www.promostar.it\/es\/wp-json\/wp\/v2\/types\/product"}],"wp:featuredmedia":[{"embeddable":true,"href":"https:\/\/www.promostar.it\/es\/wp-json\/wp\/v2\/media\/3749"}],"wp:attachment":[{"href":"https:\/\/www.promostar.it\/es\/wp-json\/wp\/v2\/media?parent=5735"}],"wp:term":[{"taxonomy":"product_cat","embeddable":true,"href":"https:\/\/www.promostar.it\/es\/wp-json\/wp\/v2\/product_cat?post=5735"},{"taxonomy":"product_tag","embeddable":true,"href":"https:\/\/www.promostar.it\/es\/wp-json\/wp\/v2\/product_tag?post=5735"}],"curies":[{"name":"wp","href":"https:\/\/api.w.org\/{rel}","templated":true}]}}