{"id":5734,"date":"2021-11-03T16:04:25","date_gmt":"2021-11-03T15:04:25","guid":{"rendered":"https:\/\/www.promostar.it\/prodotto\/block-mesh\/"},"modified":"2024-11-18T16:17:22","modified_gmt":"2024-11-18T15:17:22","slug":"block-mesh","status":"publish","type":"product","link":"https:\/\/www.promostar.it\/es\/prodotto\/block-mesh\/","title":{"rendered":"Block mesh"},"content":{"rendered":"<p>[et_pb_section fb_built=\u00bb1&#8243; _builder_version=\u00bb4.17.0&#8243; _module_preset=\u00bbdefault\u00bb global_colors_info=\u00bb{}\u00bb][\/et_pb_section]<\/p>\n","protected":false},"excerpt":{"rendered":"<p><strong>La m\u00e1quina de alambre soldado blockmesh <\/strong>es nuestra soluci\u00f3n <strong>para producir espaciadores rectos o espacios curvados (perfil en forma de \u00abZ\u00bb) <\/strong>para ser utilizados en productos como bloques de ladrillo para reforzar o como espaciadores para aplicaciones de malla de alambre soldado en suelos de hormig\u00f3n para la construcci\u00f3n civil e industrial y cimientos.<\/p>\n<p><strong>La m\u00e1quina de alambre soldado blockmesh<\/strong> combina el proceso de electro soldadura (a trav\u00e9s de cabezales de soldadura) con el corte a la longitud y la conformaci\u00f3n de los espaciadores obtenidos (en el caso de espaciadores en Z) con una unidad especial de doblado a la forma final deseada.<\/p>\n<p>La forma y los detalles de ingenier\u00eda de la l\u00ednea permiten producir espaciadores de alta calidad seg\u00fan la forma geom\u00e9trica y las dimensiones solicitadas por los clientes. El producto final no requiere procesamiento posterior y est\u00e1 listo para su uso en la obra.<\/p>\n<p>En comparaci\u00f3n con los m\u00e9todos de fabricaci\u00f3n manual, las ventajas de este tipo de m\u00e1quinas autom\u00e1ticas de alambre de soldadura son la productividad, la mayor flexibilidad y rapidez en los cambios de producci\u00f3n de los tama\u00f1os de di\u00e1metro, la calidad y la repetibilidad del producto, el n\u00famero limitado de operadores (normalmente un solo operador controla toda la planta) y los costes de producci\u00f3n y mantenimiento.<\/p>\n","protected":false},"featured_media":4607,"template":"","meta":{"_et_pb_use_builder":"on","_et_pb_old_content":"<strong>La m\u00e1quina de alambre soldado blockmesh <\/strong>es nuestra soluci\u00f3n <strong>para producir espaciadores rectos o espacios curvados (perfil en forma de \"Z\") <\/strong>para ser utilizados en productos como bloques de ladrillo para reforzar o como espaciadores para aplicaciones de malla de alambre soldado en suelos de hormig\u00f3n para la construcci\u00f3n civil e industrial y cimientos.\r\n\r\n<strong>La m\u00e1quina de alambre soldado blockmesh<\/strong> combina el proceso de electro soldadura (a trav\u00e9s de cabezales de soldadura) con el corte a la longitud y la conformaci\u00f3n de los espaciadores obtenidos (en el caso de espaciadores en Z) con una unidad especial de doblado a la forma final deseada.\r\n\r\nLa forma y los detalles de ingenier\u00eda de la l\u00ednea permiten producir espaciadores de alta calidad seg\u00fan la forma geom\u00e9trica y las dimensiones solicitadas por los clientes. El producto final no requiere procesamiento posterior y est\u00e1 listo para su uso en la obra.\r\n\r\nEn comparaci\u00f3n con los m\u00e9todos de fabricaci\u00f3n manual, las ventajas de este tipo de m\u00e1quinas autom\u00e1ticas de alambre de soldadura son la productividad, la mayor flexibilidad y rapidez en los cambios de producci\u00f3n de los tama\u00f1os de di\u00e1metro, la calidad y la repetibilidad del producto, el n\u00famero limitado de operadores (normalmente un solo operador controla toda la planta) y los costes de producci\u00f3n y mantenimiento.\r\n\r\nLa m\u00e1quina Block Mesh se compone de diferentes partes.\r\n\r\nLa primera parte de la m\u00e1quina es el <strong>sistema de alimentaci\u00f3n<\/strong>. Gracias a las unidades de desenrollado y a los tambores de tracci\u00f3n motorizados, el material de entrada (alambre de bobina compacta liso o acanalado) se desenrolla y se arrastra hacia la unidad de soldadura de forma constante a la velocidad adecuada.\r\n\r\nA continuaci\u00f3n siguen otros grupos, como las unidades de inserci\u00f3n, el grupo de avance y el grupo de enderezamiento, que preparan y llevan el alambre longitudinal y transversal al interior de la unidad de soldadura.\r\n\r\nGracias a un proceso de <strong>electro soldadura por resistencia<\/strong>, los alambres longitudinales se sueldan con los alambres transversales. Hay que tener en cuenta que <strong>los alambres transversales est\u00e1n en el mismo plano de los alambres longitudinales<\/strong> para obtener un producto de espesor m\u00ednimo (el eje del alambre transversal est\u00e1 situado al mismo nivel que el eje del alambre longitudinal).\r\n\r\nCuando se alcanza la dimensi\u00f3n de los separadores, una <strong>unidad de corte<\/strong> lo corta a la longitud deseada.\r\n\r\nDespu\u00e9s, el espaciador recto obtenido, se traslada a la unidad de descarga y posicionamiento que deposita el producto sobre el sistema de evacuaci\u00f3n que los transporta sobre la zona donde el operador puede tomar el paquete manualmente y llevarlo en una zona separada donde puede hacer el atado y el almacenamiento del paquete producido.\r\n\r\nEn el caso de los espaciadores en Z, antes de la descarga del producto en el sistema de evacuaci\u00f3n, los espaciadores son doblados por una <strong>unidad autom\u00e1tica de doblado transversal<\/strong>.\r\n\r\nDisponemos de diferentes niveles de personalizaci\u00f3n: desde la soluci\u00f3n b\u00e1sica en la que la m\u00e1quina s\u00f3lo puede producir un espaciador recto hasta el nivel superior en el que la m\u00e1quina puede producir espaciadores rectos y doblados, dos piezas (id\u00e9nticas) al mismo tiempo.\r\n\r\nAdem\u00e1s, para automatizar completamente la m\u00e1quina, se puede a\u00f1adir el sistema de <strong>embalaje autom\u00e1tico<\/strong>, que permite sin necesidad de operadores, atar el espaciador en conjunto y depositar el paquete de espaciador sobre un pal\u00e9 para la formaci\u00f3n del paquete principal listo para ser enviado.\r\n\r\nEste tipo de m\u00e1quina forma parte de nuestra divisi\u00f3n de m\u00e1quinas especiales y obviamente puede ser personalizada a petici\u00f3n de nuestros clientes en base a las diferentes formas y dimensiones de los productos finales (el dise\u00f1o parte del producto final a realizar).\r\n\r\nDebido a los productos finales especiales a realizar, toda la informaci\u00f3n t\u00e9cnica informada debe ser considerada como indicativa y sugerimos ponerse en contacto con nosotros para m\u00e1s detalles.","_et_gb_content_width":""},"product_cat":[174,176],"product_tag":[],"yoast_head":"<!-- This site is optimized with the Yoast SEO plugin v20.5 - https:\/\/yoast.com\/wordpress\/plugins\/seo\/ -->\n<title>M\u00e1quina de alambre soldado blockmesh | Promostar<\/title>\n<meta name=\"description\" content=\"La m\u00e1quina de alambre soldado blockmesh es nuestra soluci\u00f3n para producir espaciadores rectos o espacios curvados (perfil en forma de &quot;Z&quot;) para ser utilizados en productos\" \/>\n<meta name=\"robots\" content=\"index, follow, max-snippet:-1, max-image-preview:large, max-video-preview:-1\" \/>\n<link rel=\"canonical\" href=\"https:\/\/www.promostar.it\/es\/prodotto\/block-mesh\/\" \/>\n<meta property=\"og:locale\" content=\"es_ES\" \/>\n<meta property=\"og:type\" content=\"article\" \/>\n<meta property=\"og:title\" content=\"M\u00e1quina de alambre soldado blockmesh | Promostar\" \/>\n<meta property=\"og:description\" content=\"La m\u00e1quina de alambre soldado blockmesh es nuestra soluci\u00f3n para producir espaciadores rectos o espacios curvados (perfil en forma de &quot;Z&quot;) para ser utilizados en productos\" \/>\n<meta property=\"og:url\" content=\"https:\/\/www.promostar.it\/es\/prodotto\/block-mesh\/\" \/>\n<meta property=\"og:site_name\" content=\"PromoStar S.r.l.\" \/>\n<meta property=\"article:modified_time\" content=\"2024-11-18T15:17:22+00:00\" \/>\n<meta property=\"og:image\" content=\"https:\/\/www.promostar.it\/wp-content\/uploads\/2021\/11\/Evidenza_Block-Mesh-6.jpg\" \/>\n\t<meta property=\"og:image:width\" content=\"1200\" \/>\n\t<meta property=\"og:image:height\" content=\"1200\" \/>\n\t<meta property=\"og:image:type\" content=\"image\/jpeg\" \/>\n<meta name=\"twitter:card\" content=\"summary_large_image\" \/>\n<meta name=\"twitter:label1\" content=\"Tiempo de lectura\" \/>\n\t<meta name=\"twitter:data1\" content=\"1 minuto\" \/>\n<script type=\"application\/ld+json\" class=\"yoast-schema-graph\">{\"@context\":\"https:\/\/schema.org\",\"@graph\":[{\"@type\":\"WebPage\",\"@id\":\"https:\/\/www.promostar.it\/es\/prodotto\/block-mesh\/\",\"url\":\"https:\/\/www.promostar.it\/es\/prodotto\/block-mesh\/\",\"name\":\"M\u00e1quina de alambre soldado blockmesh | Promostar\",\"isPartOf\":{\"@id\":\"https:\/\/www.promostar.it\/es\/#website\"},\"datePublished\":\"2021-11-03T15:04:25+00:00\",\"dateModified\":\"2024-11-18T15:17:22+00:00\",\"description\":\"La m\u00e1quina de alambre soldado blockmesh es nuestra soluci\u00f3n para producir espaciadores rectos o espacios curvados (perfil en forma de \\\"Z\\\") para ser utilizados en productos\",\"breadcrumb\":{\"@id\":\"https:\/\/www.promostar.it\/es\/prodotto\/block-mesh\/#breadcrumb\"},\"inLanguage\":\"es\",\"potentialAction\":[{\"@type\":\"ReadAction\",\"target\":[\"https:\/\/www.promostar.it\/es\/prodotto\/block-mesh\/\"]}]},{\"@type\":\"BreadcrumbList\",\"@id\":\"https:\/\/www.promostar.it\/es\/prodotto\/block-mesh\/#breadcrumb\",\"itemListElement\":[{\"@type\":\"ListItem\",\"position\":1,\"name\":\"Home\",\"item\":\"https:\/\/www.promostar.it\/es\/home-2\/\"},{\"@type\":\"ListItem\",\"position\":2,\"name\":\"Productos\",\"item\":\"https:\/\/www.promostar.it\/es\/shop\/\"},{\"@type\":\"ListItem\",\"position\":3,\"name\":\"Block mesh\"}]},{\"@type\":\"WebSite\",\"@id\":\"https:\/\/www.promostar.it\/es\/#website\",\"url\":\"https:\/\/www.promostar.it\/es\/\",\"name\":\"PromoStar S.r.l.\",\"description\":\"Promostar \u00e8 l\u2019azienda leader e la prima ad introdurre il processo di stiratura\",\"publisher\":{\"@id\":\"https:\/\/www.promostar.it\/es\/#organization\"},\"potentialAction\":[{\"@type\":\"SearchAction\",\"target\":{\"@type\":\"EntryPoint\",\"urlTemplate\":\"https:\/\/www.promostar.it\/es\/?s={search_term_string}\"},\"query-input\":\"required name=search_term_string\"}],\"inLanguage\":\"es\"},{\"@type\":\"Organization\",\"@id\":\"https:\/\/www.promostar.it\/es\/#organization\",\"name\":\"Promostar\",\"url\":\"https:\/\/www.promostar.it\/es\/\",\"logo\":{\"@type\":\"ImageObject\",\"inLanguage\":\"es\",\"@id\":\"https:\/\/www.promostar.it\/es\/#\/schema\/logo\/image\/\",\"url\":\"https:\/\/www.promostar.it\/wp-content\/uploads\/2020\/10\/promostar-logo.png\",\"contentUrl\":\"https:\/\/www.promostar.it\/wp-content\/uploads\/2020\/10\/promostar-logo.png\",\"width\":210,\"height\":69,\"caption\":\"Promostar\"},\"image\":{\"@id\":\"https:\/\/www.promostar.it\/es\/#\/schema\/logo\/image\/\"}}]}<\/script>\n<!-- \/ Yoast SEO plugin. -->","yoast_head_json":{"title":"M\u00e1quina de alambre soldado blockmesh | Promostar","description":"La m\u00e1quina de alambre soldado blockmesh es nuestra soluci\u00f3n para producir espaciadores rectos o espacios curvados (perfil en forma de \"Z\") para ser utilizados en productos","robots":{"index":"index","follow":"follow","max-snippet":"max-snippet:-1","max-image-preview":"max-image-preview:large","max-video-preview":"max-video-preview:-1"},"canonical":"https:\/\/www.promostar.it\/es\/prodotto\/block-mesh\/","og_locale":"es_ES","og_type":"article","og_title":"M\u00e1quina de alambre soldado blockmesh | Promostar","og_description":"La m\u00e1quina de alambre soldado blockmesh es nuestra soluci\u00f3n para producir espaciadores rectos o espacios curvados (perfil en forma de \"Z\") para ser utilizados en productos","og_url":"https:\/\/www.promostar.it\/es\/prodotto\/block-mesh\/","og_site_name":"PromoStar S.r.l.","article_modified_time":"2024-11-18T15:17:22+00:00","og_image":[{"width":1200,"height":1200,"url":"https:\/\/www.promostar.it\/wp-content\/uploads\/2021\/11\/Evidenza_Block-Mesh-6.jpg","type":"image\/jpeg"}],"twitter_card":"summary_large_image","twitter_misc":{"Tiempo de lectura":"1 minuto"},"schema":{"@context":"https:\/\/schema.org","@graph":[{"@type":"WebPage","@id":"https:\/\/www.promostar.it\/es\/prodotto\/block-mesh\/","url":"https:\/\/www.promostar.it\/es\/prodotto\/block-mesh\/","name":"M\u00e1quina de alambre soldado blockmesh | Promostar","isPartOf":{"@id":"https:\/\/www.promostar.it\/es\/#website"},"datePublished":"2021-11-03T15:04:25+00:00","dateModified":"2024-11-18T15:17:22+00:00","description":"La m\u00e1quina de alambre soldado blockmesh es nuestra soluci\u00f3n para producir espaciadores rectos o espacios curvados (perfil en forma de \"Z\") para ser utilizados en productos","breadcrumb":{"@id":"https:\/\/www.promostar.it\/es\/prodotto\/block-mesh\/#breadcrumb"},"inLanguage":"es","potentialAction":[{"@type":"ReadAction","target":["https:\/\/www.promostar.it\/es\/prodotto\/block-mesh\/"]}]},{"@type":"BreadcrumbList","@id":"https:\/\/www.promostar.it\/es\/prodotto\/block-mesh\/#breadcrumb","itemListElement":[{"@type":"ListItem","position":1,"name":"Home","item":"https:\/\/www.promostar.it\/es\/home-2\/"},{"@type":"ListItem","position":2,"name":"Productos","item":"https:\/\/www.promostar.it\/es\/shop\/"},{"@type":"ListItem","position":3,"name":"Block mesh"}]},{"@type":"WebSite","@id":"https:\/\/www.promostar.it\/es\/#website","url":"https:\/\/www.promostar.it\/es\/","name":"PromoStar S.r.l.","description":"Promostar \u00e8 l\u2019azienda leader e la prima ad introdurre il processo di stiratura","publisher":{"@id":"https:\/\/www.promostar.it\/es\/#organization"},"potentialAction":[{"@type":"SearchAction","target":{"@type":"EntryPoint","urlTemplate":"https:\/\/www.promostar.it\/es\/?s={search_term_string}"},"query-input":"required name=search_term_string"}],"inLanguage":"es"},{"@type":"Organization","@id":"https:\/\/www.promostar.it\/es\/#organization","name":"Promostar","url":"https:\/\/www.promostar.it\/es\/","logo":{"@type":"ImageObject","inLanguage":"es","@id":"https:\/\/www.promostar.it\/es\/#\/schema\/logo\/image\/","url":"https:\/\/www.promostar.it\/wp-content\/uploads\/2020\/10\/promostar-logo.png","contentUrl":"https:\/\/www.promostar.it\/wp-content\/uploads\/2020\/10\/promostar-logo.png","width":210,"height":69,"caption":"Promostar"},"image":{"@id":"https:\/\/www.promostar.it\/es\/#\/schema\/logo\/image\/"}}]}},"_links":{"self":[{"href":"https:\/\/www.promostar.it\/es\/wp-json\/wp\/v3\/product\/5734"}],"collection":[{"href":"https:\/\/www.promostar.it\/es\/wp-json\/wp\/v3\/product"}],"about":[{"href":"https:\/\/www.promostar.it\/es\/wp-json\/wp\/v2\/types\/product"}],"wp:featuredmedia":[{"embeddable":true,"href":"https:\/\/www.promostar.it\/es\/wp-json\/wp\/v2\/media\/4607"}],"wp:attachment":[{"href":"https:\/\/www.promostar.it\/es\/wp-json\/wp\/v2\/media?parent=5734"}],"wp:term":[{"taxonomy":"product_cat","embeddable":true,"href":"https:\/\/www.promostar.it\/es\/wp-json\/wp\/v2\/product_cat?post=5734"},{"taxonomy":"product_tag","embeddable":true,"href":"https:\/\/www.promostar.it\/es\/wp-json\/wp\/v2\/product_tag?post=5734"}],"curies":[{"name":"wp","href":"https:\/\/api.w.org\/{rel}","templated":true}]}}