{"id":5733,"date":"2021-11-03T16:14:54","date_gmt":"2021-11-03T15:14:54","guid":{"rendered":"https:\/\/www.promostar.it\/prodotto\/just-in-time-ltg\/"},"modified":"2023-04-28T15:15:00","modified_gmt":"2023-04-28T13:15:00","slug":"just-in-time-ltg","status":"publish","type":"product","link":"https:\/\/www.promostar.it\/es\/prodotto\/just-in-time-ltg\/","title":{"rendered":"Just in time ltg"},"content":{"rendered":"<p>[et_pb_section fb_built=\u00bb1&#8243; _builder_version=\u00bb4.17.0&#8243; _module_preset=\u00bbdefault\u00bb global_colors_info=\u00bb{}\u00bb][\/et_pb_section]<\/p>\n","protected":false},"excerpt":{"rendered":"<p><strong>La m\u00e1quina de alambre soldado Just in Time LTG<\/strong> es nuestra soluci\u00f3n para producir vigas de celos\u00eda electro soldadas que se utilizar\u00e1n en productos como refuerzo para la construcci\u00f3n civil e industrial, cimentaciones e industria de prefabricados.<\/p>\n<p><strong>La m\u00e1quina de alambre soldado Just in Time LTG<\/strong> combina el proceso de electro soldadura (a trav\u00e9s de cabezales de soldadura) con el corte a medida de las vigas de celos\u00eda.<\/p>\n<p>En el campo de las plantas para la producci\u00f3n de vigas de celos\u00eda, Promostar ha desarrollado el modelo patentado (Patente Europea EP 07 150 103.5) JitLGP ( Planta de Vigas de Celos\u00eda Just in time) que est\u00e1 dise\u00f1ado, en particular, para ser incorporado en sistemas de carrusel para la producci\u00f3n de losas prefabricadas.<\/p>\n<p>Concebida espec\u00edficamente para satisfacer las exigencias de las plantas de prefabricaci\u00f3n completamente autom\u00e1ticas, la l\u00ednea JitLGP, en la versi\u00f3n HF (Alta Flexibilidad), es capaz de producir en continuo vigas individuales con caracter\u00edsticas geom\u00e9tricas que pueden cambiar autom\u00e1ticamente de viga a viga (en 10 segundos como m\u00e1ximo).<\/p>\n","protected":false},"featured_media":4613,"template":"","meta":{"_et_pb_use_builder":"on","_et_pb_old_content":"<strong>La m\u00e1quina de alambre soldado Just in Time LTG<\/strong> es nuestra soluci\u00f3n para producir vigas de celos\u00eda electro soldadas que se utilizar\u00e1n en productos como refuerzo para la construcci\u00f3n civil e industrial, cimentaciones e industria de prefabricados.\n\n<strong>La m\u00e1quina de alambre soldado Just in Time LTG<\/strong> combina el proceso de electro soldadura (a trav\u00e9s de cabezales de soldadura) con el corte a medida de las vigas de celos\u00eda.\n\nEn el campo de las plantas para la producci\u00f3n de vigas de celos\u00eda, Promostar ha desarrollado el modelo patentado (Patente Europea EP 07 150 103.5) JitLGP ( Planta de Vigas de Celos\u00eda Just in time) que est\u00e1 dise\u00f1ado, en particular, para ser incorporado en sistemas de carrusel para la producci\u00f3n de losas prefabricadas.\n\nConcebida espec\u00edficamente para satisfacer las exigencias de las plantas de prefabricaci\u00f3n completamente autom\u00e1ticas, la l\u00ednea JitLGP, en la versi\u00f3n HF (Alta Flexibilidad), es capaz de producir en continuo vigas individuales con caracter\u00edsticas geom\u00e9tricas que pueden cambiar autom\u00e1ticamente de viga a viga (en 10 segundos como m\u00e1ximo).\n\nLa forma y los detalles de ingenier\u00eda de la l\u00ednea permiten fabricar productos de alta calidad seg\u00fan la forma geom\u00e9trica y las dimensiones solicitadas por los clientes. El producto final no requiere ning\u00fan procesamiento posterior y est\u00e1 listo para su uso en aplicaciones de hormig\u00f3n.\n\nEn comparaci\u00f3n con los m\u00e9todos de fabricaci\u00f3n manual, las ventajas de este tipo de m\u00e1quinas autom\u00e1ticas de alambre de soldadura son la productividad, la mayor flexibilidad y rapidez en los cambios de producci\u00f3n de los tama\u00f1os de di\u00e1metro, la calidad y la repetibilidad del producto, el n\u00famero limitado de operadores (normalmente un solo operador controla toda la planta) y los costes de producci\u00f3n y mantenimiento.\n\nLa m\u00e1quina Just in time LTG se compone de dos partes principales.\n\nLa primera parte de la m\u00e1quina es el <strong>sistema de alimentaci\u00f3n<\/strong>. La m\u00e1quina autom\u00e1tica de enderezado y corte est\u00e1 dise\u00f1ada para producir barras enderezadas cortadas a medida a partir de alambre en bobinas para alimentar el cuerpo principal de la LTG Just in time. El sistema est\u00e1 equipado para procesar bobinas o carretes de alambre estirado\/laminaci\u00f3n en fr\u00edo liso y\/o acanalado, as\u00ed como de alambre laminaci\u00f3n en caliente. La caracter\u00edstica m\u00e1s destacada de esta m\u00e1quina es que dispone de varias l\u00edneas de enderezado independientes, una para cada categor\u00eda de di\u00e1metro de alambre que el cliente desee procesar. Tambi\u00e9n dispone de un sistema de cambio de di\u00e1metro completamente autom\u00e1tico para cada l\u00ednea (que s\u00f3lo tarda un par de segundos). Se compone de varias unidades de desenrollado cuyo n\u00famero depende del n\u00famero de l\u00edneas de enderezado necesarias, seguidas de un sistema de enderezado y corte de alambre.\n\nLa segunda parte es la <strong>m\u00e1quina de cuerpo JitLTG<\/strong>. Alimentada por la primera parte de la l\u00ednea, consta de dos grupos principales: el grupo de conformaci\u00f3n y el grupo de soldadura. El <strong>grupo de formaci\u00f3n<\/strong> permite la formaci\u00f3n del estribo con la variaci\u00f3n Just in Time de la altura, sobre el terreno de la viga de celos\u00eda deseada. El <strong>grupo de soldadura<\/strong>, gracias a un <strong>proceso de electro soldadura<\/strong> por resistencia, permite soldar los estribos a las barras longitudinales, asegurando un posicionamiento preciso mediante un sofisticado sistema de gu\u00edas. El control de la posici\u00f3n de la barra longitudinal superior permite obtener un producto acabado que cumple con los par\u00e1metros geom\u00e9tricos establecidos. La peculiaridad del sistema de soldadura Promostar consiste en la orientaci\u00f3n justo-a-tiempo de las bases de soldadura que son siempre paralelas a la capa sobre la que descansa el estribo; esta capa cambia su inclinaci\u00f3n en funci\u00f3n de la variaci\u00f3n de la altura de la viga de celos\u00eda. Un <strong>carro de avance<\/strong> permite el desplazamiento, paso a paso, de la viga de celos\u00eda, mientras que una <strong>cizalla<\/strong> permite cortar las vigas de celos\u00eda acabadas.\n\nEn caso de <strong>producci\u00f3n continua<\/strong> de vigas de celos\u00eda con dimensiones constantes (di\u00e1metro de los alambres longitudinales, altura de las vigas de celos\u00eda y di\u00e1metro del alambre de estribo) se puede operar de manera tradicional (no s\u00f3lo en el tiempo sino en continuo), introduciendo en la m\u00e1quina barras de la m\u00e1xima longitud posible y realizando el corte a la salida de la m\u00e1quina, en lugar de sobre las tenazas formadoras presentes en el grupo formador.\n\nEste tipo de m\u00e1quina forma parte de nuestra divisi\u00f3n de m\u00e1quinas especiales y obviamente puede ser personalizada a petici\u00f3n de nuestros clientes en base a las diferentes formas y dimensiones de los productos finales (el dise\u00f1o parte del producto final a realizar).\n\nDebido a los productos finales especiales a realizar, toda la informaci\u00f3n t\u00e9cnica informada debe ser considerada como indicativa y sugerimos ponerse en contacto con nosotros para m\u00e1s detalles.","_et_gb_content_width":""},"product_cat":[174,176],"product_tag":[],"yoast_head":"<!-- This site is optimized with the Yoast SEO plugin v20.5 - https:\/\/yoast.com\/wordpress\/plugins\/seo\/ -->\n<title>M\u00e1quina de alambre soldado Just in Time LTG | Promostar<\/title>\n<meta name=\"description\" content=\"La m\u00e1quina de alambre soldado Just in Time LTG es nuestra soluci\u00f3n para producir vigas de celos\u00eda electro soldadas que se utilizar\u00e1n en productos como refuerzo\" \/>\n<meta name=\"robots\" content=\"index, follow, max-snippet:-1, max-image-preview:large, max-video-preview:-1\" \/>\n<link rel=\"canonical\" href=\"https:\/\/www.promostar.it\/es\/prodotto\/just-in-time-ltg\/\" \/>\n<meta property=\"og:locale\" content=\"es_ES\" \/>\n<meta property=\"og:type\" content=\"article\" \/>\n<meta property=\"og:title\" content=\"M\u00e1quina de alambre soldado Just in Time LTG | Promostar\" \/>\n<meta property=\"og:description\" content=\"La m\u00e1quina de alambre soldado Just in Time LTG es nuestra soluci\u00f3n para producir vigas de celos\u00eda electro soldadas que se utilizar\u00e1n en productos como refuerzo\" \/>\n<meta property=\"og:url\" content=\"https:\/\/www.promostar.it\/es\/prodotto\/just-in-time-ltg\/\" \/>\n<meta property=\"og:site_name\" content=\"PromoStar S.r.l.\" \/>\n<meta property=\"article:modified_time\" content=\"2023-04-28T13:15:00+00:00\" \/>\n<meta property=\"og:image\" content=\"https:\/\/www.promostar.it\/wp-content\/uploads\/2021\/11\/copertina_Block-Mesh-6.jpg\" \/>\n\t<meta property=\"og:image:width\" content=\"1200\" \/>\n\t<meta property=\"og:image:height\" content=\"1200\" \/>\n\t<meta property=\"og:image:type\" content=\"image\/jpeg\" \/>\n<meta name=\"twitter:card\" content=\"summary_large_image\" \/>\n<script type=\"application\/ld+json\" class=\"yoast-schema-graph\">{\"@context\":\"https:\/\/schema.org\",\"@graph\":[{\"@type\":\"WebPage\",\"@id\":\"https:\/\/www.promostar.it\/es\/prodotto\/just-in-time-ltg\/\",\"url\":\"https:\/\/www.promostar.it\/es\/prodotto\/just-in-time-ltg\/\",\"name\":\"M\u00e1quina de alambre soldado Just in Time LTG | Promostar\",\"isPartOf\":{\"@id\":\"https:\/\/www.promostar.it\/es\/#website\"},\"datePublished\":\"2021-11-03T15:14:54+00:00\",\"dateModified\":\"2023-04-28T13:15:00+00:00\",\"description\":\"La m\u00e1quina de alambre soldado Just in Time LTG es nuestra soluci\u00f3n para producir vigas de celos\u00eda electro soldadas que se utilizar\u00e1n en productos como refuerzo\",\"breadcrumb\":{\"@id\":\"https:\/\/www.promostar.it\/es\/prodotto\/just-in-time-ltg\/#breadcrumb\"},\"inLanguage\":\"es\",\"potentialAction\":[{\"@type\":\"ReadAction\",\"target\":[\"https:\/\/www.promostar.it\/es\/prodotto\/just-in-time-ltg\/\"]}]},{\"@type\":\"BreadcrumbList\",\"@id\":\"https:\/\/www.promostar.it\/es\/prodotto\/just-in-time-ltg\/#breadcrumb\",\"itemListElement\":[{\"@type\":\"ListItem\",\"position\":1,\"name\":\"Home\",\"item\":\"https:\/\/www.promostar.it\/es\/home-2\/\"},{\"@type\":\"ListItem\",\"position\":2,\"name\":\"Productos\",\"item\":\"https:\/\/www.promostar.it\/es\/shop\/\"},{\"@type\":\"ListItem\",\"position\":3,\"name\":\"Just in time ltg\"}]},{\"@type\":\"WebSite\",\"@id\":\"https:\/\/www.promostar.it\/es\/#website\",\"url\":\"https:\/\/www.promostar.it\/es\/\",\"name\":\"PromoStar S.r.l.\",\"description\":\"Promostar \u00e8 l\u2019azienda leader e la prima ad introdurre il processo di stiratura\",\"publisher\":{\"@id\":\"https:\/\/www.promostar.it\/es\/#organization\"},\"potentialAction\":[{\"@type\":\"SearchAction\",\"target\":{\"@type\":\"EntryPoint\",\"urlTemplate\":\"https:\/\/www.promostar.it\/es\/?s={search_term_string}\"},\"query-input\":\"required name=search_term_string\"}],\"inLanguage\":\"es\"},{\"@type\":\"Organization\",\"@id\":\"https:\/\/www.promostar.it\/es\/#organization\",\"name\":\"Promostar\",\"url\":\"https:\/\/www.promostar.it\/es\/\",\"logo\":{\"@type\":\"ImageObject\",\"inLanguage\":\"es\",\"@id\":\"https:\/\/www.promostar.it\/es\/#\/schema\/logo\/image\/\",\"url\":\"https:\/\/www.promostar.it\/wp-content\/uploads\/2020\/10\/promostar-logo.png\",\"contentUrl\":\"https:\/\/www.promostar.it\/wp-content\/uploads\/2020\/10\/promostar-logo.png\",\"width\":210,\"height\":69,\"caption\":\"Promostar\"},\"image\":{\"@id\":\"https:\/\/www.promostar.it\/es\/#\/schema\/logo\/image\/\"}}]}<\/script>\n<!-- \/ Yoast SEO plugin. -->","yoast_head_json":{"title":"M\u00e1quina de alambre soldado Just in Time LTG | Promostar","description":"La m\u00e1quina de alambre soldado Just in Time LTG es nuestra soluci\u00f3n para producir vigas de celos\u00eda electro soldadas que se utilizar\u00e1n en productos como refuerzo","robots":{"index":"index","follow":"follow","max-snippet":"max-snippet:-1","max-image-preview":"max-image-preview:large","max-video-preview":"max-video-preview:-1"},"canonical":"https:\/\/www.promostar.it\/es\/prodotto\/just-in-time-ltg\/","og_locale":"es_ES","og_type":"article","og_title":"M\u00e1quina de alambre soldado Just in Time LTG | Promostar","og_description":"La m\u00e1quina de alambre soldado Just in Time LTG es nuestra soluci\u00f3n para producir vigas de celos\u00eda electro soldadas que se utilizar\u00e1n en productos como refuerzo","og_url":"https:\/\/www.promostar.it\/es\/prodotto\/just-in-time-ltg\/","og_site_name":"PromoStar S.r.l.","article_modified_time":"2023-04-28T13:15:00+00:00","og_image":[{"width":1200,"height":1200,"url":"https:\/\/www.promostar.it\/wp-content\/uploads\/2021\/11\/copertina_Block-Mesh-6.jpg","type":"image\/jpeg"}],"twitter_card":"summary_large_image","schema":{"@context":"https:\/\/schema.org","@graph":[{"@type":"WebPage","@id":"https:\/\/www.promostar.it\/es\/prodotto\/just-in-time-ltg\/","url":"https:\/\/www.promostar.it\/es\/prodotto\/just-in-time-ltg\/","name":"M\u00e1quina de alambre soldado Just in Time LTG | Promostar","isPartOf":{"@id":"https:\/\/www.promostar.it\/es\/#website"},"datePublished":"2021-11-03T15:14:54+00:00","dateModified":"2023-04-28T13:15:00+00:00","description":"La m\u00e1quina de alambre soldado Just in Time LTG es nuestra soluci\u00f3n para producir vigas de celos\u00eda electro soldadas que se utilizar\u00e1n en productos como refuerzo","breadcrumb":{"@id":"https:\/\/www.promostar.it\/es\/prodotto\/just-in-time-ltg\/#breadcrumb"},"inLanguage":"es","potentialAction":[{"@type":"ReadAction","target":["https:\/\/www.promostar.it\/es\/prodotto\/just-in-time-ltg\/"]}]},{"@type":"BreadcrumbList","@id":"https:\/\/www.promostar.it\/es\/prodotto\/just-in-time-ltg\/#breadcrumb","itemListElement":[{"@type":"ListItem","position":1,"name":"Home","item":"https:\/\/www.promostar.it\/es\/home-2\/"},{"@type":"ListItem","position":2,"name":"Productos","item":"https:\/\/www.promostar.it\/es\/shop\/"},{"@type":"ListItem","position":3,"name":"Just in time ltg"}]},{"@type":"WebSite","@id":"https:\/\/www.promostar.it\/es\/#website","url":"https:\/\/www.promostar.it\/es\/","name":"PromoStar S.r.l.","description":"Promostar \u00e8 l\u2019azienda leader e la prima ad introdurre il processo di stiratura","publisher":{"@id":"https:\/\/www.promostar.it\/es\/#organization"},"potentialAction":[{"@type":"SearchAction","target":{"@type":"EntryPoint","urlTemplate":"https:\/\/www.promostar.it\/es\/?s={search_term_string}"},"query-input":"required name=search_term_string"}],"inLanguage":"es"},{"@type":"Organization","@id":"https:\/\/www.promostar.it\/es\/#organization","name":"Promostar","url":"https:\/\/www.promostar.it\/es\/","logo":{"@type":"ImageObject","inLanguage":"es","@id":"https:\/\/www.promostar.it\/es\/#\/schema\/logo\/image\/","url":"https:\/\/www.promostar.it\/wp-content\/uploads\/2020\/10\/promostar-logo.png","contentUrl":"https:\/\/www.promostar.it\/wp-content\/uploads\/2020\/10\/promostar-logo.png","width":210,"height":69,"caption":"Promostar"},"image":{"@id":"https:\/\/www.promostar.it\/es\/#\/schema\/logo\/image\/"}}]}},"_links":{"self":[{"href":"https:\/\/www.promostar.it\/es\/wp-json\/wp\/v3\/product\/5733"}],"collection":[{"href":"https:\/\/www.promostar.it\/es\/wp-json\/wp\/v3\/product"}],"about":[{"href":"https:\/\/www.promostar.it\/es\/wp-json\/wp\/v2\/types\/product"}],"wp:featuredmedia":[{"embeddable":true,"href":"https:\/\/www.promostar.it\/es\/wp-json\/wp\/v2\/media\/4613"}],"wp:attachment":[{"href":"https:\/\/www.promostar.it\/es\/wp-json\/wp\/v2\/media?parent=5733"}],"wp:term":[{"taxonomy":"product_cat","embeddable":true,"href":"https:\/\/www.promostar.it\/es\/wp-json\/wp\/v2\/product_cat?post=5733"},{"taxonomy":"product_tag","embeddable":true,"href":"https:\/\/www.promostar.it\/es\/wp-json\/wp\/v2\/product_tag?post=5733"}],"curies":[{"name":"wp","href":"https:\/\/api.w.org\/{rel}","templated":true}]}}