{"id":5732,"date":"2021-11-03T16:22:16","date_gmt":"2021-11-03T15:22:16","guid":{"rendered":"https:\/\/www.promostar.it\/prodotto\/tunnel-mesh\/"},"modified":"2023-04-28T12:47:29","modified_gmt":"2023-04-28T10:47:29","slug":"tunnel-mesh","status":"publish","type":"product","link":"https:\/\/www.promostar.it\/es\/prodotto\/tunnel-mesh\/","title":{"rendered":"Tunnel Mesh"},"content":{"rendered":"<p>[et_pb_section fb_built=\u00bb1&#8243; _builder_version=\u00bb4.17.0&#8243; _module_preset=\u00bbdefault\u00bb global_colors_info=\u00bb{}\u00bb][\/et_pb_section]<\/p>\n","protected":false},"excerpt":{"rendered":"<p><strong>La m\u00e1quina de alambre soldado de malla para t\u00faneles<\/strong> es nuestra soluci\u00f3n para producir elementos electro-soldados rectil\u00edneos y curvil\u00edneos dise\u00f1ados para la realizaci\u00f3n de armaduras de refuerzo curvas para elementos de hormig\u00f3n para aplicaciones en t\u00faneles (viga de celos\u00eda para t\u00faneles).<\/p>\n<p><strong>La m\u00e1quina de alambre soldado de malla para t\u00faneles<\/strong> combina el proceso de electro-soldadura (a trav\u00e9s de cabezales de soldadura) con el corte a la longitud y la conformaci\u00f3n de los elementos para t\u00faneles.<\/p>\n<p>La forma y los detalles de ingenier\u00eda de la l\u00ednea permiten fabricar productos de alta calidad seg\u00fan la forma geom\u00e9trica y las dimensiones solicitadas por los clientes. El producto final no requiere ning\u00fan procesamiento posterior y est\u00e1 listo para su uso en las armaduras de hormig\u00f3n para elementos de t\u00faneles.<\/p>\n<p>En comparaci\u00f3n con los m\u00e9todos de fabricaci\u00f3n manual, las ventajas de este tipo de m\u00e1quinas autom\u00e1ticas de alambre de soldadura son la productividad, la mayor flexibilidad y rapidez en los cambios de producci\u00f3n de los tama\u00f1os de di\u00e1metro, la calidad y la repetibilidad del producto, el n\u00famero limitado de operadores (normalmente un solo operador controla toda la planta) y los costes de producci\u00f3n y mantenimiento.<\/p>\n","protected":false},"featured_media":4655,"template":"","meta":{"_et_pb_use_builder":"on","_et_pb_old_content":"<strong>La m\u00e1quina de alambre soldado de malla para t\u00faneles<\/strong> es nuestra soluci\u00f3n para producir elementos electro-soldados rectil\u00edneos y curvil\u00edneos dise\u00f1ados para la realizaci\u00f3n de armaduras de refuerzo curvas para elementos de hormig\u00f3n para aplicaciones en t\u00faneles (viga de celos\u00eda para t\u00faneles).\n\n<strong>La m\u00e1quina de alambre soldado de malla para t\u00faneles<\/strong> combina el proceso de electro-soldadura (a trav\u00e9s de cabezales de soldadura) con el corte a la longitud y la conformaci\u00f3n de los elementos para t\u00faneles.\n\nLa forma y los detalles de ingenier\u00eda de la l\u00ednea permiten fabricar productos de alta calidad seg\u00fan la forma geom\u00e9trica y las dimensiones solicitadas por los clientes. El producto final no requiere ning\u00fan procesamiento posterior y est\u00e1 listo para su uso en las armaduras de hormig\u00f3n para elementos de t\u00faneles.\n\nEn comparaci\u00f3n con los m\u00e9todos de fabricaci\u00f3n manual, las ventajas de este tipo de m\u00e1quinas autom\u00e1ticas de alambre de soldadura son la productividad, la mayor flexibilidad y rapidez en los cambios de producci\u00f3n de los tama\u00f1os de di\u00e1metro, la calidad y la repetibilidad del producto, el n\u00famero limitado de operadores (normalmente un solo operador controla toda la planta) y los costes de producci\u00f3n y mantenimiento.\n\nLa m\u00e1quina Tunnel Mesh se compone de diferentes partes.\n\nLa primera parte de la m\u00e1quina es el <strong>sistema de alimentaci\u00f3n<\/strong>. Gracias a las unidades de desenrollado y a los tambores de tracci\u00f3n motorizados, el material de entrada (alambre de bobina compacta liso o acanalado) se desenrolla y se arrastra hacia la unidad de soldadura de forma constante a la velocidad adecuada.\n\nA continuaci\u00f3n siguen otros grupos, como las unidades de inserci\u00f3n, el grupo de avance y el grupo de enderezamiento, que preparan y llevan el alambre longitudinal y transversal al interior de la unidad de soldadura.\n\nGracias a un proceso de <strong>electro soldadura por resistencia<\/strong>, los alambres longitudinales se sueldan con los alambres transversales.\n\nSi es necesario, tambi\u00e9n se pueden doblar los extremos de los alambres transversales, gracias a la acci\u00f3n de un <strong>dispositivo de doblado<\/strong><strong>.<\/strong>\n\nCuando se alcanza la dimensi\u00f3n de la malla del t\u00fanel, una <strong>cizalla<\/strong> la corta a la longitud deseada.\n\nEn la salida, una serie de mesas met\u00e1licas m\u00f3viles, orientadas manualmente en funci\u00f3n del radio de curvatura del elemento producido, sostienen la malla durante la fase de salida y permiten al operador tomar el producto final una vez terminado.\n\n\u00a0\n\nDisponemos de diferentes niveles de personalizaci\u00f3n: partiendo de la soluci\u00f3n b\u00e1sica en la que la m\u00e1quina puede producir elementos de t\u00fanel est\u00e1ndar con dos alambres longitudinales hasta la soluci\u00f3n de alto nivel en la que la m\u00e1quina puede producir elementos de t\u00fanel con cuatro longitudinales y con la posibilidad de doblar los extremos de los alambres transversales. Adem\u00e1s, la m\u00e1quina tambi\u00e9n puede equiparse con un <strong>manipulador autom\u00e1tico (robot)<\/strong> para evacuar y apilar los elementos soldados.\n\nEste tipo de m\u00e1quina forma parte de nuestra divisi\u00f3n de m\u00e1quinas especiales y obviamente puede ser personalizada a petici\u00f3n de nuestros clientes en base a las diferentes formas y dimensiones de los productos finales (el dise\u00f1o parte del producto final a realizar).\n\nDebido a los productos finales especiales a realizar, toda la informaci\u00f3n t\u00e9cnica informada debe ser considerada como indicativa y sugerimos ponerse en contacto con nosotros para m\u00e1s detalles.","_et_gb_content_width":""},"product_cat":[174,176],"product_tag":[],"yoast_head":"<!-- This site is optimized with the Yoast SEO plugin v20.5 - https:\/\/yoast.com\/wordpress\/plugins\/seo\/ -->\n<title>m\u00e1quina de alambre soldado tunnel mesh | Promostar<\/title>\n<meta name=\"description\" content=\"La m\u00e1quina de alambre soldado de malla para t\u00faneles es nuestra soluci\u00f3n para producir elementos electro-soldados rectil\u00edneos y curvil\u00edneos dise\u00f1ados para la realizaci\u00f3n de armaduras de refuerzo curvas\" \/>\n<meta name=\"robots\" content=\"index, follow, max-snippet:-1, max-image-preview:large, max-video-preview:-1\" \/>\n<link rel=\"canonical\" href=\"https:\/\/www.promostar.it\/es\/prodotto\/tunnel-mesh\/\" \/>\n<meta property=\"og:locale\" content=\"es_ES\" \/>\n<meta property=\"og:type\" content=\"article\" \/>\n<meta property=\"og:title\" content=\"m\u00e1quina de alambre soldado tunnel mesh | Promostar\" \/>\n<meta property=\"og:description\" content=\"La m\u00e1quina de alambre soldado de malla para t\u00faneles es nuestra soluci\u00f3n para producir elementos electro-soldados rectil\u00edneos y curvil\u00edneos dise\u00f1ados para la realizaci\u00f3n de armaduras de refuerzo curvas\" \/>\n<meta property=\"og:url\" content=\"https:\/\/www.promostar.it\/es\/prodotto\/tunnel-mesh\/\" \/>\n<meta property=\"og:site_name\" content=\"PromoStar S.r.l.\" \/>\n<meta property=\"article:modified_time\" content=\"2023-04-28T10:47:29+00:00\" \/>\n<meta property=\"og:image\" content=\"https:\/\/www.promostar.it\/wp-content\/uploads\/2021\/11\/Copertina_Tunnel-Mesh-1.jpg\" \/>\n\t<meta property=\"og:image:width\" content=\"1200\" \/>\n\t<meta property=\"og:image:height\" content=\"1200\" \/>\n\t<meta property=\"og:image:type\" content=\"image\/jpeg\" \/>\n<meta name=\"twitter:card\" content=\"summary_large_image\" \/>\n<script type=\"application\/ld+json\" class=\"yoast-schema-graph\">{\"@context\":\"https:\/\/schema.org\",\"@graph\":[{\"@type\":\"WebPage\",\"@id\":\"https:\/\/www.promostar.it\/es\/prodotto\/tunnel-mesh\/\",\"url\":\"https:\/\/www.promostar.it\/es\/prodotto\/tunnel-mesh\/\",\"name\":\"m\u00e1quina de alambre soldado tunnel mesh | Promostar\",\"isPartOf\":{\"@id\":\"https:\/\/www.promostar.it\/es\/#website\"},\"datePublished\":\"2021-11-03T15:22:16+00:00\",\"dateModified\":\"2023-04-28T10:47:29+00:00\",\"description\":\"La m\u00e1quina de alambre soldado de malla para t\u00faneles es nuestra soluci\u00f3n para producir elementos electro-soldados rectil\u00edneos y curvil\u00edneos dise\u00f1ados para la realizaci\u00f3n de armaduras de refuerzo curvas\",\"breadcrumb\":{\"@id\":\"https:\/\/www.promostar.it\/es\/prodotto\/tunnel-mesh\/#breadcrumb\"},\"inLanguage\":\"es\",\"potentialAction\":[{\"@type\":\"ReadAction\",\"target\":[\"https:\/\/www.promostar.it\/es\/prodotto\/tunnel-mesh\/\"]}]},{\"@type\":\"BreadcrumbList\",\"@id\":\"https:\/\/www.promostar.it\/es\/prodotto\/tunnel-mesh\/#breadcrumb\",\"itemListElement\":[{\"@type\":\"ListItem\",\"position\":1,\"name\":\"Home\",\"item\":\"https:\/\/www.promostar.it\/es\/home-2\/\"},{\"@type\":\"ListItem\",\"position\":2,\"name\":\"Productos\",\"item\":\"https:\/\/www.promostar.it\/es\/shop\/\"},{\"@type\":\"ListItem\",\"position\":3,\"name\":\"Tunnel Mesh\"}]},{\"@type\":\"WebSite\",\"@id\":\"https:\/\/www.promostar.it\/es\/#website\",\"url\":\"https:\/\/www.promostar.it\/es\/\",\"name\":\"PromoStar S.r.l.\",\"description\":\"Promostar \u00e8 l\u2019azienda leader e la prima ad introdurre il processo di stiratura\",\"publisher\":{\"@id\":\"https:\/\/www.promostar.it\/es\/#organization\"},\"potentialAction\":[{\"@type\":\"SearchAction\",\"target\":{\"@type\":\"EntryPoint\",\"urlTemplate\":\"https:\/\/www.promostar.it\/es\/?s={search_term_string}\"},\"query-input\":\"required name=search_term_string\"}],\"inLanguage\":\"es\"},{\"@type\":\"Organization\",\"@id\":\"https:\/\/www.promostar.it\/es\/#organization\",\"name\":\"Promostar\",\"url\":\"https:\/\/www.promostar.it\/es\/\",\"logo\":{\"@type\":\"ImageObject\",\"inLanguage\":\"es\",\"@id\":\"https:\/\/www.promostar.it\/es\/#\/schema\/logo\/image\/\",\"url\":\"https:\/\/www.promostar.it\/wp-content\/uploads\/2020\/10\/promostar-logo.png\",\"contentUrl\":\"https:\/\/www.promostar.it\/wp-content\/uploads\/2020\/10\/promostar-logo.png\",\"width\":210,\"height\":69,\"caption\":\"Promostar\"},\"image\":{\"@id\":\"https:\/\/www.promostar.it\/es\/#\/schema\/logo\/image\/\"}}]}<\/script>\n<!-- \/ Yoast SEO plugin. -->","yoast_head_json":{"title":"m\u00e1quina de alambre soldado tunnel mesh | Promostar","description":"La m\u00e1quina de alambre soldado de malla para t\u00faneles es nuestra soluci\u00f3n para producir elementos electro-soldados rectil\u00edneos y curvil\u00edneos dise\u00f1ados para la realizaci\u00f3n de armaduras de refuerzo curvas","robots":{"index":"index","follow":"follow","max-snippet":"max-snippet:-1","max-image-preview":"max-image-preview:large","max-video-preview":"max-video-preview:-1"},"canonical":"https:\/\/www.promostar.it\/es\/prodotto\/tunnel-mesh\/","og_locale":"es_ES","og_type":"article","og_title":"m\u00e1quina de alambre soldado tunnel mesh | Promostar","og_description":"La m\u00e1quina de alambre soldado de malla para t\u00faneles es nuestra soluci\u00f3n para producir elementos electro-soldados rectil\u00edneos y curvil\u00edneos dise\u00f1ados para la realizaci\u00f3n de armaduras de refuerzo curvas","og_url":"https:\/\/www.promostar.it\/es\/prodotto\/tunnel-mesh\/","og_site_name":"PromoStar S.r.l.","article_modified_time":"2023-04-28T10:47:29+00:00","og_image":[{"width":1200,"height":1200,"url":"https:\/\/www.promostar.it\/wp-content\/uploads\/2021\/11\/Copertina_Tunnel-Mesh-1.jpg","type":"image\/jpeg"}],"twitter_card":"summary_large_image","schema":{"@context":"https:\/\/schema.org","@graph":[{"@type":"WebPage","@id":"https:\/\/www.promostar.it\/es\/prodotto\/tunnel-mesh\/","url":"https:\/\/www.promostar.it\/es\/prodotto\/tunnel-mesh\/","name":"m\u00e1quina de alambre soldado tunnel mesh | Promostar","isPartOf":{"@id":"https:\/\/www.promostar.it\/es\/#website"},"datePublished":"2021-11-03T15:22:16+00:00","dateModified":"2023-04-28T10:47:29+00:00","description":"La m\u00e1quina de alambre soldado de malla para t\u00faneles es nuestra soluci\u00f3n para producir elementos electro-soldados rectil\u00edneos y curvil\u00edneos dise\u00f1ados para la realizaci\u00f3n de armaduras de refuerzo curvas","breadcrumb":{"@id":"https:\/\/www.promostar.it\/es\/prodotto\/tunnel-mesh\/#breadcrumb"},"inLanguage":"es","potentialAction":[{"@type":"ReadAction","target":["https:\/\/www.promostar.it\/es\/prodotto\/tunnel-mesh\/"]}]},{"@type":"BreadcrumbList","@id":"https:\/\/www.promostar.it\/es\/prodotto\/tunnel-mesh\/#breadcrumb","itemListElement":[{"@type":"ListItem","position":1,"name":"Home","item":"https:\/\/www.promostar.it\/es\/home-2\/"},{"@type":"ListItem","position":2,"name":"Productos","item":"https:\/\/www.promostar.it\/es\/shop\/"},{"@type":"ListItem","position":3,"name":"Tunnel Mesh"}]},{"@type":"WebSite","@id":"https:\/\/www.promostar.it\/es\/#website","url":"https:\/\/www.promostar.it\/es\/","name":"PromoStar S.r.l.","description":"Promostar \u00e8 l\u2019azienda leader e la prima ad introdurre il processo di stiratura","publisher":{"@id":"https:\/\/www.promostar.it\/es\/#organization"},"potentialAction":[{"@type":"SearchAction","target":{"@type":"EntryPoint","urlTemplate":"https:\/\/www.promostar.it\/es\/?s={search_term_string}"},"query-input":"required name=search_term_string"}],"inLanguage":"es"},{"@type":"Organization","@id":"https:\/\/www.promostar.it\/es\/#organization","name":"Promostar","url":"https:\/\/www.promostar.it\/es\/","logo":{"@type":"ImageObject","inLanguage":"es","@id":"https:\/\/www.promostar.it\/es\/#\/schema\/logo\/image\/","url":"https:\/\/www.promostar.it\/wp-content\/uploads\/2020\/10\/promostar-logo.png","contentUrl":"https:\/\/www.promostar.it\/wp-content\/uploads\/2020\/10\/promostar-logo.png","width":210,"height":69,"caption":"Promostar"},"image":{"@id":"https:\/\/www.promostar.it\/es\/#\/schema\/logo\/image\/"}}]}},"_links":{"self":[{"href":"https:\/\/www.promostar.it\/es\/wp-json\/wp\/v3\/product\/5732"}],"collection":[{"href":"https:\/\/www.promostar.it\/es\/wp-json\/wp\/v3\/product"}],"about":[{"href":"https:\/\/www.promostar.it\/es\/wp-json\/wp\/v2\/types\/product"}],"wp:featuredmedia":[{"embeddable":true,"href":"https:\/\/www.promostar.it\/es\/wp-json\/wp\/v2\/media\/4655"}],"wp:attachment":[{"href":"https:\/\/www.promostar.it\/es\/wp-json\/wp\/v2\/media?parent=5732"}],"wp:term":[{"taxonomy":"product_cat","embeddable":true,"href":"https:\/\/www.promostar.it\/es\/wp-json\/wp\/v2\/product_cat?post=5732"},{"taxonomy":"product_tag","embeddable":true,"href":"https:\/\/www.promostar.it\/es\/wp-json\/wp\/v2\/product_tag?post=5732"}],"curies":[{"name":"wp","href":"https:\/\/api.w.org\/{rel}","templated":true}]}}