{"id":5731,"date":"2022-04-05T15:05:00","date_gmt":"2022-04-05T13:05:00","guid":{"rendered":"https:\/\/www.promostar.it\/prodotto\/maquinas-bobinadoras-horizontales\/"},"modified":"2023-04-28T12:33:52","modified_gmt":"2023-04-28T10:33:52","slug":"maquinas-bobinadoras-horizontales","status":"publish","type":"product","link":"https:\/\/www.promostar.it\/es\/prodotto\/maquinas-bobinadoras-horizontales\/","title":{"rendered":"M\u00e1quinas Bobinadoras Horizontales"},"content":{"rendered":"<p>[et_pb_section fb_built=\u00bb1&#8243; _builder_version=\u00bb4.17.0&#8243; _module_preset=\u00bbdefault\u00bb global_colors_info=\u00bb{}\u00bb][\/et_pb_section]<\/p>\n","protected":false},"excerpt":{"rendered":"<p><strong>La m\u00e1quina bobinadora horizontal<\/strong> se utiliza para producir <strong>bobinas compactas de alambre de acero liso, acanalado o dentado<\/strong>, para su uso en productos como mallas soldadas de refuerzo, estribos, jaulas y vigas de celos\u00eda para la construcci\u00f3n civil e industrial, cimentaciones e industria de prefabricados.<\/p>\n<p><strong>La m\u00e1quina bobinadora autom\u00e1tica horizontal<\/strong> es nuestra soluci\u00f3n b\u00e1sica para las m\u00e1quinas de laminaci\u00f3n en fr\u00edo y estirado que puede trabajar con bobinas <a href=\"https:\/\/www.promostar.it\/prodotto\/electrical-mechanical-revamping-and-refurbishment\/\"><strong><u>fijas<\/u><\/strong><\/a> o <a href=\"https:\/\/www.promostar.it\/prodotto\/collapsible-spools-take-a-part-reels\/\"><strong><u>plegables<\/u><\/strong><\/a> de diferentes dimensiones y capacidad de peso.<\/p>\n<p>En esta bobinadora el eje de la bobina est\u00e1 orientado horizontalmente y todas las operaciones (excepto el bobinado) son realizadas manualmente por el operador (carga y descarga de la bobina, corte e inserci\u00f3n del alambre).<\/p>\n<p>El producto <strong>final puede alimentar cualquier tipo de m\u00e1quina de malla de refuerzo soldada o equipo de corte y doblado<\/strong>.<\/p>\n<p>La m\u00e1quina tiene una <strong>disposici\u00f3n ergon\u00f3mica y compacta<\/strong> con todos los componentes principales instalados dentro del cuerpo compacto. Esta caracter\u00edstica permite <strong>reducir notablemente el ruido y la dispersi\u00f3n de polvo<\/strong> en el ambiente y <strong>aumentar el nivel de seguridad<\/strong> mejorando las condiciones de trabajo de los operadores.<\/p>\n","protected":false},"featured_media":4751,"template":"","meta":{"_et_pb_use_builder":"on","_et_pb_old_content":"<strong>La m\u00e1quina bobinadora horizontal<\/strong> se utiliza para producir <strong>bobinas compactas de alambre de acero liso, acanalado o dentado<\/strong>, para su uso en productos como mallas soldadas de refuerzo, estribos, jaulas y vigas de celos\u00eda para la construcci\u00f3n civil e industrial, cimentaciones e industria de prefabricados.\n\n<strong>La m\u00e1quina bobinadora autom\u00e1tica horizontal<\/strong> es nuestra soluci\u00f3n b\u00e1sica para las m\u00e1quinas de laminaci\u00f3n en fr\u00edo y estirado que puede trabajar con bobinas <a href=\"https:\/\/www.promostar.it\/prodotto\/electrical-mechanical-revamping-and-refurbishment\/\"><strong><u>fijas<\/u><\/strong><\/a> o <a href=\"https:\/\/www.promostar.it\/prodotto\/collapsible-spools-take-a-part-reels\/\"><strong><u>plegables<\/u><\/strong><\/a> de diferentes dimensiones y capacidad de peso.\n\nEn esta bobinadora el eje de la bobina est\u00e1 orientado horizontalmente y todas las operaciones (excepto el bobinado) son realizadas manualmente por el operador (carga y descarga de la bobina, corte e inserci\u00f3n del alambre).\n\nEl producto <strong>final puede alimentar cualquier tipo de m\u00e1quina de malla de refuerzo soldada o equipo de corte y doblado<\/strong>.\n\nLa m\u00e1quina tiene una <strong>disposici\u00f3n ergon\u00f3mica y compacta<\/strong> con todos los componentes principales instalados dentro del cuerpo compacto. Esta caracter\u00edstica permite <strong>reducir notablemente el ruido y la dispersi\u00f3n de polvo<\/strong> en el ambiente y <strong>aumentar el nivel de seguridad<\/strong> mejorando las condiciones de trabajo de los operadores.\n\nOtra ventaja para los operadores es la rapidez del cambio de bobina o los procedimientos de mantenimiento, ya que todos los componentes principales, como los sistemas el\u00e9ctricos, hidr\u00e1ulicos y de otro tipo, est\u00e1n convenientemente dispuestos dentro del mismo cuerpo para simplificar cualquier operaci\u00f3n en la m\u00e1quina.\n\nLa bobinadora est\u00e1 formada por una robusta estructura de acero dise\u00f1ada y fabricada para soportar las grandes cargas din\u00e1micas que se desarrollan durante el enrollado de las bobinas. Un hombro soporta el pasador central fijo y los elementos de transmisi\u00f3n de potencia. Los elementos de transmisi\u00f3n incluyen una polea con sus correspondientes correas para la conexi\u00f3n con el motor de CA y un <strong>freno de doble disco hidr\u00e1ulico<\/strong> para las paradas normales\/de emergencia.\n\nEl pasador central m\u00f3vil, accionado por cilindro hidr\u00e1ulico, se coloca en el hombro opuesto y, junto con el pasador central fijo, mantiene en posici\u00f3n a la bobina.\n\nEl dispositivo de guiado del alambre funciona mediante un motor el\u00e9ctrico y permite regular la separaci\u00f3n de la espiral de alambre.\n\nEl pasador central m\u00f3vil se acciona hidr\u00e1ulicamente mientras que una plataforma m\u00f3vil, facilita todos los movimientos del carrete dentro del bobinador.\n\nLa forma y los detalles de ingenier\u00eda de nuestras l\u00edneas permiten producir <strong>bobinas de alta calidad embaladas en carretes <a href=\"https:\/\/www.promostar.it\/prodotto\/electrical-mechanical-revamping-and-refurbishment\/\"><u>fijos<\/u><\/a> o <a href=\"https:\/\/www.promostar.it\/prodotto\/collapsible-spools-take-a-part-reels\/\"><u>desmontables<\/u><\/a><\/strong> con un peso ajustable de hasta 3 toneladas. Normalmente, las bobinas producidas se utilizan para mallas de refuerzo, estribos, jaulas y vigas de celos\u00eda para la construcci\u00f3n civil e industrial, cimentaciones e industria de prefabricados.\n\nNuestra m\u00e1quina bobinadora de alambre forma parte normalmente de nuestras l\u00edneas de laminaci\u00f3n en fr\u00edo, estirado y trefilado, pero tambi\u00e9n puede integrarse en cualquier tipo de l\u00ednea existente.","_et_gb_content_width":""},"product_cat":[178],"product_tag":[],"yoast_head":"<!-- This site is optimized with the Yoast SEO plugin v20.5 - https:\/\/yoast.com\/wordpress\/plugins\/seo\/ -->\n<title>M\u00e1quinas Bobinadoras Horizontales | Promostar<\/title>\n<meta name=\"description\" content=\"La m\u00e1quina bobinadora horizontal se utiliza para producir bobinas compactas de alambre de acero liso, acanalado o dentado, para su uso en productos\" \/>\n<meta name=\"robots\" content=\"index, follow, max-snippet:-1, max-image-preview:large, max-video-preview:-1\" \/>\n<link rel=\"canonical\" href=\"https:\/\/www.promostar.it\/es\/prodotto\/maquinas-bobinadoras-horizontales\/\" \/>\n<meta property=\"og:locale\" content=\"es_ES\" \/>\n<meta property=\"og:type\" content=\"article\" \/>\n<meta property=\"og:title\" content=\"M\u00e1quinas Bobinadoras Horizontales | Promostar\" \/>\n<meta property=\"og:description\" content=\"La m\u00e1quina bobinadora horizontal se utiliza para producir bobinas compactas de alambre de acero liso, acanalado o dentado, para su uso en productos\" \/>\n<meta property=\"og:url\" content=\"https:\/\/www.promostar.it\/es\/prodotto\/maquinas-bobinadoras-horizontales\/\" \/>\n<meta property=\"og:site_name\" content=\"PromoStar S.r.l.\" \/>\n<meta property=\"article:modified_time\" content=\"2023-04-28T10:33:52+00:00\" \/>\n<meta property=\"og:image\" content=\"https:\/\/www.promostar.it\/wp-content\/uploads\/2022\/04\/Copertine_Horizontal-Spooler-1.jpg\" \/>\n\t<meta property=\"og:image:width\" content=\"465\" \/>\n\t<meta property=\"og:image:height\" content=\"465\" \/>\n\t<meta property=\"og:image:type\" content=\"image\/jpeg\" \/>\n<meta name=\"twitter:card\" content=\"summary_large_image\" \/>\n<script type=\"application\/ld+json\" class=\"yoast-schema-graph\">{\"@context\":\"https:\/\/schema.org\",\"@graph\":[{\"@type\":\"WebPage\",\"@id\":\"https:\/\/www.promostar.it\/es\/prodotto\/maquinas-bobinadoras-horizontales\/\",\"url\":\"https:\/\/www.promostar.it\/es\/prodotto\/maquinas-bobinadoras-horizontales\/\",\"name\":\"M\u00e1quinas Bobinadoras Horizontales | Promostar\",\"isPartOf\":{\"@id\":\"https:\/\/www.promostar.it\/es\/#website\"},\"datePublished\":\"2022-04-05T13:05:00+00:00\",\"dateModified\":\"2023-04-28T10:33:52+00:00\",\"description\":\"La m\u00e1quina bobinadora horizontal se utiliza para producir bobinas compactas de alambre de acero liso, acanalado o dentado, para su uso en productos\",\"breadcrumb\":{\"@id\":\"https:\/\/www.promostar.it\/es\/prodotto\/maquinas-bobinadoras-horizontales\/#breadcrumb\"},\"inLanguage\":\"es\",\"potentialAction\":[{\"@type\":\"ReadAction\",\"target\":[\"https:\/\/www.promostar.it\/es\/prodotto\/maquinas-bobinadoras-horizontales\/\"]}]},{\"@type\":\"BreadcrumbList\",\"@id\":\"https:\/\/www.promostar.it\/es\/prodotto\/maquinas-bobinadoras-horizontales\/#breadcrumb\",\"itemListElement\":[{\"@type\":\"ListItem\",\"position\":1,\"name\":\"Home\",\"item\":\"https:\/\/www.promostar.it\/es\/home-2\/\"},{\"@type\":\"ListItem\",\"position\":2,\"name\":\"Productos\",\"item\":\"https:\/\/www.promostar.it\/es\/shop\/\"},{\"@type\":\"ListItem\",\"position\":3,\"name\":\"M\u00e1quinas Bobinadoras Horizontales\"}]},{\"@type\":\"WebSite\",\"@id\":\"https:\/\/www.promostar.it\/es\/#website\",\"url\":\"https:\/\/www.promostar.it\/es\/\",\"name\":\"PromoStar S.r.l.\",\"description\":\"Promostar \u00e8 l\u2019azienda leader e la prima ad introdurre il processo di stiratura\",\"publisher\":{\"@id\":\"https:\/\/www.promostar.it\/es\/#organization\"},\"potentialAction\":[{\"@type\":\"SearchAction\",\"target\":{\"@type\":\"EntryPoint\",\"urlTemplate\":\"https:\/\/www.promostar.it\/es\/?s={search_term_string}\"},\"query-input\":\"required name=search_term_string\"}],\"inLanguage\":\"es\"},{\"@type\":\"Organization\",\"@id\":\"https:\/\/www.promostar.it\/es\/#organization\",\"name\":\"Promostar\",\"url\":\"https:\/\/www.promostar.it\/es\/\",\"logo\":{\"@type\":\"ImageObject\",\"inLanguage\":\"es\",\"@id\":\"https:\/\/www.promostar.it\/es\/#\/schema\/logo\/image\/\",\"url\":\"https:\/\/www.promostar.it\/wp-content\/uploads\/2020\/10\/promostar-logo.png\",\"contentUrl\":\"https:\/\/www.promostar.it\/wp-content\/uploads\/2020\/10\/promostar-logo.png\",\"width\":210,\"height\":69,\"caption\":\"Promostar\"},\"image\":{\"@id\":\"https:\/\/www.promostar.it\/es\/#\/schema\/logo\/image\/\"}}]}<\/script>\n<!-- \/ Yoast SEO plugin. -->","yoast_head_json":{"title":"M\u00e1quinas Bobinadoras Horizontales | Promostar","description":"La m\u00e1quina bobinadora horizontal se utiliza para producir bobinas compactas de alambre de acero liso, acanalado o dentado, para su uso en productos","robots":{"index":"index","follow":"follow","max-snippet":"max-snippet:-1","max-image-preview":"max-image-preview:large","max-video-preview":"max-video-preview:-1"},"canonical":"https:\/\/www.promostar.it\/es\/prodotto\/maquinas-bobinadoras-horizontales\/","og_locale":"es_ES","og_type":"article","og_title":"M\u00e1quinas Bobinadoras Horizontales | Promostar","og_description":"La m\u00e1quina bobinadora horizontal se utiliza para producir bobinas compactas de alambre de acero liso, acanalado o dentado, para su uso en productos","og_url":"https:\/\/www.promostar.it\/es\/prodotto\/maquinas-bobinadoras-horizontales\/","og_site_name":"PromoStar S.r.l.","article_modified_time":"2023-04-28T10:33:52+00:00","og_image":[{"width":465,"height":465,"url":"https:\/\/www.promostar.it\/wp-content\/uploads\/2022\/04\/Copertine_Horizontal-Spooler-1.jpg","type":"image\/jpeg"}],"twitter_card":"summary_large_image","schema":{"@context":"https:\/\/schema.org","@graph":[{"@type":"WebPage","@id":"https:\/\/www.promostar.it\/es\/prodotto\/maquinas-bobinadoras-horizontales\/","url":"https:\/\/www.promostar.it\/es\/prodotto\/maquinas-bobinadoras-horizontales\/","name":"M\u00e1quinas Bobinadoras Horizontales | Promostar","isPartOf":{"@id":"https:\/\/www.promostar.it\/es\/#website"},"datePublished":"2022-04-05T13:05:00+00:00","dateModified":"2023-04-28T10:33:52+00:00","description":"La m\u00e1quina bobinadora horizontal se utiliza para producir bobinas compactas de alambre de acero liso, acanalado o dentado, para su uso en productos","breadcrumb":{"@id":"https:\/\/www.promostar.it\/es\/prodotto\/maquinas-bobinadoras-horizontales\/#breadcrumb"},"inLanguage":"es","potentialAction":[{"@type":"ReadAction","target":["https:\/\/www.promostar.it\/es\/prodotto\/maquinas-bobinadoras-horizontales\/"]}]},{"@type":"BreadcrumbList","@id":"https:\/\/www.promostar.it\/es\/prodotto\/maquinas-bobinadoras-horizontales\/#breadcrumb","itemListElement":[{"@type":"ListItem","position":1,"name":"Home","item":"https:\/\/www.promostar.it\/es\/home-2\/"},{"@type":"ListItem","position":2,"name":"Productos","item":"https:\/\/www.promostar.it\/es\/shop\/"},{"@type":"ListItem","position":3,"name":"M\u00e1quinas Bobinadoras Horizontales"}]},{"@type":"WebSite","@id":"https:\/\/www.promostar.it\/es\/#website","url":"https:\/\/www.promostar.it\/es\/","name":"PromoStar S.r.l.","description":"Promostar \u00e8 l\u2019azienda leader e la prima ad introdurre il processo di stiratura","publisher":{"@id":"https:\/\/www.promostar.it\/es\/#organization"},"potentialAction":[{"@type":"SearchAction","target":{"@type":"EntryPoint","urlTemplate":"https:\/\/www.promostar.it\/es\/?s={search_term_string}"},"query-input":"required name=search_term_string"}],"inLanguage":"es"},{"@type":"Organization","@id":"https:\/\/www.promostar.it\/es\/#organization","name":"Promostar","url":"https:\/\/www.promostar.it\/es\/","logo":{"@type":"ImageObject","inLanguage":"es","@id":"https:\/\/www.promostar.it\/es\/#\/schema\/logo\/image\/","url":"https:\/\/www.promostar.it\/wp-content\/uploads\/2020\/10\/promostar-logo.png","contentUrl":"https:\/\/www.promostar.it\/wp-content\/uploads\/2020\/10\/promostar-logo.png","width":210,"height":69,"caption":"Promostar"},"image":{"@id":"https:\/\/www.promostar.it\/es\/#\/schema\/logo\/image\/"}}]}},"_links":{"self":[{"href":"https:\/\/www.promostar.it\/es\/wp-json\/wp\/v3\/product\/5731"}],"collection":[{"href":"https:\/\/www.promostar.it\/es\/wp-json\/wp\/v3\/product"}],"about":[{"href":"https:\/\/www.promostar.it\/es\/wp-json\/wp\/v2\/types\/product"}],"wp:featuredmedia":[{"embeddable":true,"href":"https:\/\/www.promostar.it\/es\/wp-json\/wp\/v2\/media\/4751"}],"wp:attachment":[{"href":"https:\/\/www.promostar.it\/es\/wp-json\/wp\/v2\/media?parent=5731"}],"wp:term":[{"taxonomy":"product_cat","embeddable":true,"href":"https:\/\/www.promostar.it\/es\/wp-json\/wp\/v2\/product_cat?post=5731"},{"taxonomy":"product_tag","embeddable":true,"href":"https:\/\/www.promostar.it\/es\/wp-json\/wp\/v2\/product_tag?post=5731"}],"curies":[{"name":"wp","href":"https:\/\/api.w.org\/{rel}","templated":true}]}}