{"id":5730,"date":"2022-04-05T15:14:37","date_gmt":"2022-04-05T13:14:37","guid":{"rendered":"https:\/\/www.promostar.it\/prodotto\/maquinas-de-bloque-muerto-de-bobinador-estatico\/"},"modified":"2023-04-28T12:21:28","modified_gmt":"2023-04-28T10:21:28","slug":"maquinas-de-bloque-muerto-de-bobinador-estatico","status":"publish","type":"product","link":"https:\/\/www.promostar.it\/es\/prodotto\/maquinas-de-bloque-muerto-de-bobinador-estatico\/","title":{"rendered":"M\u00e1quinas de Bloque Muerto de Bobinador Est\u00e1tico"},"content":{"rendered":"<p>[et_pb_section fb_built=\u00bb1&#8243; _builder_version=\u00bb4.17.0&#8243; _module_preset=\u00bbdefault\u00bb global_colors_info=\u00bb{}\u00bb][\/et_pb_section]<\/p>\n","protected":false},"excerpt":{"rendered":"<p><strong>Las m\u00e1quinas de bloque muerto de bobinador est\u00e1tico<\/strong> se utilizan para producir <strong>rollos de alambre de acero<\/strong> para su uso en el sector industrial o agr\u00edcola para la producci\u00f3n de alambre liso, alambre galvanizado, alambre brillante, alambre de p\u00faas, alambre de partici\u00f3n, alambre de barrera, alambre para cercas, alambre para muelles, clavos y alambre de atar.<\/p>\n<p><strong>Las m\u00e1quinas de bloque muerto de bobinador est\u00e1tico<\/strong> fabricadas por Promostar son unidades individuales capaces de bobinar el alambre de acero despu\u00e9s del proceso de trefilado o laminaci\u00f3n en fr\u00edo en carretes de <a href=\"https:\/\/www.promostar.it\/prodotto\/spider-reels-wire-carrier\/\"><u>ara\u00f1a fijos<\/u><\/a> o giratorios de diferente capacidad de peso.<\/p>\n<p>La <strong>bobinadora est\u00e1tica de bloque muerto<\/strong> es nuestra m\u00e1quina espec\u00edfica para el trefilado en fr\u00edo de l\u00edneas de alambre.<\/p>\n<p>Se compone de una robusta estructura de acero soldado con <strong>cabezal formador horizontal<\/strong> dise\u00f1ado para recoger el alambre trefilado en <strong>v\u00e1stagos verticales (<\/strong><a href=\"https:\/\/www.promostar.it\/prodotto\/spider-reels-wire-carrier\/\"><strong><u>carretes de ara\u00f1a<\/u><\/strong><\/a><strong>).<\/strong> La estructura, totalmente cerrada por motivos de ruido y seguridad, est\u00e1 dise\u00f1ada para contener toda la transmisi\u00f3n mec\u00e1nica, as\u00ed como el motor principal.<\/p>\n<p>El <strong>cabezal formador<\/strong> est\u00e1 compuesto por un <strong>cabrestante doble<\/strong> montado sobre cojinetes colocados en un eje hueco.<\/p>\n","protected":false},"featured_media":4808,"template":"","meta":{"_et_pb_use_builder":"on","_et_pb_old_content":"<strong>Las m\u00e1quinas de bloque muerto de bobinador est\u00e1tico<\/strong> se utilizan para producir <strong>rollos de alambre de acero<\/strong> para su uso en el sector industrial o agr\u00edcola para la producci\u00f3n de alambre liso, alambre galvanizado, alambre brillante, alambre de p\u00faas, alambre de partici\u00f3n, alambre de barrera, alambre para cercas, alambre para muelles, clavos y alambre de atar.\n\n<strong>Las m\u00e1quinas de bloque muerto de bobinador est\u00e1tico<\/strong> fabricadas por Promostar son unidades individuales capaces de bobinar el alambre de acero despu\u00e9s del proceso de trefilado o laminaci\u00f3n en fr\u00edo en carretes de <a href=\"https:\/\/www.promostar.it\/prodotto\/spider-reels-wire-carrier\/\"><u>ara\u00f1a fijos<\/u><\/a> o giratorios de diferente capacidad de peso.\n\nLa <strong>bobinadora est\u00e1tica de bloque muerto<\/strong> es nuestra m\u00e1quina espec\u00edfica para el trefilado en fr\u00edo de l\u00edneas de alambre.\n\nSe compone de una robusta estructura de acero soldado con <strong>cabezal formador horizontal<\/strong> dise\u00f1ado para recoger el alambre trefilado en <strong>v\u00e1stagos verticales (<\/strong><a href=\"https:\/\/www.promostar.it\/prodotto\/spider-reels-wire-carrier\/\"><strong><u>carretes de ara\u00f1a<\/u><\/strong><\/a><strong>).<\/strong> La estructura, totalmente cerrada por motivos de ruido y seguridad, est\u00e1 dise\u00f1ada para contener toda la transmisi\u00f3n mec\u00e1nica, as\u00ed como el motor principal.\n\nEl <strong>cabezal formador<\/strong> est\u00e1 compuesto por un <strong>cabrestante doble<\/strong> montado sobre cojinetes colocados en un eje hueco.\n\n\u00a0\n\nEl enrollado del alambre en el cabezal formador se obtiene mediante un <strong>brazo giratorio<\/strong> que se fija en el eje hueco del cabezal formador por el que pasa el alambre. En este dispositivo giratorio, que gira alrededor de la circunferencia, est\u00e1 montada una unidad de <strong>enderezamiento del alambre<\/strong> que tiene rodillos en dos planos ortogonales (vertical y horizontal) y tres rodillos de desviaci\u00f3n del alambre.\n\nLa velocidad del brazo var\u00eda continuamente en funci\u00f3n de la velocidad del alambre a su salida de la l\u00ednea multi-paso.\n\nLa transmisi\u00f3n del motor principal (C.A.) al brazo giratorio se obtiene mediante correas en V y poleas equilibradas. En el eje del cabezal formador tambi\u00e9n est\u00e1 colocado un freno de disco electro neum\u00e1tico. El frenado, tanto en caso de emergencia como en condiciones normales de desaceleraci\u00f3n, se obtiene mediante un frenado controlado de tipo regenerativo.\n\nAdem\u00e1s, todas las piezas en contacto con el alambre tienen una superficie de trabajo endurecida, mientras que el cabezal formador, en el que se recoge el alambre, est\u00e1 refrigerado por agua mediante un sistema de refrigeraci\u00f3n.\n\nUna gu\u00eda de alambre tubular alargada, atornillada al cabezal formador, permite el movimiento del alambre hacia el v\u00e1stago. Un dispositivo de elevaci\u00f3n, controlado por un cilindro neum\u00e1tico, permite elevar esta gu\u00eda para facilitar el cambio del v\u00e1stago de recogida del alambre ( carretes de ara\u00f1a) cuando \u00e9ste est\u00e1 lleno. Esta gu\u00eda tambi\u00e9n act\u00faa como zona de acumulaci\u00f3n de alambre para retenerlo cuando se retira el v\u00e1stago (carrete de ara\u00f1a) lleno y se coloca uno vac\u00edo en la posici\u00f3n de la unidad de recogida de alambre.\n\nSobre el bloque muerto se instala un p\u00falpito de control con todos los comandos y luces de advertencia necesarios para el correcto funcionamiento de la bobinadora igual que en las l\u00edneas multi-paso.\n\nPuede configurarse con diferentes dispositivos a petici\u00f3n de los clientes, como un paso de reducci\u00f3n adicional (tambi\u00e9n llamado skin-pass), una plataforma de ara\u00f1a giratoria o una plataforma de ara\u00f1a de m\u00faltiples posiciones.\n\nNuestras bobinadoras est\u00e1ticas de bloque muerto forman parte de nuestras l\u00edneas de trefilado en fr\u00edo, pero tambi\u00e9n pueden integrarse en cualquier tipo de l\u00ednea existente.","_et_gb_content_width":""},"product_cat":[178],"product_tag":[],"yoast_head":"<!-- This site is optimized with the Yoast SEO plugin v20.5 - https:\/\/yoast.com\/wordpress\/plugins\/seo\/ -->\n<title>M\u00e1quinas de Bloque Muerto de Bobinador Est\u00e1tico | Promostar<\/title>\n<meta name=\"description\" content=\"Las m\u00e1quinas de bloque muerto de bobinador est\u00e1tico se utilizan para producir rollos de alambre de acero para su uso en el sector industrial o agr\u00edcola\" \/>\n<meta name=\"robots\" content=\"index, follow, max-snippet:-1, max-image-preview:large, max-video-preview:-1\" \/>\n<link rel=\"canonical\" href=\"https:\/\/www.promostar.it\/es\/prodotto\/maquinas-de-bloque-muerto-de-bobinador-estatico\/\" \/>\n<meta property=\"og:locale\" content=\"es_ES\" \/>\n<meta property=\"og:type\" content=\"article\" \/>\n<meta property=\"og:title\" content=\"M\u00e1quinas de Bloque Muerto de Bobinador Est\u00e1tico | Promostar\" \/>\n<meta property=\"og:description\" content=\"Las m\u00e1quinas de bloque muerto de bobinador est\u00e1tico se utilizan para producir rollos de alambre de acero para su uso en el sector industrial o agr\u00edcola\" \/>\n<meta property=\"og:url\" content=\"https:\/\/www.promostar.it\/es\/prodotto\/maquinas-de-bloque-muerto-de-bobinador-estatico\/\" \/>\n<meta property=\"og:site_name\" content=\"PromoStar S.r.l.\" \/>\n<meta property=\"article:modified_time\" content=\"2023-04-28T10:21:28+00:00\" \/>\n<meta property=\"og:image\" content=\"https:\/\/www.promostar.it\/wp-content\/uploads\/2022\/04\/Copertina-Static-Coiler-1.jpg\" \/>\n\t<meta property=\"og:image:width\" content=\"465\" \/>\n\t<meta property=\"og:image:height\" content=\"465\" \/>\n\t<meta property=\"og:image:type\" content=\"image\/jpeg\" \/>\n<meta name=\"twitter:card\" content=\"summary_large_image\" \/>\n<script type=\"application\/ld+json\" class=\"yoast-schema-graph\">{\"@context\":\"https:\/\/schema.org\",\"@graph\":[{\"@type\":\"WebPage\",\"@id\":\"https:\/\/www.promostar.it\/es\/prodotto\/maquinas-de-bloque-muerto-de-bobinador-estatico\/\",\"url\":\"https:\/\/www.promostar.it\/es\/prodotto\/maquinas-de-bloque-muerto-de-bobinador-estatico\/\",\"name\":\"M\u00e1quinas de Bloque Muerto de Bobinador Est\u00e1tico | Promostar\",\"isPartOf\":{\"@id\":\"https:\/\/www.promostar.it\/es\/#website\"},\"datePublished\":\"2022-04-05T13:14:37+00:00\",\"dateModified\":\"2023-04-28T10:21:28+00:00\",\"description\":\"Las m\u00e1quinas de bloque muerto de bobinador est\u00e1tico se utilizan para producir rollos de alambre de acero para su uso en el sector industrial o agr\u00edcola\",\"breadcrumb\":{\"@id\":\"https:\/\/www.promostar.it\/es\/prodotto\/maquinas-de-bloque-muerto-de-bobinador-estatico\/#breadcrumb\"},\"inLanguage\":\"es\",\"potentialAction\":[{\"@type\":\"ReadAction\",\"target\":[\"https:\/\/www.promostar.it\/es\/prodotto\/maquinas-de-bloque-muerto-de-bobinador-estatico\/\"]}]},{\"@type\":\"BreadcrumbList\",\"@id\":\"https:\/\/www.promostar.it\/es\/prodotto\/maquinas-de-bloque-muerto-de-bobinador-estatico\/#breadcrumb\",\"itemListElement\":[{\"@type\":\"ListItem\",\"position\":1,\"name\":\"Home\",\"item\":\"https:\/\/www.promostar.it\/es\/home-2\/\"},{\"@type\":\"ListItem\",\"position\":2,\"name\":\"Productos\",\"item\":\"https:\/\/www.promostar.it\/es\/shop\/\"},{\"@type\":\"ListItem\",\"position\":3,\"name\":\"M\u00e1quinas de Bloque Muerto de Bobinador Est\u00e1tico\"}]},{\"@type\":\"WebSite\",\"@id\":\"https:\/\/www.promostar.it\/es\/#website\",\"url\":\"https:\/\/www.promostar.it\/es\/\",\"name\":\"PromoStar S.r.l.\",\"description\":\"Promostar \u00e8 l\u2019azienda leader e la prima ad introdurre il processo di stiratura\",\"publisher\":{\"@id\":\"https:\/\/www.promostar.it\/es\/#organization\"},\"potentialAction\":[{\"@type\":\"SearchAction\",\"target\":{\"@type\":\"EntryPoint\",\"urlTemplate\":\"https:\/\/www.promostar.it\/es\/?s={search_term_string}\"},\"query-input\":\"required name=search_term_string\"}],\"inLanguage\":\"es\"},{\"@type\":\"Organization\",\"@id\":\"https:\/\/www.promostar.it\/es\/#organization\",\"name\":\"Promostar\",\"url\":\"https:\/\/www.promostar.it\/es\/\",\"logo\":{\"@type\":\"ImageObject\",\"inLanguage\":\"es\",\"@id\":\"https:\/\/www.promostar.it\/es\/#\/schema\/logo\/image\/\",\"url\":\"https:\/\/www.promostar.it\/wp-content\/uploads\/2020\/10\/promostar-logo.png\",\"contentUrl\":\"https:\/\/www.promostar.it\/wp-content\/uploads\/2020\/10\/promostar-logo.png\",\"width\":210,\"height\":69,\"caption\":\"Promostar\"},\"image\":{\"@id\":\"https:\/\/www.promostar.it\/es\/#\/schema\/logo\/image\/\"}}]}<\/script>\n<!-- \/ Yoast SEO plugin. -->","yoast_head_json":{"title":"M\u00e1quinas de Bloque Muerto de Bobinador Est\u00e1tico | Promostar","description":"Las m\u00e1quinas de bloque muerto de bobinador est\u00e1tico se utilizan para producir rollos de alambre de acero para su uso en el sector industrial o agr\u00edcola","robots":{"index":"index","follow":"follow","max-snippet":"max-snippet:-1","max-image-preview":"max-image-preview:large","max-video-preview":"max-video-preview:-1"},"canonical":"https:\/\/www.promostar.it\/es\/prodotto\/maquinas-de-bloque-muerto-de-bobinador-estatico\/","og_locale":"es_ES","og_type":"article","og_title":"M\u00e1quinas de Bloque Muerto de Bobinador Est\u00e1tico | Promostar","og_description":"Las m\u00e1quinas de bloque muerto de bobinador est\u00e1tico se utilizan para producir rollos de alambre de acero para su uso en el sector industrial o agr\u00edcola","og_url":"https:\/\/www.promostar.it\/es\/prodotto\/maquinas-de-bloque-muerto-de-bobinador-estatico\/","og_site_name":"PromoStar S.r.l.","article_modified_time":"2023-04-28T10:21:28+00:00","og_image":[{"width":465,"height":465,"url":"https:\/\/www.promostar.it\/wp-content\/uploads\/2022\/04\/Copertina-Static-Coiler-1.jpg","type":"image\/jpeg"}],"twitter_card":"summary_large_image","schema":{"@context":"https:\/\/schema.org","@graph":[{"@type":"WebPage","@id":"https:\/\/www.promostar.it\/es\/prodotto\/maquinas-de-bloque-muerto-de-bobinador-estatico\/","url":"https:\/\/www.promostar.it\/es\/prodotto\/maquinas-de-bloque-muerto-de-bobinador-estatico\/","name":"M\u00e1quinas de Bloque Muerto de Bobinador Est\u00e1tico | Promostar","isPartOf":{"@id":"https:\/\/www.promostar.it\/es\/#website"},"datePublished":"2022-04-05T13:14:37+00:00","dateModified":"2023-04-28T10:21:28+00:00","description":"Las m\u00e1quinas de bloque muerto de bobinador est\u00e1tico se utilizan para producir rollos de alambre de acero para su uso en el sector industrial o agr\u00edcola","breadcrumb":{"@id":"https:\/\/www.promostar.it\/es\/prodotto\/maquinas-de-bloque-muerto-de-bobinador-estatico\/#breadcrumb"},"inLanguage":"es","potentialAction":[{"@type":"ReadAction","target":["https:\/\/www.promostar.it\/es\/prodotto\/maquinas-de-bloque-muerto-de-bobinador-estatico\/"]}]},{"@type":"BreadcrumbList","@id":"https:\/\/www.promostar.it\/es\/prodotto\/maquinas-de-bloque-muerto-de-bobinador-estatico\/#breadcrumb","itemListElement":[{"@type":"ListItem","position":1,"name":"Home","item":"https:\/\/www.promostar.it\/es\/home-2\/"},{"@type":"ListItem","position":2,"name":"Productos","item":"https:\/\/www.promostar.it\/es\/shop\/"},{"@type":"ListItem","position":3,"name":"M\u00e1quinas de Bloque Muerto de Bobinador Est\u00e1tico"}]},{"@type":"WebSite","@id":"https:\/\/www.promostar.it\/es\/#website","url":"https:\/\/www.promostar.it\/es\/","name":"PromoStar S.r.l.","description":"Promostar \u00e8 l\u2019azienda leader e la prima ad introdurre il processo di stiratura","publisher":{"@id":"https:\/\/www.promostar.it\/es\/#organization"},"potentialAction":[{"@type":"SearchAction","target":{"@type":"EntryPoint","urlTemplate":"https:\/\/www.promostar.it\/es\/?s={search_term_string}"},"query-input":"required name=search_term_string"}],"inLanguage":"es"},{"@type":"Organization","@id":"https:\/\/www.promostar.it\/es\/#organization","name":"Promostar","url":"https:\/\/www.promostar.it\/es\/","logo":{"@type":"ImageObject","inLanguage":"es","@id":"https:\/\/www.promostar.it\/es\/#\/schema\/logo\/image\/","url":"https:\/\/www.promostar.it\/wp-content\/uploads\/2020\/10\/promostar-logo.png","contentUrl":"https:\/\/www.promostar.it\/wp-content\/uploads\/2020\/10\/promostar-logo.png","width":210,"height":69,"caption":"Promostar"},"image":{"@id":"https:\/\/www.promostar.it\/es\/#\/schema\/logo\/image\/"}}]}},"_links":{"self":[{"href":"https:\/\/www.promostar.it\/es\/wp-json\/wp\/v3\/product\/5730"}],"collection":[{"href":"https:\/\/www.promostar.it\/es\/wp-json\/wp\/v3\/product"}],"about":[{"href":"https:\/\/www.promostar.it\/es\/wp-json\/wp\/v2\/types\/product"}],"wp:featuredmedia":[{"embeddable":true,"href":"https:\/\/www.promostar.it\/es\/wp-json\/wp\/v2\/media\/4808"}],"wp:attachment":[{"href":"https:\/\/www.promostar.it\/es\/wp-json\/wp\/v2\/media?parent=5730"}],"wp:term":[{"taxonomy":"product_cat","embeddable":true,"href":"https:\/\/www.promostar.it\/es\/wp-json\/wp\/v2\/product_cat?post=5730"},{"taxonomy":"product_tag","embeddable":true,"href":"https:\/\/www.promostar.it\/es\/wp-json\/wp\/v2\/product_tag?post=5730"}],"curies":[{"name":"wp","href":"https:\/\/api.w.org\/{rel}","templated":true}]}}