{"id":5729,"date":"2022-04-05T15:33:06","date_gmt":"2022-04-05T13:33:06","guid":{"rendered":"https:\/\/www.promostar.it\/prodotto\/maquinas-bobinadoras-automaticas-verticales\/"},"modified":"2025-03-27T14:29:25","modified_gmt":"2025-03-27T13:29:25","slug":"maquinas-bobinadoras-automaticas-verticales","status":"publish","type":"product","link":"https:\/\/www.promostar.it\/es\/prodotto\/maquinas-bobinadoras-automaticas-verticales\/","title":{"rendered":"M\u00e1quinas Bobinadoras Autom\u00e1ticas Verticales"},"content":{"rendered":"<p>[et_pb_section fb_built=\u00bb1&#8243; _builder_version=\u00bb4.17.0&#8243; _module_preset=\u00bbdefault\u00bb global_colors_info=\u00bb{}\u00bb][\/et_pb_section]<\/p>\n","protected":false},"excerpt":{"rendered":"<p><strong>La m\u00e1quina bobinadora autom\u00e1tica vertical<\/strong> se utiliza para producir <strong>bobinas compactas de alambre de acero liso, acanalado o dentado<\/strong>, para su uso en productos como mallas soldadas de refuerzo, estribos, jaulas y vigas de celos\u00eda para la construcci\u00f3n civil e industrial, cimentaciones e industria de prefabricados.<\/p>\n<p><strong>La m\u00e1quina bobinadora autom\u00e1tica vertical<\/strong> es nuestra soluci\u00f3n de alto nivel para las m\u00e1quinas de laminaci\u00f3n en fr\u00edo y estirado que puede trabajar con bobinas <a href=\"https:\/\/www.promostar.it\/prodotto\/electrical-mechanical-revamping-and-refurbishment\/\"><u>fijas<\/u><\/a> o <a href=\"https:\/\/www.promostar.it\/prodotto\/collapsible-spools-take-a-part-reels\/\"><u>plegables<\/u><\/a> de diferentes dimensiones y capacidad de peso.<\/p>\n<p>En este bobinador el eje de la bobina est\u00e1 orientado verticalmente, y <strong>todas las operaciones se realizan de forma totalmente autom\u00e1tica por la m\u00e1quina<\/strong> sin la intervenci\u00f3n del operador (carga y descarga de la bobina, bobinado, corte de alambre, toma de muestras de alambre e inserci\u00f3n de alambre).<\/p>\n<p>El producto <strong>final puede alimentar cualquier tipo de m\u00e1quina de malla de refuerzo soldada o equipo de corte y doblado<\/strong>.<\/p>\n<p>La m\u00e1quina tiene una <strong>disposici\u00f3n ergon\u00f3mica y compacta<\/strong> con todos los componentes principales instalados dentro del cuerpo compacto. Esta caracter\u00edstica, junto con el uso de transmisi\u00f3n por correas de perfil en V, permite una notable <strong>reducci\u00f3n del ruido y de la dispersi\u00f3n de polvo<\/strong> en el ambiente y <strong>aumenta el nivel de seguridad<\/strong> garantizando la m\u00e1xima ergonom\u00eda para el operador.<\/p>\n","protected":false},"featured_media":4745,"template":"","meta":{"_et_pb_use_builder":"on","_et_pb_old_content":"<strong>La m\u00e1quina bobinadora autom\u00e1tica vertical<\/strong> se utiliza para producir <strong>bobinas compactas de alambre de acero liso, acanalado o dentado<\/strong>, para su uso en productos como mallas soldadas de refuerzo, estribos, jaulas y vigas de celos\u00eda para la construcci\u00f3n civil e industrial, cimentaciones e industria de prefabricados.\r\n\r\n<strong>La m\u00e1quina bobinadora autom\u00e1tica vertical<\/strong> es nuestra soluci\u00f3n de alto nivel para las m\u00e1quinas de laminaci\u00f3n en fr\u00edo y estirado que puede trabajar con bobinas <a href=\"https:\/\/www.promostar.it\/prodotto\/electrical-mechanical-revamping-and-refurbishment\/\"><u>fijas<\/u><\/a> o <a href=\"https:\/\/www.promostar.it\/prodotto\/collapsible-spools-take-a-part-reels\/\"><u>plegables<\/u><\/a> de diferentes dimensiones y capacidad de peso.\r\n\r\nEn este bobinador el eje de la bobina est\u00e1 orientado verticalmente, y <strong>todas las operaciones se realizan de forma totalmente autom\u00e1tica por la m\u00e1quina<\/strong> sin la intervenci\u00f3n del operador (carga y descarga de la bobina, bobinado, corte de alambre, toma de muestras de alambre e inserci\u00f3n de alambre).\r\n\r\nEl producto <strong>final puede alimentar cualquier tipo de m\u00e1quina de malla de refuerzo soldada o equipo de corte y doblado<\/strong>.\r\n\r\nLa m\u00e1quina tiene una <strong>disposici\u00f3n ergon\u00f3mica y compacta<\/strong> con todos los componentes principales instalados dentro del cuerpo compacto. Esta caracter\u00edstica, junto con el uso de transmisi\u00f3n por correas de perfil en V, permite una notable <strong>reducci\u00f3n del ruido y de la dispersi\u00f3n de polvo<\/strong> en el ambiente y <strong>aumenta el nivel de seguridad<\/strong> garantizando la m\u00e1xima ergonom\u00eda para el operador.\r\n\r\nOtra ventaja para los operadores son los procedimientos de mantenimiento, ya que todos los componentes principales, como los sistemas el\u00e9ctricos, hidr\u00e1ulicos y de otro tipo, est\u00e1n convenientemente dispuestos dentro del mismo cuerpo con el espacio adecuado para simplificar cualquier operaci\u00f3n en la m\u00e1quina.\r\n\r\nLa forma y los detalles de ingenier\u00eda de nuestras l\u00edneas permiten producir <strong>bobinas de alta calidad<\/strong> embaladas en bobinas <a href=\"https:\/\/www.promostar.it\/prodotto\/electrical-mechanical-revamping-and-refurbishment\/\"><u>fijas<\/u><\/a> <strong>o<\/strong> <a href=\"https:\/\/www.promostar.it\/prodotto\/collapsible-spools-take-a-part-reels\/\"><u>desmontables<\/u><\/a> con un peso ajustable de <strong>hasta<\/strong> <strong>8 toneladas<\/strong>. Normalmente, las bobinas producidas se utilizan para mallas de refuerzo, estribos, jaulas y vigas de celos\u00eda para la construcci\u00f3n civil e industrial, cimentaciones e industria de prefabricados.\r\n\r\nPromostar ha desarrollado <strong>tres modelos diferentes<\/strong>: el SIRIO FCS para bobinas fijas, el SIRIO ICS para bobinas plegables y el SIRIO HF que puede trabajar con bobinas fijas y plegables.\r\n\r\n<a href=\"https:\/\/www.promostar.it\/prodotto\/collapsible-spools-take-a-part-reels\/\"><u>Las bobinas plegables<\/u><\/a> deben considerarse parte integrante de la bobinadora, ya que permiten la producci\u00f3n de bobinas con fleje de forma autom\u00e1tica.\r\n\r\nTodos los modelos anteriores pueden trabajar con diferentes pesos de bobina en funci\u00f3n de las necesidades del cliente. En la planta totalmente autom\u00e1tica, este tipo de bobinadora se acopla con nuestro <strong>manipulador a\u00e9reo<\/strong> que trabajando en colaboraci\u00f3n con la bobinadora realiza la carga de la bobina vac\u00eda y la descarga de las bobinas llenas y el desmontaje en caso de bobinas plegables.\r\n\r\nOtros dispositivos como <a href=\"https:\/\/www.promostar.it\/prodotto\/chain-and-roll-conveyors\/\"><u>transportadores de rodillos o cadenas<\/u><\/a>, <span style=\"text-decoration: underline\"><a href=\"https:\/\/www.promostar.it\/prodotto\/automatic-strapping-labelling-and-weighing-system-for-coils\/\">unidades autom\u00e1ticas de flejado<\/a><\/span> o <a href=\"https:\/\/www.promostar.it\/prodotto\/automatic-strapping-labelling-and-weighing-system-for-coils\/\"><u>sistemas de etiquetado y pesaje<\/u><\/a> pueden integrarse en nuestras l\u00edneas para que el sistema sea completamente autom\u00e1tico.\r\n\r\nAdem\u00e1s de la ventaja de no necesitar operadores, se produce un aumento considerable de la productividad. La productividad se optimiza cuando se utilizan di\u00e1metros medio-altos o con alta velocidad, casos en los que la frecuencia de cambio de bobina aumenta: el tiempo de parada debido al cambio de bobina <strong>es de s\u00f3lo 90-120 segundos<\/strong>.\r\n\r\nLa bobinadora autom\u00e1tica permite obtener una forma perfecta en las bobinas compactas finales, y en el caso de material estirado, el bobinado de la espiral <strong>capa a capa es de calidad garantizada<\/strong>.\r\n\r\nNuestra m\u00e1quina bobinadora de alambre forma parte normalmente de nuestras l\u00edneas de laminaci\u00f3n en fr\u00edo, estirado y trefilado, <u>pero tambi\u00e9n puede integrarse en cualquier tipo de l\u00ednea existente<\/u>.","_et_gb_content_width":""},"product_cat":[178],"product_tag":[],"yoast_head":"<!-- This site is optimized with the Yoast SEO plugin v20.5 - https:\/\/yoast.com\/wordpress\/plugins\/seo\/ -->\n<title>M\u00e1quinas Bobinadoras Autom\u00e1ticas Verticales | Promostar<\/title>\n<meta name=\"description\" content=\"La m\u00e1quina bobinadora autom\u00e1tica vertical se utiliza para producir bobinas compactas de alambre de acero liso, acanalado o dentado\" \/>\n<meta name=\"robots\" content=\"index, follow, max-snippet:-1, max-image-preview:large, max-video-preview:-1\" \/>\n<link rel=\"canonical\" href=\"https:\/\/www.promostar.it\/es\/prodotto\/maquinas-bobinadoras-automaticas-verticales\/\" \/>\n<meta property=\"og:locale\" content=\"es_ES\" \/>\n<meta property=\"og:type\" content=\"article\" \/>\n<meta property=\"og:title\" content=\"M\u00e1quinas Bobinadoras Autom\u00e1ticas Verticales | Promostar\" \/>\n<meta property=\"og:description\" content=\"La m\u00e1quina bobinadora autom\u00e1tica vertical se utiliza para producir bobinas compactas de alambre de acero liso, acanalado o dentado\" \/>\n<meta property=\"og:url\" content=\"https:\/\/www.promostar.it\/es\/prodotto\/maquinas-bobinadoras-automaticas-verticales\/\" \/>\n<meta property=\"og:site_name\" content=\"PromoStar S.r.l.\" \/>\n<meta property=\"article:modified_time\" content=\"2025-03-27T13:29:25+00:00\" \/>\n<meta property=\"og:image\" content=\"https:\/\/www.promostar.it\/wp-content\/uploads\/2022\/04\/Copertina_Vertical-Automatic-Spooler-1.jpg\" \/>\n\t<meta property=\"og:image:width\" content=\"1200\" \/>\n\t<meta property=\"og:image:height\" content=\"1200\" \/>\n\t<meta property=\"og:image:type\" content=\"image\/jpeg\" \/>\n<meta name=\"twitter:card\" content=\"summary_large_image\" \/>\n<meta name=\"twitter:label1\" content=\"Tiempo de lectura\" \/>\n\t<meta name=\"twitter:data1\" content=\"1 minuto\" \/>\n<script type=\"application\/ld+json\" class=\"yoast-schema-graph\">{\"@context\":\"https:\/\/schema.org\",\"@graph\":[{\"@type\":\"WebPage\",\"@id\":\"https:\/\/www.promostar.it\/es\/prodotto\/maquinas-bobinadoras-automaticas-verticales\/\",\"url\":\"https:\/\/www.promostar.it\/es\/prodotto\/maquinas-bobinadoras-automaticas-verticales\/\",\"name\":\"M\u00e1quinas Bobinadoras Autom\u00e1ticas Verticales | Promostar\",\"isPartOf\":{\"@id\":\"https:\/\/www.promostar.it\/es\/#website\"},\"datePublished\":\"2022-04-05T13:33:06+00:00\",\"dateModified\":\"2025-03-27T13:29:25+00:00\",\"description\":\"La m\u00e1quina bobinadora autom\u00e1tica vertical se utiliza para producir bobinas compactas de alambre de acero liso, acanalado o dentado\",\"breadcrumb\":{\"@id\":\"https:\/\/www.promostar.it\/es\/prodotto\/maquinas-bobinadoras-automaticas-verticales\/#breadcrumb\"},\"inLanguage\":\"es\",\"potentialAction\":[{\"@type\":\"ReadAction\",\"target\":[\"https:\/\/www.promostar.it\/es\/prodotto\/maquinas-bobinadoras-automaticas-verticales\/\"]}]},{\"@type\":\"BreadcrumbList\",\"@id\":\"https:\/\/www.promostar.it\/es\/prodotto\/maquinas-bobinadoras-automaticas-verticales\/#breadcrumb\",\"itemListElement\":[{\"@type\":\"ListItem\",\"position\":1,\"name\":\"Home\",\"item\":\"https:\/\/www.promostar.it\/es\/home-2\/\"},{\"@type\":\"ListItem\",\"position\":2,\"name\":\"Productos\",\"item\":\"https:\/\/www.promostar.it\/es\/shop\/\"},{\"@type\":\"ListItem\",\"position\":3,\"name\":\"M\u00e1quinas Bobinadoras Autom\u00e1ticas Verticales\"}]},{\"@type\":\"WebSite\",\"@id\":\"https:\/\/www.promostar.it\/es\/#website\",\"url\":\"https:\/\/www.promostar.it\/es\/\",\"name\":\"PromoStar S.r.l.\",\"description\":\"Promostar \u00e8 l\u2019azienda leader e la prima ad introdurre il processo di stiratura\",\"publisher\":{\"@id\":\"https:\/\/www.promostar.it\/es\/#organization\"},\"potentialAction\":[{\"@type\":\"SearchAction\",\"target\":{\"@type\":\"EntryPoint\",\"urlTemplate\":\"https:\/\/www.promostar.it\/es\/?s={search_term_string}\"},\"query-input\":\"required name=search_term_string\"}],\"inLanguage\":\"es\"},{\"@type\":\"Organization\",\"@id\":\"https:\/\/www.promostar.it\/es\/#organization\",\"name\":\"Promostar\",\"url\":\"https:\/\/www.promostar.it\/es\/\",\"logo\":{\"@type\":\"ImageObject\",\"inLanguage\":\"es\",\"@id\":\"https:\/\/www.promostar.it\/es\/#\/schema\/logo\/image\/\",\"url\":\"https:\/\/www.promostar.it\/wp-content\/uploads\/2020\/10\/promostar-logo.png\",\"contentUrl\":\"https:\/\/www.promostar.it\/wp-content\/uploads\/2020\/10\/promostar-logo.png\",\"width\":210,\"height\":69,\"caption\":\"Promostar\"},\"image\":{\"@id\":\"https:\/\/www.promostar.it\/es\/#\/schema\/logo\/image\/\"}}]}<\/script>\n<!-- \/ Yoast SEO plugin. -->","yoast_head_json":{"title":"M\u00e1quinas Bobinadoras Autom\u00e1ticas Verticales | Promostar","description":"La m\u00e1quina bobinadora autom\u00e1tica vertical se utiliza para producir bobinas compactas de alambre de acero liso, acanalado o dentado","robots":{"index":"index","follow":"follow","max-snippet":"max-snippet:-1","max-image-preview":"max-image-preview:large","max-video-preview":"max-video-preview:-1"},"canonical":"https:\/\/www.promostar.it\/es\/prodotto\/maquinas-bobinadoras-automaticas-verticales\/","og_locale":"es_ES","og_type":"article","og_title":"M\u00e1quinas Bobinadoras Autom\u00e1ticas Verticales | Promostar","og_description":"La m\u00e1quina bobinadora autom\u00e1tica vertical se utiliza para producir bobinas compactas de alambre de acero liso, acanalado o dentado","og_url":"https:\/\/www.promostar.it\/es\/prodotto\/maquinas-bobinadoras-automaticas-verticales\/","og_site_name":"PromoStar S.r.l.","article_modified_time":"2025-03-27T13:29:25+00:00","og_image":[{"width":1200,"height":1200,"url":"https:\/\/www.promostar.it\/wp-content\/uploads\/2022\/04\/Copertina_Vertical-Automatic-Spooler-1.jpg","type":"image\/jpeg"}],"twitter_card":"summary_large_image","twitter_misc":{"Tiempo de lectura":"1 minuto"},"schema":{"@context":"https:\/\/schema.org","@graph":[{"@type":"WebPage","@id":"https:\/\/www.promostar.it\/es\/prodotto\/maquinas-bobinadoras-automaticas-verticales\/","url":"https:\/\/www.promostar.it\/es\/prodotto\/maquinas-bobinadoras-automaticas-verticales\/","name":"M\u00e1quinas Bobinadoras Autom\u00e1ticas Verticales | Promostar","isPartOf":{"@id":"https:\/\/www.promostar.it\/es\/#website"},"datePublished":"2022-04-05T13:33:06+00:00","dateModified":"2025-03-27T13:29:25+00:00","description":"La m\u00e1quina bobinadora autom\u00e1tica vertical se utiliza para producir bobinas compactas de alambre de acero liso, acanalado o dentado","breadcrumb":{"@id":"https:\/\/www.promostar.it\/es\/prodotto\/maquinas-bobinadoras-automaticas-verticales\/#breadcrumb"},"inLanguage":"es","potentialAction":[{"@type":"ReadAction","target":["https:\/\/www.promostar.it\/es\/prodotto\/maquinas-bobinadoras-automaticas-verticales\/"]}]},{"@type":"BreadcrumbList","@id":"https:\/\/www.promostar.it\/es\/prodotto\/maquinas-bobinadoras-automaticas-verticales\/#breadcrumb","itemListElement":[{"@type":"ListItem","position":1,"name":"Home","item":"https:\/\/www.promostar.it\/es\/home-2\/"},{"@type":"ListItem","position":2,"name":"Productos","item":"https:\/\/www.promostar.it\/es\/shop\/"},{"@type":"ListItem","position":3,"name":"M\u00e1quinas Bobinadoras Autom\u00e1ticas Verticales"}]},{"@type":"WebSite","@id":"https:\/\/www.promostar.it\/es\/#website","url":"https:\/\/www.promostar.it\/es\/","name":"PromoStar S.r.l.","description":"Promostar \u00e8 l\u2019azienda leader e la prima ad introdurre il processo di stiratura","publisher":{"@id":"https:\/\/www.promostar.it\/es\/#organization"},"potentialAction":[{"@type":"SearchAction","target":{"@type":"EntryPoint","urlTemplate":"https:\/\/www.promostar.it\/es\/?s={search_term_string}"},"query-input":"required name=search_term_string"}],"inLanguage":"es"},{"@type":"Organization","@id":"https:\/\/www.promostar.it\/es\/#organization","name":"Promostar","url":"https:\/\/www.promostar.it\/es\/","logo":{"@type":"ImageObject","inLanguage":"es","@id":"https:\/\/www.promostar.it\/es\/#\/schema\/logo\/image\/","url":"https:\/\/www.promostar.it\/wp-content\/uploads\/2020\/10\/promostar-logo.png","contentUrl":"https:\/\/www.promostar.it\/wp-content\/uploads\/2020\/10\/promostar-logo.png","width":210,"height":69,"caption":"Promostar"},"image":{"@id":"https:\/\/www.promostar.it\/es\/#\/schema\/logo\/image\/"}}]}},"_links":{"self":[{"href":"https:\/\/www.promostar.it\/es\/wp-json\/wp\/v3\/product\/5729"}],"collection":[{"href":"https:\/\/www.promostar.it\/es\/wp-json\/wp\/v3\/product"}],"about":[{"href":"https:\/\/www.promostar.it\/es\/wp-json\/wp\/v2\/types\/product"}],"wp:featuredmedia":[{"embeddable":true,"href":"https:\/\/www.promostar.it\/es\/wp-json\/wp\/v2\/media\/4745"}],"wp:attachment":[{"href":"https:\/\/www.promostar.it\/es\/wp-json\/wp\/v2\/media?parent=5729"}],"wp:term":[{"taxonomy":"product_cat","embeddable":true,"href":"https:\/\/www.promostar.it\/es\/wp-json\/wp\/v2\/product_cat?post=5729"},{"taxonomy":"product_tag","embeddable":true,"href":"https:\/\/www.promostar.it\/es\/wp-json\/wp\/v2\/product_tag?post=5729"}],"curies":[{"name":"wp","href":"https:\/\/api.w.org\/{rel}","templated":true}]}}