{"id":5728,"date":"2022-04-05T15:41:29","date_gmt":"2022-04-05T13:41:29","guid":{"rendered":"https:\/\/www.promostar.it\/prodotto\/zig-zag-wire-bending-machine-2\/"},"modified":"2024-11-18T16:21:19","modified_gmt":"2024-11-18T15:21:19","slug":"zig-zag-wire-bending-machine-2","status":"publish","type":"product","link":"https:\/\/www.promostar.it\/es\/prodotto\/zig-zag-wire-bending-machine-2\/","title":{"rendered":"Zig Zag Wire Bending Machine"},"content":{"rendered":"<p>[et_pb_section fb_built=\u00bb1&#8243; _builder_version=\u00bb4.17.0&#8243; _module_preset=\u00bbdefault\u00bb global_colors_info=\u00bb{}\u00bb][\/et_pb_section]<\/p>\n","protected":false},"excerpt":{"rendered":"<p><strong>La M\u00e1quina Dobladora de Alambre Zig Zag<\/strong> es nuestra soluci\u00f3n para <strong>producir piezas dobladas con forma (perfil en forma de \u00abZig Zag\u00bb)<\/strong> para ser utilizadas como elementos de conexi\u00f3n de la <strong>viga de celos\u00eda<\/strong> reticular (tambi\u00e9n conocida como PREM o viga REP).<\/p>\n<p><strong>La M\u00e1quina Dobladora de Alambre Zig Zag<\/strong> combina el proceso de doblado y conformado con el corte a medida (cabeza y cola) de los elementos obtenidos. El producto final puede obtenerse partiendo de bobinas o de barras de alambre liso o acanalado.<\/p>\n<p>La forma y los detalles de ingenier\u00eda de la l\u00ednea permiten producir elementos de uni\u00f3n en zigzag de alta calidad seg\u00fan la forma geom\u00e9trica y las dimensiones solicitadas por los clientes. Los productos finales pueden adoptar diferentes formas en cuanto al paso y la altura del doblado en zig zag. Adem\u00e1s, la amplia gama de di\u00e1metros posibles y la longitud programable del alambre de entrada utilizado permiten personalizar el elemento final seg\u00fan sus necesidades. El producto final no requiere procesamiento posterior y est\u00e1 listo para su uso en la obra.<\/p>\n<p>En comparaci\u00f3n con los m\u00e9todos de fabricaci\u00f3n manual, las ventajas de este tipo de m\u00e1quinas autom\u00e1ticas de alambre de soldadura son la productividad, la mayor flexibilidad y rapidez en los cambios de producci\u00f3n de los tama\u00f1os de di\u00e1metro, la calidad y la repetibilidad del producto, el n\u00famero limitado de operadores (normalmente un solo operador controla toda la planta) y los costes de producci\u00f3n y mantenimiento.<\/p>\n<p>La m\u00e1quina de Alambre Zig Zag se compone de diferentes partes.<\/p>\n","protected":false},"featured_media":4688,"template":"","meta":{"_et_pb_use_builder":"on","_et_pb_old_content":"<strong>La M\u00e1quina Dobladora de Alambre Zig Zag<\/strong> es nuestra soluci\u00f3n para <strong>producir piezas dobladas con forma (perfil en forma de \"Zig Zag\")<\/strong> para ser utilizadas como elementos de conexi\u00f3n de la <strong>viga de celos\u00eda<\/strong> reticular (tambi\u00e9n conocida como PREM o viga REP).\r\n\r\n<strong>La M\u00e1quina Dobladora de Alambre Zig Zag<\/strong> combina el proceso de doblado y conformado con el corte a medida (cabeza y cola) de los elementos obtenidos. El producto final puede obtenerse partiendo de bobinas o de barras de alambre liso o acanalado.\r\n\r\nLa forma y los detalles de ingenier\u00eda de la l\u00ednea permiten producir elementos de uni\u00f3n en zigzag de alta calidad seg\u00fan la forma geom\u00e9trica y las dimensiones solicitadas por los clientes. Los productos finales pueden adoptar diferentes formas en cuanto al paso y la altura del doblado en zig zag. Adem\u00e1s, la amplia gama de di\u00e1metros posibles y la longitud programable del alambre de entrada utilizado permiten personalizar el elemento final seg\u00fan sus necesidades. El producto final no requiere procesamiento posterior y est\u00e1 listo para su uso en la obra.\r\n\r\nEn comparaci\u00f3n con los m\u00e9todos de fabricaci\u00f3n manual, las ventajas de este tipo de m\u00e1quinas autom\u00e1ticas de alambre de soldadura son la productividad, la mayor flexibilidad y rapidez en los cambios de producci\u00f3n de los tama\u00f1os de di\u00e1metro, la calidad y la repetibilidad del producto, el n\u00famero limitado de operadores (normalmente un solo operador controla toda la planta) y los costes de producci\u00f3n y mantenimiento.\r\n\r\nLa m\u00e1quina de Alambre Zig Zag se compone de diferentes partes.\r\n\r\nLa primera parte de la m\u00e1quina es el <strong>sistema de alimentaci\u00f3n<\/strong>. Gracias a los transportadores de rodillos ( libres o motorizados a petici\u00f3n) el material de entrada (barras de alambre lisas o acanaladas) se mueve hacia la unidad motorizada de rodillos de arrastre. Otros tipos de sistemas de alimentaci\u00f3n est\u00e1n disponibles a petici\u00f3n como el sistema de alimentaci\u00f3n autom\u00e1tica con almacenamiento de barras o el sistema de alimentaci\u00f3n de desenrollado cuando la materia prima se embala en bobinas en el lugar de las barras.\r\n\r\nLa parte central de la m\u00e1quina, el n\u00facleo de la l\u00ednea, es la unidad de formado. Consta de tres carros motorizados que transportan los mandriles de conformaci\u00f3n. El desplazamiento de los carros es totalmente programable en funci\u00f3n del paso y la altura de los elementos en zig-zag que se desea obtener. A la salida, una unidad de corte, permite el corte de la cabeza y la cola del producto final.\r\n\r\nLa \u00faltima parte de la m\u00e1quina es el banco de recogida que permite recibir los elementos en zig zag y descargarlos en la unidad de almacenamiento (manual o autom\u00e1tica con almacenamiento multi posiciones a petici\u00f3n).\r\n\r\nEste tipo de m\u00e1quina forma parte de nuestra divisi\u00f3n de m\u00e1quinas especiales y obviamente puede ser personalizada a petici\u00f3n de nuestros clientes en base a las diferentes formas y dimensiones de los productos finales (el dise\u00f1o parte del producto final a realizar).\r\n\r\nEn el nivel superior de personalizaci\u00f3n, las l\u00edneas pueden equiparse con un sistema de carga autom\u00e1tica compuesto por un almac\u00e9n multi posici\u00f3n para barras y un brazo autom\u00e1tico que carga la barra desde la posici\u00f3n seleccionada del almac\u00e9n directamente a la m\u00e1quina. En la salida se puede integrar el sistema de descarga de las piezas con un almac\u00e9n autom\u00e1tico multi posici\u00f3n que recibe los productos dividi\u00e9ndolos por tipo.\r\n\r\nDebido a los productos finales especiales a realizar, toda la informaci\u00f3n t\u00e9cnica informada debe ser considerada como indicativa y sugerimos ponerse en contacto con nosotros para m\u00e1s detalles.","_et_gb_content_width":""},"product_cat":[175,173],"product_tag":[],"yoast_head":"<!-- This site is optimized with the Yoast SEO plugin v20.5 - https:\/\/yoast.com\/wordpress\/plugins\/seo\/ -->\n<title>M\u00e1quina Dobladora de Alambre Zig Zag | Promostar<\/title>\n<meta name=\"description\" content=\"La M\u00e1quina Dobladora de Alambre Zig Zag es nuestra soluci\u00f3n para producir piezas dobladas con forma para ser utilizadas como elementos de conexi\u00f3n de la viga de celos\u00eda reticular\" \/>\n<meta name=\"robots\" content=\"index, follow, max-snippet:-1, max-image-preview:large, max-video-preview:-1\" \/>\n<link rel=\"canonical\" href=\"https:\/\/www.promostar.it\/es\/prodotto\/zig-zag-wire-bending-machine-2\/\" \/>\n<meta property=\"og:locale\" content=\"es_ES\" \/>\n<meta property=\"og:type\" content=\"article\" \/>\n<meta property=\"og:title\" content=\"M\u00e1quina Dobladora de Alambre Zig Zag | Promostar\" \/>\n<meta property=\"og:description\" content=\"La M\u00e1quina Dobladora de Alambre Zig Zag es nuestra soluci\u00f3n para producir piezas dobladas con forma para ser utilizadas como elementos de conexi\u00f3n de la viga de celos\u00eda reticular\" \/>\n<meta property=\"og:url\" content=\"https:\/\/www.promostar.it\/es\/prodotto\/zig-zag-wire-bending-machine-2\/\" \/>\n<meta property=\"og:site_name\" content=\"PromoStar S.r.l.\" \/>\n<meta property=\"article:modified_time\" content=\"2024-11-18T15:21:19+00:00\" \/>\n<meta property=\"og:image\" content=\"https:\/\/www.promostar.it\/wp-content\/uploads\/2022\/04\/copertina_Zig-Zag-Machine-1.jpg\" \/>\n\t<meta property=\"og:image:width\" content=\"1200\" \/>\n\t<meta property=\"og:image:height\" content=\"1200\" \/>\n\t<meta property=\"og:image:type\" content=\"image\/jpeg\" \/>\n<meta name=\"twitter:card\" content=\"summary_large_image\" \/>\n<meta name=\"twitter:label1\" content=\"Tiempo de lectura\" \/>\n\t<meta name=\"twitter:data1\" content=\"1 minuto\" \/>\n<script type=\"application\/ld+json\" class=\"yoast-schema-graph\">{\"@context\":\"https:\/\/schema.org\",\"@graph\":[{\"@type\":\"WebPage\",\"@id\":\"https:\/\/www.promostar.it\/es\/prodotto\/zig-zag-wire-bending-machine-2\/\",\"url\":\"https:\/\/www.promostar.it\/es\/prodotto\/zig-zag-wire-bending-machine-2\/\",\"name\":\"M\u00e1quina Dobladora de Alambre Zig Zag | Promostar\",\"isPartOf\":{\"@id\":\"https:\/\/www.promostar.it\/es\/#website\"},\"datePublished\":\"2022-04-05T13:41:29+00:00\",\"dateModified\":\"2024-11-18T15:21:19+00:00\",\"description\":\"La M\u00e1quina Dobladora de Alambre Zig Zag es nuestra soluci\u00f3n para producir piezas dobladas con forma para ser utilizadas como elementos de conexi\u00f3n de la viga de celos\u00eda reticular\",\"breadcrumb\":{\"@id\":\"https:\/\/www.promostar.it\/es\/prodotto\/zig-zag-wire-bending-machine-2\/#breadcrumb\"},\"inLanguage\":\"es\",\"potentialAction\":[{\"@type\":\"ReadAction\",\"target\":[\"https:\/\/www.promostar.it\/es\/prodotto\/zig-zag-wire-bending-machine-2\/\"]}]},{\"@type\":\"BreadcrumbList\",\"@id\":\"https:\/\/www.promostar.it\/es\/prodotto\/zig-zag-wire-bending-machine-2\/#breadcrumb\",\"itemListElement\":[{\"@type\":\"ListItem\",\"position\":1,\"name\":\"Home\",\"item\":\"https:\/\/www.promostar.it\/es\/\"},{\"@type\":\"ListItem\",\"position\":2,\"name\":\"Productos\",\"item\":\"https:\/\/www.promostar.it\/es\/shop\/\"},{\"@type\":\"ListItem\",\"position\":3,\"name\":\"Zig Zag Wire Bending Machine\"}]},{\"@type\":\"WebSite\",\"@id\":\"https:\/\/www.promostar.it\/es\/#website\",\"url\":\"https:\/\/www.promostar.it\/es\/\",\"name\":\"PromoStar S.r.l.\",\"description\":\"Promostar \u00e8 l\u2019azienda leader e la prima ad introdurre il processo di stiratura\",\"publisher\":{\"@id\":\"https:\/\/www.promostar.it\/es\/#organization\"},\"potentialAction\":[{\"@type\":\"SearchAction\",\"target\":{\"@type\":\"EntryPoint\",\"urlTemplate\":\"https:\/\/www.promostar.it\/es\/?s={search_term_string}\"},\"query-input\":\"required name=search_term_string\"}],\"inLanguage\":\"es\"},{\"@type\":\"Organization\",\"@id\":\"https:\/\/www.promostar.it\/es\/#organization\",\"name\":\"Promostar\",\"url\":\"https:\/\/www.promostar.it\/es\/\",\"logo\":{\"@type\":\"ImageObject\",\"inLanguage\":\"es\",\"@id\":\"https:\/\/www.promostar.it\/es\/#\/schema\/logo\/image\/\",\"url\":\"https:\/\/www.promostar.it\/wp-content\/uploads\/2020\/10\/promostar-logo.png\",\"contentUrl\":\"https:\/\/www.promostar.it\/wp-content\/uploads\/2020\/10\/promostar-logo.png\",\"width\":210,\"height\":69,\"caption\":\"Promostar\"},\"image\":{\"@id\":\"https:\/\/www.promostar.it\/es\/#\/schema\/logo\/image\/\"}}]}<\/script>\n<!-- \/ Yoast SEO plugin. -->","yoast_head_json":{"title":"M\u00e1quina Dobladora de Alambre Zig Zag | Promostar","description":"La M\u00e1quina Dobladora de Alambre Zig Zag es nuestra soluci\u00f3n para producir piezas dobladas con forma para ser utilizadas como elementos de conexi\u00f3n de la viga de celos\u00eda reticular","robots":{"index":"index","follow":"follow","max-snippet":"max-snippet:-1","max-image-preview":"max-image-preview:large","max-video-preview":"max-video-preview:-1"},"canonical":"https:\/\/www.promostar.it\/es\/prodotto\/zig-zag-wire-bending-machine-2\/","og_locale":"es_ES","og_type":"article","og_title":"M\u00e1quina Dobladora de Alambre Zig Zag | Promostar","og_description":"La M\u00e1quina Dobladora de Alambre Zig Zag es nuestra soluci\u00f3n para producir piezas dobladas con forma para ser utilizadas como elementos de conexi\u00f3n de la viga de celos\u00eda reticular","og_url":"https:\/\/www.promostar.it\/es\/prodotto\/zig-zag-wire-bending-machine-2\/","og_site_name":"PromoStar S.r.l.","article_modified_time":"2024-11-18T15:21:19+00:00","og_image":[{"width":1200,"height":1200,"url":"https:\/\/www.promostar.it\/wp-content\/uploads\/2022\/04\/copertina_Zig-Zag-Machine-1.jpg","type":"image\/jpeg"}],"twitter_card":"summary_large_image","twitter_misc":{"Tiempo de lectura":"1 minuto"},"schema":{"@context":"https:\/\/schema.org","@graph":[{"@type":"WebPage","@id":"https:\/\/www.promostar.it\/es\/prodotto\/zig-zag-wire-bending-machine-2\/","url":"https:\/\/www.promostar.it\/es\/prodotto\/zig-zag-wire-bending-machine-2\/","name":"M\u00e1quina Dobladora de Alambre Zig Zag | Promostar","isPartOf":{"@id":"https:\/\/www.promostar.it\/es\/#website"},"datePublished":"2022-04-05T13:41:29+00:00","dateModified":"2024-11-18T15:21:19+00:00","description":"La M\u00e1quina Dobladora de Alambre Zig Zag es nuestra soluci\u00f3n para producir piezas dobladas con forma para ser utilizadas como elementos de conexi\u00f3n de la viga de celos\u00eda reticular","breadcrumb":{"@id":"https:\/\/www.promostar.it\/es\/prodotto\/zig-zag-wire-bending-machine-2\/#breadcrumb"},"inLanguage":"es","potentialAction":[{"@type":"ReadAction","target":["https:\/\/www.promostar.it\/es\/prodotto\/zig-zag-wire-bending-machine-2\/"]}]},{"@type":"BreadcrumbList","@id":"https:\/\/www.promostar.it\/es\/prodotto\/zig-zag-wire-bending-machine-2\/#breadcrumb","itemListElement":[{"@type":"ListItem","position":1,"name":"Home","item":"https:\/\/www.promostar.it\/es\/"},{"@type":"ListItem","position":2,"name":"Productos","item":"https:\/\/www.promostar.it\/es\/shop\/"},{"@type":"ListItem","position":3,"name":"Zig Zag Wire Bending Machine"}]},{"@type":"WebSite","@id":"https:\/\/www.promostar.it\/es\/#website","url":"https:\/\/www.promostar.it\/es\/","name":"PromoStar S.r.l.","description":"Promostar \u00e8 l\u2019azienda leader e la prima ad introdurre il processo di stiratura","publisher":{"@id":"https:\/\/www.promostar.it\/es\/#organization"},"potentialAction":[{"@type":"SearchAction","target":{"@type":"EntryPoint","urlTemplate":"https:\/\/www.promostar.it\/es\/?s={search_term_string}"},"query-input":"required name=search_term_string"}],"inLanguage":"es"},{"@type":"Organization","@id":"https:\/\/www.promostar.it\/es\/#organization","name":"Promostar","url":"https:\/\/www.promostar.it\/es\/","logo":{"@type":"ImageObject","inLanguage":"es","@id":"https:\/\/www.promostar.it\/es\/#\/schema\/logo\/image\/","url":"https:\/\/www.promostar.it\/wp-content\/uploads\/2020\/10\/promostar-logo.png","contentUrl":"https:\/\/www.promostar.it\/wp-content\/uploads\/2020\/10\/promostar-logo.png","width":210,"height":69,"caption":"Promostar"},"image":{"@id":"https:\/\/www.promostar.it\/es\/#\/schema\/logo\/image\/"}}]}},"_links":{"self":[{"href":"https:\/\/www.promostar.it\/es\/wp-json\/wp\/v3\/product\/5728"}],"collection":[{"href":"https:\/\/www.promostar.it\/es\/wp-json\/wp\/v3\/product"}],"about":[{"href":"https:\/\/www.promostar.it\/es\/wp-json\/wp\/v2\/types\/product"}],"wp:featuredmedia":[{"embeddable":true,"href":"https:\/\/www.promostar.it\/es\/wp-json\/wp\/v2\/media\/4688"}],"wp:attachment":[{"href":"https:\/\/www.promostar.it\/es\/wp-json\/wp\/v2\/media?parent=5728"}],"wp:term":[{"taxonomy":"product_cat","embeddable":true,"href":"https:\/\/www.promostar.it\/es\/wp-json\/wp\/v2\/product_cat?post=5728"},{"taxonomy":"product_tag","embeddable":true,"href":"https:\/\/www.promostar.it\/es\/wp-json\/wp\/v2\/product_tag?post=5728"}],"curies":[{"name":"wp","href":"https:\/\/api.w.org\/{rel}","templated":true}]}}