{"id":5727,"date":"2022-05-12T12:28:45","date_gmt":"2022-05-12T10:28:45","guid":{"rendered":"https:\/\/www.promostar.it\/prodotto\/maquinas-de-enderezado-de-alambre-para-pruebas-de-corte\/"},"modified":"2023-04-28T10:56:22","modified_gmt":"2023-04-28T08:56:22","slug":"maquinas-de-enderezado-de-alambre-para-pruebas-de-corte","status":"publish","type":"product","link":"https:\/\/www.promostar.it\/es\/prodotto\/maquinas-de-enderezado-de-alambre-para-pruebas-de-corte\/","title":{"rendered":"M\u00e1quinas de enderezado de alambre para pruebas de corte"},"content":{"rendered":"<p>[et_pb_section fb_built=\u00bb1&#8243; _builder_version=\u00bb4.17.0&#8243; _module_preset=\u00bbdefault\u00bb global_colors_info=\u00bb{}\u00bb][\/et_pb_section]<\/p>\n","protected":false},"excerpt":{"rendered":"<p><strong>Las m\u00e1quinas de enderezado de alambre para prueba de corte<\/strong> se utilizan para producir <strong>muestras de alambre de acero<\/strong> que se utilizar\u00e1n para <strong>fines de laboratorio<\/strong> (por ejemplo, producir muestras para la <strong>prueba de tracci\u00f3n<\/strong>).<\/p>\n<p><strong>Las m\u00e1quinas de enderezado de alambre para prueba de corte<\/strong> fabricadas por Promostar son unidades individuales capaces de enderezar muestras de alambre de acero despu\u00e9s del proceso de laminaci\u00f3n en caliente, laminaci\u00f3n en fr\u00edo o estirado.<\/p>\n<p>En las <strong>m\u00e1quinas de enderezado de alambre para prueba de corte<\/strong>, la muestra del alambre a enderezar se toma cortando una porci\u00f3n de alambre laminado en caliente durante la fase de bobinado para reproducir el proceso de enderezado llevado a cabo en centros de procesamiento de centros de acero.<\/p>\n<p>La m\u00e1quina consta de rodillos motorizados inferiores n\u00b0 4 y rodillos libres superiores n\u00b0 3, ajustables verticalmente (seg\u00fan el di\u00e1metro del alambre a enderezar), cuya funci\u00f3n es deformar el material m\u00e1s all\u00e1 de su rango el\u00e1stico, obteniendo el enderezado.<\/p>\n","protected":false},"featured_media":5021,"template":"","meta":{"_et_pb_use_builder":"on","_et_pb_old_content":"<strong>Las m\u00e1quinas de enderezado de alambre para prueba de corte<\/strong> se utilizan para producir <strong>muestras de alambre de acero<\/strong> que se utilizar\u00e1n para <strong>fines de laboratorio<\/strong> (por ejemplo, producir muestras para la <strong>prueba de tracci\u00f3n<\/strong>).\n\n<strong>Las m\u00e1quinas de enderezado de alambre para prueba de corte<\/strong> fabricadas por Promostar son unidades individuales capaces de enderezar muestras de alambre de acero despu\u00e9s del proceso de laminaci\u00f3n en caliente, laminaci\u00f3n en fr\u00edo o estirado.\n\nEn las <strong>m\u00e1quinas de enderezado de alambre para prueba de corte<\/strong>, la muestra del alambre a enderezar se toma cortando una porci\u00f3n de alambre laminado en caliente durante la fase de bobinado para reproducir el proceso de enderezado llevado a cabo en centros de procesamiento de centros de acero.\n\nLa m\u00e1quina consta de rodillos motorizados inferiores n\u00b0 4 y rodillos libres superiores n\u00b0 3, ajustables verticalmente (seg\u00fan el di\u00e1metro del alambre a enderezar), cuya funci\u00f3n es deformar el material m\u00e1s all\u00e1 de su rango el\u00e1stico, obteniendo el enderezado.\n\nLos tres rodillos libres superiores, montados sobre un bastidor m\u00f3vil orientado lateralmente por gu\u00edas, adem\u00e1s de ser ajustables individualmente en sentido vertical, son puestos en posici\u00f3n de trabajo por un cilindro hidr\u00e1ulico que contrarresta el componente de empuje vertical debido a la acci\u00f3n de deformaci\u00f3n del material durante el avance.\n\nGracias a un proceso alternativo de enderezado realizado con estos rodillos motorizados y libres, la m\u00e1quina produce barras rectas listas para ser utilizadas en las m\u00e1quinas de laboratorio.\n\nEl movimiento horizontal del material se produce mediante el accionamiento de los rodillos inferiores por medio de un motorreductor fijado a la base.\n\nNormalmente, las piezas producidas, se utilizan para alimentar los equipos de prueba de tracci\u00f3n con el fin de comprobar las propiedades mec\u00e1nicas del alambr\u00f3n acanalado producido en el proceso de laminaci\u00f3n en caliente, pero puede alimentar cualquier tipo de m\u00e1quina que requiera el uso de barras rectas de material de alambre.","_et_gb_content_width":""},"product_cat":[177],"product_tag":[],"yoast_head":"<!-- This site is optimized with the Yoast SEO plugin v20.5 - https:\/\/yoast.com\/wordpress\/plugins\/seo\/ -->\n<title>M\u00e1quinas de enderezado de alambre para pruebas de corte | Promostar<\/title>\n<meta name=\"description\" content=\"Las m\u00e1quinas de enderezado de alambre para prueba de corte se utilizan para producir muestras de alambre de acero que se utilizar\u00e1n para fines de laboratorio\" \/>\n<meta name=\"robots\" content=\"index, follow, max-snippet:-1, max-image-preview:large, max-video-preview:-1\" \/>\n<link rel=\"canonical\" href=\"https:\/\/www.promostar.it\/es\/prodotto\/maquinas-de-enderezado-de-alambre-para-pruebas-de-corte\/\" \/>\n<meta property=\"og:locale\" content=\"es_ES\" \/>\n<meta property=\"og:type\" content=\"article\" \/>\n<meta property=\"og:title\" content=\"60\" \/>\n<meta property=\"og:description\" content=\"false\" \/>\n<meta property=\"og:url\" content=\"https:\/\/www.promostar.it\/es\/prodotto\/maquinas-de-enderezado-de-alambre-para-pruebas-de-corte\/\" \/>\n<meta property=\"og:site_name\" content=\"PromoStar S.r.l.\" \/>\n<meta property=\"article:modified_time\" content=\"2023-04-28T08:56:22+00:00\" \/>\n<meta property=\"og:image\" content=\"https:\/\/www.promostar.it\/wp-content\/uploads\/2022\/05\/Copertina_Wire-Sample-Machine-1.jpg\" \/>\n\t<meta property=\"og:image:width\" content=\"1200\" \/>\n\t<meta property=\"og:image:height\" content=\"1200\" \/>\n\t<meta property=\"og:image:type\" content=\"image\/jpeg\" \/>\n<meta name=\"twitter:card\" content=\"summary_large_image\" \/>\n<script type=\"application\/ld+json\" class=\"yoast-schema-graph\">{\"@context\":\"https:\/\/schema.org\",\"@graph\":[{\"@type\":\"WebPage\",\"@id\":\"https:\/\/www.promostar.it\/es\/prodotto\/maquinas-de-enderezado-de-alambre-para-pruebas-de-corte\/\",\"url\":\"https:\/\/www.promostar.it\/es\/prodotto\/maquinas-de-enderezado-de-alambre-para-pruebas-de-corte\/\",\"name\":\"M\u00e1quinas de enderezado de alambre para pruebas de corte | Promostar\",\"isPartOf\":{\"@id\":\"https:\/\/www.promostar.it\/es\/#website\"},\"datePublished\":\"2022-05-12T10:28:45+00:00\",\"dateModified\":\"2023-04-28T08:56:22+00:00\",\"description\":\"Las m\u00e1quinas de enderezado de alambre para prueba de corte se utilizan para producir muestras de alambre de acero que se utilizar\u00e1n para fines de laboratorio\",\"breadcrumb\":{\"@id\":\"https:\/\/www.promostar.it\/es\/prodotto\/maquinas-de-enderezado-de-alambre-para-pruebas-de-corte\/#breadcrumb\"},\"inLanguage\":\"es\",\"potentialAction\":[{\"@type\":\"ReadAction\",\"target\":[\"https:\/\/www.promostar.it\/es\/prodotto\/maquinas-de-enderezado-de-alambre-para-pruebas-de-corte\/\"]}]},{\"@type\":\"BreadcrumbList\",\"@id\":\"https:\/\/www.promostar.it\/es\/prodotto\/maquinas-de-enderezado-de-alambre-para-pruebas-de-corte\/#breadcrumb\",\"itemListElement\":[{\"@type\":\"ListItem\",\"position\":1,\"name\":\"Home\",\"item\":\"https:\/\/www.promostar.it\/es\/home-2\/\"},{\"@type\":\"ListItem\",\"position\":2,\"name\":\"Productos\",\"item\":\"https:\/\/www.promostar.it\/es\/shop\/\"},{\"@type\":\"ListItem\",\"position\":3,\"name\":\"M\u00e1quinas de enderezado de alambre para pruebas de corte\"}]},{\"@type\":\"WebSite\",\"@id\":\"https:\/\/www.promostar.it\/es\/#website\",\"url\":\"https:\/\/www.promostar.it\/es\/\",\"name\":\"PromoStar S.r.l.\",\"description\":\"Promostar \u00e8 l\u2019azienda leader e la prima ad introdurre il processo di stiratura\",\"publisher\":{\"@id\":\"https:\/\/www.promostar.it\/es\/#organization\"},\"potentialAction\":[{\"@type\":\"SearchAction\",\"target\":{\"@type\":\"EntryPoint\",\"urlTemplate\":\"https:\/\/www.promostar.it\/es\/?s={search_term_string}\"},\"query-input\":\"required name=search_term_string\"}],\"inLanguage\":\"es\"},{\"@type\":\"Organization\",\"@id\":\"https:\/\/www.promostar.it\/es\/#organization\",\"name\":\"Promostar\",\"url\":\"https:\/\/www.promostar.it\/es\/\",\"logo\":{\"@type\":\"ImageObject\",\"inLanguage\":\"es\",\"@id\":\"https:\/\/www.promostar.it\/es\/#\/schema\/logo\/image\/\",\"url\":\"https:\/\/www.promostar.it\/wp-content\/uploads\/2020\/10\/promostar-logo.png\",\"contentUrl\":\"https:\/\/www.promostar.it\/wp-content\/uploads\/2020\/10\/promostar-logo.png\",\"width\":210,\"height\":69,\"caption\":\"Promostar\"},\"image\":{\"@id\":\"https:\/\/www.promostar.it\/es\/#\/schema\/logo\/image\/\"}}]}<\/script>\n<!-- \/ Yoast SEO plugin. -->","yoast_head_json":{"title":"M\u00e1quinas de enderezado de alambre para pruebas de corte | Promostar","description":"Las m\u00e1quinas de enderezado de alambre para prueba de corte se utilizan para producir muestras de alambre de acero que se utilizar\u00e1n para fines de laboratorio","robots":{"index":"index","follow":"follow","max-snippet":"max-snippet:-1","max-image-preview":"max-image-preview:large","max-video-preview":"max-video-preview:-1"},"canonical":"https:\/\/www.promostar.it\/es\/prodotto\/maquinas-de-enderezado-de-alambre-para-pruebas-de-corte\/","og_locale":"es_ES","og_type":"article","og_title":"60","og_description":"false","og_url":"https:\/\/www.promostar.it\/es\/prodotto\/maquinas-de-enderezado-de-alambre-para-pruebas-de-corte\/","og_site_name":"PromoStar S.r.l.","article_modified_time":"2023-04-28T08:56:22+00:00","og_image":[{"width":1200,"height":1200,"url":"https:\/\/www.promostar.it\/wp-content\/uploads\/2022\/05\/Copertina_Wire-Sample-Machine-1.jpg","type":"image\/jpeg"}],"twitter_card":"summary_large_image","schema":{"@context":"https:\/\/schema.org","@graph":[{"@type":"WebPage","@id":"https:\/\/www.promostar.it\/es\/prodotto\/maquinas-de-enderezado-de-alambre-para-pruebas-de-corte\/","url":"https:\/\/www.promostar.it\/es\/prodotto\/maquinas-de-enderezado-de-alambre-para-pruebas-de-corte\/","name":"M\u00e1quinas de enderezado de alambre para pruebas de corte | Promostar","isPartOf":{"@id":"https:\/\/www.promostar.it\/es\/#website"},"datePublished":"2022-05-12T10:28:45+00:00","dateModified":"2023-04-28T08:56:22+00:00","description":"Las m\u00e1quinas de enderezado de alambre para prueba de corte se utilizan para producir muestras de alambre de acero que se utilizar\u00e1n para fines de laboratorio","breadcrumb":{"@id":"https:\/\/www.promostar.it\/es\/prodotto\/maquinas-de-enderezado-de-alambre-para-pruebas-de-corte\/#breadcrumb"},"inLanguage":"es","potentialAction":[{"@type":"ReadAction","target":["https:\/\/www.promostar.it\/es\/prodotto\/maquinas-de-enderezado-de-alambre-para-pruebas-de-corte\/"]}]},{"@type":"BreadcrumbList","@id":"https:\/\/www.promostar.it\/es\/prodotto\/maquinas-de-enderezado-de-alambre-para-pruebas-de-corte\/#breadcrumb","itemListElement":[{"@type":"ListItem","position":1,"name":"Home","item":"https:\/\/www.promostar.it\/es\/home-2\/"},{"@type":"ListItem","position":2,"name":"Productos","item":"https:\/\/www.promostar.it\/es\/shop\/"},{"@type":"ListItem","position":3,"name":"M\u00e1quinas de enderezado de alambre para pruebas de corte"}]},{"@type":"WebSite","@id":"https:\/\/www.promostar.it\/es\/#website","url":"https:\/\/www.promostar.it\/es\/","name":"PromoStar S.r.l.","description":"Promostar \u00e8 l\u2019azienda leader e la prima ad introdurre il processo di stiratura","publisher":{"@id":"https:\/\/www.promostar.it\/es\/#organization"},"potentialAction":[{"@type":"SearchAction","target":{"@type":"EntryPoint","urlTemplate":"https:\/\/www.promostar.it\/es\/?s={search_term_string}"},"query-input":"required name=search_term_string"}],"inLanguage":"es"},{"@type":"Organization","@id":"https:\/\/www.promostar.it\/es\/#organization","name":"Promostar","url":"https:\/\/www.promostar.it\/es\/","logo":{"@type":"ImageObject","inLanguage":"es","@id":"https:\/\/www.promostar.it\/es\/#\/schema\/logo\/image\/","url":"https:\/\/www.promostar.it\/wp-content\/uploads\/2020\/10\/promostar-logo.png","contentUrl":"https:\/\/www.promostar.it\/wp-content\/uploads\/2020\/10\/promostar-logo.png","width":210,"height":69,"caption":"Promostar"},"image":{"@id":"https:\/\/www.promostar.it\/es\/#\/schema\/logo\/image\/"}}]}},"_links":{"self":[{"href":"https:\/\/www.promostar.it\/es\/wp-json\/wp\/v3\/product\/5727"}],"collection":[{"href":"https:\/\/www.promostar.it\/es\/wp-json\/wp\/v3\/product"}],"about":[{"href":"https:\/\/www.promostar.it\/es\/wp-json\/wp\/v2\/types\/product"}],"wp:featuredmedia":[{"embeddable":true,"href":"https:\/\/www.promostar.it\/es\/wp-json\/wp\/v2\/media\/5021"}],"wp:attachment":[{"href":"https:\/\/www.promostar.it\/es\/wp-json\/wp\/v2\/media?parent=5727"}],"wp:term":[{"taxonomy":"product_cat","embeddable":true,"href":"https:\/\/www.promostar.it\/es\/wp-json\/wp\/v2\/product_cat?post=5727"},{"taxonomy":"product_tag","embeddable":true,"href":"https:\/\/www.promostar.it\/es\/wp-json\/wp\/v2\/product_tag?post=5727"}],"curies":[{"name":"wp","href":"https:\/\/api.w.org\/{rel}","templated":true}]}}