{"id":5725,"date":"2021-03-16T14:50:01","date_gmt":"2021-03-16T13:50:01","guid":{"rendered":"https:\/\/www.promostar.it\/prodotto\/casetes-de-laminacion-en-frio\/"},"modified":"2023-04-28T10:44:11","modified_gmt":"2023-04-28T08:44:11","slug":"casetes-de-laminacion-en-frio","status":"publish","type":"product","link":"https:\/\/www.promostar.it\/es\/prodotto\/casetes-de-laminacion-en-frio\/","title":{"rendered":"Casetes de laminaci\u00f3n en fr\u00edo"},"content":{"rendered":"<p>[et_pb_section fb_built=\u00bb1&#8243; _builder_version=\u00bb4.17.0&#8243; _module_preset=\u00bbdefault\u00bb global_colors_info=\u00bb{}\u00bb][\/et_pb_section]<\/p>\n","protected":false},"excerpt":{"rendered":"<p><strong>Los Casetes de laminaci\u00f3n en fr\u00edo<\/strong> se utilizan para el proceso de laminaci\u00f3n en fr\u00edo del alambre.<\/p>\n<p><strong>Casetes de laminaci\u00f3n en fr\u00edo<\/strong> aumentan las propiedades mec\u00e1nicas del alambr\u00f3n gracias al proceso de laminaci\u00f3n realizado que reduce el di\u00e1metro del alambre simple al tama\u00f1o deseado, es un dispositivo que aumenta las propiedades mec\u00e1nicas de los alambrones seg\u00fan los requisitos del mercado en t\u00e9rminos de resistencia a la tracci\u00f3n, l\u00edmite el\u00e1stico y alargamiento final, normalmente denominado Agt, sin suministro de calor. En la etapa final del proceso de laminaci\u00f3n en fr\u00edo , si se solicita, se puede a\u00f1adir al alambre la nervadura positiva o la hendidura negativa, con fines de refuerzo del hormig\u00f3n.<\/p>\n<p>Las aplicaciones finales del producto son normalmente mallas de refuerzo, estribos, jaulas y vigas de celos\u00eda para la construcci\u00f3n civil e industrial, cimentaciones e industria de prefabricados.<\/p>\n<p>Nuestro casete de laminaci\u00f3n en fr\u00edo est\u00e1ndar consta de un robusto bastidor de acero soldado sobre el que se montan dos juegos de 3 rodillos dispuestos para formar 3 planos a 120\u00b0.<\/p>\n","protected":false},"featured_media":4178,"template":"","meta":{"_et_pb_use_builder":"on","_et_pb_old_content":"<strong>Los Casetes de laminaci\u00f3n en fr\u00edo<\/strong> se utilizan para el proceso de laminaci\u00f3n en fr\u00edo del alambre.\n\n<strong>Casetes de laminaci\u00f3n en fr\u00edo<\/strong> aumentan las propiedades mec\u00e1nicas del alambr\u00f3n gracias al proceso de laminaci\u00f3n realizado que reduce el di\u00e1metro del alambre simple al tama\u00f1o deseado, es un dispositivo que aumenta las propiedades mec\u00e1nicas de los alambrones seg\u00fan los requisitos del mercado en t\u00e9rminos de resistencia a la tracci\u00f3n, l\u00edmite el\u00e1stico y alargamiento final, normalmente denominado Agt, sin suministro de calor. En la etapa final del proceso de laminaci\u00f3n en fr\u00edo , si se solicita, se puede a\u00f1adir al alambre la nervadura positiva o la hendidura negativa, con fines de refuerzo del hormig\u00f3n.\n\nLas aplicaciones finales del producto son normalmente mallas de refuerzo, estribos, jaulas y vigas de celos\u00eda para la construcci\u00f3n civil e industrial, cimentaciones e industria de prefabricados.\n\nNuestro casete de laminaci\u00f3n en fr\u00edo est\u00e1ndar consta de un robusto bastidor de acero soldado sobre el que se montan dos juegos de 3 rodillos dispuestos para formar 3 planos a 120\u00b0.\n\nLos rodillos, que est\u00e1n montados en porta-rodillos, son ajustables tanto de forma axial como radial.\n\nEl ajuste axial es necesario para centrar los rodillos, mientras que el radial es necesario para controlar el di\u00e1metro del alambre de salida producido.\n\nsistema de engranajes para regular f\u00e1cilmente la apertura\/cierre de los rodillos mediante una palanca (<u>ajuste motorizado<\/u> disponible como opci\u00f3n).\n\nEl calor producido por el proceso de laminaci\u00f3n se elimina mediante un circuito de agua de refrigeraci\u00f3n que fluye a trav\u00e9s de los pasadores de los porta-rollos.\n\nUn <strong>sistema de engrase autom\u00e1tico<\/strong> permite lubricar los cojinetes de los porta-rollos.\n\nLos <strong>casetes de laminaci\u00f3n en fr\u00edo<\/strong> son dise\u00f1ados y fabricados por Promostar en colaboraci\u00f3n con nuestros socios utilizando las \u00faltimas tecnolog\u00edas y las mejores marcas disponibles en el mercado.\n\nPodemos ofrecer diferentes tama\u00f1os de casetes de laminaci\u00f3n en fr\u00edo seg\u00fan las dimensiones del di\u00e1metro del alambre.\n\nNuestra oferta no se limita a los casetes de laminaci\u00f3n en fr\u00edo, sino que tambi\u00e9n se puede completar con una serie de accesorios opcionales, como:\n<ul>\n \t<li><a href=\"https:\/\/www.promostar.it\/prodotto\/maintenance-bench-for-rolling-cassettes\/\"><u>BANCO DE MANTENIMIENTO PARA CASETES DE LAMINACI\u00d3N EN FR\u00cdO<\/u><\/a><\/li>\n \t<li><u>BANCO DE SOPORTE PARA CASETES DE LAMINACI\u00d3N EN FR\u00cdO<\/u><\/li>\n \t<li><a href=\"https:\/\/www.promostar.it\/prodotto\/unscrewing-locknut-device\/\"><u>DISPOSITIVO DESATORNILLADOR DE CONTRATUERCAS<\/u><\/a><\/li>\n \t<li><a href=\"https:\/\/www.promostar.it\/prodotto\/rolls-and-roll-holders\/\"><u>RODILLO Y PORTA RODILLO<\/u><\/a><\/li>\n<\/ul>","_et_gb_content_width":""},"product_cat":[179],"product_tag":[98,107,110,119,121,126,133],"yoast_head":"<!-- This site is optimized with the Yoast SEO plugin v20.5 - https:\/\/yoast.com\/wordpress\/plugins\/seo\/ -->\n<title>Casetes de laminaci\u00f3n en fr\u00edo | Promostar<\/title>\n<meta name=\"description\" content=\"Los Casetes de laminaci\u00f3n en fr\u00edo se utilizan para el proceso de laminaci\u00f3n en fr\u00edo del alambre. aumentan las propiedades mec\u00e1nicas del alambr\u00f3n\" \/>\n<meta name=\"robots\" content=\"index, follow, max-snippet:-1, max-image-preview:large, max-video-preview:-1\" \/>\n<link rel=\"canonical\" href=\"https:\/\/www.promostar.it\/es\/prodotto\/casetes-de-laminacion-en-frio\/\" \/>\n<meta property=\"og:locale\" content=\"es_ES\" \/>\n<meta property=\"og:type\" content=\"article\" \/>\n<meta property=\"og:title\" content=\"Casetes de laminaci\u00f3n en fr\u00edo | Promostar\" \/>\n<meta property=\"og:description\" content=\"Los Casetes de laminaci\u00f3n en fr\u00edo se utilizan para el proceso de laminaci\u00f3n en fr\u00edo del alambre. aumentan las propiedades mec\u00e1nicas del alambr\u00f3n\" \/>\n<meta property=\"og:url\" content=\"https:\/\/www.promostar.it\/es\/prodotto\/casetes-de-laminacion-en-frio\/\" \/>\n<meta property=\"og:site_name\" content=\"PromoStar S.r.l.\" \/>\n<meta property=\"article:modified_time\" content=\"2023-04-28T08:44:11+00:00\" \/>\n<meta property=\"og:image\" content=\"https:\/\/www.promostar.it\/wp-content\/uploads\/2021\/03\/Cold-rolling-cassettes-1-transparent.jpg\" \/>\n\t<meta property=\"og:image:width\" content=\"1200\" \/>\n\t<meta property=\"og:image:height\" content=\"1200\" \/>\n\t<meta property=\"og:image:type\" content=\"image\/jpeg\" \/>\n<meta name=\"twitter:card\" content=\"summary_large_image\" \/>\n<script type=\"application\/ld+json\" class=\"yoast-schema-graph\">{\"@context\":\"https:\/\/schema.org\",\"@graph\":[{\"@type\":\"WebPage\",\"@id\":\"https:\/\/www.promostar.it\/es\/prodotto\/casetes-de-laminacion-en-frio\/\",\"url\":\"https:\/\/www.promostar.it\/es\/prodotto\/casetes-de-laminacion-en-frio\/\",\"name\":\"Casetes de laminaci\u00f3n en fr\u00edo | Promostar\",\"isPartOf\":{\"@id\":\"https:\/\/www.promostar.it\/es\/#website\"},\"datePublished\":\"2021-03-16T13:50:01+00:00\",\"dateModified\":\"2023-04-28T08:44:11+00:00\",\"description\":\"Los Casetes de laminaci\u00f3n en fr\u00edo se utilizan para el proceso de laminaci\u00f3n en fr\u00edo del alambre. aumentan las propiedades mec\u00e1nicas del alambr\u00f3n\",\"breadcrumb\":{\"@id\":\"https:\/\/www.promostar.it\/es\/prodotto\/casetes-de-laminacion-en-frio\/#breadcrumb\"},\"inLanguage\":\"es\",\"potentialAction\":[{\"@type\":\"ReadAction\",\"target\":[\"https:\/\/www.promostar.it\/es\/prodotto\/casetes-de-laminacion-en-frio\/\"]}]},{\"@type\":\"BreadcrumbList\",\"@id\":\"https:\/\/www.promostar.it\/es\/prodotto\/casetes-de-laminacion-en-frio\/#breadcrumb\",\"itemListElement\":[{\"@type\":\"ListItem\",\"position\":1,\"name\":\"Home\",\"item\":\"https:\/\/www.promostar.it\/es\/home-2\/\"},{\"@type\":\"ListItem\",\"position\":2,\"name\":\"Productos\",\"item\":\"https:\/\/www.promostar.it\/es\/shop\/\"},{\"@type\":\"ListItem\",\"position\":3,\"name\":\"Casetes de laminaci\u00f3n en fr\u00edo\"}]},{\"@type\":\"WebSite\",\"@id\":\"https:\/\/www.promostar.it\/es\/#website\",\"url\":\"https:\/\/www.promostar.it\/es\/\",\"name\":\"PromoStar S.r.l.\",\"description\":\"Promostar \u00e8 l\u2019azienda leader e la prima ad introdurre il processo di stiratura\",\"publisher\":{\"@id\":\"https:\/\/www.promostar.it\/es\/#organization\"},\"potentialAction\":[{\"@type\":\"SearchAction\",\"target\":{\"@type\":\"EntryPoint\",\"urlTemplate\":\"https:\/\/www.promostar.it\/es\/?s={search_term_string}\"},\"query-input\":\"required name=search_term_string\"}],\"inLanguage\":\"es\"},{\"@type\":\"Organization\",\"@id\":\"https:\/\/www.promostar.it\/es\/#organization\",\"name\":\"Promostar\",\"url\":\"https:\/\/www.promostar.it\/es\/\",\"logo\":{\"@type\":\"ImageObject\",\"inLanguage\":\"es\",\"@id\":\"https:\/\/www.promostar.it\/es\/#\/schema\/logo\/image\/\",\"url\":\"https:\/\/www.promostar.it\/wp-content\/uploads\/2020\/10\/promostar-logo.png\",\"contentUrl\":\"https:\/\/www.promostar.it\/wp-content\/uploads\/2020\/10\/promostar-logo.png\",\"width\":210,\"height\":69,\"caption\":\"Promostar\"},\"image\":{\"@id\":\"https:\/\/www.promostar.it\/es\/#\/schema\/logo\/image\/\"}}]}<\/script>\n<!-- \/ Yoast SEO plugin. -->","yoast_head_json":{"title":"Casetes de laminaci\u00f3n en fr\u00edo | Promostar","description":"Los Casetes de laminaci\u00f3n en fr\u00edo se utilizan para el proceso de laminaci\u00f3n en fr\u00edo del alambre. aumentan las propiedades mec\u00e1nicas del alambr\u00f3n","robots":{"index":"index","follow":"follow","max-snippet":"max-snippet:-1","max-image-preview":"max-image-preview:large","max-video-preview":"max-video-preview:-1"},"canonical":"https:\/\/www.promostar.it\/es\/prodotto\/casetes-de-laminacion-en-frio\/","og_locale":"es_ES","og_type":"article","og_title":"Casetes de laminaci\u00f3n en fr\u00edo | Promostar","og_description":"Los Casetes de laminaci\u00f3n en fr\u00edo se utilizan para el proceso de laminaci\u00f3n en fr\u00edo del alambre. aumentan las propiedades mec\u00e1nicas del alambr\u00f3n","og_url":"https:\/\/www.promostar.it\/es\/prodotto\/casetes-de-laminacion-en-frio\/","og_site_name":"PromoStar S.r.l.","article_modified_time":"2023-04-28T08:44:11+00:00","og_image":[{"width":1200,"height":1200,"url":"https:\/\/www.promostar.it\/wp-content\/uploads\/2021\/03\/Cold-rolling-cassettes-1-transparent.jpg","type":"image\/jpeg"}],"twitter_card":"summary_large_image","schema":{"@context":"https:\/\/schema.org","@graph":[{"@type":"WebPage","@id":"https:\/\/www.promostar.it\/es\/prodotto\/casetes-de-laminacion-en-frio\/","url":"https:\/\/www.promostar.it\/es\/prodotto\/casetes-de-laminacion-en-frio\/","name":"Casetes de laminaci\u00f3n en fr\u00edo | Promostar","isPartOf":{"@id":"https:\/\/www.promostar.it\/es\/#website"},"datePublished":"2021-03-16T13:50:01+00:00","dateModified":"2023-04-28T08:44:11+00:00","description":"Los Casetes de laminaci\u00f3n en fr\u00edo se utilizan para el proceso de laminaci\u00f3n en fr\u00edo del alambre. aumentan las propiedades mec\u00e1nicas del alambr\u00f3n","breadcrumb":{"@id":"https:\/\/www.promostar.it\/es\/prodotto\/casetes-de-laminacion-en-frio\/#breadcrumb"},"inLanguage":"es","potentialAction":[{"@type":"ReadAction","target":["https:\/\/www.promostar.it\/es\/prodotto\/casetes-de-laminacion-en-frio\/"]}]},{"@type":"BreadcrumbList","@id":"https:\/\/www.promostar.it\/es\/prodotto\/casetes-de-laminacion-en-frio\/#breadcrumb","itemListElement":[{"@type":"ListItem","position":1,"name":"Home","item":"https:\/\/www.promostar.it\/es\/home-2\/"},{"@type":"ListItem","position":2,"name":"Productos","item":"https:\/\/www.promostar.it\/es\/shop\/"},{"@type":"ListItem","position":3,"name":"Casetes de laminaci\u00f3n en fr\u00edo"}]},{"@type":"WebSite","@id":"https:\/\/www.promostar.it\/es\/#website","url":"https:\/\/www.promostar.it\/es\/","name":"PromoStar S.r.l.","description":"Promostar \u00e8 l\u2019azienda leader e la prima ad introdurre il processo di stiratura","publisher":{"@id":"https:\/\/www.promostar.it\/es\/#organization"},"potentialAction":[{"@type":"SearchAction","target":{"@type":"EntryPoint","urlTemplate":"https:\/\/www.promostar.it\/es\/?s={search_term_string}"},"query-input":"required name=search_term_string"}],"inLanguage":"es"},{"@type":"Organization","@id":"https:\/\/www.promostar.it\/es\/#organization","name":"Promostar","url":"https:\/\/www.promostar.it\/es\/","logo":{"@type":"ImageObject","inLanguage":"es","@id":"https:\/\/www.promostar.it\/es\/#\/schema\/logo\/image\/","url":"https:\/\/www.promostar.it\/wp-content\/uploads\/2020\/10\/promostar-logo.png","contentUrl":"https:\/\/www.promostar.it\/wp-content\/uploads\/2020\/10\/promostar-logo.png","width":210,"height":69,"caption":"Promostar"},"image":{"@id":"https:\/\/www.promostar.it\/es\/#\/schema\/logo\/image\/"}}]}},"_links":{"self":[{"href":"https:\/\/www.promostar.it\/es\/wp-json\/wp\/v3\/product\/5725"}],"collection":[{"href":"https:\/\/www.promostar.it\/es\/wp-json\/wp\/v3\/product"}],"about":[{"href":"https:\/\/www.promostar.it\/es\/wp-json\/wp\/v2\/types\/product"}],"wp:featuredmedia":[{"embeddable":true,"href":"https:\/\/www.promostar.it\/es\/wp-json\/wp\/v2\/media\/4178"}],"wp:attachment":[{"href":"https:\/\/www.promostar.it\/es\/wp-json\/wp\/v2\/media?parent=5725"}],"wp:term":[{"taxonomy":"product_cat","embeddable":true,"href":"https:\/\/www.promostar.it\/es\/wp-json\/wp\/v2\/product_cat?post=5725"},{"taxonomy":"product_tag","embeddable":true,"href":"https:\/\/www.promostar.it\/es\/wp-json\/wp\/v2\/product_tag?post=5725"}],"curies":[{"name":"wp","href":"https:\/\/api.w.org\/{rel}","templated":true}]}}