{"id":5723,"date":"2022-04-05T09:09:54","date_gmt":"2022-04-05T07:09:54","guid":{"rendered":"https:\/\/www.promostar.it\/prodotto\/transportadores-de-cadena-y-rodillo\/"},"modified":"2023-04-28T09:16:55","modified_gmt":"2023-04-28T07:16:55","slug":"transportadores-de-cadena-y-rodillo","status":"publish","type":"product","link":"https:\/\/www.promostar.it\/es\/prodotto\/transportadores-de-cadena-y-rodillo\/","title":{"rendered":"Transportadores de cadena y rodillo"},"content":{"rendered":"<p>[et_pb_section fb_built=\u00bb1&#8243; _builder_version=\u00bb4.16&#8243; custom_padding=\u00bb0px||||false|false\u00bb global_colors_info=\u00bb{}\u00bb][\/et_pb_section]<\/p>\n","protected":false},"excerpt":{"rendered":"<p><strong>Los Transportadores de cadena y rodillos<\/strong> se utilizan en m\u00e1quinas de trefilado, laminaci\u00f3n en fr\u00edo y estirado para transportar las bobinas, carretes o rollos.<\/p>\n<p><strong>Los Transportadores de cadena y rodillos<\/strong> est\u00e1n dise\u00f1ados y adaptados seg\u00fan la disposici\u00f3n espec\u00edfica de la instalaci\u00f3n de las m\u00e1quinas y la empresa del cliente.<\/p>\n<p>Este transportador consta de uno (o varios m\u00f3dulos) cuyo movimiento est\u00e1 sincronizado por una serie de cadenas accionadas por un motorreductor. El n\u00famero de m\u00f3dulos depende de los requisitos de los clientes en t\u00e9rminos de amortiguaci\u00f3n.<\/p>\n<p>Los transportadores tienen un s\u00f3lido bastidor de acero y est\u00e1n cerrados por paneles de protecci\u00f3n conforme a las normas de la UE. Por razones de seguridad, el acceso est\u00e1 cerrado por una barrera de luz y los dispositivos sensores supervisan el movimiento de las bobinas, carretes o rollos.<\/p>\n<p>Principalmente, se pueden identificar dos categor\u00edas diferentes: transportador de cadena o de rodillos. El uso de un tipo respecto al otro depende sobre todo del tipo de carga a transportar.<\/p>\n<p>Estos dispositivos se utilizan normalmente combinados con las <a href=\"https:\/\/www.promostar.it\/prodotto\/vegastar-copia\/\"><u>m\u00e1quinas bobinadoras de alambre<\/u><\/a>, totalmente autom\u00e1ticas, en las que, trabajando en combinaci\u00f3n con el manipulador a\u00e9reo, pueden cargar las bobinas vac\u00edas y descargar el producto acabado (bobinas o rollos) de forma autom\u00e1tica.<\/p>\n","protected":false},"featured_media":4142,"template":"","meta":{"_et_pb_use_builder":"on","_et_pb_old_content":"<strong>Los Transportadores de cadena y rodillos<\/strong> se utilizan en m\u00e1quinas de trefilado, laminaci\u00f3n en fr\u00edo y estirado para transportar las bobinas, carretes o rollos.\n\n<strong>Los Transportadores de cadena y rodillos<\/strong> est\u00e1n dise\u00f1ados y adaptados seg\u00fan la disposici\u00f3n espec\u00edfica de la instalaci\u00f3n de las m\u00e1quinas y la empresa del cliente.\n\nEste transportador consta de uno (o varios m\u00f3dulos) cuyo movimiento est\u00e1 sincronizado por una serie de cadenas accionadas por un motorreductor. El n\u00famero de m\u00f3dulos depende de los requisitos de los clientes en t\u00e9rminos de amortiguaci\u00f3n.\n\nLos transportadores tienen un s\u00f3lido bastidor de acero y est\u00e1n cerrados por paneles de protecci\u00f3n conforme a las normas de la UE. Por razones de seguridad, el acceso est\u00e1 cerrado por una barrera de luz y los dispositivos sensores supervisan el movimiento de las bobinas, carretes o rollos.\n\nPrincipalmente, se pueden identificar dos categor\u00edas diferentes: transportador de cadena o de rodillos. El uso de un tipo respecto al otro depende sobre todo del tipo de carga a transportar.\n\nEstos dispositivos se utilizan normalmente combinados con las <a href=\"https:\/\/www.promostar.it\/prodotto\/vegastar-copia\/\"><u>m\u00e1quinas bobinadoras de alambre<\/u><\/a>, totalmente autom\u00e1ticas, en las que, trabajando en combinaci\u00f3n con el manipulador a\u00e9reo, pueden cargar las bobinas vac\u00edas y descargar el producto acabado (bobinas o rollos) de forma autom\u00e1tica.\n\nTambi\u00e9n pueden utilizarse como transportadores independientes, por ejemplo, cuando es necesario trasladar las bobinas vac\u00edas o los productos acabados de una unidad a otra de la f\u00e1brica.","_et_gb_content_width":""},"product_cat":[179],"product_tag":[98,101,107,110,117,119,121,126,132,133,141],"yoast_head":"<!-- This site is optimized with the Yoast SEO plugin v20.5 - https:\/\/yoast.com\/wordpress\/plugins\/seo\/ -->\n<title>Transportadores de cadena y rodillos | Promostar<\/title>\n<meta name=\"description\" content=\"Los Transportadores de cadena y rodillos se utilizan en m\u00e1quinas de trefilado, laminaci\u00f3n en fr\u00edo y estirado para transportar las bobinas, carretes o rollos\" \/>\n<meta name=\"robots\" content=\"index, follow, max-snippet:-1, max-image-preview:large, max-video-preview:-1\" \/>\n<link rel=\"canonical\" href=\"https:\/\/www.promostar.it\/es\/prodotto\/transportadores-de-cadena-y-rodillo\/\" \/>\n<meta property=\"og:locale\" content=\"es_ES\" \/>\n<meta property=\"og:type\" content=\"article\" \/>\n<meta property=\"og:title\" content=\"Transportadores de cadena y rodillos | Promostar\" \/>\n<meta property=\"og:description\" content=\"Los Transportadores de cadena y rodillos se utilizan en m\u00e1quinas de trefilado, laminaci\u00f3n en fr\u00edo y estirado para transportar las bobinas, carretes o rollos\" \/>\n<meta property=\"og:url\" content=\"https:\/\/www.promostar.it\/es\/prodotto\/transportadores-de-cadena-y-rodillo\/\" \/>\n<meta property=\"og:site_name\" content=\"PromoStar S.r.l.\" \/>\n<meta property=\"article:modified_time\" content=\"2023-04-28T07:16:55+00:00\" \/>\n<meta property=\"og:image\" content=\"https:\/\/www.promostar.it\/wp-content\/uploads\/2022\/04\/Chain-and-roll-conveyors-3.jpg\" \/>\n\t<meta property=\"og:image:width\" content=\"2000\" \/>\n\t<meta property=\"og:image:height\" content=\"1500\" \/>\n\t<meta property=\"og:image:type\" content=\"image\/jpeg\" \/>\n<meta name=\"twitter:card\" content=\"summary_large_image\" \/>\n<script type=\"application\/ld+json\" class=\"yoast-schema-graph\">{\"@context\":\"https:\/\/schema.org\",\"@graph\":[{\"@type\":\"WebPage\",\"@id\":\"https:\/\/www.promostar.it\/es\/prodotto\/transportadores-de-cadena-y-rodillo\/\",\"url\":\"https:\/\/www.promostar.it\/es\/prodotto\/transportadores-de-cadena-y-rodillo\/\",\"name\":\"Transportadores de cadena y rodillos | Promostar\",\"isPartOf\":{\"@id\":\"https:\/\/www.promostar.it\/es\/#website\"},\"datePublished\":\"2022-04-05T07:09:54+00:00\",\"dateModified\":\"2023-04-28T07:16:55+00:00\",\"description\":\"Los Transportadores de cadena y rodillos se utilizan en m\u00e1quinas de trefilado, laminaci\u00f3n en fr\u00edo y estirado para transportar las bobinas, carretes o rollos\",\"breadcrumb\":{\"@id\":\"https:\/\/www.promostar.it\/es\/prodotto\/transportadores-de-cadena-y-rodillo\/#breadcrumb\"},\"inLanguage\":\"es\",\"potentialAction\":[{\"@type\":\"ReadAction\",\"target\":[\"https:\/\/www.promostar.it\/es\/prodotto\/transportadores-de-cadena-y-rodillo\/\"]}]},{\"@type\":\"BreadcrumbList\",\"@id\":\"https:\/\/www.promostar.it\/es\/prodotto\/transportadores-de-cadena-y-rodillo\/#breadcrumb\",\"itemListElement\":[{\"@type\":\"ListItem\",\"position\":1,\"name\":\"Home\",\"item\":\"https:\/\/www.promostar.it\/es\/\"},{\"@type\":\"ListItem\",\"position\":2,\"name\":\"Productos\",\"item\":\"https:\/\/www.promostar.it\/es\/shop\/\"},{\"@type\":\"ListItem\",\"position\":3,\"name\":\"Transportadores de cadena y rodillo\"}]},{\"@type\":\"WebSite\",\"@id\":\"https:\/\/www.promostar.it\/es\/#website\",\"url\":\"https:\/\/www.promostar.it\/es\/\",\"name\":\"PromoStar S.r.l.\",\"description\":\"Promostar \u00e8 l\u2019azienda leader e la prima ad introdurre il processo di stiratura\",\"publisher\":{\"@id\":\"https:\/\/www.promostar.it\/es\/#organization\"},\"potentialAction\":[{\"@type\":\"SearchAction\",\"target\":{\"@type\":\"EntryPoint\",\"urlTemplate\":\"https:\/\/www.promostar.it\/es\/?s={search_term_string}\"},\"query-input\":\"required name=search_term_string\"}],\"inLanguage\":\"es\"},{\"@type\":\"Organization\",\"@id\":\"https:\/\/www.promostar.it\/es\/#organization\",\"name\":\"Promostar\",\"url\":\"https:\/\/www.promostar.it\/es\/\",\"logo\":{\"@type\":\"ImageObject\",\"inLanguage\":\"es\",\"@id\":\"https:\/\/www.promostar.it\/es\/#\/schema\/logo\/image\/\",\"url\":\"https:\/\/www.promostar.it\/wp-content\/uploads\/2020\/10\/promostar-logo.png\",\"contentUrl\":\"https:\/\/www.promostar.it\/wp-content\/uploads\/2020\/10\/promostar-logo.png\",\"width\":210,\"height\":69,\"caption\":\"Promostar\"},\"image\":{\"@id\":\"https:\/\/www.promostar.it\/es\/#\/schema\/logo\/image\/\"}}]}<\/script>\n<!-- \/ Yoast SEO plugin. -->","yoast_head_json":{"title":"Transportadores de cadena y rodillos | Promostar","description":"Los Transportadores de cadena y rodillos se utilizan en m\u00e1quinas de trefilado, laminaci\u00f3n en fr\u00edo y estirado para transportar las bobinas, carretes o rollos","robots":{"index":"index","follow":"follow","max-snippet":"max-snippet:-1","max-image-preview":"max-image-preview:large","max-video-preview":"max-video-preview:-1"},"canonical":"https:\/\/www.promostar.it\/es\/prodotto\/transportadores-de-cadena-y-rodillo\/","og_locale":"es_ES","og_type":"article","og_title":"Transportadores de cadena y rodillos | Promostar","og_description":"Los Transportadores de cadena y rodillos se utilizan en m\u00e1quinas de trefilado, laminaci\u00f3n en fr\u00edo y estirado para transportar las bobinas, carretes o rollos","og_url":"https:\/\/www.promostar.it\/es\/prodotto\/transportadores-de-cadena-y-rodillo\/","og_site_name":"PromoStar S.r.l.","article_modified_time":"2023-04-28T07:16:55+00:00","og_image":[{"width":2000,"height":1500,"url":"https:\/\/www.promostar.it\/wp-content\/uploads\/2022\/04\/Chain-and-roll-conveyors-3.jpg","type":"image\/jpeg"}],"twitter_card":"summary_large_image","schema":{"@context":"https:\/\/schema.org","@graph":[{"@type":"WebPage","@id":"https:\/\/www.promostar.it\/es\/prodotto\/transportadores-de-cadena-y-rodillo\/","url":"https:\/\/www.promostar.it\/es\/prodotto\/transportadores-de-cadena-y-rodillo\/","name":"Transportadores de cadena y rodillos | Promostar","isPartOf":{"@id":"https:\/\/www.promostar.it\/es\/#website"},"datePublished":"2022-04-05T07:09:54+00:00","dateModified":"2023-04-28T07:16:55+00:00","description":"Los Transportadores de cadena y rodillos se utilizan en m\u00e1quinas de trefilado, laminaci\u00f3n en fr\u00edo y estirado para transportar las bobinas, carretes o rollos","breadcrumb":{"@id":"https:\/\/www.promostar.it\/es\/prodotto\/transportadores-de-cadena-y-rodillo\/#breadcrumb"},"inLanguage":"es","potentialAction":[{"@type":"ReadAction","target":["https:\/\/www.promostar.it\/es\/prodotto\/transportadores-de-cadena-y-rodillo\/"]}]},{"@type":"BreadcrumbList","@id":"https:\/\/www.promostar.it\/es\/prodotto\/transportadores-de-cadena-y-rodillo\/#breadcrumb","itemListElement":[{"@type":"ListItem","position":1,"name":"Home","item":"https:\/\/www.promostar.it\/es\/"},{"@type":"ListItem","position":2,"name":"Productos","item":"https:\/\/www.promostar.it\/es\/shop\/"},{"@type":"ListItem","position":3,"name":"Transportadores de cadena y rodillo"}]},{"@type":"WebSite","@id":"https:\/\/www.promostar.it\/es\/#website","url":"https:\/\/www.promostar.it\/es\/","name":"PromoStar S.r.l.","description":"Promostar \u00e8 l\u2019azienda leader e la prima ad introdurre il processo di stiratura","publisher":{"@id":"https:\/\/www.promostar.it\/es\/#organization"},"potentialAction":[{"@type":"SearchAction","target":{"@type":"EntryPoint","urlTemplate":"https:\/\/www.promostar.it\/es\/?s={search_term_string}"},"query-input":"required name=search_term_string"}],"inLanguage":"es"},{"@type":"Organization","@id":"https:\/\/www.promostar.it\/es\/#organization","name":"Promostar","url":"https:\/\/www.promostar.it\/es\/","logo":{"@type":"ImageObject","inLanguage":"es","@id":"https:\/\/www.promostar.it\/es\/#\/schema\/logo\/image\/","url":"https:\/\/www.promostar.it\/wp-content\/uploads\/2020\/10\/promostar-logo.png","contentUrl":"https:\/\/www.promostar.it\/wp-content\/uploads\/2020\/10\/promostar-logo.png","width":210,"height":69,"caption":"Promostar"},"image":{"@id":"https:\/\/www.promostar.it\/es\/#\/schema\/logo\/image\/"}}]}},"_links":{"self":[{"href":"https:\/\/www.promostar.it\/es\/wp-json\/wp\/v3\/product\/5723"}],"collection":[{"href":"https:\/\/www.promostar.it\/es\/wp-json\/wp\/v3\/product"}],"about":[{"href":"https:\/\/www.promostar.it\/es\/wp-json\/wp\/v2\/types\/product"}],"wp:featuredmedia":[{"embeddable":true,"href":"https:\/\/www.promostar.it\/es\/wp-json\/wp\/v2\/media\/4142"}],"wp:attachment":[{"href":"https:\/\/www.promostar.it\/es\/wp-json\/wp\/v2\/media?parent=5723"}],"wp:term":[{"taxonomy":"product_cat","embeddable":true,"href":"https:\/\/www.promostar.it\/es\/wp-json\/wp\/v2\/product_cat?post=5723"},{"taxonomy":"product_tag","embeddable":true,"href":"https:\/\/www.promostar.it\/es\/wp-json\/wp\/v2\/product_tag?post=5723"}],"curies":[{"name":"wp","href":"https:\/\/api.w.org\/{rel}","templated":true}]}}