{"id":5722,"date":"2022-04-05T09:20:49","date_gmt":"2022-04-05T07:20:49","guid":{"rendered":"https:\/\/www.promostar.it\/prodotto\/los-sistemas-de-limpieza-de-alambre\/"},"modified":"2023-04-28T09:04:56","modified_gmt":"2023-04-28T07:04:56","slug":"los-sistemas-de-limpieza-de-alambre","status":"publish","type":"product","link":"https:\/\/www.promostar.it\/es\/prodotto\/los-sistemas-de-limpieza-de-alambre\/","title":{"rendered":"Los sistemas de limpieza de alambre"},"content":{"rendered":"<p>[et_pb_section fb_built=\u00bb1&#8243; _builder_version=\u00bb4.17.0&#8243; _module_preset=\u00bbdefault\u00bb global_colors_info=\u00bb{}\u00bb][\/et_pb_section]<\/p>\n","protected":false},"excerpt":{"rendered":"<p><strong>Los sistemas de limpieza de alambre<\/strong> se utilizan en m\u00e1quinas de trefilado, laminaci\u00f3n en fr\u00edo y estirado para eliminar la calamina formada durante el proceso de laminaci\u00f3n en caliente y el \u00f3xido de la superficie del alambre causado por una exposici\u00f3n prolongada del material al aire y la humedad.<\/p>\n<p><strong>Los sistemas de limpieza de alambre<\/strong> est\u00e1n dise\u00f1ados y adaptados seg\u00fan los requisitos espec\u00edficos del cliente en cuanto a limpieza y disposici\u00f3n concreta de las m\u00e1quinas y la empresa del cliente.<\/p>\n<p>Nuestra gama de sistemas de limpieza mec\u00e1nica incluye:<\/p>\n<ul>\n<li>M\u00e1quina desincrustadora vertical<\/li>\n<li>M\u00e1quina desincrustadora horizontal<\/li>\n<li>Dispositivos de Limpieza basados en una combinaci\u00f3n de prensa est\u00e1tica y din\u00e1mica<\/li>\n<li>Dispositivos con cepillos abrasivos motorizados<\/li>\n<li>Rectificadora orbital de alambre equipada con cinta abrasiva<\/li>\n<\/ul>\n<p>La <strong>desincrustadora vertical y horizontal<\/strong> limpia la superficie de la varilla eliminando la cal que supone la capa de \u00f3xido superficial mediante la flexi\u00f3n alterna del alambr\u00f3n durante su paso por diferentes rodillos colocados en distintos planos. Se componen de una base y soporte r\u00edgidos, fabricados en acero sobre los que se instalan varios rodillos con un inserto de carburo de tungsteno anti-desgaste de larga duraci\u00f3n. Est\u00e1n totalmente cerradas, y la cal puede recogerse a trav\u00e9s de un recipiente presente en la parte inferior del desincrustador. El tipo vertical se utiliza para alambr\u00f3n de hasta 8 mm de di\u00e1metro y la posici\u00f3n de los rodillos es fija, mientras que el modelo horizontal permite la entrada de alambr\u00f3n de hasta 20 mm de di\u00e1metro y el grado de desincrustaci\u00f3n, dada la capacidad de dos (2) rodillos ajustables para penetrar en el alambre, puede regularse directamente desde el p\u00falpito de mando gracias a la utilizaci\u00f3n de husillos motorizados (un sensor el\u00e9ctrico permite registrar y recuperar por receta la posici\u00f3n de los rodillos, ajust\u00e1ndolos autom\u00e1ticamente). Estos dispositivos est\u00e1n indicados para una primera y brusca limpieza de la b\u00e1scula.<\/p>\n","protected":false},"featured_media":4145,"template":"","meta":{"_et_pb_use_builder":"on","_et_pb_old_content":"<strong>Los sistemas de limpieza de alambre<\/strong> se utilizan en m\u00e1quinas de trefilado, laminaci\u00f3n en fr\u00edo y estirado para eliminar la calamina formada durante el proceso de laminaci\u00f3n en caliente y el \u00f3xido de la superficie del alambre causado por una exposici\u00f3n prolongada del material al aire y la humedad.\n\n<strong>Los sistemas de limpieza de alambre<\/strong> est\u00e1n dise\u00f1ados y adaptados seg\u00fan los requisitos espec\u00edficos del cliente en cuanto a limpieza y disposici\u00f3n concreta de las m\u00e1quinas y la empresa del cliente.\n\nNuestra gama de sistemas de limpieza mec\u00e1nica incluye:\n<ul>\n \t<li>M\u00e1quina desincrustadora vertical<\/li>\n \t<li>M\u00e1quina desincrustadora horizontal<\/li>\n \t<li>Dispositivos de Limpieza basados en una combinaci\u00f3n de prensa est\u00e1tica y din\u00e1mica<\/li>\n \t<li>Dispositivos con cepillos abrasivos motorizados<\/li>\n \t<li>Rectificadora orbital de alambre equipada con cinta abrasiva<\/li>\n<\/ul>\nLa <strong>desincrustadora vertical y horizontal<\/strong> limpia la superficie de la varilla eliminando la cal que supone la capa de \u00f3xido superficial mediante la flexi\u00f3n alterna del alambr\u00f3n durante su paso por diferentes rodillos colocados en distintos planos. Se componen de una base y soporte r\u00edgidos, fabricados en acero sobre los que se instalan varios rodillos con un inserto de carburo de tungsteno anti-desgaste de larga duraci\u00f3n. Est\u00e1n totalmente cerradas, y la cal puede recogerse a trav\u00e9s de un recipiente presente en la parte inferior del desincrustador. El tipo vertical se utiliza para alambr\u00f3n de hasta 8 mm de di\u00e1metro y la posici\u00f3n de los rodillos es fija, mientras que el modelo horizontal permite la entrada de alambr\u00f3n de hasta 20 mm de di\u00e1metro y el grado de desincrustaci\u00f3n, dada la capacidad de dos (2) rodillos ajustables para penetrar en el alambre, puede regularse directamente desde el p\u00falpito de mando gracias a la utilizaci\u00f3n de husillos motorizados (un sensor el\u00e9ctrico permite registrar y recuperar por receta la posici\u00f3n de los rodillos, ajust\u00e1ndolos autom\u00e1ticamente). Estos dispositivos est\u00e1n indicados para una primera y brusca limpieza de la b\u00e1scula.\n\nLos <strong>dispositivos de limpieza basados en una combinaci\u00f3n de prensa est\u00e1tica y din\u00e1mica<\/strong> limpian la superficie del alambre mediante la acci\u00f3n abrasiva de una esponja de alto contenido en carbono que alimenta la prensa. Normalmente este dispositivo est\u00e1 equipado con una (1) prensa est\u00e1tica y dos (2) din\u00e1micas. En la prensa est\u00e1tica la acci\u00f3n limpiadora se produce por el movimiento de avance del alambr\u00f3n a trav\u00e9s de la esponja (el desgaste de la esponja es compensado por el dispositivo interno de la prensa que empuja continuamente la esponja sobre la superficie del alambr\u00f3n). Las prensas din\u00e1micas, son prensas rotativas, donde la acci\u00f3n limpiadora se produce por la combinaci\u00f3n del movimiento de avance del alambr\u00f3n y el movimiento rotativo de la esponja alrededor del alambre (gracias a la fuerza centr\u00edfuga generada durante la rotaci\u00f3n la esponja es empujada continuamente sobre la superficie del alambr\u00f3n). Las dos (2) prensas din\u00e1micas giran en sentido opuesto una respecto a la otra (una en el sentido de las agujas del reloj y la otra en sentido contrario) y gracias a una funci\u00f3n que permite invertir la rotaci\u00f3n, mantienen el abrasivo afilado durante el funcionamiento garantizando una mejor calidad de limpieza. Estos dispositivos est\u00e1n indicados para una limpieza media-baja del alambre despu\u00e9s del dispositivo desincrustador.\n\nLos <strong>dispositivos con cepillos abrasivos motorizados<\/strong> est\u00e1n formados por dos (2) o cuatro (4) cepillos giratorios motorizados montados sobre un cabezal orbital que giran alrededor del alambr\u00f3n. La acci\u00f3n limpiadora producida por los cepillos abrasivos se debe a la combinaci\u00f3n del movimiento de avance del alambr\u00f3n, el movimiento orbital del cabezal y el movimiento de rotaci\u00f3n de los cepillos. Estos dispositivos est\u00e1n indicados para una limpieza media-baja del alambre despu\u00e9s del dispositivo desincrustador.\n\nLa <strong>rectificadora orbital de alambre<\/strong> limpia la superficie del alambr\u00f3n mediante cintas abrasivas cuyo grano depende de la calidad del alambr\u00f3n de entrada y de la calidad de limpieza solicitada. La m\u00e1quina se compone de un cabezal orbital motorizado que pone en movimiento la cinta abrasiva y gira alrededor de la superficie del alambr\u00f3n. La acci\u00f3n de limpieza abrasiva es una combinaci\u00f3n del movimiento de avance del alambr\u00f3n, el movimiento de rotaci\u00f3n del cabezal orbital, el movimiento de avance de la cinta y la granulometr\u00eda de la cinta abrasiva utilizada. Este dispositivo ofrece una alternativa v\u00e1lida a los procesos de decapado qu\u00edmico, por lo que se recomiendan cuando se requiere una limpieza m\u00e1s profunda.","_et_gb_content_width":""},"product_cat":[179],"product_tag":[98,101,107,110,117,119,121,126,132,133,141],"yoast_head":"<!-- This site is optimized with the Yoast SEO plugin v20.5 - https:\/\/yoast.com\/wordpress\/plugins\/seo\/ -->\n<title>Los sistemas de limpieza de alambre | Promostar<\/title>\n<meta name=\"description\" content=\"Los sistemas de limpieza de alambre se utilizan en m\u00e1quinas de trefilado, laminaci\u00f3n en fr\u00edo y estirado para eliminar la calamina formada durante el proceso de laminaci\u00f3n en caliente y el \u00f3xido\" \/>\n<meta name=\"robots\" content=\"index, follow, max-snippet:-1, max-image-preview:large, max-video-preview:-1\" \/>\n<link rel=\"canonical\" href=\"https:\/\/www.promostar.it\/es\/prodotto\/los-sistemas-de-limpieza-de-alambre\/\" \/>\n<meta property=\"og:locale\" content=\"es_ES\" \/>\n<meta property=\"og:type\" content=\"article\" \/>\n<meta property=\"og:title\" content=\"Los sistemas de limpieza de alambre | Promostar\" \/>\n<meta property=\"og:description\" content=\"Los sistemas de limpieza de alambre se utilizan en m\u00e1quinas de trefilado, laminaci\u00f3n en fr\u00edo y estirado para eliminar la calamina formada durante el proceso de laminaci\u00f3n en caliente y el \u00f3xido\" \/>\n<meta property=\"og:url\" content=\"https:\/\/www.promostar.it\/es\/prodotto\/los-sistemas-de-limpieza-de-alambre\/\" \/>\n<meta property=\"og:site_name\" content=\"PromoStar S.r.l.\" \/>\n<meta property=\"article:modified_time\" content=\"2023-04-28T07:04:56+00:00\" \/>\n<meta property=\"og:image\" content=\"https:\/\/www.promostar.it\/wp-content\/uploads\/2022\/04\/Cleaning-wire-systems-3-transparent.jpg\" \/>\n\t<meta property=\"og:image:width\" content=\"1200\" \/>\n\t<meta property=\"og:image:height\" content=\"1200\" \/>\n\t<meta property=\"og:image:type\" content=\"image\/jpeg\" \/>\n<meta name=\"twitter:card\" content=\"summary_large_image\" \/>\n<script type=\"application\/ld+json\" class=\"yoast-schema-graph\">{\"@context\":\"https:\/\/schema.org\",\"@graph\":[{\"@type\":\"WebPage\",\"@id\":\"https:\/\/www.promostar.it\/es\/prodotto\/los-sistemas-de-limpieza-de-alambre\/\",\"url\":\"https:\/\/www.promostar.it\/es\/prodotto\/los-sistemas-de-limpieza-de-alambre\/\",\"name\":\"Los sistemas de limpieza de alambre | Promostar\",\"isPartOf\":{\"@id\":\"https:\/\/www.promostar.it\/es\/#website\"},\"datePublished\":\"2022-04-05T07:20:49+00:00\",\"dateModified\":\"2023-04-28T07:04:56+00:00\",\"description\":\"Los sistemas de limpieza de alambre se utilizan en m\u00e1quinas de trefilado, laminaci\u00f3n en fr\u00edo y estirado para eliminar la calamina formada durante el proceso de laminaci\u00f3n en caliente y el \u00f3xido\",\"breadcrumb\":{\"@id\":\"https:\/\/www.promostar.it\/es\/prodotto\/los-sistemas-de-limpieza-de-alambre\/#breadcrumb\"},\"inLanguage\":\"es\",\"potentialAction\":[{\"@type\":\"ReadAction\",\"target\":[\"https:\/\/www.promostar.it\/es\/prodotto\/los-sistemas-de-limpieza-de-alambre\/\"]}]},{\"@type\":\"BreadcrumbList\",\"@id\":\"https:\/\/www.promostar.it\/es\/prodotto\/los-sistemas-de-limpieza-de-alambre\/#breadcrumb\",\"itemListElement\":[{\"@type\":\"ListItem\",\"position\":1,\"name\":\"Home\",\"item\":\"https:\/\/www.promostar.it\/es\/home-2\/\"},{\"@type\":\"ListItem\",\"position\":2,\"name\":\"Productos\",\"item\":\"https:\/\/www.promostar.it\/es\/shop\/\"},{\"@type\":\"ListItem\",\"position\":3,\"name\":\"Los sistemas de limpieza de alambre\"}]},{\"@type\":\"WebSite\",\"@id\":\"https:\/\/www.promostar.it\/es\/#website\",\"url\":\"https:\/\/www.promostar.it\/es\/\",\"name\":\"PromoStar S.r.l.\",\"description\":\"Promostar \u00e8 l\u2019azienda leader e la prima ad introdurre il processo di stiratura\",\"publisher\":{\"@id\":\"https:\/\/www.promostar.it\/es\/#organization\"},\"potentialAction\":[{\"@type\":\"SearchAction\",\"target\":{\"@type\":\"EntryPoint\",\"urlTemplate\":\"https:\/\/www.promostar.it\/es\/?s={search_term_string}\"},\"query-input\":\"required name=search_term_string\"}],\"inLanguage\":\"es\"},{\"@type\":\"Organization\",\"@id\":\"https:\/\/www.promostar.it\/es\/#organization\",\"name\":\"Promostar\",\"url\":\"https:\/\/www.promostar.it\/es\/\",\"logo\":{\"@type\":\"ImageObject\",\"inLanguage\":\"es\",\"@id\":\"https:\/\/www.promostar.it\/es\/#\/schema\/logo\/image\/\",\"url\":\"https:\/\/www.promostar.it\/wp-content\/uploads\/2020\/10\/promostar-logo.png\",\"contentUrl\":\"https:\/\/www.promostar.it\/wp-content\/uploads\/2020\/10\/promostar-logo.png\",\"width\":210,\"height\":69,\"caption\":\"Promostar\"},\"image\":{\"@id\":\"https:\/\/www.promostar.it\/es\/#\/schema\/logo\/image\/\"}}]}<\/script>\n<!-- \/ Yoast SEO plugin. -->","yoast_head_json":{"title":"Los sistemas de limpieza de alambre | Promostar","description":"Los sistemas de limpieza de alambre se utilizan en m\u00e1quinas de trefilado, laminaci\u00f3n en fr\u00edo y estirado para eliminar la calamina formada durante el proceso de laminaci\u00f3n en caliente y el \u00f3xido","robots":{"index":"index","follow":"follow","max-snippet":"max-snippet:-1","max-image-preview":"max-image-preview:large","max-video-preview":"max-video-preview:-1"},"canonical":"https:\/\/www.promostar.it\/es\/prodotto\/los-sistemas-de-limpieza-de-alambre\/","og_locale":"es_ES","og_type":"article","og_title":"Los sistemas de limpieza de alambre | Promostar","og_description":"Los sistemas de limpieza de alambre se utilizan en m\u00e1quinas de trefilado, laminaci\u00f3n en fr\u00edo y estirado para eliminar la calamina formada durante el proceso de laminaci\u00f3n en caliente y el \u00f3xido","og_url":"https:\/\/www.promostar.it\/es\/prodotto\/los-sistemas-de-limpieza-de-alambre\/","og_site_name":"PromoStar S.r.l.","article_modified_time":"2023-04-28T07:04:56+00:00","og_image":[{"width":1200,"height":1200,"url":"https:\/\/www.promostar.it\/wp-content\/uploads\/2022\/04\/Cleaning-wire-systems-3-transparent.jpg","type":"image\/jpeg"}],"twitter_card":"summary_large_image","schema":{"@context":"https:\/\/schema.org","@graph":[{"@type":"WebPage","@id":"https:\/\/www.promostar.it\/es\/prodotto\/los-sistemas-de-limpieza-de-alambre\/","url":"https:\/\/www.promostar.it\/es\/prodotto\/los-sistemas-de-limpieza-de-alambre\/","name":"Los sistemas de limpieza de alambre | Promostar","isPartOf":{"@id":"https:\/\/www.promostar.it\/es\/#website"},"datePublished":"2022-04-05T07:20:49+00:00","dateModified":"2023-04-28T07:04:56+00:00","description":"Los sistemas de limpieza de alambre se utilizan en m\u00e1quinas de trefilado, laminaci\u00f3n en fr\u00edo y estirado para eliminar la calamina formada durante el proceso de laminaci\u00f3n en caliente y el \u00f3xido","breadcrumb":{"@id":"https:\/\/www.promostar.it\/es\/prodotto\/los-sistemas-de-limpieza-de-alambre\/#breadcrumb"},"inLanguage":"es","potentialAction":[{"@type":"ReadAction","target":["https:\/\/www.promostar.it\/es\/prodotto\/los-sistemas-de-limpieza-de-alambre\/"]}]},{"@type":"BreadcrumbList","@id":"https:\/\/www.promostar.it\/es\/prodotto\/los-sistemas-de-limpieza-de-alambre\/#breadcrumb","itemListElement":[{"@type":"ListItem","position":1,"name":"Home","item":"https:\/\/www.promostar.it\/es\/home-2\/"},{"@type":"ListItem","position":2,"name":"Productos","item":"https:\/\/www.promostar.it\/es\/shop\/"},{"@type":"ListItem","position":3,"name":"Los sistemas de limpieza de alambre"}]},{"@type":"WebSite","@id":"https:\/\/www.promostar.it\/es\/#website","url":"https:\/\/www.promostar.it\/es\/","name":"PromoStar S.r.l.","description":"Promostar \u00e8 l\u2019azienda leader e la prima ad introdurre il processo di stiratura","publisher":{"@id":"https:\/\/www.promostar.it\/es\/#organization"},"potentialAction":[{"@type":"SearchAction","target":{"@type":"EntryPoint","urlTemplate":"https:\/\/www.promostar.it\/es\/?s={search_term_string}"},"query-input":"required name=search_term_string"}],"inLanguage":"es"},{"@type":"Organization","@id":"https:\/\/www.promostar.it\/es\/#organization","name":"Promostar","url":"https:\/\/www.promostar.it\/es\/","logo":{"@type":"ImageObject","inLanguage":"es","@id":"https:\/\/www.promostar.it\/es\/#\/schema\/logo\/image\/","url":"https:\/\/www.promostar.it\/wp-content\/uploads\/2020\/10\/promostar-logo.png","contentUrl":"https:\/\/www.promostar.it\/wp-content\/uploads\/2020\/10\/promostar-logo.png","width":210,"height":69,"caption":"Promostar"},"image":{"@id":"https:\/\/www.promostar.it\/es\/#\/schema\/logo\/image\/"}}]}},"_links":{"self":[{"href":"https:\/\/www.promostar.it\/es\/wp-json\/wp\/v3\/product\/5722"}],"collection":[{"href":"https:\/\/www.promostar.it\/es\/wp-json\/wp\/v3\/product"}],"about":[{"href":"https:\/\/www.promostar.it\/es\/wp-json\/wp\/v2\/types\/product"}],"wp:featuredmedia":[{"embeddable":true,"href":"https:\/\/www.promostar.it\/es\/wp-json\/wp\/v2\/media\/4145"}],"wp:attachment":[{"href":"https:\/\/www.promostar.it\/es\/wp-json\/wp\/v2\/media?parent=5722"}],"wp:term":[{"taxonomy":"product_cat","embeddable":true,"href":"https:\/\/www.promostar.it\/es\/wp-json\/wp\/v2\/product_cat?post=5722"},{"taxonomy":"product_tag","embeddable":true,"href":"https:\/\/www.promostar.it\/es\/wp-json\/wp\/v2\/product_tag?post=5722"}],"curies":[{"name":"wp","href":"https:\/\/api.w.org\/{rel}","templated":true}]}}