{"id":5721,"date":"2022-04-05T09:25:59","date_gmt":"2022-04-05T07:25:59","guid":{"rendered":"https:\/\/www.promostar.it\/prodotto\/carretes-plegables-carretes-desmontables\/"},"modified":"2023-04-27T16:08:04","modified_gmt":"2023-04-27T14:08:04","slug":"carretes-plegables-carretes-desmontables","status":"publish","type":"product","link":"https:\/\/www.promostar.it\/es\/prodotto\/carretes-plegables-carretes-desmontables\/","title":{"rendered":"Carretes plegables \u2013 Carretes desmontables"},"content":{"rendered":"<p>[et_pb_section fb_built=\u00bb1&#8243; _builder_version=\u00bb4.17.0&#8243; _module_preset=\u00bbdefault\u00bb global_colors_info=\u00bb{}\u00bb][\/et_pb_section]<\/p>\n","protected":false},"excerpt":{"rendered":"<p><strong>Carretes plegables \u2013 Carretes desmontables<\/strong> se utilizan para recoger el alambre tras el proceso de laminaci\u00f3n en fr\u00edo, trefilado o estirado en carretes o bobinas para la producci\u00f3n de bobinas compactas con fleje.<\/p>\n<p><strong>Carretes plegables \u2013 Carretes desmontables<\/strong> pueden adaptarse a diferentes tipos de carretes (horizontales y verticales), con diferentes dimensiones y capacidades de carga.<\/p>\n<p>Los carretes plegables constan b\u00e1sicamente de dos bridas y un n\u00facleo central fabricado en carpinter\u00eda met\u00e1lica s\u00f3lida.<\/p>\n<p>En el caso de los carretes con <strong><u>desmontaje manual<\/u><\/strong> para <a href=\"https:\/\/www.promostar.it\/prodotto\/vegastar-copia\/\"><u>bobinadores horizontales<\/u><\/a>, una vez finalizadas las operaciones de flejado, el operador retira manualmente la brida superior mediante una gr\u00faa. A continuaci\u00f3n, con un alicate especial, se puede retirar la bobina producida del n\u00facleo central (que es parte integral con la brida inferior) y proceder de nuevo al re-ensamblaje del carrete siguiendo el trayecto inverso.<\/p>\n<p>En el caso de carretes con <strong>desmontaje manual<\/strong> <a href=\"https:\/\/www.promostar.it\/prodotto\/vertical-automatic-spooler-machine\/\"><u>para bobinadores verticales<\/u><\/a>, una vez finalizadas las operaciones de flejado, la brida superior (que forma parte integral con el n\u00facleo central), es retirada manualmente por el operador mediante un dispositivo de elevaci\u00f3n adecuado (puente gr\u00faa). La brida arrastra el barril y, en consecuencia, tambi\u00e9n la bobina producida; Juntos, son depositados por el operador en la zona de descarga. En este punto, el operador, mediante la conexi\u00f3n del dispositivo de elevaci\u00f3n (puente gr\u00faa) a los ganchos espec\u00edficos presentes en los carretes que activan mec\u00e1nicamente otras palancas, puede liberar el barril central de la bobina compacta y luego puede traer la brida superior de nuevo con su barril por encima de la brida inferior para realizar el re-ensamblaje de la bobina.<\/p>\n","protected":false},"featured_media":4148,"template":"","meta":{"_et_pb_use_builder":"on","_et_pb_old_content":"<strong>Carretes plegables \u2013 Carretes desmontables<\/strong> se utilizan para recoger el alambre tras el proceso de laminaci\u00f3n en fr\u00edo, trefilado o estirado en carretes o bobinas para la producci\u00f3n de bobinas compactas con fleje.\n\n<strong>Carretes plegables \u2013 Carretes desmontables<\/strong> pueden adaptarse a diferentes tipos de carretes (horizontales y verticales), con diferentes dimensiones y capacidades de carga.\n\nLos carretes plegables constan b\u00e1sicamente de dos bridas y un n\u00facleo central fabricado en carpinter\u00eda met\u00e1lica s\u00f3lida.\n\nEn el caso de los carretes con <strong><u>desmontaje manual<\/u><\/strong> para <a href=\"https:\/\/www.promostar.it\/prodotto\/vegastar-copia\/\"><u>bobinadores horizontales<\/u><\/a>, una vez finalizadas las operaciones de flejado, el operador retira manualmente la brida superior mediante una gr\u00faa. A continuaci\u00f3n, con un alicate especial, se puede retirar la bobina producida del n\u00facleo central (que es parte integral con la brida inferior) y proceder de nuevo al re-ensamblaje del carrete siguiendo el trayecto inverso.\n\nEn el caso de carretes con <strong>desmontaje manual<\/strong> <a href=\"https:\/\/www.promostar.it\/prodotto\/vertical-automatic-spooler-machine\/\"><u>para bobinadores verticales<\/u><\/a>, una vez finalizadas las operaciones de flejado, la brida superior (que forma parte integral con el n\u00facleo central), es retirada manualmente por el operador mediante un dispositivo de elevaci\u00f3n adecuado (puente gr\u00faa). La brida arrastra el barril y, en consecuencia, tambi\u00e9n la bobina producida; Juntos, son depositados por el operador en la zona de descarga. En este punto, el operador, mediante la conexi\u00f3n del dispositivo de elevaci\u00f3n (puente gr\u00faa) a los ganchos espec\u00edficos presentes en los carretes que activan mec\u00e1nicamente otras palancas, puede liberar el barril central de la bobina compacta y luego puede traer la brida superior de nuevo con su barril por encima de la brida inferior para realizar el re-ensamblaje de la bobina.\n\nEn el caso de carretes con <strong>desmontaje autom\u00e1tico<\/strong> para <a href=\"https:\/\/www.promostar.it\/prodotto\/vertical-automatic-spooler-machine\/\"><u>bobinadores verticales autom\u00e1ticos<\/u><\/a>, despu\u00e9s de las operaciones de flejado, la brida superior (que est\u00e1 integrada con el n\u00facleo central), es retirada por el manipulador a\u00e9reo (que est\u00e1 integrado en el bobinador autom\u00e1tico). La brida arrastra el barril central y, en consecuencia, la bobina producida; Juntos son depositados por el manipulador en la zona de descarga. En este punto, el manipulador, activando hidr\u00e1ulicamente otras palancas, es capaz de liberar el barril central de la bobina compacta y, a continuaci\u00f3n, lleva la brida superior de nuevo con su barril por encima de la brida inferior para realizar autom\u00e1ticamente el re-ensamblaje de la bobina.\n\nLas aplicaciones finales del producto son normalmente mallas de refuerzo, estribos, jaulas y vigas de celos\u00eda para la construcci\u00f3n civil e industrial, cimentaciones e industria de prefabricados.","_et_gb_content_width":""},"product_cat":[179],"product_tag":[98,105,107,110,114,119,133,138],"yoast_head":"<!-- This site is optimized with the Yoast SEO plugin v20.5 - https:\/\/yoast.com\/wordpress\/plugins\/seo\/ -->\n<title>Carretes plegables \u2013 Carretes desmontables | Promostar<\/title>\n<meta name=\"description\" content=\"Carretes plegables \u2013 Carretes desmontables se utilizan para recoger el alambre tras el proceso de laminaci\u00f3n en fr\u00edo, trefilado o estirado en carretes o bobinas\" \/>\n<meta name=\"robots\" content=\"index, follow, max-snippet:-1, max-image-preview:large, max-video-preview:-1\" \/>\n<link rel=\"canonical\" href=\"https:\/\/www.promostar.it\/es\/prodotto\/carretes-plegables-carretes-desmontables\/\" \/>\n<meta property=\"og:locale\" content=\"es_ES\" \/>\n<meta property=\"og:type\" content=\"article\" \/>\n<meta property=\"og:title\" content=\"Carretes plegables \u2013 Carretes desmontables | Promostar\" \/>\n<meta property=\"og:description\" content=\"Carretes plegables \u2013 Carretes desmontables se utilizan para recoger el alambre tras el proceso de laminaci\u00f3n en fr\u00edo, trefilado o estirado en carretes o bobinas\" \/>\n<meta property=\"og:url\" content=\"https:\/\/www.promostar.it\/es\/prodotto\/carretes-plegables-carretes-desmontables\/\" \/>\n<meta property=\"og:site_name\" content=\"PromoStar S.r.l.\" \/>\n<meta property=\"article:modified_time\" content=\"2023-04-27T14:08:04+00:00\" \/>\n<meta property=\"og:image\" content=\"https:\/\/www.promostar.it\/wp-content\/uploads\/2022\/04\/Manual-collapsible-spool-2-transparent.jpg\" \/>\n\t<meta property=\"og:image:width\" content=\"1200\" \/>\n\t<meta property=\"og:image:height\" content=\"1200\" \/>\n\t<meta property=\"og:image:type\" content=\"image\/jpeg\" \/>\n<meta name=\"twitter:card\" content=\"summary_large_image\" \/>\n<script type=\"application\/ld+json\" class=\"yoast-schema-graph\">{\"@context\":\"https:\/\/schema.org\",\"@graph\":[{\"@type\":\"WebPage\",\"@id\":\"https:\/\/www.promostar.it\/es\/prodotto\/carretes-plegables-carretes-desmontables\/\",\"url\":\"https:\/\/www.promostar.it\/es\/prodotto\/carretes-plegables-carretes-desmontables\/\",\"name\":\"Carretes plegables \u2013 Carretes desmontables | Promostar\",\"isPartOf\":{\"@id\":\"https:\/\/www.promostar.it\/es\/#website\"},\"datePublished\":\"2022-04-05T07:25:59+00:00\",\"dateModified\":\"2023-04-27T14:08:04+00:00\",\"description\":\"Carretes plegables \u2013 Carretes desmontables se utilizan para recoger el alambre tras el proceso de laminaci\u00f3n en fr\u00edo, trefilado o estirado en carretes o bobinas\",\"breadcrumb\":{\"@id\":\"https:\/\/www.promostar.it\/es\/prodotto\/carretes-plegables-carretes-desmontables\/#breadcrumb\"},\"inLanguage\":\"es\",\"potentialAction\":[{\"@type\":\"ReadAction\",\"target\":[\"https:\/\/www.promostar.it\/es\/prodotto\/carretes-plegables-carretes-desmontables\/\"]}]},{\"@type\":\"BreadcrumbList\",\"@id\":\"https:\/\/www.promostar.it\/es\/prodotto\/carretes-plegables-carretes-desmontables\/#breadcrumb\",\"itemListElement\":[{\"@type\":\"ListItem\",\"position\":1,\"name\":\"Home\",\"item\":\"https:\/\/www.promostar.it\/es\/home-2\/\"},{\"@type\":\"ListItem\",\"position\":2,\"name\":\"Productos\",\"item\":\"https:\/\/www.promostar.it\/es\/shop\/\"},{\"@type\":\"ListItem\",\"position\":3,\"name\":\"Carretes plegables \u2013 Carretes desmontables\"}]},{\"@type\":\"WebSite\",\"@id\":\"https:\/\/www.promostar.it\/es\/#website\",\"url\":\"https:\/\/www.promostar.it\/es\/\",\"name\":\"PromoStar S.r.l.\",\"description\":\"Promostar \u00e8 l\u2019azienda leader e la prima ad introdurre il processo di stiratura\",\"publisher\":{\"@id\":\"https:\/\/www.promostar.it\/es\/#organization\"},\"potentialAction\":[{\"@type\":\"SearchAction\",\"target\":{\"@type\":\"EntryPoint\",\"urlTemplate\":\"https:\/\/www.promostar.it\/es\/?s={search_term_string}\"},\"query-input\":\"required name=search_term_string\"}],\"inLanguage\":\"es\"},{\"@type\":\"Organization\",\"@id\":\"https:\/\/www.promostar.it\/es\/#organization\",\"name\":\"Promostar\",\"url\":\"https:\/\/www.promostar.it\/es\/\",\"logo\":{\"@type\":\"ImageObject\",\"inLanguage\":\"es\",\"@id\":\"https:\/\/www.promostar.it\/es\/#\/schema\/logo\/image\/\",\"url\":\"https:\/\/www.promostar.it\/wp-content\/uploads\/2020\/10\/promostar-logo.png\",\"contentUrl\":\"https:\/\/www.promostar.it\/wp-content\/uploads\/2020\/10\/promostar-logo.png\",\"width\":210,\"height\":69,\"caption\":\"Promostar\"},\"image\":{\"@id\":\"https:\/\/www.promostar.it\/es\/#\/schema\/logo\/image\/\"}}]}<\/script>\n<!-- \/ Yoast SEO plugin. -->","yoast_head_json":{"title":"Carretes plegables \u2013 Carretes desmontables | Promostar","description":"Carretes plegables \u2013 Carretes desmontables se utilizan para recoger el alambre tras el proceso de laminaci\u00f3n en fr\u00edo, trefilado o estirado en carretes o bobinas","robots":{"index":"index","follow":"follow","max-snippet":"max-snippet:-1","max-image-preview":"max-image-preview:large","max-video-preview":"max-video-preview:-1"},"canonical":"https:\/\/www.promostar.it\/es\/prodotto\/carretes-plegables-carretes-desmontables\/","og_locale":"es_ES","og_type":"article","og_title":"Carretes plegables \u2013 Carretes desmontables | Promostar","og_description":"Carretes plegables \u2013 Carretes desmontables se utilizan para recoger el alambre tras el proceso de laminaci\u00f3n en fr\u00edo, trefilado o estirado en carretes o bobinas","og_url":"https:\/\/www.promostar.it\/es\/prodotto\/carretes-plegables-carretes-desmontables\/","og_site_name":"PromoStar S.r.l.","article_modified_time":"2023-04-27T14:08:04+00:00","og_image":[{"width":1200,"height":1200,"url":"https:\/\/www.promostar.it\/wp-content\/uploads\/2022\/04\/Manual-collapsible-spool-2-transparent.jpg","type":"image\/jpeg"}],"twitter_card":"summary_large_image","schema":{"@context":"https:\/\/schema.org","@graph":[{"@type":"WebPage","@id":"https:\/\/www.promostar.it\/es\/prodotto\/carretes-plegables-carretes-desmontables\/","url":"https:\/\/www.promostar.it\/es\/prodotto\/carretes-plegables-carretes-desmontables\/","name":"Carretes plegables \u2013 Carretes desmontables | Promostar","isPartOf":{"@id":"https:\/\/www.promostar.it\/es\/#website"},"datePublished":"2022-04-05T07:25:59+00:00","dateModified":"2023-04-27T14:08:04+00:00","description":"Carretes plegables \u2013 Carretes desmontables se utilizan para recoger el alambre tras el proceso de laminaci\u00f3n en fr\u00edo, trefilado o estirado en carretes o bobinas","breadcrumb":{"@id":"https:\/\/www.promostar.it\/es\/prodotto\/carretes-plegables-carretes-desmontables\/#breadcrumb"},"inLanguage":"es","potentialAction":[{"@type":"ReadAction","target":["https:\/\/www.promostar.it\/es\/prodotto\/carretes-plegables-carretes-desmontables\/"]}]},{"@type":"BreadcrumbList","@id":"https:\/\/www.promostar.it\/es\/prodotto\/carretes-plegables-carretes-desmontables\/#breadcrumb","itemListElement":[{"@type":"ListItem","position":1,"name":"Home","item":"https:\/\/www.promostar.it\/es\/home-2\/"},{"@type":"ListItem","position":2,"name":"Productos","item":"https:\/\/www.promostar.it\/es\/shop\/"},{"@type":"ListItem","position":3,"name":"Carretes plegables \u2013 Carretes desmontables"}]},{"@type":"WebSite","@id":"https:\/\/www.promostar.it\/es\/#website","url":"https:\/\/www.promostar.it\/es\/","name":"PromoStar S.r.l.","description":"Promostar \u00e8 l\u2019azienda leader e la prima ad introdurre il processo di stiratura","publisher":{"@id":"https:\/\/www.promostar.it\/es\/#organization"},"potentialAction":[{"@type":"SearchAction","target":{"@type":"EntryPoint","urlTemplate":"https:\/\/www.promostar.it\/es\/?s={search_term_string}"},"query-input":"required name=search_term_string"}],"inLanguage":"es"},{"@type":"Organization","@id":"https:\/\/www.promostar.it\/es\/#organization","name":"Promostar","url":"https:\/\/www.promostar.it\/es\/","logo":{"@type":"ImageObject","inLanguage":"es","@id":"https:\/\/www.promostar.it\/es\/#\/schema\/logo\/image\/","url":"https:\/\/www.promostar.it\/wp-content\/uploads\/2020\/10\/promostar-logo.png","contentUrl":"https:\/\/www.promostar.it\/wp-content\/uploads\/2020\/10\/promostar-logo.png","width":210,"height":69,"caption":"Promostar"},"image":{"@id":"https:\/\/www.promostar.it\/es\/#\/schema\/logo\/image\/"}}]}},"_links":{"self":[{"href":"https:\/\/www.promostar.it\/es\/wp-json\/wp\/v3\/product\/5721"}],"collection":[{"href":"https:\/\/www.promostar.it\/es\/wp-json\/wp\/v3\/product"}],"about":[{"href":"https:\/\/www.promostar.it\/es\/wp-json\/wp\/v2\/types\/product"}],"wp:featuredmedia":[{"embeddable":true,"href":"https:\/\/www.promostar.it\/es\/wp-json\/wp\/v2\/media\/4148"}],"wp:attachment":[{"href":"https:\/\/www.promostar.it\/es\/wp-json\/wp\/v2\/media?parent=5721"}],"wp:term":[{"taxonomy":"product_cat","embeddable":true,"href":"https:\/\/www.promostar.it\/es\/wp-json\/wp\/v2\/product_cat?post=5721"},{"taxonomy":"product_tag","embeddable":true,"href":"https:\/\/www.promostar.it\/es\/wp-json\/wp\/v2\/product_tag?post=5721"}],"curies":[{"name":"wp","href":"https:\/\/api.w.org\/{rel}","templated":true}]}}