{"id":5720,"date":"2022-04-05T09:34:29","date_gmt":"2022-04-05T07:34:29","guid":{"rendered":"https:\/\/www.promostar.it\/prodotto\/desincrustadores\/"},"modified":"2023-04-27T15:41:41","modified_gmt":"2023-04-27T13:41:41","slug":"desincrustadores","status":"publish","type":"product","link":"https:\/\/www.promostar.it\/es\/prodotto\/desincrustadores\/","title":{"rendered":"Desincrustadores"},"content":{"rendered":"<p>[et_pb_section fb_built=\u00bb1&#8243; _builder_version=\u00bb4.17.0&#8243; _module_preset=\u00bbdefault\u00bb global_colors_info=\u00bb{}\u00bb][\/et_pb_section]<\/p>\n","protected":false},"excerpt":{"rendered":"<p>Los <strong>Desincrustadores<\/strong> se utilizan en m\u00e1quinas de trefilado, laminaci\u00f3n en fr\u00edo y estirado para eliminar la calamina formada durante el proceso de laminaci\u00f3n en caliente y el \u00f3xido de la superficie del alambre causado por una exposici\u00f3n prolongada del material con el aire y la humedad.<\/p>\n<p>Los <strong>Desincrustadores<\/strong> se dise\u00f1an y personalizan en funci\u00f3n de los requisitos del cliente en cuanto a limpieza y disposici\u00f3n espec\u00edfica de la instalaci\u00f3n de las m\u00e1quinas y la empresa del cliente.<\/p>\n<p>Nuestra gama de desincrustadores mec\u00e1nicos inclu<\/p>\n<ul>\n<li>M\u00e1quina desincrustadora vertical<\/li>\n<li>M\u00e1quina desincrustadora horizontal<\/li>\n<\/ul>\n<p>La <strong>desincrustadora vertical y horizontal<\/strong> limpia la superficie de la varilla eliminando la cal que supone la capa de \u00f3xido superficial mediante la flexi\u00f3n alterna del alambr\u00f3n durante su paso por diferentes rodillos colocados en distintos planos.<\/p>\n","protected":false},"featured_media":4151,"template":"","meta":{"_et_pb_use_builder":"on","_et_pb_old_content":"Los <strong>Desincrustadores<\/strong> se utilizan en m\u00e1quinas de trefilado, laminaci\u00f3n en fr\u00edo y estirado para eliminar la calamina formada durante el proceso de laminaci\u00f3n en caliente y el \u00f3xido de la superficie del alambre causado por una exposici\u00f3n prolongada del material con el aire y la humedad.\n\nLos <strong>Desincrustadores<\/strong> se dise\u00f1an y personalizan en funci\u00f3n de los requisitos del cliente en cuanto a limpieza y disposici\u00f3n espec\u00edfica de la instalaci\u00f3n de las m\u00e1quinas y la empresa del cliente.\n\nNuestra gama de desincrustadores mec\u00e1nicos inclu\n<ul>\n \t<li>M\u00e1quina desincrustadora vertical<\/li>\n \t<li>M\u00e1quina desincrustadora horizontal<\/li>\n<\/ul>\nLa <strong>desincrustadora vertical y horizontal<\/strong> limpia la superficie de la varilla eliminando la cal que supone la capa de \u00f3xido superficial mediante la flexi\u00f3n alterna del alambr\u00f3n durante su paso por diferentes rodillos colocados en distintos planos.\n\nSe componen de una base y soporte r\u00edgidos, fabricados en acero sobre los que se instalan varios rodillos con un inserto de carburo de tungsteno anti-desgaste de larga duraci\u00f3n. Est\u00e1n totalmente cerradas, y la cal puede recogerse a trav\u00e9s de un recipiente presente en la parte inferior del desincrustador.\n\nEl tipo vertical se utiliza para alambr\u00f3n de hasta 8 mm de di\u00e1metro y la posici\u00f3n de todos los rodillos es fija.\n\nEl modelo horizontal permite la entrada de alambr\u00f3n hasta un di\u00e1metro de 20 mm y el grado de descalcificaci\u00f3n, viene dado por la capacidad de dos (2) rodillos ajustables para penetrar en el alambre. La posici\u00f3n de los rodillos ajustables puede regularse directamente desde el p\u00falpito de control del operador gracias al uso de un gato mec\u00e1nico motorizado (un sensor el\u00e9ctrico permite registrar y recuperar por receta la posici\u00f3n de los rodillos, ajust\u00e1ndolos autom\u00e1ticamente).\n\nEstos dos dispositivos est\u00e1n indicados para eliminar la fuerte calamina antes de la operaci\u00f3n de laminaci\u00f3n en fr\u00edo, trefilado o estirado o para trabajar en combinaci\u00f3n con sucesivos <a href=\"https:\/\/www.promostar.it\/prodotto\/cleaning-wire-systems\/\"><u>sistemas de limpieza de alambre<\/u><\/a> y as\u00ed alcanzar un grado de limpieza m\u00e1s profundo.","_et_gb_content_width":""},"product_cat":[179],"product_tag":[98,107,110,119,121,126,133],"yoast_head":"<!-- This site is optimized with the Yoast SEO plugin v20.5 - https:\/\/yoast.com\/wordpress\/plugins\/seo\/ -->\n<title>Desincrustadores | Promostar<\/title>\n<meta name=\"description\" content=\"Los Desincrustadores se utilizan en m\u00e1quinas de trefilado, laminaci\u00f3n en fr\u00edo y estirado para eliminar la calamina formada durante el proceso de laminaci\u00f3n en caliente y el \u00f3xido\" \/>\n<meta name=\"robots\" content=\"index, follow, max-snippet:-1, max-image-preview:large, max-video-preview:-1\" \/>\n<link rel=\"canonical\" href=\"https:\/\/www.promostar.it\/es\/prodotto\/desincrustadores\/\" \/>\n<meta property=\"og:locale\" content=\"es_ES\" \/>\n<meta property=\"og:type\" content=\"article\" \/>\n<meta property=\"og:title\" content=\"Desincrustadores | Promostar\" \/>\n<meta property=\"og:description\" content=\"Los Desincrustadores se utilizan en m\u00e1quinas de trefilado, laminaci\u00f3n en fr\u00edo y estirado para eliminar la calamina formada durante el proceso de laminaci\u00f3n en caliente y el \u00f3xido\" \/>\n<meta property=\"og:url\" content=\"https:\/\/www.promostar.it\/es\/prodotto\/desincrustadores\/\" \/>\n<meta property=\"og:site_name\" content=\"PromoStar S.r.l.\" \/>\n<meta property=\"article:modified_time\" content=\"2023-04-27T13:41:41+00:00\" \/>\n<meta property=\"og:image\" content=\"https:\/\/www.promostar.it\/wp-content\/uploads\/2022\/04\/Descalers-5-transparent.jpg\" \/>\n\t<meta property=\"og:image:width\" content=\"1200\" \/>\n\t<meta property=\"og:image:height\" content=\"1200\" \/>\n\t<meta property=\"og:image:type\" content=\"image\/jpeg\" \/>\n<meta name=\"twitter:card\" content=\"summary_large_image\" \/>\n<script type=\"application\/ld+json\" class=\"yoast-schema-graph\">{\"@context\":\"https:\/\/schema.org\",\"@graph\":[{\"@type\":\"WebPage\",\"@id\":\"https:\/\/www.promostar.it\/es\/prodotto\/desincrustadores\/\",\"url\":\"https:\/\/www.promostar.it\/es\/prodotto\/desincrustadores\/\",\"name\":\"Desincrustadores | Promostar\",\"isPartOf\":{\"@id\":\"https:\/\/www.promostar.it\/es\/#website\"},\"datePublished\":\"2022-04-05T07:34:29+00:00\",\"dateModified\":\"2023-04-27T13:41:41+00:00\",\"description\":\"Los Desincrustadores se utilizan en m\u00e1quinas de trefilado, laminaci\u00f3n en fr\u00edo y estirado para eliminar la calamina formada durante el proceso de laminaci\u00f3n en caliente y el \u00f3xido\",\"breadcrumb\":{\"@id\":\"https:\/\/www.promostar.it\/es\/prodotto\/desincrustadores\/#breadcrumb\"},\"inLanguage\":\"es\",\"potentialAction\":[{\"@type\":\"ReadAction\",\"target\":[\"https:\/\/www.promostar.it\/es\/prodotto\/desincrustadores\/\"]}]},{\"@type\":\"BreadcrumbList\",\"@id\":\"https:\/\/www.promostar.it\/es\/prodotto\/desincrustadores\/#breadcrumb\",\"itemListElement\":[{\"@type\":\"ListItem\",\"position\":1,\"name\":\"Home\",\"item\":\"https:\/\/www.promostar.it\/es\/\"},{\"@type\":\"ListItem\",\"position\":2,\"name\":\"Productos\",\"item\":\"https:\/\/www.promostar.it\/es\/shop\/\"},{\"@type\":\"ListItem\",\"position\":3,\"name\":\"Desincrustadores\"}]},{\"@type\":\"WebSite\",\"@id\":\"https:\/\/www.promostar.it\/es\/#website\",\"url\":\"https:\/\/www.promostar.it\/es\/\",\"name\":\"PromoStar S.r.l.\",\"description\":\"Promostar \u00e8 l\u2019azienda leader e la prima ad introdurre il processo di stiratura\",\"publisher\":{\"@id\":\"https:\/\/www.promostar.it\/es\/#organization\"},\"potentialAction\":[{\"@type\":\"SearchAction\",\"target\":{\"@type\":\"EntryPoint\",\"urlTemplate\":\"https:\/\/www.promostar.it\/es\/?s={search_term_string}\"},\"query-input\":\"required name=search_term_string\"}],\"inLanguage\":\"es\"},{\"@type\":\"Organization\",\"@id\":\"https:\/\/www.promostar.it\/es\/#organization\",\"name\":\"Promostar\",\"url\":\"https:\/\/www.promostar.it\/es\/\",\"logo\":{\"@type\":\"ImageObject\",\"inLanguage\":\"es\",\"@id\":\"https:\/\/www.promostar.it\/es\/#\/schema\/logo\/image\/\",\"url\":\"https:\/\/www.promostar.it\/wp-content\/uploads\/2020\/10\/promostar-logo.png\",\"contentUrl\":\"https:\/\/www.promostar.it\/wp-content\/uploads\/2020\/10\/promostar-logo.png\",\"width\":210,\"height\":69,\"caption\":\"Promostar\"},\"image\":{\"@id\":\"https:\/\/www.promostar.it\/es\/#\/schema\/logo\/image\/\"}}]}<\/script>\n<!-- \/ Yoast SEO plugin. -->","yoast_head_json":{"title":"Desincrustadores | Promostar","description":"Los Desincrustadores se utilizan en m\u00e1quinas de trefilado, laminaci\u00f3n en fr\u00edo y estirado para eliminar la calamina formada durante el proceso de laminaci\u00f3n en caliente y el \u00f3xido","robots":{"index":"index","follow":"follow","max-snippet":"max-snippet:-1","max-image-preview":"max-image-preview:large","max-video-preview":"max-video-preview:-1"},"canonical":"https:\/\/www.promostar.it\/es\/prodotto\/desincrustadores\/","og_locale":"es_ES","og_type":"article","og_title":"Desincrustadores | Promostar","og_description":"Los Desincrustadores se utilizan en m\u00e1quinas de trefilado, laminaci\u00f3n en fr\u00edo y estirado para eliminar la calamina formada durante el proceso de laminaci\u00f3n en caliente y el \u00f3xido","og_url":"https:\/\/www.promostar.it\/es\/prodotto\/desincrustadores\/","og_site_name":"PromoStar S.r.l.","article_modified_time":"2023-04-27T13:41:41+00:00","og_image":[{"width":1200,"height":1200,"url":"https:\/\/www.promostar.it\/wp-content\/uploads\/2022\/04\/Descalers-5-transparent.jpg","type":"image\/jpeg"}],"twitter_card":"summary_large_image","schema":{"@context":"https:\/\/schema.org","@graph":[{"@type":"WebPage","@id":"https:\/\/www.promostar.it\/es\/prodotto\/desincrustadores\/","url":"https:\/\/www.promostar.it\/es\/prodotto\/desincrustadores\/","name":"Desincrustadores | Promostar","isPartOf":{"@id":"https:\/\/www.promostar.it\/es\/#website"},"datePublished":"2022-04-05T07:34:29+00:00","dateModified":"2023-04-27T13:41:41+00:00","description":"Los Desincrustadores se utilizan en m\u00e1quinas de trefilado, laminaci\u00f3n en fr\u00edo y estirado para eliminar la calamina formada durante el proceso de laminaci\u00f3n en caliente y el \u00f3xido","breadcrumb":{"@id":"https:\/\/www.promostar.it\/es\/prodotto\/desincrustadores\/#breadcrumb"},"inLanguage":"es","potentialAction":[{"@type":"ReadAction","target":["https:\/\/www.promostar.it\/es\/prodotto\/desincrustadores\/"]}]},{"@type":"BreadcrumbList","@id":"https:\/\/www.promostar.it\/es\/prodotto\/desincrustadores\/#breadcrumb","itemListElement":[{"@type":"ListItem","position":1,"name":"Home","item":"https:\/\/www.promostar.it\/es\/"},{"@type":"ListItem","position":2,"name":"Productos","item":"https:\/\/www.promostar.it\/es\/shop\/"},{"@type":"ListItem","position":3,"name":"Desincrustadores"}]},{"@type":"WebSite","@id":"https:\/\/www.promostar.it\/es\/#website","url":"https:\/\/www.promostar.it\/es\/","name":"PromoStar S.r.l.","description":"Promostar \u00e8 l\u2019azienda leader e la prima ad introdurre il processo di stiratura","publisher":{"@id":"https:\/\/www.promostar.it\/es\/#organization"},"potentialAction":[{"@type":"SearchAction","target":{"@type":"EntryPoint","urlTemplate":"https:\/\/www.promostar.it\/es\/?s={search_term_string}"},"query-input":"required name=search_term_string"}],"inLanguage":"es"},{"@type":"Organization","@id":"https:\/\/www.promostar.it\/es\/#organization","name":"Promostar","url":"https:\/\/www.promostar.it\/es\/","logo":{"@type":"ImageObject","inLanguage":"es","@id":"https:\/\/www.promostar.it\/es\/#\/schema\/logo\/image\/","url":"https:\/\/www.promostar.it\/wp-content\/uploads\/2020\/10\/promostar-logo.png","contentUrl":"https:\/\/www.promostar.it\/wp-content\/uploads\/2020\/10\/promostar-logo.png","width":210,"height":69,"caption":"Promostar"},"image":{"@id":"https:\/\/www.promostar.it\/es\/#\/schema\/logo\/image\/"}}]}},"_links":{"self":[{"href":"https:\/\/www.promostar.it\/es\/wp-json\/wp\/v3\/product\/5720"}],"collection":[{"href":"https:\/\/www.promostar.it\/es\/wp-json\/wp\/v3\/product"}],"about":[{"href":"https:\/\/www.promostar.it\/es\/wp-json\/wp\/v2\/types\/product"}],"wp:featuredmedia":[{"embeddable":true,"href":"https:\/\/www.promostar.it\/es\/wp-json\/wp\/v2\/media\/4151"}],"wp:attachment":[{"href":"https:\/\/www.promostar.it\/es\/wp-json\/wp\/v2\/media?parent=5720"}],"wp:term":[{"taxonomy":"product_cat","embeddable":true,"href":"https:\/\/www.promostar.it\/es\/wp-json\/wp\/v2\/product_cat?post=5720"},{"taxonomy":"product_tag","embeddable":true,"href":"https:\/\/www.promostar.it\/es\/wp-json\/wp\/v2\/product_tag?post=5720"}],"curies":[{"name":"wp","href":"https:\/\/api.w.org\/{rel}","templated":true}]}}